{"id":515,"date":"2023-05-30T17:57:55","date_gmt":"2023-05-30T21:57:55","guid":{"rendered":"https:\/\/www.manaus.am.gov.br\/semulsp\/?page_id=515"},"modified":"2023-05-31T15:29:44","modified_gmt":"2023-05-31T19:29:44","slug":"lista-cemiterios-publicos","status":"publish","type":"page","link":"https:\/\/www.manaus.am.gov.br\/semulsp\/lista-cemiterios-publicos\/","title":{"rendered":"Cemit\u00e9rios P\u00fablicos"},"content":{"rendered":"\n<p>A Secretaria de Limpeza \u00e9 respons\u00e1vel pela manuten\u00e7\u00e3o e organiza\u00e7\u00e3o dos 10 cemit\u00e9rios p\u00fablicos existentes em Manaus, sendo seis na \u00e1rea urbana da cidade e quatro na zona rural.<\/p>\n\n\n\n<figure class=\"wp-block-image size-full\"><img loading=\"lazy\" decoding=\"async\" width=\"904\" height=\"759\" src=\"https:\/\/www.manaus.am.gov.br\/semulsp\/wp-content\/uploads\/sites\/23\/2023\/05\/cemiterios-de-manaus.png\" alt=\"\" class=\"wp-image-579\" srcset=\"https:\/\/www.manaus.am.gov.br\/semulsp\/wp-content\/uploads\/sites\/23\/2023\/05\/cemiterios-de-manaus.png 904w, https:\/\/www.manaus.am.gov.br\/semulsp\/wp-content\/uploads\/sites\/23\/2023\/05\/cemiterios-de-manaus-300x252.png 300w, https:\/\/www.manaus.am.gov.br\/semulsp\/wp-content\/uploads\/sites\/23\/2023\/05\/cemiterios-de-manaus-768x645.png 768w\" sizes=\"(max-width: 904px) 100vw, 904px\" \/><figcaption class=\"wp-element-caption\">Tabela: Informa\u00e7\u00f5es sobre os cemit\u00e9rios urbanos e rurais de Manaus. Fonte: SEMULSP<\/figcaption><\/figure>\n\n\n\n<div style=\"height:20px\" aria-hidden=\"true\" class=\"wp-block-spacer\"><\/div>\n\n\n\n<h2 class=\"wp-block-heading\">CEMIT\u00c9RIOS (\u00c1REA URBANA)<\/h2>\n\n\n\n<h3 class=\"wp-block-heading\">CEMIT\u00c9RIO NOSSA SENHORA APARECIDA<\/h3>\n\n\n\n<p>Fundado em 1976, o cemit\u00e9rio fica na Zona Oeste do Munic\u00edpio de Manaus, na Avenida do Turismo, N\u00ba 107, KM-12 \u2013 Tarum\u00e3.<\/p>\n\n\n\n<p>Possui 90 quadras, com \u00e1rea total de 105,43 hectares.<\/p>\n\n\n\n<p>\u00c9 o \u00fanico em atividade para novos sepultamentos, j\u00e1 que os demais cemit\u00e9rios est\u00e3o ocupados em sua totalidade e atendem somente sepultamentos em jazigos familiares.<\/p>\n\n\n\n<h3 class=\"wp-block-heading\">CEMIT\u00c9RIO S\u00c3O JO\u00c3O BATISTA<\/h3>\n\n\n\n<p>Fundado em 1890, o cemit\u00e9rio est\u00e1 localizado na Pra\u00e7a Chile, esquina com a Av. Boulevard \u00c1lvaro Maia, bairro Nossa Senhora das Gra\u00e7as.<\/p>\n\n\n\n<p>Possui 24 quadras, com \u00e1rea total de 10,11 hectares.<\/p>\n\n\n\n<p>Foi tombado como Patrim\u00f4nio Hist\u00f3rico do Estado do Amazonas pelas suas edifica\u00e7\u00f5es hist\u00f3ricas como a capela g\u00f3tica e p\u00f3rticos, al\u00e9m das sepulturas de valor religioso, hist\u00f3rico, cultural e arquitet\u00f4nico, como os in\u00fameros modelos que apresentam t\u00e9cnicas variadas de constru\u00e7\u00e3o, alguns com materiais valiosos antigos como cer\u00e2mica inglesa, esculturas art\u00edsticas, pintura marmorizada.<\/p>\n\n\n\n<p>O gradil antigo do cemit\u00e9rio, por exemplo, foi confeccionado com rebites de ferro para unir as pe\u00e7as e an\u00e9is decorativos de chumbo para refor\u00e7ar essas estruturas, j\u00e1 que n\u00e3o existia a solda el\u00e9trica \u00e0 \u00e9poca. Possui um amplo arquivo de sepultamentos realizados desde 1882.<\/p>\n\n\n\n<h3 class=\"wp-block-heading\">CEMIT\u00c9RIO S\u00c3O&nbsp; FRANCISCO<\/h3>\n\n\n\n<p>O Cemit\u00e9rio S\u00e3o Francisco teve sua funda\u00e7\u00e3o no ano de 1937 e est\u00e1 localizado na Rua Coronel Pedro de Souza S\/N, no Morro da Liberdade. Possui cinco quadras e \u00e1rea de 3,69 hectares.<\/p>\n\n\n\n<p>O Cemit\u00e9rio atende uma pequena parcela dos sepultamentos ocorridos no Munic\u00edpio de Manaus, em sepulturas perp\u00e9tuas j\u00e1 adquiridas mediante concess\u00e3o de uso.<\/p>\n\n\n\n<h3 class=\"wp-block-heading\">CEMIT\u00c9RIO SANTA HELENA<\/h3>\n\n\n\n<p>Inaugurado em 1930, o Cemit\u00e9rio Santa Helena fica na Rua Cora\u00e7\u00e3o de Jesus, no S\u00e3o Raimundo. Possui seis quadras e \u00e1rea de 2,7 hectares.<\/p>\n\n\n\n<p>Apenas uma pequena parcela dos sepultamentos \u00e9 realizada no cemit\u00e9rio, aproximadamente 26 sepultamentos mensais, sendo o quarto maior cemit\u00e9rio em extens\u00e3o e quantidade de inuma\u00e7\u00f5es.<\/p>\n\n\n\n<p>O espa\u00e7o conta com capela, administra\u00e7\u00e3o, alojamento de servidores e banheiros.<\/p>\n\n\n\n<h3 class=\"wp-block-heading\">CEMIT\u00c9RIO SANTO ALBERTO<\/h3>\n\n\n\n<p>Localizado no bairro Col\u00f4nia Ant\u00f4nio Aleixo, iniciou sua atividade no ano de 1918. Possui cinco quadras em \u00e1rea de 1,89 hectares.<\/p>\n\n\n\n<p>Sua estrutura compreende um pr\u00e9dio administrativo com dois banheiros, cozinha, almoxarifado, capela para vel\u00f3rio.<\/p>\n\n\n\n<h3 class=\"wp-block-heading\">CEMIT\u00c9RIO NOSSA SENHORA DA PIEDADE<\/h3>\n\n\n\n<p>Fundado no ano de 1901, ficou conhecido inicialmente como \u201cCemit\u00e9rio do Cariri\u201d, localizado na Avenida Torquato Tapaj\u00f3s \u2013 KM 05, Rodovia \u2013 AM 010, no Bairro Tarum\u00e3, possui uma capela com uma imagem identificada como de Nossa Senhora da Piedade, motivo pelo qual o cemit\u00e9rio foi batizado.<\/p>\n\n\n\n<p>A \u00e1rea total estima-se em 0,69 hectares, com uma quadra e m\u00e9dia de um sepultamento di\u00e1rio, geralmente atendendo as comunidades adjacentes.<\/p>\n\n\n\n<p>\u00c9 considerado o menor cemit\u00e9rio em \u00e1rea e em quantidade de sepultamentos localizado na \u00e1rea urbana da cidade.<\/p>\n\n\n\n<p> <\/p>\n\n\n\n<h2 class=\"wp-block-heading\">CEMIT\u00c9RIOS (ZONA RURAL)<\/h2>\n\n\n\n<h3 class=\"wp-block-heading\">CEMIT\u00c9RIO NOSSA SENHORA&nbsp; DO CARMO<\/h3>\n\n\n\n<p>Fundado no ano de 1903, o cemit\u00e9rio est\u00e1 localizado \u00e0s margens do rio Amazonas, costa do rio Paran\u00e1 da Eva, possui&nbsp; uma&nbsp; \u00e1rea total estimada&nbsp; em 1,02 hectares, com total de duas quadras.<\/p>\n\n\n\n<h3 class=\"wp-block-heading\">CEMIT\u00c9RIO NOSSA SENHORA DA CONCEI\u00c7\u00c3O DAS LAGES<\/h3>\n\n\n\n<p>Fundado no ano de 1906, o cemit\u00e9rio est\u00e1 localizado \u00e0s margens do rio Negro, possui uma \u00e1rea total estimada em 2,18 hectares e conta apenas com uma quadra.<\/p>\n\n\n\n<h3 class=\"wp-block-heading\">CEMIT\u00c9RIO SANTA JOANA DO PURAQUEQUARA<\/h3>\n\n\n\n<p>Fundado no ano de 1870, o cemit\u00e9rio est\u00e1 localizado \u00e0s margens do lago do Puraquequara, possui uma \u00e1rea total estimada em 0,49 hectares, com uma quadra, dentro de uma \u00e1rea militar.<\/p>\n\n\n\n<h3 class=\"wp-block-heading\">CEMIT\u00c9RIO S\u00c3O JOS\u00c9 DO JATUARANA<\/h3>\n\n\n\n<p>Fundado no ano de 1880, o cemit\u00e9rio est\u00e1 localizado \u00e0s margens do rio Amazonas, na costa do rio Jatuarana, possui uma \u00e1rea total estimada em 0,22 hectares, com uma quadra.<\/p>\n","protected":false},"excerpt":{"rendered":"","protected":false},"author":27,"featured_media":0,"parent":0,"menu_order":0,"comment_status":"closed","ping_status":"closed","template":"templates\/prefeitura.php","meta":{"footnotes":""},"acf":[],"yoast_head":"<!-- This site is optimized with the Yoast SEO plugin v23.0 - https:\/\/yoast.com\/wordpress\/plugins\/seo\/ -->\n<title>Cemit\u00e9rios P\u00fablicos - SEMULSP<\/title>\n<meta name=\"robots\" content=\"noindex, follow\" \/>\n<meta property=\"og:locale\" content=\"pt_BR\" \/>\n<meta property=\"og:type\" content=\"article\" \/>\n<meta property=\"og:title\" content=\"Cemit\u00e9rios P\u00fablicos - SEMULSP\" \/>\n<meta property=\"og:url\" content=\"https:\/\/www.manaus.am.gov.br\/semulsp\/lista-cemiterios-publicos\/\" \/>\n<meta property=\"og:site_name\" content=\"SEMULSP\" \/>\n<meta property=\"article:publisher\" content=\"https:\/\/www.facebook.com\/semulspmanaus\" \/>\n<meta property=\"article:modified_time\" content=\"2023-05-31T19:29:44+00:00\" \/>\n<meta property=\"og:image\" content=\"https:\/\/www.manaus.am.gov.br\/semulsp\/wp-content\/uploads\/sites\/23\/2023\/05\/cemiterios-de-manaus.png\" \/>\n<meta name=\"twitter:card\" content=\"summary_large_image\" \/>\n<meta name=\"twitter:label1\" content=\"Est. reading time\" \/>\n\t<meta name=\"twitter:data1\" content=\"4 minutos\" \/>\n<script type=\"application\/ld+json\" class=\"yoast-schema-graph\">{\"@context\":\"https:\/\/schema.org\",\"@graph\":[{\"@type\":\"WebPage\",\"@id\":\"https:\/\/www.manaus.am.gov.br\/semulsp\/lista-cemiterios-publicos\/\",\"url\":\"https:\/\/www.manaus.am.gov.br\/semulsp\/lista-cemiterios-publicos\/\",\"name\":\"Cemit\u00e9rios P\u00fablicos - SEMULSP\",\"isPartOf\":{\"@id\":\"https:\/\/www.manaus.am.gov.br\/semulsp\/#website\"},\"primaryImageOfPage\":{\"@id\":\"https:\/\/www.manaus.am.gov.br\/semulsp\/lista-cemiterios-publicos\/#primaryimage\"},\"image\":{\"@id\":\"https:\/\/www.manaus.am.gov.br\/semulsp\/lista-cemiterios-publicos\/#primaryimage\"},\"thumbnailUrl\":\"https:\/\/www.manaus.am.gov.br\/semulsp\/wp-content\/uploads\/sites\/23\/2023\/05\/cemiterios-de-manaus.png\",\"datePublished\":\"2023-05-30T21:57:55+00:00\",\"dateModified\":\"2023-05-31T19:29:44+00:00\",\"breadcrumb\":{\"@id\":\"https:\/\/www.manaus.am.gov.br\/semulsp\/lista-cemiterios-publicos\/#breadcrumb\"},\"inLanguage\":\"pt-BR\",\"potentialAction\":[{\"@type\":\"ReadAction\",\"target\":[\"https:\/\/www.manaus.am.gov.br\/semulsp\/lista-cemiterios-publicos\/\"]}]},{\"@type\":\"ImageObject\",\"inLanguage\":\"pt-BR\",\"@id\":\"https:\/\/www.manaus.am.gov.br\/semulsp\/lista-cemiterios-publicos\/#primaryimage\",\"url\":\"https:\/\/www.manaus.am.gov.br\/semulsp\/wp-content\/uploads\/sites\/23\/2023\/05\/cemiterios-de-manaus.png\",\"contentUrl\":\"https:\/\/www.manaus.am.gov.br\/semulsp\/wp-content\/uploads\/sites\/23\/2023\/05\/cemiterios-de-manaus.png\",\"width\":904,\"height\":759},{\"@type\":\"BreadcrumbList\",\"@id\":\"https:\/\/www.manaus.am.gov.br\/semulsp\/lista-cemiterios-publicos\/#breadcrumb\",\"itemListElement\":[{\"@type\":\"ListItem\",\"position\":1,\"name\":\"Home\",\"item\":\"https:\/\/www.manaus.am.gov.br\/semulsp\/\"},{\"@type\":\"ListItem\",\"position\":2,\"name\":\"Cemit\u00e9rios P\u00fablicos\"}]},{\"@type\":\"WebSite\",\"@id\":\"https:\/\/www.manaus.am.gov.br\/semulsp\/#website\",\"url\":\"https:\/\/www.manaus.am.gov.br\/semulsp\/\",\"name\":\"SEMULSP\",\"description\":\"Prefeitura de Manaus\",\"publisher\":{\"@id\":\"https:\/\/www.manaus.am.gov.br\/semulsp\/#organization\"},\"alternateName\":\"Secretaria Municipal de Limpeza P\u00fablica\",\"potentialAction\":[{\"@type\":\"SearchAction\",\"target\":{\"@type\":\"EntryPoint\",\"urlTemplate\":\"https:\/\/www.manaus.am.gov.br\/semulsp\/?s={search_term_string}\"},\"query-input\":\"required name=search_term_string\"}],\"inLanguage\":\"pt-BR\"},{\"@type\":\"Organization\",\"@id\":\"https:\/\/www.manaus.am.gov.br\/semulsp\/#organization\",\"name\":\"SEMULSP\",\"alternateName\":\"Secretaria Municipal de Limpeza P\u00fablica\",\"url\":\"https:\/\/www.manaus.am.gov.br\/semulsp\/\",\"logo\":{\"@type\":\"ImageObject\",\"inLanguage\":\"pt-BR\",\"@id\":\"https:\/\/www.manaus.am.gov.br\/semulsp\/#\/schema\/logo\/image\/\",\"url\":\"https:\/\/www.manaus.am.gov.br\/semulsp\/wp-content\/uploads\/sites\/23\/2023\/05\/cropped-favicon.png\",\"contentUrl\":\"https:\/\/www.manaus.am.gov.br\/semulsp\/wp-content\/uploads\/sites\/23\/2023\/05\/cropped-favicon.png\",\"width\":512,\"height\":512,\"caption\":\"SEMULSP\"},\"image\":{\"@id\":\"https:\/\/www.manaus.am.gov.br\/semulsp\/#\/schema\/logo\/image\/\"},\"sameAs\":[\"https:\/\/www.facebook.com\/semulspmanaus\",\"https:\/\/www.instagram.com\/semulspmanaus\/\"]}]}<\/script>\n<!-- \/ Yoast SEO plugin. -->","yoast_head_json":{"title":"Cemit\u00e9rios P\u00fablicos - SEMULSP","robots":{"index":"noindex","follow":"follow"},"og_locale":"pt_BR","og_type":"article","og_title":"Cemit\u00e9rios P\u00fablicos - SEMULSP","og_url":"https:\/\/www.manaus.am.gov.br\/semulsp\/lista-cemiterios-publicos\/","og_site_name":"SEMULSP","article_publisher":"https:\/\/www.facebook.com\/semulspmanaus","article_modified_time":"2023-05-31T19:29:44+00:00","og_image":[{"url":"https:\/\/www.manaus.am.gov.br\/semulsp\/wp-content\/uploads\/sites\/23\/2023\/05\/cemiterios-de-manaus.png"}],"twitter_card":"summary_large_image","twitter_misc":{"Est. reading time":"4 minutos"},"schema":{"@context":"https:\/\/schema.org","@graph":[{"@type":"WebPage","@id":"https:\/\/www.manaus.am.gov.br\/semulsp\/lista-cemiterios-publicos\/","url":"https:\/\/www.manaus.am.gov.br\/semulsp\/lista-cemiterios-publicos\/","name":"Cemit\u00e9rios P\u00fablicos - SEMULSP","isPartOf":{"@id":"https:\/\/www.manaus.am.gov.br\/semulsp\/#website"},"primaryImageOfPage":{"@id":"https:\/\/www.manaus.am.gov.br\/semulsp\/lista-cemiterios-publicos\/#primaryimage"},"image":{"@id":"https:\/\/www.manaus.am.gov.br\/semulsp\/lista-cemiterios-publicos\/#primaryimage"},"thumbnailUrl":"https:\/\/www.manaus.am.gov.br\/semulsp\/wp-content\/uploads\/sites\/23\/2023\/05\/cemiterios-de-manaus.png","datePublished":"2023-05-30T21:57:55+00:00","dateModified":"2023-05-31T19:29:44+00:00","breadcrumb":{"@id":"https:\/\/www.manaus.am.gov.br\/semulsp\/lista-cemiterios-publicos\/#breadcrumb"},"inLanguage":"pt-BR","potentialAction":[{"@type":"ReadAction","target":["https:\/\/www.manaus.am.gov.br\/semulsp\/lista-cemiterios-publicos\/"]}]},{"@type":"ImageObject","inLanguage":"pt-BR","@id":"https:\/\/www.manaus.am.gov.br\/semulsp\/lista-cemiterios-publicos\/#primaryimage","url":"https:\/\/www.manaus.am.gov.br\/semulsp\/wp-content\/uploads\/sites\/23\/2023\/05\/cemiterios-de-manaus.png","contentUrl":"https:\/\/www.manaus.am.gov.br\/semulsp\/wp-content\/uploads\/sites\/23\/2023\/05\/cemiterios-de-manaus.png","width":904,"height":759},{"@type":"BreadcrumbList","@id":"https:\/\/www.manaus.am.gov.br\/semulsp\/lista-cemiterios-publicos\/#breadcrumb","itemListElement":[{"@type":"ListItem","position":1,"name":"Home","item":"https:\/\/www.manaus.am.gov.br\/semulsp\/"},{"@type":"ListItem","position":2,"name":"Cemit\u00e9rios P\u00fablicos"}]},{"@type":"WebSite","@id":"https:\/\/www.manaus.am.gov.br\/semulsp\/#website","url":"https:\/\/www.manaus.am.gov.br\/semulsp\/","name":"SEMULSP","description":"Prefeitura de Manaus","publisher":{"@id":"https:\/\/www.manaus.am.gov.br\/semulsp\/#organization"},"alternateName":"Secretaria Municipal de Limpeza P\u00fablica","potentialAction":[{"@type":"SearchAction","target":{"@type":"EntryPoint","urlTemplate":"https:\/\/www.manaus.am.gov.br\/semulsp\/?s={search_term_string}"},"query-input":"required name=search_term_string"}],"inLanguage":"pt-BR"},{"@type":"Organization","@id":"https:\/\/www.manaus.am.gov.br\/semulsp\/#organization","name":"SEMULSP","alternateName":"Secretaria Municipal de Limpeza P\u00fablica","url":"https:\/\/www.manaus.am.gov.br\/semulsp\/","logo":{"@type":"ImageObject","inLanguage":"pt-BR","@id":"https:\/\/www.manaus.am.gov.br\/semulsp\/#\/schema\/logo\/image\/","url":"https:\/\/www.manaus.am.gov.br\/semulsp\/wp-content\/uploads\/sites\/23\/2023\/05\/cropped-favicon.png","contentUrl":"https:\/\/www.manaus.am.gov.br\/semulsp\/wp-content\/uploads\/sites\/23\/2023\/05\/cropped-favicon.png","width":512,"height":512,"caption":"SEMULSP"},"image":{"@id":"https:\/\/www.manaus.am.gov.br\/semulsp\/#\/schema\/logo\/image\/"},"sameAs":["https:\/\/www.facebook.com\/semulspmanaus","https:\/\/www.instagram.com\/semulspmanaus\/"]}]}},"_links":{"self":[{"href":"https:\/\/www.manaus.am.gov.br\/semulsp\/wp-json\/wp\/v2\/pages\/515"}],"collection":[{"href":"https:\/\/www.manaus.am.gov.br\/semulsp\/wp-json\/wp\/v2\/pages"}],"about":[{"href":"https:\/\/www.manaus.am.gov.br\/semulsp\/wp-json\/wp\/v2\/types\/page"}],"author":[{"embeddable":true,"href":"https:\/\/www.manaus.am.gov.br\/semulsp\/wp-json\/wp\/v2\/users\/27"}],"replies":[{"embeddable":true,"href":"https:\/\/www.manaus.am.gov.br\/semulsp\/wp-json\/wp\/v2\/comments?post=515"}],"version-history":[{"count":2,"href":"https:\/\/www.manaus.am.gov.br\/semulsp\/wp-json\/wp\/v2\/pages\/515\/revisions"}],"predecessor-version":[{"id":581,"href":"https:\/\/www.manaus.am.gov.br\/semulsp\/wp-json\/wp\/v2\/pages\/515\/revisions\/581"}],"wp:attachment":[{"href":"https:\/\/www.manaus.am.gov.br\/semulsp\/wp-json\/wp\/v2\/media?parent=515"}],"curies":[{"name":"wp","href":"https:\/\/api.w.org\/{rel}","templated":true}]}}