{"id":275,"date":"2023-05-30T15:19:15","date_gmt":"2023-05-30T19:19:15","guid":{"rendered":"https:\/\/www.manaus.am.gov.br\/semulsp\/?page_id=275"},"modified":"2023-10-30T16:01:06","modified_gmt":"2023-10-30T20:01:06","slug":"o-aterro","status":"publish","type":"page","link":"https:\/\/www.manaus.am.gov.br\/semulsp\/aterro-sanitario\/o-aterro\/","title":{"rendered":"O Aterro"},"content":{"rendered":"\n<p>O Aterro de Res\u00edduos S\u00f3lidos de Manaus \u00e9 o \u00fanico complexo de destino final dos res\u00edduos s\u00f3lidos urbanos sob a gest\u00e3o da Prefeitura de Manaus. A \u00e1rea \u00e9 estimada em 66 hectares e est\u00e1 localizada no KM-19 da rodovia AM-010.<\/p>\n\n\n\n<p>O complexo possui licen\u00e7a ambiental de opera\u00e7\u00e3o fornecida pelo Instituto de Prote\u00e7\u00e3o Ambiental do Estado do Amazonas \u2013 IPAAM.<\/p>\n\n\n\n<p>Os res\u00edduos recebidos pelo complexo apresentam tr\u00eas tipos de destina\u00e7\u00e3o: I) aterramento, II) Reciclagem (encaminhamento para os galp\u00f5es de catadores)&nbsp; III) produ\u00e7\u00e3o de composto org\u00e2nico realizada pela Usina de Compostagem, localizada no Aterro.<\/p>\n\n\n\n<p><a href=\"https:\/\/www.manaus.am.gov.br\/semulsp\/wp-content\/uploads\/sites\/23\/2023\/10\/10.08.2023-Tabela-de-Prec\u0327o-USO-do-Aterro-2023.pdf\" target=\"_blank\" rel=\"noreferrer noopener\"><strong>C\u00c1LCULO DO PRE\u00c7O PELO USO DO ATERRO SANIT\u00c1RIO DE MANAUS EM 2023<\/strong><\/a><\/p>\n\n\n\n<p><\/p>\n\n\n\n<figure class=\"wp-block-image size-full\"><a href=\"https:\/\/www.manaus.am.gov.br\/semulsp\/wp-content\/uploads\/sites\/23\/2023\/05\/O-Aterro-Sanitario-manaus.jpg\"><img loading=\"lazy\" decoding=\"async\" width=\"799\" height=\"534\" src=\"https:\/\/www.manaus.am.gov.br\/semulsp\/wp-content\/uploads\/sites\/23\/2023\/05\/O-Aterro-Sanitario-manaus.jpg\" alt=\"O Aterro Sanitario manaus\" class=\"wp-image-442\" srcset=\"https:\/\/www.manaus.am.gov.br\/semulsp\/wp-content\/uploads\/sites\/23\/2023\/05\/O-Aterro-Sanitario-manaus.jpg 799w, https:\/\/www.manaus.am.gov.br\/semulsp\/wp-content\/uploads\/sites\/23\/2023\/05\/O-Aterro-Sanitario-manaus-300x201.jpg 300w, https:\/\/www.manaus.am.gov.br\/semulsp\/wp-content\/uploads\/sites\/23\/2023\/05\/O-Aterro-Sanitario-manaus-768x513.jpg 768w\" sizes=\"(max-width: 799px) 100vw, 799px\" \/><\/a><\/figure>\n\n\n\n<figure class=\"wp-block-image size-full\"><a href=\"https:\/\/www.manaus.am.gov.br\/semulsp\/wp-content\/uploads\/sites\/23\/2023\/05\/O-Aterro-Sanitario-manaus-2.jpg\"><img loading=\"lazy\" decoding=\"async\" width=\"799\" height=\"534\" src=\"https:\/\/www.manaus.am.gov.br\/semulsp\/wp-content\/uploads\/sites\/23\/2023\/05\/O-Aterro-Sanitario-manaus-2.jpg\" alt=\"\" class=\"wp-image-444\" srcset=\"https:\/\/www.manaus.am.gov.br\/semulsp\/wp-content\/uploads\/sites\/23\/2023\/05\/O-Aterro-Sanitario-manaus-2.jpg 799w, https:\/\/www.manaus.am.gov.br\/semulsp\/wp-content\/uploads\/sites\/23\/2023\/05\/O-Aterro-Sanitario-manaus-2-300x201.jpg 300w, https:\/\/www.manaus.am.gov.br\/semulsp\/wp-content\/uploads\/sites\/23\/2023\/05\/O-Aterro-Sanitario-manaus-2-768x513.jpg 768w\" sizes=\"(max-width: 799px) 100vw, 799px\" \/><\/a><\/figure>\n","protected":false},"excerpt":{"rendered":"","protected":false},"author":27,"featured_media":0,"parent":273,"menu_order":0,"comment_status":"closed","ping_status":"closed","template":"templates\/turismo.php","meta":{"footnotes":""},"acf":[],"yoast_head":"<!-- This site is optimized with the Yoast SEO plugin v23.0 - https:\/\/yoast.com\/wordpress\/plugins\/seo\/ -->\n<title>O Aterro - SEMULSP<\/title>\n<meta name=\"robots\" content=\"noindex, follow\" \/>\n<meta property=\"og:locale\" content=\"pt_BR\" \/>\n<meta property=\"og:type\" content=\"article\" \/>\n<meta property=\"og:title\" content=\"O Aterro - SEMULSP\" \/>\n<meta property=\"og:url\" content=\"https:\/\/www.manaus.am.gov.br\/semulsp\/aterro-sanitario\/o-aterro\/\" \/>\n<meta property=\"og:site_name\" content=\"SEMULSP\" \/>\n<meta property=\"article:publisher\" content=\"https:\/\/www.facebook.com\/semulspmanaus\" \/>\n<meta property=\"article:modified_time\" content=\"2023-10-30T20:01:06+00:00\" \/>\n<meta property=\"og:image\" content=\"https:\/\/www.manaus.am.gov.br\/semulsp\/wp-content\/uploads\/sites\/23\/2023\/05\/O-Aterro-Sanitario-manaus.jpg\" \/>\n<meta name=\"twitter:card\" content=\"summary_large_image\" \/>\n<script type=\"application\/ld+json\" class=\"yoast-schema-graph\">{\"@context\":\"https:\/\/schema.org\",\"@graph\":[{\"@type\":\"WebPage\",\"@id\":\"https:\/\/www.manaus.am.gov.br\/semulsp\/aterro-sanitario\/o-aterro\/\",\"url\":\"https:\/\/www.manaus.am.gov.br\/semulsp\/aterro-sanitario\/o-aterro\/\",\"name\":\"O Aterro - SEMULSP\",\"isPartOf\":{\"@id\":\"https:\/\/www.manaus.am.gov.br\/semulsp\/#website\"},\"primaryImageOfPage\":{\"@id\":\"https:\/\/www.manaus.am.gov.br\/semulsp\/aterro-sanitario\/o-aterro\/#primaryimage\"},\"image\":{\"@id\":\"https:\/\/www.manaus.am.gov.br\/semulsp\/aterro-sanitario\/o-aterro\/#primaryimage\"},\"thumbnailUrl\":\"https:\/\/www.manaus.am.gov.br\/semulsp\/wp-content\/uploads\/sites\/23\/2023\/05\/O-Aterro-Sanitario-manaus.jpg\",\"datePublished\":\"2023-05-30T19:19:15+00:00\",\"dateModified\":\"2023-10-30T20:01:06+00:00\",\"breadcrumb\":{\"@id\":\"https:\/\/www.manaus.am.gov.br\/semulsp\/aterro-sanitario\/o-aterro\/#breadcrumb\"},\"inLanguage\":\"pt-BR\",\"potentialAction\":[{\"@type\":\"ReadAction\",\"target\":[\"https:\/\/www.manaus.am.gov.br\/semulsp\/aterro-sanitario\/o-aterro\/\"]}]},{\"@type\":\"ImageObject\",\"inLanguage\":\"pt-BR\",\"@id\":\"https:\/\/www.manaus.am.gov.br\/semulsp\/aterro-sanitario\/o-aterro\/#primaryimage\",\"url\":\"https:\/\/www.manaus.am.gov.br\/semulsp\/wp-content\/uploads\/sites\/23\/2023\/05\/O-Aterro-Sanitario-manaus.jpg\",\"contentUrl\":\"https:\/\/www.manaus.am.gov.br\/semulsp\/wp-content\/uploads\/sites\/23\/2023\/05\/O-Aterro-Sanitario-manaus.jpg\"},{\"@type\":\"BreadcrumbList\",\"@id\":\"https:\/\/www.manaus.am.gov.br\/semulsp\/aterro-sanitario\/o-aterro\/#breadcrumb\",\"itemListElement\":[{\"@type\":\"ListItem\",\"position\":1,\"name\":\"Home\",\"item\":\"https:\/\/www.manaus.am.gov.br\/semulsp\/\"},{\"@type\":\"ListItem\",\"position\":2,\"name\":\"Aterro Sanit\u00e1rio\",\"item\":\"https:\/\/www.manaus.am.gov.br\/semulsp\/aterro-sanitario\/\"},{\"@type\":\"ListItem\",\"position\":3,\"name\":\"O Aterro\"}]},{\"@type\":\"WebSite\",\"@id\":\"https:\/\/www.manaus.am.gov.br\/semulsp\/#website\",\"url\":\"https:\/\/www.manaus.am.gov.br\/semulsp\/\",\"name\":\"SEMULSP\",\"description\":\"Prefeitura de Manaus\",\"publisher\":{\"@id\":\"https:\/\/www.manaus.am.gov.br\/semulsp\/#organization\"},\"alternateName\":\"Secretaria Municipal de Limpeza P\u00fablica\",\"potentialAction\":[{\"@type\":\"SearchAction\",\"target\":{\"@type\":\"EntryPoint\",\"urlTemplate\":\"https:\/\/www.manaus.am.gov.br\/semulsp\/?s={search_term_string}\"},\"query-input\":\"required name=search_term_string\"}],\"inLanguage\":\"pt-BR\"},{\"@type\":\"Organization\",\"@id\":\"https:\/\/www.manaus.am.gov.br\/semulsp\/#organization\",\"name\":\"SEMULSP\",\"alternateName\":\"Secretaria Municipal de Limpeza P\u00fablica\",\"url\":\"https:\/\/www.manaus.am.gov.br\/semulsp\/\",\"logo\":{\"@type\":\"ImageObject\",\"inLanguage\":\"pt-BR\",\"@id\":\"https:\/\/www.manaus.am.gov.br\/semulsp\/#\/schema\/logo\/image\/\",\"url\":\"https:\/\/www.manaus.am.gov.br\/semulsp\/wp-content\/uploads\/sites\/23\/2023\/05\/cropped-favicon.png\",\"contentUrl\":\"https:\/\/www.manaus.am.gov.br\/semulsp\/wp-content\/uploads\/sites\/23\/2023\/05\/cropped-favicon.png\",\"width\":512,\"height\":512,\"caption\":\"SEMULSP\"},\"image\":{\"@id\":\"https:\/\/www.manaus.am.gov.br\/semulsp\/#\/schema\/logo\/image\/\"},\"sameAs\":[\"https:\/\/www.facebook.com\/semulspmanaus\",\"https:\/\/www.instagram.com\/semulspmanaus\/\"]}]}<\/script>\n<!-- \/ Yoast SEO plugin. -->","yoast_head_json":{"title":"O Aterro - SEMULSP","robots":{"index":"noindex","follow":"follow"},"og_locale":"pt_BR","og_type":"article","og_title":"O Aterro - SEMULSP","og_url":"https:\/\/www.manaus.am.gov.br\/semulsp\/aterro-sanitario\/o-aterro\/","og_site_name":"SEMULSP","article_publisher":"https:\/\/www.facebook.com\/semulspmanaus","article_modified_time":"2023-10-30T20:01:06+00:00","og_image":[{"url":"https:\/\/www.manaus.am.gov.br\/semulsp\/wp-content\/uploads\/sites\/23\/2023\/05\/O-Aterro-Sanitario-manaus.jpg"}],"twitter_card":"summary_large_image","schema":{"@context":"https:\/\/schema.org","@graph":[{"@type":"WebPage","@id":"https:\/\/www.manaus.am.gov.br\/semulsp\/aterro-sanitario\/o-aterro\/","url":"https:\/\/www.manaus.am.gov.br\/semulsp\/aterro-sanitario\/o-aterro\/","name":"O Aterro - SEMULSP","isPartOf":{"@id":"https:\/\/www.manaus.am.gov.br\/semulsp\/#website"},"primaryImageOfPage":{"@id":"https:\/\/www.manaus.am.gov.br\/semulsp\/aterro-sanitario\/o-aterro\/#primaryimage"},"image":{"@id":"https:\/\/www.manaus.am.gov.br\/semulsp\/aterro-sanitario\/o-aterro\/#primaryimage"},"thumbnailUrl":"https:\/\/www.manaus.am.gov.br\/semulsp\/wp-content\/uploads\/sites\/23\/2023\/05\/O-Aterro-Sanitario-manaus.jpg","datePublished":"2023-05-30T19:19:15+00:00","dateModified":"2023-10-30T20:01:06+00:00","breadcrumb":{"@id":"https:\/\/www.manaus.am.gov.br\/semulsp\/aterro-sanitario\/o-aterro\/#breadcrumb"},"inLanguage":"pt-BR","potentialAction":[{"@type":"ReadAction","target":["https:\/\/www.manaus.am.gov.br\/semulsp\/aterro-sanitario\/o-aterro\/"]}]},{"@type":"ImageObject","inLanguage":"pt-BR","@id":"https:\/\/www.manaus.am.gov.br\/semulsp\/aterro-sanitario\/o-aterro\/#primaryimage","url":"https:\/\/www.manaus.am.gov.br\/semulsp\/wp-content\/uploads\/sites\/23\/2023\/05\/O-Aterro-Sanitario-manaus.jpg","contentUrl":"https:\/\/www.manaus.am.gov.br\/semulsp\/wp-content\/uploads\/sites\/23\/2023\/05\/O-Aterro-Sanitario-manaus.jpg"},{"@type":"BreadcrumbList","@id":"https:\/\/www.manaus.am.gov.br\/semulsp\/aterro-sanitario\/o-aterro\/#breadcrumb","itemListElement":[{"@type":"ListItem","position":1,"name":"Home","item":"https:\/\/www.manaus.am.gov.br\/semulsp\/"},{"@type":"ListItem","position":2,"name":"Aterro Sanit\u00e1rio","item":"https:\/\/www.manaus.am.gov.br\/semulsp\/aterro-sanitario\/"},{"@type":"ListItem","position":3,"name":"O Aterro"}]},{"@type":"WebSite","@id":"https:\/\/www.manaus.am.gov.br\/semulsp\/#website","url":"https:\/\/www.manaus.am.gov.br\/semulsp\/","name":"SEMULSP","description":"Prefeitura de Manaus","publisher":{"@id":"https:\/\/www.manaus.am.gov.br\/semulsp\/#organization"},"alternateName":"Secretaria Municipal de Limpeza P\u00fablica","potentialAction":[{"@type":"SearchAction","target":{"@type":"EntryPoint","urlTemplate":"https:\/\/www.manaus.am.gov.br\/semulsp\/?s={search_term_string}"},"query-input":"required name=search_term_string"}],"inLanguage":"pt-BR"},{"@type":"Organization","@id":"https:\/\/www.manaus.am.gov.br\/semulsp\/#organization","name":"SEMULSP","alternateName":"Secretaria Municipal de Limpeza P\u00fablica","url":"https:\/\/www.manaus.am.gov.br\/semulsp\/","logo":{"@type":"ImageObject","inLanguage":"pt-BR","@id":"https:\/\/www.manaus.am.gov.br\/semulsp\/#\/schema\/logo\/image\/","url":"https:\/\/www.manaus.am.gov.br\/semulsp\/wp-content\/uploads\/sites\/23\/2023\/05\/cropped-favicon.png","contentUrl":"https:\/\/www.manaus.am.gov.br\/semulsp\/wp-content\/uploads\/sites\/23\/2023\/05\/cropped-favicon.png","width":512,"height":512,"caption":"SEMULSP"},"image":{"@id":"https:\/\/www.manaus.am.gov.br\/semulsp\/#\/schema\/logo\/image\/"},"sameAs":["https:\/\/www.facebook.com\/semulspmanaus","https:\/\/www.instagram.com\/semulspmanaus\/"]}]}},"_links":{"self":[{"href":"https:\/\/www.manaus.am.gov.br\/semulsp\/wp-json\/wp\/v2\/pages\/275"}],"collection":[{"href":"https:\/\/www.manaus.am.gov.br\/semulsp\/wp-json\/wp\/v2\/pages"}],"about":[{"href":"https:\/\/www.manaus.am.gov.br\/semulsp\/wp-json\/wp\/v2\/types\/page"}],"author":[{"embeddable":true,"href":"https:\/\/www.manaus.am.gov.br\/semulsp\/wp-json\/wp\/v2\/users\/27"}],"replies":[{"embeddable":true,"href":"https:\/\/www.manaus.am.gov.br\/semulsp\/wp-json\/wp\/v2\/comments?post=275"}],"version-history":[{"count":6,"href":"https:\/\/www.manaus.am.gov.br\/semulsp\/wp-json\/wp\/v2\/pages\/275\/revisions"}],"predecessor-version":[{"id":808,"href":"https:\/\/www.manaus.am.gov.br\/semulsp\/wp-json\/wp\/v2\/pages\/275\/revisions\/808"}],"up":[{"embeddable":true,"href":"https:\/\/www.manaus.am.gov.br\/semulsp\/wp-json\/wp\/v2\/pages\/273"}],"wp:attachment":[{"href":"https:\/\/www.manaus.am.gov.br\/semulsp\/wp-json\/wp\/v2\/media?parent=275"}],"curies":[{"name":"wp","href":"https:\/\/api.w.org\/{rel}","templated":true}]}}