{"id":2649,"date":"2025-11-21T13:08:52","date_gmt":"2025-11-21T17:08:52","guid":{"rendered":"https:\/\/www.manaus.am.gov.br\/semulsp\/?page_id=2649"},"modified":"2026-01-05T11:59:07","modified_gmt":"2026-01-05T15:59:07","slug":"controle-interno","status":"publish","type":"page","link":"https:\/\/www.manaus.am.gov.br\/semulsp\/controle-interno\/","title":{"rendered":"Controle Interno"},"content":{"rendered":"\n<p>O Departamento de Controle Interno, setor integrante da estrutura organizacional da SEMULSP, integra o Sistema de Controle Interno da Prefeitura de Manaus institu\u00eddo pela Lei n\u00ba 3.546\/2025, com as seguintes finalidades e compet\u00eancias institucionais:<\/p>\n\n\n\n<p>I \u2013 Monitorar e dar apoio \u00e0 implementa\u00e7\u00e3o de medidas corretivas identificadas em auditorias e a\u00e7\u00f5es de fiscaliza\u00e7\u00e3o, acompanhando a evolu\u00e7\u00e3o dos processos e resultados;<\/p>\n\n\n\n<p>II \u2013 Implementar, monitorar e manter pol\u00edticas de integridade e compliance dentro da Secretaria;<\/p>\n\n\n\n<p>III \u2013 Promover a transpar\u00eancia ativa e passiva, assegurando a disponibiliza\u00e7\u00e3o de informa\u00e7\u00f5es de interesse p\u00fablico nos meios adequados, conforme as exig\u00eancias da Lei de Acesso \u00e0 Informa\u00e7\u00e3o;<\/p>\n\n\n\n<p>IV \u2013 Desenvolver e implementar programas de preven\u00e7\u00e3o e mitiga\u00e7\u00e3o de riscos administrativos, financeiros e operacionais, por meio da an\u00e1lise sistem\u00e1tica das atividades da Secretaria, identificando vulnerabilidades e propondo medidas corretivas e preventivas;<\/p>\n\n\n\n<p>V \u2013 Realizar a an\u00e1lise processual das atividades desenvolvidas na Secretaria, identificando inefici\u00eancias, riscos de n\u00e3o conformidade e oportunidades de melhoria nos processos administrativos e operacionais;<\/p>\n\n\n\n<p>VI \u2013 Analisar as pol\u00edticas, diretrizes e procedimentos relacionados \u00e0 gest\u00e3o de riscos e controles internos da Secretaria;<\/p>\n\n\n\n<p>VII \u2013 Coordenar e supervisionar atividades relacionadas \u00e0 ouvidoria, promovendo o recebimento e an\u00e1lise de den\u00fancias, sugest\u00f5es, reclama\u00e7\u00f5es, solicita\u00e7\u00f5es, elogios, dentre outros;<\/p>\n\n\n\n<p>VIII \u2013 Apoiar a Controladoria Geral do Munic\u00edpio nas atividades de fiscaliza\u00e7\u00e3o e auditoria;<\/p>\n\n\n\n<p>IX \u2013 Propor a\u00e7\u00f5es em conjunto com a Ger\u00eancia de Recursos Humanos para a forma\u00e7\u00e3o e capacita\u00e7\u00e3o cont\u00ednua dos servidores em mat\u00e9rias relacionadas \u00e0 \u00e9tica, compliance, gest\u00e3o de riscos, controle interno e transpar\u00eancia p\u00fablica, promovendo uma cultura de integridade e responsabilidade no \u00f3rg\u00e3o;<\/p>\n\n\n\n<p>X \u2013 Auxiliar o Tribunal de Contas do Estado e a Controladoria Geral do Munic\u00edpio nas atividades de auditoria e fiscaliza\u00e7\u00e3o, fornecendo documentos, relat\u00f3rios e informa\u00e7\u00f5es necess\u00e1rias para a an\u00e1lise da execu\u00e7\u00e3o dos recursos p\u00fablicos pela Secretaria;<\/p>\n\n\n\n<p>XI \u2013 Monitorar a segrega\u00e7\u00e3o de fun\u00e7\u00f5es nos processos administrativos da Secretaria, a fim de evitar conflitos de interesse, fraudes e erros;<\/p>\n\n\n\n<p>XII \u2013 Acompanhar o preenchimento e o envio do Presta\u00e7\u00e3o de Contas Municipal \u2013 PCM\/Manaus, bem como da Presta\u00e7\u00e3o de Contas Anual da Secretaria<\/p>\n\n\n\n<p>XIII \u2013 Acompanhar a alimenta\u00e7\u00e3o dos sistemas de planejamento e execu\u00e7\u00e3o or\u00e7ament\u00e1ria e financeira da Administra\u00e7\u00e3o Municipal;<\/p>\n\n\n\n<p>XIV \u2013 Executar outras atividades correlatas ou que lhe forem delegadas pelo Secret\u00e1rio Municipal ou pelo Subsecret\u00e1rio de Gest\u00e3o.<\/p>\n\n\n\n<p><strong>Transpar\u00eancia, Integridade e <em>Compliance<\/em><\/strong><\/p>\n\n\n\n<p>Plano Setorial de Integridade e <em>Compliance<\/em> <em>(em elabora\u00e7\u00e3o)<\/em><\/p>\n\n\n\n<p><strong><a href=\"https:\/\/www.manaus.am.gov.br\/semulsp\/wp-content\/uploads\/sites\/23\/2025\/11\/Portaria-054_2025_Nova_Comissao_Integridade_Compliance.pdf\">Portaria n\u00ba 054\/2025 \u2013 GS\/SEMULSP<\/a><\/strong> \u2013 Designa\u00e7\u00e3o de membros para Equipe T\u00e9cnica de Integridade e <em>Compliance<\/em>.<\/p>\n\n\n\n<p><strong><a href=\"https:\/\/www.manaus.am.gov.br\/semulsp\/wp-content\/uploads\/sites\/23\/2025\/11\/Portaria-111_2025_Nova_Comissao_SIC.pdf\">Portaria n\u00ba 111\/2025 \u2013 SUBGES\/SEMULSP<\/a> \u2013<\/strong> Designa\u00e7\u00e3o de membros para receber e registrar os pedidos de acesso \u00e0 informa\u00e7\u00e3o.<\/p>\n\n\n\n<p><strong>Normativos Internos<\/strong><\/p>\n\n\n\n<p><strong><a href=\"https:\/\/www.manaus.am.gov.br\/semulsp\/wp-content\/uploads\/sites\/23\/2025\/11\/Portaria-024_2025_Orientacao_Interna.pdf\">Portaria n\u00ba 024\/2025 \u2013 GSSG\/SEMULSP<\/a> \u2013 <\/strong>Disp\u00f5e dos procedimentos de Controle Interno relativo a apura\u00e7\u00e3o de responsabilidade referente \u00e0s multas de tr\u00e2nsito decorrentes de infra\u00e7\u00f5es cometidas por servidores efetivos, tempor\u00e1rios ou comissionados no \u00e2mbito da Secretaria Municipal de Limpeza Urbana \u2013 SEMULSP.<\/p>\n\n\n\n<p><strong><a href=\"https:\/\/www.manaus.am.gov.br\/semulsp\/wp-content\/uploads\/sites\/23\/2025\/11\/Portaria-037_2025_Orientacao_Interna.pdf\">Portaria n\u00ba 037\/2025 \u2013 GSSG\/SEMULSP<\/a> \u2013<\/strong> Disp\u00f5e sobre os procedimentos de Controle Interno relativos aos processos de pagamento de Materiais, Insumos, Obras e Servi\u00e7os no \u00e2mbito da Secretaria Municipal de Limpeza Urbana \u2013 SEMULSP.<\/p>\n\n\n\n<p><strong><a href=\"https:\/\/www.manaus.am.gov.br\/semulsp\/wp-content\/uploads\/sites\/23\/2025\/11\/Portaria-042_2025_Orientacao_Interna.pdf\">Portaria n\u00ba 042\/2025 \u2013 GSSG\/SEMULSP<\/a><\/strong> <strong>\u2013<\/strong> Disp\u00f5e sobre os procedimentos de Controle Interno de Segrega\u00e7\u00e3o de Fun\u00e7\u00f5es dos setores respons\u00e1veis pelo planejamento, execu\u00e7\u00e3o e fiscaliza\u00e7\u00e3o dos contratos e aquisi\u00e7\u00e3o de insumos e servi\u00e7os, e d\u00e1 outras provid\u00eancias.<\/p>\n\n\n\n<p><strong><a href=\"https:\/\/www.manaus.am.gov.br\/semulsp\/wp-content\/uploads\/sites\/23\/2025\/11\/Portaria-082_2025_Adiantamento.pdf\">Portaria n\u00ba 082\/2025 \u2013 GSSG\/SEMULSP<\/a> \u2013<\/strong> Disp\u00f5e sobre os procedimentos de Controle Interno de concess\u00e3o e presta\u00e7\u00e3o de Contas de Suprimento de Fundos no \u00e2mbito da Secretaria Municipal de Limpeza Urbana \u2013 SEMULSP e d\u00e1 outras provid\u00eancias.<\/p>\n\n\n\n<p><strong><a href=\"https:\/\/www.manaus.am.gov.br\/semulsp\/wp-content\/uploads\/sites\/23\/2025\/11\/Portaria-115_2025_Grau_Prioridade.pdf\">Portaria n\u00ba 115\/2025 \u2013 SUBGES\/SEMULSP<\/a> \u2013<\/strong> Regulamenta o art. 3\u00ba, inciso IX do Decreto Municipal n\u00ba 6.239\/2025 no \u00e2mbito da Secretaria Municipal de Limpeza Urbana \u2013 SEMULSP e d\u00e1 outras provid\u00eancias.<\/p>\n\n\n\n<p><strong><a href=\"https:\/\/www.manaus.am.gov.br\/semulsp\/wp-content\/uploads\/sites\/23\/2025\/11\/Portaria-114_2025_Unidades_Supridoras.pdf\">Portaria n\u00ba 114\/2025 \u2013 SUBGES\/SEMULSP<\/a> \u2013<\/strong> Disp\u00f5e sobre a designa\u00e7\u00e3o de \u00e1reas t\u00e9cnicas no \u00e2mbito da Secretaria Municipal de Limpeza Urbana \u2013 SEMULSP e d\u00e1 outras provid\u00eancias.<\/p>\n\n\n\n<p><strong>Composi\u00e7\u00e3o do Controle Interno<\/strong><\/p>\n\n\n\n<p><strong><a href=\"https:\/\/www.manaus.am.gov.br\/semulsp\/wp-content\/uploads\/sites\/23\/2025\/11\/Portaria-110_2025_Nova_Comissao_Controle_Interno.pdf\">Portaria n\u00ba 110\/2025 \u2013 SUBGES\/SEMULSP<\/a><\/strong> \u2013 Designa membros para o Controle Interno<\/p>\n\n\n\n<p><strong>Relat\u00f3rio Anual de Atividades<\/strong><\/p>\n\n\n\n<p><a href=\"https:\/\/www.manaus.am.gov.br\/semulsp\/wp-content\/uploads\/sites\/23\/2025\/11\/Relatorio-Anual-de-Atividades-2023.pdf\">Relat\u00f3rio Anual de Atividades 2023<\/a><\/p>\n\n\n\n<p><\/p>\n\n\n\n<p><a href=\"https:\/\/www.manaus.am.gov.br\/semulsp\/wp-content\/uploads\/sites\/23\/2025\/11\/Relatorio-Anual-de-Atividades-2024.pdf\">Relat\u00f3rio Anual de Atividades 2024<\/a><\/p>\n\n\n\n<p><\/p>\n\n\n\n<p><\/p>\n","protected":false},"excerpt":{"rendered":"","protected":false},"author":8,"featured_media":0,"parent":0,"menu_order":0,"comment_status":"closed","ping_status":"closed","template":"","meta":{"footnotes":""},"acf":[],"yoast_head":"<!-- This site is optimized with the Yoast SEO plugin v23.0 - https:\/\/yoast.com\/wordpress\/plugins\/seo\/ -->\n<title>Controle Interno - SEMULSP<\/title>\n<meta name=\"robots\" content=\"noindex, follow\" \/>\n<meta property=\"og:locale\" content=\"pt_BR\" \/>\n<meta property=\"og:type\" content=\"article\" \/>\n<meta property=\"og:title\" content=\"Controle Interno - SEMULSP\" \/>\n<meta property=\"og:url\" content=\"https:\/\/www.manaus.am.gov.br\/semulsp\/controle-interno\/\" \/>\n<meta property=\"og:site_name\" content=\"SEMULSP\" \/>\n<meta property=\"article:publisher\" content=\"https:\/\/www.facebook.com\/semulspmanaus\" \/>\n<meta property=\"article:modified_time\" content=\"2026-01-05T15:59:07+00:00\" \/>\n<meta property=\"og:image\" content=\"https:\/\/www.manaus.am.gov.br\/semulsp\/wp-content\/uploads\/sites\/23\/2024\/07\/thumb-default-2.png\" \/>\n\t<meta property=\"og:image:width\" content=\"966\" \/>\n\t<meta property=\"og:image:height\" content=\"520\" \/>\n\t<meta property=\"og:image:type\" content=\"image\/png\" \/>\n<meta name=\"twitter:card\" content=\"summary_large_image\" \/>\n<meta name=\"twitter:label1\" content=\"Est. reading time\" \/>\n\t<meta name=\"twitter:data1\" content=\"4 minutos\" \/>\n<script type=\"application\/ld+json\" class=\"yoast-schema-graph\">{\"@context\":\"https:\/\/schema.org\",\"@graph\":[{\"@type\":\"WebPage\",\"@id\":\"https:\/\/www.manaus.am.gov.br\/semulsp\/controle-interno\/\",\"url\":\"https:\/\/www.manaus.am.gov.br\/semulsp\/controle-interno\/\",\"name\":\"Controle Interno - SEMULSP\",\"isPartOf\":{\"@id\":\"https:\/\/www.manaus.am.gov.br\/semulsp\/#website\"},\"datePublished\":\"2025-11-21T17:08:52+00:00\",\"dateModified\":\"2026-01-05T15:59:07+00:00\",\"breadcrumb\":{\"@id\":\"https:\/\/www.manaus.am.gov.br\/semulsp\/controle-interno\/#breadcrumb\"},\"inLanguage\":\"pt-BR\",\"potentialAction\":[{\"@type\":\"ReadAction\",\"target\":[\"https:\/\/www.manaus.am.gov.br\/semulsp\/controle-interno\/\"]}]},{\"@type\":\"BreadcrumbList\",\"@id\":\"https:\/\/www.manaus.am.gov.br\/semulsp\/controle-interno\/#breadcrumb\",\"itemListElement\":[{\"@type\":\"ListItem\",\"position\":1,\"name\":\"Home\",\"item\":\"https:\/\/www.manaus.am.gov.br\/semulsp\/\"},{\"@type\":\"ListItem\",\"position\":2,\"name\":\"Controle Interno\"}]},{\"@type\":\"WebSite\",\"@id\":\"https:\/\/www.manaus.am.gov.br\/semulsp\/#website\",\"url\":\"https:\/\/www.manaus.am.gov.br\/semulsp\/\",\"name\":\"SEMULSP\",\"description\":\"Prefeitura de Manaus\",\"publisher\":{\"@id\":\"https:\/\/www.manaus.am.gov.br\/semulsp\/#organization\"},\"alternateName\":\"Secretaria Municipal de Limpeza P\u00fablica\",\"potentialAction\":[{\"@type\":\"SearchAction\",\"target\":{\"@type\":\"EntryPoint\",\"urlTemplate\":\"https:\/\/www.manaus.am.gov.br\/semulsp\/?s={search_term_string}\"},\"query-input\":\"required name=search_term_string\"}],\"inLanguage\":\"pt-BR\"},{\"@type\":\"Organization\",\"@id\":\"https:\/\/www.manaus.am.gov.br\/semulsp\/#organization\",\"name\":\"SEMULSP\",\"alternateName\":\"Secretaria Municipal de Limpeza P\u00fablica\",\"url\":\"https:\/\/www.manaus.am.gov.br\/semulsp\/\",\"logo\":{\"@type\":\"ImageObject\",\"inLanguage\":\"pt-BR\",\"@id\":\"https:\/\/www.manaus.am.gov.br\/semulsp\/#\/schema\/logo\/image\/\",\"url\":\"https:\/\/www.manaus.am.gov.br\/semulsp\/wp-content\/uploads\/sites\/23\/2023\/05\/cropped-favicon.png\",\"contentUrl\":\"https:\/\/www.manaus.am.gov.br\/semulsp\/wp-content\/uploads\/sites\/23\/2023\/05\/cropped-favicon.png\",\"width\":512,\"height\":512,\"caption\":\"SEMULSP\"},\"image\":{\"@id\":\"https:\/\/www.manaus.am.gov.br\/semulsp\/#\/schema\/logo\/image\/\"},\"sameAs\":[\"https:\/\/www.facebook.com\/semulspmanaus\",\"https:\/\/www.instagram.com\/semulspmanaus\/\"]}]}<\/script>\n<!-- \/ Yoast SEO plugin. -->","yoast_head_json":{"title":"Controle Interno - SEMULSP","robots":{"index":"noindex","follow":"follow"},"og_locale":"pt_BR","og_type":"article","og_title":"Controle Interno - SEMULSP","og_url":"https:\/\/www.manaus.am.gov.br\/semulsp\/controle-interno\/","og_site_name":"SEMULSP","article_publisher":"https:\/\/www.facebook.com\/semulspmanaus","article_modified_time":"2026-01-05T15:59:07+00:00","og_image":[{"width":966,"height":520,"url":"https:\/\/www.manaus.am.gov.br\/semulsp\/wp-content\/uploads\/sites\/23\/2024\/07\/thumb-default-2.png","type":"image\/png"}],"twitter_card":"summary_large_image","twitter_misc":{"Est. reading time":"4 minutos"},"schema":{"@context":"https:\/\/schema.org","@graph":[{"@type":"WebPage","@id":"https:\/\/www.manaus.am.gov.br\/semulsp\/controle-interno\/","url":"https:\/\/www.manaus.am.gov.br\/semulsp\/controle-interno\/","name":"Controle Interno - SEMULSP","isPartOf":{"@id":"https:\/\/www.manaus.am.gov.br\/semulsp\/#website"},"datePublished":"2025-11-21T17:08:52+00:00","dateModified":"2026-01-05T15:59:07+00:00","breadcrumb":{"@id":"https:\/\/www.manaus.am.gov.br\/semulsp\/controle-interno\/#breadcrumb"},"inLanguage":"pt-BR","potentialAction":[{"@type":"ReadAction","target":["https:\/\/www.manaus.am.gov.br\/semulsp\/controle-interno\/"]}]},{"@type":"BreadcrumbList","@id":"https:\/\/www.manaus.am.gov.br\/semulsp\/controle-interno\/#breadcrumb","itemListElement":[{"@type":"ListItem","position":1,"name":"Home","item":"https:\/\/www.manaus.am.gov.br\/semulsp\/"},{"@type":"ListItem","position":2,"name":"Controle Interno"}]},{"@type":"WebSite","@id":"https:\/\/www.manaus.am.gov.br\/semulsp\/#website","url":"https:\/\/www.manaus.am.gov.br\/semulsp\/","name":"SEMULSP","description":"Prefeitura de Manaus","publisher":{"@id":"https:\/\/www.manaus.am.gov.br\/semulsp\/#organization"},"alternateName":"Secretaria Municipal de Limpeza P\u00fablica","potentialAction":[{"@type":"SearchAction","target":{"@type":"EntryPoint","urlTemplate":"https:\/\/www.manaus.am.gov.br\/semulsp\/?s={search_term_string}"},"query-input":"required name=search_term_string"}],"inLanguage":"pt-BR"},{"@type":"Organization","@id":"https:\/\/www.manaus.am.gov.br\/semulsp\/#organization","name":"SEMULSP","alternateName":"Secretaria Municipal de Limpeza P\u00fablica","url":"https:\/\/www.manaus.am.gov.br\/semulsp\/","logo":{"@type":"ImageObject","inLanguage":"pt-BR","@id":"https:\/\/www.manaus.am.gov.br\/semulsp\/#\/schema\/logo\/image\/","url":"https:\/\/www.manaus.am.gov.br\/semulsp\/wp-content\/uploads\/sites\/23\/2023\/05\/cropped-favicon.png","contentUrl":"https:\/\/www.manaus.am.gov.br\/semulsp\/wp-content\/uploads\/sites\/23\/2023\/05\/cropped-favicon.png","width":512,"height":512,"caption":"SEMULSP"},"image":{"@id":"https:\/\/www.manaus.am.gov.br\/semulsp\/#\/schema\/logo\/image\/"},"sameAs":["https:\/\/www.facebook.com\/semulspmanaus","https:\/\/www.instagram.com\/semulspmanaus\/"]}]}},"_links":{"self":[{"href":"https:\/\/www.manaus.am.gov.br\/semulsp\/wp-json\/wp\/v2\/pages\/2649"}],"collection":[{"href":"https:\/\/www.manaus.am.gov.br\/semulsp\/wp-json\/wp\/v2\/pages"}],"about":[{"href":"https:\/\/www.manaus.am.gov.br\/semulsp\/wp-json\/wp\/v2\/types\/page"}],"author":[{"embeddable":true,"href":"https:\/\/www.manaus.am.gov.br\/semulsp\/wp-json\/wp\/v2\/users\/8"}],"replies":[{"embeddable":true,"href":"https:\/\/www.manaus.am.gov.br\/semulsp\/wp-json\/wp\/v2\/comments?post=2649"}],"version-history":[{"count":6,"href":"https:\/\/www.manaus.am.gov.br\/semulsp\/wp-json\/wp\/v2\/pages\/2649\/revisions"}],"predecessor-version":[{"id":2758,"href":"https:\/\/www.manaus.am.gov.br\/semulsp\/wp-json\/wp\/v2\/pages\/2649\/revisions\/2758"}],"wp:attachment":[{"href":"https:\/\/www.manaus.am.gov.br\/semulsp\/wp-json\/wp\/v2\/media?parent=2649"}],"curies":[{"name":"wp","href":"https:\/\/api.w.org\/{rel}","templated":true}]}}