{"id":255,"date":"2023-05-30T15:00:33","date_gmt":"2023-05-30T19:00:33","guid":{"rendered":"https:\/\/www.manaus.am.gov.br\/semulsp\/?page_id=255"},"modified":"2023-07-26T14:20:53","modified_gmt":"2023-07-26T18:20:53","slug":"coleta-agendada-de-grandes-objetos","status":"publish","type":"page","link":"https:\/\/www.manaus.am.gov.br\/semulsp\/servicos-semulsp\/coleta-agendada-de-grandes-objetos\/","title":{"rendered":"Coleta Agendada de Grandes Objetos"},"content":{"rendered":"\n<p>Os grandes objetos jogados pela cidade podem causar s\u00e9rios danos aos rios, igarap\u00e9s e ao meio ambiente como um todo e com as fortes chuvas que ocorrem na regi\u00e3o, por conta do inverno amaz\u00f4nico, aumentam ainda mais esses riscos. Para combater o descarte irregular, a Prefeitura de Manaus, por meio da Secretaria de Limpeza Urbana (Semulsp), realiza agendamentos para recolher esses objetos por meio do servi\u00e7o Coleta Agendada.<\/p>\n\n\n\n<p>O agendamento da coleta \u00e9 realizado pelo Whatsapp ou liga\u00e7\u00e3o aos n\u00fameros (92) 98415-9563 ou 98459-5618, entre 8h e 16h, durante a semana.<\/p>\n\n\n\n<p>Durante a realiza\u00e7\u00e3o do atendimento, \u00e9 recomendado que o solicitante informe alguns dados para efetuar o agendamento: nome, endere\u00e7o, contato, fotos de quais objetos ser\u00e3o levados e o localizador no mapa do endere\u00e7o. Este processo facilita o servi\u00e7o ser mais r\u00e1pido.<\/p>\n\n\n\n<p>Ap\u00f3s o atendimento, ser\u00e1 informado a data que a equipe ir\u00e1 passar no local. O morador dever\u00e1 colocar no dia agendado os objetos na rua, pois os servidores n\u00e3o podem adentrar a casa. Depois de recolhidos, os objetos s\u00e3o encaminhados para as associa\u00e7\u00f5es de catadores que realizam a separa\u00e7\u00e3o.<\/p>\n\n\n\n<p><strong>N\u00c3O COLOQUE OS OBJETOS NA RUA ANTES DA DATA AGENDADA!<\/strong><\/p>\n","protected":false},"excerpt":{"rendered":"","protected":false},"author":27,"featured_media":0,"parent":493,"menu_order":0,"comment_status":"closed","ping_status":"closed","template":"templates\/turismo.php","meta":{"footnotes":""},"acf":[],"yoast_head":"<!-- This site is optimized with the Yoast SEO plugin v23.0 - https:\/\/yoast.com\/wordpress\/plugins\/seo\/ -->\n<title>Coleta Agendada de Grandes Objetos - SEMULSP<\/title>\n<meta name=\"robots\" content=\"noindex, follow\" \/>\n<meta property=\"og:locale\" content=\"pt_BR\" \/>\n<meta property=\"og:type\" content=\"article\" \/>\n<meta property=\"og:title\" content=\"Coleta Agendada de Grandes Objetos - SEMULSP\" \/>\n<meta property=\"og:url\" content=\"https:\/\/www.manaus.am.gov.br\/semulsp\/servicos-semulsp\/coleta-agendada-de-grandes-objetos\/\" \/>\n<meta property=\"og:site_name\" content=\"SEMULSP\" \/>\n<meta property=\"article:publisher\" content=\"https:\/\/www.facebook.com\/semulspmanaus\" \/>\n<meta property=\"article:modified_time\" content=\"2023-07-26T18:20:53+00:00\" \/>\n<meta property=\"og:image\" content=\"https:\/\/www.manaus.am.gov.br\/semulsp\/wp-content\/uploads\/sites\/23\/2024\/07\/thumb-default-2.png\" \/>\n\t<meta property=\"og:image:width\" content=\"966\" \/>\n\t<meta property=\"og:image:height\" content=\"520\" \/>\n\t<meta property=\"og:image:type\" content=\"image\/png\" \/>\n<meta name=\"twitter:card\" content=\"summary_large_image\" \/>\n<meta name=\"twitter:label1\" content=\"Est. reading time\" \/>\n\t<meta name=\"twitter:data1\" content=\"2 minutos\" \/>\n<script type=\"application\/ld+json\" class=\"yoast-schema-graph\">{\"@context\":\"https:\/\/schema.org\",\"@graph\":[{\"@type\":\"WebPage\",\"@id\":\"https:\/\/www.manaus.am.gov.br\/semulsp\/servicos-semulsp\/coleta-agendada-de-grandes-objetos\/\",\"url\":\"https:\/\/www.manaus.am.gov.br\/semulsp\/servicos-semulsp\/coleta-agendada-de-grandes-objetos\/\",\"name\":\"Coleta Agendada de Grandes Objetos - SEMULSP\",\"isPartOf\":{\"@id\":\"https:\/\/www.manaus.am.gov.br\/semulsp\/#website\"},\"datePublished\":\"2023-05-30T19:00:33+00:00\",\"dateModified\":\"2023-07-26T18:20:53+00:00\",\"breadcrumb\":{\"@id\":\"https:\/\/www.manaus.am.gov.br\/semulsp\/servicos-semulsp\/coleta-agendada-de-grandes-objetos\/#breadcrumb\"},\"inLanguage\":\"pt-BR\",\"potentialAction\":[{\"@type\":\"ReadAction\",\"target\":[\"https:\/\/www.manaus.am.gov.br\/semulsp\/servicos-semulsp\/coleta-agendada-de-grandes-objetos\/\"]}]},{\"@type\":\"BreadcrumbList\",\"@id\":\"https:\/\/www.manaus.am.gov.br\/semulsp\/servicos-semulsp\/coleta-agendada-de-grandes-objetos\/#breadcrumb\",\"itemListElement\":[{\"@type\":\"ListItem\",\"position\":1,\"name\":\"Home\",\"item\":\"https:\/\/www.manaus.am.gov.br\/semulsp\/\"},{\"@type\":\"ListItem\",\"position\":2,\"name\":\"Servi\u00e7os SEMULSP\",\"item\":\"https:\/\/www.manaus.am.gov.br\/semulsp\/servicos-semulsp\/\"},{\"@type\":\"ListItem\",\"position\":3,\"name\":\"Coleta Agendada de Grandes Objetos\"}]},{\"@type\":\"WebSite\",\"@id\":\"https:\/\/www.manaus.am.gov.br\/semulsp\/#website\",\"url\":\"https:\/\/www.manaus.am.gov.br\/semulsp\/\",\"name\":\"SEMULSP\",\"description\":\"Prefeitura de Manaus\",\"publisher\":{\"@id\":\"https:\/\/www.manaus.am.gov.br\/semulsp\/#organization\"},\"alternateName\":\"Secretaria Municipal de Limpeza P\u00fablica\",\"potentialAction\":[{\"@type\":\"SearchAction\",\"target\":{\"@type\":\"EntryPoint\",\"urlTemplate\":\"https:\/\/www.manaus.am.gov.br\/semulsp\/?s={search_term_string}\"},\"query-input\":\"required name=search_term_string\"}],\"inLanguage\":\"pt-BR\"},{\"@type\":\"Organization\",\"@id\":\"https:\/\/www.manaus.am.gov.br\/semulsp\/#organization\",\"name\":\"SEMULSP\",\"alternateName\":\"Secretaria Municipal de Limpeza P\u00fablica\",\"url\":\"https:\/\/www.manaus.am.gov.br\/semulsp\/\",\"logo\":{\"@type\":\"ImageObject\",\"inLanguage\":\"pt-BR\",\"@id\":\"https:\/\/www.manaus.am.gov.br\/semulsp\/#\/schema\/logo\/image\/\",\"url\":\"https:\/\/www.manaus.am.gov.br\/semulsp\/wp-content\/uploads\/sites\/23\/2023\/05\/cropped-favicon.png\",\"contentUrl\":\"https:\/\/www.manaus.am.gov.br\/semulsp\/wp-content\/uploads\/sites\/23\/2023\/05\/cropped-favicon.png\",\"width\":512,\"height\":512,\"caption\":\"SEMULSP\"},\"image\":{\"@id\":\"https:\/\/www.manaus.am.gov.br\/semulsp\/#\/schema\/logo\/image\/\"},\"sameAs\":[\"https:\/\/www.facebook.com\/semulspmanaus\",\"https:\/\/www.instagram.com\/semulspmanaus\/\"]}]}<\/script>\n<!-- \/ Yoast SEO plugin. -->","yoast_head_json":{"title":"Coleta Agendada de Grandes Objetos - SEMULSP","robots":{"index":"noindex","follow":"follow"},"og_locale":"pt_BR","og_type":"article","og_title":"Coleta Agendada de Grandes Objetos - SEMULSP","og_url":"https:\/\/www.manaus.am.gov.br\/semulsp\/servicos-semulsp\/coleta-agendada-de-grandes-objetos\/","og_site_name":"SEMULSP","article_publisher":"https:\/\/www.facebook.com\/semulspmanaus","article_modified_time":"2023-07-26T18:20:53+00:00","og_image":[{"width":966,"height":520,"url":"https:\/\/www.manaus.am.gov.br\/semulsp\/wp-content\/uploads\/sites\/23\/2024\/07\/thumb-default-2.png","type":"image\/png"}],"twitter_card":"summary_large_image","twitter_misc":{"Est. reading time":"2 minutos"},"schema":{"@context":"https:\/\/schema.org","@graph":[{"@type":"WebPage","@id":"https:\/\/www.manaus.am.gov.br\/semulsp\/servicos-semulsp\/coleta-agendada-de-grandes-objetos\/","url":"https:\/\/www.manaus.am.gov.br\/semulsp\/servicos-semulsp\/coleta-agendada-de-grandes-objetos\/","name":"Coleta Agendada de Grandes Objetos - SEMULSP","isPartOf":{"@id":"https:\/\/www.manaus.am.gov.br\/semulsp\/#website"},"datePublished":"2023-05-30T19:00:33+00:00","dateModified":"2023-07-26T18:20:53+00:00","breadcrumb":{"@id":"https:\/\/www.manaus.am.gov.br\/semulsp\/servicos-semulsp\/coleta-agendada-de-grandes-objetos\/#breadcrumb"},"inLanguage":"pt-BR","potentialAction":[{"@type":"ReadAction","target":["https:\/\/www.manaus.am.gov.br\/semulsp\/servicos-semulsp\/coleta-agendada-de-grandes-objetos\/"]}]},{"@type":"BreadcrumbList","@id":"https:\/\/www.manaus.am.gov.br\/semulsp\/servicos-semulsp\/coleta-agendada-de-grandes-objetos\/#breadcrumb","itemListElement":[{"@type":"ListItem","position":1,"name":"Home","item":"https:\/\/www.manaus.am.gov.br\/semulsp\/"},{"@type":"ListItem","position":2,"name":"Servi\u00e7os SEMULSP","item":"https:\/\/www.manaus.am.gov.br\/semulsp\/servicos-semulsp\/"},{"@type":"ListItem","position":3,"name":"Coleta Agendada de Grandes Objetos"}]},{"@type":"WebSite","@id":"https:\/\/www.manaus.am.gov.br\/semulsp\/#website","url":"https:\/\/www.manaus.am.gov.br\/semulsp\/","name":"SEMULSP","description":"Prefeitura de Manaus","publisher":{"@id":"https:\/\/www.manaus.am.gov.br\/semulsp\/#organization"},"alternateName":"Secretaria Municipal de Limpeza P\u00fablica","potentialAction":[{"@type":"SearchAction","target":{"@type":"EntryPoint","urlTemplate":"https:\/\/www.manaus.am.gov.br\/semulsp\/?s={search_term_string}"},"query-input":"required name=search_term_string"}],"inLanguage":"pt-BR"},{"@type":"Organization","@id":"https:\/\/www.manaus.am.gov.br\/semulsp\/#organization","name":"SEMULSP","alternateName":"Secretaria Municipal de Limpeza P\u00fablica","url":"https:\/\/www.manaus.am.gov.br\/semulsp\/","logo":{"@type":"ImageObject","inLanguage":"pt-BR","@id":"https:\/\/www.manaus.am.gov.br\/semulsp\/#\/schema\/logo\/image\/","url":"https:\/\/www.manaus.am.gov.br\/semulsp\/wp-content\/uploads\/sites\/23\/2023\/05\/cropped-favicon.png","contentUrl":"https:\/\/www.manaus.am.gov.br\/semulsp\/wp-content\/uploads\/sites\/23\/2023\/05\/cropped-favicon.png","width":512,"height":512,"caption":"SEMULSP"},"image":{"@id":"https:\/\/www.manaus.am.gov.br\/semulsp\/#\/schema\/logo\/image\/"},"sameAs":["https:\/\/www.facebook.com\/semulspmanaus","https:\/\/www.instagram.com\/semulspmanaus\/"]}]}},"_links":{"self":[{"href":"https:\/\/www.manaus.am.gov.br\/semulsp\/wp-json\/wp\/v2\/pages\/255"}],"collection":[{"href":"https:\/\/www.manaus.am.gov.br\/semulsp\/wp-json\/wp\/v2\/pages"}],"about":[{"href":"https:\/\/www.manaus.am.gov.br\/semulsp\/wp-json\/wp\/v2\/types\/page"}],"author":[{"embeddable":true,"href":"https:\/\/www.manaus.am.gov.br\/semulsp\/wp-json\/wp\/v2\/users\/27"}],"replies":[{"embeddable":true,"href":"https:\/\/www.manaus.am.gov.br\/semulsp\/wp-json\/wp\/v2\/comments?post=255"}],"version-history":[{"count":2,"href":"https:\/\/www.manaus.am.gov.br\/semulsp\/wp-json\/wp\/v2\/pages\/255\/revisions"}],"predecessor-version":[{"id":670,"href":"https:\/\/www.manaus.am.gov.br\/semulsp\/wp-json\/wp\/v2\/pages\/255\/revisions\/670"}],"up":[{"embeddable":true,"href":"https:\/\/www.manaus.am.gov.br\/semulsp\/wp-json\/wp\/v2\/pages\/493"}],"wp:attachment":[{"href":"https:\/\/www.manaus.am.gov.br\/semulsp\/wp-json\/wp\/v2\/media?parent=255"}],"curies":[{"name":"wp","href":"https:\/\/api.w.org\/{rel}","templated":true}]}}