{"id":6949,"date":"2025-09-16T15:06:47","date_gmt":"2025-09-16T19:06:47","guid":{"rendered":"https:\/\/www.manaus.am.gov.br\/semtepi\/?page_id=6949"},"modified":"2025-09-30T11:26:33","modified_gmt":"2025-09-30T15:26:33","slug":"qualifica","status":"publish","type":"page","link":"https:\/\/www.manaus.am.gov.br\/semtepi\/a-semtepi\/editais\/qualifica\/","title":{"rendered":"Qualifica +"},"content":{"rendered":"\n<div class=\"wp-block-file\"><a id=\"wp-block-file--media-13ae382f-68a2-4c49-b71a-a1b1f7de4e6f\" href=\"https:\/\/www.manaus.am.gov.br\/semtepi\/wp-content\/uploads\/sites\/20\/2025\/09\/EDITAL-QUALIFICA-MAIS-DOM-6153-10.09.2025-CHAMAMENTO.pdf\">Edital Projeto Qualifica Mais+<\/a><\/div>\n\n\n\n<p><a href=\"https:\/\/forms.gle\/VGRE2PXiFcDAYh6y5\">Link de inscri\u00e7\u00e3o<\/a><\/p>\n\n\n\n<div class=\"wp-block-file\"><a id=\"wp-block-file--media-52d0b576-c57f-42a8-967e-fe485110a8f0\" href=\"https:\/\/www.manaus.am.gov.br\/semtepi\/wp-content\/uploads\/sites\/20\/2025\/09\/01-FICHA-DE-CADASTRO.docx\">01 FICHA DE CADASTRO<\/a><\/div>\n\n\n\n<div class=\"wp-block-file\"><a id=\"wp-block-file--media-f7dc7779-1cf4-4a75-bfeb-897fe191d1ca\" href=\"https:\/\/www.manaus.am.gov.br\/semtepi\/wp-content\/uploads\/sites\/20\/2025\/09\/02-DECLARACAO-DA-REGULARIDADE-DE-PRESTACAO-DE-CONTAS.docx\">02 DECLARA\u00c7\u00c3O DA REGULARIDADE DE PRESTA\u00c7\u00c3O DE CONTAS<\/a><\/div>\n\n\n\n<div class=\"wp-block-file\"><a id=\"wp-block-file--media-0f6c824a-794f-42ad-885e-f6cf3d43b955\" href=\"https:\/\/www.manaus.am.gov.br\/semtepi\/wp-content\/uploads\/sites\/20\/2025\/09\/03-DECLARACAO-DE-REGULARIDADE-DOS-DIRIGENTES-I.docx\">03 DECLARA\u00c7\u00c3O DE REGULARIDADE DOS DIRIGENTES I<\/a><\/div>\n\n\n\n<div class=\"wp-block-file\"><a id=\"wp-block-file--media-a556377e-3542-44f0-9b4a-dfe7c91ca86a\" href=\"https:\/\/www.manaus.am.gov.br\/semtepi\/wp-content\/uploads\/sites\/20\/2025\/09\/04-DECLARACAO-DE-REGULARIDADE-DOS-DIRIGENTES-II.docx\">04 DECLARA\u00c7\u00c3O DE REGULARIDADE DOS DIRIGENTES II<\/a><\/div>\n\n\n\n<div class=\"wp-block-file\"><a id=\"wp-block-file--media-240a37fd-512f-4467-9254-9e9f2a8503ba\" href=\"https:\/\/www.manaus.am.gov.br\/semtepi\/wp-content\/uploads\/sites\/20\/2025\/09\/05-DECLARACAO-DE-REGULARIDADE-DOS-DIRIGENTES-III.docx\">05 DECLARA\u00c7\u00c3O DE REGULARIDADE DOS DIRIGENTES III<\/a><\/div>\n\n\n\n<div class=\"wp-block-file\"><a id=\"wp-block-file--media-f6293704-54a6-4fba-bab8-97ee794ae492\" href=\"https:\/\/www.manaus.am.gov.br\/semtepi\/wp-content\/uploads\/sites\/20\/2025\/09\/06-DECLARACAO-DE-REGULARIDADE-DOS-DIRIGENTES-IV.docx\">06 DECLARA\u00c7\u00c3O DE REGULARIDADE DOS DIRIGENTES IV<\/a><\/div>\n\n\n\n<div class=\"wp-block-file\"><a id=\"wp-block-file--media-70d38cbd-174f-4034-b2c7-cb81a3b8dbfa\" href=\"https:\/\/www.manaus.am.gov.br\/semtepi\/wp-content\/uploads\/sites\/20\/2025\/09\/07-DECLARACAO-DE-REGULARIDADE-DA-OSC-I.docx\">07 DECLARA\u00c7\u00c3O DE REGULARIDADE DA OSC I<\/a><\/div>\n\n\n\n<div class=\"wp-block-file\"><a id=\"wp-block-file--media-14aca501-c048-4232-a93b-d55ab56077df\" href=\"https:\/\/www.manaus.am.gov.br\/semtepi\/wp-content\/uploads\/sites\/20\/2025\/09\/08-DECLARACAO-DE-REGULARIDADE-DA-OSC-II.docx\">08 DECLARA\u00c7\u00c3O DE REGULARIDADE DA OSC II<\/a><\/div>\n\n\n\n<div class=\"wp-block-file\"><a id=\"wp-block-file--media-92932835-5052-4c04-81cd-bb06567ae5da\" href=\"https:\/\/www.manaus.am.gov.br\/semtepi\/wp-content\/uploads\/sites\/20\/2025\/09\/09-DECLARACAO-DA-NAO-CONTRATACAO-DE-SERVIDOR-OU-EMPREGADO-PUBLICO.docx\">09 DECLARA\u00c7\u00c3O DA N\u00c3O CONTRATA\u00c7\u00c3O DE SERVIDOR OU EMPREGADO P\u00daBLICO<\/a><\/div>\n\n\n\n<div class=\"wp-block-file\"><a id=\"wp-block-file--media-3068e0b2-9d73-4470-a3fa-ab1fb1f2d8fb\" href=\"https:\/\/www.manaus.am.gov.br\/semtepi\/wp-content\/uploads\/sites\/20\/2025\/09\/10-DECLARACAO-DA-NAO-REMUNERACAO-I.docx\">10 DECLARA\u00c7\u00c3O DA N\u00c3O REMUNERA\u00c7\u00c3O I<\/a><\/div>\n\n\n\n<div class=\"wp-block-file\"><a id=\"wp-block-file--media-8993a7bf-92f0-48b7-93eb-ac6693342156\" href=\"https:\/\/www.manaus.am.gov.br\/semtepi\/wp-content\/uploads\/sites\/20\/2025\/09\/11-DECLARACAO-SOBRE-INSTALACOES-E-CONDICOES-MATERIAIS.docx\">11 DECLARA\u00c7\u00c3O SOBRE INSTALA\u00c7\u00d5ES E CONDI\u00c7\u00d5ES MATERIAIS<\/a><\/div>\n\n\n\n<div class=\"wp-block-file\"><a id=\"wp-block-file--media-8f512a10-b78c-4f94-972f-7f58c28c2785\" href=\"https:\/\/www.manaus.am.gov.br\/semtepi\/wp-content\/uploads\/sites\/20\/2025\/09\/12-DECLARACAO-DE-CIENCIA-E-RESPONSABILIDADE.docx\">12 DECLARA\u00c7\u00c3O DE CI\u00caNCIA E RESPONSABILIDADE<\/a><\/div>\n\n\n\n<div class=\"wp-block-file\"><a id=\"wp-block-file--media-c65127c0-c52b-4af1-a75a-1912a2827429\" href=\"https:\/\/www.manaus.am.gov.br\/semtepi\/wp-content\/uploads\/sites\/20\/2025\/09\/13-ANEXO-IV-_-MODELO-DE-PLANO-DE-TRABALHO.docx\">13 ANEXO IV MODELO DE PLANO DE TRABALHO<\/a><\/div>\n\n\n\n<div class=\"wp-block-file\"><a id=\"wp-block-file--media-f36a0b02-781c-49ec-90c2-cd57a60925d2\" href=\"https:\/\/www.manaus.am.gov.br\/semtepi\/wp-content\/uploads\/sites\/20\/2025\/09\/14-ANEXO-V-_-MINUTA-DO-TERMO-DE-COLABORACAO.docx\">14 ANEXO V MINUTA DO TERMO DE COLABORA\u00c7\u00c3O<\/a><\/div>\n","protected":false},"excerpt":{"rendered":"","protected":false},"author":8,"featured_media":0,"parent":251,"menu_order":0,"comment_status":"closed","ping_status":"closed","template":"","meta":{"footnotes":""},"acf":[],"yoast_head":"<!-- This site is optimized with the Yoast SEO plugin v23.0 - https:\/\/yoast.com\/wordpress\/plugins\/seo\/ -->\n<title>Qualifica + - SEMTEPI<\/title>\n<meta name=\"robots\" content=\"noindex, follow\" \/>\n<meta property=\"og:locale\" content=\"pt_BR\" \/>\n<meta property=\"og:type\" content=\"article\" \/>\n<meta property=\"og:title\" content=\"Qualifica + - SEMTEPI\" \/>\n<meta property=\"og:url\" content=\"https:\/\/www.manaus.am.gov.br\/semtepi\/a-semtepi\/editais\/qualifica\/\" \/>\n<meta property=\"og:site_name\" content=\"SEMTEPI\" \/>\n<meta property=\"article:modified_time\" content=\"2025-09-30T15:26:33+00:00\" \/>\n<meta property=\"og:image\" content=\"https:\/\/www.manaus.am.gov.br\/semtepi\/wp-content\/uploads\/sites\/20\/2024\/07\/thumb-default-2.png\" \/>\n\t<meta property=\"og:image:width\" content=\"966\" \/>\n\t<meta property=\"og:image:height\" content=\"520\" \/>\n\t<meta property=\"og:image:type\" content=\"image\/png\" \/>\n<meta name=\"twitter:card\" content=\"summary_large_image\" \/>\n<meta name=\"twitter:label1\" content=\"Est. reading time\" \/>\n\t<meta name=\"twitter:data1\" content=\"1 minuto\" \/>\n<script type=\"application\/ld+json\" class=\"yoast-schema-graph\">{\"@context\":\"https:\/\/schema.org\",\"@graph\":[{\"@type\":\"WebPage\",\"@id\":\"https:\/\/www.manaus.am.gov.br\/semtepi\/a-semtepi\/editais\/qualifica\/\",\"url\":\"https:\/\/www.manaus.am.gov.br\/semtepi\/a-semtepi\/editais\/qualifica\/\",\"name\":\"Qualifica + - SEMTEPI\",\"isPartOf\":{\"@id\":\"https:\/\/www.manaus.am.gov.br\/semtepi\/#website\"},\"datePublished\":\"2025-09-16T19:06:47+00:00\",\"dateModified\":\"2025-09-30T15:26:33+00:00\",\"breadcrumb\":{\"@id\":\"https:\/\/www.manaus.am.gov.br\/semtepi\/a-semtepi\/editais\/qualifica\/#breadcrumb\"},\"inLanguage\":\"pt-BR\",\"potentialAction\":[{\"@type\":\"ReadAction\",\"target\":[\"https:\/\/www.manaus.am.gov.br\/semtepi\/a-semtepi\/editais\/qualifica\/\"]}]},{\"@type\":\"BreadcrumbList\",\"@id\":\"https:\/\/www.manaus.am.gov.br\/semtepi\/a-semtepi\/editais\/qualifica\/#breadcrumb\",\"itemListElement\":[{\"@type\":\"ListItem\",\"position\":1,\"name\":\"Home\",\"item\":\"https:\/\/www.manaus.am.gov.br\/semtepi\/\"},{\"@type\":\"ListItem\",\"position\":2,\"name\":\"A Semtepi\",\"item\":\"https:\/\/www.manaus.am.gov.br\/semtepi\/a-semtepi\/\"},{\"@type\":\"ListItem\",\"position\":3,\"name\":\"Editais\",\"item\":\"https:\/\/www.manaus.am.gov.br\/semtepi\/a-semtepi\/editais\/\"},{\"@type\":\"ListItem\",\"position\":4,\"name\":\"Qualifica +\"}]},{\"@type\":\"WebSite\",\"@id\":\"https:\/\/www.manaus.am.gov.br\/semtepi\/#website\",\"url\":\"https:\/\/www.manaus.am.gov.br\/semtepi\/\",\"name\":\"SEMTEPI\",\"description\":\"Prefeitura de Manaus\",\"publisher\":{\"@id\":\"https:\/\/www.manaus.am.gov.br\/semtepi\/#organization\"},\"alternateName\":\"Secretaria Municipal do Trabalho, Empreendedorismo e Inova\u00e7\u00e3o\",\"potentialAction\":[{\"@type\":\"SearchAction\",\"target\":{\"@type\":\"EntryPoint\",\"urlTemplate\":\"https:\/\/www.manaus.am.gov.br\/semtepi\/?s={search_term_string}\"},\"query-input\":\"required name=search_term_string\"}],\"inLanguage\":\"pt-BR\"},{\"@type\":\"Organization\",\"@id\":\"https:\/\/www.manaus.am.gov.br\/semtepi\/#organization\",\"name\":\"Prefeitura Municipal de Manaus\",\"alternateName\":\"Prefeitura de Manaus\",\"url\":\"https:\/\/www.manaus.am.gov.br\/semtepi\/\",\"logo\":{\"@type\":\"ImageObject\",\"inLanguage\":\"pt-BR\",\"@id\":\"https:\/\/www.manaus.am.gov.br\/semtepi\/#\/schema\/logo\/image\/\",\"url\":\"https:\/\/www.manaus.am.gov.br\/semtepi\/wp-content\/uploads\/sites\/20\/2024\/07\/favicon.png\",\"contentUrl\":\"https:\/\/www.manaus.am.gov.br\/semtepi\/wp-content\/uploads\/sites\/20\/2024\/07\/favicon.png\",\"width\":300,\"height\":300,\"caption\":\"Prefeitura Municipal de Manaus\"},\"image\":{\"@id\":\"https:\/\/www.manaus.am.gov.br\/semtepi\/#\/schema\/logo\/image\/\"}}]}<\/script>\n<!-- \/ Yoast SEO plugin. -->","yoast_head_json":{"title":"Qualifica + - SEMTEPI","robots":{"index":"noindex","follow":"follow"},"og_locale":"pt_BR","og_type":"article","og_title":"Qualifica + - SEMTEPI","og_url":"https:\/\/www.manaus.am.gov.br\/semtepi\/a-semtepi\/editais\/qualifica\/","og_site_name":"SEMTEPI","article_modified_time":"2025-09-30T15:26:33+00:00","og_image":[{"width":966,"height":520,"url":"https:\/\/www.manaus.am.gov.br\/semtepi\/wp-content\/uploads\/sites\/20\/2024\/07\/thumb-default-2.png","type":"image\/png"}],"twitter_card":"summary_large_image","twitter_misc":{"Est. reading time":"1 minuto"},"schema":{"@context":"https:\/\/schema.org","@graph":[{"@type":"WebPage","@id":"https:\/\/www.manaus.am.gov.br\/semtepi\/a-semtepi\/editais\/qualifica\/","url":"https:\/\/www.manaus.am.gov.br\/semtepi\/a-semtepi\/editais\/qualifica\/","name":"Qualifica + - SEMTEPI","isPartOf":{"@id":"https:\/\/www.manaus.am.gov.br\/semtepi\/#website"},"datePublished":"2025-09-16T19:06:47+00:00","dateModified":"2025-09-30T15:26:33+00:00","breadcrumb":{"@id":"https:\/\/www.manaus.am.gov.br\/semtepi\/a-semtepi\/editais\/qualifica\/#breadcrumb"},"inLanguage":"pt-BR","potentialAction":[{"@type":"ReadAction","target":["https:\/\/www.manaus.am.gov.br\/semtepi\/a-semtepi\/editais\/qualifica\/"]}]},{"@type":"BreadcrumbList","@id":"https:\/\/www.manaus.am.gov.br\/semtepi\/a-semtepi\/editais\/qualifica\/#breadcrumb","itemListElement":[{"@type":"ListItem","position":1,"name":"Home","item":"https:\/\/www.manaus.am.gov.br\/semtepi\/"},{"@type":"ListItem","position":2,"name":"A Semtepi","item":"https:\/\/www.manaus.am.gov.br\/semtepi\/a-semtepi\/"},{"@type":"ListItem","position":3,"name":"Editais","item":"https:\/\/www.manaus.am.gov.br\/semtepi\/a-semtepi\/editais\/"},{"@type":"ListItem","position":4,"name":"Qualifica +"}]},{"@type":"WebSite","@id":"https:\/\/www.manaus.am.gov.br\/semtepi\/#website","url":"https:\/\/www.manaus.am.gov.br\/semtepi\/","name":"SEMTEPI","description":"Prefeitura de Manaus","publisher":{"@id":"https:\/\/www.manaus.am.gov.br\/semtepi\/#organization"},"alternateName":"Secretaria Municipal do Trabalho, Empreendedorismo e Inova\u00e7\u00e3o","potentialAction":[{"@type":"SearchAction","target":{"@type":"EntryPoint","urlTemplate":"https:\/\/www.manaus.am.gov.br\/semtepi\/?s={search_term_string}"},"query-input":"required name=search_term_string"}],"inLanguage":"pt-BR"},{"@type":"Organization","@id":"https:\/\/www.manaus.am.gov.br\/semtepi\/#organization","name":"Prefeitura Municipal de Manaus","alternateName":"Prefeitura de Manaus","url":"https:\/\/www.manaus.am.gov.br\/semtepi\/","logo":{"@type":"ImageObject","inLanguage":"pt-BR","@id":"https:\/\/www.manaus.am.gov.br\/semtepi\/#\/schema\/logo\/image\/","url":"https:\/\/www.manaus.am.gov.br\/semtepi\/wp-content\/uploads\/sites\/20\/2024\/07\/favicon.png","contentUrl":"https:\/\/www.manaus.am.gov.br\/semtepi\/wp-content\/uploads\/sites\/20\/2024\/07\/favicon.png","width":300,"height":300,"caption":"Prefeitura Municipal de Manaus"},"image":{"@id":"https:\/\/www.manaus.am.gov.br\/semtepi\/#\/schema\/logo\/image\/"}}]}},"_links":{"self":[{"href":"https:\/\/www.manaus.am.gov.br\/semtepi\/wp-json\/wp\/v2\/pages\/6949"}],"collection":[{"href":"https:\/\/www.manaus.am.gov.br\/semtepi\/wp-json\/wp\/v2\/pages"}],"about":[{"href":"https:\/\/www.manaus.am.gov.br\/semtepi\/wp-json\/wp\/v2\/types\/page"}],"author":[{"embeddable":true,"href":"https:\/\/www.manaus.am.gov.br\/semtepi\/wp-json\/wp\/v2\/users\/8"}],"replies":[{"embeddable":true,"href":"https:\/\/www.manaus.am.gov.br\/semtepi\/wp-json\/wp\/v2\/comments?post=6949"}],"version-history":[{"count":7,"href":"https:\/\/www.manaus.am.gov.br\/semtepi\/wp-json\/wp\/v2\/pages\/6949\/revisions"}],"predecessor-version":[{"id":7085,"href":"https:\/\/www.manaus.am.gov.br\/semtepi\/wp-json\/wp\/v2\/pages\/6949\/revisions\/7085"}],"up":[{"embeddable":true,"href":"https:\/\/www.manaus.am.gov.br\/semtepi\/wp-json\/wp\/v2\/pages\/251"}],"wp:attachment":[{"href":"https:\/\/www.manaus.am.gov.br\/semtepi\/wp-json\/wp\/v2\/media?parent=6949"}],"curies":[{"name":"wp","href":"https:\/\/api.w.org\/{rel}","templated":true}]}}