{"id":6703,"date":"2025-07-31T10:02:04","date_gmt":"2025-07-31T14:02:04","guid":{"rendered":"https:\/\/www.manaus.am.gov.br\/semtepi\/?page_id=6703"},"modified":"2025-09-30T11:28:31","modified_gmt":"2025-09-30T15:28:31","slug":"inova-mulher","status":"publish","type":"page","link":"https:\/\/www.manaus.am.gov.br\/semtepi\/a-semtepi\/editais\/inova-mulher\/","title":{"rendered":"Inova Mulher"},"content":{"rendered":"\n<div class=\"wp-block-file\"><a id=\"wp-block-file--media-0d9ff41d-bec6-4422-9135-b22533e02def\" href=\"https:\/\/www.manaus.am.gov.br\/semtepi\/wp-content\/uploads\/sites\/20\/2025\/09\/DOM-6163-26.09.2025-RESULTADO-PRELIMINAR-INOVA-MULHER.pdf\">Lista de selecionados<\/a><\/div>\n\n\n\n<div class=\"wp-block-file\"><a id=\"wp-block-file--media-8ade5cd5-0366-437f-b683-f014dcd43c99\" href=\"https:\/\/www.manaus.am.gov.br\/semtepi\/wp-content\/uploads\/sites\/20\/2025\/08\/EDITAL-INOVA-MULHER.pdf\">EDITAL INOVA MULHER<\/a><\/div>\n\n\n\n<p><s>Inscri\u00e7\u00f5es prorrogadas at\u00e9 o dia 10\/09<\/s><\/p>\n\n\n\n<h2 class=\"wp-block-heading\">Documentos: <\/h2>\n\n\n\n<div class=\"wp-block-file\"><a id=\"wp-block-file--media-9aacee99-9f2a-40f2-bb99-bc7187e90d9c\" href=\"https:\/\/www.manaus.am.gov.br\/semtepi\/wp-content\/uploads\/sites\/20\/2025\/07\/01-FICHA-DE-CADASTRO.docx\">01 FICHA DE CADASTRO<\/a><\/div>\n\n\n\n<div class=\"wp-block-file\"><a id=\"wp-block-file--media-38128f13-ed03-4225-b82d-c700ca4d483f\" href=\"https:\/\/www.manaus.am.gov.br\/semtepi\/wp-content\/uploads\/sites\/20\/2025\/07\/02-DECLARACAO-DA-REGULARIDADE-DE-PRESTACAO-DE-CONTAS.docx\">02 DECLARA\u00c7\u00c3O DA REGULARIDADE DE PRESTA\u00c7\u00c3O DE CONTAS<\/a><\/div>\n\n\n\n<div class=\"wp-block-file\"><a id=\"wp-block-file--media-019c4492-8078-4fbb-8550-b3259fe3dc21\" href=\"https:\/\/www.manaus.am.gov.br\/semtepi\/wp-content\/uploads\/sites\/20\/2025\/07\/03-DECLARACAO-DE-REGULARIDADE-DOS-DIRIGENTES-I.docx\">03 DECLARA\u00c7\u00c3O DE REGULARIDADE DOS DIRIGENTES I<\/a><\/div>\n\n\n\n<div class=\"wp-block-file\"><a id=\"wp-block-file--media-72d5c19d-6af3-4ba0-b511-9a544c2bc334\" href=\"https:\/\/www.manaus.am.gov.br\/semtepi\/wp-content\/uploads\/sites\/20\/2025\/07\/04-DECLARACAO-DE-REGULARIDADE-DOS-DIRIGENTES-II.docx\">04 DECLARA\u00c7\u00c3O DE REGULARIDADE DOS DIRIGENTES II<\/a><\/div>\n\n\n\n<div class=\"wp-block-file\"><a id=\"wp-block-file--media-49d7542c-ee93-40cf-9c28-be9c8cbbc27e\" href=\"https:\/\/www.manaus.am.gov.br\/semtepi\/wp-content\/uploads\/sites\/20\/2025\/07\/05-DECLARACAO-DE-REGULARIDADE-DOS-DIRIGENTES-III.docx\">05 DECLARA\u00c7\u00c3O DE REGULARIDADE DOS DIRIGENTES III<\/a><\/div>\n\n\n\n<div class=\"wp-block-file\"><a id=\"wp-block-file--media-dd952f1e-4fa2-451a-b059-b6c7f84f55b7\" href=\"https:\/\/www.manaus.am.gov.br\/semtepi\/wp-content\/uploads\/sites\/20\/2025\/07\/06-DECLARACAO-DE-REGULARIDADE-DOS-DIRIGENTES-IV.docx\">06 DECLARA\u00c7\u00c3O DE REGULARIDADE DOS DIRIGENTES IV<\/a><\/div>\n\n\n\n<div class=\"wp-block-file\"><a id=\"wp-block-file--media-30325713-a70a-4a82-b8d4-37bd3ea4943e\" href=\"https:\/\/www.manaus.am.gov.br\/semtepi\/wp-content\/uploads\/sites\/20\/2025\/07\/07-DECLARACAO-DE-REGULARIDADE-DA-OSC-I.docx\">07 DECLARA\u00c7\u00c3O DE REGULARIDADE DA OSC I<\/a><\/div>\n\n\n\n<div class=\"wp-block-file\"><a id=\"wp-block-file--media-9a062587-b5d0-4d01-afa5-8053acad8a4e\" href=\"https:\/\/www.manaus.am.gov.br\/semtepi\/wp-content\/uploads\/sites\/20\/2025\/07\/08-DECLARACAO-DE-REGULARIDADE-DA-OSC-II.docx\">08 DECLARA\u00c7\u00c3O DE REGULARIDADE DA OSC II<\/a><\/div>\n\n\n\n<div class=\"wp-block-file\"><a id=\"wp-block-file--media-1f706aab-fba6-4450-8191-f65956a54398\" href=\"https:\/\/www.manaus.am.gov.br\/semtepi\/wp-content\/uploads\/sites\/20\/2025\/07\/09-DECLARACAO-DA-NAO-CONTRATACAO-DE-SERVIDOR-OU-EMPREGADO-PUBLICO.docx\">09 DECLARA\u00c7\u00c3O DA N\u00c3O CONTRATA\u00c7\u00c3O DE SERVIDOR OU EMPREGADO P\u00daBLICO<\/a><\/div>\n\n\n\n<div class=\"wp-block-file\"><a id=\"wp-block-file--media-f9fd51ba-6d86-4b11-9cc4-0e198a8d0575\" href=\"https:\/\/www.manaus.am.gov.br\/semtepi\/wp-content\/uploads\/sites\/20\/2025\/07\/10-DECLARACAO-DA-NAO-REMUNERACAO-I.docx\">10 DECLARA\u00c7\u00c3O DA N\u00c3O REMUNERA\u00c7\u00c3O I<\/a><\/div>\n\n\n\n<div class=\"wp-block-file\"><a id=\"wp-block-file--media-ad9151a0-aa49-4ce2-819b-808c3e5ae24b\" href=\"https:\/\/www.manaus.am.gov.br\/semtepi\/wp-content\/uploads\/sites\/20\/2025\/07\/11-DECLARACAO-SOBRE-INSTALACOES-E-CONDICOES-MATERIAIS.docx\">11 DECLARA\u00c7\u00c3O SOBRE INSTALA\u00c7\u00d5ES E CONDI\u00c7\u00d5ES MATERIAIS<\/a><\/div>\n\n\n\n<div class=\"wp-block-file\"><a id=\"wp-block-file--media-5d70af01-f7e5-4115-90a9-0450fa66c2fd\" href=\"https:\/\/www.manaus.am.gov.br\/semtepi\/wp-content\/uploads\/sites\/20\/2025\/07\/12-DECLARACAO-DE-CIENCIA-E-RESPONSABILIDADE.docx\">12 DECLARA\u00c7\u00c3O DE CI\u00caNCIA E RESPONSABILIDADE<\/a><\/div>\n\n\n\n<div class=\"wp-block-file\"><a id=\"wp-block-file--media-b2536ad8-a60a-4fa7-84ad-b9d77e93985b\" href=\"https:\/\/www.manaus.am.gov.br\/semtepi\/wp-content\/uploads\/sites\/20\/2025\/07\/13-ANEXO-IV-_-MODELO-DE-PLANO-DE-TRABALHO.docx\">13 ANEXO IV _ MODELO DE PLANO DE TRABALHO<\/a><\/div>\n\n\n\n<div class=\"wp-block-file\"><a id=\"wp-block-file--media-714cf0ed-ed53-437d-8391-cf34698594da\" href=\"https:\/\/www.manaus.am.gov.br\/semtepi\/wp-content\/uploads\/sites\/20\/2025\/07\/14-ANEXO-V-_-MINUTA-DO-TERMO-DE-COLABORACAO.docx\">14 ANEXO V _ MINUTA DO TERMO DE COLABORA\u00c7\u00c3O<\/a><\/div>\n","protected":false},"excerpt":{"rendered":"","protected":false},"author":8,"featured_media":0,"parent":251,"menu_order":0,"comment_status":"closed","ping_status":"closed","template":"","meta":{"footnotes":""},"acf":[],"yoast_head":"<!-- This site is optimized with the Yoast SEO plugin v23.0 - https:\/\/yoast.com\/wordpress\/plugins\/seo\/ -->\n<title>Inova Mulher - SEMTEPI<\/title>\n<meta name=\"robots\" content=\"noindex, follow\" \/>\n<meta property=\"og:locale\" content=\"pt_BR\" \/>\n<meta property=\"og:type\" content=\"article\" \/>\n<meta property=\"og:title\" content=\"Inova Mulher - SEMTEPI\" \/>\n<meta property=\"og:url\" content=\"https:\/\/www.manaus.am.gov.br\/semtepi\/a-semtepi\/editais\/inova-mulher\/\" \/>\n<meta property=\"og:site_name\" content=\"SEMTEPI\" \/>\n<meta property=\"article:modified_time\" content=\"2025-09-30T15:28:31+00:00\" \/>\n<meta property=\"og:image\" content=\"https:\/\/www.manaus.am.gov.br\/semtepi\/wp-content\/uploads\/sites\/20\/2024\/07\/thumb-default-2.png\" \/>\n\t<meta property=\"og:image:width\" content=\"966\" \/>\n\t<meta property=\"og:image:height\" content=\"520\" \/>\n\t<meta property=\"og:image:type\" content=\"image\/png\" \/>\n<meta name=\"twitter:card\" content=\"summary_large_image\" \/>\n<meta name=\"twitter:label1\" content=\"Est. reading time\" \/>\n\t<meta name=\"twitter:data1\" content=\"1 minuto\" \/>\n<script type=\"application\/ld+json\" class=\"yoast-schema-graph\">{\"@context\":\"https:\/\/schema.org\",\"@graph\":[{\"@type\":\"WebPage\",\"@id\":\"https:\/\/www.manaus.am.gov.br\/semtepi\/a-semtepi\/editais\/inova-mulher\/\",\"url\":\"https:\/\/www.manaus.am.gov.br\/semtepi\/a-semtepi\/editais\/inova-mulher\/\",\"name\":\"Inova Mulher - SEMTEPI\",\"isPartOf\":{\"@id\":\"https:\/\/www.manaus.am.gov.br\/semtepi\/#website\"},\"datePublished\":\"2025-07-31T14:02:04+00:00\",\"dateModified\":\"2025-09-30T15:28:31+00:00\",\"breadcrumb\":{\"@id\":\"https:\/\/www.manaus.am.gov.br\/semtepi\/a-semtepi\/editais\/inova-mulher\/#breadcrumb\"},\"inLanguage\":\"pt-BR\",\"potentialAction\":[{\"@type\":\"ReadAction\",\"target\":[\"https:\/\/www.manaus.am.gov.br\/semtepi\/a-semtepi\/editais\/inova-mulher\/\"]}]},{\"@type\":\"BreadcrumbList\",\"@id\":\"https:\/\/www.manaus.am.gov.br\/semtepi\/a-semtepi\/editais\/inova-mulher\/#breadcrumb\",\"itemListElement\":[{\"@type\":\"ListItem\",\"position\":1,\"name\":\"Home\",\"item\":\"https:\/\/www.manaus.am.gov.br\/semtepi\/\"},{\"@type\":\"ListItem\",\"position\":2,\"name\":\"A Semtepi\",\"item\":\"https:\/\/www.manaus.am.gov.br\/semtepi\/a-semtepi\/\"},{\"@type\":\"ListItem\",\"position\":3,\"name\":\"Editais\",\"item\":\"https:\/\/www.manaus.am.gov.br\/semtepi\/a-semtepi\/editais\/\"},{\"@type\":\"ListItem\",\"position\":4,\"name\":\"Inova Mulher\"}]},{\"@type\":\"WebSite\",\"@id\":\"https:\/\/www.manaus.am.gov.br\/semtepi\/#website\",\"url\":\"https:\/\/www.manaus.am.gov.br\/semtepi\/\",\"name\":\"SEMTEPI\",\"description\":\"Prefeitura de Manaus\",\"publisher\":{\"@id\":\"https:\/\/www.manaus.am.gov.br\/semtepi\/#organization\"},\"alternateName\":\"Secretaria Municipal do Trabalho, Empreendedorismo e Inova\u00e7\u00e3o\",\"potentialAction\":[{\"@type\":\"SearchAction\",\"target\":{\"@type\":\"EntryPoint\",\"urlTemplate\":\"https:\/\/www.manaus.am.gov.br\/semtepi\/?s={search_term_string}\"},\"query-input\":\"required name=search_term_string\"}],\"inLanguage\":\"pt-BR\"},{\"@type\":\"Organization\",\"@id\":\"https:\/\/www.manaus.am.gov.br\/semtepi\/#organization\",\"name\":\"Prefeitura Municipal de Manaus\",\"alternateName\":\"Prefeitura de Manaus\",\"url\":\"https:\/\/www.manaus.am.gov.br\/semtepi\/\",\"logo\":{\"@type\":\"ImageObject\",\"inLanguage\":\"pt-BR\",\"@id\":\"https:\/\/www.manaus.am.gov.br\/semtepi\/#\/schema\/logo\/image\/\",\"url\":\"https:\/\/www.manaus.am.gov.br\/semtepi\/wp-content\/uploads\/sites\/20\/2024\/07\/favicon.png\",\"contentUrl\":\"https:\/\/www.manaus.am.gov.br\/semtepi\/wp-content\/uploads\/sites\/20\/2024\/07\/favicon.png\",\"width\":300,\"height\":300,\"caption\":\"Prefeitura Municipal de Manaus\"},\"image\":{\"@id\":\"https:\/\/www.manaus.am.gov.br\/semtepi\/#\/schema\/logo\/image\/\"}}]}<\/script>\n<!-- \/ Yoast SEO plugin. -->","yoast_head_json":{"title":"Inova Mulher - SEMTEPI","robots":{"index":"noindex","follow":"follow"},"og_locale":"pt_BR","og_type":"article","og_title":"Inova Mulher - SEMTEPI","og_url":"https:\/\/www.manaus.am.gov.br\/semtepi\/a-semtepi\/editais\/inova-mulher\/","og_site_name":"SEMTEPI","article_modified_time":"2025-09-30T15:28:31+00:00","og_image":[{"width":966,"height":520,"url":"https:\/\/www.manaus.am.gov.br\/semtepi\/wp-content\/uploads\/sites\/20\/2024\/07\/thumb-default-2.png","type":"image\/png"}],"twitter_card":"summary_large_image","twitter_misc":{"Est. reading time":"1 minuto"},"schema":{"@context":"https:\/\/schema.org","@graph":[{"@type":"WebPage","@id":"https:\/\/www.manaus.am.gov.br\/semtepi\/a-semtepi\/editais\/inova-mulher\/","url":"https:\/\/www.manaus.am.gov.br\/semtepi\/a-semtepi\/editais\/inova-mulher\/","name":"Inova Mulher - SEMTEPI","isPartOf":{"@id":"https:\/\/www.manaus.am.gov.br\/semtepi\/#website"},"datePublished":"2025-07-31T14:02:04+00:00","dateModified":"2025-09-30T15:28:31+00:00","breadcrumb":{"@id":"https:\/\/www.manaus.am.gov.br\/semtepi\/a-semtepi\/editais\/inova-mulher\/#breadcrumb"},"inLanguage":"pt-BR","potentialAction":[{"@type":"ReadAction","target":["https:\/\/www.manaus.am.gov.br\/semtepi\/a-semtepi\/editais\/inova-mulher\/"]}]},{"@type":"BreadcrumbList","@id":"https:\/\/www.manaus.am.gov.br\/semtepi\/a-semtepi\/editais\/inova-mulher\/#breadcrumb","itemListElement":[{"@type":"ListItem","position":1,"name":"Home","item":"https:\/\/www.manaus.am.gov.br\/semtepi\/"},{"@type":"ListItem","position":2,"name":"A Semtepi","item":"https:\/\/www.manaus.am.gov.br\/semtepi\/a-semtepi\/"},{"@type":"ListItem","position":3,"name":"Editais","item":"https:\/\/www.manaus.am.gov.br\/semtepi\/a-semtepi\/editais\/"},{"@type":"ListItem","position":4,"name":"Inova Mulher"}]},{"@type":"WebSite","@id":"https:\/\/www.manaus.am.gov.br\/semtepi\/#website","url":"https:\/\/www.manaus.am.gov.br\/semtepi\/","name":"SEMTEPI","description":"Prefeitura de Manaus","publisher":{"@id":"https:\/\/www.manaus.am.gov.br\/semtepi\/#organization"},"alternateName":"Secretaria Municipal do Trabalho, Empreendedorismo e Inova\u00e7\u00e3o","potentialAction":[{"@type":"SearchAction","target":{"@type":"EntryPoint","urlTemplate":"https:\/\/www.manaus.am.gov.br\/semtepi\/?s={search_term_string}"},"query-input":"required name=search_term_string"}],"inLanguage":"pt-BR"},{"@type":"Organization","@id":"https:\/\/www.manaus.am.gov.br\/semtepi\/#organization","name":"Prefeitura Municipal de Manaus","alternateName":"Prefeitura de Manaus","url":"https:\/\/www.manaus.am.gov.br\/semtepi\/","logo":{"@type":"ImageObject","inLanguage":"pt-BR","@id":"https:\/\/www.manaus.am.gov.br\/semtepi\/#\/schema\/logo\/image\/","url":"https:\/\/www.manaus.am.gov.br\/semtepi\/wp-content\/uploads\/sites\/20\/2024\/07\/favicon.png","contentUrl":"https:\/\/www.manaus.am.gov.br\/semtepi\/wp-content\/uploads\/sites\/20\/2024\/07\/favicon.png","width":300,"height":300,"caption":"Prefeitura Municipal de Manaus"},"image":{"@id":"https:\/\/www.manaus.am.gov.br\/semtepi\/#\/schema\/logo\/image\/"}}]}},"_links":{"self":[{"href":"https:\/\/www.manaus.am.gov.br\/semtepi\/wp-json\/wp\/v2\/pages\/6703"}],"collection":[{"href":"https:\/\/www.manaus.am.gov.br\/semtepi\/wp-json\/wp\/v2\/pages"}],"about":[{"href":"https:\/\/www.manaus.am.gov.br\/semtepi\/wp-json\/wp\/v2\/types\/page"}],"author":[{"embeddable":true,"href":"https:\/\/www.manaus.am.gov.br\/semtepi\/wp-json\/wp\/v2\/users\/8"}],"replies":[{"embeddable":true,"href":"https:\/\/www.manaus.am.gov.br\/semtepi\/wp-json\/wp\/v2\/comments?post=6703"}],"version-history":[{"count":10,"href":"https:\/\/www.manaus.am.gov.br\/semtepi\/wp-json\/wp\/v2\/pages\/6703\/revisions"}],"predecessor-version":[{"id":7088,"href":"https:\/\/www.manaus.am.gov.br\/semtepi\/wp-json\/wp\/v2\/pages\/6703\/revisions\/7088"}],"up":[{"embeddable":true,"href":"https:\/\/www.manaus.am.gov.br\/semtepi\/wp-json\/wp\/v2\/pages\/251"}],"wp:attachment":[{"href":"https:\/\/www.manaus.am.gov.br\/semtepi\/wp-json\/wp\/v2\/media?parent=6703"}],"curies":[{"name":"wp","href":"https:\/\/api.w.org\/{rel}","templated":true}]}}