{"id":6192,"date":"2025-04-24T16:43:36","date_gmt":"2025-04-24T20:43:36","guid":{"rendered":"https:\/\/www.manaus.am.gov.br\/semtepi\/?page_id=6192"},"modified":"2025-04-25T15:00:18","modified_gmt":"2025-04-25T19:00:18","slug":"fmt","status":"publish","type":"page","link":"https:\/\/www.manaus.am.gov.br\/semtepi\/fmt\/","title":{"rendered":"FMT"},"content":{"rendered":"\n<p>Criado pela Lei n\u00ba 2.535, de 14 de novembro de 2019, o Fundo Municipal do Trabalho (FMT) \u00e9 um instrumento financeiro do munic\u00edpio de Manaus destinado ao financiamento de pol\u00edticas p\u00fablicas voltadas para a gera\u00e7\u00e3o de emprego, renda e qualifica\u00e7\u00e3o profissional da popula\u00e7\u00e3o. O Fundo \u00e9 um \u00f3rg\u00e3o vinculado \u00e0 Secretaria Municipal do Trabalho, Empreendedorismo e Inova\u00e7\u00e3o (SEMTEPI), sendo orientado e controlado pelo Conselho Municipal do Trabalho (CMT). De natureza cont\u00e1bil-financeira, o fundo tem a finalidade de apoiar iniciativas locais que fortale\u00e7am o mercado de trabalho e promovam o desenvolvimento socioecon\u00f4mico da cidade.<\/p>\n\n\n\n<p><strong>LEGISLA\u00c7\u00c3O<\/strong><\/p>\n\n\n\n<p><a href=\"https:\/\/www.manaus.am.gov.br\/semtepi\/wp-content\/uploads\/sites\/20\/2025\/04\/1-DOM-4721_-LEI-2535-REVOGA-E-CRIA-A-LEI-DO-FUNDO-E-O-CONSELHO-MUNICIPAL-DO-TRABALHO.pdf\">DOM 4721_ LEI 2535 &#8211; REVOGA E CRIA A LEI DO FUNDO E O CONSELHO MUNICIPAL DO TRABALHO<\/a><\/p>\n\n\n\n<p><a href=\"https:\/\/www.manaus.am.gov.br\/semtepi\/wp-content\/uploads\/sites\/20\/2025\/04\/3-Regimento-Interno-do-FMT-DOM-5151-29.07.2021-CAD-1-Resolucao-no-008-de-09-de-Jul-de-2021.pdf\">Regimento Interno do FMT &#8211; DOM 5151 29.07.2021 CAD 1 &#8211; Resolu\u00e7\u00e3o n\u00ba 008, de 09 de Jul de 2021<\/a><\/p>\n\n\n\n<p><strong>Conselho Municipal do Trabalho<\/strong><\/p>\n\n\n\n<p>Com papel fundamental na gest\u00e3o do Fundo Municipal do Trabalho (FMT), o Conselho Municipal do Trabalho (CMT) atua como inst\u00e2ncia deliberativa e permanente na constru\u00e7\u00e3o de pol\u00edticas p\u00fablicas voltadas \u00e0 empregabilidade, qualifica\u00e7\u00e3o profissional e incentivo ao empreendedorismo em Manaus.<\/p>\n\n\n\n<p>Vinculado \u00e0 Secretaria Municipal do Trabalho, Empreendedorismo e Inova\u00e7\u00e3o (Semtepi), o Conselho tem composi\u00e7\u00e3o tripartite e parit\u00e1ria, com representantes do poder p\u00fablico, trabalhadores e empregadores, garantindo participa\u00e7\u00e3o democr\u00e1tica nas decis\u00f5es que impactam o mercado de trabalho local.<\/p>\n\n\n\n<p>Entre suas atribui\u00e7\u00f5es, est\u00e3o a proposi\u00e7\u00e3o e acompanhamento de programas municipais de gera\u00e7\u00e3o de emprego e renda, fiscaliza\u00e7\u00e3o da aplica\u00e7\u00e3o dos recursos do SINE, e incentivo ao cooperativismo e \u00e0 inova\u00e7\u00e3o. Ao lado da Semtepi, o Conselho tamb\u00e9m \u00e9 respons\u00e1vel por definir as diretrizes de aplica\u00e7\u00e3o dos recursos do FMT, que financiam a\u00e7\u00f5es estrat\u00e9gicas.<\/p>\n\n\n\n<p><\/p>\n\n\n\n<h2 class=\"wp-block-heading\">LEGISLA\u00c7\u00c3O<\/h2>\n\n\n\n<p><a href=\"https:\/\/www.manaus.am.gov.br\/semtepi\/wp-content\/uploads\/sites\/20\/2025\/04\/2-Regimento-Interno-do-CMT-DOM-5151-29.07.2021-CAD-1-Resolucao-no-007-de-09-de-Jul-de-2021.pdf\">Regimento Interno do CMT &#8211; DOM 5151 29.07.2021 CAD 1 &#8211; Resolu\u00e7\u00e3o n\u00ba 007, de 09 de Jul de 2021<\/a><\/p>\n\n\n\n<p><a href=\"https:\/\/www.manaus.am.gov.br\/semtepi\/wp-content\/uploads\/sites\/20\/2025\/04\/4-COMPOSICAO-CMT2023-2025-DOM-5992-17.01.2025-CAD-1.pdf\">COMPOSI\u00c7\u00c3O CMT2023-2025 &#8211; DOM 5992 17.01.2025 CAD 1<\/a><\/p>\n\n\n\n<p><\/p>\n\n\n\n<h2 class=\"wp-block-heading\">ATAS<\/h2>\n\n\n\n<p><a href=\"https:\/\/www.manaus.am.gov.br\/semtepi\/wp-content\/uploads\/sites\/20\/2025\/04\/ATA-DA-OITAVA-REUNIAO-DO-CMT.pdf\">ATA DA OITAVA REUNI\u00c3O DO CMT;<\/a><\/p>\n\n\n\n<p><a href=\"https:\/\/www.manaus.am.gov.br\/semtepi\/wp-content\/uploads\/sites\/20\/2025\/04\/ATA-DA-NONA-REUNIAO-DO-CMT.pdf\">ATA DA NONA REUNI\u00c3O DO CMT;<\/a><\/p>\n\n\n\n<p><a href=\"https:\/\/www.manaus.am.gov.br\/semtepi\/wp-content\/uploads\/sites\/20\/2025\/04\/ATA-DA-DECIMA-REUNIAO-DO-CMT.pdf\">ATA DA D\u00c9CIMA REUNI\u00c3O DO CMT;<\/a><\/p>\n\n\n\n<p><a href=\"https:\/\/www.manaus.am.gov.br\/semtepi\/wp-content\/uploads\/sites\/20\/2025\/04\/ATA-DA-DECIMA-PRIMEIRA-REUNIAO-DO-CMT.pdf\">ATA DA D\u00c9CIMA PRIMEIRA REUNI\u00c3O DO CMT;<\/a><\/p>\n\n\n\n<p><a href=\"https:\/\/www.manaus.am.gov.br\/semtepi\/wp-content\/uploads\/sites\/20\/2025\/04\/ATA-DA-DECIMA-SEGUNDA-REUNIAO-DO-CMT.pdf\">ATA DA D\u00c9CIMA SEGUNDA REUNI\u00c3O DO CMT;<\/a><\/p>\n\n\n\n<p><a href=\"https:\/\/www.manaus.am.gov.br\/semtepi\/wp-content\/uploads\/sites\/20\/2025\/04\/ATA-DA-DECIMA-TERCEIRA-REUNIAO-2023.pdf\">ATA DA D\u00c9CIMA TERCEIRA REUNI\u00c3O;<\/a><\/p>\n\n\n\n<p><a href=\"https:\/\/www.manaus.am.gov.br\/semtepi\/wp-content\/uploads\/sites\/20\/2025\/04\/ATA-DA-DECIMA-QUARTA-REUNIAO-2023.pdf\">ATA DA D\u00c9CIMA QUARTA REUNI\u00c3O;<\/a><\/p>\n\n\n\n<p><a href=\"https:\/\/www.manaus.am.gov.br\/semtepi\/wp-content\/uploads\/sites\/20\/2025\/04\/ATA-DA-DECIMA-QUINTA-REUNIAO.pdf\">ATA DA D\u00c9CIMA QUINTA REUNI\u00c3O;<\/a><\/p>\n\n\n\n<p><a href=\"https:\/\/www.manaus.am.gov.br\/semtepi\/wp-content\/uploads\/sites\/20\/2025\/04\/ATA-DA-DECIMA-SEXTA-REUNIAO-DO-CMT.pdf\">ATA DA D\u00c9CIMA SEXTA REUNI\u00c3O DO CMT;<\/a><\/p>\n\n\n\n<p><a href=\"https:\/\/www.manaus.am.gov.br\/semtepi\/wp-content\/uploads\/sites\/20\/2025\/04\/ATA-DA-DECIMA-SETIMA-REUNIAO-DO-CMT.pdf\">ATA DA D\u00c9CIMA S\u00c9TIMA REUNI\u00c3O DO CMT;<\/a><\/p>\n\n\n\n<p><a href=\"https:\/\/www.manaus.am.gov.br\/semtepi\/wp-content\/uploads\/sites\/20\/2025\/04\/ATA-DA-DECIMA-OITAVA-REUNIAO-DO-CMT.pdf\">ATA DA D\u00c9CIMA OITAVA REUNI\u00c3O DO CMT;<\/a><\/p>\n\n\n\n<p><a href=\"https:\/\/www.manaus.am.gov.br\/semtepi\/wp-content\/uploads\/sites\/20\/2025\/04\/ATA-DA-DECIMA-NONA-REUNIAO-DO-CMT.pdf\">ATA DA D\u00c9CIMA NONA REUNI\u00c3O DO CMT;<\/a><\/p>\n\n\n\n<p><a href=\"https:\/\/www.manaus.am.gov.br\/semtepi\/wp-content\/uploads\/sites\/20\/2025\/04\/ATA-DA-VIGESIMA-REUNIAO-DO-CMT.pdf\">ATA DA VIG\u00c9SIMA REUNI\u00c3O DO CMT.<\/a><\/p>\n\n\n\n<p><\/p>\n\n\n\n<h2 class=\"wp-block-heading\">RESOLU\u00c7\u00d5ES<\/h2>\n\n\n\n<p><a href=\"https:\/\/www.manaus.am.gov.br\/semtepi\/wp-content\/uploads\/sites\/20\/2025\/04\/RESOLUCAO-01-DOM-DOM-4620-17.06.2019-REGIMENTO-INTERNO-DO-CMT.pdf\">RESOLU\u00c7\u00c3O 01 &#8211; DOM DOM 4620 17.06.2019 &#8211; REGIMENTO INTERNO DO CMT;<\/a><\/p>\n\n\n\n<p><a href=\"https:\/\/www.manaus.am.gov.br\/semtepi\/wp-content\/uploads\/sites\/20\/2025\/04\/RESOLUCAO-02-DOM-DOM-4620-17.06.2019-REGIMENTO-INTERNO-DO-FMT.pdf\">RESOLU\u00c7\u00c3O 02 &#8211; DOM DOM 4620 17.06.2019 &#8211; REGIMENTO INTERNO DO FMT;<\/a><\/p>\n\n\n\n<p><a href=\"https:\/\/www.manaus.am.gov.br\/semtepi\/wp-content\/uploads\/sites\/20\/2025\/04\/RESOLUCAO-03-DOM-4983-10.12.2020-CAD-1-TORNA-PUBLICO-A-ELEICAO-DO-PRESIDENTE.pdf\">RESOLU\u00c7\u00c3O 03 &#8211; DOM 4983 10.12.2020 CAD 1 &#8211; TORNA P\u00daBLICO A ELEI\u00c7\u00c3O DO PRESIDENTE;<\/a><\/p>\n\n\n\n<p><a href=\"https:\/\/www.manaus.am.gov.br\/semtepi\/wp-content\/uploads\/sites\/20\/2025\/04\/RESOLUCAO-04-DOM-4983-10.12.2020-CAD-1.pdf\">RESOLU\u00c7\u00c3O 04 &#8211; DOM 4983 10.12.2020 CAD 1;<\/a><\/p>\n\n\n\n<p><a href=\"https:\/\/www.manaus.am.gov.br\/semtepi\/wp-content\/uploads\/sites\/20\/2025\/04\/RESOLUCAO-05-DOM-5021-01.02.2021-CAD-1-CONSELHO-MUNICIPAL-DO-TRABALHO-Pg.-15.pdf\">RESOLU\u00c7\u00c3O 05 &#8211; DOM 5021 01.02.2021 CAD 1 &#8211; CONSELHO MUNICIPAL DO TRABALHO &#8211; Pg. 15;<\/a><\/p>\n\n\n\n<p><a href=\"https:\/\/www.manaus.am.gov.br\/semtepi\/wp-content\/uploads\/sites\/20\/2025\/04\/RESOLUCAO-06-DOM-5136-08.07.2021-CAD-1-Ted-Kleber-eleito-Presidente-do-CMT.pdf\">RESOLU\u00c7\u00c3O 06 &#8211; DOM 5136 08.07.2021 CAD 1 &#8211; Ted Kleber eleito Presidente do CMT;<\/a><\/p>\n\n\n\n<p><a href=\"https:\/\/www.manaus.am.gov.br\/semtepi\/wp-content\/uploads\/sites\/20\/2025\/04\/RESOLUCAO-07-DOM-5151-29.07.2021-CAD-1-Aprova-o-Regimento-Interno-do-CMT.pdf\">RESOLU\u00c7\u00c3O 07 &#8211; DOM 5151 29.07.2021 CAD 1 &#8211; Aprova o Regimento Interno do CMT;<\/a><\/p>\n\n\n\n<p><a href=\"https:\/\/www.manaus.am.gov.br\/semtepi\/wp-content\/uploads\/sites\/20\/2025\/04\/RESOLUCAO-08-DOM-5151-29.07.2021-CAD-1-Aprova-o-Regimento-Interno-do-FMT.pdf\">RESOLU\u00c7\u00c3O 08 &#8211; DOM 5151 29.07.2021 CAD 1 &#8211; Aprova o Regimento Interno do FMT;<\/a><\/p>\n\n\n\n<p><a href=\"https:\/\/www.manaus.am.gov.br\/semtepi\/wp-content\/uploads\/sites\/20\/2025\/04\/RESOLUCAO-09-DOM-5170-25.08.2021-CAD-1.pdf\">RESOLU\u00c7\u00c3O 09 &#8211; DOM 5170 25.08.2021 CAD 1;<\/a><\/p>\n\n\n\n<p><a href=\"https:\/\/www.manaus.am.gov.br\/semtepi\/wp-content\/uploads\/sites\/20\/2025\/04\/RESOLUCAO-10-DOM-5193-28.09.2021-CAD-1-PG.-23-E-24-APROVA-PLANO-DE-ACOES-E-SERVICOS-PAS-DE-FORMENTO-A-GERACAO-DE-EMPREGO-E-RENDA-CMT.pdf\">RESOLU\u00c7\u00c3O 10 &#8211; DOM 5193 28.09.2021 CAD 1 &#8211; PG. 23 E 24 -APROVA PLANO DE A\u00c7\u00d5ES E SERVI\u00c7OS &#8211; PAS DE FORMENTO A GERA\u00c7\u00c3O DE EMPREGO E RENDA \u2013CMT;<\/a><\/p>\n\n\n\n<p><a href=\"https:\/\/www.manaus.am.gov.br\/semtepi\/wp-content\/uploads\/sites\/20\/2025\/04\/RESOLUCAO-11-DOM-5224-17.11.2021-CAD-1-Resolucao-no-011-2021-CMT-Aprova-PAS-SINE.pdf\">RESOLU\u00c7\u00c3O 11 &#8211; DOM 5224 17.11.2021 CAD 1 &#8211; Resolu\u00e7\u00e3o n\u00ba 011-2021-CMT &#8211; Aprova PAS-SINE;<\/a><\/p>\n\n\n\n<p><a href=\"https:\/\/www.manaus.am.gov.br\/semtepi\/wp-content\/uploads\/sites\/20\/2025\/04\/RESOLUCAO-12-DOM-5310-24.03.2022-CAD-1.pdf\">RESOLU\u00c7\u00c3O 12 &#8211; DOM 5310 24.03.2022 CAD 1;<\/a><\/p>\n\n\n\n<p><a href=\"https:\/\/www.manaus.am.gov.br\/semtepi\/wp-content\/uploads\/sites\/20\/2025\/04\/RESOLUCAO-13-DOM-5328-25.04.2022-CAD-1-PDF.pdf\">RESOLU\u00c7\u00c3O 13 &#8211; DOM 5328 25.04.2022 CAD 1 \u2013 PDF;<\/a><\/p>\n\n\n\n<p><a href=\"https:\/\/www.manaus.am.gov.br\/semtepi\/wp-content\/uploads\/sites\/20\/2025\/04\/RESOLUCAO-14-DOM-5354-31.05.2022-CAD-1-Resolucao-no-014-de-30-de-Mai-de-2022-CMT-Aprova-PAS-2022.pdf\">RESOLU\u00c7\u00c3O 14 &#8211; DOM 5354 31.05.2022 CAD 1 &#8211; Resolu\u00e7\u00e3o n\u00ba 014, de 30 de Mai de 2022 &#8211; CMT Aprova PAS 2022;<\/a><\/p>\n\n\n\n<p><a href=\"https:\/\/www.manaus.am.gov.br\/semtepi\/wp-content\/uploads\/sites\/20\/2025\/04\/RESOLUCAO-15-DOM-5363-13.06.2022-EXTRATO-PUB-PAS-2022.pdf\">RESOLU\u00c7\u00c3O 15 DOM &nbsp;5363 13.06.2022 &#8211; EXTRATO PUB PAS-2022;<\/a><\/p>\n\n\n\n<p><a href=\"https:\/\/www.manaus.am.gov.br\/semtepi\/wp-content\/uploads\/sites\/20\/2025\/04\/RESOLUCAO-16-DOM-5475-01.12.2022-CAD-1-Aprova-o-PAS-Sine.pdf\">RESOLU\u00c7\u00c3O 16 &#8211; DOM 5475 01.12.2022 CAD 1 &#8211; Aprova o PAS Sine;<\/a><\/p>\n\n\n\n<p><a href=\"https:\/\/www.manaus.am.gov.br\/semtepi\/wp-content\/uploads\/sites\/20\/2025\/04\/RESOLUCAO-17-DOM-5638-28.07.2023-CAD-1.doc-RESOLUCAO-N\u00b0-017.pdf\">RESOLU\u00c7\u00c3O 17 &#8211; DOM 5638 28.07.2023 CAD 1.doc RESOLU\u00c7AO N\u00b0 017;<\/a><\/p>\n\n\n\n<p><a href=\"https:\/\/www.manaus.am.gov.br\/semtepi\/wp-content\/uploads\/sites\/20\/2025\/04\/RESOLUCAO-18-DOM-5638-28.07.2023-CAD-1.doc-RESOLUCAO-N\u00b0-018.pdf\">RESOLU\u00c7\u00c3O 18 &#8211; DOM 5638 28.07.2023 CAD 1.doc RESOLU\u00c7\u00c3O N\u00b0 018;<\/a><\/p>\n\n\n\n<p><a href=\"https:\/\/www.manaus.am.gov.br\/semtepi\/wp-content\/uploads\/sites\/20\/2025\/04\/RESOLUCAO-19-DOM-5556-29.03.2023.PDF.pdf\">RESOLU\u00c7\u00c3O 19 &#8211; DOM &nbsp;5556 29.03.2023.PDF;<\/a><\/p>\n\n\n\n<p><a href=\"https:\/\/www.manaus.am.gov.br\/semtepi\/wp-content\/uploads\/sites\/20\/2025\/04\/RESOLUCAO-20-DOM-5556-29.03.2023.pdf\">RESOLU\u00c7\u00c3O 20 &#8211; DOM &nbsp;5556 29.03.2023;<\/a><\/p>\n\n\n\n<p><a href=\"https:\/\/www.manaus.am.gov.br\/semtepi\/wp-content\/uploads\/sites\/20\/2025\/04\/RESOLUCAO-21-DOM-5642-03.08.2023-CAD-1.PDF.pdf\">RESOLU\u00c7\u00c3O 21 &#8211; DOM 5642 03.08.2023 CAD 1.PDF;<\/a><\/p>\n\n\n\n<p><a href=\"https:\/\/www.manaus.am.gov.br\/semtepi\/wp-content\/uploads\/sites\/20\/2025\/04\/RESOLUCAO-22-DOM-5642-03.08.2023-CAD-1.pdf\">RESOLU\u00c7\u00c3O 22 &#8211; DOM 5642 03.08.2023 CAD 1;<\/a><\/p>\n\n\n\n<p><a href=\"https:\/\/www.manaus.am.gov.br\/semtepi\/wp-content\/uploads\/sites\/20\/2025\/04\/RESOLUCAO-23-DOM-5680-29.09.2023-DEU-PUBLICIDADE-PRESIDENTE-E-APROVA-O-PAS-2023.pdf\">RESOLU\u00c7\u00c3O 23 &#8211; DOM 5680 29.09.2023 &#8211; DEU PUBLICIDADE PRESIDENTE E APROVA O PAS -2023;<\/a><\/p>\n\n\n\n<p><a href=\"https:\/\/www.manaus.am.gov.br\/semtepi\/wp-content\/uploads\/sites\/20\/2025\/04\/RESOLUCAO-24-DOM-5680-29.09.2023-DEU-PUBLICIDADE-PRESIDENTE-E-APROVA-O-PAS-2023.pdf\">RESOLU\u00c7\u00c3O 24 &#8211; DOM 5680 29.09.2023 &#8211; DEU PUBLICIDADE PRESIDENTE E APROVA O PAS -2023;<\/a><\/p>\n\n\n\n<p><a href=\"https:\/\/www.manaus.am.gov.br\/semtepi\/wp-content\/uploads\/sites\/20\/2025\/04\/RESOLUCAO-25-DOM-5707-16.11.2023-APROVA-O-PAS-SINE-INVESTIMENTO.pdf\">RESOLU\u00c7\u00c3O 25 &#8211; DOM 5707 16.11.2023 &#8211; APROVA O PAS SINE \u2013 INVESTIMENTO;<\/a><\/p>\n\n\n\n<p><a href=\"https:\/\/www.manaus.am.gov.br\/semtepi\/wp-content\/uploads\/sites\/20\/2025\/04\/RESOLUCAO-26-DOM-5793-26.03.2024-CAD-1.pdf\">RESOLU\u00c7\u00c3O 26 &#8211; DOM 5793 26.03.2024 CAD 1;<\/a><\/p>\n\n\n\n<p><a href=\"https:\/\/www.manaus.am.gov.br\/semtepi\/wp-content\/uploads\/sites\/20\/2025\/04\/RESOLUCAO-27-DOM-5793-26.03.2024-CAD-1.pdf\">RESOLU\u00c7\u00c3O 27 &#8211; DOM 5793 26.03.2024 CAD 1;<\/a><\/p>\n\n\n\n<p><a href=\"https:\/\/www.manaus.am.gov.br\/semtepi\/wp-content\/uploads\/sites\/20\/2025\/04\/RESOLUCAO-28-DOM-5793-26.03.2024-CAD-1.pdf\">RESOLU\u00c7\u00c3O 28 &#8211; DOM 5793 26.03.2024 CAD 1;<\/a><\/p>\n\n\n\n<p><a href=\"https:\/\/www.manaus.am.gov.br\/semtepi\/wp-content\/uploads\/sites\/20\/2025\/04\/RESOLUCAO-29-DOM-5793-26.03.2024-CAD-1.pdf\">RESOLU\u00c7\u00c3O 29 &#8211; DOM 5793 26.03.2024 CAD 1;<\/a><\/p>\n\n\n\n<p><a href=\"https:\/\/www.manaus.am.gov.br\/semtepi\/wp-content\/uploads\/sites\/20\/2025\/04\/RESOLUCAO-30-DOM-5828-17.05.2024-CAD-1.pdf\">RESOLU\u00c7\u00c3O 30 &#8211; DOM 5828 17.05.2024 CAD 1;<\/a><\/p>\n\n\n\n<p><a href=\"https:\/\/www.manaus.am.gov.br\/semtepi\/wp-content\/uploads\/sites\/20\/2025\/04\/RESOLUCAO-30-DOM-5865-11.07.2024-ERRATA-FOMENTO-2024.pdf\">RESOLU\u00c7\u00c3O 30 &#8211; DOM 5865 11.07.2024 &#8211; ERRATA FOMENTO-2024;<\/a><\/p>\n\n\n\n<p><a href=\"https:\/\/www.manaus.am.gov.br\/semtepi\/wp-content\/uploads\/sites\/20\/2025\/04\/RESOLUCAO-31-DOM-5828-17.05.2024-CAD-1.pdf\">RESOLU\u00c7\u00c3O 31 &#8211; DOM 5828 17.05.2024 CAD 1;<\/a><\/p>\n\n\n\n<p><a href=\"https:\/\/www.manaus.am.gov.br\/semtepi\/wp-content\/uploads\/sites\/20\/2025\/04\/RESOLUCAO-32-DOM-6039-28.03.2025-CMT-RelaTorio-de-Gestao-CAD-1.pdf\">RESOLU\u00c7\u00c3O 32 DOM 6039 28.03.2025 CMT RelaT\u00f3rio de Gest\u00e3o &#8211; CAD 1;<\/a><\/p>\n\n\n\n<p><a href=\"https:\/\/www.manaus.am.gov.br\/semtepi\/wp-content\/uploads\/sites\/20\/2025\/04\/RESOLUCAO-33-DOM-6039-28.03.2025-CMT-RelaTorio-de-Gestao-CAD-1.pdf\">RESOLU\u00c7\u00c3O 33 &#8211; DOM 6039 28.03.2025 CMT RelaT\u00f3rio de Gest\u00e3o &#8211; CAD 1.<\/a><\/p>\n\n\n\n<p><strong>RELAT\u00d3RIOS<\/strong><\/p>\n\n\n\n<p><a href=\"https:\/\/www.manaus.am.gov.br\/semtepi\/wp-content\/uploads\/sites\/20\/2025\/04\/7-RELATORIO-DE-GESTAO-2024-PAS-FOMENTO-ASSINADO.pdf\">RELAT\u00d3RIO DE GEST\u00c3O 2024-PAS FOMENTO ASSINADO<\/a><\/p>\n\n\n\n<p><a href=\"https:\/\/www.manaus.am.gov.br\/semtepi\/wp-content\/uploads\/sites\/20\/2025\/04\/6-RELATORIO-DE-GESTAO-SINE-MANAUS-ASSINADO.pdf\">RELAT\u00d3RIO DE GEST\u00c3O SINE MANAUS ASSINADO<\/a><\/p>\n\n\n\n<p>Anexo I &#8211; PAS 2024 14-05-2024 &#8211; PRAZO DE EXECU\u00c7\u00c3O AT\u00c9 31-12-2025<\/p>\n\n\n\n<p><strong>TRANSFER\u00caNCIA DE RECURSOS<\/strong><\/p>\n\n\n\n<p><a href=\"https:\/\/www.manaus.am.gov.br\/semtepi\/wp-content\/uploads\/sites\/20\/2025\/04\/RECURSOS-RECEBIDOS-DE-2021-A-2024.pdf\">RECURSOS RECEBIDOS DE 2021 A 2024<\/a><\/p>\n","protected":false},"excerpt":{"rendered":"","protected":false},"author":8,"featured_media":0,"parent":0,"menu_order":0,"comment_status":"closed","ping_status":"closed","template":"templates\/turismo.php","meta":{"footnotes":""},"acf":[],"yoast_head":"<!-- This site is optimized with the Yoast SEO plugin v23.0 - https:\/\/yoast.com\/wordpress\/plugins\/seo\/ -->\n<title>FMT - SEMTEPI<\/title>\n<meta name=\"robots\" content=\"noindex, follow\" \/>\n<meta property=\"og:locale\" content=\"pt_BR\" \/>\n<meta property=\"og:type\" content=\"article\" \/>\n<meta property=\"og:title\" content=\"FMT - SEMTEPI\" \/>\n<meta property=\"og:url\" content=\"https:\/\/www.manaus.am.gov.br\/semtepi\/fmt\/\" \/>\n<meta property=\"og:site_name\" content=\"SEMTEPI\" \/>\n<meta property=\"article:modified_time\" content=\"2025-04-25T19:00:18+00:00\" \/>\n<meta property=\"og:image\" content=\"https:\/\/www.manaus.am.gov.br\/semtepi\/wp-content\/uploads\/sites\/20\/2024\/07\/thumb-default-2.png\" \/>\n\t<meta property=\"og:image:width\" content=\"966\" \/>\n\t<meta property=\"og:image:height\" content=\"520\" \/>\n\t<meta property=\"og:image:type\" content=\"image\/png\" \/>\n<meta name=\"twitter:card\" content=\"summary_large_image\" \/>\n<meta name=\"twitter:label1\" content=\"Est. reading time\" \/>\n\t<meta name=\"twitter:data1\" content=\"5 minutos\" \/>\n<script type=\"application\/ld+json\" class=\"yoast-schema-graph\">{\"@context\":\"https:\/\/schema.org\",\"@graph\":[{\"@type\":\"WebPage\",\"@id\":\"https:\/\/www.manaus.am.gov.br\/semtepi\/fmt\/\",\"url\":\"https:\/\/www.manaus.am.gov.br\/semtepi\/fmt\/\",\"name\":\"FMT - SEMTEPI\",\"isPartOf\":{\"@id\":\"https:\/\/www.manaus.am.gov.br\/semtepi\/#website\"},\"datePublished\":\"2025-04-24T20:43:36+00:00\",\"dateModified\":\"2025-04-25T19:00:18+00:00\",\"breadcrumb\":{\"@id\":\"https:\/\/www.manaus.am.gov.br\/semtepi\/fmt\/#breadcrumb\"},\"inLanguage\":\"pt-BR\",\"potentialAction\":[{\"@type\":\"ReadAction\",\"target\":[\"https:\/\/www.manaus.am.gov.br\/semtepi\/fmt\/\"]}]},{\"@type\":\"BreadcrumbList\",\"@id\":\"https:\/\/www.manaus.am.gov.br\/semtepi\/fmt\/#breadcrumb\",\"itemListElement\":[{\"@type\":\"ListItem\",\"position\":1,\"name\":\"Home\",\"item\":\"https:\/\/www.manaus.am.gov.br\/semtepi\/\"},{\"@type\":\"ListItem\",\"position\":2,\"name\":\"FMT\"}]},{\"@type\":\"WebSite\",\"@id\":\"https:\/\/www.manaus.am.gov.br\/semtepi\/#website\",\"url\":\"https:\/\/www.manaus.am.gov.br\/semtepi\/\",\"name\":\"SEMTEPI\",\"description\":\"Prefeitura de Manaus\",\"publisher\":{\"@id\":\"https:\/\/www.manaus.am.gov.br\/semtepi\/#organization\"},\"alternateName\":\"Secretaria Municipal do Trabalho, Empreendedorismo e Inova\u00e7\u00e3o\",\"potentialAction\":[{\"@type\":\"SearchAction\",\"target\":{\"@type\":\"EntryPoint\",\"urlTemplate\":\"https:\/\/www.manaus.am.gov.br\/semtepi\/?s={search_term_string}\"},\"query-input\":\"required name=search_term_string\"}],\"inLanguage\":\"pt-BR\"},{\"@type\":\"Organization\",\"@id\":\"https:\/\/www.manaus.am.gov.br\/semtepi\/#organization\",\"name\":\"Prefeitura Municipal de Manaus\",\"alternateName\":\"Prefeitura de Manaus\",\"url\":\"https:\/\/www.manaus.am.gov.br\/semtepi\/\",\"logo\":{\"@type\":\"ImageObject\",\"inLanguage\":\"pt-BR\",\"@id\":\"https:\/\/www.manaus.am.gov.br\/semtepi\/#\/schema\/logo\/image\/\",\"url\":\"https:\/\/www.manaus.am.gov.br\/semtepi\/wp-content\/uploads\/sites\/20\/2024\/07\/favicon.png\",\"contentUrl\":\"https:\/\/www.manaus.am.gov.br\/semtepi\/wp-content\/uploads\/sites\/20\/2024\/07\/favicon.png\",\"width\":300,\"height\":300,\"caption\":\"Prefeitura Municipal de Manaus\"},\"image\":{\"@id\":\"https:\/\/www.manaus.am.gov.br\/semtepi\/#\/schema\/logo\/image\/\"}}]}<\/script>\n<!-- \/ Yoast SEO plugin. -->","yoast_head_json":{"title":"FMT - SEMTEPI","robots":{"index":"noindex","follow":"follow"},"og_locale":"pt_BR","og_type":"article","og_title":"FMT - SEMTEPI","og_url":"https:\/\/www.manaus.am.gov.br\/semtepi\/fmt\/","og_site_name":"SEMTEPI","article_modified_time":"2025-04-25T19:00:18+00:00","og_image":[{"width":966,"height":520,"url":"https:\/\/www.manaus.am.gov.br\/semtepi\/wp-content\/uploads\/sites\/20\/2024\/07\/thumb-default-2.png","type":"image\/png"}],"twitter_card":"summary_large_image","twitter_misc":{"Est. reading time":"5 minutos"},"schema":{"@context":"https:\/\/schema.org","@graph":[{"@type":"WebPage","@id":"https:\/\/www.manaus.am.gov.br\/semtepi\/fmt\/","url":"https:\/\/www.manaus.am.gov.br\/semtepi\/fmt\/","name":"FMT - SEMTEPI","isPartOf":{"@id":"https:\/\/www.manaus.am.gov.br\/semtepi\/#website"},"datePublished":"2025-04-24T20:43:36+00:00","dateModified":"2025-04-25T19:00:18+00:00","breadcrumb":{"@id":"https:\/\/www.manaus.am.gov.br\/semtepi\/fmt\/#breadcrumb"},"inLanguage":"pt-BR","potentialAction":[{"@type":"ReadAction","target":["https:\/\/www.manaus.am.gov.br\/semtepi\/fmt\/"]}]},{"@type":"BreadcrumbList","@id":"https:\/\/www.manaus.am.gov.br\/semtepi\/fmt\/#breadcrumb","itemListElement":[{"@type":"ListItem","position":1,"name":"Home","item":"https:\/\/www.manaus.am.gov.br\/semtepi\/"},{"@type":"ListItem","position":2,"name":"FMT"}]},{"@type":"WebSite","@id":"https:\/\/www.manaus.am.gov.br\/semtepi\/#website","url":"https:\/\/www.manaus.am.gov.br\/semtepi\/","name":"SEMTEPI","description":"Prefeitura de Manaus","publisher":{"@id":"https:\/\/www.manaus.am.gov.br\/semtepi\/#organization"},"alternateName":"Secretaria Municipal do Trabalho, Empreendedorismo e Inova\u00e7\u00e3o","potentialAction":[{"@type":"SearchAction","target":{"@type":"EntryPoint","urlTemplate":"https:\/\/www.manaus.am.gov.br\/semtepi\/?s={search_term_string}"},"query-input":"required name=search_term_string"}],"inLanguage":"pt-BR"},{"@type":"Organization","@id":"https:\/\/www.manaus.am.gov.br\/semtepi\/#organization","name":"Prefeitura Municipal de Manaus","alternateName":"Prefeitura de Manaus","url":"https:\/\/www.manaus.am.gov.br\/semtepi\/","logo":{"@type":"ImageObject","inLanguage":"pt-BR","@id":"https:\/\/www.manaus.am.gov.br\/semtepi\/#\/schema\/logo\/image\/","url":"https:\/\/www.manaus.am.gov.br\/semtepi\/wp-content\/uploads\/sites\/20\/2024\/07\/favicon.png","contentUrl":"https:\/\/www.manaus.am.gov.br\/semtepi\/wp-content\/uploads\/sites\/20\/2024\/07\/favicon.png","width":300,"height":300,"caption":"Prefeitura Municipal de Manaus"},"image":{"@id":"https:\/\/www.manaus.am.gov.br\/semtepi\/#\/schema\/logo\/image\/"}}]}},"_links":{"self":[{"href":"https:\/\/www.manaus.am.gov.br\/semtepi\/wp-json\/wp\/v2\/pages\/6192"}],"collection":[{"href":"https:\/\/www.manaus.am.gov.br\/semtepi\/wp-json\/wp\/v2\/pages"}],"about":[{"href":"https:\/\/www.manaus.am.gov.br\/semtepi\/wp-json\/wp\/v2\/types\/page"}],"author":[{"embeddable":true,"href":"https:\/\/www.manaus.am.gov.br\/semtepi\/wp-json\/wp\/v2\/users\/8"}],"replies":[{"embeddable":true,"href":"https:\/\/www.manaus.am.gov.br\/semtepi\/wp-json\/wp\/v2\/comments?post=6192"}],"version-history":[{"count":4,"href":"https:\/\/www.manaus.am.gov.br\/semtepi\/wp-json\/wp\/v2\/pages\/6192\/revisions"}],"predecessor-version":[{"id":6266,"href":"https:\/\/www.manaus.am.gov.br\/semtepi\/wp-json\/wp\/v2\/pages\/6192\/revisions\/6266"}],"wp:attachment":[{"href":"https:\/\/www.manaus.am.gov.br\/semtepi\/wp-json\/wp\/v2\/media?parent=6192"}],"curies":[{"name":"wp","href":"https:\/\/api.w.org\/{rel}","templated":true}]}}