{"id":274,"date":"2023-04-19T20:40:20","date_gmt":"2023-04-20T00:40:20","guid":{"rendered":"https:\/\/www.manaus.am.gov.br\/semtepi\/?page_id=274"},"modified":"2025-04-25T14:49:56","modified_gmt":"2025-04-25T18:49:56","slug":"estrutura-organizacional","status":"publish","type":"page","link":"https:\/\/www.manaus.am.gov.br\/semtepi\/a-semtepi\/estrutura-organizacional\/","title":{"rendered":"Estrutura Organizacional"},"content":{"rendered":"\n<h2 class=\"wp-block-heading\"><a href=\"https:\/\/leismunicipais.com.br\/a\/am\/m\/manaus\/lei-ordinaria\/2018\/237\/2370\/lei-ordinaria-n-2370-2018-altera-a-nomenclatura-da-secretaria-municipal-do-trabalho-emprego-e-desenvolvimento-semtrad-para-secretaria-municipal-do-trabalho-empreendedorismo-e-inovacao-semtepi-dispoe-sobre-a-sua-estrutura-organizacional-e-da-outras-providencias\" target=\"_blank\" rel=\"noreferrer noopener\">LEI N\u00ba 2.370, DE 30 DE NOVEMBRO DE 2018<\/a><\/h2>\n\n\n\n<p>Altera a nomenclatura da Secretaria Municipal do Trabalho, Emprego e Desenvolvimento (Semtrad) para Secretaria Municipal do Trabalho, Empreendedorismo e Inova\u00e7\u00e3o (Semtepi), disp\u00f5e sobre a sua estrutura organizacional e d\u00e1 outras provid\u00eancias.<\/p>\n\n\n\n<p>O PREFEITO DE MANAUS, no uso das atribui\u00e7\u00f5es que lhe s\u00e3o conferidas pelo art. 80, inc. IV, da Lei Org\u00e2nica do Munic\u00edpio de Manaus,<\/p>\n\n\n\n<p>FA\u00c7O SABER que o Poder Legislativo decretou e eu sanciono a seguinte<\/p>\n\n\n\n<p><strong>LEI:<\/strong><\/p>\n\n\n\n<p><strong>CAP\u00cdTULO I DAS FINALIDADES<\/strong><\/p>\n\n\n\n<p>Art. 1.\u00ba A Secretaria Municipal do Trabalho, Emprego e Desenvolvimento (Semtrad) passa a denominar-se Secretaria Municipal do Trabalho, Empreendedorismo e Inova\u00e7\u00e3o (Semtepi), integrante da Administra\u00e7\u00e3o Direta do Poder Executivo para cumprimento das seguintes finalidades:<\/p>\n\n\n\n<p>I \u2013 planejar, coordenar, articular e implementar as pol\u00edticas de trabalho, empreendedorismo e inova\u00e7\u00e3o, buscando o desenvolvimento social pleno do Munic\u00edpio;<\/p>\n\n\n\n<p>II \u2013 articular e mobilizar as a\u00e7\u00f5es governamentais voltadas para a promo\u00e7\u00e3o da cidadania, emprego e renda, em especial para a qualifica\u00e7\u00e3o profissional, assim como na realiza\u00e7\u00e3o de projetos, eventos, feiras, miss\u00f5es t\u00e9cnicas de acesso ao mercado e desenvolvimento econ\u00f4mico, em intera\u00e7\u00e3o com as institui\u00e7\u00f5es p\u00fablicas e privadas, entidades do terceiro setor e outros segmentos da sociedade;<\/p>\n\n\n\n<p>III \u2013 prestar suporte necess\u00e1rio para o estabelecimento da sinergia de \u00f3rg\u00e3os e entidades com a popula\u00e7\u00e3o do Munic\u00edpio, com vistas \u00e0 integra\u00e7\u00e3o das pol\u00edticas p\u00fablicas e ao alcance das metas estabelecidas pelo Prefeito, inclusive compatibilizando a execu\u00e7\u00e3o das a\u00e7\u00f5es e atribui\u00e7\u00f5es desses organismos; e<\/p>\n\n\n\n<p>IV \u2013 gerir as pol\u00edticas p\u00fablicas pr\u00f3prias do Fundo Municipal de Fomento \u00e0 Micro e Pequena Empresa (Fumipeq), promovendo o atendimento aos empreendedores individuais, artes\u00e3os, recicladores e startups, incentivando ainda o empreendedorismo escolar e universit\u00e1rio, a abertura de novos neg\u00f3cios, desenvolvendo pol\u00edticas p\u00fablicas de inova\u00e7\u00e3o e de melhoria do ambiente empreendedor do munic\u00edpio, na forma do que disp\u00f5e a Lei n. 199, de 24 de junho de 1993, alterada pela Lei n. 1.332, de 19 de maio de 2009, e pela Lei 1.602 de 9 de novembro de 2011.<\/p>\n\n\n\n<p><strong>CAP\u00cdTULO II DA ESTRUTURA ORGANIZACIONAL<\/strong><\/p>\n\n\n\n<p>Art. 2.\u00ba Dirigida por um Secret\u00e1rio Municipal, com aux\u00edlio de um Subsecret\u00e1rio de Assuntos Administrativos, e de um Subsecret\u00e1rio Operacional, a Semtepi tem a seguinte estrutura operacional:<\/p>\n\n\n\n<p>I \u2013 \u00d3rg\u00e3o Vinculado:<\/p>\n\n\n\n<p>a) Fundo Municipal de Fomento \u00e0 Micro e Pequena Empresa (Fumipeq);<\/p>\n\n\n\n<p><br>II \u2013 \u00d3rg\u00e3os de Assist\u00eancia e Assessoramento:<br>a) Chefia de Gabinete;<br>b) Assessoria T\u00e9cnica;<\/p>\n\n\n\n<p><br>III \u2013 \u00d3rg\u00e3os de Apoio \u00e0 Gest\u00e3o:<br>a) Subsecretaria de Assuntos Administrativos:<\/p>\n\n\n\n<p>1. Departamento de Administra\u00e7\u00e3o:<br>1.1. Divis\u00e3o de Administra\u00e7\u00e3o:<br>1.1.1 Ger\u00eancia de Pessoal;<br>1.1.2 Ger\u00eancia de Patrim\u00f4nio e Material;<br>1.1.3 Ger\u00eancia de Inform\u00e1tica;<\/p>\n\n\n\n<p>2. Departamento de Or\u00e7amento e Finan\u00e7as:<br>2.1 Divis\u00e3o de Or\u00e7amento e Finan\u00e7as:<br>2.1.1 Ger\u00eancia de An\u00e1lise Processual;<\/p>\n\n\n\n<p>3. Departamento de Planejamento e Apoio ao Empreendedor:<br>3.1 Divis\u00e3o de Planejamento e Projetos:<br>3.1.1 Ger\u00eancia de Pesquisas e Projetos;<br>3.2 Divis\u00e3o de Apoio ao Micro Distrito Industrial de Manaus (Dimicro);<br>3.3 Divis\u00e3o de Empreendedorismo;<\/p>\n\n\n\n<p>IV \u2013 \u00d3rg\u00e3os de Atividades Final\u00edsticas:<\/p>\n\n\n\n<p>a) Subsecretaria Operacional:<\/p>\n\n\n\n<p>1. Departamento de Qualifica\u00e7\u00e3o Profissional:<br>1.1 Divis\u00e3o de Qualifica\u00e7\u00e3o Profissional:<br>1.1.1 Ger\u00eancia de Capacita\u00e7\u00e3o e Empreendedorismo;<\/p>\n\n\n\n<p>2. Departamento de Economia Solid\u00e1ria e Criativa:<br>2.1 Divis\u00e3o de Economia Solid\u00e1ria e Criativa:<br>2.1.1 Ger\u00eancia de Desenvolvimento Local e Bancos Comunit\u00e1rios;<br>2.1.2 Ger\u00eancia de Desenvolvimento para o Artesanato;<\/p>\n\n\n\n<p>3. Departamento de Apoio ao Sine \u2013 Manaus:<br>3.1 Divis\u00e3o de Intermedia\u00e7\u00e3o de M\u00e3o de Obra:<br>3.1.1 Ger\u00eancia do Trabalho;<br>3.1.2 Ger\u00eancia de Qualifica\u00e7\u00e3o e Inser\u00e7\u00e3o de Pessoas com Defici\u00eancia;<br>3.2 Divis\u00e3o de Atendimento e Seguro-Desemprego:<br>3.2.1 Ger\u00eancia de Atendimento e Cadastro;<br>3.2.2 Ger\u00eancia de Seguro-Desemprego.<\/p>\n\n\n\n<p>Par\u00e1grafo \u00fanico. O detalhamento da estrutura, compreendendo servi\u00e7os e setores, ser\u00e1 fixado no Regimento Interno.<\/p>\n\n\n\n<p><strong>CAP\u00cdTULO III DAS COMPET\u00caNCIAS<\/strong><\/p>\n\n\n\n<p>Art. 3.\u00ba Sem preju\u00edzo do que vier a ser fixado em Regimento, s\u00e3o atribui\u00e7\u00f5es comuns dos dirigentes das unidades que comp\u00f5em a estrutura organizacional da Semtepi:<\/p>\n\n\n\n<p>I \u2013 cumprir e fazer cumprir a Constitui\u00e7\u00e3o, a Lei Org\u00e2nica do Munic\u00edpio e as normas infraconstitucionais espec\u00edficas;<br>II \u2013 gerir as \u00e1reas operacionais sob sua responsabilidade;<br>III \u2013 assegurar padr\u00f5es satisfat\u00f3rios de desempenho em suas \u00e1reas de atua\u00e7\u00e3o;<br>IV \u2013 administrar os bens e materiais sob sua guarda, garantindo adequada manuten\u00e7\u00e3o, conserva\u00e7\u00e3o, modernidade e funcionamento;<br>V \u2013 promover permanente avalia\u00e7\u00e3o dos servidores que lhes s\u00e3o subordinados, com vistas \u00e0 constante melhoria dos servi\u00e7os a seu cargo;<br>VI \u2013 zelar pela consecu\u00e7\u00e3o dos objetivos e pelo alcance das metas estabelecidas para o setor; e<br>VII \u2013 executar outras atividades, em raz\u00e3o da natureza da unidade sob sua dire\u00e7\u00e3o, sob a orienta\u00e7\u00e3o do Secret\u00e1rio.<\/p>\n\n\n\n<p><strong>CAP\u00cdTULO IV DOS CARGOS E DAS FUN\u00c7\u00d5ES DE CONFIAN\u00c7A<\/strong><\/p>\n\n\n\n<p>Art. 4.\u00ba Os cargos de provimento em comiss\u00e3o e as fun\u00e7\u00f5es gratificadas da Semtepi s\u00e3o os especificados no Anexo \u00danico, com a remunera\u00e7\u00e3o fixada em lei espec\u00edfica.<\/p>\n\n\n\n<p>Art. 5.\u00ba O Secret\u00e1rio Municipal de Trabalho, Empreendedorismo e Inova\u00e7\u00e3o poder\u00e1 atribuir a servidores do quadro permanente fun\u00e7\u00f5es gratificadas pelo exerc\u00edcio de encargos de chefia, dire\u00e7\u00e3o ou assessoramento.<\/p>\n\n\n\n<p><strong>CAP\u00cdTULO V DISPOSI\u00c7\u00d5ES FINAIS<\/strong><\/p>\n\n\n\n<p>Art. 6.\u00ba As despesas decorrentes da execu\u00e7\u00e3o desta Lei correr\u00e3o \u00e0 conta das dota\u00e7\u00f5es consignadas no or\u00e7amento do Poder Executivo.<\/p>\n\n\n\n<p>Art. 7.\u00ba Esta Lei entra em vigor tr\u00eas dias ap\u00f3s a sua publica\u00e7\u00e3o.<\/p>\n\n\n\n<p>Art. 8.\u00ba Fica revogada a Lei n. 2.079, de 30 de dezembro de 2015.<\/p>\n\n\n\n<p>GABINETE DO PREFEITO, em Manaus, 30 de novembro de 2018.<\/p>\n\n\n\n<p><\/p>\n\n\n\n<p><strong>Quadro de Cargos em Comiss\u00e3o<\/strong><\/p>\n\n\n\n<p><strong>ANEXO \u00daNICO<\/strong><\/p>\n\n\n\n<p><strong>Parte I<\/strong><\/p>\n\n\n\n<figure class=\"wp-block-table is-style-regular size-full\"><table><thead><tr><th><strong>Cargo<\/strong><\/th><th><strong>Simbologia<\/strong><\/th><th><strong>Quantidade<\/strong><\/th><\/tr><\/thead><tbody><tr><td>Secret\u00e1rio Municipal<\/td><td>\u2013<\/td><td>01<\/td><\/tr><tr><td>Subsecret\u00e1rio<\/td><td>\u2013<\/td><td>02<\/td><\/tr><tr><td>Secret\u00e1rio Executivo CCM<\/td><td>DAS-5<\/td><td>01<\/td><\/tr><tr><td>Diretor de Departamento<\/td><td>DAS-3<\/td><td>06<\/td><\/tr><tr><td>Assessor T\u00e9cnico I<\/td><td>DAS-3<\/td><td>04<\/td><\/tr><tr><td>Chefe de Gabinete<\/td><td>DAS-3<\/td><td>01<\/td><\/tr><tr><td>Chefe de Divis\u00e3o<\/td><td>DAS-2<\/td><td>09<\/td><\/tr><tr><td>Assessor T\u00e9cnico II<\/td><td>DAS-2<\/td><td>01<\/td><\/tr><tr><td>Gerente<\/td><td>DAS-1<\/td><td>12<\/td><\/tr><tr><td>Assessor T\u00e9cnico III<\/td><td>DAS-1<\/td><td>01<\/td><\/tr><tr><td>Assessor II<\/td><td>CAD-2<\/td><td>02<\/td><\/tr><tr><td>Assessor III<\/td><td>CAD-1<\/td><td>06<\/td><\/tr><tr><td><strong>TOTAL<\/strong><\/td><td><strong><\/strong><\/td><td><strong>46<\/strong><\/td><\/tr><\/tbody><\/table><\/figure>\n\n\n\n<p><strong>Parte II<\/strong><\/p>\n\n\n\n<p><strong>Quadro de Fun\u00e7\u00f5es Gratificadas<\/strong><\/p>\n\n\n\n<figure class=\"wp-block-table size-full\"><table><thead><tr><th>Fun\u00e7\u00e3o<\/th><th>Simbologia<\/th><th>Quantidade<\/th><\/tr><\/thead><tbody><tr><td>Chefia e Assessoramento<\/td><td>FG-3<\/td><td>09<\/td><\/tr><tr><td>Chefia e Assessoramento<\/td><td>FG-2<\/td><td>09<\/td><\/tr><tr><td>Chefia e Assessoramento<\/td><td>FG-1<\/td><td>05<\/td><\/tr><tr><td><strong>TOTAL<\/strong><\/td><td><\/td><td><strong>23<\/strong><\/td><\/tr><\/tbody><\/table><\/figure>\n\n\n\n<p><\/p>\n\n\n\n<h2 class=\"wp-block-heading\"><a href=\"https:\/\/www.manaus.am.gov.br\/semtepi\/wp-content\/uploads\/sites\/20\/2023\/04\/DOM-4489-30.11.2018-CAD-1.pdf\" target=\"_blank\" rel=\"noreferrer noopener\">Di\u00e1rio Oficial do Munic\u00edpio de Manaus, 30 de Novembro de 2018, Ano XIX, Edi\u00e7\u00e3o 4489<\/a><\/h2>\n\n\n\n<h2 class=\"wp-block-heading\"><a href=\"https:\/\/www.manaus.am.gov.br\/semtepi\/wp-content\/uploads\/sites\/20\/2023\/04\/DOM-3221-31.07.2013-EEs.pdf\" target=\"_blank\" rel=\"noreferrer noopener\">Di\u00e1rio Oficial do Munic\u00edpio de Manaus, 31 de Julho de 2013, Ano XIV, Edi\u00e7\u00e3o 3221<\/a><\/h2>\n\n\n\n<h2 class=\"wp-block-heading\"><a href=\"https:\/\/www.manaus.am.gov.br\/semtepi\/decreto-n-o-0091-de-04-de-maio-de-2009\/\" target=\"_blank\" rel=\"noreferrer noopener\">Decreto N.\u00ba 0091-04\/05\/2009<\/a><\/h2>\n\n\n\n<p><\/p>\n\n\n\n<h2 class=\"wp-block-heading\">Organograma<\/h2>\n\n\n\n<figure data-wp-context=\"{ &quot;core&quot;:\n\t\t\t\t{ &quot;image&quot;:\n\t\t\t\t\t{   &quot;imageLoaded&quot;: false,\n\t\t\t\t\t\t&quot;initialized&quot;: false,\n\t\t\t\t\t\t&quot;lightboxEnabled&quot;: false,\n\t\t\t\t\t\t&quot;hideAnimationEnabled&quot;: false,\n\t\t\t\t\t\t&quot;preloadInitialized&quot;: false,\n\t\t\t\t\t\t&quot;lightboxAnimation&quot;: &quot;zoom&quot;,\n\t\t\t\t\t\t&quot;imageUploadedSrc&quot;: &quot;https:\/\/www.manaus.am.gov.br\/semtepi\/wp-content\/uploads\/sites\/20\/2025\/04\/1.png&quot;,\n\t\t\t\t\t\t&quot;imageCurrentSrc&quot;: &quot;&quot;,\n\t\t\t\t\t\t&quot;targetWidth&quot;: &quot;8750&quot;,\n\t\t\t\t\t\t&quot;targetHeight&quot;: &quot;3125&quot;,\n\t\t\t\t\t\t&quot;scaleAttr&quot;: &quot;&quot;,\n\t\t\t\t\t\t&quot;dialogLabel&quot;: &quot;Imagem aumentada&quot;\n\t\t\t\t\t}\n\t\t\t\t}\n\t\t\t}\" data-wp-interactive class=\"wp-block-image size-full wp-lightbox-container\"><img loading=\"lazy\" decoding=\"async\" width=\"8750\" height=\"3125\" data-wp-effect--setStylesOnResize=\"effects.core.image.setStylesOnResize\" data-wp-effect=\"effects.core.image.setButtonStyles\" data-wp-init=\"effects.core.image.initOriginImage\" data-wp-on--click=\"actions.core.image.showLightbox\" data-wp-on--load=\"actions.core.image.handleLoad\" src=\"https:\/\/www.manaus.am.gov.br\/semtepi\/wp-content\/uploads\/sites\/20\/2025\/04\/1.png\" alt=\"Organograma Semtepi\" class=\"wp-image-6252\" srcset=\"https:\/\/www.manaus.am.gov.br\/semtepi\/wp-content\/uploads\/sites\/20\/2025\/04\/1.png 8750w, https:\/\/www.manaus.am.gov.br\/semtepi\/wp-content\/uploads\/sites\/20\/2025\/04\/1-300x107.png 300w, https:\/\/www.manaus.am.gov.br\/semtepi\/wp-content\/uploads\/sites\/20\/2025\/04\/1-1024x366.png 1024w, https:\/\/www.manaus.am.gov.br\/semtepi\/wp-content\/uploads\/sites\/20\/2025\/04\/1-768x274.png 768w, https:\/\/www.manaus.am.gov.br\/semtepi\/wp-content\/uploads\/sites\/20\/2025\/04\/1-1536x549.png 1536w, https:\/\/www.manaus.am.gov.br\/semtepi\/wp-content\/uploads\/sites\/20\/2025\/04\/1-2048x731.png 2048w\" sizes=\"(max-width: 8750px) 100vw, 8750px\" \/><button\n\t\t\tclass=\"lightbox-trigger\"\n\t\t\ttype=\"button\"\n\t\t\taria-haspopup=\"dialog\"\n\t\t\taria-label=\"Aumentar imagem: Organograma Semtepi\"\n\t\t\tdata-wp-on--click=\"actions.core.image.showLightbox\"\n\t\t\tdata-wp-style--right=\"context.core.image.imageButtonRight\"\n\t\t\tdata-wp-style--top=\"context.core.image.imageButtonTop\"\n\t\t>\n\t\t\t<svg xmlns=\"http:\/\/www.w3.org\/2000\/svg\" width=\"12\" height=\"12\" fill=\"none\" viewBox=\"0 0 12 12\">\n\t\t\t\t<path fill=\"#fff\" d=\"M2 0a2 2 0 0 0-2 2v2h1.5V2a.5.5 0 0 1 .5-.5h2V0H2Zm2 10.5H2a.5.5 0 0 1-.5-.5V8H0v2a2 2 0 0 0 2 2h2v-1.5ZM8 12v-1.5h2a.5.5 0 0 0 .5-.5V8H12v2a2 2 0 0 1-2 2H8Zm2-12a2 2 0 0 1 2 2v2h-1.5V2a.5.5 0 0 0-.5-.5H8V0h2Z\" \/>\n\t\t\t<\/svg>\n\t\t<\/button>        <div data-wp-body=\"\" class=\"wp-lightbox-overlay zoom\"\n            data-wp-bind--role=\"selectors.core.image.roleAttribute\"\n            data-wp-bind--aria-label=\"selectors.core.image.dialogLabel\"\n            data-wp-class--initialized=\"context.core.image.initialized\"\n            data-wp-class--active=\"context.core.image.lightboxEnabled\"\n            data-wp-class--hideAnimationEnabled=\"context.core.image.hideAnimationEnabled\"\n            data-wp-bind--aria-modal=\"selectors.core.image.ariaModal\"\n            data-wp-effect=\"effects.core.image.initLightbox\"\n            data-wp-on--keydown=\"actions.core.image.handleKeydown\"\n            data-wp-on--touchstart=\"actions.core.image.handleTouchStart\"\n            data-wp-on--touchmove=\"actions.core.image.handleTouchMove\"\n            data-wp-on--touchend=\"actions.core.image.handleTouchEnd\"\n            data-wp-on--click=\"actions.core.image.hideLightbox\"\n            tabindex=\"-1\"\n            >\n                <button type=\"button\" aria-label=\"Fechar\" style=\"fill: #000\" class=\"close-button\" data-wp-on--click=\"actions.core.image.hideLightbox\">\n                    <svg xmlns=\"http:\/\/www.w3.org\/2000\/svg\" viewBox=\"0 0 24 24\" width=\"20\" height=\"20\" aria-hidden=\"true\" focusable=\"false\"><path d=\"M13 11.8l6.1-6.3-1-1-6.1 6.2-6.1-6.2-1 1 6.1 6.3-6.5 6.7 1 1 6.5-6.6 6.5 6.6 1-1z\"><\/path><\/svg>\n                <\/button>\n                <div class=\"lightbox-image-container\">\n<figure class=\"wp-block-image size-full responsive-image\"><img decoding=\"async\" data-wp-bind--src=\"context.core.image.imageCurrentSrc\" data-wp-style--object-fit=\"selectors.core.image.lightboxObjectFit\" src=\"\" alt=\"Organograma Semtepi\" class=\"wp-image-6252\"\/><\/figure>\n<\/div>\n                <div class=\"lightbox-image-container\">\n<figure class=\"wp-block-image size-full enlarged-image\"><img decoding=\"async\" data-wp-bind--src=\"selectors.core.image.enlargedImgSrc\" data-wp-style--object-fit=\"selectors.core.image.lightboxObjectFit\" src=\"\" alt=\"Organograma Semtepi\" class=\"wp-image-6252\"\/><\/figure>\n<\/div>\n                <div class=\"scrim\" style=\"background-color: #fff\" aria-hidden=\"true\"><\/div>\n        <\/div><\/figure>\n","protected":false},"excerpt":{"rendered":"","protected":false},"author":27,"featured_media":0,"parent":172,"menu_order":1,"comment_status":"closed","ping_status":"closed","template":"templates\/turismo.php","meta":{"footnotes":""},"acf":[],"yoast_head":"<!-- This site is optimized with the Yoast SEO plugin v23.0 - https:\/\/yoast.com\/wordpress\/plugins\/seo\/ -->\n<title>Estrutura Organizacional - SEMTEPI<\/title>\n<meta name=\"robots\" content=\"noindex, follow\" \/>\n<meta property=\"og:locale\" content=\"pt_BR\" \/>\n<meta property=\"og:type\" content=\"article\" \/>\n<meta property=\"og:title\" content=\"Estrutura Organizacional - SEMTEPI\" \/>\n<meta property=\"og:url\" content=\"https:\/\/www.manaus.am.gov.br\/semtepi\/a-semtepi\/estrutura-organizacional\/\" \/>\n<meta property=\"og:site_name\" content=\"SEMTEPI\" \/>\n<meta property=\"article:modified_time\" content=\"2025-04-25T18:49:56+00:00\" \/>\n<meta property=\"og:image\" content=\"https:\/\/www.manaus.am.gov.br\/semtepi\/wp-content\/uploads\/sites\/20\/2025\/04\/1.png\" \/>\n<meta name=\"twitter:card\" content=\"summary_large_image\" \/>\n<meta name=\"twitter:label1\" content=\"Est. reading time\" \/>\n\t<meta name=\"twitter:data1\" content=\"6 minutos\" \/>\n<script type=\"application\/ld+json\" class=\"yoast-schema-graph\">{\"@context\":\"https:\/\/schema.org\",\"@graph\":[{\"@type\":\"WebPage\",\"@id\":\"https:\/\/www.manaus.am.gov.br\/semtepi\/a-semtepi\/estrutura-organizacional\/\",\"url\":\"https:\/\/www.manaus.am.gov.br\/semtepi\/a-semtepi\/estrutura-organizacional\/\",\"name\":\"Estrutura Organizacional - SEMTEPI\",\"isPartOf\":{\"@id\":\"https:\/\/www.manaus.am.gov.br\/semtepi\/#website\"},\"primaryImageOfPage\":{\"@id\":\"https:\/\/www.manaus.am.gov.br\/semtepi\/a-semtepi\/estrutura-organizacional\/#primaryimage\"},\"image\":{\"@id\":\"https:\/\/www.manaus.am.gov.br\/semtepi\/a-semtepi\/estrutura-organizacional\/#primaryimage\"},\"thumbnailUrl\":\"https:\/\/www.manaus.am.gov.br\/semtepi\/wp-content\/uploads\/sites\/20\/2025\/04\/1.png\",\"datePublished\":\"2023-04-20T00:40:20+00:00\",\"dateModified\":\"2025-04-25T18:49:56+00:00\",\"breadcrumb\":{\"@id\":\"https:\/\/www.manaus.am.gov.br\/semtepi\/a-semtepi\/estrutura-organizacional\/#breadcrumb\"},\"inLanguage\":\"pt-BR\",\"potentialAction\":[{\"@type\":\"ReadAction\",\"target\":[\"https:\/\/www.manaus.am.gov.br\/semtepi\/a-semtepi\/estrutura-organizacional\/\"]}]},{\"@type\":\"ImageObject\",\"inLanguage\":\"pt-BR\",\"@id\":\"https:\/\/www.manaus.am.gov.br\/semtepi\/a-semtepi\/estrutura-organizacional\/#primaryimage\",\"url\":\"https:\/\/www.manaus.am.gov.br\/semtepi\/wp-content\/uploads\/sites\/20\/2025\/04\/1.png\",\"contentUrl\":\"https:\/\/www.manaus.am.gov.br\/semtepi\/wp-content\/uploads\/sites\/20\/2025\/04\/1.png\",\"width\":8750,\"height\":3125,\"caption\":\"Organograma Semtepi\"},{\"@type\":\"BreadcrumbList\",\"@id\":\"https:\/\/www.manaus.am.gov.br\/semtepi\/a-semtepi\/estrutura-organizacional\/#breadcrumb\",\"itemListElement\":[{\"@type\":\"ListItem\",\"position\":1,\"name\":\"Home\",\"item\":\"https:\/\/www.manaus.am.gov.br\/semtepi\/\"},{\"@type\":\"ListItem\",\"position\":2,\"name\":\"A Semtepi\",\"item\":\"https:\/\/www.manaus.am.gov.br\/semtepi\/a-semtepi\/\"},{\"@type\":\"ListItem\",\"position\":3,\"name\":\"Estrutura Organizacional\"}]},{\"@type\":\"WebSite\",\"@id\":\"https:\/\/www.manaus.am.gov.br\/semtepi\/#website\",\"url\":\"https:\/\/www.manaus.am.gov.br\/semtepi\/\",\"name\":\"SEMTEPI\",\"description\":\"Prefeitura de Manaus\",\"publisher\":{\"@id\":\"https:\/\/www.manaus.am.gov.br\/semtepi\/#organization\"},\"alternateName\":\"Secretaria Municipal do Trabalho, Empreendedorismo e Inova\u00e7\u00e3o\",\"potentialAction\":[{\"@type\":\"SearchAction\",\"target\":{\"@type\":\"EntryPoint\",\"urlTemplate\":\"https:\/\/www.manaus.am.gov.br\/semtepi\/?s={search_term_string}\"},\"query-input\":\"required name=search_term_string\"}],\"inLanguage\":\"pt-BR\"},{\"@type\":\"Organization\",\"@id\":\"https:\/\/www.manaus.am.gov.br\/semtepi\/#organization\",\"name\":\"Prefeitura Municipal de Manaus\",\"alternateName\":\"Prefeitura de Manaus\",\"url\":\"https:\/\/www.manaus.am.gov.br\/semtepi\/\",\"logo\":{\"@type\":\"ImageObject\",\"inLanguage\":\"pt-BR\",\"@id\":\"https:\/\/www.manaus.am.gov.br\/semtepi\/#\/schema\/logo\/image\/\",\"url\":\"https:\/\/www.manaus.am.gov.br\/semtepi\/wp-content\/uploads\/sites\/20\/2024\/07\/favicon.png\",\"contentUrl\":\"https:\/\/www.manaus.am.gov.br\/semtepi\/wp-content\/uploads\/sites\/20\/2024\/07\/favicon.png\",\"width\":300,\"height\":300,\"caption\":\"Prefeitura Municipal de Manaus\"},\"image\":{\"@id\":\"https:\/\/www.manaus.am.gov.br\/semtepi\/#\/schema\/logo\/image\/\"}}]}<\/script>\n<!-- \/ Yoast SEO plugin. -->","yoast_head_json":{"title":"Estrutura Organizacional - SEMTEPI","robots":{"index":"noindex","follow":"follow"},"og_locale":"pt_BR","og_type":"article","og_title":"Estrutura Organizacional - SEMTEPI","og_url":"https:\/\/www.manaus.am.gov.br\/semtepi\/a-semtepi\/estrutura-organizacional\/","og_site_name":"SEMTEPI","article_modified_time":"2025-04-25T18:49:56+00:00","og_image":[{"url":"https:\/\/www.manaus.am.gov.br\/semtepi\/wp-content\/uploads\/sites\/20\/2025\/04\/1.png"}],"twitter_card":"summary_large_image","twitter_misc":{"Est. reading time":"6 minutos"},"schema":{"@context":"https:\/\/schema.org","@graph":[{"@type":"WebPage","@id":"https:\/\/www.manaus.am.gov.br\/semtepi\/a-semtepi\/estrutura-organizacional\/","url":"https:\/\/www.manaus.am.gov.br\/semtepi\/a-semtepi\/estrutura-organizacional\/","name":"Estrutura Organizacional - SEMTEPI","isPartOf":{"@id":"https:\/\/www.manaus.am.gov.br\/semtepi\/#website"},"primaryImageOfPage":{"@id":"https:\/\/www.manaus.am.gov.br\/semtepi\/a-semtepi\/estrutura-organizacional\/#primaryimage"},"image":{"@id":"https:\/\/www.manaus.am.gov.br\/semtepi\/a-semtepi\/estrutura-organizacional\/#primaryimage"},"thumbnailUrl":"https:\/\/www.manaus.am.gov.br\/semtepi\/wp-content\/uploads\/sites\/20\/2025\/04\/1.png","datePublished":"2023-04-20T00:40:20+00:00","dateModified":"2025-04-25T18:49:56+00:00","breadcrumb":{"@id":"https:\/\/www.manaus.am.gov.br\/semtepi\/a-semtepi\/estrutura-organizacional\/#breadcrumb"},"inLanguage":"pt-BR","potentialAction":[{"@type":"ReadAction","target":["https:\/\/www.manaus.am.gov.br\/semtepi\/a-semtepi\/estrutura-organizacional\/"]}]},{"@type":"ImageObject","inLanguage":"pt-BR","@id":"https:\/\/www.manaus.am.gov.br\/semtepi\/a-semtepi\/estrutura-organizacional\/#primaryimage","url":"https:\/\/www.manaus.am.gov.br\/semtepi\/wp-content\/uploads\/sites\/20\/2025\/04\/1.png","contentUrl":"https:\/\/www.manaus.am.gov.br\/semtepi\/wp-content\/uploads\/sites\/20\/2025\/04\/1.png","width":8750,"height":3125,"caption":"Organograma Semtepi"},{"@type":"BreadcrumbList","@id":"https:\/\/www.manaus.am.gov.br\/semtepi\/a-semtepi\/estrutura-organizacional\/#breadcrumb","itemListElement":[{"@type":"ListItem","position":1,"name":"Home","item":"https:\/\/www.manaus.am.gov.br\/semtepi\/"},{"@type":"ListItem","position":2,"name":"A Semtepi","item":"https:\/\/www.manaus.am.gov.br\/semtepi\/a-semtepi\/"},{"@type":"ListItem","position":3,"name":"Estrutura Organizacional"}]},{"@type":"WebSite","@id":"https:\/\/www.manaus.am.gov.br\/semtepi\/#website","url":"https:\/\/www.manaus.am.gov.br\/semtepi\/","name":"SEMTEPI","description":"Prefeitura de Manaus","publisher":{"@id":"https:\/\/www.manaus.am.gov.br\/semtepi\/#organization"},"alternateName":"Secretaria Municipal do Trabalho, Empreendedorismo e Inova\u00e7\u00e3o","potentialAction":[{"@type":"SearchAction","target":{"@type":"EntryPoint","urlTemplate":"https:\/\/www.manaus.am.gov.br\/semtepi\/?s={search_term_string}"},"query-input":"required name=search_term_string"}],"inLanguage":"pt-BR"},{"@type":"Organization","@id":"https:\/\/www.manaus.am.gov.br\/semtepi\/#organization","name":"Prefeitura Municipal de Manaus","alternateName":"Prefeitura de Manaus","url":"https:\/\/www.manaus.am.gov.br\/semtepi\/","logo":{"@type":"ImageObject","inLanguage":"pt-BR","@id":"https:\/\/www.manaus.am.gov.br\/semtepi\/#\/schema\/logo\/image\/","url":"https:\/\/www.manaus.am.gov.br\/semtepi\/wp-content\/uploads\/sites\/20\/2024\/07\/favicon.png","contentUrl":"https:\/\/www.manaus.am.gov.br\/semtepi\/wp-content\/uploads\/sites\/20\/2024\/07\/favicon.png","width":300,"height":300,"caption":"Prefeitura Municipal de Manaus"},"image":{"@id":"https:\/\/www.manaus.am.gov.br\/semtepi\/#\/schema\/logo\/image\/"}}]}},"_links":{"self":[{"href":"https:\/\/www.manaus.am.gov.br\/semtepi\/wp-json\/wp\/v2\/pages\/274"}],"collection":[{"href":"https:\/\/www.manaus.am.gov.br\/semtepi\/wp-json\/wp\/v2\/pages"}],"about":[{"href":"https:\/\/www.manaus.am.gov.br\/semtepi\/wp-json\/wp\/v2\/types\/page"}],"author":[{"embeddable":true,"href":"https:\/\/www.manaus.am.gov.br\/semtepi\/wp-json\/wp\/v2\/users\/27"}],"replies":[{"embeddable":true,"href":"https:\/\/www.manaus.am.gov.br\/semtepi\/wp-json\/wp\/v2\/comments?post=274"}],"version-history":[{"count":13,"href":"https:\/\/www.manaus.am.gov.br\/semtepi\/wp-json\/wp\/v2\/pages\/274\/revisions"}],"predecessor-version":[{"id":6256,"href":"https:\/\/www.manaus.am.gov.br\/semtepi\/wp-json\/wp\/v2\/pages\/274\/revisions\/6256"}],"up":[{"embeddable":true,"href":"https:\/\/www.manaus.am.gov.br\/semtepi\/wp-json\/wp\/v2\/pages\/172"}],"wp:attachment":[{"href":"https:\/\/www.manaus.am.gov.br\/semtepi\/wp-json\/wp\/v2\/media?parent=274"}],"curies":[{"name":"wp","href":"https:\/\/api.w.org\/{rel}","templated":true}]}}