{"id":265,"date":"2023-04-19T20:33:49","date_gmt":"2023-04-20T00:33:49","guid":{"rendered":"https:\/\/www.manaus.am.gov.br\/semtepi\/?page_id=265"},"modified":"2024-03-04T13:13:11","modified_gmt":"2024-03-04T17:13:11","slug":"duvidas-frequentes","status":"publish","type":"page","link":"https:\/\/www.manaus.am.gov.br\/semtepi\/a-semtepi\/duvidas-frequentes\/","title":{"rendered":"D\u00favidas Frequentes"},"content":{"rendered":"\n<p><strong>O que \u00e9 a Semtepi<\/strong>?<br>A Secretaria Municipal do Trabalho, Empreendedorismo e Inova\u00e7\u00e3o (Semtepi) vem implementando pol\u00edticas p\u00fablicas ofertando qualifica\u00e7\u00e3o e capacita\u00e7\u00e3o profissional aos trabalhadores da \u00e1rea urbana e rural visando a gera\u00e7\u00e3o de trabalho, emprego e renda.<\/p>\n\n\n\n<p>Tem como objetivos promover qualifica\u00e7\u00e3o profissional; Apoiar o desenvolvimento do artesanato local e demais atividades de Economia Solid\u00e1ria; Promover a distribui\u00e7\u00e3o de renda, atrav\u00e9s da inser\u00e7\u00e3o ou reinser\u00e7\u00e3o de trabalhadores no mercado de trabalho.<\/p>\n\n\n\n<p>Tamb\u00e9m tem sua atua\u00e7\u00e3o voltada para o ecossistema da inova\u00e7\u00e3o, promovendo feiras e eventos que ampliam os debates sobre a\u00e7\u00f5es e projetos inovadores, fomentando a cultura da inova\u00e7\u00e3o e tecnologia no \u00e2mbito do empreendedorismo.<\/p>\n\n\n\n<p><strong>Quais os servi\u00e7os do Sine Manaus<\/strong>?<br>No Sine Manaus o trabalhador recebe atendimento gratuito para cadastro, entrada no seguro-desemprego e orienta\u00e7\u00f5es sobre CTPS.<\/p>\n\n\n\n<p><strong>Como concorrer a vagas de emprego<\/strong>?<br>O candidato precisa validar a Carteira Digital e Previd\u00eancia Social (CTPS) no aplicativo \u201cCarteira de Trabalho Digital\u201d ou pelo site http:\/\/gov.br\/trabalho, e em seguida acessar o site http:\/\/empregabrasil.mte.gov.br para fazer a solicita\u00e7\u00e3o de cadastro.<\/p>\n\n\n\n<p>Para participar da pr\u00e9-sele\u00e7\u00e3o e concorrer a uma das vagas ofertadas, o candidato deve comparecer a um dos postos do Sine Manaus (av. Constantino Nery, n\u00ba 1.272, bairro S\u00e3o Geraldo, zona Centro-Sul) e Shopping Phelippe Daou (av. Camapu\u00e3, n\u00ba 2.939, bairro Jorge Teixeira, zona Leste), portando comprovante de vacina\u00e7\u00e3o (Covid-19) e documentos pessoais (RG, CPF, PIS, CTPS, comprovante de escolaridade e resid\u00eancia). N\u00e3o \u00e9 necess\u00e1rio apresentar c\u00f3pias, somente os documentos originais.<\/p>\n\n\n\n<p>O atendimento no Sine Manaus \u00e9 realizado de segunda a sexta-feira, de 8h \u00e0s 14h.<\/p>\n\n\n\n<p><strong>Como solicitar Carteira de Trabalho<\/strong>?<br>A partir de 2019, a Carteira de Trabalho f\u00edsica foi substitu\u00edda pela Carteira de Trabalho Digital em todo o territ\u00f3rio brasileiro. Para obt\u00ea-la o trabalhador deve acessar o portal do Governo Federal https:\/\/www.gov.br\/pt-br\/servicos\/obter-a-carteira-de-trabalho ou baixar o aplicativo \u201cCarteira de Trabalho Digital\u201d.<\/p>\n\n\n\n<p><strong>Como solicitar Seguro-Desemprego<\/strong>?<br>Para receber orienta\u00e7\u00e3o ou solicitar o Seguro-Desemprego, os trabalhadores devem se dirigir a um dos postos do Sine Manaus, de segunda a sexta-feira, das 8h \u00e0s 16h.<\/p>\n\n\n\n<p><strong>Como participar dos cursos profissionalizantes<\/strong>?<br>Para concorrer a vagas gratuitas de cursos profissionalizantes ofertadas pela Semtepi \u00e9 preciso estar atento aos crit\u00e9rios de participa\u00e7\u00e3o e ao per\u00edodo de inscri\u00e7\u00e3o divulgados nas redes sociais e portal da Semtepi.<\/p>\n\n\n\n<p><strong>Como se inscrever para os benef\u00edcios voltados a empreendedores<\/strong>?<br>Para concorrer aos benef\u00edcios gratuitos lan\u00e7ados pela Semtepi \u00e9 preciso estar atento aos crit\u00e9rios de participa\u00e7\u00e3o e ao per\u00edodo de inscri\u00e7\u00e3o divulgados nas redes sociais e portal da Semtepi.<\/p>\n\n\n\n<p><strong>Como funciona o Casar\u00e3o da Inova\u00e7\u00e3o Cassina<\/strong>?<br>O Casar\u00e3o da Inova\u00e7\u00e3o Cassina tem como objetivo fomentar, apoiar e desenvolver atividades de cunho inovador, tecnol\u00f3gico e empreendedor na cidade de Manaus.<\/p>\n\n\n\n<p>Para atender a popula\u00e7\u00e3o gratuitamente, o pr\u00e9dio disp\u00f5e de salas de reuni\u00f5es, espa\u00e7o coworking com 54 esta\u00e7\u00f5es, sala de amostra, duas salas de co-cria\u00e7\u00e3o, lounge, sala de forma\u00e7\u00e3o e espa\u00e7o caf\u00e9. O espa\u00e7o n\u00e3o est\u00e1 aberto para visita\u00e7\u00e3o cultural ou sess\u00e3o de fotos.<\/p>\n\n\n\n<p>Agendamentos devem ser realizados pelo link: <a href=\"https:\/\/minhaagendavirtual.com.br\/casaraodainovacaocassina\" target=\"_blank\" rel=\"noreferrer noopener\">https:\/\/minhaagendavirtual.com.br\/casaraodainovacaocassina<\/a><\/p>\n\n\n\n<p><strong>Como participar das feiras de artesanato<\/strong>?<br>Para participar das feiras de artesanato promovidas pela Semtepi, \u00e9 preciso estar cadastrado no departamento de Economia Solid\u00e1ria e Criativa da secretaria. O banco conta hoje com mais de 1.500 artes\u00e3os cadastrados. O formul\u00e1rio para cadastro est\u00e1 dispon\u00edvel no link <a href=\"https:\/\/forms.gle\/hNw6QJh3itGXH2hB6\" target=\"_blank\" rel=\"noreferrer noopener\">https:\/\/forms.gle\/hNw6QJh3itGXH2hB6<\/a> (Cadastro temporariamente suspenso)<\/p>\n\n\n\n<p><strong>Os servi\u00e7os da Semtepi s\u00e3o gratuitos<\/strong>?<br>Todos os servi\u00e7os disponibilizados pela Semtepi s\u00e3o totalmente gratuitos para a popula\u00e7\u00e3o local, os cidad\u00e3os precisam somente estar atentos aos crit\u00e9rios de participa\u00e7\u00e3o.<\/p>\n","protected":false},"excerpt":{"rendered":"","protected":false},"author":27,"featured_media":0,"parent":172,"menu_order":7,"comment_status":"closed","ping_status":"closed","template":"templates\/turismo.php","meta":{"footnotes":""},"acf":[],"yoast_head":"<!-- This site is optimized with the Yoast SEO plugin v23.0 - https:\/\/yoast.com\/wordpress\/plugins\/seo\/ -->\n<title>D\u00favidas Frequentes - SEMTEPI<\/title>\n<meta name=\"robots\" content=\"noindex, follow\" \/>\n<meta property=\"og:locale\" content=\"pt_BR\" \/>\n<meta property=\"og:type\" content=\"article\" \/>\n<meta property=\"og:title\" content=\"D\u00favidas Frequentes - SEMTEPI\" \/>\n<meta property=\"og:url\" content=\"https:\/\/www.manaus.am.gov.br\/semtepi\/a-semtepi\/duvidas-frequentes\/\" \/>\n<meta property=\"og:site_name\" content=\"SEMTEPI\" \/>\n<meta property=\"article:modified_time\" content=\"2024-03-04T17:13:11+00:00\" \/>\n<meta property=\"og:image\" content=\"https:\/\/www.manaus.am.gov.br\/semtepi\/wp-content\/uploads\/sites\/20\/2024\/07\/thumb-default-2.png\" \/>\n\t<meta property=\"og:image:width\" content=\"966\" \/>\n\t<meta property=\"og:image:height\" content=\"520\" \/>\n\t<meta property=\"og:image:type\" content=\"image\/png\" \/>\n<meta name=\"twitter:card\" content=\"summary_large_image\" \/>\n<meta name=\"twitter:label1\" content=\"Est. reading time\" \/>\n\t<meta name=\"twitter:data1\" content=\"4 minutos\" \/>\n<script type=\"application\/ld+json\" class=\"yoast-schema-graph\">{\"@context\":\"https:\/\/schema.org\",\"@graph\":[{\"@type\":\"WebPage\",\"@id\":\"https:\/\/www.manaus.am.gov.br\/semtepi\/a-semtepi\/duvidas-frequentes\/\",\"url\":\"https:\/\/www.manaus.am.gov.br\/semtepi\/a-semtepi\/duvidas-frequentes\/\",\"name\":\"D\u00favidas Frequentes - SEMTEPI\",\"isPartOf\":{\"@id\":\"https:\/\/www.manaus.am.gov.br\/semtepi\/#website\"},\"datePublished\":\"2023-04-20T00:33:49+00:00\",\"dateModified\":\"2024-03-04T17:13:11+00:00\",\"breadcrumb\":{\"@id\":\"https:\/\/www.manaus.am.gov.br\/semtepi\/a-semtepi\/duvidas-frequentes\/#breadcrumb\"},\"inLanguage\":\"pt-BR\",\"potentialAction\":[{\"@type\":\"ReadAction\",\"target\":[\"https:\/\/www.manaus.am.gov.br\/semtepi\/a-semtepi\/duvidas-frequentes\/\"]}]},{\"@type\":\"BreadcrumbList\",\"@id\":\"https:\/\/www.manaus.am.gov.br\/semtepi\/a-semtepi\/duvidas-frequentes\/#breadcrumb\",\"itemListElement\":[{\"@type\":\"ListItem\",\"position\":1,\"name\":\"Home\",\"item\":\"https:\/\/www.manaus.am.gov.br\/semtepi\/\"},{\"@type\":\"ListItem\",\"position\":2,\"name\":\"A Semtepi\",\"item\":\"https:\/\/www.manaus.am.gov.br\/semtepi\/a-semtepi\/\"},{\"@type\":\"ListItem\",\"position\":3,\"name\":\"D\u00favidas Frequentes\"}]},{\"@type\":\"WebSite\",\"@id\":\"https:\/\/www.manaus.am.gov.br\/semtepi\/#website\",\"url\":\"https:\/\/www.manaus.am.gov.br\/semtepi\/\",\"name\":\"SEMTEPI\",\"description\":\"Prefeitura de Manaus\",\"publisher\":{\"@id\":\"https:\/\/www.manaus.am.gov.br\/semtepi\/#organization\"},\"alternateName\":\"Secretaria Municipal do Trabalho, Empreendedorismo e Inova\u00e7\u00e3o\",\"potentialAction\":[{\"@type\":\"SearchAction\",\"target\":{\"@type\":\"EntryPoint\",\"urlTemplate\":\"https:\/\/www.manaus.am.gov.br\/semtepi\/?s={search_term_string}\"},\"query-input\":\"required name=search_term_string\"}],\"inLanguage\":\"pt-BR\"},{\"@type\":\"Organization\",\"@id\":\"https:\/\/www.manaus.am.gov.br\/semtepi\/#organization\",\"name\":\"Prefeitura Municipal de Manaus\",\"alternateName\":\"Prefeitura de Manaus\",\"url\":\"https:\/\/www.manaus.am.gov.br\/semtepi\/\",\"logo\":{\"@type\":\"ImageObject\",\"inLanguage\":\"pt-BR\",\"@id\":\"https:\/\/www.manaus.am.gov.br\/semtepi\/#\/schema\/logo\/image\/\",\"url\":\"https:\/\/www.manaus.am.gov.br\/semtepi\/wp-content\/uploads\/sites\/20\/2024\/07\/favicon.png\",\"contentUrl\":\"https:\/\/www.manaus.am.gov.br\/semtepi\/wp-content\/uploads\/sites\/20\/2024\/07\/favicon.png\",\"width\":300,\"height\":300,\"caption\":\"Prefeitura Municipal de Manaus\"},\"image\":{\"@id\":\"https:\/\/www.manaus.am.gov.br\/semtepi\/#\/schema\/logo\/image\/\"}}]}<\/script>\n<!-- \/ Yoast SEO plugin. -->","yoast_head_json":{"title":"D\u00favidas Frequentes - SEMTEPI","robots":{"index":"noindex","follow":"follow"},"og_locale":"pt_BR","og_type":"article","og_title":"D\u00favidas Frequentes - SEMTEPI","og_url":"https:\/\/www.manaus.am.gov.br\/semtepi\/a-semtepi\/duvidas-frequentes\/","og_site_name":"SEMTEPI","article_modified_time":"2024-03-04T17:13:11+00:00","og_image":[{"width":966,"height":520,"url":"https:\/\/www.manaus.am.gov.br\/semtepi\/wp-content\/uploads\/sites\/20\/2024\/07\/thumb-default-2.png","type":"image\/png"}],"twitter_card":"summary_large_image","twitter_misc":{"Est. reading time":"4 minutos"},"schema":{"@context":"https:\/\/schema.org","@graph":[{"@type":"WebPage","@id":"https:\/\/www.manaus.am.gov.br\/semtepi\/a-semtepi\/duvidas-frequentes\/","url":"https:\/\/www.manaus.am.gov.br\/semtepi\/a-semtepi\/duvidas-frequentes\/","name":"D\u00favidas Frequentes - SEMTEPI","isPartOf":{"@id":"https:\/\/www.manaus.am.gov.br\/semtepi\/#website"},"datePublished":"2023-04-20T00:33:49+00:00","dateModified":"2024-03-04T17:13:11+00:00","breadcrumb":{"@id":"https:\/\/www.manaus.am.gov.br\/semtepi\/a-semtepi\/duvidas-frequentes\/#breadcrumb"},"inLanguage":"pt-BR","potentialAction":[{"@type":"ReadAction","target":["https:\/\/www.manaus.am.gov.br\/semtepi\/a-semtepi\/duvidas-frequentes\/"]}]},{"@type":"BreadcrumbList","@id":"https:\/\/www.manaus.am.gov.br\/semtepi\/a-semtepi\/duvidas-frequentes\/#breadcrumb","itemListElement":[{"@type":"ListItem","position":1,"name":"Home","item":"https:\/\/www.manaus.am.gov.br\/semtepi\/"},{"@type":"ListItem","position":2,"name":"A Semtepi","item":"https:\/\/www.manaus.am.gov.br\/semtepi\/a-semtepi\/"},{"@type":"ListItem","position":3,"name":"D\u00favidas Frequentes"}]},{"@type":"WebSite","@id":"https:\/\/www.manaus.am.gov.br\/semtepi\/#website","url":"https:\/\/www.manaus.am.gov.br\/semtepi\/","name":"SEMTEPI","description":"Prefeitura de Manaus","publisher":{"@id":"https:\/\/www.manaus.am.gov.br\/semtepi\/#organization"},"alternateName":"Secretaria Municipal do Trabalho, Empreendedorismo e Inova\u00e7\u00e3o","potentialAction":[{"@type":"SearchAction","target":{"@type":"EntryPoint","urlTemplate":"https:\/\/www.manaus.am.gov.br\/semtepi\/?s={search_term_string}"},"query-input":"required name=search_term_string"}],"inLanguage":"pt-BR"},{"@type":"Organization","@id":"https:\/\/www.manaus.am.gov.br\/semtepi\/#organization","name":"Prefeitura Municipal de Manaus","alternateName":"Prefeitura de Manaus","url":"https:\/\/www.manaus.am.gov.br\/semtepi\/","logo":{"@type":"ImageObject","inLanguage":"pt-BR","@id":"https:\/\/www.manaus.am.gov.br\/semtepi\/#\/schema\/logo\/image\/","url":"https:\/\/www.manaus.am.gov.br\/semtepi\/wp-content\/uploads\/sites\/20\/2024\/07\/favicon.png","contentUrl":"https:\/\/www.manaus.am.gov.br\/semtepi\/wp-content\/uploads\/sites\/20\/2024\/07\/favicon.png","width":300,"height":300,"caption":"Prefeitura Municipal de Manaus"},"image":{"@id":"https:\/\/www.manaus.am.gov.br\/semtepi\/#\/schema\/logo\/image\/"}}]}},"_links":{"self":[{"href":"https:\/\/www.manaus.am.gov.br\/semtepi\/wp-json\/wp\/v2\/pages\/265"}],"collection":[{"href":"https:\/\/www.manaus.am.gov.br\/semtepi\/wp-json\/wp\/v2\/pages"}],"about":[{"href":"https:\/\/www.manaus.am.gov.br\/semtepi\/wp-json\/wp\/v2\/types\/page"}],"author":[{"embeddable":true,"href":"https:\/\/www.manaus.am.gov.br\/semtepi\/wp-json\/wp\/v2\/users\/27"}],"replies":[{"embeddable":true,"href":"https:\/\/www.manaus.am.gov.br\/semtepi\/wp-json\/wp\/v2\/comments?post=265"}],"version-history":[{"count":7,"href":"https:\/\/www.manaus.am.gov.br\/semtepi\/wp-json\/wp\/v2\/pages\/265\/revisions"}],"predecessor-version":[{"id":4242,"href":"https:\/\/www.manaus.am.gov.br\/semtepi\/wp-json\/wp\/v2\/pages\/265\/revisions\/4242"}],"up":[{"embeddable":true,"href":"https:\/\/www.manaus.am.gov.br\/semtepi\/wp-json\/wp\/v2\/pages\/172"}],"wp:attachment":[{"href":"https:\/\/www.manaus.am.gov.br\/semtepi\/wp-json\/wp\/v2\/media?parent=265"}],"curies":[{"name":"wp","href":"https:\/\/api.w.org\/{rel}","templated":true}]}}