{"id":244,"date":"2023-04-19T19:58:58","date_gmt":"2023-04-19T23:58:58","guid":{"rendered":"https:\/\/www.manaus.am.gov.br\/semtepi\/?page_id=244"},"modified":"2025-03-19T10:39:35","modified_gmt":"2025-03-19T14:39:35","slug":"qualificacao-profissional","status":"publish","type":"page","link":"https:\/\/www.manaus.am.gov.br\/semtepi\/qualificacao-profissional\/","title":{"rendered":"Qualifica\u00e7\u00e3o Profissional"},"content":{"rendered":"\n<h2 class=\"wp-block-heading\">Pr\u00f3ximos Cursos:<\/h2>\n\n\n\n<p><\/p>\n\n\n\n<p><strong>Curso: &nbsp;Marketing Empresarial e Empreendedorismo<\/strong><\/p>\n\n\n\n<p>Data: 24 a 28\/3<br>Local:&nbsp; Central do Empreendedor (Shopping Phelippe Daou \u2013 Av. Camapu\u00e3)<\/p>\n\n\n\n<p>Per\u00edodo de Inscri\u00e7\u00e3o: 19\/3<\/p>\n\n\n\n<p>Lista de Selecionados: 21\/3<\/p>\n\n\n\n<p>Link de Inscri\u00e7\u00e3o:&nbsp;<a href=\"https:\/\/forms.gle\/tcazgKuRcREFLBo2A\" target=\"_blank\" rel=\"noreferrer noopener\">https:\/\/forms.gle\/tcazgKuRcREFLBo2A<\/a><\/p>\n\n\n\n<p><\/p>\n\n\n\n<p><strong>Workshop: &nbsp;Elabora\u00e7\u00e3o de projetos na pr\u00e1tica 2.0<\/strong><\/p>\n\n\n\n<p>Data: 27\/3<\/p>\n\n\n\n<p>Local:&nbsp; Casar\u00e3o da Inova\u00e7\u00e3o Cassina (Rua Bernardo Ramos \u2013 bairro Centro)<\/p>\n\n\n\n<p>Per\u00edodo de Inscri\u00e7\u00e3o: 21 a 25\/3<\/p>\n\n\n\n<p>Lista de Selecionados: 26\/3<\/p>\n\n\n\n<p>Link de Inscri\u00e7\u00e3o<em>: <a href=\"https:\/\/docs.google.com\/forms\/d\/1vlJiyP-11oqtzFq45iG5LueDKQeCATLmynDsbxTwAaI\/edit\" target=\"_blank\" rel=\"noreferrer noopener\">https:\/\/docs.google.com\/forms\/d\/1vlJiyP-11oqtzFq45iG5LueDKQeCATLmynDsbxTwAaI\/edit<\/a><\/em><\/p>\n\n\n\n<p><\/p>\n\n\n\n<p><strong>Curso: &nbsp;Academia de Emprego! Descubra como se destacar no mundo profissional<\/strong><\/p>\n\n\n\n<p>Data: 07 e 08\/04<\/p>\n\n\n\n<p>Local:&nbsp; Central do Empreendedor (Shopping Phelippe Daou \u2013 Av. Camapu\u00e3)<\/p>\n\n\n\n<p>Per\u00edodo de Inscri\u00e7\u00e3o: 02 e 03\/04&nbsp;&nbsp;&nbsp;&nbsp;&nbsp;&nbsp;&nbsp;&nbsp;&nbsp;<\/p>\n\n\n\n<p>Lista de Selecionados: 04\/04<\/p>\n\n\n\n<p>Link de Inscri\u00e7\u00e3o<em>: em breve<\/em><\/p>\n\n\n\n<p><\/p>\n\n\n\n<h2 class=\"wp-block-heading\">Oficinas:<\/h2>\n\n\n\n<p><\/p>\n\n\n\n<h2 class=\"wp-block-heading\">Saiba mais:<\/h2>\n\n\n\n<p>A Semtepi \u00e9 dedicada \u00e0 qualifica\u00e7\u00e3o profissional dos cidad\u00e3os, fornecendo oportunidades de desenvolvimento de habilidades e compet\u00eancias necess\u00e1rias para o mercado de trabalho. Com uma abordagem abrangente, a Semtepi busca capacitar os trabalhadores, promovendo sua empregabilidade e contribuindo para o crescimento econ\u00f4mico da regi\u00e3o.<\/p>\n\n\n\n<p>As a\u00e7\u00f5es da Semtepi em qualifica\u00e7\u00e3o profissional t\u00eam criado um ambiente prop\u00edcio para o aprimoramento profissional dos cidad\u00e3os, por meio de programas e cursos de capacita\u00e7\u00e3o. A secretaria oferece uma ampla gama de oportunidades, abrangendo especializa\u00e7\u00e3o em \u00e1reas espec\u00edficas, de acordo com as demandas do mercado local.<\/p>\n\n\n\n<p>Os cursos s\u00e3o desenvolvidos com base em an\u00e1lises das necessidades do mercado de trabalho e em parceria com empresas e entidades do setor. Isso garante que as qualifica\u00e7\u00f5es oferecidas estejam alinhadas com as exig\u00eancias e tend\u00eancias do mercado, aumentando as chances de inser\u00e7\u00e3o e sucesso profissional dos participantes.<\/p>\n\n\n\n<p>Al\u00e9m disso, a Semtepi promove a\u00e7\u00f5es de incentivo ao empreendedorismo e \u00e0 inova\u00e7\u00e3o, capacitando os cidad\u00e3os a criarem seus pr\u00f3prios neg\u00f3cios e fomentando o esp\u00edrito empreendedor na capital amazonense. Isso contribui para o fortalecimento da economia local, gerando novas oportunidades de trabalho e estimulando o crescimento sustent\u00e1vel.<\/p>\n\n\n\n<h2 class=\"wp-block-heading\">RELAT\u00d3RIOS ANUAIS:<\/h2>\n\n\n\n<h2 class=\"wp-block-heading\"><a href=\"https:\/\/www.manaus.am.gov.br\/semtepi\/wp-content\/uploads\/sites\/20\/2023\/04\/RELATORIO-GERAL-DE-QUALIFICACAO-PROFISSIONAL-2020.pdf\" target=\"_blank\" rel=\"noreferrer noopener\">RELAT\u00d3RIO&nbsp; DE QUALIFICA\u00c7\u00c3O PROFISSIONAL \u2013 2020<\/a><\/h2>\n\n\n\n<h2 class=\"wp-block-heading\"><a href=\"https:\/\/www.manaus.am.gov.br\/semtepi\/wp-content\/uploads\/sites\/20\/2023\/04\/RELATORIO-GERAL-DE-QUALIFICACAO-PROFISSIONAL-2019.pdf\" target=\"_blank\" rel=\"noreferrer noopener\">RELAT\u00d3RIO DE QUALIFICA\u00c7\u00c3O PROFISSIONAL \u2013 2019<\/a><\/h2>\n\n\n\n<h2 class=\"wp-block-heading\"><a href=\"https:\/\/www.manaus.am.gov.br\/semtepi\/wp-content\/uploads\/sites\/20\/2023\/04\/RELATORIO-GERAL-DE-QUALIFICACAO-PROFISSIONAL-2018.pdf\" target=\"_blank\" rel=\"noreferrer noopener\">RELAT\u00d3RIO DE QUALIFICA\u00c7\u00c3O PROFISSIONAL \u2013 2018<\/a><\/h2>\n\n\n\n<h2 class=\"wp-block-heading\"><a href=\"https:\/\/www.manaus.am.gov.br\/semtepi\/wp-content\/uploads\/sites\/20\/2023\/04\/Relatorio-2017-Parte-II.pdf\" target=\"_blank\" rel=\"noreferrer noopener\">RELAT\u00d3RIO DE QUALIFICA\u00c7\u00c3O PROFISSIONAL \u2013&nbsp; 2017\/2<\/a><\/h2>\n\n\n\n<h2 class=\"wp-block-heading\"><a href=\"https:\/\/www.manaus.am.gov.br\/semtepi\/wp-content\/uploads\/sites\/20\/2023\/04\/Relatorio-2017-Parte-I.pdf\" target=\"_blank\" rel=\"noreferrer noopener\">RELAT\u00d3RIO DE QUALIFICA\u00c7\u00c3O PROFISSIONAL&nbsp; \u2013 2017\/1<\/a><\/h2>\n\n\n\n<h2 class=\"wp-block-heading\"><a href=\"https:\/\/www.manaus.am.gov.br\/semtepi\/wp-content\/uploads\/sites\/20\/2023\/04\/Relatorio-2016.pdf\" target=\"_blank\" rel=\"noreferrer noopener\">RELAT\u00d3RIO DE QUALIFICA\u00c7\u00c3O PROFISSIONAL \u2013 2016<\/a><\/h2>\n\n\n\n<h2 class=\"wp-block-heading\"><a href=\"https:\/\/www.manaus.am.gov.br\/semtepi\/wp-content\/uploads\/sites\/20\/2023\/04\/Relatorio-2015.pdf\" target=\"_blank\" rel=\"noreferrer noopener\">RELAT\u00d3RIO DE QUALIFICA\u00c7\u00c3O PROFISSIONAL \u2013 2015<\/a><\/h2>\n\n\n\n<h2 class=\"wp-block-heading\"><a href=\"https:\/\/www.manaus.am.gov.br\/semtepi\/wp-content\/uploads\/sites\/20\/2023\/04\/Relatorio-2014.pdf\" target=\"_blank\" rel=\"noreferrer noopener\">RELAT\u00d3RIO DE QUALIFICA\u00c7\u00c3O PROFISSIONAL \u2013 2014<\/a><\/h2>\n\n\n\n<h2 class=\"wp-block-heading\"><a href=\"https:\/\/www.manaus.am.gov.br\/semtepi\/wp-content\/uploads\/sites\/20\/2023\/04\/Relatorio-2013.pdf\" target=\"_blank\" rel=\"noreferrer noopener\">RELAT\u00d3RIO DE QUALIFICA\u00c7\u00c3O PROFISSIONAL \u2013 2013<\/a><\/h2>\n\n\n\n<p><\/p>\n\n\n\n<p><\/p>\n","protected":false},"excerpt":{"rendered":"","protected":false},"author":27,"featured_media":0,"parent":0,"menu_order":0,"comment_status":"closed","ping_status":"closed","template":"","meta":{"footnotes":""},"acf":[],"yoast_head":"<!-- This site is optimized with the Yoast SEO plugin v23.0 - https:\/\/yoast.com\/wordpress\/plugins\/seo\/ -->\n<title>Qualifica\u00e7\u00e3o Profissional - SEMTEPI<\/title>\n<meta name=\"robots\" content=\"noindex, follow\" \/>\n<meta property=\"og:locale\" content=\"pt_BR\" \/>\n<meta property=\"og:type\" content=\"article\" \/>\n<meta property=\"og:title\" content=\"Qualifica\u00e7\u00e3o Profissional - SEMTEPI\" \/>\n<meta property=\"og:url\" content=\"https:\/\/www.manaus.am.gov.br\/semtepi\/qualificacao-profissional\/\" \/>\n<meta property=\"og:site_name\" content=\"SEMTEPI\" \/>\n<meta property=\"article:modified_time\" content=\"2025-03-19T14:39:35+00:00\" \/>\n<meta property=\"og:image\" content=\"https:\/\/www.manaus.am.gov.br\/semtepi\/wp-content\/uploads\/sites\/20\/2024\/07\/thumb-default-2.png\" \/>\n\t<meta property=\"og:image:width\" content=\"966\" \/>\n\t<meta property=\"og:image:height\" content=\"520\" \/>\n\t<meta property=\"og:image:type\" content=\"image\/png\" \/>\n<meta name=\"twitter:card\" content=\"summary_large_image\" \/>\n<meta name=\"twitter:label1\" content=\"Est. reading time\" \/>\n\t<meta name=\"twitter:data1\" content=\"2 minutos\" \/>\n<script type=\"application\/ld+json\" class=\"yoast-schema-graph\">{\"@context\":\"https:\/\/schema.org\",\"@graph\":[{\"@type\":\"WebPage\",\"@id\":\"https:\/\/www.manaus.am.gov.br\/semtepi\/qualificacao-profissional\/\",\"url\":\"https:\/\/www.manaus.am.gov.br\/semtepi\/qualificacao-profissional\/\",\"name\":\"Qualifica\u00e7\u00e3o Profissional - SEMTEPI\",\"isPartOf\":{\"@id\":\"https:\/\/www.manaus.am.gov.br\/semtepi\/#website\"},\"datePublished\":\"2023-04-19T23:58:58+00:00\",\"dateModified\":\"2025-03-19T14:39:35+00:00\",\"breadcrumb\":{\"@id\":\"https:\/\/www.manaus.am.gov.br\/semtepi\/qualificacao-profissional\/#breadcrumb\"},\"inLanguage\":\"pt-BR\",\"potentialAction\":[{\"@type\":\"ReadAction\",\"target\":[\"https:\/\/www.manaus.am.gov.br\/semtepi\/qualificacao-profissional\/\"]}]},{\"@type\":\"BreadcrumbList\",\"@id\":\"https:\/\/www.manaus.am.gov.br\/semtepi\/qualificacao-profissional\/#breadcrumb\",\"itemListElement\":[{\"@type\":\"ListItem\",\"position\":1,\"name\":\"Home\",\"item\":\"https:\/\/www.manaus.am.gov.br\/semtepi\/\"},{\"@type\":\"ListItem\",\"position\":2,\"name\":\"Qualifica\u00e7\u00e3o Profissional\"}]},{\"@type\":\"WebSite\",\"@id\":\"https:\/\/www.manaus.am.gov.br\/semtepi\/#website\",\"url\":\"https:\/\/www.manaus.am.gov.br\/semtepi\/\",\"name\":\"SEMTEPI\",\"description\":\"Prefeitura de Manaus\",\"publisher\":{\"@id\":\"https:\/\/www.manaus.am.gov.br\/semtepi\/#organization\"},\"alternateName\":\"Secretaria Municipal do Trabalho, Empreendedorismo e Inova\u00e7\u00e3o\",\"potentialAction\":[{\"@type\":\"SearchAction\",\"target\":{\"@type\":\"EntryPoint\",\"urlTemplate\":\"https:\/\/www.manaus.am.gov.br\/semtepi\/?s={search_term_string}\"},\"query-input\":\"required name=search_term_string\"}],\"inLanguage\":\"pt-BR\"},{\"@type\":\"Organization\",\"@id\":\"https:\/\/www.manaus.am.gov.br\/semtepi\/#organization\",\"name\":\"Prefeitura Municipal de Manaus\",\"alternateName\":\"Prefeitura de Manaus\",\"url\":\"https:\/\/www.manaus.am.gov.br\/semtepi\/\",\"logo\":{\"@type\":\"ImageObject\",\"inLanguage\":\"pt-BR\",\"@id\":\"https:\/\/www.manaus.am.gov.br\/semtepi\/#\/schema\/logo\/image\/\",\"url\":\"https:\/\/www.manaus.am.gov.br\/semtepi\/wp-content\/uploads\/sites\/20\/2024\/07\/favicon.png\",\"contentUrl\":\"https:\/\/www.manaus.am.gov.br\/semtepi\/wp-content\/uploads\/sites\/20\/2024\/07\/favicon.png\",\"width\":300,\"height\":300,\"caption\":\"Prefeitura Municipal de Manaus\"},\"image\":{\"@id\":\"https:\/\/www.manaus.am.gov.br\/semtepi\/#\/schema\/logo\/image\/\"}}]}<\/script>\n<!-- \/ Yoast SEO plugin. -->","yoast_head_json":{"title":"Qualifica\u00e7\u00e3o Profissional - SEMTEPI","robots":{"index":"noindex","follow":"follow"},"og_locale":"pt_BR","og_type":"article","og_title":"Qualifica\u00e7\u00e3o Profissional - SEMTEPI","og_url":"https:\/\/www.manaus.am.gov.br\/semtepi\/qualificacao-profissional\/","og_site_name":"SEMTEPI","article_modified_time":"2025-03-19T14:39:35+00:00","og_image":[{"width":966,"height":520,"url":"https:\/\/www.manaus.am.gov.br\/semtepi\/wp-content\/uploads\/sites\/20\/2024\/07\/thumb-default-2.png","type":"image\/png"}],"twitter_card":"summary_large_image","twitter_misc":{"Est. reading time":"2 minutos"},"schema":{"@context":"https:\/\/schema.org","@graph":[{"@type":"WebPage","@id":"https:\/\/www.manaus.am.gov.br\/semtepi\/qualificacao-profissional\/","url":"https:\/\/www.manaus.am.gov.br\/semtepi\/qualificacao-profissional\/","name":"Qualifica\u00e7\u00e3o Profissional - SEMTEPI","isPartOf":{"@id":"https:\/\/www.manaus.am.gov.br\/semtepi\/#website"},"datePublished":"2023-04-19T23:58:58+00:00","dateModified":"2025-03-19T14:39:35+00:00","breadcrumb":{"@id":"https:\/\/www.manaus.am.gov.br\/semtepi\/qualificacao-profissional\/#breadcrumb"},"inLanguage":"pt-BR","potentialAction":[{"@type":"ReadAction","target":["https:\/\/www.manaus.am.gov.br\/semtepi\/qualificacao-profissional\/"]}]},{"@type":"BreadcrumbList","@id":"https:\/\/www.manaus.am.gov.br\/semtepi\/qualificacao-profissional\/#breadcrumb","itemListElement":[{"@type":"ListItem","position":1,"name":"Home","item":"https:\/\/www.manaus.am.gov.br\/semtepi\/"},{"@type":"ListItem","position":2,"name":"Qualifica\u00e7\u00e3o Profissional"}]},{"@type":"WebSite","@id":"https:\/\/www.manaus.am.gov.br\/semtepi\/#website","url":"https:\/\/www.manaus.am.gov.br\/semtepi\/","name":"SEMTEPI","description":"Prefeitura de Manaus","publisher":{"@id":"https:\/\/www.manaus.am.gov.br\/semtepi\/#organization"},"alternateName":"Secretaria Municipal do Trabalho, Empreendedorismo e Inova\u00e7\u00e3o","potentialAction":[{"@type":"SearchAction","target":{"@type":"EntryPoint","urlTemplate":"https:\/\/www.manaus.am.gov.br\/semtepi\/?s={search_term_string}"},"query-input":"required name=search_term_string"}],"inLanguage":"pt-BR"},{"@type":"Organization","@id":"https:\/\/www.manaus.am.gov.br\/semtepi\/#organization","name":"Prefeitura Municipal de Manaus","alternateName":"Prefeitura de Manaus","url":"https:\/\/www.manaus.am.gov.br\/semtepi\/","logo":{"@type":"ImageObject","inLanguage":"pt-BR","@id":"https:\/\/www.manaus.am.gov.br\/semtepi\/#\/schema\/logo\/image\/","url":"https:\/\/www.manaus.am.gov.br\/semtepi\/wp-content\/uploads\/sites\/20\/2024\/07\/favicon.png","contentUrl":"https:\/\/www.manaus.am.gov.br\/semtepi\/wp-content\/uploads\/sites\/20\/2024\/07\/favicon.png","width":300,"height":300,"caption":"Prefeitura Municipal de Manaus"},"image":{"@id":"https:\/\/www.manaus.am.gov.br\/semtepi\/#\/schema\/logo\/image\/"}}]}},"_links":{"self":[{"href":"https:\/\/www.manaus.am.gov.br\/semtepi\/wp-json\/wp\/v2\/pages\/244"}],"collection":[{"href":"https:\/\/www.manaus.am.gov.br\/semtepi\/wp-json\/wp\/v2\/pages"}],"about":[{"href":"https:\/\/www.manaus.am.gov.br\/semtepi\/wp-json\/wp\/v2\/types\/page"}],"author":[{"embeddable":true,"href":"https:\/\/www.manaus.am.gov.br\/semtepi\/wp-json\/wp\/v2\/users\/27"}],"replies":[{"embeddable":true,"href":"https:\/\/www.manaus.am.gov.br\/semtepi\/wp-json\/wp\/v2\/comments?post=244"}],"version-history":[{"count":31,"href":"https:\/\/www.manaus.am.gov.br\/semtepi\/wp-json\/wp\/v2\/pages\/244\/revisions"}],"predecessor-version":[{"id":6041,"href":"https:\/\/www.manaus.am.gov.br\/semtepi\/wp-json\/wp\/v2\/pages\/244\/revisions\/6041"}],"wp:attachment":[{"href":"https:\/\/www.manaus.am.gov.br\/semtepi\/wp-json\/wp\/v2\/media?parent=244"}],"curies":[{"name":"wp","href":"https:\/\/api.w.org\/{rel}","templated":true}]}}