{"id":2180,"date":"2023-07-06T16:26:33","date_gmt":"2023-07-06T20:26:33","guid":{"rendered":"https:\/\/www.manaus.am.gov.br\/semtepi\/?page_id=2180"},"modified":"2025-09-04T11:37:07","modified_gmt":"2025-09-04T15:37:07","slug":"distrito-de-micro-e-pequenas-empresas-do-municipio-de-manaus","status":"publish","type":"page","link":"https:\/\/www.manaus.am.gov.br\/semtepi\/distrito-de-micro-e-pequenas-empresas-do-municipio-de-manaus\/","title":{"rendered":"Distrito de Micro e Pequenas Empresas do Munic\u00edpio de Manaus"},"content":{"rendered":"\n<p>O Distrito de Micro e Pequenas Empresas do Munic\u00edpio de Manaus (Dimicro), cuja conclus\u00e3o est\u00e1 programada para julho de 2023, representa um espa\u00e7o estrategicamente projetado para abrigar microind\u00fastrias que ter\u00e3o um impacto significativo na gera\u00e7\u00e3o de empregos diretos para mais de 400 pessoas. Essa iniciativa surge como resposta ao per\u00edodo prolongado em que o espa\u00e7o permaneceu inativo durante administra\u00e7\u00f5es anteriores, requerendo um amplo projeto de revitaliza\u00e7\u00e3o que garanta tanto a seguran\u00e7a quanto a funcionalidade dos seus 28 galp\u00f5es destinados \u00e0s empresas quarteirizadas do Distrito Industrial.<\/p>\n\n\n\n<p>A sele\u00e7\u00e3o das empresas que ocupar\u00e3o esses galp\u00f5es, onde realizar\u00e3o suas atividades produtivas, ser\u00e1 realizada por meio de um criterioso processo de sele\u00e7\u00e3o conduzido por meio de edital. Tal abordagem visa estimular a cria\u00e7\u00e3o de empregos e promover o progresso tecnol\u00f3gico por meio da produ\u00e7\u00e3o de mat\u00e9ria-prima regional, estabelecimento de cooperativas de trabalhadores e outras \u00e1reas afins.<\/p>\n\n\n\n<p>A administra\u00e7\u00e3o do espa\u00e7o ficar\u00e1 sob a responsabilidade da Secretaria Municipal do Trabalho, Empreendedorismo e Inova\u00e7\u00e3o (Semtepi), que tamb\u00e9m planeja transformar o Dimicro em uma aceleradora e incubadora de empresas. Essa iniciativa tem como objetivo fomentar o empreendedorismo tecnol\u00f3gico local, proporcionando apoio e recursos necess\u00e1rios para o crescimento e o desenvolvimento de startups promissoras.<\/p>\n\n\n\n<p>Com essa abordagem hol\u00edstica, o Dimicro n\u00e3o apenas contribuir\u00e1 para impulsionar a economia local, mas tamb\u00e9m servir\u00e1 como um ambiente prop\u00edcio \u00e0 inova\u00e7\u00e3o e ao surgimento de novos empreendimentos.<\/p>\n\n\n\n<p>Atrav\u00e9s do apoio cont\u00ednuo da Semtepi, as empresas instaladas no Distrito de Micro e Pequenas Empresas ser\u00e3o incentivadas a prosperar, alavancando o potencial tecnol\u00f3gico da regi\u00e3o e promovendo o crescimento sustent\u00e1vel e a competitividade no mercado. Assim, Manaus se fortalecer\u00e1 como um polo empreendedor e tecnol\u00f3gico, impulsionando o desenvolvimento econ\u00f4mico e social da cidade e de toda a regi\u00e3o.<\/p>\n\n\n\n<h2 class=\"wp-block-heading\"><a href=\"https:\/\/www.manaus.am.gov.br\/semtepi\/wp-content\/uploads\/sites\/20\/2023\/06\/REVISTA-DIMICRO.pdf\" target=\"_blank\" rel=\"noreferrer noopener\">Revista Dimicro<\/a><\/h2>\n\n\n\n<p><\/p>\n\n\n\n<p>AS SOLICITA\u00c7\u00d5ES DE USO DESTE RESPECTIVO ESPA\u00c7O DEVEM SER FEITAS COM 30 DIAS DE ANTECED\u00caNCIA.<\/p>\n","protected":false},"excerpt":{"rendered":"","protected":false},"author":27,"featured_media":0,"parent":0,"menu_order":0,"comment_status":"closed","ping_status":"closed","template":"templates\/prefeitura.php","meta":{"footnotes":""},"acf":[],"yoast_head":"<!-- This site is optimized with the Yoast SEO plugin v23.0 - https:\/\/yoast.com\/wordpress\/plugins\/seo\/ -->\n<title>Distrito de Micro e Pequenas Empresas do Munic\u00edpio de Manaus - SEMTEPI<\/title>\n<meta name=\"robots\" content=\"noindex, follow\" \/>\n<meta property=\"og:locale\" content=\"pt_BR\" \/>\n<meta property=\"og:type\" content=\"article\" \/>\n<meta property=\"og:title\" content=\"Distrito de Micro e Pequenas Empresas do Munic\u00edpio de Manaus - SEMTEPI\" \/>\n<meta property=\"og:url\" content=\"https:\/\/www.manaus.am.gov.br\/semtepi\/distrito-de-micro-e-pequenas-empresas-do-municipio-de-manaus\/\" \/>\n<meta property=\"og:site_name\" content=\"SEMTEPI\" \/>\n<meta property=\"article:modified_time\" content=\"2025-09-04T15:37:07+00:00\" \/>\n<meta property=\"og:image\" content=\"https:\/\/www.manaus.am.gov.br\/semtepi\/wp-content\/uploads\/sites\/20\/2024\/07\/thumb-default-2.png\" \/>\n\t<meta property=\"og:image:width\" content=\"966\" \/>\n\t<meta property=\"og:image:height\" content=\"520\" \/>\n\t<meta property=\"og:image:type\" content=\"image\/png\" \/>\n<meta name=\"twitter:card\" content=\"summary_large_image\" \/>\n<meta name=\"twitter:label1\" content=\"Est. reading time\" \/>\n\t<meta name=\"twitter:data1\" content=\"2 minutos\" \/>\n<script type=\"application\/ld+json\" class=\"yoast-schema-graph\">{\"@context\":\"https:\/\/schema.org\",\"@graph\":[{\"@type\":\"WebPage\",\"@id\":\"https:\/\/www.manaus.am.gov.br\/semtepi\/distrito-de-micro-e-pequenas-empresas-do-municipio-de-manaus\/\",\"url\":\"https:\/\/www.manaus.am.gov.br\/semtepi\/distrito-de-micro-e-pequenas-empresas-do-municipio-de-manaus\/\",\"name\":\"Distrito de Micro e Pequenas Empresas do Munic\u00edpio de Manaus - SEMTEPI\",\"isPartOf\":{\"@id\":\"https:\/\/www.manaus.am.gov.br\/semtepi\/#website\"},\"datePublished\":\"2023-07-06T20:26:33+00:00\",\"dateModified\":\"2025-09-04T15:37:07+00:00\",\"breadcrumb\":{\"@id\":\"https:\/\/www.manaus.am.gov.br\/semtepi\/distrito-de-micro-e-pequenas-empresas-do-municipio-de-manaus\/#breadcrumb\"},\"inLanguage\":\"pt-BR\",\"potentialAction\":[{\"@type\":\"ReadAction\",\"target\":[\"https:\/\/www.manaus.am.gov.br\/semtepi\/distrito-de-micro-e-pequenas-empresas-do-municipio-de-manaus\/\"]}]},{\"@type\":\"BreadcrumbList\",\"@id\":\"https:\/\/www.manaus.am.gov.br\/semtepi\/distrito-de-micro-e-pequenas-empresas-do-municipio-de-manaus\/#breadcrumb\",\"itemListElement\":[{\"@type\":\"ListItem\",\"position\":1,\"name\":\"Home\",\"item\":\"https:\/\/www.manaus.am.gov.br\/semtepi\/\"},{\"@type\":\"ListItem\",\"position\":2,\"name\":\"Distrito de Micro e Pequenas Empresas do Munic\u00edpio de Manaus\"}]},{\"@type\":\"WebSite\",\"@id\":\"https:\/\/www.manaus.am.gov.br\/semtepi\/#website\",\"url\":\"https:\/\/www.manaus.am.gov.br\/semtepi\/\",\"name\":\"SEMTEPI\",\"description\":\"Prefeitura de Manaus\",\"publisher\":{\"@id\":\"https:\/\/www.manaus.am.gov.br\/semtepi\/#organization\"},\"alternateName\":\"Secretaria Municipal do Trabalho, Empreendedorismo e Inova\u00e7\u00e3o\",\"potentialAction\":[{\"@type\":\"SearchAction\",\"target\":{\"@type\":\"EntryPoint\",\"urlTemplate\":\"https:\/\/www.manaus.am.gov.br\/semtepi\/?s={search_term_string}\"},\"query-input\":\"required name=search_term_string\"}],\"inLanguage\":\"pt-BR\"},{\"@type\":\"Organization\",\"@id\":\"https:\/\/www.manaus.am.gov.br\/semtepi\/#organization\",\"name\":\"Prefeitura Municipal de Manaus\",\"alternateName\":\"Prefeitura de Manaus\",\"url\":\"https:\/\/www.manaus.am.gov.br\/semtepi\/\",\"logo\":{\"@type\":\"ImageObject\",\"inLanguage\":\"pt-BR\",\"@id\":\"https:\/\/www.manaus.am.gov.br\/semtepi\/#\/schema\/logo\/image\/\",\"url\":\"https:\/\/www.manaus.am.gov.br\/semtepi\/wp-content\/uploads\/sites\/20\/2024\/07\/favicon.png\",\"contentUrl\":\"https:\/\/www.manaus.am.gov.br\/semtepi\/wp-content\/uploads\/sites\/20\/2024\/07\/favicon.png\",\"width\":300,\"height\":300,\"caption\":\"Prefeitura Municipal de Manaus\"},\"image\":{\"@id\":\"https:\/\/www.manaus.am.gov.br\/semtepi\/#\/schema\/logo\/image\/\"}}]}<\/script>\n<!-- \/ Yoast SEO plugin. -->","yoast_head_json":{"title":"Distrito de Micro e Pequenas Empresas do Munic\u00edpio de Manaus - SEMTEPI","robots":{"index":"noindex","follow":"follow"},"og_locale":"pt_BR","og_type":"article","og_title":"Distrito de Micro e Pequenas Empresas do Munic\u00edpio de Manaus - SEMTEPI","og_url":"https:\/\/www.manaus.am.gov.br\/semtepi\/distrito-de-micro-e-pequenas-empresas-do-municipio-de-manaus\/","og_site_name":"SEMTEPI","article_modified_time":"2025-09-04T15:37:07+00:00","og_image":[{"width":966,"height":520,"url":"https:\/\/www.manaus.am.gov.br\/semtepi\/wp-content\/uploads\/sites\/20\/2024\/07\/thumb-default-2.png","type":"image\/png"}],"twitter_card":"summary_large_image","twitter_misc":{"Est. reading time":"2 minutos"},"schema":{"@context":"https:\/\/schema.org","@graph":[{"@type":"WebPage","@id":"https:\/\/www.manaus.am.gov.br\/semtepi\/distrito-de-micro-e-pequenas-empresas-do-municipio-de-manaus\/","url":"https:\/\/www.manaus.am.gov.br\/semtepi\/distrito-de-micro-e-pequenas-empresas-do-municipio-de-manaus\/","name":"Distrito de Micro e Pequenas Empresas do Munic\u00edpio de Manaus - SEMTEPI","isPartOf":{"@id":"https:\/\/www.manaus.am.gov.br\/semtepi\/#website"},"datePublished":"2023-07-06T20:26:33+00:00","dateModified":"2025-09-04T15:37:07+00:00","breadcrumb":{"@id":"https:\/\/www.manaus.am.gov.br\/semtepi\/distrito-de-micro-e-pequenas-empresas-do-municipio-de-manaus\/#breadcrumb"},"inLanguage":"pt-BR","potentialAction":[{"@type":"ReadAction","target":["https:\/\/www.manaus.am.gov.br\/semtepi\/distrito-de-micro-e-pequenas-empresas-do-municipio-de-manaus\/"]}]},{"@type":"BreadcrumbList","@id":"https:\/\/www.manaus.am.gov.br\/semtepi\/distrito-de-micro-e-pequenas-empresas-do-municipio-de-manaus\/#breadcrumb","itemListElement":[{"@type":"ListItem","position":1,"name":"Home","item":"https:\/\/www.manaus.am.gov.br\/semtepi\/"},{"@type":"ListItem","position":2,"name":"Distrito de Micro e Pequenas Empresas do Munic\u00edpio de Manaus"}]},{"@type":"WebSite","@id":"https:\/\/www.manaus.am.gov.br\/semtepi\/#website","url":"https:\/\/www.manaus.am.gov.br\/semtepi\/","name":"SEMTEPI","description":"Prefeitura de Manaus","publisher":{"@id":"https:\/\/www.manaus.am.gov.br\/semtepi\/#organization"},"alternateName":"Secretaria Municipal do Trabalho, Empreendedorismo e Inova\u00e7\u00e3o","potentialAction":[{"@type":"SearchAction","target":{"@type":"EntryPoint","urlTemplate":"https:\/\/www.manaus.am.gov.br\/semtepi\/?s={search_term_string}"},"query-input":"required name=search_term_string"}],"inLanguage":"pt-BR"},{"@type":"Organization","@id":"https:\/\/www.manaus.am.gov.br\/semtepi\/#organization","name":"Prefeitura Municipal de Manaus","alternateName":"Prefeitura de Manaus","url":"https:\/\/www.manaus.am.gov.br\/semtepi\/","logo":{"@type":"ImageObject","inLanguage":"pt-BR","@id":"https:\/\/www.manaus.am.gov.br\/semtepi\/#\/schema\/logo\/image\/","url":"https:\/\/www.manaus.am.gov.br\/semtepi\/wp-content\/uploads\/sites\/20\/2024\/07\/favicon.png","contentUrl":"https:\/\/www.manaus.am.gov.br\/semtepi\/wp-content\/uploads\/sites\/20\/2024\/07\/favicon.png","width":300,"height":300,"caption":"Prefeitura Municipal de Manaus"},"image":{"@id":"https:\/\/www.manaus.am.gov.br\/semtepi\/#\/schema\/logo\/image\/"}}]}},"_links":{"self":[{"href":"https:\/\/www.manaus.am.gov.br\/semtepi\/wp-json\/wp\/v2\/pages\/2180"}],"collection":[{"href":"https:\/\/www.manaus.am.gov.br\/semtepi\/wp-json\/wp\/v2\/pages"}],"about":[{"href":"https:\/\/www.manaus.am.gov.br\/semtepi\/wp-json\/wp\/v2\/types\/page"}],"author":[{"embeddable":true,"href":"https:\/\/www.manaus.am.gov.br\/semtepi\/wp-json\/wp\/v2\/users\/27"}],"replies":[{"embeddable":true,"href":"https:\/\/www.manaus.am.gov.br\/semtepi\/wp-json\/wp\/v2\/comments?post=2180"}],"version-history":[{"count":2,"href":"https:\/\/www.manaus.am.gov.br\/semtepi\/wp-json\/wp\/v2\/pages\/2180\/revisions"}],"predecessor-version":[{"id":6884,"href":"https:\/\/www.manaus.am.gov.br\/semtepi\/wp-json\/wp\/v2\/pages\/2180\/revisions\/6884"}],"wp:attachment":[{"href":"https:\/\/www.manaus.am.gov.br\/semtepi\/wp-json\/wp\/v2\/media?parent=2180"}],"curies":[{"name":"wp","href":"https:\/\/api.w.org\/{rel}","templated":true}]}}