{"id":184,"date":"2023-05-30T09:50:19","date_gmt":"2023-05-30T12:50:19","guid":{"rendered":"https:\/\/www.manaus.am.gov.br\/semseg\/?page_id=184"},"modified":"2026-02-25T15:39:10","modified_gmt":"2026-02-25T19:39:10","slug":"home","status":"publish","type":"page","link":"https:\/\/www.manaus.am.gov.br\/semseg\/","title":{"rendered":"Home"},"content":{"rendered":"","protected":false},"excerpt":{"rendered":"","protected":false},"author":27,"featured_media":0,"parent":0,"menu_order":0,"comment_status":"closed","ping_status":"closed","template":"templates\/home_novo_banner.php","meta":{"footnotes":""},"acf":[],"yoast_head":"<!-- This site is optimized with the Yoast SEO plugin v23.0 - https:\/\/yoast.com\/wordpress\/plugins\/seo\/ -->\n<title>SEMSEG - Prefeitura de Manaus<\/title>\n<meta name=\"description\" content=\"Secretaria Municipal de Seguran\u00e7a P\u00fablica e Defesa Social, SEMSEG, integrante da Administra\u00e7\u00e3o Direta do Munic\u00edpio de Manaus.\" \/>\n<meta name=\"robots\" content=\"noindex, follow\" \/>\n<meta property=\"og:locale\" content=\"pt_BR\" \/>\n<meta property=\"og:type\" content=\"article\" \/>\n<meta property=\"og:title\" content=\"SEMSEG - Prefeitura de Manaus\" \/>\n<meta property=\"og:description\" content=\"Secretaria Municipal de Seguran\u00e7a P\u00fablica e Defesa Social, SEMSEG, integrante da Administra\u00e7\u00e3o Direta do Munic\u00edpio de Manaus.\" \/>\n<meta property=\"og:url\" content=\"https:\/\/www.manaus.am.gov.br\/semseg\/\" \/>\n<meta property=\"og:site_name\" content=\"SEMSEG\" \/>\n<meta property=\"article:modified_time\" content=\"2026-02-25T19:39:10+00:00\" \/>\n<meta name=\"twitter:card\" content=\"summary_large_image\" \/>\n<script type=\"application\/ld+json\" class=\"yoast-schema-graph\">{\"@context\":\"https:\/\/schema.org\",\"@graph\":[{\"@type\":\"WebPage\",\"@id\":\"https:\/\/www.manaus.am.gov.br\/semseg\/\",\"url\":\"https:\/\/www.manaus.am.gov.br\/semseg\/\",\"name\":\"SEMSEG - Prefeitura de Manaus\",\"isPartOf\":{\"@id\":\"https:\/\/www.manaus.am.gov.br\/semseg\/#website\"},\"datePublished\":\"2023-05-30T12:50:19+00:00\",\"dateModified\":\"2026-02-25T19:39:10+00:00\",\"description\":\"Secretaria Municipal de Seguran\u00e7a P\u00fablica e Defesa Social, SEMSEG, integrante da Administra\u00e7\u00e3o Direta do Munic\u00edpio de Manaus.\",\"breadcrumb\":{\"@id\":\"https:\/\/www.manaus.am.gov.br\/semseg\/#breadcrumb\"},\"inLanguage\":\"pt-BR\",\"potentialAction\":[{\"@type\":\"ReadAction\",\"target\":[\"https:\/\/www.manaus.am.gov.br\/semseg\/\"]}]},{\"@type\":\"BreadcrumbList\",\"@id\":\"https:\/\/www.manaus.am.gov.br\/semseg\/#breadcrumb\",\"itemListElement\":[{\"@type\":\"ListItem\",\"position\":1,\"name\":\"Home\",\"item\":\"https:\/\/www.manaus.am.gov.br\/semseg\/\"},{\"@type\":\"ListItem\",\"position\":2,\"name\":\"Home\"}]},{\"@type\":\"WebSite\",\"@id\":\"https:\/\/www.manaus.am.gov.br\/semseg\/#website\",\"url\":\"https:\/\/www.manaus.am.gov.br\/semseg\/\",\"name\":\"SEMSEG\",\"description\":\"Prefeitura de Manaus\",\"potentialAction\":[{\"@type\":\"SearchAction\",\"target\":{\"@type\":\"EntryPoint\",\"urlTemplate\":\"https:\/\/www.manaus.am.gov.br\/semseg\/?s={search_term_string}\"},\"query-input\":\"required name=search_term_string\"}],\"inLanguage\":\"pt-BR\"}]}<\/script>\n<!-- \/ Yoast SEO plugin. -->","yoast_head_json":{"title":"SEMSEG - Prefeitura de Manaus","description":"Secretaria Municipal de Seguran\u00e7a P\u00fablica e Defesa Social, SEMSEG, integrante da Administra\u00e7\u00e3o Direta do Munic\u00edpio de Manaus.","robots":{"index":"noindex","follow":"follow"},"og_locale":"pt_BR","og_type":"article","og_title":"SEMSEG - Prefeitura de Manaus","og_description":"Secretaria Municipal de Seguran\u00e7a P\u00fablica e Defesa Social, SEMSEG, integrante da Administra\u00e7\u00e3o Direta do Munic\u00edpio de Manaus.","og_url":"https:\/\/www.manaus.am.gov.br\/semseg\/","og_site_name":"SEMSEG","article_modified_time":"2026-02-25T19:39:10+00:00","twitter_card":"summary_large_image","schema":{"@context":"https:\/\/schema.org","@graph":[{"@type":"WebPage","@id":"https:\/\/www.manaus.am.gov.br\/semseg\/","url":"https:\/\/www.manaus.am.gov.br\/semseg\/","name":"SEMSEG - Prefeitura de Manaus","isPartOf":{"@id":"https:\/\/www.manaus.am.gov.br\/semseg\/#website"},"datePublished":"2023-05-30T12:50:19+00:00","dateModified":"2026-02-25T19:39:10+00:00","description":"Secretaria Municipal de Seguran\u00e7a P\u00fablica e Defesa Social, SEMSEG, integrante da Administra\u00e7\u00e3o Direta do Munic\u00edpio de Manaus.","breadcrumb":{"@id":"https:\/\/www.manaus.am.gov.br\/semseg\/#breadcrumb"},"inLanguage":"pt-BR","potentialAction":[{"@type":"ReadAction","target":["https:\/\/www.manaus.am.gov.br\/semseg\/"]}]},{"@type":"BreadcrumbList","@id":"https:\/\/www.manaus.am.gov.br\/semseg\/#breadcrumb","itemListElement":[{"@type":"ListItem","position":1,"name":"Home","item":"https:\/\/www.manaus.am.gov.br\/semseg\/"},{"@type":"ListItem","position":2,"name":"Home"}]},{"@type":"WebSite","@id":"https:\/\/www.manaus.am.gov.br\/semseg\/#website","url":"https:\/\/www.manaus.am.gov.br\/semseg\/","name":"SEMSEG","description":"Prefeitura de Manaus","potentialAction":[{"@type":"SearchAction","target":{"@type":"EntryPoint","urlTemplate":"https:\/\/www.manaus.am.gov.br\/semseg\/?s={search_term_string}"},"query-input":"required name=search_term_string"}],"inLanguage":"pt-BR"}]}},"_links":{"self":[{"href":"https:\/\/www.manaus.am.gov.br\/semseg\/wp-json\/wp\/v2\/pages\/184"}],"collection":[{"href":"https:\/\/www.manaus.am.gov.br\/semseg\/wp-json\/wp\/v2\/pages"}],"about":[{"href":"https:\/\/www.manaus.am.gov.br\/semseg\/wp-json\/wp\/v2\/types\/page"}],"author":[{"embeddable":true,"href":"https:\/\/www.manaus.am.gov.br\/semseg\/wp-json\/wp\/v2\/users\/27"}],"replies":[{"embeddable":true,"href":"https:\/\/www.manaus.am.gov.br\/semseg\/wp-json\/wp\/v2\/comments?post=184"}],"version-history":[{"count":10,"href":"https:\/\/www.manaus.am.gov.br\/semseg\/wp-json\/wp\/v2\/pages\/184\/revisions"}],"predecessor-version":[{"id":2460,"href":"https:\/\/www.manaus.am.gov.br\/semseg\/wp-json\/wp\/v2\/pages\/184\/revisions\/2460"}],"wp:attachment":[{"href":"https:\/\/www.manaus.am.gov.br\/semseg\/wp-json\/wp\/v2\/media?parent=184"}],"curies":[{"name":"wp","href":"https:\/\/api.w.org\/{rel}","templated":true}]}}