{"id":227258,"date":"2026-01-23T11:43:58","date_gmt":"2026-01-23T15:43:58","guid":{"rendered":"https:\/\/www.manaus.am.gov.br\/semsa\/?page_id=227258"},"modified":"2026-01-23T11:58:51","modified_gmt":"2026-01-23T15:58:51","slug":"unidades-de-saude-com-manejo-clinico-em-hiv","status":"publish","type":"page","link":"https:\/\/www.manaus.am.gov.br\/semsa\/prevencao-ao-hiv-ist-e-hepatites\/unidades-de-saude-com-manejo-clinico-em-hiv\/","title":{"rendered":"Unidades de Sa\u00fade com Manejo Cl\u00ednico em HIV"},"content":{"rendered":"\n<h3 class=\"wp-block-heading\">ZONA LESTE<\/h3>\n\n\n\n<p><strong>USF Severiano Nunes<\/strong><br><strong>Endere\u00e7o:<\/strong>\u00a0Rua das D\u00e1lias, s\/n \u2013 Jorge Teixeira<br><strong>Hor\u00e1rio de atendimento:<\/strong>\u00a0Segunda a sexta-feira \u2013 7h \u00e0s 19h<br><strong>Acesso aos servi\u00e7os:<\/strong>\u00a0Por meio de agendamento, feito diretamente na Unidade.<\/p>\n\n\n\n<p><strong>USF Amazonas Palhano<\/strong><br><strong>Endere\u00e7o<\/strong>: Rua Ant\u00f4nio Matias, s\/n \u2013 S\u00e3o Jos\u00e9<br><strong>Hor\u00e1rio de atendimento:<\/strong>\u00a0Segunda a sexta-feira \u2013 7h \u00e0s 21h \/ s\u00e1bado \u2013 7h \u00e0s 12h<br><strong>Acesso aos servi\u00e7os<\/strong>: Por meio de agendamento, feito diretamente na Unidade.<\/p>\n\n\n\n<p><strong>Policl\u00ednica Comte Telles<\/strong><br><strong>Endere\u00e7o:<\/strong>&nbsp;Rua J, s\/n \u2013 S\u00e3o Jos\u00e9<br><strong>Hor\u00e1rio de atendimento:<\/strong>&nbsp;Segunda \u00e0 sexta \u2013 7h \u00e0s 16h<br><strong>Acesso aos servi\u00e7os:&nbsp;<\/strong>Por meio de encaminhamento com agendamento feito diretamente na unidade<br><strong>Servi\u00e7os:<\/strong>&nbsp;Realiza\u00e7\u00e3o da Terapia Antirretroviral e seguimento da Pessoa Vivendo com HIV (PVHIV) identificada na pr\u00f3pria unidade ou proveniente das unidades da Aten\u00e7\u00e3o Prim\u00e1ria; Acompanhamento da Gestante com HIV e da PVHIV com coinfec\u00e7\u00e3o; Oferta de vacinas e exames; Dispensa\u00e7\u00e3o dos medicamentos antirretrovirais; Tratamento para as demais infec\u00e7\u00f5es sexualmente transmiss\u00edveis.<\/p>\n\n\n\n<h3 class=\"wp-block-heading\">ZONA NORTE<\/h3>\n\n\n\n<p><strong>USF Carmen Nicolau<\/strong><br><strong>Endere\u00e7o:<\/strong>&nbsp;Rua Nestor Nascimento, s\/n \u2013 Lago Azul<br><strong>Hor\u00e1rio de atendimento<\/strong>: Ter\u00e7a a sexta-feira \u2013 8h \u00e0s 17h \/ s\u00e1bado \u2013 8h \u00e0s 16h<br><strong>Acesso aos servi\u00e7os:<\/strong>&nbsp;Por agendamento feito diretamente na unidade<br><strong>Servi\u00e7os:<\/strong>&nbsp;Realiza\u00e7\u00e3o de teste r\u00e1pido para s\u00edfilis, HIV e hepatites B e C; Oferta de vacina contra hepatite B; Exames de controle para pessoas vivendo com HIV; Dispensa\u00e7\u00e3o do medicamento antirretroviral, para tratamento de pessoas vivendo com o HIV e para Profilaxia Pr\u00e9-Exposi\u00e7\u00e3o ao HIV (PrEP).<\/p>\n\n\n\n<p><strong>USF Arthur Virg\u00edlio Filho<\/strong><br><strong>Endere\u00e7o:<\/strong>\u00a0Tv. 10, 3015 \u2013 Amazonino Mendes<br><strong>Hor\u00e1rio de atendimento:<\/strong>\u00a0segunda a sexta-feira \u2013 7h \u00e0s 19h<br><strong>Acesso aos servi\u00e7os:<\/strong>\u00a0Por meio de agendamento, feito diretamente na Unidade.<\/p>\n\n\n\n<p><strong>USF Carlson Grace<\/strong><br><strong>Endere\u00e7o:<\/strong>\u00a0Av. Cura\u00e7ao, s\/n \u2013 Nova Cidade<br><strong>Hor\u00e1rio de atendimento:<\/strong>\u00a0segunda a sexta-feira \u2013 7h \u00e0s 19h<br><strong>Acesso aos servi\u00e7os:<\/strong>\u00a0Por meio de agendamento, feito diretamente na Unidade.<\/p>\n\n\n\n<p><strong>Policl\u00ednica Jos\u00e9 Ant\u00f4nio da Silva<\/strong><br><strong>Endere\u00e7o:<\/strong>&nbsp;Tv. Aroeira do Campo, 55 \u2013 Monte das Oliveiras<br><strong>Hor\u00e1rio de atendimento<\/strong>: Segunda a sexta-feira \u2013 7h \u00e0s 17h<br><strong>Acesso aos servi\u00e7os:&nbsp;<\/strong>Por meio de encaminhamento, com agendamento feito diretamente na unidade<br><strong>Servi\u00e7os<\/strong>: Realiza\u00e7\u00e3o da Terapia Antirretroviral e seguimento da Pessoa Vivendo com HIV (PVHIV) identificada na pr\u00f3pria unidade ou proveniente das unidades da Aten\u00e7\u00e3o Prim\u00e1ria; Acompanhamento da Gestante com HIV e da PVHIV com coinfec\u00e7\u00e3o; Oferta de vacinas e exames; Dispensa\u00e7\u00e3o dos medicamentos antirretrovirais; Tratamento para as demais infec\u00e7\u00f5es sexualmente transmiss\u00edveis.<\/p>\n\n\n\n<h3 class=\"wp-block-heading\">ZONA SUL<\/h3>\n\n\n\n<p><strong>USF Ant\u00f4nio Reis<\/strong><br><strong>Endere\u00e7o:<\/strong>&nbsp;Rua S\u00e3o L\u00e1zaro, 10 \u2013 Bet\u00e2nia<br><strong>Hor\u00e1rio de atendimento<\/strong>: Segunda a sexta-feira \u2013 7h \u00e0s 17h<br><strong>Acesso aos servi\u00e7os:<\/strong>&nbsp;Por meio de encaminhamento, com agendamento feito diretamente na unidade<br><strong>Servi\u00e7os:<\/strong>&nbsp;Realiza\u00e7\u00e3o da Terapia Antirretroviral e seguimento da Pessoa Vivendo com HIV (PVHIV) identificada na pr\u00f3pria unidade ou proveniente das unidades da Aten\u00e7\u00e3o Prim\u00e1ria; Acompanhamento da Gestante com HIV e da PVHIV com coinfec\u00e7\u00e3o; Oferta de vacinas e exames; Dispensa\u00e7\u00e3o dos medicamentos antirretrovirais; Tratamento para as demais infec\u00e7\u00f5es sexualmente transmiss\u00edveis.<\/p>\n\n\n\n<p><strong>USF Vicente Palloti<\/strong><br><strong>Endere\u00e7o:<\/strong>\u00a0Rua Apurin\u00e3, 279 \u2013 Pra\u00e7a 14 de Janeiro<br><strong>Hor\u00e1rio de atendimento:<\/strong>\u00a0Segunda a sexta-feira \u2013 7h \u00e0s 19h<br><strong>Acesso aos servi\u00e7os:<\/strong>\u00a0Por meio de agendamento, feito diretamente na Unidade.<\/p>\n\n\n\n<p><strong>USF L\u00facio Fl\u00e1vio de Vasconcelos Dias<\/strong><br><strong>Endere\u00e7o<\/strong>: Rua Comandante Ferraz, 15 \u2013 Bet\u00e2nia<br><strong>Hor\u00e1rio de atendimento<\/strong>: Segunda a sexta-feira \u2013 7h \u00e0s 17h<br><strong>Acesso aos servi\u00e7os:<\/strong>\u00a0Por meio de agendamento, feito diretamente na Unidade.<\/p>\n\n\n\n<h3 class=\"wp-block-heading\">ZONA OESTE<\/h3>\n\n\n\n<p><strong>USF Ajuricaba<\/strong><br><strong>Endere\u00e7o:\u00a0<\/strong>Av. Leste, s\/n \u2013 Alvorada<br><strong>Hor\u00e1rio de atendimento:<\/strong>\u00a0Segunda a sexta-feira \u2013 7h \u00e0s 17h<br><strong>Acesso aos servi\u00e7os:<\/strong>\u00a0Por meio de agendamento, feito diretamente na Unidade.<\/p>\n\n\n\n<p><strong>USF Santo Ant\u00f4nio<\/strong><br><strong>Endere\u00e7o:<\/strong>\u00a0Rua Lauro Bitencourt, s\/n \u2013 Santo Ant\u00f4nio<br><strong>Hor\u00e1rio de atendimento<\/strong>: Segunda a sexta-feira \u2013 7h \u00e0s 19h<br><strong>Acesso aos servi\u00e7os<\/strong>: Por meio de agendamento, feito diretamente na Unidade.<\/p>\n","protected":false},"excerpt":{"rendered":"","protected":false},"author":65,"featured_media":0,"parent":208152,"menu_order":0,"comment_status":"closed","ping_status":"closed","template":"templates\/turismo.php","meta":{"footnotes":""},"acf":[],"yoast_head":"<!-- This site is optimized with the Yoast SEO plugin v23.0 - https:\/\/yoast.com\/wordpress\/plugins\/seo\/ -->\n<title>Unidades de Sa\u00fade com Manejo Cl\u00ednico em HIV - SEMSA<\/title>\n<meta name=\"robots\" content=\"index, follow, max-snippet:-1, max-image-preview:large, max-video-preview:-1\" \/>\n<link rel=\"canonical\" href=\"https:\/\/www.manaus.am.gov.br\/semsa\/prevencao-ao-hiv-ist-e-hepatites\/unidades-de-saude-com-manejo-clinico-em-hiv\/\" \/>\n<meta property=\"og:locale\" content=\"pt_BR\" \/>\n<meta property=\"og:type\" content=\"article\" \/>\n<meta property=\"og:title\" content=\"Unidades de Sa\u00fade com Manejo Cl\u00ednico em HIV - SEMSA\" \/>\n<meta property=\"og:url\" content=\"https:\/\/www.manaus.am.gov.br\/semsa\/prevencao-ao-hiv-ist-e-hepatites\/unidades-de-saude-com-manejo-clinico-em-hiv\/\" \/>\n<meta property=\"og:site_name\" content=\"SEMSA\" \/>\n<meta property=\"article:modified_time\" content=\"2026-01-23T15:58:51+00:00\" \/>\n<meta property=\"og:image\" content=\"https:\/\/www.manaus.am.gov.br\/semsa\/wp-content\/uploads\/sites\/8\/2024\/07\/thumb-default-2.png\" \/>\n\t<meta property=\"og:image:width\" content=\"966\" \/>\n\t<meta property=\"og:image:height\" content=\"520\" \/>\n\t<meta property=\"og:image:type\" content=\"image\/png\" \/>\n<meta name=\"twitter:card\" content=\"summary_large_image\" \/>\n<meta name=\"twitter:label1\" content=\"Est. reading time\" \/>\n\t<meta name=\"twitter:data1\" content=\"4 minutos\" \/>\n<script type=\"application\/ld+json\" class=\"yoast-schema-graph\">{\"@context\":\"https:\/\/schema.org\",\"@graph\":[{\"@type\":\"WebPage\",\"@id\":\"https:\/\/www.manaus.am.gov.br\/semsa\/prevencao-ao-hiv-ist-e-hepatites\/unidades-de-saude-com-manejo-clinico-em-hiv\/\",\"url\":\"https:\/\/www.manaus.am.gov.br\/semsa\/prevencao-ao-hiv-ist-e-hepatites\/unidades-de-saude-com-manejo-clinico-em-hiv\/\",\"name\":\"Unidades de Sa\u00fade com Manejo Cl\u00ednico em HIV - SEMSA\",\"isPartOf\":{\"@id\":\"https:\/\/www.manaus.am.gov.br\/semsa\/#website\"},\"datePublished\":\"2026-01-23T15:43:58+00:00\",\"dateModified\":\"2026-01-23T15:58:51+00:00\",\"breadcrumb\":{\"@id\":\"https:\/\/www.manaus.am.gov.br\/semsa\/prevencao-ao-hiv-ist-e-hepatites\/unidades-de-saude-com-manejo-clinico-em-hiv\/#breadcrumb\"},\"inLanguage\":\"pt-BR\",\"potentialAction\":[{\"@type\":\"ReadAction\",\"target\":[\"https:\/\/www.manaus.am.gov.br\/semsa\/prevencao-ao-hiv-ist-e-hepatites\/unidades-de-saude-com-manejo-clinico-em-hiv\/\"]}]},{\"@type\":\"BreadcrumbList\",\"@id\":\"https:\/\/www.manaus.am.gov.br\/semsa\/prevencao-ao-hiv-ist-e-hepatites\/unidades-de-saude-com-manejo-clinico-em-hiv\/#breadcrumb\",\"itemListElement\":[{\"@type\":\"ListItem\",\"position\":1,\"name\":\"ISTs\/AIDS e Hepatites Virais\",\"item\":\"https:\/\/www.manaus.am.gov.br\/semsa\/prevencao-ao-hiv-ist-e-hepatites\/\"},{\"@type\":\"ListItem\",\"position\":2,\"name\":\"Unidades de Sa\u00fade com Manejo Cl\u00ednico em HIV\"}]},{\"@type\":\"WebSite\",\"@id\":\"https:\/\/www.manaus.am.gov.br\/semsa\/#website\",\"url\":\"https:\/\/www.manaus.am.gov.br\/semsa\/\",\"name\":\"SEMSA\",\"description\":\"Secretaria Municipal de Sa\u00fade\",\"alternateName\":\"Secretaria Municipal de Sa\u00fade\",\"potentialAction\":[{\"@type\":\"SearchAction\",\"target\":{\"@type\":\"EntryPoint\",\"urlTemplate\":\"https:\/\/www.manaus.am.gov.br\/semsa\/?s={search_term_string}\"},\"query-input\":\"required name=search_term_string\"}],\"inLanguage\":\"pt-BR\"}]}<\/script>\n<!-- \/ Yoast SEO plugin. -->","yoast_head_json":{"title":"Unidades de Sa\u00fade com Manejo Cl\u00ednico em HIV - SEMSA","robots":{"index":"index","follow":"follow","max-snippet":"max-snippet:-1","max-image-preview":"max-image-preview:large","max-video-preview":"max-video-preview:-1"},"canonical":"https:\/\/www.manaus.am.gov.br\/semsa\/prevencao-ao-hiv-ist-e-hepatites\/unidades-de-saude-com-manejo-clinico-em-hiv\/","og_locale":"pt_BR","og_type":"article","og_title":"Unidades de Sa\u00fade com Manejo Cl\u00ednico em HIV - SEMSA","og_url":"https:\/\/www.manaus.am.gov.br\/semsa\/prevencao-ao-hiv-ist-e-hepatites\/unidades-de-saude-com-manejo-clinico-em-hiv\/","og_site_name":"SEMSA","article_modified_time":"2026-01-23T15:58:51+00:00","og_image":[{"width":966,"height":520,"url":"https:\/\/www.manaus.am.gov.br\/semsa\/wp-content\/uploads\/sites\/8\/2024\/07\/thumb-default-2.png","type":"image\/png"}],"twitter_card":"summary_large_image","twitter_misc":{"Est. reading time":"4 minutos"},"schema":{"@context":"https:\/\/schema.org","@graph":[{"@type":"WebPage","@id":"https:\/\/www.manaus.am.gov.br\/semsa\/prevencao-ao-hiv-ist-e-hepatites\/unidades-de-saude-com-manejo-clinico-em-hiv\/","url":"https:\/\/www.manaus.am.gov.br\/semsa\/prevencao-ao-hiv-ist-e-hepatites\/unidades-de-saude-com-manejo-clinico-em-hiv\/","name":"Unidades de Sa\u00fade com Manejo Cl\u00ednico em HIV - SEMSA","isPartOf":{"@id":"https:\/\/www.manaus.am.gov.br\/semsa\/#website"},"datePublished":"2026-01-23T15:43:58+00:00","dateModified":"2026-01-23T15:58:51+00:00","breadcrumb":{"@id":"https:\/\/www.manaus.am.gov.br\/semsa\/prevencao-ao-hiv-ist-e-hepatites\/unidades-de-saude-com-manejo-clinico-em-hiv\/#breadcrumb"},"inLanguage":"pt-BR","potentialAction":[{"@type":"ReadAction","target":["https:\/\/www.manaus.am.gov.br\/semsa\/prevencao-ao-hiv-ist-e-hepatites\/unidades-de-saude-com-manejo-clinico-em-hiv\/"]}]},{"@type":"BreadcrumbList","@id":"https:\/\/www.manaus.am.gov.br\/semsa\/prevencao-ao-hiv-ist-e-hepatites\/unidades-de-saude-com-manejo-clinico-em-hiv\/#breadcrumb","itemListElement":[{"@type":"ListItem","position":1,"name":"ISTs\/AIDS e Hepatites Virais","item":"https:\/\/www.manaus.am.gov.br\/semsa\/prevencao-ao-hiv-ist-e-hepatites\/"},{"@type":"ListItem","position":2,"name":"Unidades de Sa\u00fade com Manejo Cl\u00ednico em HIV"}]},{"@type":"WebSite","@id":"https:\/\/www.manaus.am.gov.br\/semsa\/#website","url":"https:\/\/www.manaus.am.gov.br\/semsa\/","name":"SEMSA","description":"Secretaria Municipal de Sa\u00fade","alternateName":"Secretaria Municipal de Sa\u00fade","potentialAction":[{"@type":"SearchAction","target":{"@type":"EntryPoint","urlTemplate":"https:\/\/www.manaus.am.gov.br\/semsa\/?s={search_term_string}"},"query-input":"required name=search_term_string"}],"inLanguage":"pt-BR"}]}},"_links":{"self":[{"href":"https:\/\/www.manaus.am.gov.br\/semsa\/wp-json\/wp\/v2\/pages\/227258"}],"collection":[{"href":"https:\/\/www.manaus.am.gov.br\/semsa\/wp-json\/wp\/v2\/pages"}],"about":[{"href":"https:\/\/www.manaus.am.gov.br\/semsa\/wp-json\/wp\/v2\/types\/page"}],"author":[{"embeddable":true,"href":"https:\/\/www.manaus.am.gov.br\/semsa\/wp-json\/wp\/v2\/users\/65"}],"replies":[{"embeddable":true,"href":"https:\/\/www.manaus.am.gov.br\/semsa\/wp-json\/wp\/v2\/comments?post=227258"}],"version-history":[{"count":4,"href":"https:\/\/www.manaus.am.gov.br\/semsa\/wp-json\/wp\/v2\/pages\/227258\/revisions"}],"predecessor-version":[{"id":227266,"href":"https:\/\/www.manaus.am.gov.br\/semsa\/wp-json\/wp\/v2\/pages\/227258\/revisions\/227266"}],"up":[{"embeddable":true,"href":"https:\/\/www.manaus.am.gov.br\/semsa\/wp-json\/wp\/v2\/pages\/208152"}],"wp:attachment":[{"href":"https:\/\/www.manaus.am.gov.br\/semsa\/wp-json\/wp\/v2\/media?parent=227258"}],"curies":[{"name":"wp","href":"https:\/\/api.w.org\/{rel}","templated":true}]}}