{"id":227036,"date":"2026-01-09T09:49:07","date_gmt":"2026-01-09T13:49:07","guid":{"rendered":"https:\/\/www.manaus.am.gov.br\/semsa\/?page_id=227036"},"modified":"2026-04-13T10:50:36","modified_gmt":"2026-04-13T14:50:36","slug":"iv-mostra-manaus-aqui-tem-sus","status":"publish","type":"page","link":"https:\/\/www.manaus.am.gov.br\/semsa\/escola-de-saude-publica\/eventos\/iv-mostra-manaus-aqui-tem-sus\/","title":{"rendered":"IV Mostra &#8220;Manaus, aqui tem SUS&#8221;"},"content":{"rendered":"\n<figure class=\"wp-block-image size-full\"><img loading=\"lazy\" decoding=\"async\" width=\"964\" height=\"524\" src=\"https:\/\/www.manaus.am.gov.br\/semsa\/wp-content\/uploads\/sites\/8\/2026\/01\/WhatsApp-Image-2026-01-14-at-14.50.13.jpeg\" alt=\"\" class=\"wp-image-227102\" srcset=\"https:\/\/www.manaus.am.gov.br\/semsa\/wp-content\/uploads\/sites\/8\/2026\/01\/WhatsApp-Image-2026-01-14-at-14.50.13.jpeg 964w, https:\/\/www.manaus.am.gov.br\/semsa\/wp-content\/uploads\/sites\/8\/2026\/01\/WhatsApp-Image-2026-01-14-at-14.50.13-300x163.jpeg 300w, https:\/\/www.manaus.am.gov.br\/semsa\/wp-content\/uploads\/sites\/8\/2026\/01\/WhatsApp-Image-2026-01-14-at-14.50.13-768x417.jpeg 768w\" sizes=\"(max-width: 964px) 100vw, 964px\" \/><\/figure>\n\n\n\n<p>A IV Mostra Manaus Aqui tem SUS ser\u00e1 realizada entre os dias 25 e 27 de mar\u00e7o de 2026 e tem como objetivos propiciar o compartilhamento de experi\u00eancias bem-sucedidas no \u00e2mbito do SUS, consideradas bem sucedidas e efetivamente implementadas nos \u00faltimos cinco anos, e promover um espa\u00e7o para a troca de experi\u00eancias e reflex\u00f5es sobre a gest\u00e3o e organiza\u00e7\u00e3o dos servi\u00e7os de sa\u00fade em Manaus, distribu\u00eddas em dez \u00e1reas tem\u00e1ticas: 1. Gest\u00e3o e Planejamento do SUS; 2. Controle Social e Participa\u00e7\u00e3o da Comunidade na Sa\u00fade; 3. Gest\u00e3o do Trabalho e da Educa\u00e7\u00e3o na Sa\u00fade; 4. Aten\u00e7\u00e3o B\u00e1sica; 5. Modelo de Aten\u00e7\u00e3o \u00e0 Sa\u00fade; 6. Vigil\u00e2ncia em Sa\u00fade no Munic\u00edpio; 7. Regula\u00e7\u00e3o do SUS no Munic\u00edpio; 8. Gest\u00e3o da Assist\u00eancia Farmac\u00eautica; 9. Sa\u00fade Digital; 10. Sa\u00fade Mental.<\/p>\n\n\n\n<p>As inscri\u00e7\u00f5es de experi\u00eancias para participa\u00e7\u00e3o na IV Mostra Manaus, Aqui tem SUS, poder\u00e3o ser feitas no per\u00edodo de 19 de janeiro a 07 de fevereiro de 2026.<\/p>\n\n\n\n<p>As inscri\u00e7\u00f5es dever\u00e3o ser feitas exclusivamente no formato online, pelo link <a href=\"https:\/\/SEMSAforms.manaus.am.gov.br\/aquitemsus\">https:\/\/SEMSAforms.manaus.am.gov.br\/aquitemsus<\/a>.<\/p>\n\n\n\n<p><\/p>\n\n\n\n<p>Poder\u00e3o ser inscritas experi\u00eancias realizadas por equipes de trabalhadores do munic\u00edpio e\/ou experi\u00eancias da gest\u00e3o municipal, incluindo aquelas executadas de forma compartilhada, cooperada, intersetorial ou interfederativa, nos territ\u00f3rios.<\/p>\n\n\n\n<p>Cada experi\u00eancia apresentada na Mostra receber\u00e1 Certificado de Apresenta\u00e7\u00e3o de Trabalho, nas modalidades apresentadas: Banner e Apresenta\u00e7\u00e3o Oral. Cada experi\u00eancia classificada para a Etapa Apresenta\u00e7\u00e3o Oral receber\u00e1 tamb\u00e9m Certificado de Honra ao M\u00e9rito.<\/p>\n\n\n\n<p>Os cinco primeiros colocados, melhores trabalhos da Mostra, receber\u00e3o Certificados correspondentes, do primeiro ao quinto lugares. Essas experi\u00eancias ser\u00e3o premiadas com Trof\u00e9us e outros pr\u00eamios a serem divulgados posteriormente.<\/p>\n\n\n\n<p>As dez experi\u00eancias melhor classificadas na Etapa Apresenta\u00e7\u00e3o Oral representar\u00e3o a Semsa Manaus, na VII Mostra Amazonas, aqui tem SUS, que acontecer\u00e1 nos dias 07 e 08 de maio de 2026, em Manaus.<\/p>\n\n\n\n<p>Ser\u00e1 concedido Certificado de Melhor Trabalho da \u00c1rea Tem\u00e1tica \u00e0s experi\u00eancias que receberem maior nota para cada \u00e1rea tem\u00e1tica. Aos cinco trabalhos com maior quantidade de votos no J\u00fari Popular ser\u00e3o concedidos Certificados correspondentes do primeiro ao quinto lugares na Categoria J\u00fari Popular.<\/p>\n\n\n\n<p>Mais informa\u00e7\u00f5es e orienta\u00e7\u00f5es poder\u00e3o ser obtidas no Regulamento da Mostra ou pelo e-mail: manausaquitemsus@manaus.am.gov.br.<\/p>\n\n\n\n<p><a href=\"https:\/\/www.manaus.am.gov.br\/semsa\/escola-de-saude-publica\/eventos\/fotos-da-iv-mostra-manaus-aqui-tem-sus\/\">Fotos da IV Mostra &#8220;Manaus, aqui tem SUS&#8221;<\/a><br><br><\/p>\n\n\n\n<p><a href=\"https:\/\/www.manaus.am.gov.br\/semsa\/wp-content\/uploads\/sites\/8\/2026\/04\/RESULTADO-DA-ETAPA-APRESENTACAO-ORAL-DA-IV-MOSTRA-MANAUS-AQUI-TEM-SUS-1.pdf\">Resultado da etapa apresenta\u00e7\u00e3o oral  da IV Mostra &#8220;Manaus, aqui tem SUS&#8221;<\/a><br><br><\/p>\n\n\n\n<p><a href=\"https:\/\/www.manaus.am.gov.br\/semsa\/wp-content\/uploads\/sites\/8\/2026\/04\/RESULTADO-JURI-POPULAR-\u2013-IV-MOSTRA-MANAUS-AQUI-TEM-SUS-1.pdf\">Resultado J\u00fari Popular &#8211; IV Mostra &#8220;Manaus, aqui tem SUS&#8221;<\/a><\/p>\n\n\n\n<p><\/p>\n\n\n\n<p><a href=\"https:\/\/www.manaus.am.gov.br\/semsa\/wp-content\/uploads\/sites\/8\/2026\/03\/RESULTADO-MELHOR-TRABALHO-POR-AREA-TEMATICA-DA-IV-MOSTRA-MANAUS-AQUI-TEM-SUS.pdf\">Resultado de melhor trabalho por \u00e1rea tem\u00e1tica da  IV Mostra &#8220;Manaus, aqui tem SUS&#8221;<\/a><\/p>\n\n\n\n<p><\/p>\n\n\n\n<p><a href=\"https:\/\/www.manaus.am.gov.br\/semsa\/wp-content\/uploads\/sites\/8\/2026\/03\/PROGRAMACAO-DA-IV-MOSTRA-MANAUS-AQUI-TEM-SUS-2026.pdf\">Programa\u00e7\u00e3o da IV Mostra &#8220;Manaus, aqui tem SUS&#8221;<\/a> <\/p>\n\n\n\n<p><\/p>\n\n\n\n<p><a href=\"https:\/\/www.manaus.am.gov.br\/semsa\/wp-content\/uploads\/sites\/8\/2026\/03\/TRABALHOS-PARA-EXPOSICAO-DE-EXPERIENCIAS-EXITOSAS-1.pdf\">Lista dos trabalhos para exposi\u00e7\u00e3o de experi\u00eancias exitosas<\/a><\/p>\n\n\n\n<p><\/p>\n\n\n\n<p><a href=\"https:\/\/www.manaus.am.gov.br\/semsa\/wp-content\/uploads\/sites\/8\/2026\/03\/Trabalhos-classificados-para-etapa-oral.docx-1.pdf\">Lista das experi\u00eancias classificadas para apresenta\u00e7\u00e3o oral<\/a><\/p>\n\n\n\n<p><\/p>\n\n\n\n<p><a href=\"https:\/\/www.manaus.am.gov.br\/semsa\/wp-content\/uploads\/sites\/8\/2026\/03\/Trabalhos-validados-para-publicacao-retificacao.pdf\">Experi\u00eancias validadas na IV Mostra &#8220;Manaus, aqui tem SUS&#8221; &#8211; Retifica\u00e7\u00e3o<\/a><\/p>\n\n\n\n<p><\/p>\n\n\n\n<p><a href=\"https:\/\/www.manaus.am.gov.br\/semsa\/wp-content\/uploads\/sites\/8\/2026\/03\/Trabalhos-nao-validados-para-publicacao-retificacao-1.pdf\">Experi\u00eancias n\u00e3o validadas na IV &#8220;Manaus, aqui tem SUS&#8221; &#8211; Retifica\u00e7\u00e3o<\/a><\/p>\n\n\n\n<p><\/p>\n\n\n\n<p><a href=\"https:\/\/www.manaus.am.gov.br\/semsa\/wp-content\/uploads\/sites\/8\/2026\/02\/Trabalhos-validados-para-publicacao-1.pdf\">Experi\u00eancias validadas na IV Mostra  &#8220;Manaus, aqui tem SUS&#8221;<\/a><\/p>\n\n\n\n<p><\/p>\n\n\n\n<p><a href=\"https:\/\/www.manaus.am.gov.br\/semsa\/wp-content\/uploads\/sites\/8\/2026\/02\/Trabalhos-nao-validados-para-publicacao-23_02.pdf\">Experi\u00eancias n\u00e3o validadas na IV &#8220;Manaus, aqui tem SUS&#8221;<\/a><\/p>\n\n\n\n<p><\/p>\n\n\n\n<p><a href=\"https:\/\/www.manaus.am.gov.br\/semsa\/wp-content\/uploads\/sites\/8\/2026\/03\/Apresentacao_IV-MostraAquitemSUS_2026.pptx\">Modelo de slide para apresenta\u00e7\u00e3o oral<\/a><\/p>\n\n\n\n<p><\/p>\n\n\n\n<p><a href=\"https:\/\/www.manaus.am.gov.br\/semsa\/wp-content\/uploads\/sites\/8\/2026\/01\/Modelo-Banner-Mostra-Manaus_2026_80x120cm-2.pptx\">Modelo do banner&nbsp; IV Mostra \u201cManaus, aqui tem SUS\u201d<\/a><\/p>\n\n\n\n<p><\/p>\n\n\n\n<p><a href=\"https:\/\/www.manaus.am.gov.br\/semsa\/wp-content\/uploads\/sites\/8\/2026\/01\/DOM-6230-13-01-2026-CAD-1.pdf\">Regulamento da IV Mostra \u201cManaus, aqui tem SUS\u201d<\/a><\/p>\n\n\n\n<p><\/p>\n\n\n\n<p><\/p>\n\n\n\n<p><\/p>\n\n\n\n<p><\/p>\n\n\n\n<p><\/p>\n","protected":false},"excerpt":{"rendered":"","protected":false},"author":65,"featured_media":0,"parent":215247,"menu_order":0,"comment_status":"closed","ping_status":"closed","template":"templates\/turismo.php","meta":{"footnotes":""},"acf":[],"yoast_head":"<!-- This site is optimized with the Yoast SEO plugin v23.0 - https:\/\/yoast.com\/wordpress\/plugins\/seo\/ -->\n<title>IV Mostra &quot;Manaus, aqui tem SUS&quot; - SEMSA<\/title>\n<meta name=\"robots\" content=\"index, follow, max-snippet:-1, max-image-preview:large, max-video-preview:-1\" \/>\n<link rel=\"canonical\" href=\"https:\/\/www.manaus.am.gov.br\/semsa\/escola-de-saude-publica\/eventos\/iv-mostra-manaus-aqui-tem-sus\/\" \/>\n<meta property=\"og:locale\" content=\"pt_BR\" \/>\n<meta property=\"og:type\" content=\"article\" \/>\n<meta property=\"og:title\" content=\"IV Mostra &quot;Manaus, aqui tem SUS&quot; - SEMSA\" \/>\n<meta property=\"og:url\" content=\"https:\/\/www.manaus.am.gov.br\/semsa\/escola-de-saude-publica\/eventos\/iv-mostra-manaus-aqui-tem-sus\/\" \/>\n<meta property=\"og:site_name\" content=\"SEMSA\" \/>\n<meta property=\"article:modified_time\" content=\"2026-04-13T14:50:36+00:00\" \/>\n<meta property=\"og:image\" content=\"https:\/\/www.manaus.am.gov.br\/semsa\/wp-content\/uploads\/sites\/8\/2026\/01\/WhatsApp-Image-2026-01-14-at-14.50.13.jpeg\" \/>\n<meta name=\"twitter:card\" content=\"summary_large_image\" \/>\n<meta name=\"twitter:label1\" content=\"Est. reading time\" \/>\n\t<meta name=\"twitter:data1\" content=\"3 minutos\" \/>\n<script type=\"application\/ld+json\" class=\"yoast-schema-graph\">{\"@context\":\"https:\/\/schema.org\",\"@graph\":[{\"@type\":\"WebPage\",\"@id\":\"https:\/\/www.manaus.am.gov.br\/semsa\/escola-de-saude-publica\/eventos\/iv-mostra-manaus-aqui-tem-sus\/\",\"url\":\"https:\/\/www.manaus.am.gov.br\/semsa\/escola-de-saude-publica\/eventos\/iv-mostra-manaus-aqui-tem-sus\/\",\"name\":\"IV Mostra \\\"Manaus, aqui tem SUS\\\" - SEMSA\",\"isPartOf\":{\"@id\":\"https:\/\/www.manaus.am.gov.br\/semsa\/#website\"},\"primaryImageOfPage\":{\"@id\":\"https:\/\/www.manaus.am.gov.br\/semsa\/escola-de-saude-publica\/eventos\/iv-mostra-manaus-aqui-tem-sus\/#primaryimage\"},\"image\":{\"@id\":\"https:\/\/www.manaus.am.gov.br\/semsa\/escola-de-saude-publica\/eventos\/iv-mostra-manaus-aqui-tem-sus\/#primaryimage\"},\"thumbnailUrl\":\"https:\/\/www.manaus.am.gov.br\/semsa\/wp-content\/uploads\/sites\/8\/2026\/01\/WhatsApp-Image-2026-01-14-at-14.50.13.jpeg\",\"datePublished\":\"2026-01-09T13:49:07+00:00\",\"dateModified\":\"2026-04-13T14:50:36+00:00\",\"breadcrumb\":{\"@id\":\"https:\/\/www.manaus.am.gov.br\/semsa\/escola-de-saude-publica\/eventos\/iv-mostra-manaus-aqui-tem-sus\/#breadcrumb\"},\"inLanguage\":\"pt-BR\",\"potentialAction\":[{\"@type\":\"ReadAction\",\"target\":[\"https:\/\/www.manaus.am.gov.br\/semsa\/escola-de-saude-publica\/eventos\/iv-mostra-manaus-aqui-tem-sus\/\"]}]},{\"@type\":\"ImageObject\",\"inLanguage\":\"pt-BR\",\"@id\":\"https:\/\/www.manaus.am.gov.br\/semsa\/escola-de-saude-publica\/eventos\/iv-mostra-manaus-aqui-tem-sus\/#primaryimage\",\"url\":\"https:\/\/www.manaus.am.gov.br\/semsa\/wp-content\/uploads\/sites\/8\/2026\/01\/WhatsApp-Image-2026-01-14-at-14.50.13.jpeg\",\"contentUrl\":\"https:\/\/www.manaus.am.gov.br\/semsa\/wp-content\/uploads\/sites\/8\/2026\/01\/WhatsApp-Image-2026-01-14-at-14.50.13.jpeg\",\"width\":964,\"height\":524},{\"@type\":\"BreadcrumbList\",\"@id\":\"https:\/\/www.manaus.am.gov.br\/semsa\/escola-de-saude-publica\/eventos\/iv-mostra-manaus-aqui-tem-sus\/#breadcrumb\",\"itemListElement\":[{\"@type\":\"ListItem\",\"position\":1,\"name\":\"Escola de Sa\u00fade P\u00fablica (Esap)\",\"item\":\"https:\/\/www.manaus.am.gov.br\/semsa\/escola-de-saude-publica\/\"},{\"@type\":\"ListItem\",\"position\":2,\"name\":\"Eventos\",\"item\":\"https:\/\/www.manaus.am.gov.br\/semsa\/escola-de-saude-publica\/eventos\/\"},{\"@type\":\"ListItem\",\"position\":3,\"name\":\"IV Mostra &#8220;Manaus, aqui tem SUS&#8221;\"}]},{\"@type\":\"WebSite\",\"@id\":\"https:\/\/www.manaus.am.gov.br\/semsa\/#website\",\"url\":\"https:\/\/www.manaus.am.gov.br\/semsa\/\",\"name\":\"SEMSA\",\"description\":\"Secretaria Municipal de Sa\u00fade\",\"alternateName\":\"Secretaria Municipal de Sa\u00fade\",\"potentialAction\":[{\"@type\":\"SearchAction\",\"target\":{\"@type\":\"EntryPoint\",\"urlTemplate\":\"https:\/\/www.manaus.am.gov.br\/semsa\/?s={search_term_string}\"},\"query-input\":\"required name=search_term_string\"}],\"inLanguage\":\"pt-BR\"}]}<\/script>\n<!-- \/ Yoast SEO plugin. -->","yoast_head_json":{"title":"IV Mostra \"Manaus, aqui tem SUS\" - SEMSA","robots":{"index":"index","follow":"follow","max-snippet":"max-snippet:-1","max-image-preview":"max-image-preview:large","max-video-preview":"max-video-preview:-1"},"canonical":"https:\/\/www.manaus.am.gov.br\/semsa\/escola-de-saude-publica\/eventos\/iv-mostra-manaus-aqui-tem-sus\/","og_locale":"pt_BR","og_type":"article","og_title":"IV Mostra \"Manaus, aqui tem SUS\" - SEMSA","og_url":"https:\/\/www.manaus.am.gov.br\/semsa\/escola-de-saude-publica\/eventos\/iv-mostra-manaus-aqui-tem-sus\/","og_site_name":"SEMSA","article_modified_time":"2026-04-13T14:50:36+00:00","og_image":[{"url":"https:\/\/www.manaus.am.gov.br\/semsa\/wp-content\/uploads\/sites\/8\/2026\/01\/WhatsApp-Image-2026-01-14-at-14.50.13.jpeg"}],"twitter_card":"summary_large_image","twitter_misc":{"Est. reading time":"3 minutos"},"schema":{"@context":"https:\/\/schema.org","@graph":[{"@type":"WebPage","@id":"https:\/\/www.manaus.am.gov.br\/semsa\/escola-de-saude-publica\/eventos\/iv-mostra-manaus-aqui-tem-sus\/","url":"https:\/\/www.manaus.am.gov.br\/semsa\/escola-de-saude-publica\/eventos\/iv-mostra-manaus-aqui-tem-sus\/","name":"IV Mostra \"Manaus, aqui tem SUS\" - SEMSA","isPartOf":{"@id":"https:\/\/www.manaus.am.gov.br\/semsa\/#website"},"primaryImageOfPage":{"@id":"https:\/\/www.manaus.am.gov.br\/semsa\/escola-de-saude-publica\/eventos\/iv-mostra-manaus-aqui-tem-sus\/#primaryimage"},"image":{"@id":"https:\/\/www.manaus.am.gov.br\/semsa\/escola-de-saude-publica\/eventos\/iv-mostra-manaus-aqui-tem-sus\/#primaryimage"},"thumbnailUrl":"https:\/\/www.manaus.am.gov.br\/semsa\/wp-content\/uploads\/sites\/8\/2026\/01\/WhatsApp-Image-2026-01-14-at-14.50.13.jpeg","datePublished":"2026-01-09T13:49:07+00:00","dateModified":"2026-04-13T14:50:36+00:00","breadcrumb":{"@id":"https:\/\/www.manaus.am.gov.br\/semsa\/escola-de-saude-publica\/eventos\/iv-mostra-manaus-aqui-tem-sus\/#breadcrumb"},"inLanguage":"pt-BR","potentialAction":[{"@type":"ReadAction","target":["https:\/\/www.manaus.am.gov.br\/semsa\/escola-de-saude-publica\/eventos\/iv-mostra-manaus-aqui-tem-sus\/"]}]},{"@type":"ImageObject","inLanguage":"pt-BR","@id":"https:\/\/www.manaus.am.gov.br\/semsa\/escola-de-saude-publica\/eventos\/iv-mostra-manaus-aqui-tem-sus\/#primaryimage","url":"https:\/\/www.manaus.am.gov.br\/semsa\/wp-content\/uploads\/sites\/8\/2026\/01\/WhatsApp-Image-2026-01-14-at-14.50.13.jpeg","contentUrl":"https:\/\/www.manaus.am.gov.br\/semsa\/wp-content\/uploads\/sites\/8\/2026\/01\/WhatsApp-Image-2026-01-14-at-14.50.13.jpeg","width":964,"height":524},{"@type":"BreadcrumbList","@id":"https:\/\/www.manaus.am.gov.br\/semsa\/escola-de-saude-publica\/eventos\/iv-mostra-manaus-aqui-tem-sus\/#breadcrumb","itemListElement":[{"@type":"ListItem","position":1,"name":"Escola de Sa\u00fade P\u00fablica (Esap)","item":"https:\/\/www.manaus.am.gov.br\/semsa\/escola-de-saude-publica\/"},{"@type":"ListItem","position":2,"name":"Eventos","item":"https:\/\/www.manaus.am.gov.br\/semsa\/escola-de-saude-publica\/eventos\/"},{"@type":"ListItem","position":3,"name":"IV Mostra &#8220;Manaus, aqui tem SUS&#8221;"}]},{"@type":"WebSite","@id":"https:\/\/www.manaus.am.gov.br\/semsa\/#website","url":"https:\/\/www.manaus.am.gov.br\/semsa\/","name":"SEMSA","description":"Secretaria Municipal de Sa\u00fade","alternateName":"Secretaria Municipal de Sa\u00fade","potentialAction":[{"@type":"SearchAction","target":{"@type":"EntryPoint","urlTemplate":"https:\/\/www.manaus.am.gov.br\/semsa\/?s={search_term_string}"},"query-input":"required name=search_term_string"}],"inLanguage":"pt-BR"}]}},"_links":{"self":[{"href":"https:\/\/www.manaus.am.gov.br\/semsa\/wp-json\/wp\/v2\/pages\/227036"}],"collection":[{"href":"https:\/\/www.manaus.am.gov.br\/semsa\/wp-json\/wp\/v2\/pages"}],"about":[{"href":"https:\/\/www.manaus.am.gov.br\/semsa\/wp-json\/wp\/v2\/types\/page"}],"author":[{"embeddable":true,"href":"https:\/\/www.manaus.am.gov.br\/semsa\/wp-json\/wp\/v2\/users\/65"}],"replies":[{"embeddable":true,"href":"https:\/\/www.manaus.am.gov.br\/semsa\/wp-json\/wp\/v2\/comments?post=227036"}],"version-history":[{"count":29,"href":"https:\/\/www.manaus.am.gov.br\/semsa\/wp-json\/wp\/v2\/pages\/227036\/revisions"}],"predecessor-version":[{"id":228543,"href":"https:\/\/www.manaus.am.gov.br\/semsa\/wp-json\/wp\/v2\/pages\/227036\/revisions\/228543"}],"up":[{"embeddable":true,"href":"https:\/\/www.manaus.am.gov.br\/semsa\/wp-json\/wp\/v2\/pages\/215247"}],"wp:attachment":[{"href":"https:\/\/www.manaus.am.gov.br\/semsa\/wp-json\/wp\/v2\/media?parent=227036"}],"curies":[{"name":"wp","href":"https:\/\/api.w.org\/{rel}","templated":true}]}}