{"id":226719,"date":"2025-12-10T15:08:00","date_gmt":"2025-12-10T19:08:00","guid":{"rendered":"https:\/\/www.manaus.am.gov.br\/semsa\/?page_id=226719"},"modified":"2025-12-11T10:23:04","modified_gmt":"2025-12-11T14:23:04","slug":"unidades-de-saude-que-realizam-exame-de-escarro","status":"publish","type":"page","link":"https:\/\/www.manaus.am.gov.br\/semsa\/unidades-de-saude-que-realizam-exame-de-escarro\/","title":{"rendered":"Unidades de Sa\u00fade que realizam exame de escarro"},"content":{"rendered":"\n<h3 class=\"wp-block-heading\">ZONA SUL<\/h3>\n\n\n\n<p><strong>USF Dr. Luiz Montenegro<\/strong><br><strong>Endere\u00e7o<\/strong>:\u00a0Rua Pico das \u00c1guas, 527, Nossa Senhora das Gra\u00e7as<\/p>\n\n\n\n<p><strong>USF Dr. Ant\u00f4nio Reis<br>Endere\u00e7o<\/strong>:\u00a0Rua S\u00e3o L\u00e1zaro, s\/n, S\u00e3o L\u00e1zaro<\/p>\n\n\n\n<p><strong>USF Jos\u00e9 Rayol dos Santos<\/strong><br><strong>Endere\u00e7o:<\/strong>\u00a0Av. Constantino Nery, s\/n, Flores<\/p>\n\n\n\n<p><strong>USF Theom\u00e1rio Pinto da Costa<\/strong><br><strong>Endere\u00e7o:<\/strong>\u00a0Trav. 02 de Agosto, s\/n, Bairro da Uni\u00e3o<\/p>\n\n\n\n<p><strong>USF Megumo Kado <br>Endere\u00e7o<\/strong>:\u00a0Rua Inoc\u00eancio de Ara\u00fajo, 51, Educandos<\/p>\n\n\n\n<p><strong>USF Petr\u00f3polis<\/strong><br><strong>Endere\u00e7o<\/strong>:\u00a0Rua Delfim Afonso de Souza, s\/n, Petr\u00f3polis<\/p>\n\n\n\n<p><strong>USF Vicente Palotti<br>Endere\u00e7o:<\/strong>\u00a0Rua Apurin\u00e3, 279, Pra\u00e7a 14 de Janeiro<\/p>\n\n\n\n<p><strong>USF Japiim<br>Endere\u00e7o:<\/strong>\u00a0Rua 31, s\/n, Japiim<\/p>\n\n\n\n<p><strong>USF L\u00facio Flavio de Vasconcelos Dias<br>Endere\u00e7o<\/strong>:\u00a0Rua Comandante Ferraz, 15, Bet\u00e2nia<\/p>\n\n\n\n<p><strong>USF S\u00e3o Francisco<br>Endere\u00e7o:<\/strong>\u00a0Rua Jonas da Silva, s\/n &#8211; S\u00e3o Francisco<\/p>\n\n\n\n<p><strong>USF Frank Rosemberg Calderon<br>Endere\u00e7o:<\/strong>\u00a0Rua Nova Esperan\u00e7a, 91 &#8211; Crespo<\/p>\n\n\n\n<p><strong>USF Almir Pedreira<br>Endere\u00e7o:<\/strong>\u00a0Rua Lagoa Verde, 01 \u2013 Crespo<\/p>\n\n\n\n<p><strong>USF Benedito Batista Almeida<br>Endere\u00e7o<\/strong>: Rua Girassol, s\/n \u2013 S\u00e3o Francisco<\/p>\n\n\n\n<p><strong>USF Santa Luzia<br>Endere\u00e7o:<\/strong>\u00a0Rua Leopoldo Neves, s\/n \u2013 Santa Luzia<\/p>\n\n\n\n<p><strong>USF Nilton Lins<br>Endere\u00e7o:<\/strong> Av. Prof. Nilton Lins, 2344 \u2013 Flores<\/p>\n\n\n\n<p><strong>USF Louren\u00e7o Borghi<br>Endere\u00e7o:<\/strong>\u00a0Travessa S 6, s\/n \u2013 Japiim<\/p>\n\n\n\n<p><strong>USF Rosa Pereira de Almeida<br>Endere\u00e7o:<\/strong>\u00a0Rua S\u00e3o Benedito, s\/n \u2013 Morro da Liberdade<\/p>\n\n\n\n<p><strong>Policl\u00ednica Castelo Branco<br>Endere\u00e7o:<\/strong>\u00a0Rua do Com\u00e9rcio, s\/n \u2013 Parque Dez de Novembro<br><\/p>\n\n\n\n<h3 class=\"wp-block-heading\">ZONA LESTE<\/h3>\n\n\n\n<p><strong>Laborat\u00f3rio Distrital Leste<\/strong><br><strong>Endere\u00e7o:<\/strong>\u00a0Rua J, s\/n &#8211; S\u00e3o Jos\u00e9 II<\/p>\n\n\n\n<p><strong>USF Jos\u00e9 Avelino Pereira<\/strong><br><strong>Endere\u00e7o:<\/strong>\u00a0Rua Cravinho, s\/n, Jorge Teixeira<\/p>\n\n\n\n<p><strong>USF Alfredo Campos<\/strong><br><strong>Endere\u00e7o:<\/strong>\u00a0Alameda Cosme Ferreira, s\/n, Zumbi dos Palmares<\/p>\n\n\n\n<p><strong>USF Jos\u00e9 Amazonas Palhano<\/strong><br><strong>Endere\u00e7o:<\/strong>\u00a0Rua Ant\u00f4nio Matias, s\/n, S\u00e3o Jos\u00e9 II<\/p>\n\n\n\n<p><strong>USF Gebes de Melo Medeiros Filho<\/strong><br><strong>Endere\u00e7o<\/strong>: Rua Pirarucu, 100, Jorge Teixeira<\/p>\n\n\n\n<p><strong>USF Agnaldo Gomes da Costa<br>Endere\u00e7o:<\/strong>\u00a0Rua Piracutu, s\/n, S\u00e3o Jos\u00e9 Oper\u00e1rio<\/p>\n\n\n\n<p><strong>USF Maria Leonor Brilhante<br>Endere\u00e7o<\/strong>: Av. Autaz Mirim, s\/n, Tancredo Neves<\/p>\n\n\n\n<p><strong>USF Enf\u00aa Ivone Lima dos Santos<\/strong><br><strong>Endere\u00e7o:<\/strong>\u00a0Rua 08, s\/n, Coroado<\/p>\n\n\n\n<p><strong>USF Desembargador F\u00e1bio do Couto Valle<\/strong><br><strong>Endere\u00e7o<\/strong>: Av. Brigadeiro Hil\u00e1rio Gurj\u00e3o, s\/n, Jorge Teixeira<\/p>\n\n\n\n<p><strong>USF Mauazinho<\/strong><br><strong>Endere\u00e7o:<\/strong>\u00a0Av. Rio Negro, 111, Mauazinho<\/p>\n\n\n\n<p><strong>USF Geraldo Magela<br>Endere\u00e7o<\/strong>: Rua Rio Envira, 442, Armando Mendes<\/p>\n\n\n\n<p><strong>Policl\u00ednica Comte Telles<\/strong><br><strong>Endere\u00e7o<\/strong>: Rua J, s\/n, S\u00e3o Jos\u00e9<\/p>\n\n\n\n<p><strong>USF Lu\u00edza do Carmo Ribeiro Fernandes<\/strong><br><strong>Endere\u00e7o:<\/strong>\u00a0Estrada do Porto Velho, 831 \u2013 Vila Buriti<\/p>\n\n\n\n<p><strong>USF Lago do Aleixo<\/strong><br><strong>Endere\u00e7o:<\/strong>\u00a0Rua da Olaria, 198 \u2013 Col\u00f4nia Ant\u00f4nio Aleixo<\/p>\n\n\n\n<p><strong>USF Josephina de Mello<\/strong><br><strong>Endere\u00e7o:<\/strong>\u00a0Rua Cupiuba, 415-509 \u2013 Jorge Teixeira<\/p>\n\n\n\n<p><strong>USF Waldir Bugalho<\/strong><br><strong>Endere\u00e7o:<\/strong>\u00a0Rua 7 de Setembro, 871 \u2013 Jorge Teixeira<\/p>\n\n\n\n<p><strong>USF Plat\u00e3o Ara\u00fajo<\/strong><br><strong>Endere\u00e7o:<\/strong>\u00a0Rua Barroso, s\/n \u2013 Puraquequara<\/p>\n\n\n\n<p><strong>USF Senador Severiano Nunes<\/strong><br><strong>Endere\u00e7o:<\/strong>\u00a0Rua das D\u00e1lias, s\/n \u2013 Jorge Teixeira<\/p>\n\n\n\n<p><strong>USF Nova Esperan\u00e7a<\/strong><br><strong>Endere\u00e7o:<\/strong>\u00a0Rua Nova Esperan\u00e7a, s\/n, Col\u00f4nia Ant\u00f4nio Aleixo<br><\/p>\n\n\n\n<h3 class=\"wp-block-heading\">ZONA NORTE<\/h3>\n\n\n\n<p><strong>Laborat\u00f3rio Distrital Norte Manoel Bastos Lira<\/strong><br><strong>Endere\u00e7o<\/strong>: Rua Major Silv\u00e9rio Nery, 170 &#8211; N\u00facleo 3 &#8211; Cidade Nova<\/p>\n\n\n\n<p><strong>Policl\u00ednica Jos\u00e9 Ant\u00f4nio da Silva<\/strong><br><strong>Endere\u00e7o<\/strong>: Rua Grumixava, s\/n \u2013 Monte das Oliveiras<\/p>\n\n\n\n<p><strong>USF Carlson Gracie<\/strong><br><strong>Endere\u00e7o:<\/strong>\u00a0Av. Cura\u00e7ao, s\/n, Conj. Cidad\u00e3o V, Nova Cidade<\/p>\n\n\n\n<p><strong>USF Arthur Virg\u00edlio Filho<br>Endere\u00e7o<\/strong>: Travessa Imbituba, 3015, Amazonino Mendes, Novo Aleixo<\/p>\n\n\n\n<p><strong>USF Jos\u00e9 Figlioulo<\/strong><br><strong>Endere\u00e7o<\/strong>: Rua Rio Maicuru, s\/n, Cj. Viver Melhor, Lago Azul<\/p>\n\n\n\n<p><strong>USF Carmen Nicolau<\/strong><br><strong>Endere\u00e7o:<\/strong>\u00a0Rua Nestor Nascimento, s\/n, Lago Azul<\/p>\n\n\n\n<p><strong>USF S\u00e1lvio Belota<\/strong><br><strong>Endere\u00e7o<\/strong>: Rua Samambaia, 786, Santa Etelvina<\/p>\n\n\n\n<p><strong>USF Prefeito Amazonino Mendes<\/strong><br><strong>Endere\u00e7o<\/strong>: Av. da Esperan\u00e7a, 550, Conjunto Viver Melhor 3, Lago Azul<\/p>\n\n\n\n<p><strong>USF Frei Val\u00e9rio Di Carlo<br>Endere\u00e7o:<\/strong>\u00a0Rua Rufino Elizaldo, s\/n, Novo Israel<\/p>\n\n\n\n<p><strong>USF Prefeito Manoel Henrique Ribeiro<br>Endere\u00e7o<\/strong>: Rua Leblon, s\/n, Conjunto Residencial Viver Melhor 3, Cidade de Deus<\/p>\n\n\n\n<p><strong>USF Enfermeira Anna Barreto<\/strong><br><strong>Endere\u00e7o<\/strong>: Av. Autaz Mirim, s\/n, Cidade de Deus<\/p>\n\n\n\n<p><strong>USF Armando Mendes<br>Endere\u00e7o:<\/strong>\u00a0Rua Aragar\u00e7as, 786, Conjunto Manoa, Cidade Nova<\/p>\n\n\n\n<p><strong>USF F\u00e1tima Andrade<\/strong><br><strong>Endere\u00e7o<\/strong>: Rua 52, s\/n, Conj. Amazonino Mendes, Mutir\u00e3o<\/p>\n\n\n\n<p><strong>USF Prefeito Frank Abrahim Lima<\/strong><br><strong>Endere\u00e7o<\/strong>: Rua Abraham Benzion, 161, Conjunto \u00c1guas Claras, Novo Aleixo<\/p>\n\n\n\n<p><strong>USF \u00c1ugias Gadelha<\/strong><br><strong>Endere\u00e7o<\/strong>: Rua A, s\/n \u2013 Conj. Ribeiro Junior, Cidade Nova<\/p>\n\n\n\n<p><strong>USF N 02<\/strong><br><strong>Endere\u00e7o<\/strong>: Rua dos Curi\u00f3s, s\/n \u2013 Cidade de Deus<\/p>\n\n\n\n<p><strong>USF N 06<\/strong><br><strong>Endere\u00e7o<\/strong>: Rua Bias Fortes \u2013 Cidade de Deus<\/p>\n\n\n\n<p><strong>USF<\/strong> <strong>N 16<\/strong><br><strong>Endere\u00e7o<\/strong>: Rua Perimental Norte, s\/n \u2013 Novo Aleixo<\/p>\n\n\n\n<p><strong>USF N 22<\/strong><br><strong>Endere\u00e7o<\/strong>: Rua 20 de Novembro, 40 \u2013 Monte das Oliveiras<\/p>\n\n\n\n<p><strong>USF N 24<\/strong><br><strong>Endere\u00e7o<\/strong>: Rua Safonias, s\/n &#8211; Monte das Oliveiras<\/p>\n\n\n\n<p><strong>USF N 26<\/strong><br><strong>Endere\u00e7o<\/strong>: Av. Preciosa, 262 \u2013 Monte das Oliveiras<\/p>\n\n\n\n<p><strong>USF<\/strong> <strong>N 27<\/strong><br><strong>Endere\u00e7o<\/strong>: Rua S\u00e3o Nicolau (esquina com Rua Feliciano), s\/n \u2013 Monte das Oliveiras<\/p>\n\n\n\n<p><strong>USF<\/strong> <strong>N 30<\/strong><br><strong>Endere\u00e7o<\/strong>: Rua Santa Helena, 30 \u2013 Loteamento Rio Piorini, Col\u00f4nia Terra Nova<\/p>\n\n\n\n<p><strong>USF<\/strong> <strong>N 36<\/strong><br><strong>Endere\u00e7o<\/strong>: Rua Carlos Alberto, s\/n \u2013 Cidade de Deus<\/p>\n\n\n\n<p><strong>USF<\/strong> <strong>N 39<\/strong><br><strong>Endere\u00e7o<\/strong>: Av. D, s\/n \u2013 Cidade Nova<\/p>\n\n\n\n<p><strong>USF<\/strong> <strong>N 40<\/strong><br><strong>Endere\u00e7o<\/strong>: Rua Prof. Manoel Bel\u00e9m, s\/n \u2013 Cidade Nova<\/p>\n\n\n\n<p><strong>USF<\/strong> <strong>N 43<\/strong><br><strong>Endere\u00e7o<\/strong>: Rua 27, s\/n \u2013 Cidade de Deus<\/p>\n\n\n\n<p><strong>USF<\/strong> <strong>N 46<\/strong><br><strong>Endere\u00e7o<\/strong>: Rua Abiu, s\/n \u2013 Col\u00f4nia Terra Nova<\/p>\n\n\n\n<p><strong>USF<\/strong> <strong>N 47<\/strong><br><strong>Endere\u00e7o<\/strong>: Rua D\u00e1lia Vermelha, s\/n \u2013 Col\u00f4nia Terra Nova<\/p>\n\n\n\n<p><strong>USF<\/strong> <strong>N 48<\/strong><br><strong>Endere\u00e7o<\/strong>: Av. S\u00e3o Jo\u00e3o, s\/n \u2013 Comunidade S\u00e3o Jo\u00e3o, Lago Azul<\/p>\n\n\n\n<p><strong>USF<\/strong> <strong>N 54<\/strong><br><strong>Endere\u00e7o<\/strong>: Rua Frei Jos\u00e9 de Leonissa, s\/n &#8211; Santa Etelvina<\/p>\n\n\n\n<p><strong>USF<\/strong> <strong>N 55<\/strong><br><strong>Endere\u00e7o<\/strong>: Rua 25, s\/n \u2013 Cidade Nova<\/p>\n\n\n\n<p><strong>USF<\/strong> <strong>N 56<\/strong><br><strong>Endere\u00e7o<\/strong>: Rua Rio Caquet\u00e1, s\/n \u2013 Lago Azul<br><\/p>\n\n\n\n<h3 class=\"wp-block-heading\">ZONA OESTE<\/h3>\n\n\n\n<p><strong>USF S\u00edlvio Santos<\/strong><br><strong>Endere\u00e7o<\/strong>: Rua 23 de Dezembro, s\/n, Compensa II<\/p>\n\n\n\n<p><strong>USF Dr. Jos\u00e9 Raimundo Franco de S\u00e1<\/strong><br><strong>Endere\u00e7o:\u00a0<\/strong>Rua Virg\u00edlio Ferreira, 112-120, Alvorada<br><br><strong>USF Mansour Bulbol<\/strong><br><strong>Endere\u00e7o:<\/strong>\u00a0Av. Desembargador Jo\u00e3o Machado, s\/n, Alvorada<\/p>\n\n\n\n<p><strong>USF Vila da Prata<\/strong><br><strong>Endere\u00e7o<\/strong>: Rua Prom\u00e9cio, 150, Vila da Prata<\/p>\n\n\n\n<p><strong>USF Santo Ant\u00f4nio<br>Endere\u00e7o:\u00a0<\/strong>Rua Lauro Bitencourt, s\/n, Santo Ant\u00f4nio<\/p>\n\n\n\n<p><strong>USF Lindalva Damasceno<\/strong><br><strong>Endere\u00e7o<\/strong>: Avenida do Turismo, Km 03, s\/n, Tarum\u00e3<\/p>\n\n\n\n<p><strong>USF Deodato de Miranda Le\u00e3o<\/strong><br><strong>Endere\u00e7o<\/strong>: Av. Presidente Dutra, s\/n, Gl\u00f3ria<\/p>\n\n\n\n<p><strong>USF Parque das Tribos<\/strong><br><strong>Endere\u00e7o<\/strong>: Rua Piratapuia, 19, Tarum\u00e3 A\u00e7\u00fa<\/p>\n\n\n\n<p><strong>USF Ajuricaba<\/strong><br><strong>Endere\u00e7o<\/strong>: Av. Leste, s\/n, Alvorada<\/p>\n\n\n\n<p><strong>USF Luiz Montenegro<\/strong><br><strong>Endere\u00e7o<\/strong>: Rua Berlim, 16 \u2013 Planalto<\/p>\n\n\n\n<p><strong>USF Leonor de Freitas<\/strong><br><strong>Endere\u00e7o<\/strong>: Av. Brasil, s\/n, Compensa II<\/p>\n\n\n\n<p><strong>USF Reden\u00e7\u00e3o<\/strong><br><strong>Endere\u00e7o<\/strong>: Rua Olinda, 22 \u2013 Reden\u00e7\u00e3o<\/p>\n\n\n\n<p><strong>USF Maria Ida Mentoni<\/strong><br><strong>Endere\u00e7o<\/strong>: Rua Ajuricaba, s\/n \u2013 Jardim dos Bar\u00e9s<\/p>\n\n\n\n<p><strong>Policl\u00ednica Djalma Batista<\/strong> <strong>(em reforma<\/strong>)<br><strong>Endere\u00e7o<\/strong>: Rua 23 de Dezembro, s\/n \u2013 Compensa II<\/p>\n\n\n\n<p><strong>USF O 01<\/strong><br><strong>Endere\u00e7o<\/strong>: Av. Peixe Cavalo, s\/n \u2013 Tarum\u00e3 A\u00e7u<\/p>\n\n\n\n<p><strong>USF O 07<\/strong><br><strong>Endere\u00e7o<\/strong>: Rua Alvorada, 1 \u2013 Alvorada<\/p>\n\n\n\n<p><strong>USF O19<\/strong><br><strong>Endere\u00e7o<\/strong>: Rua Pl\u00ednio Coelho, 182 \u2013 Compensa<\/p>\n\n\n\n<p><strong>USF O 38<\/strong><br><strong>Endere\u00e7o<\/strong>: Beco Pero de Ataide, 56 \u2013 Dom Pedro<\/p>\n\n\n\n<p><strong>USF O 45<\/strong><br><strong>Endere\u00e7o<\/strong>: Av. Praia do Futuro, s\/n \u2013 Tarum\u00e3<\/p>\n\n\n\n<p><strong>USF O 46<\/strong><br><strong>Endere\u00e7o<\/strong>: Rua Raimundo Maia, s\/n \u2013 Parque S\u00e3o Pedro, Tarum\u00e3<br><\/p>\n\n\n\n<h3 class=\"wp-block-heading\">ZONA RURAL<\/h3>\n\n\n\n<p><strong>USFS Ephig\u00eanio Salles <\/strong><br><strong>Endere\u00e7o:<\/strong> Ramal \u00c1gua Branca, Km 45, Rodovia AM-010<\/p>\n\n\n\n<p><strong>USFR Pau Rosa<br>Endere\u00e7o:<\/strong>\u00a0BR 174, Ramal do Pau-Rosa, s\/n, entrada do Km 21, Assentamento Tarum\u00e3-Mirim<\/p>\n\n\n\n<p><strong>UBSR Conselheira Ada Rodrigues Viana<\/strong><br><strong>Endere\u00e7o:\u00a0<\/strong>BR 174, Ramal 10, Rua Nova Cana\u00e3<\/p>\n\n\n\n<p><strong>UBSR Nossa Senhora de F\u00e1tima<\/strong><br><strong>Endere\u00e7o:<\/strong>\u00a0Margem Esquerda Rio Negro, Comunidade N. Sra. de F\u00e1tima<\/p>\n\n\n\n<p><strong>UBSR Nossa Senhora do Livramento<\/strong><br><strong>Endere\u00e7o:<\/strong>\u00a0Comunidade Livramento \u2013 Zona Rural<\/p>\n\n\n\n<p><strong>UBSR Nossa Senhora Auxiliadora<\/strong><br><strong>Endere\u00e7o:<\/strong>&nbsp;Comunidade Nossa Sra. Auxiliadora \u2013 Tarum\u00e3, Rio Negro<\/p>\n\n\n\n<p><strong>UBSR S\u00e3o Pedro<\/strong><br><strong>Endere\u00e7o:<\/strong>&nbsp;Rodovia AM 010, Km 35<\/p>\n\n\n\n<p><strong>UBSF Dr. Ney Lacerda<\/strong><br><strong>Endere\u00e7o:<\/strong>&nbsp;Calha do Rio Negro<\/p>\n\n\n\n<p><strong>UBSF Dr. Ant\u00f4nio Levino<\/strong><br><strong>Endere\u00e7o:<\/strong>&nbsp;Calha do Rio Amazonas<\/p>\n\n\n\n<p><strong>Base de Apoio S\u00e3o Sebasti\u00e3o<\/strong><br><strong>Endere\u00e7o:<\/strong>&nbsp;Posto de apoio no Ramal S\u00e3o Francisco<\/p>\n\n\n\n<p><strong>Unidade Rural de Apoio Cooperativa do Pau Rosa<\/strong><br><strong>Endere\u00e7o:<\/strong>&nbsp;Assentamento Tarum\u00e3-Mirim, KM 21 &#8211; BR 174<br><\/p>\n","protected":false},"excerpt":{"rendered":"","protected":false},"author":65,"featured_media":0,"parent":0,"menu_order":0,"comment_status":"closed","ping_status":"closed","template":"templates\/prefeitura.php","meta":{"footnotes":""},"acf":[],"yoast_head":"<!-- This site is optimized with the Yoast SEO plugin v23.0 - https:\/\/yoast.com\/wordpress\/plugins\/seo\/ -->\n<title>Unidades de Sa\u00fade que realizam exame de escarro - SEMSA<\/title>\n<meta name=\"robots\" content=\"index, follow, max-snippet:-1, max-image-preview:large, max-video-preview:-1\" \/>\n<link rel=\"canonical\" href=\"https:\/\/www.manaus.am.gov.br\/semsa\/unidades-de-saude-que-realizam-exame-de-escarro\/\" \/>\n<meta property=\"og:locale\" content=\"pt_BR\" \/>\n<meta property=\"og:type\" content=\"article\" \/>\n<meta property=\"og:title\" content=\"Unidades de Sa\u00fade que realizam exame de escarro - SEMSA\" \/>\n<meta property=\"og:url\" content=\"https:\/\/www.manaus.am.gov.br\/semsa\/unidades-de-saude-que-realizam-exame-de-escarro\/\" \/>\n<meta property=\"og:site_name\" content=\"SEMSA\" \/>\n<meta property=\"article:modified_time\" content=\"2025-12-11T14:23:04+00:00\" \/>\n<meta property=\"og:image\" content=\"https:\/\/www.manaus.am.gov.br\/semsa\/wp-content\/uploads\/sites\/8\/2024\/07\/thumb-default-2.png\" \/>\n\t<meta property=\"og:image:width\" content=\"966\" \/>\n\t<meta property=\"og:image:height\" content=\"520\" \/>\n\t<meta property=\"og:image:type\" content=\"image\/png\" \/>\n<meta name=\"twitter:card\" content=\"summary_large_image\" \/>\n<meta name=\"twitter:label1\" content=\"Est. reading time\" \/>\n\t<meta name=\"twitter:data1\" content=\"6 minutos\" \/>\n<script type=\"application\/ld+json\" class=\"yoast-schema-graph\">{\"@context\":\"https:\/\/schema.org\",\"@graph\":[{\"@type\":\"WebPage\",\"@id\":\"https:\/\/www.manaus.am.gov.br\/semsa\/unidades-de-saude-que-realizam-exame-de-escarro\/\",\"url\":\"https:\/\/www.manaus.am.gov.br\/semsa\/unidades-de-saude-que-realizam-exame-de-escarro\/\",\"name\":\"Unidades de Sa\u00fade que realizam exame de escarro - SEMSA\",\"isPartOf\":{\"@id\":\"https:\/\/www.manaus.am.gov.br\/semsa\/#website\"},\"datePublished\":\"2025-12-10T19:08:00+00:00\",\"dateModified\":\"2025-12-11T14:23:04+00:00\",\"inLanguage\":\"pt-BR\",\"potentialAction\":[{\"@type\":\"ReadAction\",\"target\":[\"https:\/\/www.manaus.am.gov.br\/semsa\/unidades-de-saude-que-realizam-exame-de-escarro\/\"]}]},{\"@type\":\"WebSite\",\"@id\":\"https:\/\/www.manaus.am.gov.br\/semsa\/#website\",\"url\":\"https:\/\/www.manaus.am.gov.br\/semsa\/\",\"name\":\"SEMSA\",\"description\":\"Secretaria Municipal de Sa\u00fade\",\"alternateName\":\"Secretaria Municipal de Sa\u00fade\",\"potentialAction\":[{\"@type\":\"SearchAction\",\"target\":{\"@type\":\"EntryPoint\",\"urlTemplate\":\"https:\/\/www.manaus.am.gov.br\/semsa\/?s={search_term_string}\"},\"query-input\":\"required name=search_term_string\"}],\"inLanguage\":\"pt-BR\"}]}<\/script>\n<!-- \/ Yoast SEO plugin. -->","yoast_head_json":{"title":"Unidades de Sa\u00fade que realizam exame de escarro - SEMSA","robots":{"index":"index","follow":"follow","max-snippet":"max-snippet:-1","max-image-preview":"max-image-preview:large","max-video-preview":"max-video-preview:-1"},"canonical":"https:\/\/www.manaus.am.gov.br\/semsa\/unidades-de-saude-que-realizam-exame-de-escarro\/","og_locale":"pt_BR","og_type":"article","og_title":"Unidades de Sa\u00fade que realizam exame de escarro - SEMSA","og_url":"https:\/\/www.manaus.am.gov.br\/semsa\/unidades-de-saude-que-realizam-exame-de-escarro\/","og_site_name":"SEMSA","article_modified_time":"2025-12-11T14:23:04+00:00","og_image":[{"width":966,"height":520,"url":"https:\/\/www.manaus.am.gov.br\/semsa\/wp-content\/uploads\/sites\/8\/2024\/07\/thumb-default-2.png","type":"image\/png"}],"twitter_card":"summary_large_image","twitter_misc":{"Est. reading time":"6 minutos"},"schema":{"@context":"https:\/\/schema.org","@graph":[{"@type":"WebPage","@id":"https:\/\/www.manaus.am.gov.br\/semsa\/unidades-de-saude-que-realizam-exame-de-escarro\/","url":"https:\/\/www.manaus.am.gov.br\/semsa\/unidades-de-saude-que-realizam-exame-de-escarro\/","name":"Unidades de Sa\u00fade que realizam exame de escarro - SEMSA","isPartOf":{"@id":"https:\/\/www.manaus.am.gov.br\/semsa\/#website"},"datePublished":"2025-12-10T19:08:00+00:00","dateModified":"2025-12-11T14:23:04+00:00","inLanguage":"pt-BR","potentialAction":[{"@type":"ReadAction","target":["https:\/\/www.manaus.am.gov.br\/semsa\/unidades-de-saude-que-realizam-exame-de-escarro\/"]}]},{"@type":"WebSite","@id":"https:\/\/www.manaus.am.gov.br\/semsa\/#website","url":"https:\/\/www.manaus.am.gov.br\/semsa\/","name":"SEMSA","description":"Secretaria Municipal de Sa\u00fade","alternateName":"Secretaria Municipal de Sa\u00fade","potentialAction":[{"@type":"SearchAction","target":{"@type":"EntryPoint","urlTemplate":"https:\/\/www.manaus.am.gov.br\/semsa\/?s={search_term_string}"},"query-input":"required name=search_term_string"}],"inLanguage":"pt-BR"}]}},"_links":{"self":[{"href":"https:\/\/www.manaus.am.gov.br\/semsa\/wp-json\/wp\/v2\/pages\/226719"}],"collection":[{"href":"https:\/\/www.manaus.am.gov.br\/semsa\/wp-json\/wp\/v2\/pages"}],"about":[{"href":"https:\/\/www.manaus.am.gov.br\/semsa\/wp-json\/wp\/v2\/types\/page"}],"author":[{"embeddable":true,"href":"https:\/\/www.manaus.am.gov.br\/semsa\/wp-json\/wp\/v2\/users\/65"}],"replies":[{"embeddable":true,"href":"https:\/\/www.manaus.am.gov.br\/semsa\/wp-json\/wp\/v2\/comments?post=226719"}],"version-history":[{"count":11,"href":"https:\/\/www.manaus.am.gov.br\/semsa\/wp-json\/wp\/v2\/pages\/226719\/revisions"}],"predecessor-version":[{"id":226754,"href":"https:\/\/www.manaus.am.gov.br\/semsa\/wp-json\/wp\/v2\/pages\/226719\/revisions\/226754"}],"wp:attachment":[{"href":"https:\/\/www.manaus.am.gov.br\/semsa\/wp-json\/wp\/v2\/media?parent=226719"}],"curies":[{"name":"wp","href":"https:\/\/api.w.org\/{rel}","templated":true}]}}