{"id":226477,"date":"2025-11-27T08:37:23","date_gmt":"2025-11-27T12:37:23","guid":{"rendered":"https:\/\/www.manaus.am.gov.br\/semsa\/?page_id=226477"},"modified":"2025-11-27T08:49:46","modified_gmt":"2025-11-27T12:49:46","slug":"dia-d-de-vacinacao-contra-a-influenza-sabado-29-11-8h-as-16h","status":"publish","type":"page","link":"https:\/\/www.manaus.am.gov.br\/semsa\/dia-d-de-vacinacao-contra-a-influenza-sabado-29-11-8h-as-16h\/","title":{"rendered":"Dia D de Vacina\u00e7\u00e3o contra a influenza &#8211; S\u00e1bado 29\/11 \u2013 8h \u00e0s 16h"},"content":{"rendered":"\n<h3 class=\"wp-block-heading\"><strong>Quem deve se vacinar<\/strong><\/h3>\n\n\n\n<ul>\n<li>Crian\u00e7as menores de 6 meses a menores de 6 anos<\/li>\n\n\n\n<li>Gestantes<\/li>\n\n\n\n<li>Idosos<\/li>\n\n\n\n<li>Pu\u00e9rperas<\/li>\n\n\n\n<li>Povos ind\u00edgenas<\/li>\n\n\n\n<li>Quilombolas<\/li>\n\n\n\n<li>Pessoas em situa\u00e7\u00e3o de rua<\/li>\n\n\n\n<li>Trabalhadores da sa\u00fade<\/li>\n\n\n\n<li>Professores do ensino b\u00e1sico e superior<\/li>\n\n\n\n<li>Pessoas com defici\u00eancia permanente<\/li>\n\n\n\n<li>Pessoas com comorbidades<\/li>\n\n\n\n<li>Caminhoneiros<\/li>\n\n\n\n<li>Profissionais das For\u00e7as Armadas<\/li>\n\n\n\n<li>Profissionais da for\u00e7a de seguran\u00e7a e salvamento<\/li>\n\n\n\n<li>Trabalhadores do transporte coletivo (urbano e longo percurso)<\/li>\n\n\n\n<li>Trabalhadores portu\u00e1rios<\/li>\n\n\n\n<li>Trabalhadores dos Correios<\/li>\n\n\n\n<li>Adolescentes em medidas socioeducativas (menores de 18 anos)<\/li>\n\n\n\n<li>Popula\u00e7\u00e3o privada de liberdade (18 anos e mais)<\/li>\n\n\n\n<li>Funcion\u00e1rios do Sistema de Priva\u00e7\u00e3o de Liberdade<\/li>\n<\/ul>\n\n\n\n<h3 class=\"wp-block-heading\"><strong>Documentos<\/strong><\/h3>\n\n\n\n<ul>\n<li>Documento oficial de identifica\u00e7\u00e3o<\/li>\n\n\n\n<li>CPF ou Cart\u00e3o Nacional de Sa\u00fade (CNS)<\/li>\n\n\n\n<li>Cart\u00e3o de vacina\u00e7\u00e3o<\/li>\n\n\n\n<li>Documento comprovando a inclus\u00e3o entre os grupos priorit\u00e1rios<\/li>\n<\/ul>\n\n\n\n<h3 class=\"wp-block-heading\"><strong>Unidades de Sa\u00fade com vacina\u00e7\u00e3o contra influenza<\/strong><\/h3>\n\n\n\n<h3 class=\"wp-block-heading\">Zona Norte<\/h3>\n\n\n\n<p><br><strong>USF Carmen Nicolau<\/strong><br><strong>Endere\u00e7o:<\/strong> Rua Nestor Nascimento, s\/n &#8211; Lago Azul<\/p>\n\n\n\n<p><strong>USF S\u00e1lvio Belota<\/strong><br><strong>Endere\u00e7o<\/strong>: Rua Samambaia, 786 &#8211; Santa Etelvina<\/p>\n\n\n\n<p><strong>USF Balbina Mestrinho<\/strong><br><strong>Endere\u00e7o<\/strong>: Rua Major Silv\u00e9rio Nery,170 &#8211; Cidade Nova<\/p>\n\n\n\n<p><strong>USF Anna Barreto<\/strong><br><strong>Endere\u00e7o<\/strong>: Av. Autaz Mirim, s\/n, Cidade de Deus<\/p>\n\n\n\n<p><strong>USF Frei Val\u00e9rio<\/strong><br><strong>Endere\u00e7o<\/strong>: Rua Rufino Elizaldo, s\/n, Novo Israel<\/p>\n\n\n\n<p><\/p>\n\n\n\n<h3 class=\"wp-block-heading\">Zona Sul<\/h3>\n\n\n\n<p><br><strong>USF Jos\u00e9 Rayol dos Santos<\/strong><br><strong>Endere\u00e7o<\/strong>: Av. Constantino Nery, s\/n &#8211; Flores<\/p>\n\n\n\n<p><strong>USF Rosa Almeida<\/strong><br><strong>Endere\u00e7o<\/strong>: Rua S\u00e3o Benedito, s\/n &#8211; Morro da Liberdade<\/p>\n\n\n\n<p><strong>USF Japiim<\/strong><br><strong>Endere\u00e7o<\/strong>: Rua 31, s\/n &#8211; Japiim<\/p>\n\n\n\n<p><strong>USF Dr. Luiz Montenegro<\/strong><br><strong>Endere\u00e7o<\/strong>: Rua Pico das \u00c1guas, 527 &#8211; Nossa Senhora das Gra\u00e7as<\/p>\n\n\n\n<p><\/p>\n\n\n\n<h3 class=\"wp-block-heading\">Zona Leste<\/h3>\n\n\n\n<p><br><strong>USF Alfredo Campos<\/strong><br><strong>Endere\u00e7o<\/strong>: Av. Cosme Ferreira, s\/n &#8211; Zumbi<\/p>\n\n\n\n<p><strong>USF Amazonas Palhano<\/strong><br><strong>Endere\u00e7o<\/strong>: Rua Ant\u00f4nio Mathias, s\/n &#8211; S\u00e3o Jos\u00e9<\/p>\n\n\n\n<p><strong>USF Leonor Brilhante<\/strong><br><strong>Endere\u00e7o<\/strong>: Av. Autaz Mirim, s\/n &#8211; Tancredo Neves<\/p>\n\n\n\n<p><strong>USF Gebes de Medeiros<\/strong><br><strong>Endere\u00e7o<\/strong>: Av. Pirarucu, 100 &#8211; Jorge Teixeira<\/p>\n\n\n\n<p><strong>USF Ivone Lima<\/strong><br><strong>Endere\u00e7o<\/strong>: Rua Lu\u00eds Corrente, s\/n &#8211; Coroado<\/p>\n\n\n\n<p><\/p>\n\n\n\n<h3 class=\"wp-block-heading\">Zona Oeste<\/h3>\n\n\n\n<p><br><strong>USF Deodato de Miranda Le\u00e3o<\/strong><br><strong>Endere\u00e7o<\/strong>: Av. Presidente Dutra, s\/n &#8211; Gl\u00f3ria<\/p>\n\n\n\n<p><strong>USF Leonor de Freitas<\/strong><br><strong>Endere\u00e7o<\/strong>: Av. Brasil, s\/n &#8211; Compensa II<\/p>\n\n\n\n<p><strong>USF Parque das Tribos<\/strong><br><strong>Endere\u00e7o<\/strong>: Rua Piratapuia, 19 &#8211; Tarum\u00e3 A\u00e7\u00fa<\/p>\n\n\n\n<p><strong>USF Mansour Bulbol<\/strong><br><strong>Endere\u00e7o<\/strong>: Av. Desembargador Jo\u00e3o Machado, 741, Alvorada<\/p>\n\n\n\n<p><strong>USF Silvio Santos<\/strong><br><strong>Endere\u00e7o<\/strong>: Rua Teot\u00f4nio Vilela, s\/n &#8211; Compensa<\/p>\n","protected":false},"excerpt":{"rendered":"","protected":false},"author":65,"featured_media":0,"parent":0,"menu_order":0,"comment_status":"closed","ping_status":"closed","template":"templates\/turismo.php","meta":{"footnotes":""},"acf":[],"yoast_head":"<!-- This site is optimized with the Yoast SEO plugin v23.0 - https:\/\/yoast.com\/wordpress\/plugins\/seo\/ -->\n<title>Dia D de Vacina\u00e7\u00e3o contra a influenza - S\u00e1bado 29\/11 \u2013 8h \u00e0s 16h - SEMSA<\/title>\n<meta name=\"robots\" content=\"index, follow, max-snippet:-1, max-image-preview:large, max-video-preview:-1\" \/>\n<link rel=\"canonical\" href=\"https:\/\/www.manaus.am.gov.br\/semsa\/dia-d-de-vacinacao-contra-a-influenza-sabado-29-11-8h-as-16h\/\" \/>\n<meta property=\"og:locale\" content=\"pt_BR\" \/>\n<meta property=\"og:type\" content=\"article\" \/>\n<meta property=\"og:title\" content=\"Dia D de Vacina\u00e7\u00e3o contra a influenza - S\u00e1bado 29\/11 \u2013 8h \u00e0s 16h - SEMSA\" \/>\n<meta property=\"og:url\" content=\"https:\/\/www.manaus.am.gov.br\/semsa\/dia-d-de-vacinacao-contra-a-influenza-sabado-29-11-8h-as-16h\/\" \/>\n<meta property=\"og:site_name\" content=\"SEMSA\" \/>\n<meta property=\"article:modified_time\" content=\"2025-11-27T12:49:46+00:00\" \/>\n<meta property=\"og:image\" content=\"https:\/\/www.manaus.am.gov.br\/semsa\/wp-content\/uploads\/sites\/8\/2024\/07\/thumb-default-2.png\" \/>\n\t<meta property=\"og:image:width\" content=\"966\" \/>\n\t<meta property=\"og:image:height\" content=\"520\" \/>\n\t<meta property=\"og:image:type\" content=\"image\/png\" \/>\n<meta name=\"twitter:card\" content=\"summary_large_image\" \/>\n<meta name=\"twitter:label1\" content=\"Est. reading time\" \/>\n\t<meta name=\"twitter:data1\" content=\"2 minutos\" \/>\n<script type=\"application\/ld+json\" class=\"yoast-schema-graph\">{\"@context\":\"https:\/\/schema.org\",\"@graph\":[{\"@type\":\"WebPage\",\"@id\":\"https:\/\/www.manaus.am.gov.br\/semsa\/dia-d-de-vacinacao-contra-a-influenza-sabado-29-11-8h-as-16h\/\",\"url\":\"https:\/\/www.manaus.am.gov.br\/semsa\/dia-d-de-vacinacao-contra-a-influenza-sabado-29-11-8h-as-16h\/\",\"name\":\"Dia D de Vacina\u00e7\u00e3o contra a influenza - S\u00e1bado 29\/11 \u2013 8h \u00e0s 16h - SEMSA\",\"isPartOf\":{\"@id\":\"https:\/\/www.manaus.am.gov.br\/semsa\/#website\"},\"datePublished\":\"2025-11-27T12:37:23+00:00\",\"dateModified\":\"2025-11-27T12:49:46+00:00\",\"inLanguage\":\"pt-BR\",\"potentialAction\":[{\"@type\":\"ReadAction\",\"target\":[\"https:\/\/www.manaus.am.gov.br\/semsa\/dia-d-de-vacinacao-contra-a-influenza-sabado-29-11-8h-as-16h\/\"]}]},{\"@type\":\"WebSite\",\"@id\":\"https:\/\/www.manaus.am.gov.br\/semsa\/#website\",\"url\":\"https:\/\/www.manaus.am.gov.br\/semsa\/\",\"name\":\"SEMSA\",\"description\":\"Secretaria Municipal de Sa\u00fade\",\"alternateName\":\"Secretaria Municipal de Sa\u00fade\",\"potentialAction\":[{\"@type\":\"SearchAction\",\"target\":{\"@type\":\"EntryPoint\",\"urlTemplate\":\"https:\/\/www.manaus.am.gov.br\/semsa\/?s={search_term_string}\"},\"query-input\":\"required name=search_term_string\"}],\"inLanguage\":\"pt-BR\"}]}<\/script>\n<!-- \/ Yoast SEO plugin. -->","yoast_head_json":{"title":"Dia D de Vacina\u00e7\u00e3o contra a influenza - S\u00e1bado 29\/11 \u2013 8h \u00e0s 16h - SEMSA","robots":{"index":"index","follow":"follow","max-snippet":"max-snippet:-1","max-image-preview":"max-image-preview:large","max-video-preview":"max-video-preview:-1"},"canonical":"https:\/\/www.manaus.am.gov.br\/semsa\/dia-d-de-vacinacao-contra-a-influenza-sabado-29-11-8h-as-16h\/","og_locale":"pt_BR","og_type":"article","og_title":"Dia D de Vacina\u00e7\u00e3o contra a influenza - S\u00e1bado 29\/11 \u2013 8h \u00e0s 16h - SEMSA","og_url":"https:\/\/www.manaus.am.gov.br\/semsa\/dia-d-de-vacinacao-contra-a-influenza-sabado-29-11-8h-as-16h\/","og_site_name":"SEMSA","article_modified_time":"2025-11-27T12:49:46+00:00","og_image":[{"width":966,"height":520,"url":"https:\/\/www.manaus.am.gov.br\/semsa\/wp-content\/uploads\/sites\/8\/2024\/07\/thumb-default-2.png","type":"image\/png"}],"twitter_card":"summary_large_image","twitter_misc":{"Est. reading time":"2 minutos"},"schema":{"@context":"https:\/\/schema.org","@graph":[{"@type":"WebPage","@id":"https:\/\/www.manaus.am.gov.br\/semsa\/dia-d-de-vacinacao-contra-a-influenza-sabado-29-11-8h-as-16h\/","url":"https:\/\/www.manaus.am.gov.br\/semsa\/dia-d-de-vacinacao-contra-a-influenza-sabado-29-11-8h-as-16h\/","name":"Dia D de Vacina\u00e7\u00e3o contra a influenza - S\u00e1bado 29\/11 \u2013 8h \u00e0s 16h - SEMSA","isPartOf":{"@id":"https:\/\/www.manaus.am.gov.br\/semsa\/#website"},"datePublished":"2025-11-27T12:37:23+00:00","dateModified":"2025-11-27T12:49:46+00:00","inLanguage":"pt-BR","potentialAction":[{"@type":"ReadAction","target":["https:\/\/www.manaus.am.gov.br\/semsa\/dia-d-de-vacinacao-contra-a-influenza-sabado-29-11-8h-as-16h\/"]}]},{"@type":"WebSite","@id":"https:\/\/www.manaus.am.gov.br\/semsa\/#website","url":"https:\/\/www.manaus.am.gov.br\/semsa\/","name":"SEMSA","description":"Secretaria Municipal de Sa\u00fade","alternateName":"Secretaria Municipal de Sa\u00fade","potentialAction":[{"@type":"SearchAction","target":{"@type":"EntryPoint","urlTemplate":"https:\/\/www.manaus.am.gov.br\/semsa\/?s={search_term_string}"},"query-input":"required name=search_term_string"}],"inLanguage":"pt-BR"}]}},"_links":{"self":[{"href":"https:\/\/www.manaus.am.gov.br\/semsa\/wp-json\/wp\/v2\/pages\/226477"}],"collection":[{"href":"https:\/\/www.manaus.am.gov.br\/semsa\/wp-json\/wp\/v2\/pages"}],"about":[{"href":"https:\/\/www.manaus.am.gov.br\/semsa\/wp-json\/wp\/v2\/types\/page"}],"author":[{"embeddable":true,"href":"https:\/\/www.manaus.am.gov.br\/semsa\/wp-json\/wp\/v2\/users\/65"}],"replies":[{"embeddable":true,"href":"https:\/\/www.manaus.am.gov.br\/semsa\/wp-json\/wp\/v2\/comments?post=226477"}],"version-history":[{"count":4,"href":"https:\/\/www.manaus.am.gov.br\/semsa\/wp-json\/wp\/v2\/pages\/226477\/revisions"}],"predecessor-version":[{"id":226484,"href":"https:\/\/www.manaus.am.gov.br\/semsa\/wp-json\/wp\/v2\/pages\/226477\/revisions\/226484"}],"wp:attachment":[{"href":"https:\/\/www.manaus.am.gov.br\/semsa\/wp-json\/wp\/v2\/media?parent=226477"}],"curies":[{"name":"wp","href":"https:\/\/api.w.org\/{rel}","templated":true}]}}