{"id":226384,"date":"2025-11-24T11:20:27","date_gmt":"2025-11-24T15:20:27","guid":{"rendered":"https:\/\/www.manaus.am.gov.br\/semsa\/?page_id=226384"},"modified":"2025-11-24T11:26:41","modified_gmt":"2025-11-24T15:26:41","slug":"nucleo-de-investigacao-de-obitos","status":"publish","type":"page","link":"https:\/\/www.manaus.am.gov.br\/semsa\/vigilancia\/vigilancia-epidemiologica\/nucleo-de-investigacao-de-obitos\/","title":{"rendered":"N\u00facleo de Investiga\u00e7\u00e3o de \u00f3bitos"},"content":{"rendered":"\n<p>O N\u00facleo de Investiga\u00e7\u00e3o de \u00d3bitos (NUIOB) \u00e9 o setor da Secretaria Municipal de Sa\u00fade de Manaus respons\u00e1vel por estudar, de forma qualificada, os \u00f3bitos que acontecem no munic\u00edpio. Esse trabalho segue normas nacionais estabelecidas pelo Minist\u00e9rio da Sa\u00fade (Portarias n\u00ba 1.119\/2008 e n\u00ba 72\/2010) e \u00e9 realizado com sigilo, \u00e9tica e respeito \u00e0s fam\u00edlias.<br><br>A atua\u00e7\u00e3o do NUIOB tem como objetivo principal compreender os fatores que contribuem para os \u00f3bitos e, a partir dessas informa\u00e7\u00f5es, apoiar a\u00e7\u00f5es que fortale\u00e7am a preven\u00e7\u00e3o e aprimorem a qualidade da assist\u00eancia em sa\u00fade \u2014 sempre com foco na prote\u00e7\u00e3o da vida.<br><br><strong>O que fazemos<\/strong><br><br>O NUIOB coordena a vigil\u00e2ncia epidemiol\u00f3gica de \u00f3bitos maternos, infantis, fetais e de mulheres em idade f\u00e9rtil no munic\u00edpio de Manaus. Entre suas atividades, destacam-se:<br><br>\u2022 Promover atualiza\u00e7\u00f5es e orienta\u00e7\u00f5es para profissionais de sa\u00fade da rede p\u00fablica e privada sobre vigil\u00e2ncia do \u00f3bito.<br>\u2022 Realizar capacita\u00e7\u00f5es sobre o correto preenchimento da Declara\u00e7\u00e3o de \u00d3bito, contribuindo para a qualidade das informa\u00e7\u00f5es registradas.<br>\u2022 Apoiar a melhoria cont\u00ednua dos dados epidemiol\u00f3gicos utilizados pelo munic\u00edpio.<br>\u2022 Monitorar indicadores de mortalidade que ajudam a compreender o perfil de sa\u00fade da popula\u00e7\u00e3o e subsidiar pol\u00edticas p\u00fablicas.<br><br><strong>Por que esse trabalho \u00e9 importante?<\/strong><br><br>Entender como e por que um \u00f3bito aconteceu permite que a Secretaria Municipal de Sa\u00fade planeje a\u00e7\u00f5es mais eficazes, qualifique o atendimento e reforce estrat\u00e9gias de preven\u00e7\u00e3o. Assim, fortalecemos um sistema de sa\u00fade mais seguro, acolhedor e comprometido com a vida das fam\u00edlias manauaras.<br><br><strong>Solicita\u00e7\u00e3o de capacita\u00e7\u00f5es<\/strong><br><br>Unidades de sa\u00fade, institui\u00e7\u00f5es de ensino, servi\u00e7os privados ou profissionais interessados em capacita\u00e7\u00f5es sobre vigil\u00e2ncia do \u00f3bito ou preenchimento da Declara\u00e7\u00e3o de \u00d3bito podem enviar of\u00edcio ou carta para: <strong>protocolo.semsa@manaus.am.gov.br<\/strong><br><br><strong>D\u00favidas ou orienta\u00e7\u00f5es sobre vigil\u00e2ncia do \u00f3bito<\/strong><br>WhatsApp<strong>:<\/strong> (92) 98842-6677<br>E-mail<strong>:<\/strong> dantsemsamanaus@gmail.com<br><a href=\"mailto:dantsemsamanaus@gmail.com\"><\/a><\/p>\n","protected":false},"excerpt":{"rendered":"","protected":false},"author":65,"featured_media":0,"parent":209193,"menu_order":0,"comment_status":"closed","ping_status":"closed","template":"templates\/turismo.php","meta":{"footnotes":""},"acf":[],"yoast_head":"<!-- This site is optimized with the Yoast SEO plugin v23.0 - https:\/\/yoast.com\/wordpress\/plugins\/seo\/ -->\n<title>N\u00facleo de Investiga\u00e7\u00e3o de \u00f3bitos - SEMSA<\/title>\n<meta name=\"robots\" content=\"index, follow, max-snippet:-1, max-image-preview:large, max-video-preview:-1\" \/>\n<link rel=\"canonical\" href=\"https:\/\/www.manaus.am.gov.br\/semsa\/vigilancia\/vigilancia-epidemiologica\/nucleo-de-investigacao-de-obitos\/\" \/>\n<meta property=\"og:locale\" content=\"pt_BR\" \/>\n<meta property=\"og:type\" content=\"article\" \/>\n<meta property=\"og:title\" content=\"N\u00facleo de Investiga\u00e7\u00e3o de \u00f3bitos - SEMSA\" \/>\n<meta property=\"og:url\" content=\"https:\/\/www.manaus.am.gov.br\/semsa\/vigilancia\/vigilancia-epidemiologica\/nucleo-de-investigacao-de-obitos\/\" \/>\n<meta property=\"og:site_name\" content=\"SEMSA\" \/>\n<meta property=\"article:modified_time\" content=\"2025-11-24T15:26:41+00:00\" \/>\n<meta property=\"og:image\" content=\"https:\/\/www.manaus.am.gov.br\/semsa\/wp-content\/uploads\/sites\/8\/2024\/07\/thumb-default-2.png\" \/>\n\t<meta property=\"og:image:width\" content=\"966\" \/>\n\t<meta property=\"og:image:height\" content=\"520\" \/>\n\t<meta property=\"og:image:type\" content=\"image\/png\" \/>\n<meta name=\"twitter:card\" content=\"summary_large_image\" \/>\n<meta name=\"twitter:label1\" content=\"Est. reading time\" \/>\n\t<meta name=\"twitter:data1\" content=\"2 minutos\" \/>\n<script type=\"application\/ld+json\" class=\"yoast-schema-graph\">{\"@context\":\"https:\/\/schema.org\",\"@graph\":[{\"@type\":\"WebPage\",\"@id\":\"https:\/\/www.manaus.am.gov.br\/semsa\/vigilancia\/vigilancia-epidemiologica\/nucleo-de-investigacao-de-obitos\/\",\"url\":\"https:\/\/www.manaus.am.gov.br\/semsa\/vigilancia\/vigilancia-epidemiologica\/nucleo-de-investigacao-de-obitos\/\",\"name\":\"N\u00facleo de Investiga\u00e7\u00e3o de \u00f3bitos - SEMSA\",\"isPartOf\":{\"@id\":\"https:\/\/www.manaus.am.gov.br\/semsa\/#website\"},\"datePublished\":\"2025-11-24T15:20:27+00:00\",\"dateModified\":\"2025-11-24T15:26:41+00:00\",\"breadcrumb\":{\"@id\":\"https:\/\/www.manaus.am.gov.br\/semsa\/vigilancia\/vigilancia-epidemiologica\/nucleo-de-investigacao-de-obitos\/#breadcrumb\"},\"inLanguage\":\"pt-BR\",\"potentialAction\":[{\"@type\":\"ReadAction\",\"target\":[\"https:\/\/www.manaus.am.gov.br\/semsa\/vigilancia\/vigilancia-epidemiologica\/nucleo-de-investigacao-de-obitos\/\"]}]},{\"@type\":\"BreadcrumbList\",\"@id\":\"https:\/\/www.manaus.am.gov.br\/semsa\/vigilancia\/vigilancia-epidemiologica\/nucleo-de-investigacao-de-obitos\/#breadcrumb\",\"itemListElement\":[{\"@type\":\"ListItem\",\"position\":1,\"name\":\"Vigil\u00e2ncia\",\"item\":\"https:\/\/www.manaus.am.gov.br\/semsa\/vigilancia\/\"},{\"@type\":\"ListItem\",\"position\":2,\"name\":\"Epidemiol\u00f3gica\",\"item\":\"https:\/\/www.manaus.am.gov.br\/semsa\/vigilancia\/vigilancia-epidemiologica\/\"},{\"@type\":\"ListItem\",\"position\":3,\"name\":\"N\u00facleo de Investiga\u00e7\u00e3o de \u00f3bitos\"}]},{\"@type\":\"WebSite\",\"@id\":\"https:\/\/www.manaus.am.gov.br\/semsa\/#website\",\"url\":\"https:\/\/www.manaus.am.gov.br\/semsa\/\",\"name\":\"SEMSA\",\"description\":\"Secretaria Municipal de Sa\u00fade\",\"alternateName\":\"Secretaria Municipal de Sa\u00fade\",\"potentialAction\":[{\"@type\":\"SearchAction\",\"target\":{\"@type\":\"EntryPoint\",\"urlTemplate\":\"https:\/\/www.manaus.am.gov.br\/semsa\/?s={search_term_string}\"},\"query-input\":\"required name=search_term_string\"}],\"inLanguage\":\"pt-BR\"}]}<\/script>\n<!-- \/ Yoast SEO plugin. -->","yoast_head_json":{"title":"N\u00facleo de Investiga\u00e7\u00e3o de \u00f3bitos - SEMSA","robots":{"index":"index","follow":"follow","max-snippet":"max-snippet:-1","max-image-preview":"max-image-preview:large","max-video-preview":"max-video-preview:-1"},"canonical":"https:\/\/www.manaus.am.gov.br\/semsa\/vigilancia\/vigilancia-epidemiologica\/nucleo-de-investigacao-de-obitos\/","og_locale":"pt_BR","og_type":"article","og_title":"N\u00facleo de Investiga\u00e7\u00e3o de \u00f3bitos - SEMSA","og_url":"https:\/\/www.manaus.am.gov.br\/semsa\/vigilancia\/vigilancia-epidemiologica\/nucleo-de-investigacao-de-obitos\/","og_site_name":"SEMSA","article_modified_time":"2025-11-24T15:26:41+00:00","og_image":[{"width":966,"height":520,"url":"https:\/\/www.manaus.am.gov.br\/semsa\/wp-content\/uploads\/sites\/8\/2024\/07\/thumb-default-2.png","type":"image\/png"}],"twitter_card":"summary_large_image","twitter_misc":{"Est. reading time":"2 minutos"},"schema":{"@context":"https:\/\/schema.org","@graph":[{"@type":"WebPage","@id":"https:\/\/www.manaus.am.gov.br\/semsa\/vigilancia\/vigilancia-epidemiologica\/nucleo-de-investigacao-de-obitos\/","url":"https:\/\/www.manaus.am.gov.br\/semsa\/vigilancia\/vigilancia-epidemiologica\/nucleo-de-investigacao-de-obitos\/","name":"N\u00facleo de Investiga\u00e7\u00e3o de \u00f3bitos - SEMSA","isPartOf":{"@id":"https:\/\/www.manaus.am.gov.br\/semsa\/#website"},"datePublished":"2025-11-24T15:20:27+00:00","dateModified":"2025-11-24T15:26:41+00:00","breadcrumb":{"@id":"https:\/\/www.manaus.am.gov.br\/semsa\/vigilancia\/vigilancia-epidemiologica\/nucleo-de-investigacao-de-obitos\/#breadcrumb"},"inLanguage":"pt-BR","potentialAction":[{"@type":"ReadAction","target":["https:\/\/www.manaus.am.gov.br\/semsa\/vigilancia\/vigilancia-epidemiologica\/nucleo-de-investigacao-de-obitos\/"]}]},{"@type":"BreadcrumbList","@id":"https:\/\/www.manaus.am.gov.br\/semsa\/vigilancia\/vigilancia-epidemiologica\/nucleo-de-investigacao-de-obitos\/#breadcrumb","itemListElement":[{"@type":"ListItem","position":1,"name":"Vigil\u00e2ncia","item":"https:\/\/www.manaus.am.gov.br\/semsa\/vigilancia\/"},{"@type":"ListItem","position":2,"name":"Epidemiol\u00f3gica","item":"https:\/\/www.manaus.am.gov.br\/semsa\/vigilancia\/vigilancia-epidemiologica\/"},{"@type":"ListItem","position":3,"name":"N\u00facleo de Investiga\u00e7\u00e3o de \u00f3bitos"}]},{"@type":"WebSite","@id":"https:\/\/www.manaus.am.gov.br\/semsa\/#website","url":"https:\/\/www.manaus.am.gov.br\/semsa\/","name":"SEMSA","description":"Secretaria Municipal de Sa\u00fade","alternateName":"Secretaria Municipal de Sa\u00fade","potentialAction":[{"@type":"SearchAction","target":{"@type":"EntryPoint","urlTemplate":"https:\/\/www.manaus.am.gov.br\/semsa\/?s={search_term_string}"},"query-input":"required name=search_term_string"}],"inLanguage":"pt-BR"}]}},"_links":{"self":[{"href":"https:\/\/www.manaus.am.gov.br\/semsa\/wp-json\/wp\/v2\/pages\/226384"}],"collection":[{"href":"https:\/\/www.manaus.am.gov.br\/semsa\/wp-json\/wp\/v2\/pages"}],"about":[{"href":"https:\/\/www.manaus.am.gov.br\/semsa\/wp-json\/wp\/v2\/types\/page"}],"author":[{"embeddable":true,"href":"https:\/\/www.manaus.am.gov.br\/semsa\/wp-json\/wp\/v2\/users\/65"}],"replies":[{"embeddable":true,"href":"https:\/\/www.manaus.am.gov.br\/semsa\/wp-json\/wp\/v2\/comments?post=226384"}],"version-history":[{"count":5,"href":"https:\/\/www.manaus.am.gov.br\/semsa\/wp-json\/wp\/v2\/pages\/226384\/revisions"}],"predecessor-version":[{"id":226392,"href":"https:\/\/www.manaus.am.gov.br\/semsa\/wp-json\/wp\/v2\/pages\/226384\/revisions\/226392"}],"up":[{"embeddable":true,"href":"https:\/\/www.manaus.am.gov.br\/semsa\/wp-json\/wp\/v2\/pages\/209193"}],"wp:attachment":[{"href":"https:\/\/www.manaus.am.gov.br\/semsa\/wp-json\/wp\/v2\/media?parent=226384"}],"curies":[{"name":"wp","href":"https:\/\/api.w.org\/{rel}","templated":true}]}}