{"id":226216,"date":"2025-11-12T16:41:39","date_gmt":"2025-11-12T20:41:39","guid":{"rendered":"https:\/\/www.manaus.am.gov.br\/semsa\/?page_id=226216"},"modified":"2026-01-20T16:46:59","modified_gmt":"2026-01-20T20:46:59","slug":"comite-municipal-de-prevencao-do-obito-materno-infantil-e-fetal-cmpomif","status":"publish","type":"page","link":"https:\/\/www.manaus.am.gov.br\/semsa\/vigilancia\/vigilancia-epidemiologica\/comite-municipal-de-prevencao-do-obito-materno-infantil-e-fetal-cmpomif\/","title":{"rendered":"Comit\u00ea Municipal de Preven\u00e7\u00e3o do \u00d3bito Materno, Infantil e Fetal &#8211; CMPOMIF"},"content":{"rendered":"\n<p><strong>Objetivo<\/strong><br><br>O Comit\u00ea Municipal de Preven\u00e7\u00e3o do \u00d3bito Materno, Infantil e Fetal (CMPOMIF) de Manaus tem como finalidade atuar de forma interinstitucional e multiprofissional na an\u00e1lise dos \u00f3bitos maternos, infantis e fetais, identificando fatores de risco e determinantes sociais associados. A partir dessas an\u00e1lises, o Comit\u00ea elabora recomenda\u00e7\u00f5es t\u00e9cnicas e assessora a gest\u00e3o municipal na formula\u00e7\u00e3o, execu\u00e7\u00e3o e monitoramento de pol\u00edticas p\u00fablicas voltadas \u00e0 aten\u00e7\u00e3o integral \u00e0 sa\u00fade da mulher e da crian\u00e7a, contribuindo para a redu\u00e7\u00e3o desses \u00f3bitos e o aprimoramento da assist\u00eancia.<\/p>\n\n\n\n<p><strong>Natureza e atua\u00e7\u00e3o<\/strong><br><br>O CMPOMIF possui car\u00e1ter aut\u00f4nomo, t\u00e9cnico-consultivo, \u00e9tico, cient\u00edfico e<br>educativo, com atua\u00e7\u00e3o sigilosa, n\u00e3o coercitiva e n\u00e3o punitiva. Configura-se como<br>inst\u00e2ncia de apoio t\u00e9cnico e acompanhamento cont\u00ednuo das a\u00e7\u00f5es de vigil\u00e2ncia e<br>cuidado materno-infantil no munic\u00edpio.<\/p>\n\n\n\n<p><strong>Composi\u00e7\u00e3o<\/strong><br><br>O Comit\u00ea \u00e9 composto por 54 institui\u00e7\u00f5es, entre \u00f3rg\u00e3os p\u00fablicos e privados,<br>abrangendo:<\/p>\n\n\n\n<ul>\n<li>Secretaria Municipal e Estadual de Sa\u00fade;<\/li>\n\n\n\n<li>Funda\u00e7\u00e3o de Vigil\u00e2ncia em Sa\u00fade;<\/li>\n\n\n\n<li>Maternidades e Hospitais p\u00fablicos e privados;<\/li>\n\n\n\n<li>Assist\u00eancia Social e Cidadania;<\/li>\n\n\n\n<li>Conselhos de Direitos, Conselhos de Classe e Sociedades Cient\u00edficas;<\/li>\n\n\n\n<li>Entidades da ONU e da CNBB;<\/li>\n\n\n\n<li>Representa\u00e7\u00f5es da Sa\u00fade Ind\u00edgena, Ensino e Pesquisa;<\/li>\n\n\n\n<li>\u00d3rg\u00e3os de Controle Social e Sociedade Civil Organizada.<\/li>\n<\/ul>\n\n\n\n<p><\/p>\n\n\n\n<p><strong>Diretoria (Gest\u00e3o 2024\u20132026)<\/strong> Eleita em 07 de fevereiro de 2024, conforme Portaria n\u00ba 241\/2024-DAP\/SEMSA, publicada no DOM n\u00ba 5.796, de 02 de abril de 2024:<\/p>\n\n\n\n<ul>\n<li>Presidente: L\u00facia Marques de Freitas<\/li>\n\n\n\n<li>Vice-Presidente: Elena Marta Amaral dos Santos<\/li>\n\n\n\n<li>Primeira Secret\u00e1ria: Neide Maria Negreiros Costa<\/li>\n\n\n\n<li>Segunda Secret\u00e1ria: Gerda Coelho Costa<\/li>\n<\/ul>\n\n\n\n<p><\/p>\n\n\n\n<p><strong>A\u00e7\u00f5es<\/strong><\/p>\n\n\n\n<ul>\n<li>Boletim Epidemiol\u00f3gico anual;<\/li>\n\n\n\n<li>Calend\u00e1rio de reuni\u00f5es e atividades;<\/li>\n\n\n\n<li>Estrutura\u00e7\u00e3o de Comiss\u00f5es e Subcomiss\u00f5es T\u00e9cnicas;<\/li>\n\n\n\n<li>Eventos cient\u00edficos e acad\u00eamicos;<\/li>\n\n\n\n<li>Informativos t\u00e9cnicos e cient\u00edficos;<\/li>\n\n\n\n<li>Legisla\u00e7\u00e3o, regimento interno e relat\u00f3rios;<\/li>\n\n\n\n<li>Recomenda\u00e7\u00f5es.<\/li>\n<\/ul>\n\n\n\n<p><\/p>\n\n\n\n<p><strong>Contato<\/strong>: <a href=\"mailto:cmpomif.semsa@gmail.com\" target=\"_blank\" rel=\"noreferrer noopener\">cmpomif.semsa@gmail.com<\/a><\/p>\n\n\n\n<p><\/p>\n\n\n\n<p><a href=\"https:\/\/www.manaus.am.gov.br\/semsa\/wp-content\/uploads\/sites\/8\/2025\/10\/2.-RELATORIO-ANUAL_FINAL-30-de-setembro-CMPOMIF-2024.pdf\">Relat\u00f3rio Anual de A\u00e7\u00f5es &#8211; CMPOMIF 2024<\/a><\/p>\n\n\n\n<p><\/p>\n\n\n\n<p><a href=\"https:\/\/www.manaus.am.gov.br\/semsa\/wp-content\/uploads\/sites\/8\/2025\/12\/DOM-5796-02.04.2024_Nova-Diretoria-2024-2026-CMPOMIF.pdf\">Portaria &#8211; DOM 5796<\/a><\/p>\n\n\n\n<p><\/p>\n\n\n\n<p><a href=\"https:\/\/www.manaus.am.gov.br\/semsa\/wp-content\/uploads\/sites\/8\/2025\/12\/DOM-REGIMENTO_-REGIMENTO-INTERNO-CMPOMIF-2022.pdf\">Regimento Interno &#8211; DOM 5487<\/a><\/p>\n","protected":false},"excerpt":{"rendered":"","protected":false},"author":65,"featured_media":0,"parent":209193,"menu_order":0,"comment_status":"closed","ping_status":"closed","template":"templates\/turismo.php","meta":{"footnotes":""},"acf":[],"yoast_head":"<!-- This site is optimized with the Yoast SEO plugin v23.0 - https:\/\/yoast.com\/wordpress\/plugins\/seo\/ -->\n<title>Comit\u00ea Municipal de Preven\u00e7\u00e3o do \u00d3bito Materno, Infantil e Fetal - CMPOMIF - SEMSA<\/title>\n<meta name=\"robots\" content=\"index, follow, max-snippet:-1, max-image-preview:large, max-video-preview:-1\" \/>\n<link rel=\"canonical\" href=\"https:\/\/www.manaus.am.gov.br\/semsa\/vigilancia\/vigilancia-epidemiologica\/comite-municipal-de-prevencao-do-obito-materno-infantil-e-fetal-cmpomif\/\" \/>\n<meta property=\"og:locale\" content=\"pt_BR\" \/>\n<meta property=\"og:type\" content=\"article\" \/>\n<meta property=\"og:title\" content=\"Comit\u00ea Municipal de Preven\u00e7\u00e3o do \u00d3bito Materno, Infantil e Fetal - CMPOMIF - SEMSA\" \/>\n<meta property=\"og:url\" content=\"https:\/\/www.manaus.am.gov.br\/semsa\/vigilancia\/vigilancia-epidemiologica\/comite-municipal-de-prevencao-do-obito-materno-infantil-e-fetal-cmpomif\/\" \/>\n<meta property=\"og:site_name\" content=\"SEMSA\" \/>\n<meta property=\"article:modified_time\" content=\"2026-01-20T20:46:59+00:00\" \/>\n<meta property=\"og:image\" content=\"https:\/\/www.manaus.am.gov.br\/semsa\/wp-content\/uploads\/sites\/8\/2024\/07\/thumb-default-2.png\" \/>\n\t<meta property=\"og:image:width\" content=\"966\" \/>\n\t<meta property=\"og:image:height\" content=\"520\" \/>\n\t<meta property=\"og:image:type\" content=\"image\/png\" \/>\n<meta name=\"twitter:card\" content=\"summary_large_image\" \/>\n<meta name=\"twitter:label1\" content=\"Est. reading time\" \/>\n\t<meta name=\"twitter:data1\" content=\"2 minutos\" \/>\n<script type=\"application\/ld+json\" class=\"yoast-schema-graph\">{\"@context\":\"https:\/\/schema.org\",\"@graph\":[{\"@type\":\"WebPage\",\"@id\":\"https:\/\/www.manaus.am.gov.br\/semsa\/vigilancia\/vigilancia-epidemiologica\/comite-municipal-de-prevencao-do-obito-materno-infantil-e-fetal-cmpomif\/\",\"url\":\"https:\/\/www.manaus.am.gov.br\/semsa\/vigilancia\/vigilancia-epidemiologica\/comite-municipal-de-prevencao-do-obito-materno-infantil-e-fetal-cmpomif\/\",\"name\":\"Comit\u00ea Municipal de Preven\u00e7\u00e3o do \u00d3bito Materno, Infantil e Fetal - CMPOMIF - SEMSA\",\"isPartOf\":{\"@id\":\"https:\/\/www.manaus.am.gov.br\/semsa\/#website\"},\"datePublished\":\"2025-11-12T20:41:39+00:00\",\"dateModified\":\"2026-01-20T20:46:59+00:00\",\"breadcrumb\":{\"@id\":\"https:\/\/www.manaus.am.gov.br\/semsa\/vigilancia\/vigilancia-epidemiologica\/comite-municipal-de-prevencao-do-obito-materno-infantil-e-fetal-cmpomif\/#breadcrumb\"},\"inLanguage\":\"pt-BR\",\"potentialAction\":[{\"@type\":\"ReadAction\",\"target\":[\"https:\/\/www.manaus.am.gov.br\/semsa\/vigilancia\/vigilancia-epidemiologica\/comite-municipal-de-prevencao-do-obito-materno-infantil-e-fetal-cmpomif\/\"]}]},{\"@type\":\"BreadcrumbList\",\"@id\":\"https:\/\/www.manaus.am.gov.br\/semsa\/vigilancia\/vigilancia-epidemiologica\/comite-municipal-de-prevencao-do-obito-materno-infantil-e-fetal-cmpomif\/#breadcrumb\",\"itemListElement\":[{\"@type\":\"ListItem\",\"position\":1,\"name\":\"Vigil\u00e2ncia\",\"item\":\"https:\/\/www.manaus.am.gov.br\/semsa\/vigilancia\/\"},{\"@type\":\"ListItem\",\"position\":2,\"name\":\"Epidemiol\u00f3gica\",\"item\":\"https:\/\/www.manaus.am.gov.br\/semsa\/vigilancia\/vigilancia-epidemiologica\/\"},{\"@type\":\"ListItem\",\"position\":3,\"name\":\"Comit\u00ea Municipal de Preven\u00e7\u00e3o do \u00d3bito Materno, Infantil e Fetal &#8211; CMPOMIF\"}]},{\"@type\":\"WebSite\",\"@id\":\"https:\/\/www.manaus.am.gov.br\/semsa\/#website\",\"url\":\"https:\/\/www.manaus.am.gov.br\/semsa\/\",\"name\":\"SEMSA\",\"description\":\"Secretaria Municipal de Sa\u00fade\",\"alternateName\":\"Secretaria Municipal de Sa\u00fade\",\"potentialAction\":[{\"@type\":\"SearchAction\",\"target\":{\"@type\":\"EntryPoint\",\"urlTemplate\":\"https:\/\/www.manaus.am.gov.br\/semsa\/?s={search_term_string}\"},\"query-input\":\"required name=search_term_string\"}],\"inLanguage\":\"pt-BR\"}]}<\/script>\n<!-- \/ Yoast SEO plugin. -->","yoast_head_json":{"title":"Comit\u00ea Municipal de Preven\u00e7\u00e3o do \u00d3bito Materno, Infantil e Fetal - CMPOMIF - SEMSA","robots":{"index":"index","follow":"follow","max-snippet":"max-snippet:-1","max-image-preview":"max-image-preview:large","max-video-preview":"max-video-preview:-1"},"canonical":"https:\/\/www.manaus.am.gov.br\/semsa\/vigilancia\/vigilancia-epidemiologica\/comite-municipal-de-prevencao-do-obito-materno-infantil-e-fetal-cmpomif\/","og_locale":"pt_BR","og_type":"article","og_title":"Comit\u00ea Municipal de Preven\u00e7\u00e3o do \u00d3bito Materno, Infantil e Fetal - CMPOMIF - SEMSA","og_url":"https:\/\/www.manaus.am.gov.br\/semsa\/vigilancia\/vigilancia-epidemiologica\/comite-municipal-de-prevencao-do-obito-materno-infantil-e-fetal-cmpomif\/","og_site_name":"SEMSA","article_modified_time":"2026-01-20T20:46:59+00:00","og_image":[{"width":966,"height":520,"url":"https:\/\/www.manaus.am.gov.br\/semsa\/wp-content\/uploads\/sites\/8\/2024\/07\/thumb-default-2.png","type":"image\/png"}],"twitter_card":"summary_large_image","twitter_misc":{"Est. reading time":"2 minutos"},"schema":{"@context":"https:\/\/schema.org","@graph":[{"@type":"WebPage","@id":"https:\/\/www.manaus.am.gov.br\/semsa\/vigilancia\/vigilancia-epidemiologica\/comite-municipal-de-prevencao-do-obito-materno-infantil-e-fetal-cmpomif\/","url":"https:\/\/www.manaus.am.gov.br\/semsa\/vigilancia\/vigilancia-epidemiologica\/comite-municipal-de-prevencao-do-obito-materno-infantil-e-fetal-cmpomif\/","name":"Comit\u00ea Municipal de Preven\u00e7\u00e3o do \u00d3bito Materno, Infantil e Fetal - CMPOMIF - SEMSA","isPartOf":{"@id":"https:\/\/www.manaus.am.gov.br\/semsa\/#website"},"datePublished":"2025-11-12T20:41:39+00:00","dateModified":"2026-01-20T20:46:59+00:00","breadcrumb":{"@id":"https:\/\/www.manaus.am.gov.br\/semsa\/vigilancia\/vigilancia-epidemiologica\/comite-municipal-de-prevencao-do-obito-materno-infantil-e-fetal-cmpomif\/#breadcrumb"},"inLanguage":"pt-BR","potentialAction":[{"@type":"ReadAction","target":["https:\/\/www.manaus.am.gov.br\/semsa\/vigilancia\/vigilancia-epidemiologica\/comite-municipal-de-prevencao-do-obito-materno-infantil-e-fetal-cmpomif\/"]}]},{"@type":"BreadcrumbList","@id":"https:\/\/www.manaus.am.gov.br\/semsa\/vigilancia\/vigilancia-epidemiologica\/comite-municipal-de-prevencao-do-obito-materno-infantil-e-fetal-cmpomif\/#breadcrumb","itemListElement":[{"@type":"ListItem","position":1,"name":"Vigil\u00e2ncia","item":"https:\/\/www.manaus.am.gov.br\/semsa\/vigilancia\/"},{"@type":"ListItem","position":2,"name":"Epidemiol\u00f3gica","item":"https:\/\/www.manaus.am.gov.br\/semsa\/vigilancia\/vigilancia-epidemiologica\/"},{"@type":"ListItem","position":3,"name":"Comit\u00ea Municipal de Preven\u00e7\u00e3o do \u00d3bito Materno, Infantil e Fetal &#8211; CMPOMIF"}]},{"@type":"WebSite","@id":"https:\/\/www.manaus.am.gov.br\/semsa\/#website","url":"https:\/\/www.manaus.am.gov.br\/semsa\/","name":"SEMSA","description":"Secretaria Municipal de Sa\u00fade","alternateName":"Secretaria Municipal de Sa\u00fade","potentialAction":[{"@type":"SearchAction","target":{"@type":"EntryPoint","urlTemplate":"https:\/\/www.manaus.am.gov.br\/semsa\/?s={search_term_string}"},"query-input":"required name=search_term_string"}],"inLanguage":"pt-BR"}]}},"_links":{"self":[{"href":"https:\/\/www.manaus.am.gov.br\/semsa\/wp-json\/wp\/v2\/pages\/226216"}],"collection":[{"href":"https:\/\/www.manaus.am.gov.br\/semsa\/wp-json\/wp\/v2\/pages"}],"about":[{"href":"https:\/\/www.manaus.am.gov.br\/semsa\/wp-json\/wp\/v2\/types\/page"}],"author":[{"embeddable":true,"href":"https:\/\/www.manaus.am.gov.br\/semsa\/wp-json\/wp\/v2\/users\/65"}],"replies":[{"embeddable":true,"href":"https:\/\/www.manaus.am.gov.br\/semsa\/wp-json\/wp\/v2\/comments?post=226216"}],"version-history":[{"count":14,"href":"https:\/\/www.manaus.am.gov.br\/semsa\/wp-json\/wp\/v2\/pages\/226216\/revisions"}],"predecessor-version":[{"id":227186,"href":"https:\/\/www.manaus.am.gov.br\/semsa\/wp-json\/wp\/v2\/pages\/226216\/revisions\/227186"}],"up":[{"embeddable":true,"href":"https:\/\/www.manaus.am.gov.br\/semsa\/wp-json\/wp\/v2\/pages\/209193"}],"wp:attachment":[{"href":"https:\/\/www.manaus.am.gov.br\/semsa\/wp-json\/wp\/v2\/media?parent=226216"}],"curies":[{"name":"wp","href":"https:\/\/api.w.org\/{rel}","templated":true}]}}