{"id":224976,"date":"2025-08-21T10:36:24","date_gmt":"2025-08-21T14:36:24","guid":{"rendered":"https:\/\/www.manaus.am.gov.br\/semsa\/?page_id=224976"},"modified":"2025-08-21T10:36:24","modified_gmt":"2025-08-21T14:36:24","slug":"orientacoes-gerais-desativacao-e-manutencao-do-cnes","status":"publish","type":"page","link":"https:\/\/www.manaus.am.gov.br\/semsa\/orientacoes-gerais-desativacao-e-manutencao-do-cnes\/","title":{"rendered":"Orienta\u00e7\u00f5es Gerais \u2013 Desativa\u00e7\u00e3o e Manuten\u00e7\u00e3o do CNES"},"content":{"rendered":"\n<p><strong>MANUTEN\u00c7\u00c3O DO CNES<\/strong><\/p>\n\n\n\n<ul>\n<li>A atualiza\u00e7\u00e3o das informa\u00e7\u00f5es cadastrais \u00e9 de responsabilidade do Respons\u00e1vel T\u00e9cnico pelo estabelecimento.<\/li>\n\n\n\n<li>A falta de atualiza\u00e7\u00e3o das informa\u00e7\u00f5es por um per\u00edodo superior a <strong>6 (seis) meses<\/strong> acarretar\u00e1 na <strong>desativa\u00e7\u00e3o autom\u00e1tica<\/strong> do cadastro na base nacional do CNES.<\/li>\n\n\n\n<li>\u00c9 obriga\u00e7\u00e3o do estabelecimento enviar \u00e0 SEMSA, por e-mail, as seguintes informa\u00e7\u00f5es, sob pena de desativa\u00e7\u00e3o do CNES:\n<ul>\n<li>As renova\u00e7\u00f5es da licen\u00e7a sanit\u00e1ria.<\/li>\n\n\n\n<li>A inclus\u00e3o e\/ou exclus\u00e3o de profissionais do corpo cl\u00ednico.<\/li>\n\n\n\n<li>Mudan\u00e7as na instala\u00e7\u00e3o f\u00edsica do estabelecimento.<\/li>\n\n\n\n<li>Mudan\u00e7a de endere\u00e7o ou amplia\u00e7\u00e3o de servi\u00e7os\/especialidades atendidas.<\/li>\n\n\n\n<li>Outras atualiza\u00e7\u00f5es que julgar necess\u00e1rias.<\/li>\n<\/ul>\n<\/li>\n<\/ul>\n\n\n\n<p><strong>REATIVA\u00c7\u00c3O DO CNES<\/strong><\/p>\n\n\n\n<ul>\n<li>Caso o cadastro seja desativado, a reativa\u00e7\u00e3o s\u00f3 poder\u00e1 ser solicitada mediante a apresenta\u00e7\u00e3o dos seguintes documentos:\n<ul>\n<li>Licen\u00e7a Sanit\u00e1ria vigente.<\/li>\n\n\n\n<li>Fichas 20 e 21 devidamente atualizadas.<\/li>\n<\/ul>\n<\/li>\n<\/ul>\n\n\n\n<p><strong>Nota: <\/strong>Para manter seu cadastro regularizado, mantenha a documenta\u00e7\u00e3o em dia e comunique qualquer altera\u00e7\u00e3o \u00e0 equipe respons\u00e1vel pelo CNES da SEMSA Manaus.<\/p>\n","protected":false},"excerpt":{"rendered":"","protected":false},"author":65,"featured_media":0,"parent":0,"menu_order":0,"comment_status":"closed","ping_status":"closed","template":"","meta":{"footnotes":""},"acf":[],"yoast_head":"<!-- This site is optimized with the Yoast SEO plugin v23.0 - https:\/\/yoast.com\/wordpress\/plugins\/seo\/ -->\n<title>Orienta\u00e7\u00f5es Gerais \u2013 Desativa\u00e7\u00e3o e Manuten\u00e7\u00e3o do CNES - SEMSA<\/title>\n<meta name=\"robots\" content=\"index, follow, max-snippet:-1, max-image-preview:large, max-video-preview:-1\" \/>\n<link rel=\"canonical\" href=\"https:\/\/www.manaus.am.gov.br\/semsa\/orientacoes-gerais-desativacao-e-manutencao-do-cnes\/\" \/>\n<meta property=\"og:locale\" content=\"pt_BR\" \/>\n<meta property=\"og:type\" content=\"article\" \/>\n<meta property=\"og:title\" content=\"Orienta\u00e7\u00f5es Gerais \u2013 Desativa\u00e7\u00e3o e Manuten\u00e7\u00e3o do CNES - SEMSA\" \/>\n<meta property=\"og:url\" content=\"https:\/\/www.manaus.am.gov.br\/semsa\/orientacoes-gerais-desativacao-e-manutencao-do-cnes\/\" \/>\n<meta property=\"og:site_name\" content=\"SEMSA\" \/>\n<meta property=\"og:image\" content=\"https:\/\/www.manaus.am.gov.br\/semsa\/wp-content\/uploads\/sites\/8\/2024\/07\/thumb-default-2.png\" \/>\n\t<meta property=\"og:image:width\" content=\"966\" \/>\n\t<meta property=\"og:image:height\" content=\"520\" \/>\n\t<meta property=\"og:image:type\" content=\"image\/png\" \/>\n<meta name=\"twitter:card\" content=\"summary_large_image\" \/>\n<meta name=\"twitter:label1\" content=\"Est. reading time\" \/>\n\t<meta name=\"twitter:data1\" content=\"1 minuto\" \/>\n<script type=\"application\/ld+json\" class=\"yoast-schema-graph\">{\"@context\":\"https:\/\/schema.org\",\"@graph\":[{\"@type\":\"WebPage\",\"@id\":\"https:\/\/www.manaus.am.gov.br\/semsa\/orientacoes-gerais-desativacao-e-manutencao-do-cnes\/\",\"url\":\"https:\/\/www.manaus.am.gov.br\/semsa\/orientacoes-gerais-desativacao-e-manutencao-do-cnes\/\",\"name\":\"Orienta\u00e7\u00f5es Gerais \u2013 Desativa\u00e7\u00e3o e Manuten\u00e7\u00e3o do CNES - SEMSA\",\"isPartOf\":{\"@id\":\"https:\/\/www.manaus.am.gov.br\/semsa\/#website\"},\"datePublished\":\"2025-08-21T14:36:24+00:00\",\"dateModified\":\"2025-08-21T14:36:24+00:00\",\"inLanguage\":\"pt-BR\",\"potentialAction\":[{\"@type\":\"ReadAction\",\"target\":[\"https:\/\/www.manaus.am.gov.br\/semsa\/orientacoes-gerais-desativacao-e-manutencao-do-cnes\/\"]}]},{\"@type\":\"WebSite\",\"@id\":\"https:\/\/www.manaus.am.gov.br\/semsa\/#website\",\"url\":\"https:\/\/www.manaus.am.gov.br\/semsa\/\",\"name\":\"SEMSA\",\"description\":\"Secretaria Municipal de Sa\u00fade\",\"alternateName\":\"Secretaria Municipal de Sa\u00fade\",\"potentialAction\":[{\"@type\":\"SearchAction\",\"target\":{\"@type\":\"EntryPoint\",\"urlTemplate\":\"https:\/\/www.manaus.am.gov.br\/semsa\/?s={search_term_string}\"},\"query-input\":\"required name=search_term_string\"}],\"inLanguage\":\"pt-BR\"}]}<\/script>\n<!-- \/ Yoast SEO plugin. -->","yoast_head_json":{"title":"Orienta\u00e7\u00f5es Gerais \u2013 Desativa\u00e7\u00e3o e Manuten\u00e7\u00e3o do CNES - SEMSA","robots":{"index":"index","follow":"follow","max-snippet":"max-snippet:-1","max-image-preview":"max-image-preview:large","max-video-preview":"max-video-preview:-1"},"canonical":"https:\/\/www.manaus.am.gov.br\/semsa\/orientacoes-gerais-desativacao-e-manutencao-do-cnes\/","og_locale":"pt_BR","og_type":"article","og_title":"Orienta\u00e7\u00f5es Gerais \u2013 Desativa\u00e7\u00e3o e Manuten\u00e7\u00e3o do CNES - SEMSA","og_url":"https:\/\/www.manaus.am.gov.br\/semsa\/orientacoes-gerais-desativacao-e-manutencao-do-cnes\/","og_site_name":"SEMSA","og_image":[{"width":966,"height":520,"url":"https:\/\/www.manaus.am.gov.br\/semsa\/wp-content\/uploads\/sites\/8\/2024\/07\/thumb-default-2.png","type":"image\/png"}],"twitter_card":"summary_large_image","twitter_misc":{"Est. reading time":"1 minuto"},"schema":{"@context":"https:\/\/schema.org","@graph":[{"@type":"WebPage","@id":"https:\/\/www.manaus.am.gov.br\/semsa\/orientacoes-gerais-desativacao-e-manutencao-do-cnes\/","url":"https:\/\/www.manaus.am.gov.br\/semsa\/orientacoes-gerais-desativacao-e-manutencao-do-cnes\/","name":"Orienta\u00e7\u00f5es Gerais \u2013 Desativa\u00e7\u00e3o e Manuten\u00e7\u00e3o do CNES - SEMSA","isPartOf":{"@id":"https:\/\/www.manaus.am.gov.br\/semsa\/#website"},"datePublished":"2025-08-21T14:36:24+00:00","dateModified":"2025-08-21T14:36:24+00:00","inLanguage":"pt-BR","potentialAction":[{"@type":"ReadAction","target":["https:\/\/www.manaus.am.gov.br\/semsa\/orientacoes-gerais-desativacao-e-manutencao-do-cnes\/"]}]},{"@type":"WebSite","@id":"https:\/\/www.manaus.am.gov.br\/semsa\/#website","url":"https:\/\/www.manaus.am.gov.br\/semsa\/","name":"SEMSA","description":"Secretaria Municipal de Sa\u00fade","alternateName":"Secretaria Municipal de Sa\u00fade","potentialAction":[{"@type":"SearchAction","target":{"@type":"EntryPoint","urlTemplate":"https:\/\/www.manaus.am.gov.br\/semsa\/?s={search_term_string}"},"query-input":"required name=search_term_string"}],"inLanguage":"pt-BR"}]}},"_links":{"self":[{"href":"https:\/\/www.manaus.am.gov.br\/semsa\/wp-json\/wp\/v2\/pages\/224976"}],"collection":[{"href":"https:\/\/www.manaus.am.gov.br\/semsa\/wp-json\/wp\/v2\/pages"}],"about":[{"href":"https:\/\/www.manaus.am.gov.br\/semsa\/wp-json\/wp\/v2\/types\/page"}],"author":[{"embeddable":true,"href":"https:\/\/www.manaus.am.gov.br\/semsa\/wp-json\/wp\/v2\/users\/65"}],"replies":[{"embeddable":true,"href":"https:\/\/www.manaus.am.gov.br\/semsa\/wp-json\/wp\/v2\/comments?post=224976"}],"version-history":[{"count":1,"href":"https:\/\/www.manaus.am.gov.br\/semsa\/wp-json\/wp\/v2\/pages\/224976\/revisions"}],"predecessor-version":[{"id":224979,"href":"https:\/\/www.manaus.am.gov.br\/semsa\/wp-json\/wp\/v2\/pages\/224976\/revisions\/224979"}],"wp:attachment":[{"href":"https:\/\/www.manaus.am.gov.br\/semsa\/wp-json\/wp\/v2\/media?parent=224976"}],"curies":[{"name":"wp","href":"https:\/\/api.w.org\/{rel}","templated":true}]}}