{"id":224961,"date":"2025-08-21T10:19:31","date_gmt":"2025-08-21T14:19:31","guid":{"rendered":"https:\/\/www.manaus.am.gov.br\/semsa\/?page_id=224961"},"modified":"2025-08-21T11:19:18","modified_gmt":"2025-08-21T15:19:18","slug":"cadastro-de-estabelecimento-do-tipo-consultorio-isolado","status":"publish","type":"page","link":"https:\/\/www.manaus.am.gov.br\/semsa\/cnes\/cadastro-de-estabelecimento-do-tipo-consultorio-isolado\/","title":{"rendered":"Cadastro de Estabelecimento do Tipo Consult\u00f3rio Isolado"},"content":{"rendered":"\n<p><strong>O que \u00e9 um Consult\u00f3rio Isolado?<\/strong><br><br>\u00c9 definido como uma sala isolada destinada \u00e0 presta\u00e7\u00e3o de servi\u00e7os de assist\u00eancia m\u00e9dica, odontol\u00f3gica ou de outros profissionais de sa\u00fade de n\u00edvel superior.<br><br>Observa\u00e7\u00e3o: Estabelecimentos voltados \u00e0 sa\u00fade animal, est\u00e9tica ou beleza n\u00e3o se enquadram nesta categoria.<\/p>\n\n\n\n<p><strong>Quais os estabelecimentos que se enquadram nessa categoria?<\/strong><br><strong><br><\/strong>Consult\u00f3rios que funcionam de forma independente, mesmo que localizados em um mesmo andar<br>ou pr\u00e9dio.<br><br>Consult\u00f3rios com atua\u00e7\u00e3o individualizada sob CPF ou CNPJ sem v\u00ednculo funcional ou operacional<br>com outros profissionais no mesmo espa\u00e7o.<br><br><strong>De quem \u00e9 a responsabilidade pelo cadastro de estabelecimentos do tipo Consult\u00f3rio Isolado?<\/strong><br><br>A responsabilidade \u00e9 da Secretaria Municipal de Sa\u00fade (SEMSA) de Manaus.<\/p>\n\n\n\n<p><strong>DOCUMENTA\u00c7\u00c3O EXIGIDA PARA CADASTRO<br><br>I. Consult\u00f3rio Isolado &#8211; Pessoa F\u00edsica<\/strong><\/p>\n\n\n\n<ul>\n<li><a href=\"https:\/\/www.manaus.am.gov.br\/semsa\/wp-content\/uploads\/sites\/8\/2024\/05\/REQUERIMENTO-CNES-1.pdf\">Requerimento solicitando o cadastro do estabelecimento de sa\u00fade no CNES <\/a><\/li>\n\n\n\n<li>C\u00f3pia do Cart\u00e3o do Cadastro de Pessoa F\u00edsica (CPF)<\/li>\n\n\n\n<li>C\u00f3pia da Carteira do Conselho de Classe (com data de validade vigente) dos profissionais de sa\u00fade e do respons\u00e1vel t\u00e9cnico.<\/li>\n\n\n\n<li>C\u00f3pia de Diploma ou Certificado de Especializa\u00e7\u00e3o dos profissionais de sa\u00fade (se for o caso)<\/li>\n\n\n\n<li>C\u00f3pia do endere\u00e7o do estabelecimento (IPTU, ISS, conta de \u00e1gua, energia ou telefonia).<\/li>\n\n\n\n<li>Fichas de cadastro do CNES de estabelecimento (n\u00ba 01, 02, 04, 06, 07, 08, 13, 14, 15, 16 e 17) preenchidas e assinadas pelo respons\u00e1vel t\u00e9cnico.  <a href=\"https:\/\/www.manaus.am.gov.br\/semsa\/wp-content\/uploads\/sites\/8\/2023\/01\/FICHAS-DE-ESTABELECIMENTO.pdf\">Fichas de Estabelecimento<\/a> <\/li>\n\n\n\n<li>Geolocaliza\u00e7\u00e3o (latitude e longitude) do estabelecimento<\/li>\n\n\n\n<li>Fichas de cadastro do CNES de profissionais (n\u00ba 20 e 21), preenchidas e assinadas pelo respons\u00e1vel t\u00e9cnico e pelo profissional. <a href=\"https:\/\/www.manaus.am.gov.br\/semsa\/wp-content\/uploads\/sites\/8\/2023\/01\/FICHAS-DE-PROFISSIONAL.pdf\">Fichas de profissional<\/a> <\/li>\n\n\n\n<li>C\u00f3pia da Licen\u00e7a Sanit\u00e1ria vigente<\/li>\n<\/ul>\n\n\n\n<p><strong>Observa\u00e7\u00e3o: <\/strong>caso ainda n\u00e3o tenha a licen\u00e7a sanit\u00e1ria, acesse o site da <a href=\"https:\/\/slim.manaus.am.gov.br\/\">VISA-MANAUS<\/a><\/p>\n\n\n\n<p><strong>II. Consult\u00f3rio Isolado &#8211; Pessoa Jur\u00eddica:<\/strong><\/p>\n\n\n\n<ul>\n<li><a href=\"https:\/\/www.manaus.am.gov.br\/semsa\/wp-content\/uploads\/sites\/8\/2024\/05\/REQUERIMENTO-CNES-1.pdf\">Requerimento solicitando o cadastro do estabelecimento de sa\u00fade no CNES<\/a><\/li>\n\n\n\n<li>C\u00f3pia do Cart\u00e3o do Cadastro de Pessoa Jur\u00eddica &#8211; CNPJ.<\/li>\n\n\n\n<li>C\u00f3pia da Carteira do Conselho de Classe (com data de validade vigente) dos profissionais de sa\u00fade e do respons\u00e1vel t\u00e9cnico.<\/li>\n\n\n\n<li>C\u00f3pia de Diploma ou Certificado de Especializa\u00e7\u00e3o dos profissionais de sa\u00fade (se for o caso).<\/li>\n\n\n\n<li>Comprovante do endere\u00e7o do estabelecimento (IPTU, ISS, conta de \u00e1gua, energia ou telefonia).<\/li>\n\n\n\n<li>Fichas de cadastro do CNES de estabelecimento (n\u00ba 01, 02, 04, 06, 07, 08, 13, 14, 15, 16 e 17) preenchidas e assinadas pelo respons\u00e1vel t\u00e9cnico. Fichas de Estabelecimento<\/li>\n\n\n\n<li>Geolocaliza\u00e7\u00e3o (latitude e longitude) do estabelecimento<\/li>\n\n\n\n<li>Fichas de cadastro do CNES de profissionais (n\u00ba 20 e 21), preenchidas e assinadas pelo respons\u00e1vel t\u00e9cnico e pelo profissional.  <a href=\"https:\/\/www.manaus.am.gov.br\/semsa\/wp-content\/uploads\/sites\/8\/2023\/01\/FICHAS-DE-PROFISSIONAL.pdf\">Fichas de profissional<\/a><\/li>\n\n\n\n<li>C\u00f3pia da Licen\u00e7a Sanit\u00e1ria vigente.<\/li>\n<\/ul>\n\n\n\n<p><strong>Observa\u00e7\u00e3o: <\/strong>caso ainda n\u00e3o tenha a licen\u00e7a sanit\u00e1ria, acesse o site da <a href=\"https:\/\/slim.manaus.am.gov.br\/\">VISA-MANAUS<\/a><\/p>\n\n\n\n<p><strong>Observa\u00e7\u00e3o:<\/strong> Todas as fichas devem ser assinadas, datadas e carimbadas pelo Diretor ou respons\u00e1vel t\u00e9cnico pelo estabelecimento.<\/p>\n\n\n\n<p><a href=\"https:\/\/www.manaus.am.gov.br\/semsa\/wp-content\/uploads\/sites\/8\/2023\/01\/INSTRUCOES-DE-PREENCHIMENTO.pdf\">Instru\u00e7\u00f5es de Preenchimento das Fichas de Estabelecimento e Profissionais<\/a><\/p>\n\n\n\n<p><\/p>\n\n\n\n<p><strong>PASSO A PASSO PARA O CADASTRO NO CNES DE CONSULT\u00d3RIO ISOLADO<\/strong><\/p>\n\n\n\n<ul>\n<li><strong>Preenchimento e Envio:<\/strong> Preencha o requerimento e anexe toda a documenta\u00e7\u00e3o exigida. Envie o requerimento e os documentos digitalizados para o e-mail <strong>cnes.semsa@gmail.com<\/strong> para an\u00e1lise.   <\/li>\n<\/ul>\n\n\n\n<p><strong>Observa\u00e7\u00e3o:<\/strong> O atendimento \u00e9 realizado <strong>somente por e-mail<\/strong>.<\/p>\n\n\n\n<ul>\n<li><strong>An\u00e1lise da Documenta\u00e7\u00e3o:<\/strong> Aguarde o retorno por e-mail com o resultado da an\u00e1lise.<\/li>\n\n\n\n<li><strong>Visita T\u00e9cnica:<\/strong> A visita t\u00e9cnica da Auditoria Municipal do Sistema \u00danico de Sa\u00fade (AUDSUS) para confirma\u00e7\u00e3o das informa\u00e7\u00f5es cadastrais ocorrer\u00e1 durante o hor\u00e1rio de funcionamento informado na Ficha do CNES n\u00ba 02.<\/li>\n<\/ul>\n\n\n\n<p><strong>Aten\u00e7\u00e3o!<\/strong> A AUDSUS n\u00e3o informa previamente o dia da visita t\u00e9cnica.<\/p>\n\n\n\n<ul>\n<li><strong>Conclus\u00e3o e Monitoramento:<\/strong> Ap\u00f3s a conclus\u00e3o do processo, o Protocolo de Gera\u00e7\u00e3o de N\u00famero CNES ser\u00e1 enviado ao e-mail do respons\u00e1vel. \u00c9 poss\u00edvel monitorar o processamento do cadastro junto ao Minist\u00e9rio da Sa\u00fade pelo site do <a href=\"\">CNES<\/a><\/li>\n<\/ul>\n","protected":false},"excerpt":{"rendered":"","protected":false},"author":65,"featured_media":0,"parent":208193,"menu_order":0,"comment_status":"closed","ping_status":"closed","template":"","meta":{"footnotes":""},"acf":[],"yoast_head":"<!-- This site is optimized with the Yoast SEO plugin v23.0 - https:\/\/yoast.com\/wordpress\/plugins\/seo\/ -->\n<title>Cadastro de Estabelecimento do Tipo Consult\u00f3rio Isolado - SEMSA<\/title>\n<meta name=\"robots\" content=\"index, follow, max-snippet:-1, max-image-preview:large, max-video-preview:-1\" \/>\n<link rel=\"canonical\" href=\"https:\/\/www.manaus.am.gov.br\/semsa\/cnes\/cadastro-de-estabelecimento-do-tipo-consultorio-isolado\/\" \/>\n<meta property=\"og:locale\" content=\"pt_BR\" \/>\n<meta property=\"og:type\" content=\"article\" \/>\n<meta property=\"og:title\" content=\"Cadastro de Estabelecimento do Tipo Consult\u00f3rio Isolado - SEMSA\" \/>\n<meta property=\"og:url\" content=\"https:\/\/www.manaus.am.gov.br\/semsa\/cnes\/cadastro-de-estabelecimento-do-tipo-consultorio-isolado\/\" \/>\n<meta property=\"og:site_name\" content=\"SEMSA\" \/>\n<meta property=\"article:modified_time\" content=\"2025-08-21T15:19:18+00:00\" \/>\n<meta property=\"og:image\" content=\"https:\/\/www.manaus.am.gov.br\/semsa\/wp-content\/uploads\/sites\/8\/2024\/07\/thumb-default-2.png\" \/>\n\t<meta property=\"og:image:width\" content=\"966\" \/>\n\t<meta property=\"og:image:height\" content=\"520\" \/>\n\t<meta property=\"og:image:type\" content=\"image\/png\" \/>\n<meta name=\"twitter:card\" content=\"summary_large_image\" \/>\n<meta name=\"twitter:label1\" content=\"Est. reading time\" \/>\n\t<meta name=\"twitter:data1\" content=\"4 minutos\" \/>\n<script type=\"application\/ld+json\" class=\"yoast-schema-graph\">{\"@context\":\"https:\/\/schema.org\",\"@graph\":[{\"@type\":\"WebPage\",\"@id\":\"https:\/\/www.manaus.am.gov.br\/semsa\/cnes\/cadastro-de-estabelecimento-do-tipo-consultorio-isolado\/\",\"url\":\"https:\/\/www.manaus.am.gov.br\/semsa\/cnes\/cadastro-de-estabelecimento-do-tipo-consultorio-isolado\/\",\"name\":\"Cadastro de Estabelecimento do Tipo Consult\u00f3rio Isolado - SEMSA\",\"isPartOf\":{\"@id\":\"https:\/\/www.manaus.am.gov.br\/semsa\/#website\"},\"datePublished\":\"2025-08-21T14:19:31+00:00\",\"dateModified\":\"2025-08-21T15:19:18+00:00\",\"breadcrumb\":{\"@id\":\"https:\/\/www.manaus.am.gov.br\/semsa\/cnes\/cadastro-de-estabelecimento-do-tipo-consultorio-isolado\/#breadcrumb\"},\"inLanguage\":\"pt-BR\",\"potentialAction\":[{\"@type\":\"ReadAction\",\"target\":[\"https:\/\/www.manaus.am.gov.br\/semsa\/cnes\/cadastro-de-estabelecimento-do-tipo-consultorio-isolado\/\"]}]},{\"@type\":\"BreadcrumbList\",\"@id\":\"https:\/\/www.manaus.am.gov.br\/semsa\/cnes\/cadastro-de-estabelecimento-do-tipo-consultorio-isolado\/#breadcrumb\",\"itemListElement\":[{\"@type\":\"ListItem\",\"position\":1,\"name\":\"CNES\",\"item\":\"https:\/\/www.manaus.am.gov.br\/semsa\/cnes\/\"},{\"@type\":\"ListItem\",\"position\":2,\"name\":\"Cadastro de Estabelecimento do Tipo Consult\u00f3rio Isolado\"}]},{\"@type\":\"WebSite\",\"@id\":\"https:\/\/www.manaus.am.gov.br\/semsa\/#website\",\"url\":\"https:\/\/www.manaus.am.gov.br\/semsa\/\",\"name\":\"SEMSA\",\"description\":\"Secretaria Municipal de Sa\u00fade\",\"alternateName\":\"Secretaria Municipal de Sa\u00fade\",\"potentialAction\":[{\"@type\":\"SearchAction\",\"target\":{\"@type\":\"EntryPoint\",\"urlTemplate\":\"https:\/\/www.manaus.am.gov.br\/semsa\/?s={search_term_string}\"},\"query-input\":\"required name=search_term_string\"}],\"inLanguage\":\"pt-BR\"}]}<\/script>\n<!-- \/ Yoast SEO plugin. -->","yoast_head_json":{"title":"Cadastro de Estabelecimento do Tipo Consult\u00f3rio Isolado - SEMSA","robots":{"index":"index","follow":"follow","max-snippet":"max-snippet:-1","max-image-preview":"max-image-preview:large","max-video-preview":"max-video-preview:-1"},"canonical":"https:\/\/www.manaus.am.gov.br\/semsa\/cnes\/cadastro-de-estabelecimento-do-tipo-consultorio-isolado\/","og_locale":"pt_BR","og_type":"article","og_title":"Cadastro de Estabelecimento do Tipo Consult\u00f3rio Isolado - SEMSA","og_url":"https:\/\/www.manaus.am.gov.br\/semsa\/cnes\/cadastro-de-estabelecimento-do-tipo-consultorio-isolado\/","og_site_name":"SEMSA","article_modified_time":"2025-08-21T15:19:18+00:00","og_image":[{"width":966,"height":520,"url":"https:\/\/www.manaus.am.gov.br\/semsa\/wp-content\/uploads\/sites\/8\/2024\/07\/thumb-default-2.png","type":"image\/png"}],"twitter_card":"summary_large_image","twitter_misc":{"Est. reading time":"4 minutos"},"schema":{"@context":"https:\/\/schema.org","@graph":[{"@type":"WebPage","@id":"https:\/\/www.manaus.am.gov.br\/semsa\/cnes\/cadastro-de-estabelecimento-do-tipo-consultorio-isolado\/","url":"https:\/\/www.manaus.am.gov.br\/semsa\/cnes\/cadastro-de-estabelecimento-do-tipo-consultorio-isolado\/","name":"Cadastro de Estabelecimento do Tipo Consult\u00f3rio Isolado - SEMSA","isPartOf":{"@id":"https:\/\/www.manaus.am.gov.br\/semsa\/#website"},"datePublished":"2025-08-21T14:19:31+00:00","dateModified":"2025-08-21T15:19:18+00:00","breadcrumb":{"@id":"https:\/\/www.manaus.am.gov.br\/semsa\/cnes\/cadastro-de-estabelecimento-do-tipo-consultorio-isolado\/#breadcrumb"},"inLanguage":"pt-BR","potentialAction":[{"@type":"ReadAction","target":["https:\/\/www.manaus.am.gov.br\/semsa\/cnes\/cadastro-de-estabelecimento-do-tipo-consultorio-isolado\/"]}]},{"@type":"BreadcrumbList","@id":"https:\/\/www.manaus.am.gov.br\/semsa\/cnes\/cadastro-de-estabelecimento-do-tipo-consultorio-isolado\/#breadcrumb","itemListElement":[{"@type":"ListItem","position":1,"name":"CNES","item":"https:\/\/www.manaus.am.gov.br\/semsa\/cnes\/"},{"@type":"ListItem","position":2,"name":"Cadastro de Estabelecimento do Tipo Consult\u00f3rio Isolado"}]},{"@type":"WebSite","@id":"https:\/\/www.manaus.am.gov.br\/semsa\/#website","url":"https:\/\/www.manaus.am.gov.br\/semsa\/","name":"SEMSA","description":"Secretaria Municipal de Sa\u00fade","alternateName":"Secretaria Municipal de Sa\u00fade","potentialAction":[{"@type":"SearchAction","target":{"@type":"EntryPoint","urlTemplate":"https:\/\/www.manaus.am.gov.br\/semsa\/?s={search_term_string}"},"query-input":"required name=search_term_string"}],"inLanguage":"pt-BR"}]}},"_links":{"self":[{"href":"https:\/\/www.manaus.am.gov.br\/semsa\/wp-json\/wp\/v2\/pages\/224961"}],"collection":[{"href":"https:\/\/www.manaus.am.gov.br\/semsa\/wp-json\/wp\/v2\/pages"}],"about":[{"href":"https:\/\/www.manaus.am.gov.br\/semsa\/wp-json\/wp\/v2\/types\/page"}],"author":[{"embeddable":true,"href":"https:\/\/www.manaus.am.gov.br\/semsa\/wp-json\/wp\/v2\/users\/65"}],"replies":[{"embeddable":true,"href":"https:\/\/www.manaus.am.gov.br\/semsa\/wp-json\/wp\/v2\/comments?post=224961"}],"version-history":[{"count":3,"href":"https:\/\/www.manaus.am.gov.br\/semsa\/wp-json\/wp\/v2\/pages\/224961\/revisions"}],"predecessor-version":[{"id":224996,"href":"https:\/\/www.manaus.am.gov.br\/semsa\/wp-json\/wp\/v2\/pages\/224961\/revisions\/224996"}],"up":[{"embeddable":true,"href":"https:\/\/www.manaus.am.gov.br\/semsa\/wp-json\/wp\/v2\/pages\/208193"}],"wp:attachment":[{"href":"https:\/\/www.manaus.am.gov.br\/semsa\/wp-json\/wp\/v2\/media?parent=224961"}],"curies":[{"name":"wp","href":"https:\/\/api.w.org\/{rel}","templated":true}]}}