{"id":224934,"date":"2025-08-19T11:49:55","date_gmt":"2025-08-19T15:49:55","guid":{"rendered":"https:\/\/www.manaus.am.gov.br\/semsa\/?page_id=224934"},"modified":"2025-12-11T10:46:31","modified_gmt":"2025-12-11T14:46:31","slug":"controle-da-tuberculose-2","status":"publish","type":"page","link":"https:\/\/www.manaus.am.gov.br\/semsa\/vigilancia\/vigilancia-epidemiologica\/controle-da-tuberculose-2\/","title":{"rendered":"Controle da Tuberculose"},"content":{"rendered":"\n<p><strong>\u00c1rea respons\u00e1vel:<\/strong> N\u00facleo de Controle da Tuberculose<\/p>\n\n\n\n<h3 class=\"wp-block-heading\">Objetivos<\/h3>\n\n\n\n<p>\u00c1rea respons\u00e1vel pela implementa\u00e7\u00e3o das recomenda\u00e7\u00f5es nacionais para o controle da tuberculose, assim como qualifica\u00e7\u00e3o dos profissionais para preven\u00e7\u00e3o, diagn\u00f3stico, vigil\u00e2ncia e acompanhamento de casos de tuberculose, visando o controle da doen\u00e7a.<\/p>\n\n\n\n<h3 class=\"wp-block-heading\">Doen\u00e7a e tratamento<\/h3>\n\n\n\n<h3 class=\"wp-block-heading\"><strong>O que \u00e9 tuberculose?<\/strong><\/h3>\n\n\n\n<p>A tuberculose \u00e9 uma doen\u00e7a infecciosa e transmiss\u00edvel que afeta prioritariamente os pulm\u00f5es (tuberculose pulmonar), embora possa acometer outros \u00f3rg\u00e3os e sistemas (tuberculose extrapulmonar). \u00c9 causada por bact\u00e9rias que integram o complexo<em> Mycobacterium tuberculosis<\/em>.<\/p>\n\n\n\n<h3 class=\"wp-block-heading\"><strong>Como se pega a doen\u00e7a?<\/strong><\/h3>\n\n\n\n<p>A transmiss\u00e3o \u00e9 por via respirat\u00f3ria (a\u00e9rea). A pessoa com tuberculose no pulm\u00e3o pode passar o germe\/bacilo para outras pessoas pela tosse, fala ou pelo espirro. O contato direto com o paciente em ambiente fechado, com pouca ventila\u00e7\u00e3o e aus\u00eancia de luz solar, representa maior chance de outra pessoa ser infectada com a bact\u00e9ria causadora da doen\u00e7a. <br><br><strong>Importante:<\/strong> A tuberculose n\u00e3o se transmite pelo compartilhamento de roupas, len\u00e7\u00f3is, copos e outros objetos.<\/p>\n\n\n\n<h3 class=\"wp-block-heading\"><strong>O que voc\u00ea pode sentir<\/strong>?<\/h3>\n\n\n\n<p>Em adolescentes e adultos jovens, o principal sintoma da tuberculose pulmonar \u00e9 a tosse (por tr\u00eas semanas ou mais), associada ou n\u00e3o a febre (especialmente \u00e0 tarde), suor intenso \u00e0 noite, falta de apetite e emagrecimento. Em crian\u00e7as menores de 10 anos de idade, a febre moderada e persistente \u00e9 a principal manifesta\u00e7\u00e3o cl\u00ednica. Tamb\u00e9m s\u00e3o comuns irritabilidade, tosse, falta de apetite, perda de peso e suor intenso \u00e0 noite. Nas formas extrapulmonares de tuberculose, que s\u00e3o menos frequentes, os sinais e sintomas variam de acordo com o \u00f3rg\u00e3o ou sistema acometido.<\/p>\n\n\n\n<h3 class=\"wp-block-heading\"><strong>O que fazer se voc\u00ea estiver com os sintomas?<\/strong><\/h3>\n\n\n\n<p>Para diagnosticar a tuberculose \u00e9 necess\u00e1rio realizar o exame de escarro (baciloscopia, cultura ou teste molecular r\u00e1pido para tuberculose). Outros exames tamb\u00e9m podem ser solicitados (como radiografias, tomografias, bi\u00f3psias, etc).<\/p>\n\n\n\n<p>A Secretaria Municipal de Sa\u00fade de Manaus conta com quatro Laborat\u00f3rios Distritais interligados por uma rede de 96 postos de coleta distribu\u00eddos nos cinco Distritos Sanit\u00e1rios, onde o usu\u00e1rio da rede p\u00fablica ou privada pode, durante todo o hor\u00e1rio de funcionamento da Unidade, pode entregar sua amostra de escarro para o diagn\u00f3stico da TB.<\/p>\n\n\n\n<p>O tratamento \u00e9 gratuito, oferecido apenas na rede SUS, tendo dura\u00e7\u00e3o de no m\u00ednimo seis meses, com tomada di\u00e1ria de medicamento. H\u00e1 casos em que o tratamento precisa ser estendido por mais tempo, a depender da avalia\u00e7\u00e3o cl\u00ednica e de resultados de exames laboratoriais. \u00c9 comum que ap\u00f3s as primeiras semanas de tratamento, o paciente observe melhora total dos sinais e sintomas. No entanto, isto n\u00e3o quer dizer que a doen\u00e7a est\u00e1 curada. Para obter a cura \u00e9 necess\u00e1rio completar todo o tratamento.<\/p>\n\n\n\n<p>Atualmente a maior parte dos casos de tuberculose \u00e9 tratada na Unidade B\u00e1sica de Sa\u00fade mais pr\u00f3xima a sua casa. Considerando o longo tempo de tratamento, recomenda-se que os casos recebam o tratamento diretamente observado (TDO), ou seja, que a tomada de medicamentos seja observada diariamente por um profissional da equipe de sa\u00fade capacitado, na sua resid\u00eancia ou na unidade de sa\u00fade mais pr\u00f3xima.<\/p>\n\n\n\n<p>Para a cura da Tuberculose \u00e9 necess\u00e1rio completar todo o tratamento!<\/p>\n\n\n\n<h3 class=\"wp-block-heading\"><strong>Onde fazer o teste?<\/strong><\/h3>\n\n\n\n<p>Nas Unidades de Sa\u00fade com posto de coleta para exame de escarro.<\/p>\n\n\n\n<ul>\n<li><a href=\"https:\/\/www.manaus.am.gov.br\/semsa\/unidades-de-saude-que-realizam-exame-de-escarro\/\">Unidades de Sa\u00fade que realizam Exame de escarro<\/a><\/li>\n\n\n\n<li><a href=\"https:\/\/www.manaus.am.gov.br\/semsa\/unidades-que-realizam-teste-tuberculinico\/\">Unidades de Sa\u00fade que realizam Teste Tubercul\u00ednico<\/a><\/li>\n\n\n\n<li><a href=\"https:\/\/www.manaus.am.gov.br\/semsa\/wp-content\/uploads\/sites\/8\/2025\/12\/arquivo-2-1.pdf\">Unidades de Sa\u00fade que realizam IGRA<\/a><\/li>\n<\/ul>\n\n\n\n<h3 class=\"wp-block-heading\"><strong>Materiais informativos<\/strong><\/h3>\n\n\n\n<ul>\n<li><a href=\"https:\/\/www.manaus.am.gov.br\/semsa\/wp-content\/uploads\/sites\/8\/2025\/03\/Boletim_ILTB_Manaus_2025.pdf\">Boletim Epidemiol\u00f3gico &#8211; 2025<\/a><\/li>\n\n\n\n<li><a href=\"https:\/\/www.manaus.am.gov.br\/semsa\/wp-content\/uploads\/sites\/8\/2025\/12\/arquivo-3.pdf\">Cart\u00e3o Passa F\u00e1cil<\/a><\/li>\n<\/ul>\n","protected":false},"excerpt":{"rendered":"","protected":false},"author":65,"featured_media":0,"parent":209193,"menu_order":0,"comment_status":"closed","ping_status":"closed","template":"templates\/turismo.php","meta":{"footnotes":""},"acf":[],"yoast_head":"<!-- This site is optimized with the Yoast SEO plugin v23.0 - https:\/\/yoast.com\/wordpress\/plugins\/seo\/ -->\n<title>Controle da Tuberculose - SEMSA<\/title>\n<meta name=\"robots\" content=\"index, follow, max-snippet:-1, max-image-preview:large, max-video-preview:-1\" \/>\n<link rel=\"canonical\" href=\"https:\/\/www.manaus.am.gov.br\/semsa\/vigilancia\/vigilancia-epidemiologica\/controle-da-tuberculose-2\/\" \/>\n<meta property=\"og:locale\" content=\"pt_BR\" \/>\n<meta property=\"og:type\" content=\"article\" \/>\n<meta property=\"og:title\" content=\"Controle da Tuberculose - SEMSA\" \/>\n<meta property=\"og:url\" content=\"https:\/\/www.manaus.am.gov.br\/semsa\/vigilancia\/vigilancia-epidemiologica\/controle-da-tuberculose-2\/\" \/>\n<meta property=\"og:site_name\" content=\"SEMSA\" \/>\n<meta property=\"article:modified_time\" content=\"2025-12-11T14:46:31+00:00\" \/>\n<meta property=\"og:image\" content=\"https:\/\/www.manaus.am.gov.br\/semsa\/wp-content\/uploads\/sites\/8\/2024\/07\/thumb-default-2.png\" \/>\n\t<meta property=\"og:image:width\" content=\"966\" \/>\n\t<meta property=\"og:image:height\" content=\"520\" \/>\n\t<meta property=\"og:image:type\" content=\"image\/png\" \/>\n<meta name=\"twitter:card\" content=\"summary_large_image\" \/>\n<meta name=\"twitter:label1\" content=\"Est. reading time\" \/>\n\t<meta name=\"twitter:data1\" content=\"4 minutos\" \/>\n<script type=\"application\/ld+json\" class=\"yoast-schema-graph\">{\"@context\":\"https:\/\/schema.org\",\"@graph\":[{\"@type\":\"WebPage\",\"@id\":\"https:\/\/www.manaus.am.gov.br\/semsa\/vigilancia\/vigilancia-epidemiologica\/controle-da-tuberculose-2\/\",\"url\":\"https:\/\/www.manaus.am.gov.br\/semsa\/vigilancia\/vigilancia-epidemiologica\/controle-da-tuberculose-2\/\",\"name\":\"Controle da Tuberculose - SEMSA\",\"isPartOf\":{\"@id\":\"https:\/\/www.manaus.am.gov.br\/semsa\/#website\"},\"datePublished\":\"2025-08-19T15:49:55+00:00\",\"dateModified\":\"2025-12-11T14:46:31+00:00\",\"breadcrumb\":{\"@id\":\"https:\/\/www.manaus.am.gov.br\/semsa\/vigilancia\/vigilancia-epidemiologica\/controle-da-tuberculose-2\/#breadcrumb\"},\"inLanguage\":\"pt-BR\",\"potentialAction\":[{\"@type\":\"ReadAction\",\"target\":[\"https:\/\/www.manaus.am.gov.br\/semsa\/vigilancia\/vigilancia-epidemiologica\/controle-da-tuberculose-2\/\"]}]},{\"@type\":\"BreadcrumbList\",\"@id\":\"https:\/\/www.manaus.am.gov.br\/semsa\/vigilancia\/vigilancia-epidemiologica\/controle-da-tuberculose-2\/#breadcrumb\",\"itemListElement\":[{\"@type\":\"ListItem\",\"position\":1,\"name\":\"Vigil\u00e2ncia\",\"item\":\"https:\/\/www.manaus.am.gov.br\/semsa\/vigilancia\/\"},{\"@type\":\"ListItem\",\"position\":2,\"name\":\"Epidemiol\u00f3gica\",\"item\":\"https:\/\/www.manaus.am.gov.br\/semsa\/vigilancia\/vigilancia-epidemiologica\/\"},{\"@type\":\"ListItem\",\"position\":3,\"name\":\"Controle da Tuberculose\"}]},{\"@type\":\"WebSite\",\"@id\":\"https:\/\/www.manaus.am.gov.br\/semsa\/#website\",\"url\":\"https:\/\/www.manaus.am.gov.br\/semsa\/\",\"name\":\"SEMSA\",\"description\":\"Secretaria Municipal de Sa\u00fade\",\"alternateName\":\"Secretaria Municipal de Sa\u00fade\",\"potentialAction\":[{\"@type\":\"SearchAction\",\"target\":{\"@type\":\"EntryPoint\",\"urlTemplate\":\"https:\/\/www.manaus.am.gov.br\/semsa\/?s={search_term_string}\"},\"query-input\":\"required name=search_term_string\"}],\"inLanguage\":\"pt-BR\"}]}<\/script>\n<!-- \/ Yoast SEO plugin. -->","yoast_head_json":{"title":"Controle da Tuberculose - SEMSA","robots":{"index":"index","follow":"follow","max-snippet":"max-snippet:-1","max-image-preview":"max-image-preview:large","max-video-preview":"max-video-preview:-1"},"canonical":"https:\/\/www.manaus.am.gov.br\/semsa\/vigilancia\/vigilancia-epidemiologica\/controle-da-tuberculose-2\/","og_locale":"pt_BR","og_type":"article","og_title":"Controle da Tuberculose - SEMSA","og_url":"https:\/\/www.manaus.am.gov.br\/semsa\/vigilancia\/vigilancia-epidemiologica\/controle-da-tuberculose-2\/","og_site_name":"SEMSA","article_modified_time":"2025-12-11T14:46:31+00:00","og_image":[{"width":966,"height":520,"url":"https:\/\/www.manaus.am.gov.br\/semsa\/wp-content\/uploads\/sites\/8\/2024\/07\/thumb-default-2.png","type":"image\/png"}],"twitter_card":"summary_large_image","twitter_misc":{"Est. reading time":"4 minutos"},"schema":{"@context":"https:\/\/schema.org","@graph":[{"@type":"WebPage","@id":"https:\/\/www.manaus.am.gov.br\/semsa\/vigilancia\/vigilancia-epidemiologica\/controle-da-tuberculose-2\/","url":"https:\/\/www.manaus.am.gov.br\/semsa\/vigilancia\/vigilancia-epidemiologica\/controle-da-tuberculose-2\/","name":"Controle da Tuberculose - SEMSA","isPartOf":{"@id":"https:\/\/www.manaus.am.gov.br\/semsa\/#website"},"datePublished":"2025-08-19T15:49:55+00:00","dateModified":"2025-12-11T14:46:31+00:00","breadcrumb":{"@id":"https:\/\/www.manaus.am.gov.br\/semsa\/vigilancia\/vigilancia-epidemiologica\/controle-da-tuberculose-2\/#breadcrumb"},"inLanguage":"pt-BR","potentialAction":[{"@type":"ReadAction","target":["https:\/\/www.manaus.am.gov.br\/semsa\/vigilancia\/vigilancia-epidemiologica\/controle-da-tuberculose-2\/"]}]},{"@type":"BreadcrumbList","@id":"https:\/\/www.manaus.am.gov.br\/semsa\/vigilancia\/vigilancia-epidemiologica\/controle-da-tuberculose-2\/#breadcrumb","itemListElement":[{"@type":"ListItem","position":1,"name":"Vigil\u00e2ncia","item":"https:\/\/www.manaus.am.gov.br\/semsa\/vigilancia\/"},{"@type":"ListItem","position":2,"name":"Epidemiol\u00f3gica","item":"https:\/\/www.manaus.am.gov.br\/semsa\/vigilancia\/vigilancia-epidemiologica\/"},{"@type":"ListItem","position":3,"name":"Controle da Tuberculose"}]},{"@type":"WebSite","@id":"https:\/\/www.manaus.am.gov.br\/semsa\/#website","url":"https:\/\/www.manaus.am.gov.br\/semsa\/","name":"SEMSA","description":"Secretaria Municipal de Sa\u00fade","alternateName":"Secretaria Municipal de Sa\u00fade","potentialAction":[{"@type":"SearchAction","target":{"@type":"EntryPoint","urlTemplate":"https:\/\/www.manaus.am.gov.br\/semsa\/?s={search_term_string}"},"query-input":"required name=search_term_string"}],"inLanguage":"pt-BR"}]}},"_links":{"self":[{"href":"https:\/\/www.manaus.am.gov.br\/semsa\/wp-json\/wp\/v2\/pages\/224934"}],"collection":[{"href":"https:\/\/www.manaus.am.gov.br\/semsa\/wp-json\/wp\/v2\/pages"}],"about":[{"href":"https:\/\/www.manaus.am.gov.br\/semsa\/wp-json\/wp\/v2\/types\/page"}],"author":[{"embeddable":true,"href":"https:\/\/www.manaus.am.gov.br\/semsa\/wp-json\/wp\/v2\/users\/65"}],"replies":[{"embeddable":true,"href":"https:\/\/www.manaus.am.gov.br\/semsa\/wp-json\/wp\/v2\/comments?post=224934"}],"version-history":[{"count":9,"href":"https:\/\/www.manaus.am.gov.br\/semsa\/wp-json\/wp\/v2\/pages\/224934\/revisions"}],"predecessor-version":[{"id":226755,"href":"https:\/\/www.manaus.am.gov.br\/semsa\/wp-json\/wp\/v2\/pages\/224934\/revisions\/226755"}],"up":[{"embeddable":true,"href":"https:\/\/www.manaus.am.gov.br\/semsa\/wp-json\/wp\/v2\/pages\/209193"}],"wp:attachment":[{"href":"https:\/\/www.manaus.am.gov.br\/semsa\/wp-json\/wp\/v2\/media?parent=224934"}],"curies":[{"name":"wp","href":"https:\/\/api.w.org\/{rel}","templated":true}]}}