{"id":224932,"date":"2025-08-19T12:05:52","date_gmt":"2025-08-19T16:05:52","guid":{"rendered":"https:\/\/www.manaus.am.gov.br\/semsa\/?page_id=224932"},"modified":"2026-03-09T09:51:02","modified_gmt":"2026-03-09T13:51:02","slug":"unidades-que-realizam-teste-tuberculinico","status":"publish","type":"page","link":"https:\/\/www.manaus.am.gov.br\/semsa\/unidades-que-realizam-teste-tuberculinico\/","title":{"rendered":"Unidades que realizam Teste Tubercul\u00ednico"},"content":{"rendered":"\n<h3 class=\"wp-block-heading\">ZONA SUL<\/h3>\n\n\n\n<p><strong>USF Dr. Luiz Montenegro<\/strong><br><strong>Endere\u00e7o<\/strong>:\u00a0Rua Pico das \u00c1guas, 527, Nossa Senhora das Gra\u00e7as<br><strong>Hor\u00e1rio de atendimento:\u00a0<\/strong>Ter\u00e7a-feira \u2013 10h \u00e0s 12h<\/p>\n\n\n\n<p><strong>USF Dr. Ant\u00f4nio Reis<br>Endere\u00e7o<\/strong>:&nbsp;Rua S\u00e3o L\u00e1zaro, s\/n, S\u00e3o L\u00e1zaro<br><strong>Hor\u00e1rio de atendimento<\/strong>:&nbsp;Segunda, ter\u00e7a, quarta e sexta-feira \u2013 8h \u00e0s 17h<\/p>\n\n\n\n<p><strong>USF Jos\u00e9 Rayol dos Santos<\/strong><br><strong>Endere\u00e7o:<\/strong>&nbsp;Av. Constantino Nery, s\/n, Flores<br><strong>Hor\u00e1rio de atendimento<\/strong>:&nbsp;Segunda, ter\u00e7a, quarta e sexta-feira \u2013 8h \u00e0s 19h<\/p>\n\n\n\n<p><strong>USF Theom\u00e1rio Pinto da Costa<\/strong><br><strong>Endere\u00e7o:<\/strong>&nbsp;Trav. 02 de Agosto, s\/n, Bairro da Uni\u00e3o<br><strong>Hor\u00e1rio de atendimento:&nbsp;<\/strong>Ter\u00e7a-feira -14h \u00e0s 17h \/ sexta-feira \u2013 7h \u00e0s 11h<\/p>\n\n\n\n<p><strong>USF Megumo Kado <br>Endere\u00e7o<\/strong>:&nbsp;Rua Inoc\u00eancio de Ara\u00fajo, 51, Educandos<br><strong>Hor\u00e1rio de atendimento:&nbsp;<\/strong>Segunda, ter\u00e7a, quarta e sexta-feira \u2013 8h \u00e0s 11h \/ 13h \u00e0s 17h<\/p>\n\n\n\n<p><strong>USF Petr\u00f3polis<\/strong><br><strong>Endere\u00e7o<\/strong>:&nbsp;Rua Delfim Afonso de Souza, s\/n, Petr\u00f3polis<br><strong>Hor\u00e1rio de atendimento<\/strong>:&nbsp;Segunda, ter\u00e7a e quarta-feira \u2013 13h \u00e0s 17h<\/p>\n\n\n\n<p><strong>USF Vicente Palotti<br>Endere\u00e7o:<\/strong>\u00a0Rua Apurin\u00e3, 279, Pra\u00e7a 14 de Janeiro<br><strong>Hor\u00e1rio de atendimento<\/strong>:\u00a0Segunda, ter\u00e7a, quarta e sexta-feira \u2013 7h \u00e0s 12h \/ 13h \u00e0s 16h<\/p>\n\n\n\n<p><strong>USF Japiim<br>Endere\u00e7o:<\/strong>&nbsp;Rua 31, s\/n, Japiim<br><strong>Hor\u00e1rio de atendimento:&nbsp;<\/strong>Segunda, ter\u00e7a e quarta-feira \u2013 8h \u00e0s 16h<\/p>\n\n\n\n<p><strong>USF L\u00facio Flavio de Vasconcelos Dias<br>Endere\u00e7o<\/strong>:&nbsp;Rua Comandante Ferraz, 15, Bet\u00e2nia<br><strong>Hor\u00e1rio de atendimento:&nbsp;<\/strong>Segunda, ter\u00e7a, quarta e sexta-feira \u2013 8h \u00e0s 11h \/ 13h \u00e0s 17h<\/p>\n\n\n\n<p><strong>USF S\u00e3o Francisco<br>Endere\u00e7o:<\/strong>&nbsp;Rua Jonas da Silva, s\/n &#8211; S\u00e3o Francisco<br><strong>Hor\u00e1rio de atendimento:&nbsp;<\/strong>Segunda-feira &#8211; 7h30 \u00e0s 10h30 \/ ter\u00e7a-feira &#8211; 13h \u00e0s 16h<\/p>\n\n\n\n<p><strong>USF Frank Rosemberg Calderon<br>Endere\u00e7o:<\/strong>\u00a0Rua Nova Esperan\u00e7a, 91 &#8211; crespo<br><strong>Hor\u00e1rio de atendimento:\u00a0<\/strong>Segunda, ter\u00e7a e quarta-feira \u2013 8h \u00e0s 16h \/ 14h \u00e0s 16h<\/p>\n\n\n\n<p><strong>USF Santa Luzia<br>Endere\u00e7o:<\/strong>\u00a0Rua Leopoldo Neves, s\/n &#8211; Santa Luzia<br><strong>Hor\u00e1rio de atendimento:\u00a0<\/strong>Segunda-feira &#8211; 13 \u00e0s 16h \/ quarta-feira &#8211; 8h \u00e0s 11h<\/p>\n\n\n\n<p><\/p>\n\n\n\n<h3 class=\"wp-block-heading\">ZONA LESTE<\/h3>\n\n\n\n<p><strong>USF Jos\u00e9 Avelino Pereira<\/strong><br><strong>Endere\u00e7o:<\/strong>&nbsp;Rua Cravinho, s\/n, Jorge Teixeira<br><strong>Hor\u00e1rio de atendimento:<\/strong>&nbsp;Segunda e ter\u00e7a-feira \u2013 8h \/ 13h<\/p>\n\n\n\n<p><strong>USF Alfredo Campos<\/strong><br><strong>Endere\u00e7o:<\/strong>&nbsp;Alameda Cosme Ferreira, s\/n, Zumbi dos Palmares<br><strong>Hor\u00e1rio de atendimento:&nbsp;<\/strong>Segunda, ter\u00e7a e quarta-feira \u2013 8h<\/p>\n\n\n\n<p><strong>USF Jos\u00e9 Amazonas Palhano<\/strong><br><strong>Endere\u00e7o:<\/strong>\u00a0Rua Ant\u00f4nio Matias, s\/n, S\u00e3o Jos\u00e9 II<br><strong>Hor\u00e1rio de atendimento:<\/strong>\u00a0Segunda e quarta-feira &#8211; 9h \u00e0s 11h\/ ter\u00e7a &#8211; 13h \u00e0s 16h &#8211; s\u00e1bado &#8211; 8h \u00e0s 10h   ter\u00e7a, quarta e sexta-feira \u2013 8h \/ 13h<\/p>\n\n\n\n<p><strong>USF Gebes de Melo Medeiros Filho<\/strong><br><strong>Endere\u00e7o<\/strong>: Rua Pirarucu, 100, Jorge Teixeira<br><strong>Hor\u00e1rio de atendimento:<\/strong>&nbsp;Segunda-feira \u2013 8h \/ 13h<\/p>\n\n\n\n<p><strong>USF Agnaldo Gomes da Costa<br>Endere\u00e7o:<\/strong>&nbsp;Rua Piracutu, s\/n, S\u00e3o Jos\u00e9 Oper\u00e1rio<br><strong>Hor\u00e1rio de atendimento<\/strong>: Segunda-feira \u2013 8h \u00e0s 11h<\/p>\n\n\n\n<p><strong>USF Maria Leonor Brilhante<br>Endere\u00e7o<\/strong>: Av. Autaz Mirim, s\/n, Tancredo Neves<br><strong>Hor\u00e1rio de atendimento:&nbsp;<\/strong>Quarta-feira \u2013 13h \u00e0s 16h<\/p>\n\n\n\n<p><strong>USF Enf\u00aa Ivone Lima dos Santos<\/strong><br><strong>Endere\u00e7o:<\/strong>&nbsp;Rua 08, s\/n, Coroado<br><strong>Hor\u00e1rio de atendimento<\/strong>: Segunda e ter\u00e7a-feira \u2013 9h \u00e0s 11h \/ 13h30 \u00e0s 16h<\/p>\n\n\n\n<p><strong>USF Desembargador F\u00e1bio do Couto Valle<\/strong><br><strong>Endere\u00e7o<\/strong>: Av. Brigadeiro Hil\u00e1rio Gurj\u00e3o, s\/n, Jorge Teixeira<br><strong>Hor\u00e1rio de atendimento:&nbsp;<\/strong>Ter\u00e7a-feira \u2013 13h \u00e0s 16h<\/p>\n\n\n\n<p><strong>USF Geraldo Magela<br>Endere\u00e7o<\/strong>: Rua Rio Envira, 442, Armando Mendes<br><strong>Hor\u00e1rio de atendimento:&nbsp;<\/strong>Quarta-feira \u2013 13h<\/p>\n\n\n\n<p><strong>USF Mauazinho<\/strong><br><strong>Endere\u00e7o:<\/strong>&nbsp;Av. Rio Negro, 111, Mauazinho<br><strong>Hor\u00e1rio de atendimento<\/strong>: Sexta-feira \u2013 8h<\/p>\n\n\n\n<p><strong>Policl\u00ednica Comte Telles<\/strong><br><strong>Endere\u00e7o<\/strong>: Rua J, s\/n, S\u00e3o Jos\u00e9<br><strong>Hor\u00e1rio de atendimento:&nbsp;<\/strong>Ter\u00e7a-feira \u2013 13h<\/p>\n\n\n\n<p><strong>USF Nova Esperan\u00e7a<\/strong><br><strong>Endere\u00e7o:<\/strong>&nbsp;R. Nova Esperan\u00e7a, s\/n, Col\u00f4nia Ant\u00f4nio Aleixo<br><strong>Hor\u00e1rio de atendimento<\/strong>: Ter\u00e7a e sexta-feira \u2013 13h<\/p>\n\n\n\n<h3 class=\"wp-block-heading\">ZONA NORTE<\/h3>\n\n\n\n<p><strong>USF Carlson Gracie<\/strong><br><strong>Endere\u00e7o:<\/strong>&nbsp;Av. Cura\u00e7ao, s\/n, Conj. Cidad\u00e3o V, Nova Cidade<br><strong>Hor\u00e1rio de atendimento<\/strong>: Segunda e ter\u00e7a-feira \u2013 8h \u00e0s 11h \/ 13h \u00e0s 16h<\/p>\n\n\n\n<p><strong>USF Balbina Mestrinho<\/strong><br><strong>Endere\u00e7o<\/strong>: Rua 17, 170, N\u00facleo 3, Cidade Nova I<br><strong>Hor\u00e1rio de atendimento:&nbsp;<\/strong>Segunda e ter\u00e7a \u2013 11h \/ 13h30 \u00e0s 16h \/ quarta-feira 14h \u00e0s 16h<\/p>\n\n\n\n<p><strong>USF Arthur Virg\u00edlio Filho<br>Endere\u00e7o<\/strong>: Travessa Imbituba, 3015, Amazonino Mendes, Novo Aleixo<br><strong>Hor\u00e1rio de atendimento:&nbsp;<\/strong>Segunda, ter\u00e7a e sexta-feira \u2013 8h \u00e0s 13h<\/p>\n\n\n\n<p><strong>USF Jos\u00e9 Figlioulo<\/strong><br><strong>Endere\u00e7o<\/strong>: Rua Rio Maicuru, s\/n, Cj. Viver Melhor, Lago Azul<br><strong>Hor\u00e1rio de atendimento:&nbsp;<\/strong>Ter\u00e7a-feira \u2013 8h<\/p>\n\n\n\n<p><strong>USF Carmen Nicolau<\/strong><br><strong>Endere\u00e7o:<\/strong>&nbsp;Rua Nestor Nascimento, s\/n, Lago Azul<br><strong>Hor\u00e1rio de atendimento<\/strong>: Segunda e ter\u00e7a-feira \u2013 7h \u00e0s 12h<\/p>\n\n\n\n<p><strong>USF S\u00e1lvio Belota<\/strong><br><strong>Endere\u00e7o<\/strong>: Rua Samambaia, 786, Santa Etelvina<br><strong>Hor\u00e1rio de atendimento:&nbsp;<\/strong>Segunda, ter\u00e7a, quarta e sexta-feira \u2013 8h \/ 13h<\/p>\n\n\n\n<p><strong>USF Prefeito Amazonino Mendes<\/strong><br><strong>Endere\u00e7o<\/strong>: Av. da Esperan\u00e7a, 550, Conjunto Viver Melhor 3, Lago Azul<br><strong>Hor\u00e1rio de atendimento:&nbsp;<\/strong>Segunda, ter\u00e7a, quarta e sexta-feira \u2013 8h \u00e0s 15h<\/p>\n\n\n\n<p><strong>USF Frei Val\u00e9rio Di Carlo<br>Endere\u00e7o:<\/strong>&nbsp;Rua Rufino Elizaldo, s\/n, Novo Israel<br><strong>Hor\u00e1rio de atendimento<\/strong>: Ter\u00e7a e sexta-feira \u2013 13h<\/p>\n\n\n\n<p><strong>USF Prefeito Manoel Henrique Ribeiro<br>Endere\u00e7o<\/strong>: Rua Leblon, s\/n, Conjunto Residencial Viver Melhor 3, Cidade de Deus<br><strong>Hor\u00e1rio de atendimento:&nbsp;<\/strong>Segunda e ter\u00e7a-feira \u2013 8h \u00e0s 12h \/ 13h \u00e0s 16h<\/p>\n\n\n\n<p><strong>USF Enfermeira Anna Barreto<\/strong><br><strong>Endere\u00e7o<\/strong>: Av. Autaz Mirim, s\/n, Cidade de Deus<br><strong>Hor\u00e1rio de atendimento:&nbsp;<\/strong>Segunda-feira \u2013 8h \u00e0s 11h \/ 13h \u00e0s 16h; ter\u00e7a-feira \u2013 8h \u00e0s 11h; quarta-feira \u2013 13h \u00e0s 16h<\/p>\n\n\n\n<p><strong>USF Armando Mendes<br>Endere\u00e7o:<\/strong>\u00a0Rua Aragar\u00e7as, 786, Conjunto Manoa, Cidade Nova<br><strong>Hor\u00e1rio de atendimento<\/strong>: Segunda e quarta-feira 8h \u00e0s 12h \/ 13h \u00e0s 16h; ter\u00e7a-feira \u2013 8h \u00e0s 13h<\/p>\n\n\n\n<p><strong>USF F\u00e1tima Andrade<\/strong><br><strong>Endere\u00e7o<\/strong>: Rua 52, s\/n, Conj. Amazonino Mendes, Mutir\u00e3o<br><strong>Hor\u00e1rio de atendimento:&nbsp;<\/strong>Segunda-feira \u2013 8h \u00e0s 10h \/ 13h \u00e0s 16h; ter\u00e7a \u2013 8h \u00e0s 11h30 \/ 13h \u00e0s 16h<\/p>\n\n\n\n<p><strong>USF Prefeito Frank Abrahim Lima<\/strong><br><strong>Endere\u00e7o<\/strong>: Rua Abraham Benzion, 161, Conjunto \u00c1guas Claras, Novo Aleixo<br><strong>Hor\u00e1rio de atendimento:\u00a0<\/strong>Segunda e quarta-feira \u2013 8h \u00e0s 12h \/ 13h \u00e0s 16h; ter\u00e7a \u2013 8h \u00e0s 13h <\/p>\n\n\n\n<h3 class=\"wp-block-heading\">ZONA OESTE<\/h3>\n\n\n\n<p><strong>USF S\u00edlvio Santos<\/strong><br><strong>Endere\u00e7o<\/strong>: Rua 23 de Dezembro, s\/n, Compensa II<br><strong>Hor\u00e1rio de atendimento:<\/strong>&nbsp;Segunda, ter\u00e7a e quarta-feira \u2013 8h \u00e0s 11h<\/p>\n\n\n\n<p><strong>USF Dr. Jos\u00e9 Raimundo Franco de S\u00e1<\/strong><br><strong>Endere\u00e7o:&nbsp;<\/strong>Rua Virg\u00edlio Ferreira, 112-120, Alvorada<br><strong>Hor\u00e1rio de atendimento<\/strong>: Segunda, ter\u00e7a, quarta e sexta-feira \u2013 8h \/ 13h<\/p>\n\n\n\n<p><strong>USF Mansour Bulbol<\/strong><br><strong>Endere\u00e7o:<\/strong>&nbsp;Av. Desembargador Jo\u00e3o Machado, s\/n, Alvorada<br><strong>Hor\u00e1rio de atendimento:<\/strong>&nbsp;Segunda, ter\u00e7a e sexta-feira \u2013 10h \/ 15h<\/p>\n\n\n\n<p><strong>USF Vila da Prata<\/strong><br><strong>Endere\u00e7o<\/strong>: Rua Prom\u00e9cio, 150, Vila da Prata<br><strong>Hor\u00e1rio de atendimento:&nbsp;<\/strong>Segunda, ter\u00e7a, quarta e sexta-feira \u2013 10h \u00e0s 17h<\/p>\n\n\n\n<p><strong>USF Santo Ant\u00f4nio<br>Endere\u00e7o:&nbsp;<\/strong>Rua Lauro Bitencourt, s\/n, Santo Ant\u00f4nio<br><strong>Hor\u00e1rio de atendimento<\/strong>: Segunda, ter\u00e7a, quarta e sexta-feira \u2013 8h \/ 13h<\/p>\n\n\n\n<p><strong>USF Lindalva Damasceno<\/strong><br><strong>Endere\u00e7o<\/strong>: Avenida do Turismo, Km 03, s\/n, Tarum\u00e3<br><strong>Hor\u00e1rio de atendimento:<\/strong>&nbsp;Segunda, ter\u00e7a, quarta e sexta-feira \u2013 8h \/ 13h<\/p>\n\n\n\n<p><strong>USF Deodato de Miranda Le\u00e3o<\/strong><br><strong>Endere\u00e7o<\/strong>: Av. Presidente Dutra, s\/n, Gl\u00f3ria<br><strong>Hor\u00e1rio de atendimento:<\/strong>&nbsp;Segunda a sexta-feira \u2013 8h \u00e0s 20h \/ s\u00e1bado \u2013 7h30 \u00e0s 11h30<\/p>\n\n\n\n<p><strong>USF Parque das Tribos<\/strong><br><strong>Endere\u00e7o<\/strong>: Rua Piratapuia, 19, Tarum\u00e3 A\u00e7\u00fa<br><strong>Hor\u00e1rio de atendimento:<\/strong>&nbsp;Segunda, ter\u00e7a, quarta e sexta-feira \u2013 8h \/ 13h<\/p>\n\n\n\n<p><strong>USF Ajuricaba<\/strong><br><strong>Endere\u00e7o<\/strong>: Av. Leste, s\/n, Alvorada<br><strong>Hor\u00e1rio de atendimento:<\/strong>&nbsp;Segunda, ter\u00e7a, quarta e sexta-feira \u2013 8h \/ 13h<\/p>\n\n\n\n<p><strong>USF Leonor de Freitas<\/strong><br><strong>Endere\u00e7o<\/strong>: Av. Brasil, s\/n, Compensa II<br><strong>Hor\u00e1rio de atendimento:<\/strong>\u00a0Segunda, ter\u00e7a, quarta-feira \u2013 8h \u00e0s 11h \/ 13h \u00e0s 17h<\/p>\n\n\n\n<h3 class=\"wp-block-heading\">ZONA RURAL<\/h3>\n\n\n\n<p><strong>Distrito de Sa\u00fade Rural<\/strong><br>Endere\u00e7o: Av. Comandante Paulo Lasmar, s\/n, Conjunto Santos Dumont, Bairro da Paz<br><strong>Hor\u00e1rio de atendimento:&nbsp;<\/strong>Conforme demanda, 8h \u00e0s 16h<\/p>\n\n\n\n<p><strong>USFR Pau Rosa<br>Endere\u00e7o:<\/strong>&nbsp;BR 174, Ramal do Pau-Rosa, s\/n, entrada do Km 21, Assentamento Tarum\u00e3-Mirim<br><strong>Hor\u00e1rio de atendimento:&nbsp;<\/strong>Conforme demanda, 8h \u00e0s 12h<\/p>\n\n\n\n<p><strong>UBSR Conselheira Ada Rodrigues Viana<\/strong><br><strong>Endere\u00e7o:&nbsp;<\/strong>BR 174, Ramal 10, Rua Nova Cana\u00e3<br><strong>Hor\u00e1rio de atendimento:&nbsp;<\/strong>Conforme demanda, 8h \u00e0s 12h<\/p>\n\n\n\n<p><strong>UBSR Nossa Senhora de F\u00e1tima<\/strong><br><strong>Endere\u00e7o:<\/strong>&nbsp;Margem Esquerda Rio Negro, Comunidade N. Sra. de F\u00e1tima<br><strong>Hor\u00e1rio de atendimento:&nbsp;<\/strong>Conforme demanda, 8h \u00e0s 12h<\/p>\n\n\n\n<p><strong>UBSR Nossa Senhora do Livramento<\/strong><br><strong>Endere\u00e7o:<\/strong>&nbsp;Comunidade Livramento \u2013 Zona Rural<br><strong>Hor\u00e1rio de atendimento:&nbsp;<\/strong>Conforme demanda, 8h \u00e0s 12h<\/p>\n\n\n\n<p><strong>UBSR S\u00e3o Pedro<\/strong><br><strong>Endere\u00e7o:<\/strong>&nbsp;Rodovia AM 010, KM 35<br><strong>Hor\u00e1rio de atendimento:&nbsp;<\/strong>Conforme demanda, 8h \u00e0s 12h<\/p>\n\n\n\n<p><strong>Unidade Rural de Apoio Cooperativa do Pau Rosa<\/strong><br><strong>Endere\u00e7o:<\/strong>&nbsp;Assentamento Tarum\u00e3-Mirim, KM 21 &#8211; BR 174<br><strong>Hor\u00e1rio de atendimento:&nbsp;<\/strong>Conforme demanda, 8h \u00e0s 12h<\/p>\n\n\n\n<p><\/p>\n","protected":false},"excerpt":{"rendered":"","protected":false},"author":65,"featured_media":0,"parent":0,"menu_order":0,"comment_status":"closed","ping_status":"closed","template":"templates\/prefeitura.php","meta":{"footnotes":""},"acf":[],"yoast_head":"<!-- This site is optimized with the Yoast SEO plugin v23.0 - https:\/\/yoast.com\/wordpress\/plugins\/seo\/ -->\n<title>Unidades que realizam Teste Tubercul\u00ednico - SEMSA<\/title>\n<meta name=\"robots\" content=\"index, follow, max-snippet:-1, max-image-preview:large, max-video-preview:-1\" \/>\n<link rel=\"canonical\" href=\"https:\/\/www.manaus.am.gov.br\/semsa\/unidades-que-realizam-teste-tuberculinico\/\" \/>\n<meta property=\"og:locale\" content=\"pt_BR\" \/>\n<meta property=\"og:type\" content=\"article\" \/>\n<meta property=\"og:title\" content=\"Unidades que realizam Teste Tubercul\u00ednico - SEMSA\" \/>\n<meta property=\"og:url\" content=\"https:\/\/www.manaus.am.gov.br\/semsa\/unidades-que-realizam-teste-tuberculinico\/\" \/>\n<meta property=\"og:site_name\" content=\"SEMSA\" \/>\n<meta property=\"article:modified_time\" content=\"2026-03-09T13:51:02+00:00\" \/>\n<meta property=\"og:image\" content=\"https:\/\/www.manaus.am.gov.br\/semsa\/wp-content\/uploads\/sites\/8\/2024\/07\/thumb-default-2.png\" \/>\n\t<meta property=\"og:image:width\" content=\"966\" \/>\n\t<meta property=\"og:image:height\" content=\"520\" \/>\n\t<meta property=\"og:image:type\" content=\"image\/png\" \/>\n<meta name=\"twitter:card\" content=\"summary_large_image\" \/>\n<meta name=\"twitter:label1\" content=\"Est. reading time\" \/>\n\t<meta name=\"twitter:data1\" content=\"7 minutos\" \/>\n<script type=\"application\/ld+json\" class=\"yoast-schema-graph\">{\"@context\":\"https:\/\/schema.org\",\"@graph\":[{\"@type\":\"WebPage\",\"@id\":\"https:\/\/www.manaus.am.gov.br\/semsa\/unidades-que-realizam-teste-tuberculinico\/\",\"url\":\"https:\/\/www.manaus.am.gov.br\/semsa\/unidades-que-realizam-teste-tuberculinico\/\",\"name\":\"Unidades que realizam Teste Tubercul\u00ednico - SEMSA\",\"isPartOf\":{\"@id\":\"https:\/\/www.manaus.am.gov.br\/semsa\/#website\"},\"datePublished\":\"2025-08-19T16:05:52+00:00\",\"dateModified\":\"2026-03-09T13:51:02+00:00\",\"inLanguage\":\"pt-BR\",\"potentialAction\":[{\"@type\":\"ReadAction\",\"target\":[\"https:\/\/www.manaus.am.gov.br\/semsa\/unidades-que-realizam-teste-tuberculinico\/\"]}]},{\"@type\":\"WebSite\",\"@id\":\"https:\/\/www.manaus.am.gov.br\/semsa\/#website\",\"url\":\"https:\/\/www.manaus.am.gov.br\/semsa\/\",\"name\":\"SEMSA\",\"description\":\"Secretaria Municipal de Sa\u00fade\",\"alternateName\":\"Secretaria Municipal de Sa\u00fade\",\"potentialAction\":[{\"@type\":\"SearchAction\",\"target\":{\"@type\":\"EntryPoint\",\"urlTemplate\":\"https:\/\/www.manaus.am.gov.br\/semsa\/?s={search_term_string}\"},\"query-input\":\"required name=search_term_string\"}],\"inLanguage\":\"pt-BR\"}]}<\/script>\n<!-- \/ Yoast SEO plugin. -->","yoast_head_json":{"title":"Unidades que realizam Teste Tubercul\u00ednico - SEMSA","robots":{"index":"index","follow":"follow","max-snippet":"max-snippet:-1","max-image-preview":"max-image-preview:large","max-video-preview":"max-video-preview:-1"},"canonical":"https:\/\/www.manaus.am.gov.br\/semsa\/unidades-que-realizam-teste-tuberculinico\/","og_locale":"pt_BR","og_type":"article","og_title":"Unidades que realizam Teste Tubercul\u00ednico - SEMSA","og_url":"https:\/\/www.manaus.am.gov.br\/semsa\/unidades-que-realizam-teste-tuberculinico\/","og_site_name":"SEMSA","article_modified_time":"2026-03-09T13:51:02+00:00","og_image":[{"width":966,"height":520,"url":"https:\/\/www.manaus.am.gov.br\/semsa\/wp-content\/uploads\/sites\/8\/2024\/07\/thumb-default-2.png","type":"image\/png"}],"twitter_card":"summary_large_image","twitter_misc":{"Est. reading time":"7 minutos"},"schema":{"@context":"https:\/\/schema.org","@graph":[{"@type":"WebPage","@id":"https:\/\/www.manaus.am.gov.br\/semsa\/unidades-que-realizam-teste-tuberculinico\/","url":"https:\/\/www.manaus.am.gov.br\/semsa\/unidades-que-realizam-teste-tuberculinico\/","name":"Unidades que realizam Teste Tubercul\u00ednico - SEMSA","isPartOf":{"@id":"https:\/\/www.manaus.am.gov.br\/semsa\/#website"},"datePublished":"2025-08-19T16:05:52+00:00","dateModified":"2026-03-09T13:51:02+00:00","inLanguage":"pt-BR","potentialAction":[{"@type":"ReadAction","target":["https:\/\/www.manaus.am.gov.br\/semsa\/unidades-que-realizam-teste-tuberculinico\/"]}]},{"@type":"WebSite","@id":"https:\/\/www.manaus.am.gov.br\/semsa\/#website","url":"https:\/\/www.manaus.am.gov.br\/semsa\/","name":"SEMSA","description":"Secretaria Municipal de Sa\u00fade","alternateName":"Secretaria Municipal de Sa\u00fade","potentialAction":[{"@type":"SearchAction","target":{"@type":"EntryPoint","urlTemplate":"https:\/\/www.manaus.am.gov.br\/semsa\/?s={search_term_string}"},"query-input":"required name=search_term_string"}],"inLanguage":"pt-BR"}]}},"_links":{"self":[{"href":"https:\/\/www.manaus.am.gov.br\/semsa\/wp-json\/wp\/v2\/pages\/224932"}],"collection":[{"href":"https:\/\/www.manaus.am.gov.br\/semsa\/wp-json\/wp\/v2\/pages"}],"about":[{"href":"https:\/\/www.manaus.am.gov.br\/semsa\/wp-json\/wp\/v2\/types\/page"}],"author":[{"embeddable":true,"href":"https:\/\/www.manaus.am.gov.br\/semsa\/wp-json\/wp\/v2\/users\/65"}],"replies":[{"embeddable":true,"href":"https:\/\/www.manaus.am.gov.br\/semsa\/wp-json\/wp\/v2\/comments?post=224932"}],"version-history":[{"count":9,"href":"https:\/\/www.manaus.am.gov.br\/semsa\/wp-json\/wp\/v2\/pages\/224932\/revisions"}],"predecessor-version":[{"id":227919,"href":"https:\/\/www.manaus.am.gov.br\/semsa\/wp-json\/wp\/v2\/pages\/224932\/revisions\/227919"}],"wp:attachment":[{"href":"https:\/\/www.manaus.am.gov.br\/semsa\/wp-json\/wp\/v2\/media?parent=224932"}],"curies":[{"name":"wp","href":"https:\/\/api.w.org\/{rel}","templated":true}]}}