{"id":223300,"date":"2025-05-13T14:11:39","date_gmt":"2025-05-13T18:11:39","guid":{"rendered":"https:\/\/www.manaus.am.gov.br\/semsa\/?page_id=223300"},"modified":"2026-03-31T15:41:55","modified_gmt":"2026-03-31T19:41:55","slug":"unidade-de-saude-da-familia-walid-aziz","status":"publish","type":"page","link":"https:\/\/www.manaus.am.gov.br\/semsa\/unidades-basicas-de-saude-ubs\/unidade-de-saude-da-familia-walid-aziz\/","title":{"rendered":"Unidade de Sa\u00fade da Fam\u00edlia Walid Aziz"},"content":{"rendered":"\n<p>Endere\u00e7o: Av. Jos\u00e9 Moacir Teberga de Toledo, s\/n, Parque Mosaico \u2013 Planalto<br>Hor\u00e1rio de atendimento ao p\u00fablico: Segunda a sexta-feira das 7h \u00e0s 17h<br>Acesso aos servi\u00e7os: Por meio de agendamento, feito diretamente na Unidade.<\/p>\n\n\n\n<h3 class=\"wp-block-heading\">Servi\u00e7os<\/h3>\n\n\n\n<p>Consultas m\u00e9dicas em cl\u00ednica geral e pediatria;<br>Consulta de enfermagem;<br>Consulta de odontologia;<br>Planejamento reprodutivo;<br>Pr\u00e9-natal da gestante e do parceiro;<br>Aten\u00e7\u00e3o \u00e0 sa\u00fade da crian\u00e7a, adolescente, adulto e idoso;<br>Imuniza\u00e7\u00e3o;<br>Controle e acompanhamento da hipertens\u00e3o e diabetes;<br>Dispensa\u00e7\u00e3o de medicamentos (inclusive antibi\u00f3ticos e medicamentos controlados);<br>Dispensa\u00e7\u00e3o de medicamentos para HIV\/Aids;<br>Acompanhamento de pacientes com HIV\/Aids;<br>Ambulat\u00f3rio de Seguimento do Beb\u00ea de Risco;<br>Programa da Tuberculose;<br>Programa da Hansen\u00edase;<br>Acompanhamento das condicionalidades de sa\u00fade dos Programas Sociais.<br>Exames: Laboratoriais, preventivo do c\u00e2ncer do colo do \u00fatero, teste do pezinho, testes r\u00e1pidos para diagn\u00f3stico de s\u00edfilis, HIV, hepatites e teste de gravidez.<\/p>\n","protected":false},"excerpt":{"rendered":"","protected":false},"author":65,"featured_media":0,"parent":213920,"menu_order":0,"comment_status":"closed","ping_status":"closed","template":"templates\/turismo.php","meta":{"footnotes":""},"acf":[],"yoast_head":"<!-- This site is optimized with the Yoast SEO plugin v23.0 - https:\/\/yoast.com\/wordpress\/plugins\/seo\/ -->\n<title>Unidade de Sa\u00fade da Fam\u00edlia Walid Aziz - SEMSA<\/title>\n<meta name=\"robots\" content=\"index, follow, max-snippet:-1, max-image-preview:large, max-video-preview:-1\" \/>\n<link rel=\"canonical\" href=\"https:\/\/www.manaus.am.gov.br\/semsa\/unidades-basicas-de-saude-ubs\/unidade-de-saude-da-familia-walid-aziz\/\" \/>\n<meta property=\"og:locale\" content=\"pt_BR\" \/>\n<meta property=\"og:type\" content=\"article\" \/>\n<meta property=\"og:title\" content=\"Unidade de Sa\u00fade da Fam\u00edlia Walid Aziz - SEMSA\" \/>\n<meta property=\"og:url\" content=\"https:\/\/www.manaus.am.gov.br\/semsa\/unidades-basicas-de-saude-ubs\/unidade-de-saude-da-familia-walid-aziz\/\" \/>\n<meta property=\"og:site_name\" content=\"SEMSA\" \/>\n<meta property=\"article:modified_time\" content=\"2026-03-31T19:41:55+00:00\" \/>\n<meta property=\"og:image\" content=\"https:\/\/www.manaus.am.gov.br\/semsa\/wp-content\/uploads\/sites\/8\/2024\/07\/thumb-default-2.png\" \/>\n\t<meta property=\"og:image:width\" content=\"966\" \/>\n\t<meta property=\"og:image:height\" content=\"520\" \/>\n\t<meta property=\"og:image:type\" content=\"image\/png\" \/>\n<meta name=\"twitter:card\" content=\"summary_large_image\" \/>\n<meta name=\"twitter:label1\" content=\"Est. reading time\" \/>\n\t<meta name=\"twitter:data1\" content=\"1 minuto\" \/>\n<script type=\"application\/ld+json\" class=\"yoast-schema-graph\">{\"@context\":\"https:\/\/schema.org\",\"@graph\":[{\"@type\":\"WebPage\",\"@id\":\"https:\/\/www.manaus.am.gov.br\/semsa\/unidades-basicas-de-saude-ubs\/unidade-de-saude-da-familia-walid-aziz\/\",\"url\":\"https:\/\/www.manaus.am.gov.br\/semsa\/unidades-basicas-de-saude-ubs\/unidade-de-saude-da-familia-walid-aziz\/\",\"name\":\"Unidade de Sa\u00fade da Fam\u00edlia Walid Aziz - SEMSA\",\"isPartOf\":{\"@id\":\"https:\/\/www.manaus.am.gov.br\/semsa\/#website\"},\"datePublished\":\"2025-05-13T18:11:39+00:00\",\"dateModified\":\"2026-03-31T19:41:55+00:00\",\"breadcrumb\":{\"@id\":\"https:\/\/www.manaus.am.gov.br\/semsa\/unidades-basicas-de-saude-ubs\/unidade-de-saude-da-familia-walid-aziz\/#breadcrumb\"},\"inLanguage\":\"pt-BR\",\"potentialAction\":[{\"@type\":\"ReadAction\",\"target\":[\"https:\/\/www.manaus.am.gov.br\/semsa\/unidades-basicas-de-saude-ubs\/unidade-de-saude-da-familia-walid-aziz\/\"]}]},{\"@type\":\"BreadcrumbList\",\"@id\":\"https:\/\/www.manaus.am.gov.br\/semsa\/unidades-basicas-de-saude-ubs\/unidade-de-saude-da-familia-walid-aziz\/#breadcrumb\",\"itemListElement\":[{\"@type\":\"ListItem\",\"position\":1,\"name\":\"Unidades B\u00e1sicas de Sa\u00fade &#8211; UBS\",\"item\":\"https:\/\/www.manaus.am.gov.br\/semsa\/unidades-basicas-de-saude-ubs\/\"},{\"@type\":\"ListItem\",\"position\":2,\"name\":\"Unidade de Sa\u00fade da Fam\u00edlia Walid Aziz\"}]},{\"@type\":\"WebSite\",\"@id\":\"https:\/\/www.manaus.am.gov.br\/semsa\/#website\",\"url\":\"https:\/\/www.manaus.am.gov.br\/semsa\/\",\"name\":\"SEMSA\",\"description\":\"Secretaria Municipal de Sa\u00fade\",\"alternateName\":\"Secretaria Municipal de Sa\u00fade\",\"potentialAction\":[{\"@type\":\"SearchAction\",\"target\":{\"@type\":\"EntryPoint\",\"urlTemplate\":\"https:\/\/www.manaus.am.gov.br\/semsa\/?s={search_term_string}\"},\"query-input\":\"required name=search_term_string\"}],\"inLanguage\":\"pt-BR\"}]}<\/script>\n<!-- \/ Yoast SEO plugin. -->","yoast_head_json":{"title":"Unidade de Sa\u00fade da Fam\u00edlia Walid Aziz - SEMSA","robots":{"index":"index","follow":"follow","max-snippet":"max-snippet:-1","max-image-preview":"max-image-preview:large","max-video-preview":"max-video-preview:-1"},"canonical":"https:\/\/www.manaus.am.gov.br\/semsa\/unidades-basicas-de-saude-ubs\/unidade-de-saude-da-familia-walid-aziz\/","og_locale":"pt_BR","og_type":"article","og_title":"Unidade de Sa\u00fade da Fam\u00edlia Walid Aziz - SEMSA","og_url":"https:\/\/www.manaus.am.gov.br\/semsa\/unidades-basicas-de-saude-ubs\/unidade-de-saude-da-familia-walid-aziz\/","og_site_name":"SEMSA","article_modified_time":"2026-03-31T19:41:55+00:00","og_image":[{"width":966,"height":520,"url":"https:\/\/www.manaus.am.gov.br\/semsa\/wp-content\/uploads\/sites\/8\/2024\/07\/thumb-default-2.png","type":"image\/png"}],"twitter_card":"summary_large_image","twitter_misc":{"Est. reading time":"1 minuto"},"schema":{"@context":"https:\/\/schema.org","@graph":[{"@type":"WebPage","@id":"https:\/\/www.manaus.am.gov.br\/semsa\/unidades-basicas-de-saude-ubs\/unidade-de-saude-da-familia-walid-aziz\/","url":"https:\/\/www.manaus.am.gov.br\/semsa\/unidades-basicas-de-saude-ubs\/unidade-de-saude-da-familia-walid-aziz\/","name":"Unidade de Sa\u00fade da Fam\u00edlia Walid Aziz - SEMSA","isPartOf":{"@id":"https:\/\/www.manaus.am.gov.br\/semsa\/#website"},"datePublished":"2025-05-13T18:11:39+00:00","dateModified":"2026-03-31T19:41:55+00:00","breadcrumb":{"@id":"https:\/\/www.manaus.am.gov.br\/semsa\/unidades-basicas-de-saude-ubs\/unidade-de-saude-da-familia-walid-aziz\/#breadcrumb"},"inLanguage":"pt-BR","potentialAction":[{"@type":"ReadAction","target":["https:\/\/www.manaus.am.gov.br\/semsa\/unidades-basicas-de-saude-ubs\/unidade-de-saude-da-familia-walid-aziz\/"]}]},{"@type":"BreadcrumbList","@id":"https:\/\/www.manaus.am.gov.br\/semsa\/unidades-basicas-de-saude-ubs\/unidade-de-saude-da-familia-walid-aziz\/#breadcrumb","itemListElement":[{"@type":"ListItem","position":1,"name":"Unidades B\u00e1sicas de Sa\u00fade &#8211; UBS","item":"https:\/\/www.manaus.am.gov.br\/semsa\/unidades-basicas-de-saude-ubs\/"},{"@type":"ListItem","position":2,"name":"Unidade de Sa\u00fade da Fam\u00edlia Walid Aziz"}]},{"@type":"WebSite","@id":"https:\/\/www.manaus.am.gov.br\/semsa\/#website","url":"https:\/\/www.manaus.am.gov.br\/semsa\/","name":"SEMSA","description":"Secretaria Municipal de Sa\u00fade","alternateName":"Secretaria Municipal de Sa\u00fade","potentialAction":[{"@type":"SearchAction","target":{"@type":"EntryPoint","urlTemplate":"https:\/\/www.manaus.am.gov.br\/semsa\/?s={search_term_string}"},"query-input":"required name=search_term_string"}],"inLanguage":"pt-BR"}]}},"_links":{"self":[{"href":"https:\/\/www.manaus.am.gov.br\/semsa\/wp-json\/wp\/v2\/pages\/223300"}],"collection":[{"href":"https:\/\/www.manaus.am.gov.br\/semsa\/wp-json\/wp\/v2\/pages"}],"about":[{"href":"https:\/\/www.manaus.am.gov.br\/semsa\/wp-json\/wp\/v2\/types\/page"}],"author":[{"embeddable":true,"href":"https:\/\/www.manaus.am.gov.br\/semsa\/wp-json\/wp\/v2\/users\/65"}],"replies":[{"embeddable":true,"href":"https:\/\/www.manaus.am.gov.br\/semsa\/wp-json\/wp\/v2\/comments?post=223300"}],"version-history":[{"count":3,"href":"https:\/\/www.manaus.am.gov.br\/semsa\/wp-json\/wp\/v2\/pages\/223300\/revisions"}],"predecessor-version":[{"id":228342,"href":"https:\/\/www.manaus.am.gov.br\/semsa\/wp-json\/wp\/v2\/pages\/223300\/revisions\/228342"}],"up":[{"embeddable":true,"href":"https:\/\/www.manaus.am.gov.br\/semsa\/wp-json\/wp\/v2\/pages\/213920"}],"wp:attachment":[{"href":"https:\/\/www.manaus.am.gov.br\/semsa\/wp-json\/wp\/v2\/media?parent=223300"}],"curies":[{"name":"wp","href":"https:\/\/api.w.org\/{rel}","templated":true}]}}