{"id":220590,"date":"2025-01-27T10:18:02","date_gmt":"2025-01-27T14:18:02","guid":{"rendered":"https:\/\/www.manaus.am.gov.br\/semsa\/?page_id=220590"},"modified":"2025-05-06T10:13:45","modified_gmt":"2025-05-06T14:13:45","slug":"policlinica-dr-djalma-batista","status":"publish","type":"page","link":"https:\/\/www.manaus.am.gov.br\/semsa\/unidades-basicas-de-saude-ubs\/policlinica-dr-djalma-batista\/","title":{"rendered":"Policl\u00ednica Dr. Djalma Batista"},"content":{"rendered":"\n<p>Endere\u00e7o: Rua 23 de Dezembro, s\/n \u2013 Compensa II<br>Hor\u00e1rio de atendimento ao p\u00fablico: Segunda a sexta-feira das 7h \u00e0s 17h<br>Acesso aos servi\u00e7os: Por meio de agendamento, feito diretamente na Unidade.<\/p>\n\n\n\n<h3 class=\"wp-block-heading\">Servi\u00e7os<\/h3>\n\n\n\n<p>Consultas m\u00e9dicas em cl\u00ednica geral, pediatria e ginecologia;<br>Consulta de enfermagem;<br>Consulta de odontologia;<br>Planejamento reprodutivo;<br>Pr\u00e9-natal da gestante e do parceiro;<br>Aten\u00e7\u00e3o \u00e0 sa\u00fade da crian\u00e7a, adolescente, adulto e idoso;<br>Imuniza\u00e7\u00e3o;<br>Controle e acompanhamento da hipertens\u00e3o e diabetes;<br>Automonitoramento e controle da glicemia capilar;<br>Dispensa\u00e7\u00e3o de medicamentos;<br>Curativos;<br>Programa da Tuberculose;<br>Programa da Hansen\u00edase;<br>Acompanhamento das condicionalidades de sa\u00fade dos Programas Sociais.<br>Exames: Laboratoriais, Preventivo do c\u00e2ncer do colo do \u00fatero, teste do pezinho, testes r\u00e1pidos para diagn\u00f3stico de s\u00edfilis, HIV e hepatites, e teste de gravidez.<\/p>\n","protected":false},"excerpt":{"rendered":"","protected":false},"author":65,"featured_media":0,"parent":213920,"menu_order":0,"comment_status":"closed","ping_status":"closed","template":"templates\/turismo.php","meta":{"footnotes":""},"acf":[],"yoast_head":"<!-- This site is optimized with the Yoast SEO plugin v23.0 - https:\/\/yoast.com\/wordpress\/plugins\/seo\/ -->\n<title>Policl\u00ednica Dr. Djalma Batista - SEMSA<\/title>\n<meta name=\"robots\" content=\"index, follow, max-snippet:-1, max-image-preview:large, max-video-preview:-1\" \/>\n<link rel=\"canonical\" href=\"https:\/\/www.manaus.am.gov.br\/semsa\/unidades-basicas-de-saude-ubs\/policlinica-dr-djalma-batista\/\" \/>\n<meta property=\"og:locale\" content=\"pt_BR\" \/>\n<meta property=\"og:type\" content=\"article\" \/>\n<meta property=\"og:title\" content=\"Policl\u00ednica Dr. Djalma Batista - SEMSA\" \/>\n<meta property=\"og:url\" content=\"https:\/\/www.manaus.am.gov.br\/semsa\/unidades-basicas-de-saude-ubs\/policlinica-dr-djalma-batista\/\" \/>\n<meta property=\"og:site_name\" content=\"SEMSA\" \/>\n<meta property=\"article:modified_time\" content=\"2025-05-06T14:13:45+00:00\" \/>\n<meta property=\"og:image\" content=\"https:\/\/www.manaus.am.gov.br\/semsa\/wp-content\/uploads\/sites\/8\/2024\/07\/thumb-default-2.png\" \/>\n\t<meta property=\"og:image:width\" content=\"966\" \/>\n\t<meta property=\"og:image:height\" content=\"520\" \/>\n\t<meta property=\"og:image:type\" content=\"image\/png\" \/>\n<meta name=\"twitter:card\" content=\"summary_large_image\" \/>\n<meta name=\"twitter:label1\" content=\"Est. reading time\" \/>\n\t<meta name=\"twitter:data1\" content=\"1 minuto\" \/>\n<script type=\"application\/ld+json\" class=\"yoast-schema-graph\">{\"@context\":\"https:\/\/schema.org\",\"@graph\":[{\"@type\":\"WebPage\",\"@id\":\"https:\/\/www.manaus.am.gov.br\/semsa\/unidades-basicas-de-saude-ubs\/policlinica-dr-djalma-batista\/\",\"url\":\"https:\/\/www.manaus.am.gov.br\/semsa\/unidades-basicas-de-saude-ubs\/policlinica-dr-djalma-batista\/\",\"name\":\"Policl\u00ednica Dr. Djalma Batista - SEMSA\",\"isPartOf\":{\"@id\":\"https:\/\/www.manaus.am.gov.br\/semsa\/#website\"},\"datePublished\":\"2025-01-27T14:18:02+00:00\",\"dateModified\":\"2025-05-06T14:13:45+00:00\",\"breadcrumb\":{\"@id\":\"https:\/\/www.manaus.am.gov.br\/semsa\/unidades-basicas-de-saude-ubs\/policlinica-dr-djalma-batista\/#breadcrumb\"},\"inLanguage\":\"pt-BR\",\"potentialAction\":[{\"@type\":\"ReadAction\",\"target\":[\"https:\/\/www.manaus.am.gov.br\/semsa\/unidades-basicas-de-saude-ubs\/policlinica-dr-djalma-batista\/\"]}]},{\"@type\":\"BreadcrumbList\",\"@id\":\"https:\/\/www.manaus.am.gov.br\/semsa\/unidades-basicas-de-saude-ubs\/policlinica-dr-djalma-batista\/#breadcrumb\",\"itemListElement\":[{\"@type\":\"ListItem\",\"position\":1,\"name\":\"Unidades B\u00e1sicas de Sa\u00fade &#8211; UBS\",\"item\":\"https:\/\/www.manaus.am.gov.br\/semsa\/unidades-basicas-de-saude-ubs\/\"},{\"@type\":\"ListItem\",\"position\":2,\"name\":\"Policl\u00ednica Dr. Djalma Batista\"}]},{\"@type\":\"WebSite\",\"@id\":\"https:\/\/www.manaus.am.gov.br\/semsa\/#website\",\"url\":\"https:\/\/www.manaus.am.gov.br\/semsa\/\",\"name\":\"SEMSA\",\"description\":\"Secretaria Municipal de Sa\u00fade\",\"alternateName\":\"Secretaria Municipal de Sa\u00fade\",\"potentialAction\":[{\"@type\":\"SearchAction\",\"target\":{\"@type\":\"EntryPoint\",\"urlTemplate\":\"https:\/\/www.manaus.am.gov.br\/semsa\/?s={search_term_string}\"},\"query-input\":\"required name=search_term_string\"}],\"inLanguage\":\"pt-BR\"}]}<\/script>\n<!-- \/ Yoast SEO plugin. -->","yoast_head_json":{"title":"Policl\u00ednica Dr. Djalma Batista - SEMSA","robots":{"index":"index","follow":"follow","max-snippet":"max-snippet:-1","max-image-preview":"max-image-preview:large","max-video-preview":"max-video-preview:-1"},"canonical":"https:\/\/www.manaus.am.gov.br\/semsa\/unidades-basicas-de-saude-ubs\/policlinica-dr-djalma-batista\/","og_locale":"pt_BR","og_type":"article","og_title":"Policl\u00ednica Dr. Djalma Batista - SEMSA","og_url":"https:\/\/www.manaus.am.gov.br\/semsa\/unidades-basicas-de-saude-ubs\/policlinica-dr-djalma-batista\/","og_site_name":"SEMSA","article_modified_time":"2025-05-06T14:13:45+00:00","og_image":[{"width":966,"height":520,"url":"https:\/\/www.manaus.am.gov.br\/semsa\/wp-content\/uploads\/sites\/8\/2024\/07\/thumb-default-2.png","type":"image\/png"}],"twitter_card":"summary_large_image","twitter_misc":{"Est. reading time":"1 minuto"},"schema":{"@context":"https:\/\/schema.org","@graph":[{"@type":"WebPage","@id":"https:\/\/www.manaus.am.gov.br\/semsa\/unidades-basicas-de-saude-ubs\/policlinica-dr-djalma-batista\/","url":"https:\/\/www.manaus.am.gov.br\/semsa\/unidades-basicas-de-saude-ubs\/policlinica-dr-djalma-batista\/","name":"Policl\u00ednica Dr. Djalma Batista - SEMSA","isPartOf":{"@id":"https:\/\/www.manaus.am.gov.br\/semsa\/#website"},"datePublished":"2025-01-27T14:18:02+00:00","dateModified":"2025-05-06T14:13:45+00:00","breadcrumb":{"@id":"https:\/\/www.manaus.am.gov.br\/semsa\/unidades-basicas-de-saude-ubs\/policlinica-dr-djalma-batista\/#breadcrumb"},"inLanguage":"pt-BR","potentialAction":[{"@type":"ReadAction","target":["https:\/\/www.manaus.am.gov.br\/semsa\/unidades-basicas-de-saude-ubs\/policlinica-dr-djalma-batista\/"]}]},{"@type":"BreadcrumbList","@id":"https:\/\/www.manaus.am.gov.br\/semsa\/unidades-basicas-de-saude-ubs\/policlinica-dr-djalma-batista\/#breadcrumb","itemListElement":[{"@type":"ListItem","position":1,"name":"Unidades B\u00e1sicas de Sa\u00fade &#8211; UBS","item":"https:\/\/www.manaus.am.gov.br\/semsa\/unidades-basicas-de-saude-ubs\/"},{"@type":"ListItem","position":2,"name":"Policl\u00ednica Dr. Djalma Batista"}]},{"@type":"WebSite","@id":"https:\/\/www.manaus.am.gov.br\/semsa\/#website","url":"https:\/\/www.manaus.am.gov.br\/semsa\/","name":"SEMSA","description":"Secretaria Municipal de Sa\u00fade","alternateName":"Secretaria Municipal de Sa\u00fade","potentialAction":[{"@type":"SearchAction","target":{"@type":"EntryPoint","urlTemplate":"https:\/\/www.manaus.am.gov.br\/semsa\/?s={search_term_string}"},"query-input":"required name=search_term_string"}],"inLanguage":"pt-BR"}]}},"_links":{"self":[{"href":"https:\/\/www.manaus.am.gov.br\/semsa\/wp-json\/wp\/v2\/pages\/220590"}],"collection":[{"href":"https:\/\/www.manaus.am.gov.br\/semsa\/wp-json\/wp\/v2\/pages"}],"about":[{"href":"https:\/\/www.manaus.am.gov.br\/semsa\/wp-json\/wp\/v2\/types\/page"}],"author":[{"embeddable":true,"href":"https:\/\/www.manaus.am.gov.br\/semsa\/wp-json\/wp\/v2\/users\/65"}],"replies":[{"embeddable":true,"href":"https:\/\/www.manaus.am.gov.br\/semsa\/wp-json\/wp\/v2\/comments?post=220590"}],"version-history":[{"count":4,"href":"https:\/\/www.manaus.am.gov.br\/semsa\/wp-json\/wp\/v2\/pages\/220590\/revisions"}],"predecessor-version":[{"id":223095,"href":"https:\/\/www.manaus.am.gov.br\/semsa\/wp-json\/wp\/v2\/pages\/220590\/revisions\/223095"}],"up":[{"embeddable":true,"href":"https:\/\/www.manaus.am.gov.br\/semsa\/wp-json\/wp\/v2\/pages\/213920"}],"wp:attachment":[{"href":"https:\/\/www.manaus.am.gov.br\/semsa\/wp-json\/wp\/v2\/media?parent=220590"}],"curies":[{"name":"wp","href":"https:\/\/api.w.org\/{rel}","templated":true}]}}