{"id":220282,"date":"2025-01-21T11:56:34","date_gmt":"2025-01-21T15:56:34","guid":{"rendered":"https:\/\/www.manaus.am.gov.br\/semsa\/?page_id=220282"},"modified":"2026-03-19T14:38:34","modified_gmt":"2026-03-19T18:38:34","slug":"iii-mostra-manaus-aqui-tem-sus","status":"publish","type":"page","link":"https:\/\/www.manaus.am.gov.br\/semsa\/escola-de-saude-publica\/eventos\/iii-mostra-manaus-aqui-tem-sus\/","title":{"rendered":"III Mostra &#8220;Manaus, aqui tem SUS&#8221;"},"content":{"rendered":"\n<figure class=\"wp-block-image size-full\"><img loading=\"lazy\" decoding=\"async\" width=\"814\" height=\"415\" src=\"https:\/\/www.manaus.am.gov.br\/semsa\/wp-content\/uploads\/sites\/8\/2025\/01\/III-Mostra-Aqui-Tem-SUS.png\" alt=\"\" class=\"wp-image-220384\" srcset=\"https:\/\/www.manaus.am.gov.br\/semsa\/wp-content\/uploads\/sites\/8\/2025\/01\/III-Mostra-Aqui-Tem-SUS.png 814w, https:\/\/www.manaus.am.gov.br\/semsa\/wp-content\/uploads\/sites\/8\/2025\/01\/III-Mostra-Aqui-Tem-SUS-300x153.png 300w, https:\/\/www.manaus.am.gov.br\/semsa\/wp-content\/uploads\/sites\/8\/2025\/01\/III-Mostra-Aqui-Tem-SUS-768x392.png 768w\" sizes=\"(max-width: 814px) 100vw, 814px\" \/><\/figure>\n\n\n\n<p><\/p>\n\n\n\n<p>A Secretaria Municipal de Sa\u00fade de Manaus informa que as inscri\u00e7\u00f5es de experi\u00eancias para participa\u00e7\u00e3o na III Mostra Manaus, Aqui tem SUS, poder\u00e3o ser feitas no per\u00edodo de 22 de janeiro a 10 de fevereiro de 2025.<\/p>\n\n\n\n<p>As inscri\u00e7\u00f5es dever\u00e3o ser feitas exclusivamente no formato online, pelo link <a href=\"https:\/\/SEMSAforms.manaus.am.gov.br\/aquitemsus\">https:\/\/SEMSAforms.manaus.am.gov.br\/aquitemsus<\/a><\/p>\n\n\n\n<p><\/p>\n\n\n\n<p>A III Mostra Manaus Aqui tem SUS ser\u00e1 realizada entre os dias 18 e 20 de mar\u00e7o de 2025, tem como objetivos propiciar o compartilhamento de experi\u00eancias bem-sucedidas no \u00e2mbito do SUS e promover um espa\u00e7o para a troca de experi\u00eancias e reflex\u00f5es sobre a gest\u00e3o e organiza\u00e7\u00e3o dos servi\u00e7os de sa\u00fade.<\/p>\n\n\n\n<p>Poder\u00e3o ser inscritas experi\u00eancias realizadas por equipes de trabalhadores do munic\u00edpio e\/ou experi\u00eancias da gest\u00e3o municipal, incluindo aquelas executadas de forma compartilhada, cooperada, intersetorial ou interfederativa, nos territ\u00f3rios.<\/p>\n\n\n\n<p>Cada experi\u00eancia apresentada na Mostra receber\u00e1 Certificado de Apresenta\u00e7\u00e3o de Trabalho, na modalidade apresenta\u00e7\u00e3o oral e\/ou banner. Cada experi\u00eancia classificada para a Etapa Apresenta\u00e7\u00e3o Oral receber\u00e1 Certificado de Honra ao M\u00e9rito. Os cinco primeiros colocados, receber\u00e3o Certificados correspondentes, do primeiro ao quinto lugares.<\/p>\n\n\n\n<p>As melhores experi\u00eancias da Mostra ser\u00e3o premiadas com Trof\u00e9us e outros pr\u00eamios a serem divulgados posteriormente. As experi\u00eancias melhor classificadas na Etapa Apresenta\u00e7\u00e3o Oral representar\u00e3o a Semsa Manaus, na VI Mostra Amazonas, aqui tem SUS, no limite de vagas por munic\u00edpio deste evento.<\/p>\n\n\n\n<p>Ser\u00e1 concedido Certificado de Melhor Trabalho da \u00c1rea Tem\u00e1tica \u00e0s experi\u00eancias que receberem maior nota para cada \u00e1rea tem\u00e1tica. Aos tr\u00eas trabalhos com maior quantidade de votos no J\u00fari Popular, ser\u00e1 concedido Certificado correspondentes ao primeiro, segundo e terceiro lugares na Categoria J\u00fari Popular.<\/p>\n\n\n\n<p>Mais informa\u00e7\u00f5es e orienta\u00e7\u00f5es poder\u00e3o ser obtidas no Regulamento da Mostra ou pelo e-mail:&nbsp;manausaquitemsus@manaus.am.gov.br<\/p>\n\n\n\n<p><\/p>\n\n\n\n<p><a href=\"https:\/\/www.manaus.am.gov.br\/semsa\/wp-content\/uploads\/sites\/8\/2025\/01\/REGULAMENTO-DA-III-MOSTRA-MANAUS-AQUI-TEM-SUS-MANAUS-DOM-5993-1.pdf\">Regulamento da III Mostra &#8220;Manaus, aqui tem SUS&#8221;<\/a><\/p>\n\n\n\n<p><\/p>\n\n\n\n<p><a href=\"https:\/\/www.manaus.am.gov.br\/semsa\/wp-content\/uploads\/sites\/8\/2025\/02\/Portaria-153_2025-DOM-6010-Comissao-de-avaliadores-da-III-Mostra-Manaus-aqui-tem-SUS.pdf\">Comiss\u00e3o de Avaliadores das Etapas Escrita e Oral<\/a><\/p>\n\n\n\n<p><\/p>\n\n\n\n<p><a href=\"https:\/\/www.manaus.am.gov.br\/semsa\/wp-content\/uploads\/sites\/8\/2025\/02\/III-Mostra-Manaus-Aqui-Tem-SUS_Trabalhos-Validados.pdf\">Experi\u00eancias validadas na III Mostra &#8220;Manaus, aqui tem SUS&#8221;<\/a><\/p>\n\n\n\n<p><\/p>\n\n\n\n<p><a href=\"https:\/\/www.manaus.am.gov.br\/semsa\/wp-content\/uploads\/sites\/8\/2025\/02\/III-Mostra-Manaus-Aqui-Tem-SUS_Trabalhos-Validados_ERRATA-1.pdf\">Lista das Experi\u00eancias validadas na III Mostra &#8220;Manaus, aqui tem SUS&#8221; &#8211; ERRATA<\/a><\/p>\n\n\n\n<p><\/p>\n\n\n\n<p><a href=\"https:\/\/www.manaus.am.gov.br\/semsa\/wp-content\/uploads\/sites\/8\/2025\/03\/III-Mostra-Manaus-Aqui-Tem-SUS_RESULTADO_DA_ETAPA_ESCRITA_Trabalhos-para-Exposicao-de-Experiencias-Exitosas-Banner.pdf\">Resultado da Etapa Escrita (Trabalhos Classificados para Exposi\u00e7\u00e3o de Experi\u00eancias Existosas)<\/a><\/p>\n\n\n\n<p><\/p>\n\n\n\n<p><a href=\"https:\/\/www.manaus.am.gov.br\/semsa\/wp-content\/uploads\/sites\/8\/2025\/03\/III-Mostra-Manaus-Aqui-Tem-SUS_RESULTADO_Trabalhos-Classificados-para-Apresentacao-Oral.pdf\">Lista de Trabalhos Classificados para Etapa Apresenta\u00e7\u00e3o Oral (Prazo para envio: 14 de mar\u00e7o de 2025)<\/a><\/p>\n\n\n\n<p><\/p>\n\n\n\n<p><a href=\"https:\/\/www.manaus.am.gov.br\/semsa\/wp-content\/uploads\/sites\/8\/2025\/03\/Modelo-Banner-III-Mostra-Manaus_80x120cm-1-1.pptx\">Modelo do banner&nbsp; III Mostra &#8220;Manaus, aqui tem SUS&#8221;<\/a><\/p>\n\n\n\n<p><\/p>\n\n\n\n<p><a href=\"https:\/\/www.manaus.am.gov.br\/semsa\/wp-content\/uploads\/sites\/8\/2025\/03\/Apresentacao_III-MostraAquitemSUS-1-1.pptx\">Modelo  de slide para  apresenta\u00e7\u00e3o oral<\/a><\/p>\n\n\n\n<p><\/p>\n\n\n\n<p><a href=\"https:\/\/www.manaus.am.gov.br\/semsa\/wp-content\/uploads\/sites\/8\/2025\/03\/PROGRAMAC\u0327A\u0303O-DA-III-MOSTRA-MANAUS-AQUI-TEM-SUS-2025.pdf\">Programa\u00e7\u00e3o da III Mostra &#8220;Manaus, aqui tem SUS&#8221;<\/a><\/p>\n\n\n\n<p><\/p>\n\n\n\n<p><a href=\"https:\/\/www.manaus.am.gov.br\/semsa\/wp-content\/uploads\/sites\/8\/2025\/03\/RESULTADO-MELHOR-TRABALHO-POR-AREA-TEMATICA-DA-III-MOSTRA-MANAUS-AQUI-TEM-SUS.pdf\">Resultado de melhor trabalho por \u00e1rea tem\u00e1tica da III Mostra &#8220;Manaus, aqui tem SUS&#8221;<\/a><\/p>\n\n\n\n<p><\/p>\n\n\n\n<p><a href=\"https:\/\/www.manaus.am.gov.br\/semsa\/wp-content\/uploads\/sites\/8\/2025\/03\/RESULTADO-DA-ETAPA-JURI-POPULAR-DA-III-MOSTRA-MANAUS-AQUI-TEM-SUS.pdf\">Resultado do J\u00fari Popular da III Mostra &#8220;Manaus, aqui tem SUS<\/a>&#8220;<\/p>\n\n\n\n<p><\/p>\n\n\n\n<p><a href=\"https:\/\/www.manaus.am.gov.br\/semsa\/wp-content\/uploads\/sites\/8\/2025\/03\/RESULTADO-DA-ETAPA-APRESENTACAO-ORAL-DA-III-MOSTRA-MANAUS-AQUI-TEM-SUS.pdf\">Resultado final da III Mostra &#8220;Manaus, aqui tem SUS&#8221;<\/a><\/p>\n\n\n\n<p><\/p>\n\n\n\n<p><strong><a href=\"https:\/\/www.manaus.am.gov.br\/semsa\/wp-content\/uploads\/sites\/8\/2026\/03\/ANAIS-III-MOSTRA-MANAUS-AQUI-TEM-SUS-EDICAO-2025.pdf\">Anais III Mostra &#8220;Manaus, aqui tem SUS<\/a><\/strong>&#8220;<\/p>\n\n\n\n<p><\/p>\n\n\n\n<p><\/p>\n\n\n\n<p><\/p>\n","protected":false},"excerpt":{"rendered":"","protected":false},"author":65,"featured_media":0,"parent":215247,"menu_order":0,"comment_status":"closed","ping_status":"closed","template":"templates\/turismo.php","meta":{"footnotes":""},"acf":[],"yoast_head":"<!-- This site is optimized with the Yoast SEO plugin v23.0 - https:\/\/yoast.com\/wordpress\/plugins\/seo\/ -->\n<title>III Mostra &quot;Manaus, aqui tem SUS&quot; - SEMSA<\/title>\n<meta name=\"robots\" content=\"index, follow, max-snippet:-1, max-image-preview:large, max-video-preview:-1\" \/>\n<link rel=\"canonical\" href=\"https:\/\/www.manaus.am.gov.br\/semsa\/escola-de-saude-publica\/eventos\/iii-mostra-manaus-aqui-tem-sus\/\" \/>\n<meta property=\"og:locale\" content=\"pt_BR\" \/>\n<meta property=\"og:type\" content=\"article\" \/>\n<meta property=\"og:title\" content=\"III Mostra &quot;Manaus, aqui tem SUS&quot; - SEMSA\" \/>\n<meta property=\"og:url\" content=\"https:\/\/www.manaus.am.gov.br\/semsa\/escola-de-saude-publica\/eventos\/iii-mostra-manaus-aqui-tem-sus\/\" \/>\n<meta property=\"og:site_name\" content=\"SEMSA\" \/>\n<meta property=\"article:modified_time\" content=\"2026-03-19T18:38:34+00:00\" \/>\n<meta property=\"og:image\" content=\"https:\/\/www.manaus.am.gov.br\/semsa\/wp-content\/uploads\/sites\/8\/2025\/01\/III-Mostra-Aqui-Tem-SUS.png\" \/>\n<meta name=\"twitter:card\" content=\"summary_large_image\" \/>\n<meta name=\"twitter:label1\" content=\"Est. reading time\" \/>\n\t<meta name=\"twitter:data1\" content=\"3 minutos\" \/>\n<script type=\"application\/ld+json\" class=\"yoast-schema-graph\">{\"@context\":\"https:\/\/schema.org\",\"@graph\":[{\"@type\":\"WebPage\",\"@id\":\"https:\/\/www.manaus.am.gov.br\/semsa\/escola-de-saude-publica\/eventos\/iii-mostra-manaus-aqui-tem-sus\/\",\"url\":\"https:\/\/www.manaus.am.gov.br\/semsa\/escola-de-saude-publica\/eventos\/iii-mostra-manaus-aqui-tem-sus\/\",\"name\":\"III Mostra \\\"Manaus, aqui tem SUS\\\" - SEMSA\",\"isPartOf\":{\"@id\":\"https:\/\/www.manaus.am.gov.br\/semsa\/#website\"},\"primaryImageOfPage\":{\"@id\":\"https:\/\/www.manaus.am.gov.br\/semsa\/escola-de-saude-publica\/eventos\/iii-mostra-manaus-aqui-tem-sus\/#primaryimage\"},\"image\":{\"@id\":\"https:\/\/www.manaus.am.gov.br\/semsa\/escola-de-saude-publica\/eventos\/iii-mostra-manaus-aqui-tem-sus\/#primaryimage\"},\"thumbnailUrl\":\"https:\/\/www.manaus.am.gov.br\/semsa\/wp-content\/uploads\/sites\/8\/2025\/01\/III-Mostra-Aqui-Tem-SUS.png\",\"datePublished\":\"2025-01-21T15:56:34+00:00\",\"dateModified\":\"2026-03-19T18:38:34+00:00\",\"breadcrumb\":{\"@id\":\"https:\/\/www.manaus.am.gov.br\/semsa\/escola-de-saude-publica\/eventos\/iii-mostra-manaus-aqui-tem-sus\/#breadcrumb\"},\"inLanguage\":\"pt-BR\",\"potentialAction\":[{\"@type\":\"ReadAction\",\"target\":[\"https:\/\/www.manaus.am.gov.br\/semsa\/escola-de-saude-publica\/eventos\/iii-mostra-manaus-aqui-tem-sus\/\"]}]},{\"@type\":\"ImageObject\",\"inLanguage\":\"pt-BR\",\"@id\":\"https:\/\/www.manaus.am.gov.br\/semsa\/escola-de-saude-publica\/eventos\/iii-mostra-manaus-aqui-tem-sus\/#primaryimage\",\"url\":\"https:\/\/www.manaus.am.gov.br\/semsa\/wp-content\/uploads\/sites\/8\/2025\/01\/III-Mostra-Aqui-Tem-SUS.png\",\"contentUrl\":\"https:\/\/www.manaus.am.gov.br\/semsa\/wp-content\/uploads\/sites\/8\/2025\/01\/III-Mostra-Aqui-Tem-SUS.png\",\"width\":814,\"height\":415},{\"@type\":\"BreadcrumbList\",\"@id\":\"https:\/\/www.manaus.am.gov.br\/semsa\/escola-de-saude-publica\/eventos\/iii-mostra-manaus-aqui-tem-sus\/#breadcrumb\",\"itemListElement\":[{\"@type\":\"ListItem\",\"position\":1,\"name\":\"Escola de Sa\u00fade P\u00fablica (Esap)\",\"item\":\"https:\/\/www.manaus.am.gov.br\/semsa\/escola-de-saude-publica\/\"},{\"@type\":\"ListItem\",\"position\":2,\"name\":\"Eventos\",\"item\":\"https:\/\/www.manaus.am.gov.br\/semsa\/escola-de-saude-publica\/eventos\/\"},{\"@type\":\"ListItem\",\"position\":3,\"name\":\"III Mostra &#8220;Manaus, aqui tem SUS&#8221;\"}]},{\"@type\":\"WebSite\",\"@id\":\"https:\/\/www.manaus.am.gov.br\/semsa\/#website\",\"url\":\"https:\/\/www.manaus.am.gov.br\/semsa\/\",\"name\":\"SEMSA\",\"description\":\"Secretaria Municipal de Sa\u00fade\",\"alternateName\":\"Secretaria Municipal de Sa\u00fade\",\"potentialAction\":[{\"@type\":\"SearchAction\",\"target\":{\"@type\":\"EntryPoint\",\"urlTemplate\":\"https:\/\/www.manaus.am.gov.br\/semsa\/?s={search_term_string}\"},\"query-input\":\"required name=search_term_string\"}],\"inLanguage\":\"pt-BR\"}]}<\/script>\n<!-- \/ Yoast SEO plugin. -->","yoast_head_json":{"title":"III Mostra \"Manaus, aqui tem SUS\" - SEMSA","robots":{"index":"index","follow":"follow","max-snippet":"max-snippet:-1","max-image-preview":"max-image-preview:large","max-video-preview":"max-video-preview:-1"},"canonical":"https:\/\/www.manaus.am.gov.br\/semsa\/escola-de-saude-publica\/eventos\/iii-mostra-manaus-aqui-tem-sus\/","og_locale":"pt_BR","og_type":"article","og_title":"III Mostra \"Manaus, aqui tem SUS\" - SEMSA","og_url":"https:\/\/www.manaus.am.gov.br\/semsa\/escola-de-saude-publica\/eventos\/iii-mostra-manaus-aqui-tem-sus\/","og_site_name":"SEMSA","article_modified_time":"2026-03-19T18:38:34+00:00","og_image":[{"url":"https:\/\/www.manaus.am.gov.br\/semsa\/wp-content\/uploads\/sites\/8\/2025\/01\/III-Mostra-Aqui-Tem-SUS.png"}],"twitter_card":"summary_large_image","twitter_misc":{"Est. reading time":"3 minutos"},"schema":{"@context":"https:\/\/schema.org","@graph":[{"@type":"WebPage","@id":"https:\/\/www.manaus.am.gov.br\/semsa\/escola-de-saude-publica\/eventos\/iii-mostra-manaus-aqui-tem-sus\/","url":"https:\/\/www.manaus.am.gov.br\/semsa\/escola-de-saude-publica\/eventos\/iii-mostra-manaus-aqui-tem-sus\/","name":"III Mostra \"Manaus, aqui tem SUS\" - SEMSA","isPartOf":{"@id":"https:\/\/www.manaus.am.gov.br\/semsa\/#website"},"primaryImageOfPage":{"@id":"https:\/\/www.manaus.am.gov.br\/semsa\/escola-de-saude-publica\/eventos\/iii-mostra-manaus-aqui-tem-sus\/#primaryimage"},"image":{"@id":"https:\/\/www.manaus.am.gov.br\/semsa\/escola-de-saude-publica\/eventos\/iii-mostra-manaus-aqui-tem-sus\/#primaryimage"},"thumbnailUrl":"https:\/\/www.manaus.am.gov.br\/semsa\/wp-content\/uploads\/sites\/8\/2025\/01\/III-Mostra-Aqui-Tem-SUS.png","datePublished":"2025-01-21T15:56:34+00:00","dateModified":"2026-03-19T18:38:34+00:00","breadcrumb":{"@id":"https:\/\/www.manaus.am.gov.br\/semsa\/escola-de-saude-publica\/eventos\/iii-mostra-manaus-aqui-tem-sus\/#breadcrumb"},"inLanguage":"pt-BR","potentialAction":[{"@type":"ReadAction","target":["https:\/\/www.manaus.am.gov.br\/semsa\/escola-de-saude-publica\/eventos\/iii-mostra-manaus-aqui-tem-sus\/"]}]},{"@type":"ImageObject","inLanguage":"pt-BR","@id":"https:\/\/www.manaus.am.gov.br\/semsa\/escola-de-saude-publica\/eventos\/iii-mostra-manaus-aqui-tem-sus\/#primaryimage","url":"https:\/\/www.manaus.am.gov.br\/semsa\/wp-content\/uploads\/sites\/8\/2025\/01\/III-Mostra-Aqui-Tem-SUS.png","contentUrl":"https:\/\/www.manaus.am.gov.br\/semsa\/wp-content\/uploads\/sites\/8\/2025\/01\/III-Mostra-Aqui-Tem-SUS.png","width":814,"height":415},{"@type":"BreadcrumbList","@id":"https:\/\/www.manaus.am.gov.br\/semsa\/escola-de-saude-publica\/eventos\/iii-mostra-manaus-aqui-tem-sus\/#breadcrumb","itemListElement":[{"@type":"ListItem","position":1,"name":"Escola de Sa\u00fade P\u00fablica (Esap)","item":"https:\/\/www.manaus.am.gov.br\/semsa\/escola-de-saude-publica\/"},{"@type":"ListItem","position":2,"name":"Eventos","item":"https:\/\/www.manaus.am.gov.br\/semsa\/escola-de-saude-publica\/eventos\/"},{"@type":"ListItem","position":3,"name":"III Mostra &#8220;Manaus, aqui tem SUS&#8221;"}]},{"@type":"WebSite","@id":"https:\/\/www.manaus.am.gov.br\/semsa\/#website","url":"https:\/\/www.manaus.am.gov.br\/semsa\/","name":"SEMSA","description":"Secretaria Municipal de Sa\u00fade","alternateName":"Secretaria Municipal de Sa\u00fade","potentialAction":[{"@type":"SearchAction","target":{"@type":"EntryPoint","urlTemplate":"https:\/\/www.manaus.am.gov.br\/semsa\/?s={search_term_string}"},"query-input":"required name=search_term_string"}],"inLanguage":"pt-BR"}]}},"_links":{"self":[{"href":"https:\/\/www.manaus.am.gov.br\/semsa\/wp-json\/wp\/v2\/pages\/220282"}],"collection":[{"href":"https:\/\/www.manaus.am.gov.br\/semsa\/wp-json\/wp\/v2\/pages"}],"about":[{"href":"https:\/\/www.manaus.am.gov.br\/semsa\/wp-json\/wp\/v2\/types\/page"}],"author":[{"embeddable":true,"href":"https:\/\/www.manaus.am.gov.br\/semsa\/wp-json\/wp\/v2\/users\/65"}],"replies":[{"embeddable":true,"href":"https:\/\/www.manaus.am.gov.br\/semsa\/wp-json\/wp\/v2\/comments?post=220282"}],"version-history":[{"count":44,"href":"https:\/\/www.manaus.am.gov.br\/semsa\/wp-json\/wp\/v2\/pages\/220282\/revisions"}],"predecessor-version":[{"id":228101,"href":"https:\/\/www.manaus.am.gov.br\/semsa\/wp-json\/wp\/v2\/pages\/220282\/revisions\/228101"}],"up":[{"embeddable":true,"href":"https:\/\/www.manaus.am.gov.br\/semsa\/wp-json\/wp\/v2\/pages\/215247"}],"wp:attachment":[{"href":"https:\/\/www.manaus.am.gov.br\/semsa\/wp-json\/wp\/v2\/media?parent=220282"}],"curies":[{"name":"wp","href":"https:\/\/api.w.org\/{rel}","templated":true}]}}