{"id":217511,"date":"2024-07-30T15:29:28","date_gmt":"2024-07-30T19:29:28","guid":{"rendered":"https:\/\/www.manaus.am.gov.br\/semsa\/?page_id=217511"},"modified":"2026-04-29T15:34:12","modified_gmt":"2026-04-29T19:34:12","slug":"profilaxia-pre-exposicao-ao-hiv-prep","status":"publish","type":"page","link":"https:\/\/www.manaus.am.gov.br\/semsa\/prevencao-ao-hiv-ist-e-hepatites\/profilaxia-pre-exposicao-ao-hiv-prep\/","title":{"rendered":"Profilaxia Pr\u00e9-exposi\u00e7\u00e3o ao HIV (PrEP)"},"content":{"rendered":"\n<h3 class=\"wp-block-heading\"><strong>O que \u00e9?<\/strong><\/h3>\n\n\n\n<p>A Profilaxia Pr\u00e9-Exposi\u00e7\u00e3o ao HIV (PrEP) \u00e9 um novo m\u00e9todo de preven\u00e7\u00e3o combinada \u00e0 infec\u00e7\u00e3o pelo HIV, disponibilizado pelo Sistema \u00danico de Sa\u00fade (SUS) e destinado a p\u00fablico espec\u00edfico, segundo crit\u00e9rios estabelecidos pelo Minist\u00e9rio da Sa\u00fade. A PrEP consiste na tomada di\u00e1ria de medica\u00e7\u00e3o espec\u00edfica, capaz de impedir que o v\u00edrus causador da aids infecte o organismo, antes de a pessoa ter contato com o HIV.<\/p>\n\n\n\n<h3 class=\"wp-block-heading\"><strong>P\u00fablico alvo<\/strong><\/h3>\n\n\n\n<p>Pessoas a partir de 15 anos, sexualmente ativas e que apresentem contexto de risco aumentado de aquisi\u00e7\u00e3o de infec\u00e7\u00e3o pelo HIV.<\/p>\n\n\n\n<h3 class=\"wp-block-heading\"><strong>Como a PrEP funciona?<\/strong><\/h3>\n\n\n\n<p>A PrEP \u00e9 a combina\u00e7\u00e3o de dois medicamentos (tenofovir + entricitabina). Essa medica\u00e7\u00e3o \u00e9 capaz de bloquear alguns \u201ccaminhos\u201d que o HIV usa para infectar o organismo. Tomando a PrEP diariamente, a medica\u00e7\u00e3o pode impedir que o HIV se estabele\u00e7a e se espalhe pelo corpo.<\/p>\n\n\n\n<h3 class=\"wp-block-heading\"><strong>A PrEP protege contra outras as Infec\u00e7\u00f5es Sexualmente Transmiss\u00edveis?<\/strong><\/h3>\n\n\n\n<p>N\u00e3o, a PrEP n\u00e3o protege contra outras Infec\u00e7\u00f5es Sexualmente Transmiss\u00edveis (IST), como s\u00edfilis, clam\u00eddia e gonorreia, assim sendo, deve ser combinada com outras formas de preven\u00e7\u00e3o, como a camisinha.<\/p>\n\n\n\n<h3 class=\"wp-block-heading\"><strong>Como ter acesso?<\/strong><\/h3>\n\n\n\n<p>Na rede municipal de sa\u00fade, esse servi\u00e7o \u00e9 ofertado em Unidades de Sa\u00fade da Fam\u00edlia (USF) de todas as zonas geogr\u00e1ficas de Manaus. <\/p>\n\n\n\n<p>Na unidade a pessoa interessada passa por um processo de triagem, feito por meio de uma entrevista, e se estiver dentro dos crit\u00e9rios estabelecidos pelo Minist\u00e9rio da Sa\u00fade, ser\u00e1 encaminhada para fazer o teste r\u00e1pido para detec\u00e7\u00e3o do HIV.<\/p>\n\n\n\n<p>Se o resultado for negativo, o enfermeiro respons\u00e1vel pelo atendimento far\u00e1 a prescri\u00e7\u00e3o da medica\u00e7\u00e3o em quantidade suficiente para uso nos primeiros 30 dias, com agendamento de retorno \u00e0 unidade no per\u00edodo entre 25 e 28 dias para seu segundo atendimento, quando passar\u00e1 por uma consulta m\u00e9dica para avalia\u00e7\u00e3o e continuidade da profilaxia.<\/p>\n\n\n\n<p>Acompanhamento: O usu\u00e1rio deve retornar \u00e0 unidade a cada tr\u00eas meses para fazer acompanhamento da PrEP (avalia\u00e7\u00e3o cl\u00ednico-laboratorial), quando realizar\u00e1 teste r\u00e1pido, ser\u00e1 avaliado pelo profissional de sa\u00fade e receber\u00e1 sua medica\u00e7\u00e3o.<\/p>\n\n\n\n<p>\u00c9 importante ressaltar que se o resultado do teste r\u00e1pido for positivo para a infec\u00e7\u00e3o pelo HIV, o usu\u00e1rio ser\u00e1 imediatamente encaminhado para o tratamento no Servi\u00e7o de Aten\u00e7\u00e3o Especializada (SAE), localizado na pr\u00f3pria unidade.<\/p>\n\n\n\n<h3 class=\"wp-block-heading\"><strong>E se eu esquecer de tomar a PrEP um dia, perde o efeito logo em seguida?<\/strong><\/h3>\n\n\n\n<p>N\u00e3o tomar a medica\u00e7\u00e3o por um dia vai diminuir o efeito protetivo. Mas, um dia s\u00f3 n\u00e3o vai comprometer a preven\u00e7\u00e3o.<\/p>\n\n\n\n<h3 class=\"wp-block-heading\"><strong>O efeito da medica\u00e7\u00e3o \u00e9 imediato?<\/strong><\/h3>\n\n\n\n<p>N\u00e3o. Para praticantes do sexo vaginal, a prote\u00e7\u00e3o \u00e9 dada a partir dos 20 primeiros dias tomando o medicamento. E para sexo anal, \u00e9 a partir do s\u00e9timo dia.<\/p>\n\n\n\n<h3 class=\"wp-block-heading\"><strong>\u00c9 preciso estar em jejum para tomar a PrEP?<\/strong><\/h3>\n\n\n\n<p>N\u00e3o. Voc\u00ea pode escolher o melhor hor\u00e1rio para tomar o medicamento. O ideal \u00e9 que voc\u00ea tome sempre nesse mesmo hor\u00e1rio.<\/p>\n\n\n\n<h3 class=\"wp-block-heading\"><strong>Bebida alc\u00f3olica corta o efeito da PrEP?<\/strong><\/h3>\n\n\n\n<p>N\u00e3o.<\/p>\n\n\n\n<h3 class=\"wp-block-heading\"><strong>Esse tratamento j\u00e1 foi testado?<\/strong><\/h3>\n\n\n\n<p>Sim, diversos estudos mostraram que a PrEP reduz o risco de adquirir o HIV. A PrEP foi testada em estudos com homens que fazem sexo com homens, homens que fazem sexo com mulheres e mulheres que fazem sexo com homens. Todas as pessoas nesses estudos: (1) fizeram teste de HIV no in\u00edcio da pesquisa para ter certeza de que n\u00e3o estavam infectados pelo HIV; (2) concordaram em tomar um comprimido de PrEP diariamente; (3) receberam orienta\u00e7\u00f5es sobre sexo seguro; (4) foram testadas regularmente para infec\u00e7\u00f5es sexualmente transmiss\u00edveis (IST); e (5) receberam preservativos regularmente.<\/p>\n\n\n\n<p>Os homens que fazem sexo com homens que receberam PrEP tiveram, em m\u00e9dia, 44% menos chances de adquirir a infec\u00e7\u00e3o pelo HIV. Entre os homens que disseram ter tomado a maioria dos medicamentos diariamente, a PrEP reduziu o risco de infec\u00e7\u00e3o pelo HIV em 73%, em alguns casos chegando at\u00e9 92%, dependendo da ades\u00e3o ao medicamento.<br><br>Entre os casais sorodiferentes de homens e mulheres (onde um parceiro tinha HIV e o outro n\u00e3o), aqueles que receberam PrEP tiveram 75% menos chance de serem infectados. Entre aqueles que disseram ter tomado a maioria dos comprimidos di\u00e1rios, a PrEP reduziu o risco de infec\u00e7\u00e3o pelo HIV em at\u00e9 90%.<\/p>\n\n\n\n<h3 class=\"wp-block-heading\"><strong>A PrEP \u00e9 uma vacina?<\/strong><\/h3>\n\n\n\n<p>N\u00e3o. A PrEP \u00e9 um medicamento e n\u00e3o funciona da mesma forma que uma vacina. Quando voc\u00ea toma uma vacina, ela pode proteger voc\u00ea por muitos anos. A PrEP, para fazer efeito, precisa ser tomada todos os dias.<\/p>\n\n\n\n<h3 class=\"wp-block-heading\"><strong>Unidades de Sa\u00fade que ofertam PrEP<\/strong><\/h3>\n\n\n\n<h3 class=\"wp-block-heading\">ZONA LESTE<\/h3>\n\n\n\n<p><strong>USF Desembargador F\u00e1bio do Couto Valle<\/strong><br><strong>Endere\u00e7o<\/strong>: Av. Brigadeiro Hil\u00e1rio Gurj\u00e3o, s\/n \u2013 Jorge Teixeira III<br><strong>Hor\u00e1rio de atendimento<\/strong>: segunda a sexta-feira &#8211; 7h \u00e0s 17h<\/p>\n\n\n\n<p><strong>USF Jos\u00e9 Amazonas Palhano<\/strong><br><strong>Endere\u00e7o:<\/strong>\u00a0Rua Ant\u00f4nio Matias, s\/n, S\u00e3o Jos\u00e9 I<br><strong>Hor\u00e1rio de atendimento:<\/strong>\u00a0Segunda a sexta-feira \u2013 7h \u00e0s 20h \/ s\u00e1bado \u2013 8h \u00e0s 11h<\/p>\n\n\n\n<p><strong>USF Ivone Lima<\/strong><br><strong>Endere\u00e7o:<\/strong> Rua Lu\u00eds Corrente, 449-631 \u2013 Coroado<br><strong>Hor\u00e1rio de atendimento<\/strong>: segunda a sexta-feira &#8211; 7h \u00e0s 17h<\/p>\n\n\n\n<p><strong>USF Luiza do Carmo Ribeiro<\/strong> <strong>Fernandes<\/strong><br><strong>Endere\u00e7o<\/strong>: Estrada do Porto Velho, 831 \u2013 Vila Buriti<br><strong>Hor\u00e1rio de atendimento<\/strong>: segunda a sexta-feira &#8211; 7h \u00e0s 17h<\/p>\n\n\n\n<p><strong>USF Agnaldo Gomes da Costa<\/strong><br><strong>Endere\u00e7o:<\/strong> Rua Rio Pirarucu, 56 \u2013 S\u00e3o Jos\u00e9<br><strong>Hor\u00e1rio de atendimento<\/strong>: segunda a sexta-feira &#8211; 6h \u00e0s 17h<\/p>\n\n\n\n<p><\/p>\n\n\n\n<h3 class=\"wp-block-heading\">ZONA NORTE<\/h3>\n\n\n\n<p><strong>USF Arthur Virg\u00edlio Filho<\/strong><br><strong>Endere\u00e7o:<\/strong> Tv. 10, 3015 &#8211; Amazonino Mendes<br><strong>Hor\u00e1rio de atendimento<\/strong>: segunda a sexta-feira &#8211; 7h \u00e0s 17h<\/p>\n\n\n\n<p><strong>USF Carmen Nicolau<\/strong><br><strong>Endere\u00e7o:<\/strong> Rua Santa Tereza D&#8217;\u00c1vila, , s\/n &#8211; Lago Azul<br><strong>Hor\u00e1rio de atendimento<\/strong>: segunda a domingo &#8211; 7h \u00e0s 17h<\/p>\n\n\n\n<p><strong>USF Carlson Gracie<\/strong><br><strong>Endere\u00e7o<\/strong>: Av. Cura\u00e7ao, s\/n &#8211; Nova Cidade<br><strong>Hor\u00e1rio de atendimento:<\/strong> segunda a sexta-feira &#8211; 7h \u00e0s 17h<br><\/p>\n\n\n\n<h3 class=\"wp-block-heading\">ZONA SUL<\/h3>\n\n\n\n<p><strong>USF Il\u00eddio de Almeida Lima<\/strong><br><strong>Endere\u00e7o<\/strong>: Alameda S\u00e3o Vicente &#8211; Aleixo<br><strong>Hor\u00e1rio de atendimento<\/strong>: segunda a sexta-feira &#8211; 7h \u00e0s 17h<\/p>\n\n\n\n<p><strong>USF Dr. Luiz Montenegro<\/strong><br><strong>Endere\u00e7o<\/strong>: Rua Pico das \u00c1guas, 527 &#8211; Nossa Senhora das Gra\u00e7as<br><strong>Hor\u00e1rio de atendimento<\/strong>: segunda a sexta-feira &#8211; 7h30 \u00e0s 18h<\/p>\n\n\n\n<p><strong>USF Nilton Lins<\/strong><br><strong>Endere\u00e7o:<\/strong> Av. Prof. Nilton Lins, 2344 &#8211; Flores<br><strong>Hor\u00e1rio de atendimento:<\/strong> segunda a sexta-feira &#8211; 7h30 \u00e0s 18h<br><\/p>\n\n\n\n<h3 class=\"wp-block-heading\">ZONA OESTE<\/h3>\n\n\n\n<p><strong>USF Parque das Tribos<\/strong><br><strong>Endere\u00e7o:<\/strong> Rua Piratapuia, 19 &#8211; Tarum\u00e3 A\u00e7\u00fa<br><strong>Hor\u00e1rio de atendimento<\/strong>: segunda a sexta-feira &#8211; 7h \u00e0s 16h<\/p>\n\n\n\n<p><strong>USF Ajuricaba<\/strong><br><strong>Endere\u00e7o:<\/strong> Av. Leste, s\/n &#8211; Alvorada<br><strong>Hor\u00e1rio de atendimento<\/strong>: segunda a sexta-feira &#8211; 7h \u00e0s 17h<\/p>\n\n\n\n<p><strong>USF Deodato de Miranda Le\u00e3o<\/strong><br><strong>Endere\u00e7o:<\/strong> Av. Presidente Dutra, s\/n &#8211; Gl\u00f3ria<br><strong>Hor\u00e1rio de atendimento<\/strong>: segunda a sexta-feira &#8211; 7h \u00e0s 20h \/ s\u00e1bado de 7h \u00e0s 11h<\/p>\n\n\n\n<p><strong>USF Lindalva Damasceno<\/strong><br><strong>Endere\u00e7o:<\/strong> Av. do Turismo, Km 03, s\/n \u2013 Tarum\u00e3<br><strong>Hor\u00e1rio de atendimento<\/strong>: segunda a sexta-feira &#8211; 7h \u00e0s 17h<br><\/p>\n","protected":false},"excerpt":{"rendered":"","protected":false},"author":65,"featured_media":0,"parent":208152,"menu_order":0,"comment_status":"closed","ping_status":"closed","template":"templates\/turismo.php","meta":{"footnotes":""},"acf":[],"yoast_head":"<!-- This site is optimized with the Yoast SEO plugin v23.0 - https:\/\/yoast.com\/wordpress\/plugins\/seo\/ -->\n<title>Profilaxia Pr\u00e9-exposi\u00e7\u00e3o ao HIV (PrEP) - SEMSA<\/title>\n<meta name=\"robots\" content=\"index, follow, max-snippet:-1, max-image-preview:large, max-video-preview:-1\" \/>\n<link rel=\"canonical\" href=\"https:\/\/www.manaus.am.gov.br\/semsa\/prevencao-ao-hiv-ist-e-hepatites\/profilaxia-pre-exposicao-ao-hiv-prep\/\" \/>\n<meta property=\"og:locale\" content=\"pt_BR\" \/>\n<meta property=\"og:type\" content=\"article\" \/>\n<meta property=\"og:title\" content=\"Profilaxia Pr\u00e9-exposi\u00e7\u00e3o ao HIV (PrEP) - SEMSA\" \/>\n<meta property=\"og:url\" content=\"https:\/\/www.manaus.am.gov.br\/semsa\/prevencao-ao-hiv-ist-e-hepatites\/profilaxia-pre-exposicao-ao-hiv-prep\/\" \/>\n<meta property=\"og:site_name\" content=\"SEMSA\" \/>\n<meta property=\"article:modified_time\" content=\"2026-04-29T19:34:12+00:00\" \/>\n<meta property=\"og:image\" content=\"https:\/\/www.manaus.am.gov.br\/semsa\/wp-content\/uploads\/sites\/8\/2024\/07\/thumb-default-2.png\" \/>\n\t<meta property=\"og:image:width\" content=\"966\" \/>\n\t<meta property=\"og:image:height\" content=\"520\" \/>\n\t<meta property=\"og:image:type\" content=\"image\/png\" \/>\n<meta name=\"twitter:card\" content=\"summary_large_image\" \/>\n<meta name=\"twitter:label1\" content=\"Est. reading time\" \/>\n\t<meta name=\"twitter:data1\" content=\"6 minutos\" \/>\n<script type=\"application\/ld+json\" class=\"yoast-schema-graph\">{\"@context\":\"https:\/\/schema.org\",\"@graph\":[{\"@type\":\"WebPage\",\"@id\":\"https:\/\/www.manaus.am.gov.br\/semsa\/prevencao-ao-hiv-ist-e-hepatites\/profilaxia-pre-exposicao-ao-hiv-prep\/\",\"url\":\"https:\/\/www.manaus.am.gov.br\/semsa\/prevencao-ao-hiv-ist-e-hepatites\/profilaxia-pre-exposicao-ao-hiv-prep\/\",\"name\":\"Profilaxia Pr\u00e9-exposi\u00e7\u00e3o ao HIV (PrEP) - SEMSA\",\"isPartOf\":{\"@id\":\"https:\/\/www.manaus.am.gov.br\/semsa\/#website\"},\"datePublished\":\"2024-07-30T19:29:28+00:00\",\"dateModified\":\"2026-04-29T19:34:12+00:00\",\"breadcrumb\":{\"@id\":\"https:\/\/www.manaus.am.gov.br\/semsa\/prevencao-ao-hiv-ist-e-hepatites\/profilaxia-pre-exposicao-ao-hiv-prep\/#breadcrumb\"},\"inLanguage\":\"pt-BR\",\"potentialAction\":[{\"@type\":\"ReadAction\",\"target\":[\"https:\/\/www.manaus.am.gov.br\/semsa\/prevencao-ao-hiv-ist-e-hepatites\/profilaxia-pre-exposicao-ao-hiv-prep\/\"]}]},{\"@type\":\"BreadcrumbList\",\"@id\":\"https:\/\/www.manaus.am.gov.br\/semsa\/prevencao-ao-hiv-ist-e-hepatites\/profilaxia-pre-exposicao-ao-hiv-prep\/#breadcrumb\",\"itemListElement\":[{\"@type\":\"ListItem\",\"position\":1,\"name\":\"ISTs\/AIDS e Hepatites Virais\",\"item\":\"https:\/\/www.manaus.am.gov.br\/semsa\/prevencao-ao-hiv-ist-e-hepatites\/\"},{\"@type\":\"ListItem\",\"position\":2,\"name\":\"Profilaxia Pr\u00e9-exposi\u00e7\u00e3o ao HIV (PrEP)\"}]},{\"@type\":\"WebSite\",\"@id\":\"https:\/\/www.manaus.am.gov.br\/semsa\/#website\",\"url\":\"https:\/\/www.manaus.am.gov.br\/semsa\/\",\"name\":\"SEMSA\",\"description\":\"Secretaria Municipal de Sa\u00fade\",\"alternateName\":\"Secretaria Municipal de Sa\u00fade\",\"potentialAction\":[{\"@type\":\"SearchAction\",\"target\":{\"@type\":\"EntryPoint\",\"urlTemplate\":\"https:\/\/www.manaus.am.gov.br\/semsa\/?s={search_term_string}\"},\"query-input\":\"required name=search_term_string\"}],\"inLanguage\":\"pt-BR\"}]}<\/script>\n<!-- \/ Yoast SEO plugin. -->","yoast_head_json":{"title":"Profilaxia Pr\u00e9-exposi\u00e7\u00e3o ao HIV (PrEP) - SEMSA","robots":{"index":"index","follow":"follow","max-snippet":"max-snippet:-1","max-image-preview":"max-image-preview:large","max-video-preview":"max-video-preview:-1"},"canonical":"https:\/\/www.manaus.am.gov.br\/semsa\/prevencao-ao-hiv-ist-e-hepatites\/profilaxia-pre-exposicao-ao-hiv-prep\/","og_locale":"pt_BR","og_type":"article","og_title":"Profilaxia Pr\u00e9-exposi\u00e7\u00e3o ao HIV (PrEP) - SEMSA","og_url":"https:\/\/www.manaus.am.gov.br\/semsa\/prevencao-ao-hiv-ist-e-hepatites\/profilaxia-pre-exposicao-ao-hiv-prep\/","og_site_name":"SEMSA","article_modified_time":"2026-04-29T19:34:12+00:00","og_image":[{"width":966,"height":520,"url":"https:\/\/www.manaus.am.gov.br\/semsa\/wp-content\/uploads\/sites\/8\/2024\/07\/thumb-default-2.png","type":"image\/png"}],"twitter_card":"summary_large_image","twitter_misc":{"Est. reading time":"6 minutos"},"schema":{"@context":"https:\/\/schema.org","@graph":[{"@type":"WebPage","@id":"https:\/\/www.manaus.am.gov.br\/semsa\/prevencao-ao-hiv-ist-e-hepatites\/profilaxia-pre-exposicao-ao-hiv-prep\/","url":"https:\/\/www.manaus.am.gov.br\/semsa\/prevencao-ao-hiv-ist-e-hepatites\/profilaxia-pre-exposicao-ao-hiv-prep\/","name":"Profilaxia Pr\u00e9-exposi\u00e7\u00e3o ao HIV (PrEP) - SEMSA","isPartOf":{"@id":"https:\/\/www.manaus.am.gov.br\/semsa\/#website"},"datePublished":"2024-07-30T19:29:28+00:00","dateModified":"2026-04-29T19:34:12+00:00","breadcrumb":{"@id":"https:\/\/www.manaus.am.gov.br\/semsa\/prevencao-ao-hiv-ist-e-hepatites\/profilaxia-pre-exposicao-ao-hiv-prep\/#breadcrumb"},"inLanguage":"pt-BR","potentialAction":[{"@type":"ReadAction","target":["https:\/\/www.manaus.am.gov.br\/semsa\/prevencao-ao-hiv-ist-e-hepatites\/profilaxia-pre-exposicao-ao-hiv-prep\/"]}]},{"@type":"BreadcrumbList","@id":"https:\/\/www.manaus.am.gov.br\/semsa\/prevencao-ao-hiv-ist-e-hepatites\/profilaxia-pre-exposicao-ao-hiv-prep\/#breadcrumb","itemListElement":[{"@type":"ListItem","position":1,"name":"ISTs\/AIDS e Hepatites Virais","item":"https:\/\/www.manaus.am.gov.br\/semsa\/prevencao-ao-hiv-ist-e-hepatites\/"},{"@type":"ListItem","position":2,"name":"Profilaxia Pr\u00e9-exposi\u00e7\u00e3o ao HIV (PrEP)"}]},{"@type":"WebSite","@id":"https:\/\/www.manaus.am.gov.br\/semsa\/#website","url":"https:\/\/www.manaus.am.gov.br\/semsa\/","name":"SEMSA","description":"Secretaria Municipal de Sa\u00fade","alternateName":"Secretaria Municipal de Sa\u00fade","potentialAction":[{"@type":"SearchAction","target":{"@type":"EntryPoint","urlTemplate":"https:\/\/www.manaus.am.gov.br\/semsa\/?s={search_term_string}"},"query-input":"required name=search_term_string"}],"inLanguage":"pt-BR"}]}},"_links":{"self":[{"href":"https:\/\/www.manaus.am.gov.br\/semsa\/wp-json\/wp\/v2\/pages\/217511"}],"collection":[{"href":"https:\/\/www.manaus.am.gov.br\/semsa\/wp-json\/wp\/v2\/pages"}],"about":[{"href":"https:\/\/www.manaus.am.gov.br\/semsa\/wp-json\/wp\/v2\/types\/page"}],"author":[{"embeddable":true,"href":"https:\/\/www.manaus.am.gov.br\/semsa\/wp-json\/wp\/v2\/users\/65"}],"replies":[{"embeddable":true,"href":"https:\/\/www.manaus.am.gov.br\/semsa\/wp-json\/wp\/v2\/comments?post=217511"}],"version-history":[{"count":24,"href":"https:\/\/www.manaus.am.gov.br\/semsa\/wp-json\/wp\/v2\/pages\/217511\/revisions"}],"predecessor-version":[{"id":228758,"href":"https:\/\/www.manaus.am.gov.br\/semsa\/wp-json\/wp\/v2\/pages\/217511\/revisions\/228758"}],"up":[{"embeddable":true,"href":"https:\/\/www.manaus.am.gov.br\/semsa\/wp-json\/wp\/v2\/pages\/208152"}],"wp:attachment":[{"href":"https:\/\/www.manaus.am.gov.br\/semsa\/wp-json\/wp\/v2\/media?parent=217511"}],"curies":[{"name":"wp","href":"https:\/\/api.w.org\/{rel}","templated":true}]}}