{"id":217150,"date":"2024-07-03T16:38:39","date_gmt":"2024-07-03T20:38:39","guid":{"rendered":"https:\/\/www.manaus.am.gov.br\/semsa\/?page_id=217150"},"modified":"2026-04-09T15:48:56","modified_gmt":"2026-04-09T19:48:56","slug":"solicitacao-do-cenario-de-praticas","status":"publish","type":"page","link":"https:\/\/www.manaus.am.gov.br\/semsa\/solicitacao-do-cenario-de-praticas\/","title":{"rendered":"Solicita\u00e7\u00e3o do Cen\u00e1rio de Pr\u00e1ticas"},"content":{"rendered":"\n<p><strong>1 &#8211; Procedimentos para  Atividades de Cursos T\u00e9cnicos e Gradua\u00e7\u00e3o<\/strong><\/p>\n\n\n\n<p><strong>1.1 \u2013&nbsp;Formaliza\u00e7\u00e3o Online<\/strong><\/p>\n\n\n\n<p>As solicita\u00e7\u00f5es devem ser feitas exclusivamente por um representante da Institui\u00e7\u00e3o de Ensino atrav\u00e9s do preenchimento do <a href=\"https:\/\/forms.gle\/m62Vdkod2bz6N4py8\">Formul\u00e1rio online de solicita\u00e7\u00e3o<\/a>, com prazo de anteced\u00eancia cab\u00edvel (20 dias), mantendo em vista ordem de atendimento frente \u00e0s demais solicita\u00e7\u00f5es, o tempo necess\u00e1rio para articula\u00e7\u00e3o com as Unidades solicitadas e processamento da documenta\u00e7\u00e3o.<\/p>\n\n\n\n<p><\/p>\n\n\n\n<p><strong>1.2 \u2013&nbsp;Articula\u00e7\u00e3o das vagas solicitadas<\/strong><\/p>\n\n\n\n<p>O NUEST\/ESAP analisar\u00e1 a viabilidade da solicita\u00e7\u00e3o e posteriormente a distribui\u00e7\u00e3o e lota\u00e7\u00e3o dos alunos de forma a conciliar a demanda da Institui\u00e7\u00e3o de Ensino \u00e0s da Secretaria. As tratativas para identifica\u00e7\u00e3o dos campos para a realiza\u00e7\u00e3o das atividades dos alunos poder\u00e1 estar a cargo da Institui\u00e7\u00e3o de Ensino ou da Semsa, a depender do tipo de atividade a ser realizada. Esta defini\u00e7\u00e3o e tamb\u00e9m necessidades de ajustes relativos aos campos de pr\u00e1tica, quantitativo de alunos e turnos ser\u00e3o comunicados atrav\u00e9s dos contatos informados no formul\u00e1rio de Solicita\u00e7\u00e3o.<\/p>\n\n\n\n<p><strong>1.3 \u2013&nbsp;Documenta\u00e7\u00e3o<\/strong><\/p>\n\n\n\n<p>Ap\u00f3s o preenchimento do formul\u00e1rio online, a documenta\u00e7\u00e3o relacionada abaixo dever\u00e1 ser enviada para o e-mail <a href=\"mailto:esap.estagio@manaus.am.gov.br\">esap.estagio@manaus.am.gov.br<\/a> <\/p>\n\n\n\n<p><\/p>\n\n\n\n<p>a) <strong>Termo de Compromisso de Est\u00e1gio Curricular<\/strong> <strong>(TCE)<\/strong>,em arquivo PDF, modelo Individual ou Coletivo (Documento Principal e Anexo), devidamente preenchido, assinado e carimbado, com folhas numeradas e rubricadas, modelos atualizados dispon\u00edveis para download (final da p\u00e1gina). O Termo de Compromisso \u00e9 exigido para atividades de Est\u00e1gio Curricular Obrigat\u00f3rio.<\/p>\n\n\n\n<p>b) <strong>Planilha Descritivo de Turmas<\/strong> em arquivo Excel contendo nomes dos alunos, datas, hor\u00e1rios e campos de pr\u00e1tica, modelo atualizado dispon\u00edvel para download (final da p\u00e1gina). Documento exigido para todas as modalidades.<\/p>\n\n\n\n<p><strong>Sobre a Documenta\u00e7\u00e3o<\/strong><\/p>\n\n\n\n<p>1) Nenhuma documenta\u00e7\u00e3o relativa a formaliza\u00e7\u00e3o (autoriza\u00e7\u00e3o) dessas atividades pr\u00e1ticas curriculares dever\u00e1 ser entregue diretamente na Unidade de Sa\u00fade (Termo de Compromisso de Est\u00e1gio, Of\u00edcio etc.). Unicamente documentos da execu\u00e7\u00e3o da atividade autorizada (Frequ\u00eancia, Avalia\u00e7\u00e3o, Relat\u00f3rio etc.) ser\u00e3o recebidos e assinados pela Dire\u00e7\u00e3o da Unidade e\/ou ao Profissional de Sa\u00fade respons\u00e1vel pela supervis\u00e3o do aluno. Os procedimentos de formaliza\u00e7\u00e3o e autoriza\u00e7\u00e3o dessas atividades est\u00e3o a cargo do NUEST.<\/p>\n\n\n\n<p>2) Est\u00e3o disponibilizados para download o TCE em modelo Individual e Coletivo. O interessado dever\u00e1 optar por apenas um dos modelos, sendo o Coletivo preferencial para atividades com turmas de alunos. O modelo Coletivo \u00e9 composto de duas partes, a Inicial e a&nbsp; Ficha Anexa. Estas s\u00e3o indivis\u00edveis e devem ser encaminhas em um \u00fanico documento.<\/p>\n\n\n\n<p>3) O documento TCE ser\u00e1 encaminhado preferencialmente em arquivo com a imagem leg\u00edvel do documento impresso e assinado pelos interessados.<\/p>\n\n\n\n<p>4) O documento TCE poder\u00e1 ser assinado por meio do sistema disponibilizado pelo Portal GovBR ou outro sistema digital de assinaturas adotado pela Institui\u00e7\u00e3o de Ensino, em&nbsp; qualquer caso condicionado \u00e0 valida\u00e7\u00e3o do documento pelo mesmo sistema. A assinatura digital dever\u00e1 constar sobre o documento completo, contendo todas as suas partes integrantes. O documento assinado digitalmente dispensa numera\u00e7\u00e3o e rubrica das p\u00e1ginas.<\/p>\n\n\n\n<p>5) N\u00e3o ser\u00e1 admitida a edi\u00e7\u00e3o do documento por meio de inser\u00e7\u00e3o gr\u00e1fica de assinaturas.<\/p>\n\n\n\n<p>6) O documento TCE modelo Coletivo, quando assinado manualmente, dever\u00e1 ser encaminhado contendo o Documento Principal e Ficha Anexa com rubrica e numera\u00e7\u00e3o sequencial de suas p\u00e1ginas de modo a caracterizar um \u00fanico documento. A numera\u00e7\u00e3o da Ficha Anexa se inicia na p\u00e1gina 04.<\/p>\n\n\n\n<p>7) N\u00e3o ser\u00e1 admitido o TCE composto por p\u00e1ginas originadas de documentos diferentes (parte em arquivo digital e parte imagem de documento impresso) que descaracterizem a integralidade do documento assinado pelos interessados.\u201d<\/p>\n\n\n\n<p>8) N\u00e3o utilizar assinaturas digitais e manuais no mesmo documento. Optar por uma das formas para todas as suas assinaturas.<\/p>\n\n\n\n<p><\/p>\n\n\n\n<p><strong>1.4 \u2013&nbsp;Autoriza\u00e7\u00e3o<\/strong><\/p>\n\n\n\n<p>Para libera\u00e7\u00e3o oficial dos campos de pr\u00e1tica, o NUEST enviar\u00e1 um e-mail de Encaminhamento para os Gestores das Unidades, com c\u00f3pia para Institui\u00e7\u00e3o de Ensino, <strong>autorizando o in\u00edcio das atividades<\/strong>. Ser\u00e1 enviado anexado Documento de Encaminhamento com a rela\u00e7\u00e3o dos nomes de alunos e professores, datas de realiza\u00e7\u00e3o da atividade e turno autorizados. A atividade somente estar\u00e1 autorizada conforme o disposto no cronograma. Qualquer altera\u00e7\u00e3o dever\u00e1 ser informada ao NUEST para atualiza\u00e7\u00e3o do Encaminhamento.&nbsp;<\/p>\n\n\n\n<p>Ap\u00f3s o Encaminhamento da atividade, os alunos e\/ou professores dever\u00e3o se apresentar primeiramente ao gestor do campo de pr\u00e1tica, que \u00e9 quem recebe o Encaminhamento. Procedimentos de registro de frequ\u00eancia e avalia\u00e7\u00e3o, bem como defini\u00e7\u00e3o do cronograma de atividades, devem ser devidamente acordados com a dire\u00e7\u00e3o no momento da apresenta\u00e7\u00e3o.<\/p>\n\n\n\n<p><strong>2 &#8211; Procedimentos para Atividades de <u>P<\/u>rogramas e Resid\u00eancias<\/strong><\/p>\n\n\n\n<p><strong>2.1 \u2013&nbsp;Formaliza\u00e7\u00e3o online<\/strong><\/p>\n\n\n\n<p>Dever\u00e1 ser preenchido <a href=\"https:\/\/forms.gle\/dGJ6fvyzNkr9AU5MA\">formul\u00e1rio espec\u00edfico<\/a>  para os casos de Institui\u00e7\u00f5es Formadoras em seu primeiro acesso ou que estejam com os dados incompletos junto ao NUEST. Este formul\u00e1rio ser\u00e1 preenchido uma \u00fanica vez para cada Programa.<\/p>\n\n\n\n<p><\/p>\n\n\n\n<p><strong>2.2 \u2013&nbsp;Articula\u00e7\u00e3o das vagas solicitadas<\/strong><\/p>\n\n\n\n<p>As devidas tratativas relativas \u00e0 defini\u00e7\u00e3o dos cen\u00e1rios de pr\u00e1ticas a receber as atividades dos Programas de Resid\u00eancias ser\u00e3o realizadas pela Coordena\u00e7\u00e3o das Institui\u00e7\u00f5es Formadoras junto aos Gestores e Profissionais de Sa\u00fade. Os seus representantes poder\u00e3o se dirigir previamente \u00e0s unidades de interesse e apresentar suas solicita\u00e7\u00f5es \u00e0 equipe, obtendo a confirma\u00e7\u00e3o da viabilidade do cen\u00e1rio de interesse e comunicando posteriormente ao NUEST por meio do Of\u00edcio de Solicita\u00e7\u00e3o.<\/p>\n\n\n\n<p><strong>2.3 \u2013&nbsp;Documenta\u00e7\u00e3o<\/strong><\/p>\n\n\n\n<p>Dever\u00e3o ser enviados ao e-mail <a href=\"mailto:esap.estagio@manaus.am.gov.br\">esap.estagio@manaus.am.gov.br<\/a> os seguintes documentos: (1) Of\u00edcio de Solicita\u00e7\u00e3o e (2) Planilha Descritiva de Residentes, conforme documento padronizado dispon\u00edvel para download ao final da p\u00e1gina.<\/p>\n\n\n\n<p><\/p>\n\n\n\n<p><strong>2.4 \u2013 Autoriza\u00e7\u00e3o<\/strong><\/p>\n\n\n\n<p>Para a formaliza\u00e7\u00e3o da autoriza\u00e7\u00e3o dos campos de pr\u00e1tica, o NUEST enviar\u00e1 um e-mail de Encaminhamento para os Gestores das Unidades, com c\u00f3pia para Institui\u00e7\u00e3o Formadora, <strong>autorizando o in\u00edcio das atividades da Resid\u00eancia<\/strong>. Ser\u00e1 enviado anexado Documento de Encaminhamento com a rela\u00e7\u00e3o de dados dos profissionais e per\u00edodo de realiza\u00e7\u00e3o da atividade, que estar\u00e1 autorizada conforme o disposto no cronograma. Qualquer atualiza\u00e7\u00e3o dever\u00e1 ser informada ao NUEST para atualiza\u00e7\u00e3o do Encaminhamento.<\/p>\n\n\n\n<p><strong>3 &#8211; Procedimentos para Atividade de Est\u00e1gio Optativo <\/strong><\/p>\n\n\n\n<p><strong>3.1 \u2013 Contato pr\u00e9vio<\/strong><\/p>\n\n\n\n<p>O interessado em realizar atividade de Est\u00e1gio Optativo junto \u00e0s equipes Semsa dever\u00e1 primeiramente acessar o NUEST por meio do whatsapp institucional (92 9 8842-8383) e apresentar a sua solicita\u00e7\u00e3o, que ser\u00e1 verificada quanto ao enquadramento nesta modalidade, requisitos e vagas dispon\u00edveis.<\/p>\n\n\n\n<p><strong>3.2 \u2013&nbsp;Formaliza\u00e7\u00e3o online e documenta\u00e7\u00e3o<\/strong><\/p>\n\n\n\n<p>Ap\u00f3s confirma\u00e7\u00e3o da viabilidade, a solicita\u00e7\u00e3o dever\u00e1 ser formalizada por meio do preenchimento de formul\u00e1rio espec\u00edfico que ser\u00e1 informado diretamente ao solicitante, assim como a lista de documentos necess\u00e1rios para o processamento da solicita\u00e7\u00e3o.<\/p>\n\n\n\n<p><strong>3.4 \u2013 Autoriza\u00e7\u00e3o<\/strong><\/p>\n\n\n\n<p>Para a autoriza\u00e7\u00e3o da atividade o NUEST enviar\u00e1 e-mail de Encaminhamento para a Coordena\u00e7\u00e3o do Programa de Resid\u00eancia com c\u00f3pia para o solicitante, com os dados e cronograma da atividade.<\/p>\n\n\n\n<p><strong>Obs.: Solicita\u00e7\u00f5es para Est\u00e1gio Optativo de Institui\u00e7\u00f5es de Ensino Conveniadas seguir\u00e3o o procedimento padr\u00e3o para ATIVIDADES DE CURSOS T\u00c9CNICOS E GRADUA\u00c7\u00c3O disposto no item 1.<\/strong><\/p>\n\n\n\n<p><strong>Para maiores informa\u00e7\u00f5es:<\/strong><\/p>\n\n\n\n<p><a href=\"mailto:esap.estagio@manaus.am.gov.br&nbsp;\">esap.estagio@manaus.am.gov.br&nbsp;<\/a>e\/ou (92) 98842-8383 (Whatsapp)<\/p>\n\n\n\n<p><\/p>\n\n\n\n<p><strong>Links para Download e Documentos Institucionais<\/strong><\/p>\n\n\n\n<p><a href=\"https:\/\/www.manaus.am.gov.br\/semsa\/wp-content\/uploads\/sites\/8\/2026\/04\/TCE-SEMSA-2026-Individual.pdf\">Termo de Compromisso Individual de Est\u00e1gio<\/a><\/p>\n\n\n\n<p><\/p>\n\n\n\n<p><a href=\"https:\/\/www.manaus.am.gov.br\/semsa\/wp-content\/uploads\/sites\/8\/2026\/04\/TCE-SEMSA-2026-Coletivo.pdf\">Termo de Compromisso Coletivo de Est\u00e1gio<\/a><\/p>\n\n\n\n<p><\/p>\n\n\n\n<p><a href=\"https:\/\/www.manaus.am.gov.br\/semsa\/wp-content\/uploads\/sites\/8\/2025\/01\/Descritivo-de-Turmas-Estagio-Curricular-2025.xlsx\">Planilha Descritivo de Turmas<\/a><\/p>\n\n\n\n<p><\/p>\n\n\n\n<p><a href=\"https:\/\/www.manaus.am.gov.br\/semsa\/wp-content\/uploads\/sites\/8\/2024\/07\/Planilha-Descritivo-de-Residentes-2024.xlsx\">Planilha Descritivo de Residentes<\/a><\/p>\n\n\n\n<p><\/p>\n\n\n\n<p><a href=\"https:\/\/www.manaus.am.gov.br\/semsa\/wp-content\/uploads\/sites\/8\/2025\/02\/Portaria-0110_2025-Regulamentacao-Estagio-Curricular-Obrigatorio.pdf\">Portaria 0110\/2025 &#8211; Regulamenta\u00e7\u00e3o Est\u00e1gio Curricular Obrigat\u00f3rio<\/a><\/p>\n\n\n\n<p><\/p>\n\n\n\n<p><a href=\"https:\/\/www.manaus.am.gov.br\/semsa\/wp-content\/uploads\/sites\/8\/2025\/02\/Instrucao-Normativa-001_2025-Procedimentos-para-Formalizacao.pdf\">Instru\u00e7\u00e3o Normativa 001\/2025 \u2013 Procedimentos para Formaliza\u00e7\u00e3o<\/a><\/p>\n\n\n\n<p><\/p>\n\n\n\n<p><a href=\"https:\/\/www.manaus.am.gov.br\/semsa\/wp-content\/uploads\/sites\/8\/2024\/07\/Portaria-Atividades-Curriculares-Maternidade-Dr.-Moura-Tapajoz.pdf\">Portaria Atividades Curriculares Maternidade Dr. Moura Tapaj\u00f3z<\/a><\/p>\n\n\n\n<p><\/p>\n\n\n\n<p><a href=\"https:\/\/www.planalto.gov.br\/ccivil_03\/_ato2007-2010\/2008\/lei\/l11788.htm\">Lei 11.788 &#8211; Sobre o Est\u00e1gio de Estudantes<\/a><\/p>\n","protected":false},"excerpt":{"rendered":"","protected":false},"author":65,"featured_media":0,"parent":0,"menu_order":0,"comment_status":"closed","ping_status":"closed","template":"templates\/turismo.php","meta":{"footnotes":""},"acf":[],"yoast_head":"<!-- This site is optimized with the Yoast SEO plugin v23.0 - https:\/\/yoast.com\/wordpress\/plugins\/seo\/ -->\n<title>Solicita\u00e7\u00e3o do Cen\u00e1rio de Pr\u00e1ticas - SEMSA<\/title>\n<meta name=\"robots\" content=\"index, follow, max-snippet:-1, max-image-preview:large, max-video-preview:-1\" \/>\n<link rel=\"canonical\" href=\"https:\/\/www.manaus.am.gov.br\/semsa\/solicitacao-do-cenario-de-praticas\/\" \/>\n<meta property=\"og:locale\" content=\"pt_BR\" \/>\n<meta property=\"og:type\" content=\"article\" \/>\n<meta property=\"og:title\" content=\"Solicita\u00e7\u00e3o do Cen\u00e1rio de Pr\u00e1ticas - SEMSA\" \/>\n<meta property=\"og:url\" content=\"https:\/\/www.manaus.am.gov.br\/semsa\/solicitacao-do-cenario-de-praticas\/\" \/>\n<meta property=\"og:site_name\" content=\"SEMSA\" \/>\n<meta property=\"article:modified_time\" content=\"2026-04-09T19:48:56+00:00\" \/>\n<meta property=\"og:image\" content=\"https:\/\/www.manaus.am.gov.br\/semsa\/wp-content\/uploads\/sites\/8\/2024\/07\/thumb-default-2.png\" \/>\n\t<meta property=\"og:image:width\" content=\"966\" \/>\n\t<meta property=\"og:image:height\" content=\"520\" \/>\n\t<meta property=\"og:image:type\" content=\"image\/png\" \/>\n<meta name=\"twitter:card\" content=\"summary_large_image\" \/>\n<meta name=\"twitter:label1\" content=\"Est. reading time\" \/>\n\t<meta name=\"twitter:data1\" content=\"7 minutos\" \/>\n<script type=\"application\/ld+json\" class=\"yoast-schema-graph\">{\"@context\":\"https:\/\/schema.org\",\"@graph\":[{\"@type\":\"WebPage\",\"@id\":\"https:\/\/www.manaus.am.gov.br\/semsa\/solicitacao-do-cenario-de-praticas\/\",\"url\":\"https:\/\/www.manaus.am.gov.br\/semsa\/solicitacao-do-cenario-de-praticas\/\",\"name\":\"Solicita\u00e7\u00e3o do Cen\u00e1rio de Pr\u00e1ticas - SEMSA\",\"isPartOf\":{\"@id\":\"https:\/\/www.manaus.am.gov.br\/semsa\/#website\"},\"datePublished\":\"2024-07-03T20:38:39+00:00\",\"dateModified\":\"2026-04-09T19:48:56+00:00\",\"inLanguage\":\"pt-BR\",\"potentialAction\":[{\"@type\":\"ReadAction\",\"target\":[\"https:\/\/www.manaus.am.gov.br\/semsa\/solicitacao-do-cenario-de-praticas\/\"]}]},{\"@type\":\"WebSite\",\"@id\":\"https:\/\/www.manaus.am.gov.br\/semsa\/#website\",\"url\":\"https:\/\/www.manaus.am.gov.br\/semsa\/\",\"name\":\"SEMSA\",\"description\":\"Secretaria Municipal de Sa\u00fade\",\"alternateName\":\"Secretaria Municipal de Sa\u00fade\",\"potentialAction\":[{\"@type\":\"SearchAction\",\"target\":{\"@type\":\"EntryPoint\",\"urlTemplate\":\"https:\/\/www.manaus.am.gov.br\/semsa\/?s={search_term_string}\"},\"query-input\":\"required name=search_term_string\"}],\"inLanguage\":\"pt-BR\"}]}<\/script>\n<!-- \/ Yoast SEO plugin. -->","yoast_head_json":{"title":"Solicita\u00e7\u00e3o do Cen\u00e1rio de Pr\u00e1ticas - SEMSA","robots":{"index":"index","follow":"follow","max-snippet":"max-snippet:-1","max-image-preview":"max-image-preview:large","max-video-preview":"max-video-preview:-1"},"canonical":"https:\/\/www.manaus.am.gov.br\/semsa\/solicitacao-do-cenario-de-praticas\/","og_locale":"pt_BR","og_type":"article","og_title":"Solicita\u00e7\u00e3o do Cen\u00e1rio de Pr\u00e1ticas - SEMSA","og_url":"https:\/\/www.manaus.am.gov.br\/semsa\/solicitacao-do-cenario-de-praticas\/","og_site_name":"SEMSA","article_modified_time":"2026-04-09T19:48:56+00:00","og_image":[{"width":966,"height":520,"url":"https:\/\/www.manaus.am.gov.br\/semsa\/wp-content\/uploads\/sites\/8\/2024\/07\/thumb-default-2.png","type":"image\/png"}],"twitter_card":"summary_large_image","twitter_misc":{"Est. reading time":"7 minutos"},"schema":{"@context":"https:\/\/schema.org","@graph":[{"@type":"WebPage","@id":"https:\/\/www.manaus.am.gov.br\/semsa\/solicitacao-do-cenario-de-praticas\/","url":"https:\/\/www.manaus.am.gov.br\/semsa\/solicitacao-do-cenario-de-praticas\/","name":"Solicita\u00e7\u00e3o do Cen\u00e1rio de Pr\u00e1ticas - SEMSA","isPartOf":{"@id":"https:\/\/www.manaus.am.gov.br\/semsa\/#website"},"datePublished":"2024-07-03T20:38:39+00:00","dateModified":"2026-04-09T19:48:56+00:00","inLanguage":"pt-BR","potentialAction":[{"@type":"ReadAction","target":["https:\/\/www.manaus.am.gov.br\/semsa\/solicitacao-do-cenario-de-praticas\/"]}]},{"@type":"WebSite","@id":"https:\/\/www.manaus.am.gov.br\/semsa\/#website","url":"https:\/\/www.manaus.am.gov.br\/semsa\/","name":"SEMSA","description":"Secretaria Municipal de Sa\u00fade","alternateName":"Secretaria Municipal de Sa\u00fade","potentialAction":[{"@type":"SearchAction","target":{"@type":"EntryPoint","urlTemplate":"https:\/\/www.manaus.am.gov.br\/semsa\/?s={search_term_string}"},"query-input":"required name=search_term_string"}],"inLanguage":"pt-BR"}]}},"_links":{"self":[{"href":"https:\/\/www.manaus.am.gov.br\/semsa\/wp-json\/wp\/v2\/pages\/217150"}],"collection":[{"href":"https:\/\/www.manaus.am.gov.br\/semsa\/wp-json\/wp\/v2\/pages"}],"about":[{"href":"https:\/\/www.manaus.am.gov.br\/semsa\/wp-json\/wp\/v2\/types\/page"}],"author":[{"embeddable":true,"href":"https:\/\/www.manaus.am.gov.br\/semsa\/wp-json\/wp\/v2\/users\/65"}],"replies":[{"embeddable":true,"href":"https:\/\/www.manaus.am.gov.br\/semsa\/wp-json\/wp\/v2\/comments?post=217150"}],"version-history":[{"count":34,"href":"https:\/\/www.manaus.am.gov.br\/semsa\/wp-json\/wp\/v2\/pages\/217150\/revisions"}],"predecessor-version":[{"id":228489,"href":"https:\/\/www.manaus.am.gov.br\/semsa\/wp-json\/wp\/v2\/pages\/217150\/revisions\/228489"}],"wp:attachment":[{"href":"https:\/\/www.manaus.am.gov.br\/semsa\/wp-json\/wp\/v2\/media?parent=217150"}],"curies":[{"name":"wp","href":"https:\/\/api.w.org\/{rel}","templated":true}]}}