{"id":217137,"date":"2024-07-03T16:13:17","date_gmt":"2024-07-03T20:13:17","guid":{"rendered":"https:\/\/www.manaus.am.gov.br\/semsa\/?page_id=217137"},"modified":"2025-11-13T16:56:24","modified_gmt":"2025-11-13T20:56:24","slug":"programa-municipal-de-estagio-remunerado","status":"publish","type":"page","link":"https:\/\/www.manaus.am.gov.br\/semsa\/programa-municipal-de-estagio-remunerado\/","title":{"rendered":"Programa Municipal de Est\u00e1gio Remunerado"},"content":{"rendered":"\n<p><strong>1 &#8211; O que \u00e9?<\/strong><\/p>\n\n\n\n<p>O Programa Municipal de Est\u00e1gio Remunerado foi criado atrav\u00e9s do Decreto Municipal n\u00ba 7.779, de 21\/02\/2005, sendo regido atualmente pelo Decreto Municipal n\u00ba 9.087, de 06\/06\/2007, e pela Lei Federal n\u00ba 11.788, de 25\/09\/2008.<\/p>\n\n\n\n<p>O est\u00e1gio destina-se \u00e0 complementa\u00e7\u00e3o educacional e \u00e0 pr\u00e1tica profissional e deve ser planejado e desenvolvido em harmonia com os programas escolares.<\/p>\n\n\n\n<p>Pode ser definido como ato educativo escolar supervisionado, desenvolvido no ambiente de trabalho, que visa \u00e0 prepara\u00e7\u00e3o para o trabalho produtivo de educandos que estejam regularmente matriculados e efetivamente frequentando cursos vinculados \u00e0 estrutura p\u00fablica ou privada de n\u00edvel m\u00e9dio, superior ou educa\u00e7\u00e3o profissional.<\/p>\n\n\n\n<p>Por ser da categoria remunerado, o estagi\u00e1rio recebe bolsa-aux\u00edlio e aux\u00edlio transporte.<\/p>\n\n\n\n<p>A carga hor\u00e1ria di\u00e1ria a ser cumprida \u00e9 de 4 horas, 20 horas semanais.<\/p>\n\n\n\n<p><strong>2 &#8211; Qual o setor respons\u00e1vel pelo Est\u00e1gio Remunerado na Semsa?<\/strong><\/p>\n\n\n\n<p>O N\u00facleo de Est\u00e1gios e A\u00e7\u00f5es Integradas \u2013 NUEST, localizado na sede da Escola de Sa\u00fade P\u00fablica de Manaus \u2013 ESAP\/Manaus.<\/p>\n\n\n\n<p><strong>3 &#8211; Quais os requisitos para inscri\u00e7\u00e3o?&nbsp;<\/strong><\/p>\n\n\n\n<ul>\n<li>Estar regularmente matriculado em curso de n\u00edvel m\u00e9dio, t\u00e9cnico ou superior, com frequ\u00eancia efetiva;<\/li>\n\n\n\n<li>Ter idade m\u00ednima de 16 anos;<\/li>\n\n\n\n<li>Estar cursando, no caso de ensino superior, a partir do 3\u00ba per\u00edodo ou 2\u00ba ano, com exce\u00e7\u00e3o para os cursos de Enfermagem (a partir do 4\u00ba per\u00edodo), Odontologia (a partir do 5\u00ba per\u00edodo) e Jornalismo (\u00faltimos 3 per\u00edodos do curso).<\/li>\n\n\n\n<li>N\u00e3o possuir nenhum v\u00ednculo empregat\u00edcio, inclusive de est\u00e1gio.<\/li>\n\n\n\n<li>Possuir coeficiente de rendimento escolar ou acad\u00eamico igual ou superior a 5.<\/li>\n<\/ul>\n\n\n\n<p><strong>4 &#8211; Como fa\u00e7o para me inscrever?<\/strong><\/p>\n\n\n\n<p>O interessado que cumprir os requisitos deve se cadastrar no site do <a href=\"https:\/\/www.itd.org.br\/\">Instituto Trimonte<\/a><\/p>\n\n\n\n<p><\/p>\n\n\n\n<p><strong>5 \u2013 Como \u00e9 o procedimento at\u00e9 a convoca\u00e7\u00e3o?<\/strong><strong><\/strong><\/p>\n\n\n\n<p>Os interessados que realizarem o cadastro ser\u00e3o inseridos em lista de classifica\u00e7\u00e3o por Coeficiente (calculado a partir do Hist\u00f3rico Escolar) e ser\u00e3o convocados conforme necessidade do servi\u00e7o. As vagas do programa s\u00e3o renovadas continuamente ao longo de todo o ano. A partir da identifica\u00e7\u00e3o da necessidade, a equipe Trimonte entrar\u00e1 em contato com o candidato pelos meios cadastrados, por ordem de classifica\u00e7\u00e3o, comunicando informa\u00e7\u00f5es para a sua apresenta\u00e7\u00e3o e documenta\u00e7\u00e3o.<\/p>\n\n\n\n<p><strong>6 \u2013 Qual o contato dispon\u00edvel para assuntos de est\u00e1gio remunerado?<\/strong><strong><\/strong><\/p>\n\n\n\n<p>O interessado poder\u00e1 acessar o Agente Setorial do programa atrav\u00e9s dos contatos 98842-8251 (somente Whatsapp) e <a href=\"mailto:esap.estagio@manaus.am.gov.br\">esap.estagio@manaus.am.gov.br<\/a> <\/p>\n\n\n\n<p><a id=\"_msocom_1\"><\/a><\/p>\n\n\n\n<p><\/p>\n\n\n\n<p><\/p>\n\n\n\n<p><\/p>\n","protected":false},"excerpt":{"rendered":"","protected":false},"author":65,"featured_media":0,"parent":0,"menu_order":0,"comment_status":"closed","ping_status":"closed","template":"templates\/turismo.php","meta":{"footnotes":""},"acf":[],"yoast_head":"<!-- This site is optimized with the Yoast SEO plugin v23.0 - https:\/\/yoast.com\/wordpress\/plugins\/seo\/ -->\n<title>Programa Municipal de Est\u00e1gio Remunerado - SEMSA<\/title>\n<meta name=\"robots\" content=\"index, follow, max-snippet:-1, max-image-preview:large, max-video-preview:-1\" \/>\n<link rel=\"canonical\" href=\"https:\/\/www.manaus.am.gov.br\/semsa\/programa-municipal-de-estagio-remunerado\/\" \/>\n<meta property=\"og:locale\" content=\"pt_BR\" \/>\n<meta property=\"og:type\" content=\"article\" \/>\n<meta property=\"og:title\" content=\"Programa Municipal de Est\u00e1gio Remunerado - SEMSA\" \/>\n<meta property=\"og:url\" content=\"https:\/\/www.manaus.am.gov.br\/semsa\/programa-municipal-de-estagio-remunerado\/\" \/>\n<meta property=\"og:site_name\" content=\"SEMSA\" \/>\n<meta property=\"article:modified_time\" content=\"2025-11-13T20:56:24+00:00\" \/>\n<meta property=\"og:image\" content=\"https:\/\/www.manaus.am.gov.br\/semsa\/wp-content\/uploads\/sites\/8\/2024\/07\/thumb-default-2.png\" \/>\n\t<meta property=\"og:image:width\" content=\"966\" \/>\n\t<meta property=\"og:image:height\" content=\"520\" \/>\n\t<meta property=\"og:image:type\" content=\"image\/png\" \/>\n<meta name=\"twitter:card\" content=\"summary_large_image\" \/>\n<meta name=\"twitter:label1\" content=\"Est. reading time\" \/>\n\t<meta name=\"twitter:data1\" content=\"3 minutos\" \/>\n<script type=\"application\/ld+json\" class=\"yoast-schema-graph\">{\"@context\":\"https:\/\/schema.org\",\"@graph\":[{\"@type\":\"WebPage\",\"@id\":\"https:\/\/www.manaus.am.gov.br\/semsa\/programa-municipal-de-estagio-remunerado\/\",\"url\":\"https:\/\/www.manaus.am.gov.br\/semsa\/programa-municipal-de-estagio-remunerado\/\",\"name\":\"Programa Municipal de Est\u00e1gio Remunerado - SEMSA\",\"isPartOf\":{\"@id\":\"https:\/\/www.manaus.am.gov.br\/semsa\/#website\"},\"datePublished\":\"2024-07-03T20:13:17+00:00\",\"dateModified\":\"2025-11-13T20:56:24+00:00\",\"inLanguage\":\"pt-BR\",\"potentialAction\":[{\"@type\":\"ReadAction\",\"target\":[\"https:\/\/www.manaus.am.gov.br\/semsa\/programa-municipal-de-estagio-remunerado\/\"]}]},{\"@type\":\"WebSite\",\"@id\":\"https:\/\/www.manaus.am.gov.br\/semsa\/#website\",\"url\":\"https:\/\/www.manaus.am.gov.br\/semsa\/\",\"name\":\"SEMSA\",\"description\":\"Secretaria Municipal de Sa\u00fade\",\"alternateName\":\"Secretaria Municipal de Sa\u00fade\",\"potentialAction\":[{\"@type\":\"SearchAction\",\"target\":{\"@type\":\"EntryPoint\",\"urlTemplate\":\"https:\/\/www.manaus.am.gov.br\/semsa\/?s={search_term_string}\"},\"query-input\":\"required name=search_term_string\"}],\"inLanguage\":\"pt-BR\"}]}<\/script>\n<!-- \/ Yoast SEO plugin. -->","yoast_head_json":{"title":"Programa Municipal de Est\u00e1gio Remunerado - SEMSA","robots":{"index":"index","follow":"follow","max-snippet":"max-snippet:-1","max-image-preview":"max-image-preview:large","max-video-preview":"max-video-preview:-1"},"canonical":"https:\/\/www.manaus.am.gov.br\/semsa\/programa-municipal-de-estagio-remunerado\/","og_locale":"pt_BR","og_type":"article","og_title":"Programa Municipal de Est\u00e1gio Remunerado - SEMSA","og_url":"https:\/\/www.manaus.am.gov.br\/semsa\/programa-municipal-de-estagio-remunerado\/","og_site_name":"SEMSA","article_modified_time":"2025-11-13T20:56:24+00:00","og_image":[{"width":966,"height":520,"url":"https:\/\/www.manaus.am.gov.br\/semsa\/wp-content\/uploads\/sites\/8\/2024\/07\/thumb-default-2.png","type":"image\/png"}],"twitter_card":"summary_large_image","twitter_misc":{"Est. reading time":"3 minutos"},"schema":{"@context":"https:\/\/schema.org","@graph":[{"@type":"WebPage","@id":"https:\/\/www.manaus.am.gov.br\/semsa\/programa-municipal-de-estagio-remunerado\/","url":"https:\/\/www.manaus.am.gov.br\/semsa\/programa-municipal-de-estagio-remunerado\/","name":"Programa Municipal de Est\u00e1gio Remunerado - SEMSA","isPartOf":{"@id":"https:\/\/www.manaus.am.gov.br\/semsa\/#website"},"datePublished":"2024-07-03T20:13:17+00:00","dateModified":"2025-11-13T20:56:24+00:00","inLanguage":"pt-BR","potentialAction":[{"@type":"ReadAction","target":["https:\/\/www.manaus.am.gov.br\/semsa\/programa-municipal-de-estagio-remunerado\/"]}]},{"@type":"WebSite","@id":"https:\/\/www.manaus.am.gov.br\/semsa\/#website","url":"https:\/\/www.manaus.am.gov.br\/semsa\/","name":"SEMSA","description":"Secretaria Municipal de Sa\u00fade","alternateName":"Secretaria Municipal de Sa\u00fade","potentialAction":[{"@type":"SearchAction","target":{"@type":"EntryPoint","urlTemplate":"https:\/\/www.manaus.am.gov.br\/semsa\/?s={search_term_string}"},"query-input":"required name=search_term_string"}],"inLanguage":"pt-BR"}]}},"_links":{"self":[{"href":"https:\/\/www.manaus.am.gov.br\/semsa\/wp-json\/wp\/v2\/pages\/217137"}],"collection":[{"href":"https:\/\/www.manaus.am.gov.br\/semsa\/wp-json\/wp\/v2\/pages"}],"about":[{"href":"https:\/\/www.manaus.am.gov.br\/semsa\/wp-json\/wp\/v2\/types\/page"}],"author":[{"embeddable":true,"href":"https:\/\/www.manaus.am.gov.br\/semsa\/wp-json\/wp\/v2\/users\/65"}],"replies":[{"embeddable":true,"href":"https:\/\/www.manaus.am.gov.br\/semsa\/wp-json\/wp\/v2\/comments?post=217137"}],"version-history":[{"count":8,"href":"https:\/\/www.manaus.am.gov.br\/semsa\/wp-json\/wp\/v2\/pages\/217137\/revisions"}],"predecessor-version":[{"id":226248,"href":"https:\/\/www.manaus.am.gov.br\/semsa\/wp-json\/wp\/v2\/pages\/217137\/revisions\/226248"}],"wp:attachment":[{"href":"https:\/\/www.manaus.am.gov.br\/semsa\/wp-json\/wp\/v2\/media?parent=217137"}],"curies":[{"name":"wp","href":"https:\/\/api.w.org\/{rel}","templated":true}]}}