{"id":217127,"date":"2024-07-03T15:53:56","date_gmt":"2024-07-03T19:53:56","guid":{"rendered":"https:\/\/www.manaus.am.gov.br\/semsa\/?page_id=217127"},"modified":"2026-02-06T08:28:45","modified_gmt":"2026-02-06T12:28:45","slug":"estagio-curricular-obrigatorio","status":"publish","type":"page","link":"https:\/\/www.manaus.am.gov.br\/semsa\/estagio-curricular-obrigatorio\/","title":{"rendered":"Est\u00e1gio Curricular Obrigat\u00f3rio"},"content":{"rendered":"\n<p><strong>1 &#8211; O que s\u00e3o Atividades Pr\u00e1ticas Curriculares?<\/strong><\/p>\n\n\n\n<p>S\u00e3o atividades acad\u00eamicas supervisionadas realizadas em servi\u00e7o, previstas como disciplinas no projeto pedag\u00f3gico curricular dos cursos t\u00e9cnicos e de gradua\u00e7\u00e3o das Institui\u00e7\u00f5es de Ensino\/Formadoras, de car\u00e1ter obrigat\u00f3rio. O NUEST compreende essas atividades como Est\u00e1gios, Aulas Pr\u00e1ticas e Visitas T\u00e9cnicas.<\/p>\n\n\n\n<p><strong>2 &#8211; Qual setor \u00e9 respons\u00e1vel pelas Atividades Pr\u00e1ticas Curriculares que s\u00e3o realizadas na Semsa?<\/strong><\/p>\n\n\n\n<p>O N\u00facleo de Est\u00e1gios e A\u00e7\u00f5es Integradas \u2013 NUEST, integrado \u00e0 estrutura da Escola de Sa\u00fade P\u00fablica \u2013 ESAP, \u00e9 o setor respons\u00e1vel pelos procedimentos, documenta\u00e7\u00f5es e registros das Atividades Pr\u00e1ticas Curriculares que s\u00e3o realizadas em todas as Unidades vinculadas \u00e0 SEMSA.<\/p>\n\n\n\n<p><strong>3 \u2013 Quais s\u00e3o os tipos de Atividades Pr\u00e1ticas Curriculares realizadas na Semsa?<\/strong><\/p>\n\n\n\n<p><strong>a) Est\u00e1gio Curricular Obrigat\u00f3rio<\/strong><\/p>\n\n\n\n<p>Atividades pr\u00e1ticas supervisionadas previstas no projeto pedag\u00f3gico do curso, desenvolvidas no ambiente de trabalho conforme diretrizes curriculares da etapa e que visam ao aprendizado de compet\u00eancias pr\u00f3prias da atividade profissional e contextualiza\u00e7\u00e3o curricular. Dever\u00e3o ser observadas as compet\u00eancias que lhe s\u00e3o permitidas e defini\u00e7\u00e3o de v\u00ednculo por meio do Termo de Compromisso de Est\u00e1gio. \u00c9 exigido que o aluno esteja amparado na execu\u00e7\u00e3o das pr\u00e1ticas de campo por meio da contrata\u00e7\u00e3o de Seguro contra Acidentes de Trabalho, conforme legisla\u00e7\u00e3o vigente. N\u00e3o ser\u00e1 admitida solicita\u00e7\u00e3o para est\u00e1gio volunt\u00e1rio.<\/p>\n\n\n\n<p><strong>b) Aulas Pr\u00e1ticas<\/strong><\/p>\n\n\n\n<p>As Aulas Pr\u00e1ticas s\u00e3o atividades curriculares organizadas em grupos de alunos conduzidos por&nbsp;docente<strong>&nbsp;<\/strong>ou profissional vinculado \u00e0 Institui\u00e7\u00e3o de Ensino\/Formadora. As a\u00e7\u00f5es a serem desenvolvidas em ambiente de trabalho e seus objetivos a serem alcan\u00e7ados est\u00e3o previamente delimitados no plano pedag\u00f3gico, reduzidas em carga hor\u00e1ria e grau de intera\u00e7\u00e3o com o servi\u00e7o.<\/p>\n\n\n\n<p><strong>c) Visitas T\u00e9cnicas<\/strong><\/p>\n\n\n\n<p>Atividade de car\u00e1ter exclusivamente observacional e pontual com o objetivo de conhecer instala\u00e7\u00f5es, equipamentos e m\u00e9todos de trabalho, guiada pelo professor da disciplina e por profissional do servi\u00e7o designado. Deve ter carga hor\u00e1ria e frequ\u00eancia compat\u00edveis com a modalidade e que n\u00e3o caracterizem outras finalidades como pesquisa cient\u00edfica, aula pr\u00e1tica ou elabora\u00e7\u00e3o de Trabalho de Conclus\u00e3o de Curso, com quantitativo de alunos que observe a capacidade instalada do local a ser visitado.<\/p>\n\n\n\n<p><strong>d) Est\u00e1gio Optativo<\/strong><\/p>\n\n\n\n<p>Modalidade espec\u00edfica de est\u00e1gio prevista na grade curricular de cursos de gradua\u00e7\u00e3o em Medicina e Programas de Resid\u00eancia, cuja \u00eanfase \u00e9 facultativa ao aluno e tem por objetivo proporcionar a viv\u00eancia do aprendizado em ambientes considerados importantes para diversifica\u00e7\u00e3o ou intensifica\u00e7\u00e3o das experi\u00eancias acad\u00eamicas. A Semsa recebe as solicita\u00e7\u00f5es para esta disciplina frequentemente de alunos de Institui\u00e7\u00f5es de outros estados, e at\u00e9 mesmo outros pa\u00edses, direcionadas \u00e0 especificidade regional \u2013 povos ribeirinhos e ind\u00edgenas. Os Est\u00e1gios Optativos em geral s\u00e3o realizados junto \u00e0s equipes das Unidades Fluviais, Ribeirinhas e nas A\u00e7\u00f5es em Sa\u00fade com as Comunidades Ind\u00edgenas Urbanas devido ao seu potencial excepcionalmente rico e desafiador, valorizando a qualidade do trabalho assistencial local e a diversidade da cultura do Amazonas. N\u00e3o \u00e9 requerido o conv\u00eanio para Institui\u00e7\u00f5es Formadoras de outras Unidades Federativas.<\/p>\n\n\n\n<p><strong>e) Programas de Resid\u00eancias<\/strong><\/p>\n\n\n\n<p>A aten\u00e7\u00e3o prim\u00e1ria \u00e9 cen\u00e1rio para atividades de programas de resid\u00eancias de diversas especialidades e diferentes institui\u00e7\u00f5es formadoras em Manaus, oportunizando pr\u00e1ticas enriquecedoras aos profissionais na continuidade da sua forma\u00e7\u00e3o e ofertando \u00e0 popula\u00e7\u00e3o a parceria de profissionais selecionados e em pleno desenvolvimento de suas compet\u00eancias.<\/p>\n\n\n\n<p>Obs.: Outras atividades com fins educacionais poder\u00e3o ser analisadas individualmente de acordo com a disponibilidade da Semsa, por meio dos canais de contato com o N\u00facleo de Est\u00e1gios.<\/p>\n\n\n\n<p><strong>4 \u2013 Qualquer Institui\u00e7\u00e3o de Ensino pode realizar Atividades Pr\u00e1ticas Curriculares na Semsa?<\/strong><\/p>\n\n\n\n<p>Apenas Institui\u00e7\u00f5es de Ensino conveniadas com a Semsa podem formalizar solicita\u00e7\u00e3o do cen\u00e1rio de pr\u00e1ticas para realiza\u00e7\u00e3o de Est\u00e1gio Curricular e Aulas Pr\u00e1ticas. Atividades de Visita T\u00e9cnica s\u00e3o disponibilizadas para demais Institui\u00e7\u00f5es n\u00e3o conveniadas. A listagem das Institui\u00e7\u00f5es atualmente conveniadas pode ser verificada atrav\u00e9s deste <a href=\"https:\/\/www.manaus.am.gov.br\/semsa\/wp-content\/uploads\/sites\/8\/2026\/02\/Planilha-Instituicoes-de-Ensino-Conveniadas-Fevereiro-2026.pdf\">link<\/a><\/p>\n\n\n\n<p><\/p>\n\n\n\n<p>Caso a Institui\u00e7\u00e3o de Ensino n\u00e3o possua o conv\u00eanio e tenha o interesse, representante da Institui\u00e7\u00e3o dever\u00e1 entrar em contato com a Divis\u00e3o de Conv\u00eanios Semsa para os procedimentos necess\u00e1rios. <\/p>\n\n\n\n<p><strong>5 &#8211; Quem pode formalizar solicita\u00e7\u00f5es de campos de pr\u00e1tica para essas atividades curriculares?<\/strong><\/p>\n\n\n\n<p>As solicita\u00e7\u00f5es para essas atividades devem ser formalizadas pelos coordenadores ou docentes da Institui\u00e7\u00e3o de Ensino. N\u00e3o s\u00e3o admitidas demandas espont\u00e2neas e individuais feitas diretamente pelos alunos.<\/p>\n\n\n\n<p><strong>6 &#8211; Como fazer a solicita\u00e7\u00e3o dos campos de pr\u00e1tica para essas atividades?<\/strong><\/p>\n\n\n\n<p>Para orienta\u00e7\u00f5es de como solicitar campo para realizar Est\u00e1gio e outras atividades na Semsa e documenta\u00e7\u00e3o necess\u00e1ria, acesse <a href=\"https:\/\/www.manaus.am.gov.br\/semsa\/estagio\/solicitacao-do-cenario-de-praticas\/\">aqui<\/a>.<\/p>\n\n\n\n<p><\/p>\n\n\n\n<p>Mais informa\u00e7\u00f5es podem ser solicitadas por meio dos contatos &nbsp;<a href=\"mailto:esap.estagio@manaus.am.gov.br\">esap.estagio@manaus.am.gov.br<\/a> e 98842-8383 (liga\u00e7\u00e3o e whatsapp).<\/p>\n\n\n\n<p><a id=\"_msocom_1\"><\/a><\/p>\n","protected":false},"excerpt":{"rendered":"","protected":false},"author":65,"featured_media":0,"parent":0,"menu_order":0,"comment_status":"closed","ping_status":"closed","template":"templates\/turismo.php","meta":{"footnotes":""},"acf":[],"yoast_head":"<!-- This site is optimized with the Yoast SEO plugin v23.0 - https:\/\/yoast.com\/wordpress\/plugins\/seo\/ -->\n<title>Est\u00e1gio Curricular Obrigat\u00f3rio - SEMSA<\/title>\n<meta name=\"robots\" content=\"index, follow, max-snippet:-1, max-image-preview:large, max-video-preview:-1\" \/>\n<link rel=\"canonical\" href=\"https:\/\/www.manaus.am.gov.br\/semsa\/estagio-curricular-obrigatorio\/\" \/>\n<meta property=\"og:locale\" content=\"pt_BR\" \/>\n<meta property=\"og:type\" content=\"article\" \/>\n<meta property=\"og:title\" content=\"Est\u00e1gio Curricular Obrigat\u00f3rio - SEMSA\" \/>\n<meta property=\"og:url\" content=\"https:\/\/www.manaus.am.gov.br\/semsa\/estagio-curricular-obrigatorio\/\" \/>\n<meta property=\"og:site_name\" content=\"SEMSA\" \/>\n<meta property=\"article:modified_time\" content=\"2026-02-06T12:28:45+00:00\" \/>\n<meta property=\"og:image\" content=\"https:\/\/www.manaus.am.gov.br\/semsa\/wp-content\/uploads\/sites\/8\/2024\/07\/thumb-default-2.png\" \/>\n\t<meta property=\"og:image:width\" content=\"966\" \/>\n\t<meta property=\"og:image:height\" content=\"520\" \/>\n\t<meta property=\"og:image:type\" content=\"image\/png\" \/>\n<meta name=\"twitter:card\" content=\"summary_large_image\" \/>\n<meta name=\"twitter:label1\" content=\"Est. reading time\" \/>\n\t<meta name=\"twitter:data1\" content=\"4 minutos\" \/>\n<script type=\"application\/ld+json\" class=\"yoast-schema-graph\">{\"@context\":\"https:\/\/schema.org\",\"@graph\":[{\"@type\":\"WebPage\",\"@id\":\"https:\/\/www.manaus.am.gov.br\/semsa\/estagio-curricular-obrigatorio\/\",\"url\":\"https:\/\/www.manaus.am.gov.br\/semsa\/estagio-curricular-obrigatorio\/\",\"name\":\"Est\u00e1gio Curricular Obrigat\u00f3rio - SEMSA\",\"isPartOf\":{\"@id\":\"https:\/\/www.manaus.am.gov.br\/semsa\/#website\"},\"datePublished\":\"2024-07-03T19:53:56+00:00\",\"dateModified\":\"2026-02-06T12:28:45+00:00\",\"inLanguage\":\"pt-BR\",\"potentialAction\":[{\"@type\":\"ReadAction\",\"target\":[\"https:\/\/www.manaus.am.gov.br\/semsa\/estagio-curricular-obrigatorio\/\"]}]},{\"@type\":\"WebSite\",\"@id\":\"https:\/\/www.manaus.am.gov.br\/semsa\/#website\",\"url\":\"https:\/\/www.manaus.am.gov.br\/semsa\/\",\"name\":\"SEMSA\",\"description\":\"Secretaria Municipal de Sa\u00fade\",\"alternateName\":\"Secretaria Municipal de Sa\u00fade\",\"potentialAction\":[{\"@type\":\"SearchAction\",\"target\":{\"@type\":\"EntryPoint\",\"urlTemplate\":\"https:\/\/www.manaus.am.gov.br\/semsa\/?s={search_term_string}\"},\"query-input\":\"required name=search_term_string\"}],\"inLanguage\":\"pt-BR\"}]}<\/script>\n<!-- \/ Yoast SEO plugin. -->","yoast_head_json":{"title":"Est\u00e1gio Curricular Obrigat\u00f3rio - SEMSA","robots":{"index":"index","follow":"follow","max-snippet":"max-snippet:-1","max-image-preview":"max-image-preview:large","max-video-preview":"max-video-preview:-1"},"canonical":"https:\/\/www.manaus.am.gov.br\/semsa\/estagio-curricular-obrigatorio\/","og_locale":"pt_BR","og_type":"article","og_title":"Est\u00e1gio Curricular Obrigat\u00f3rio - SEMSA","og_url":"https:\/\/www.manaus.am.gov.br\/semsa\/estagio-curricular-obrigatorio\/","og_site_name":"SEMSA","article_modified_time":"2026-02-06T12:28:45+00:00","og_image":[{"width":966,"height":520,"url":"https:\/\/www.manaus.am.gov.br\/semsa\/wp-content\/uploads\/sites\/8\/2024\/07\/thumb-default-2.png","type":"image\/png"}],"twitter_card":"summary_large_image","twitter_misc":{"Est. reading time":"4 minutos"},"schema":{"@context":"https:\/\/schema.org","@graph":[{"@type":"WebPage","@id":"https:\/\/www.manaus.am.gov.br\/semsa\/estagio-curricular-obrigatorio\/","url":"https:\/\/www.manaus.am.gov.br\/semsa\/estagio-curricular-obrigatorio\/","name":"Est\u00e1gio Curricular Obrigat\u00f3rio - SEMSA","isPartOf":{"@id":"https:\/\/www.manaus.am.gov.br\/semsa\/#website"},"datePublished":"2024-07-03T19:53:56+00:00","dateModified":"2026-02-06T12:28:45+00:00","inLanguage":"pt-BR","potentialAction":[{"@type":"ReadAction","target":["https:\/\/www.manaus.am.gov.br\/semsa\/estagio-curricular-obrigatorio\/"]}]},{"@type":"WebSite","@id":"https:\/\/www.manaus.am.gov.br\/semsa\/#website","url":"https:\/\/www.manaus.am.gov.br\/semsa\/","name":"SEMSA","description":"Secretaria Municipal de Sa\u00fade","alternateName":"Secretaria Municipal de Sa\u00fade","potentialAction":[{"@type":"SearchAction","target":{"@type":"EntryPoint","urlTemplate":"https:\/\/www.manaus.am.gov.br\/semsa\/?s={search_term_string}"},"query-input":"required name=search_term_string"}],"inLanguage":"pt-BR"}]}},"_links":{"self":[{"href":"https:\/\/www.manaus.am.gov.br\/semsa\/wp-json\/wp\/v2\/pages\/217127"}],"collection":[{"href":"https:\/\/www.manaus.am.gov.br\/semsa\/wp-json\/wp\/v2\/pages"}],"about":[{"href":"https:\/\/www.manaus.am.gov.br\/semsa\/wp-json\/wp\/v2\/types\/page"}],"author":[{"embeddable":true,"href":"https:\/\/www.manaus.am.gov.br\/semsa\/wp-json\/wp\/v2\/users\/65"}],"replies":[{"embeddable":true,"href":"https:\/\/www.manaus.am.gov.br\/semsa\/wp-json\/wp\/v2\/comments?post=217127"}],"version-history":[{"count":21,"href":"https:\/\/www.manaus.am.gov.br\/semsa\/wp-json\/wp\/v2\/pages\/217127\/revisions"}],"predecessor-version":[{"id":227470,"href":"https:\/\/www.manaus.am.gov.br\/semsa\/wp-json\/wp\/v2\/pages\/217127\/revisions\/227470"}],"wp:attachment":[{"href":"https:\/\/www.manaus.am.gov.br\/semsa\/wp-json\/wp\/v2\/media?parent=217127"}],"curies":[{"name":"wp","href":"https:\/\/api.w.org\/{rel}","templated":true}]}}