{"id":216737,"date":"2024-06-18T17:13:01","date_gmt":"2024-06-18T21:13:01","guid":{"rendered":"https:\/\/www.manaus.am.gov.br\/semsa\/?page_id=216737"},"modified":"2024-06-18T17:13:02","modified_gmt":"2024-06-18T21:13:02","slug":"zona-norte","status":"publish","type":"page","link":"https:\/\/www.manaus.am.gov.br\/semsa\/hipertensao\/zona-norte\/","title":{"rendered":"Zona Norte"},"content":{"rendered":"\n<h2 class=\"wp-block-heading\">Unidade de Sa\u00fade da Fam\u00edlia Anna Barreto<\/h2>\n\n\n\n<p>Endere\u00e7o: Av. Autaz Mirim, s\/n \u2013 Cidade de Deus<br>Hor\u00e1rio de atendimento ao p\u00fablico: segunda a sexta-feira das 7h \u00e0s 17h<br>Acesso aos servi\u00e7os: por meio de agendamento, feito diretamente na unidade.<\/p>\n\n\n\n<h2 class=\"wp-block-heading\">Unidade de Sa\u00fade da Fam\u00edlia \u00c1ugias Gadelha<\/h2>\n\n\n\n<p>Endere\u00e7o: Rua A, s\/n \u2013 Conjunto Ribeiro Junior, Cidade Nova<br>Hor\u00e1rio de atendimento ao p\u00fablico: segunda a sexta-feira das 7h \u00e0s 21h \/ s\u00e1bado das 7h \u00e0s 12h<br>Acesso aos servi\u00e7os: por meio de agendamento, feito diretamente na unidade<\/p>\n\n\n\n<h2 class=\"wp-block-heading\">Unidade de Sa\u00fade da Fam\u00edlia Balbina Mestrinho<\/h2>\n\n\n\n<p>Endere\u00e7o: Rua Major Silv\u00e9rio Nery, 170 \u2013 Cidade Nova<br>Hor\u00e1rio de atendimento ao p\u00fablico: segunda a sexta-feira das 7h \u00e0s 21h \/ s\u00e1bado das 7h \u00e0s 12h<br>Acesso aos servi\u00e7os: por meio de agendamento, feito diretamente na unidade<\/p>\n\n\n\n<h2 class=\"wp-block-heading\">Unidade de Sa\u00fade da Fam\u00edlia Frei Val\u00e9rio Di Carlo<\/h2>\n\n\n\n<p>Endere\u00e7o: Rua Rufino de Elizalde, s\/n \u2013 Novo Israel<br>Hor\u00e1rio de atendimento ao p\u00fablico: segunda a sexta-feira das 7h \u00e0s 19h Acesso aos servi\u00e7os: por meio de agendamento, feito diretamente na unidade<\/p>\n\n\n\n<h2 class=\"wp-block-heading\">Unidade de Sa\u00fade da Fam\u00edlia MJ PM Salvio Belota<\/h2>\n\n\n\n<p>Endere\u00e7o: R. Samambaia, 786 \u2013 Santa Etelvina<br>Hor\u00e1rio de atendimento ao p\u00fablico: segunda a sexta-feira das 7h \u00e0s 21h \/ s\u00e1bado das 7h \u00e0s 12h<br>Acesso aos servi\u00e7os: por meio de agendamento, feito diretamente na unidade<\/p>\n","protected":false},"excerpt":{"rendered":"","protected":false},"author":65,"featured_media":0,"parent":207958,"menu_order":0,"comment_status":"closed","ping_status":"closed","template":"templates\/turismo.php","meta":{"footnotes":""},"acf":[],"yoast_head":"<!-- This site is optimized with the Yoast SEO plugin v23.0 - https:\/\/yoast.com\/wordpress\/plugins\/seo\/ -->\n<title>Zona Norte - SEMSA<\/title>\n<meta name=\"robots\" content=\"index, follow, max-snippet:-1, max-image-preview:large, max-video-preview:-1\" \/>\n<link rel=\"canonical\" href=\"https:\/\/www.manaus.am.gov.br\/semsa\/hipertensao\/zona-norte\/\" \/>\n<meta property=\"og:locale\" content=\"pt_BR\" \/>\n<meta property=\"og:type\" content=\"article\" \/>\n<meta property=\"og:title\" content=\"Zona Norte - SEMSA\" \/>\n<meta property=\"og:url\" content=\"https:\/\/www.manaus.am.gov.br\/semsa\/hipertensao\/zona-norte\/\" \/>\n<meta property=\"og:site_name\" content=\"SEMSA\" \/>\n<meta property=\"article:modified_time\" content=\"2024-06-18T21:13:02+00:00\" \/>\n<meta property=\"og:image\" content=\"https:\/\/www.manaus.am.gov.br\/semsa\/wp-content\/uploads\/sites\/8\/2024\/07\/thumb-default-2.png\" \/>\n\t<meta property=\"og:image:width\" content=\"966\" \/>\n\t<meta property=\"og:image:height\" content=\"520\" \/>\n\t<meta property=\"og:image:type\" content=\"image\/png\" \/>\n<meta name=\"twitter:card\" content=\"summary_large_image\" \/>\n<meta name=\"twitter:label1\" content=\"Est. reading time\" \/>\n\t<meta name=\"twitter:data1\" content=\"2 minutos\" \/>\n<script type=\"application\/ld+json\" class=\"yoast-schema-graph\">{\"@context\":\"https:\/\/schema.org\",\"@graph\":[{\"@type\":\"WebPage\",\"@id\":\"https:\/\/www.manaus.am.gov.br\/semsa\/hipertensao\/zona-norte\/\",\"url\":\"https:\/\/www.manaus.am.gov.br\/semsa\/hipertensao\/zona-norte\/\",\"name\":\"Zona Norte - SEMSA\",\"isPartOf\":{\"@id\":\"https:\/\/www.manaus.am.gov.br\/semsa\/#website\"},\"datePublished\":\"2024-06-18T21:13:01+00:00\",\"dateModified\":\"2024-06-18T21:13:02+00:00\",\"breadcrumb\":{\"@id\":\"https:\/\/www.manaus.am.gov.br\/semsa\/hipertensao\/zona-norte\/#breadcrumb\"},\"inLanguage\":\"pt-BR\",\"potentialAction\":[{\"@type\":\"ReadAction\",\"target\":[\"https:\/\/www.manaus.am.gov.br\/semsa\/hipertensao\/zona-norte\/\"]}]},{\"@type\":\"BreadcrumbList\",\"@id\":\"https:\/\/www.manaus.am.gov.br\/semsa\/hipertensao\/zona-norte\/#breadcrumb\",\"itemListElement\":[{\"@type\":\"ListItem\",\"position\":1,\"name\":\"Hipertens\u00e3o\",\"item\":\"https:\/\/www.manaus.am.gov.br\/semsa\/hipertensao\/\"},{\"@type\":\"ListItem\",\"position\":2,\"name\":\"Zona Norte\"}]},{\"@type\":\"WebSite\",\"@id\":\"https:\/\/www.manaus.am.gov.br\/semsa\/#website\",\"url\":\"https:\/\/www.manaus.am.gov.br\/semsa\/\",\"name\":\"SEMSA\",\"description\":\"Secretaria Municipal de Sa\u00fade\",\"alternateName\":\"Secretaria Municipal de Sa\u00fade\",\"potentialAction\":[{\"@type\":\"SearchAction\",\"target\":{\"@type\":\"EntryPoint\",\"urlTemplate\":\"https:\/\/www.manaus.am.gov.br\/semsa\/?s={search_term_string}\"},\"query-input\":\"required name=search_term_string\"}],\"inLanguage\":\"pt-BR\"}]}<\/script>\n<!-- \/ Yoast SEO plugin. -->","yoast_head_json":{"title":"Zona Norte - SEMSA","robots":{"index":"index","follow":"follow","max-snippet":"max-snippet:-1","max-image-preview":"max-image-preview:large","max-video-preview":"max-video-preview:-1"},"canonical":"https:\/\/www.manaus.am.gov.br\/semsa\/hipertensao\/zona-norte\/","og_locale":"pt_BR","og_type":"article","og_title":"Zona Norte - SEMSA","og_url":"https:\/\/www.manaus.am.gov.br\/semsa\/hipertensao\/zona-norte\/","og_site_name":"SEMSA","article_modified_time":"2024-06-18T21:13:02+00:00","og_image":[{"width":966,"height":520,"url":"https:\/\/www.manaus.am.gov.br\/semsa\/wp-content\/uploads\/sites\/8\/2024\/07\/thumb-default-2.png","type":"image\/png"}],"twitter_card":"summary_large_image","twitter_misc":{"Est. reading time":"2 minutos"},"schema":{"@context":"https:\/\/schema.org","@graph":[{"@type":"WebPage","@id":"https:\/\/www.manaus.am.gov.br\/semsa\/hipertensao\/zona-norte\/","url":"https:\/\/www.manaus.am.gov.br\/semsa\/hipertensao\/zona-norte\/","name":"Zona Norte - SEMSA","isPartOf":{"@id":"https:\/\/www.manaus.am.gov.br\/semsa\/#website"},"datePublished":"2024-06-18T21:13:01+00:00","dateModified":"2024-06-18T21:13:02+00:00","breadcrumb":{"@id":"https:\/\/www.manaus.am.gov.br\/semsa\/hipertensao\/zona-norte\/#breadcrumb"},"inLanguage":"pt-BR","potentialAction":[{"@type":"ReadAction","target":["https:\/\/www.manaus.am.gov.br\/semsa\/hipertensao\/zona-norte\/"]}]},{"@type":"BreadcrumbList","@id":"https:\/\/www.manaus.am.gov.br\/semsa\/hipertensao\/zona-norte\/#breadcrumb","itemListElement":[{"@type":"ListItem","position":1,"name":"Hipertens\u00e3o","item":"https:\/\/www.manaus.am.gov.br\/semsa\/hipertensao\/"},{"@type":"ListItem","position":2,"name":"Zona Norte"}]},{"@type":"WebSite","@id":"https:\/\/www.manaus.am.gov.br\/semsa\/#website","url":"https:\/\/www.manaus.am.gov.br\/semsa\/","name":"SEMSA","description":"Secretaria Municipal de Sa\u00fade","alternateName":"Secretaria Municipal de Sa\u00fade","potentialAction":[{"@type":"SearchAction","target":{"@type":"EntryPoint","urlTemplate":"https:\/\/www.manaus.am.gov.br\/semsa\/?s={search_term_string}"},"query-input":"required name=search_term_string"}],"inLanguage":"pt-BR"}]}},"_links":{"self":[{"href":"https:\/\/www.manaus.am.gov.br\/semsa\/wp-json\/wp\/v2\/pages\/216737"}],"collection":[{"href":"https:\/\/www.manaus.am.gov.br\/semsa\/wp-json\/wp\/v2\/pages"}],"about":[{"href":"https:\/\/www.manaus.am.gov.br\/semsa\/wp-json\/wp\/v2\/types\/page"}],"author":[{"embeddable":true,"href":"https:\/\/www.manaus.am.gov.br\/semsa\/wp-json\/wp\/v2\/users\/65"}],"replies":[{"embeddable":true,"href":"https:\/\/www.manaus.am.gov.br\/semsa\/wp-json\/wp\/v2\/comments?post=216737"}],"version-history":[{"count":2,"href":"https:\/\/www.manaus.am.gov.br\/semsa\/wp-json\/wp\/v2\/pages\/216737\/revisions"}],"predecessor-version":[{"id":216739,"href":"https:\/\/www.manaus.am.gov.br\/semsa\/wp-json\/wp\/v2\/pages\/216737\/revisions\/216739"}],"up":[{"embeddable":true,"href":"https:\/\/www.manaus.am.gov.br\/semsa\/wp-json\/wp\/v2\/pages\/207958"}],"wp:attachment":[{"href":"https:\/\/www.manaus.am.gov.br\/semsa\/wp-json\/wp\/v2\/media?parent=216737"}],"curies":[{"name":"wp","href":"https:\/\/api.w.org\/{rel}","templated":true}]}}