{"id":216530,"date":"2024-06-07T11:11:50","date_gmt":"2024-06-07T15:11:50","guid":{"rendered":"https:\/\/www.manaus.am.gov.br\/semsa\/?page_id=216530"},"modified":"2025-08-12T16:38:54","modified_gmt":"2025-08-12T20:38:54","slug":"saude-das-populacoes-vulneraveis","status":"publish","type":"page","link":"https:\/\/www.manaus.am.gov.br\/semsa\/saude-das-populacoes-vulneraveis\/","title":{"rendered":"Sa\u00fade das Popula\u00e7\u00f5es\u00a0Vulner\u00e1veis"},"content":{"rendered":"\n<p>A Secretaria Municipal de Sa\u00fade (Semsa) disponibiliza para consulta p\u00fablica as oito diretrizes da Pol\u00edtica Municipal de Sa\u00fade Integral LGBTI+, que servir\u00e3o de base para a elabora\u00e7\u00e3o de planos, programas, projetos e a\u00e7\u00f5es de sa\u00fade da popula\u00e7\u00e3o LGBTI+ no \u00e2mbito municipal. <\/p>\n\n\n\n<p>Consulte a <a href=\"https:\/\/www.manaus.am.gov.br\/semsa\/wp-content\/uploads\/sites\/8\/2024\/06\/Proposta-de-Diretrizes-da-Politica-de-Saude-LGBTI-de-Manaus-para-Consulta-Publica.pdf\">Proposta de Diretrizes da Pol\u00edtica Municipal de Sa\u00fade Integral LGBTI+ de Manaus<\/a>.<\/p>\n\n\n\n<p><\/p>\n\n\n\n<p>Observa\u00e7\u00f5es e sugest\u00f5es podem ser encaminhadas no per\u00edodo de 6 de junho a 5 de julho de 2024 por meio deste <a href=\"https:\/\/forms.gle\/63ZuwCHJ9vqHNyhx8\">Formul\u00e1rio.<\/a><\/p>\n\n\n\n<p><\/p>\n\n\n\n<p><a href=\"https:\/\/www.manaus.am.gov.br\/semsa\/wp-content\/uploads\/sites\/8\/2025\/08\/Guia-Quesito-RacaCorEtnia.pdf\">Guia de Orienta\u00e7\u00f5es sobre o Preenchimento do Quesito Ra\u00e7a, Cor, Etnia no Prontu\u00e1rio Eletr\u00f4nico<\/a><\/p>\n","protected":false},"excerpt":{"rendered":"","protected":false},"author":8,"featured_media":0,"parent":0,"menu_order":0,"comment_status":"closed","ping_status":"closed","template":"templates\/turismo.php","meta":{"footnotes":""},"acf":[],"yoast_head":"<!-- This site is optimized with the Yoast SEO plugin v23.0 - https:\/\/yoast.com\/wordpress\/plugins\/seo\/ -->\n<title>Sa\u00fade das Popula\u00e7\u00f5es\u00a0Vulner\u00e1veis - SEMSA<\/title>\n<meta name=\"robots\" content=\"index, follow, max-snippet:-1, max-image-preview:large, max-video-preview:-1\" \/>\n<link rel=\"canonical\" href=\"https:\/\/www.manaus.am.gov.br\/semsa\/saude-das-populacoes-vulneraveis\/\" \/>\n<meta property=\"og:locale\" content=\"pt_BR\" \/>\n<meta property=\"og:type\" content=\"article\" \/>\n<meta property=\"og:title\" content=\"Sa\u00fade das Popula\u00e7\u00f5es\u00a0Vulner\u00e1veis - SEMSA\" \/>\n<meta property=\"og:url\" content=\"https:\/\/www.manaus.am.gov.br\/semsa\/saude-das-populacoes-vulneraveis\/\" \/>\n<meta property=\"og:site_name\" content=\"SEMSA\" \/>\n<meta property=\"article:modified_time\" content=\"2025-08-12T20:38:54+00:00\" \/>\n<meta property=\"og:image\" content=\"https:\/\/www.manaus.am.gov.br\/semsa\/wp-content\/uploads\/sites\/8\/2024\/07\/thumb-default-2.png\" \/>\n\t<meta property=\"og:image:width\" content=\"966\" \/>\n\t<meta property=\"og:image:height\" content=\"520\" \/>\n\t<meta property=\"og:image:type\" content=\"image\/png\" \/>\n<meta name=\"twitter:card\" content=\"summary_large_image\" \/>\n<meta name=\"twitter:label1\" content=\"Est. reading time\" \/>\n\t<meta name=\"twitter:data1\" content=\"1 minuto\" \/>\n<script type=\"application\/ld+json\" class=\"yoast-schema-graph\">{\"@context\":\"https:\/\/schema.org\",\"@graph\":[{\"@type\":\"WebPage\",\"@id\":\"https:\/\/www.manaus.am.gov.br\/semsa\/saude-das-populacoes-vulneraveis\/\",\"url\":\"https:\/\/www.manaus.am.gov.br\/semsa\/saude-das-populacoes-vulneraveis\/\",\"name\":\"Sa\u00fade das Popula\u00e7\u00f5es\u00a0Vulner\u00e1veis - SEMSA\",\"isPartOf\":{\"@id\":\"https:\/\/www.manaus.am.gov.br\/semsa\/#website\"},\"datePublished\":\"2024-06-07T15:11:50+00:00\",\"dateModified\":\"2025-08-12T20:38:54+00:00\",\"inLanguage\":\"pt-BR\",\"potentialAction\":[{\"@type\":\"ReadAction\",\"target\":[\"https:\/\/www.manaus.am.gov.br\/semsa\/saude-das-populacoes-vulneraveis\/\"]}]},{\"@type\":\"WebSite\",\"@id\":\"https:\/\/www.manaus.am.gov.br\/semsa\/#website\",\"url\":\"https:\/\/www.manaus.am.gov.br\/semsa\/\",\"name\":\"SEMSA\",\"description\":\"Secretaria Municipal de Sa\u00fade\",\"alternateName\":\"Secretaria Municipal de Sa\u00fade\",\"potentialAction\":[{\"@type\":\"SearchAction\",\"target\":{\"@type\":\"EntryPoint\",\"urlTemplate\":\"https:\/\/www.manaus.am.gov.br\/semsa\/?s={search_term_string}\"},\"query-input\":\"required name=search_term_string\"}],\"inLanguage\":\"pt-BR\"}]}<\/script>\n<!-- \/ Yoast SEO plugin. -->","yoast_head_json":{"title":"Sa\u00fade das Popula\u00e7\u00f5es\u00a0Vulner\u00e1veis - SEMSA","robots":{"index":"index","follow":"follow","max-snippet":"max-snippet:-1","max-image-preview":"max-image-preview:large","max-video-preview":"max-video-preview:-1"},"canonical":"https:\/\/www.manaus.am.gov.br\/semsa\/saude-das-populacoes-vulneraveis\/","og_locale":"pt_BR","og_type":"article","og_title":"Sa\u00fade das Popula\u00e7\u00f5es\u00a0Vulner\u00e1veis - SEMSA","og_url":"https:\/\/www.manaus.am.gov.br\/semsa\/saude-das-populacoes-vulneraveis\/","og_site_name":"SEMSA","article_modified_time":"2025-08-12T20:38:54+00:00","og_image":[{"width":966,"height":520,"url":"https:\/\/www.manaus.am.gov.br\/semsa\/wp-content\/uploads\/sites\/8\/2024\/07\/thumb-default-2.png","type":"image\/png"}],"twitter_card":"summary_large_image","twitter_misc":{"Est. reading time":"1 minuto"},"schema":{"@context":"https:\/\/schema.org","@graph":[{"@type":"WebPage","@id":"https:\/\/www.manaus.am.gov.br\/semsa\/saude-das-populacoes-vulneraveis\/","url":"https:\/\/www.manaus.am.gov.br\/semsa\/saude-das-populacoes-vulneraveis\/","name":"Sa\u00fade das Popula\u00e7\u00f5es\u00a0Vulner\u00e1veis - SEMSA","isPartOf":{"@id":"https:\/\/www.manaus.am.gov.br\/semsa\/#website"},"datePublished":"2024-06-07T15:11:50+00:00","dateModified":"2025-08-12T20:38:54+00:00","inLanguage":"pt-BR","potentialAction":[{"@type":"ReadAction","target":["https:\/\/www.manaus.am.gov.br\/semsa\/saude-das-populacoes-vulneraveis\/"]}]},{"@type":"WebSite","@id":"https:\/\/www.manaus.am.gov.br\/semsa\/#website","url":"https:\/\/www.manaus.am.gov.br\/semsa\/","name":"SEMSA","description":"Secretaria Municipal de Sa\u00fade","alternateName":"Secretaria Municipal de Sa\u00fade","potentialAction":[{"@type":"SearchAction","target":{"@type":"EntryPoint","urlTemplate":"https:\/\/www.manaus.am.gov.br\/semsa\/?s={search_term_string}"},"query-input":"required name=search_term_string"}],"inLanguage":"pt-BR"}]}},"_links":{"self":[{"href":"https:\/\/www.manaus.am.gov.br\/semsa\/wp-json\/wp\/v2\/pages\/216530"}],"collection":[{"href":"https:\/\/www.manaus.am.gov.br\/semsa\/wp-json\/wp\/v2\/pages"}],"about":[{"href":"https:\/\/www.manaus.am.gov.br\/semsa\/wp-json\/wp\/v2\/types\/page"}],"author":[{"embeddable":true,"href":"https:\/\/www.manaus.am.gov.br\/semsa\/wp-json\/wp\/v2\/users\/8"}],"replies":[{"embeddable":true,"href":"https:\/\/www.manaus.am.gov.br\/semsa\/wp-json\/wp\/v2\/comments?post=216530"}],"version-history":[{"count":9,"href":"https:\/\/www.manaus.am.gov.br\/semsa\/wp-json\/wp\/v2\/pages\/216530\/revisions"}],"predecessor-version":[{"id":224789,"href":"https:\/\/www.manaus.am.gov.br\/semsa\/wp-json\/wp\/v2\/pages\/216530\/revisions\/224789"}],"wp:attachment":[{"href":"https:\/\/www.manaus.am.gov.br\/semsa\/wp-json\/wp\/v2\/media?parent=216530"}],"curies":[{"name":"wp","href":"https:\/\/api.w.org\/{rel}","templated":true}]}}