{"id":216370,"date":"2024-06-04T16:11:50","date_gmt":"2024-06-04T20:11:50","guid":{"rendered":"https:\/\/www.manaus.am.gov.br\/semsa\/?page_id=216370"},"modified":"2024-06-04T16:11:50","modified_gmt":"2024-06-04T20:11:50","slug":"unidade-de-saude-da-familia-theodomiro-garrido-fechada-em-obras","status":"publish","type":"page","link":"https:\/\/www.manaus.am.gov.br\/semsa\/unidade-de-saude-da-familia-theodomiro-garrido-fechada-em-obras\/","title":{"rendered":"Unidade de Sa\u00fade da Fam\u00edlia Theodomiro Garrido (Fechada-em obras)"},"content":{"rendered":"\n<p>Endere\u00e7o: Rua S\u00e3o Jos\u00e9, s\/n &#8211; Col\u00f4nia Oliveira Machado<br>Hor\u00e1rio de atendimento ao p\u00fablico: Segunda a sexta-Feira das 07h \u00e0s 19h <br>Acesso aos servi\u00e7os: Por meio de agendamento, Feito diretamente na unidade <\/p>\n\n\n\n<h3 class=\"wp-block-heading\">Servi\u00e7os<\/h3>\n\n\n\n<p>Consulta m\u00e9dica em cl\u00ednica geral; <br>Consulta de enfermagem;<br>Consulta de odontologia; <br>Planejamento reprodutivo;<br>Inser\u00e7\u00e3o do Dispositivo Intrauterino (DIU); <br>Pr\u00e9-natal da gestante e do parceiro;<br>Aten\u00e7\u00e3o \u00e0 sa\u00fade da crian\u00e7a, adolescente, adulto e idoso; <br>Imuniza\u00e7\u00e3o;<br>Controle e acompanhamento da hipertens\u00e3o e diabetes;<br>Dispensa\u00e7\u00e3o de medicamentos (inclusive antibi\u00f3ticos e medicamentos controlados); <br>Ambulat\u00f3rio de tratamento de Fumantes;<br>Programa da Tuberculose; <br>Programa da Hansen\u00edase;<br>Acompanhamento das condicionalidades de sa\u00fade dos Programas Sociais.<br>Exames: preventivo do c\u00e2ncer do colo do \u00fatero, teste do pezinho, testes r\u00e1pidos para diagn\u00f3stico de s\u00edfilis, HIV e hepatites, e teste de gravidez.<\/p>\n","protected":false},"excerpt":{"rendered":"","protected":false},"author":65,"featured_media":0,"parent":0,"menu_order":0,"comment_status":"closed","ping_status":"closed","template":"","meta":{"footnotes":""},"acf":[],"yoast_head":"<!-- This site is optimized with the Yoast SEO plugin v23.0 - https:\/\/yoast.com\/wordpress\/plugins\/seo\/ -->\n<title>Unidade de Sa\u00fade da Fam\u00edlia Theodomiro Garrido (Fechada-em obras) - SEMSA<\/title>\n<meta name=\"robots\" content=\"index, follow, max-snippet:-1, max-image-preview:large, max-video-preview:-1\" \/>\n<link rel=\"canonical\" href=\"https:\/\/www.manaus.am.gov.br\/semsa\/unidade-de-saude-da-familia-theodomiro-garrido-fechada-em-obras\/\" \/>\n<meta property=\"og:locale\" content=\"pt_BR\" \/>\n<meta property=\"og:type\" content=\"article\" \/>\n<meta property=\"og:title\" content=\"Unidade de Sa\u00fade da Fam\u00edlia Theodomiro Garrido (Fechada-em obras) - SEMSA\" \/>\n<meta property=\"og:url\" content=\"https:\/\/www.manaus.am.gov.br\/semsa\/unidade-de-saude-da-familia-theodomiro-garrido-fechada-em-obras\/\" \/>\n<meta property=\"og:site_name\" content=\"SEMSA\" \/>\n<meta property=\"og:image\" content=\"https:\/\/www.manaus.am.gov.br\/semsa\/wp-content\/uploads\/sites\/8\/2024\/07\/thumb-default-2.png\" \/>\n\t<meta property=\"og:image:width\" content=\"966\" \/>\n\t<meta property=\"og:image:height\" content=\"520\" \/>\n\t<meta property=\"og:image:type\" content=\"image\/png\" \/>\n<meta name=\"twitter:card\" content=\"summary_large_image\" \/>\n<meta name=\"twitter:label1\" content=\"Est. reading time\" \/>\n\t<meta name=\"twitter:data1\" content=\"1 minuto\" \/>\n<script type=\"application\/ld+json\" class=\"yoast-schema-graph\">{\"@context\":\"https:\/\/schema.org\",\"@graph\":[{\"@type\":\"WebPage\",\"@id\":\"https:\/\/www.manaus.am.gov.br\/semsa\/unidade-de-saude-da-familia-theodomiro-garrido-fechada-em-obras\/\",\"url\":\"https:\/\/www.manaus.am.gov.br\/semsa\/unidade-de-saude-da-familia-theodomiro-garrido-fechada-em-obras\/\",\"name\":\"Unidade de Sa\u00fade da Fam\u00edlia Theodomiro Garrido (Fechada-em obras) - SEMSA\",\"isPartOf\":{\"@id\":\"https:\/\/www.manaus.am.gov.br\/semsa\/#website\"},\"datePublished\":\"2024-06-04T20:11:50+00:00\",\"dateModified\":\"2024-06-04T20:11:50+00:00\",\"inLanguage\":\"pt-BR\",\"potentialAction\":[{\"@type\":\"ReadAction\",\"target\":[\"https:\/\/www.manaus.am.gov.br\/semsa\/unidade-de-saude-da-familia-theodomiro-garrido-fechada-em-obras\/\"]}]},{\"@type\":\"WebSite\",\"@id\":\"https:\/\/www.manaus.am.gov.br\/semsa\/#website\",\"url\":\"https:\/\/www.manaus.am.gov.br\/semsa\/\",\"name\":\"SEMSA\",\"description\":\"Secretaria Municipal de Sa\u00fade\",\"alternateName\":\"Secretaria Municipal de Sa\u00fade\",\"potentialAction\":[{\"@type\":\"SearchAction\",\"target\":{\"@type\":\"EntryPoint\",\"urlTemplate\":\"https:\/\/www.manaus.am.gov.br\/semsa\/?s={search_term_string}\"},\"query-input\":\"required name=search_term_string\"}],\"inLanguage\":\"pt-BR\"}]}<\/script>\n<!-- \/ Yoast SEO plugin. -->","yoast_head_json":{"title":"Unidade de Sa\u00fade da Fam\u00edlia Theodomiro Garrido (Fechada-em obras) - SEMSA","robots":{"index":"index","follow":"follow","max-snippet":"max-snippet:-1","max-image-preview":"max-image-preview:large","max-video-preview":"max-video-preview:-1"},"canonical":"https:\/\/www.manaus.am.gov.br\/semsa\/unidade-de-saude-da-familia-theodomiro-garrido-fechada-em-obras\/","og_locale":"pt_BR","og_type":"article","og_title":"Unidade de Sa\u00fade da Fam\u00edlia Theodomiro Garrido (Fechada-em obras) - SEMSA","og_url":"https:\/\/www.manaus.am.gov.br\/semsa\/unidade-de-saude-da-familia-theodomiro-garrido-fechada-em-obras\/","og_site_name":"SEMSA","og_image":[{"width":966,"height":520,"url":"https:\/\/www.manaus.am.gov.br\/semsa\/wp-content\/uploads\/sites\/8\/2024\/07\/thumb-default-2.png","type":"image\/png"}],"twitter_card":"summary_large_image","twitter_misc":{"Est. reading time":"1 minuto"},"schema":{"@context":"https:\/\/schema.org","@graph":[{"@type":"WebPage","@id":"https:\/\/www.manaus.am.gov.br\/semsa\/unidade-de-saude-da-familia-theodomiro-garrido-fechada-em-obras\/","url":"https:\/\/www.manaus.am.gov.br\/semsa\/unidade-de-saude-da-familia-theodomiro-garrido-fechada-em-obras\/","name":"Unidade de Sa\u00fade da Fam\u00edlia Theodomiro Garrido (Fechada-em obras) - SEMSA","isPartOf":{"@id":"https:\/\/www.manaus.am.gov.br\/semsa\/#website"},"datePublished":"2024-06-04T20:11:50+00:00","dateModified":"2024-06-04T20:11:50+00:00","inLanguage":"pt-BR","potentialAction":[{"@type":"ReadAction","target":["https:\/\/www.manaus.am.gov.br\/semsa\/unidade-de-saude-da-familia-theodomiro-garrido-fechada-em-obras\/"]}]},{"@type":"WebSite","@id":"https:\/\/www.manaus.am.gov.br\/semsa\/#website","url":"https:\/\/www.manaus.am.gov.br\/semsa\/","name":"SEMSA","description":"Secretaria Municipal de Sa\u00fade","alternateName":"Secretaria Municipal de Sa\u00fade","potentialAction":[{"@type":"SearchAction","target":{"@type":"EntryPoint","urlTemplate":"https:\/\/www.manaus.am.gov.br\/semsa\/?s={search_term_string}"},"query-input":"required name=search_term_string"}],"inLanguage":"pt-BR"}]}},"_links":{"self":[{"href":"https:\/\/www.manaus.am.gov.br\/semsa\/wp-json\/wp\/v2\/pages\/216370"}],"collection":[{"href":"https:\/\/www.manaus.am.gov.br\/semsa\/wp-json\/wp\/v2\/pages"}],"about":[{"href":"https:\/\/www.manaus.am.gov.br\/semsa\/wp-json\/wp\/v2\/types\/page"}],"author":[{"embeddable":true,"href":"https:\/\/www.manaus.am.gov.br\/semsa\/wp-json\/wp\/v2\/users\/65"}],"replies":[{"embeddable":true,"href":"https:\/\/www.manaus.am.gov.br\/semsa\/wp-json\/wp\/v2\/comments?post=216370"}],"version-history":[{"count":1,"href":"https:\/\/www.manaus.am.gov.br\/semsa\/wp-json\/wp\/v2\/pages\/216370\/revisions"}],"predecessor-version":[{"id":216371,"href":"https:\/\/www.manaus.am.gov.br\/semsa\/wp-json\/wp\/v2\/pages\/216370\/revisions\/216371"}],"wp:attachment":[{"href":"https:\/\/www.manaus.am.gov.br\/semsa\/wp-json\/wp\/v2\/media?parent=216370"}],"curies":[{"name":"wp","href":"https:\/\/api.w.org\/{rel}","templated":true}]}}