{"id":216155,"date":"2024-07-12T11:07:46","date_gmt":"2024-07-12T15:07:46","guid":{"rendered":"https:\/\/www.manaus.am.gov.br\/semsa\/?page_id=216155"},"modified":"2024-07-12T11:07:46","modified_gmt":"2024-07-12T15:07:46","slug":"vii-mostra-de-pesquisa-cientifica","status":"publish","type":"page","link":"https:\/\/www.manaus.am.gov.br\/semsa\/escola-de-saude-publica\/eventos\/vii-mostra-de-pesquisa-cientifica\/","title":{"rendered":"VII Mostra de Pesquisa Cient\u00edfica"},"content":{"rendered":"<div class=\"wp-block-image\">\n<figure class=\"aligncenter size-large is-resized\"><img loading=\"lazy\" decoding=\"async\" width=\"1024\" height=\"1024\" src=\"https:\/\/www.manaus.am.gov.br\/semsa\/wp-content\/uploads\/sites\/8\/2024\/05\/Card-VII-Mostra-de-Pesquisa-Cientifica-1024x1024.jpeg\" alt=\"\" class=\"wp-image-216154\" style=\"width:828px;height:auto\" srcset=\"https:\/\/www.manaus.am.gov.br\/semsa\/wp-content\/uploads\/sites\/8\/2024\/05\/Card-VII-Mostra-de-Pesquisa-Cientifica-1024x1024.jpeg 1024w, https:\/\/www.manaus.am.gov.br\/semsa\/wp-content\/uploads\/sites\/8\/2024\/05\/Card-VII-Mostra-de-Pesquisa-Cientifica-300x300.jpeg 300w, https:\/\/www.manaus.am.gov.br\/semsa\/wp-content\/uploads\/sites\/8\/2024\/05\/Card-VII-Mostra-de-Pesquisa-Cientifica-150x150.jpeg 150w, https:\/\/www.manaus.am.gov.br\/semsa\/wp-content\/uploads\/sites\/8\/2024\/05\/Card-VII-Mostra-de-Pesquisa-Cientifica-768x768.jpeg 768w, https:\/\/www.manaus.am.gov.br\/semsa\/wp-content\/uploads\/sites\/8\/2024\/05\/Card-VII-Mostra-de-Pesquisa-Cientifica.jpeg 1080w\" sizes=\"(max-width: 1024px) 100vw, 1024px\" \/><\/figure><\/div>\n\n\n<p><\/p>\n\n\n\n<p>A Prefeitura de Manaus, por meio da Secretaria Municipal de Sa\u00fade (Semsa), ir\u00e1 promover, no dia 07 de junho, das 14h \u00e0s 17h, na Ulbra Manaus, a VII Mostra de Pesquisa Cient\u00edfica. O evento, organizado pela Escola de Sa\u00fade P\u00fablica (Esap), ter\u00e1 como p\u00fablico-alvo pesquisadores, alunos de gradua\u00e7\u00e3o e p\u00f3s-gradua\u00e7\u00e3o, servidores e trabalhadores da sa\u00fade envolvidos com as diferentes tem\u00e1ticas de pesquisas relacionadas \u00e0 Aten\u00e7\u00e3o Prim\u00e1ria \u00e0 Sa\u00fade, objetivando a difus\u00e3o do conhecimento e interc\u00e2mbio de experi\u00eancias vivenciadas nos cen\u00e1rios de pr\u00e1ticas da Semsa.<\/p>\n\n\n\n<p>Durante a Mostra, pesquisadores de diversas institui\u00e7\u00f5es de ensino superior \u2013 da inicia\u00e7\u00e3o cient\u00edfica ao doutorado, ir\u00e3o apresentar os resultados das produ\u00e7\u00f5es cient\u00edficas realizadas em unidades de sa\u00fade do munic\u00edpio, em quatro \u00e1reas tem\u00e1ticas: Gest\u00e3o e Processo em Sa\u00fade, Aten\u00e7\u00e3o Prim\u00e1ria, Aten\u00e7\u00e3o Psicossocial e Vigil\u00e2ncia Epidemiol\u00f3gica.<\/p>\n\n\n\n<p>Esta edi\u00e7\u00e3o da Mostra Cient\u00edfica far\u00e1 parte da programa\u00e7\u00e3o do I\u00a0Semin\u00e1rio de Integra\u00e7\u00e3o Ensino-Servi\u00e7o-Comunidade. Um evento h\u00edbrido, de \u00e2mbito nacional, idealizado a partir do reconhecimento de demandas que t\u00eam se tornado mais presentes na \u00e1rea da sa\u00fade, em particular na aten\u00e7\u00e3o b\u00e1sica, como assegurar atividades cont\u00ednuas de educa\u00e7\u00e3o na sa\u00fade para os profissionais da rede; gerir cen\u00e1rios de pr\u00e1tica para discentes de m\u00faltiplos cursos (t\u00e9cnicos, de gradua\u00e7\u00e3o, especializa\u00e7\u00e3o, resid\u00eancias) e para desenvolvimento de projetos de extens\u00e3o na sa\u00fade; gerir solicita\u00e7\u00f5es de pesquisa que tenham como p\u00fablico alvo profissionais da rede; gerir cen\u00e1rios de pr\u00e1tica para desenvolvimento de projetos de extens\u00e3o na sa\u00fade; e gerir Programas de Resid\u00eancias no \u00e2mbito das institui\u00e7\u00f5es de sa\u00fade.<\/p>\n\n\n\n<p>O Semin\u00e1rio tem o objetivo de construir caminhos para ressignificar papeis com atribui\u00e7\u00f5es e responsabilidades bem definidas, mas que se mesclam no processo de aprender, ensinar e cuidar em sa\u00fade.&nbsp;Para tanto, o evento constituir\u00e1 um espa\u00e7o de debate e constru\u00e7\u00e3o de conhecimento sobre o processo de integra\u00e7\u00e3o ensino-servi\u00e7o-comunidade, atrav\u00e9s da realiza\u00e7\u00e3o de atividades como confer\u00eancias, mesas-redondas, oficinas, minicursos, apresenta\u00e7\u00e3o oral de trabalhos e mostra fotogr\u00e1fica.<\/p>\n\n\n\n<p><\/p>\n\n\n\n<p><a href=\"https:\/\/www.manaus.am.gov.br\/semsa\/wp-content\/uploads\/sites\/8\/2024\/05\/Programacao-VII-Mostra-de-Pesquisa-1.pdf\">Programa\u00e7\u00e3o VII Mostra de Pesquisa Cient\u00edfica<\/a><\/p>\n","protected":false},"excerpt":{"rendered":"","protected":false},"author":65,"featured_media":0,"parent":215247,"menu_order":0,"comment_status":"closed","ping_status":"closed","template":"templates\/turismo.php","meta":{"footnotes":""},"acf":[],"yoast_head":"<!-- This site is optimized with the Yoast SEO plugin v23.0 - https:\/\/yoast.com\/wordpress\/plugins\/seo\/ -->\n<title>VII Mostra de Pesquisa Cient\u00edfica - SEMSA<\/title>\n<meta name=\"robots\" content=\"index, follow, max-snippet:-1, max-image-preview:large, max-video-preview:-1\" \/>\n<link rel=\"canonical\" href=\"https:\/\/www.manaus.am.gov.br\/semsa\/escola-de-saude-publica\/eventos\/vii-mostra-de-pesquisa-cientifica\/\" \/>\n<meta property=\"og:locale\" content=\"pt_BR\" \/>\n<meta property=\"og:type\" content=\"article\" \/>\n<meta property=\"og:title\" content=\"VII Mostra de Pesquisa Cient\u00edfica - SEMSA\" \/>\n<meta property=\"og:url\" content=\"https:\/\/www.manaus.am.gov.br\/semsa\/escola-de-saude-publica\/eventos\/vii-mostra-de-pesquisa-cientifica\/\" \/>\n<meta property=\"og:site_name\" content=\"SEMSA\" \/>\n<meta property=\"og:image\" content=\"https:\/\/www.manaus.am.gov.br\/semsa\/wp-content\/uploads\/sites\/8\/2024\/05\/Card-VII-Mostra-de-Pesquisa-Cientifica-1024x1024.jpeg\" \/>\n<meta name=\"twitter:card\" content=\"summary_large_image\" \/>\n<meta name=\"twitter:label1\" content=\"Est. reading time\" \/>\n\t<meta name=\"twitter:data1\" content=\"2 minutos\" \/>\n<script type=\"application\/ld+json\" class=\"yoast-schema-graph\">{\"@context\":\"https:\/\/schema.org\",\"@graph\":[{\"@type\":\"WebPage\",\"@id\":\"https:\/\/www.manaus.am.gov.br\/semsa\/escola-de-saude-publica\/eventos\/vii-mostra-de-pesquisa-cientifica\/\",\"url\":\"https:\/\/www.manaus.am.gov.br\/semsa\/escola-de-saude-publica\/eventos\/vii-mostra-de-pesquisa-cientifica\/\",\"name\":\"VII Mostra de Pesquisa Cient\u00edfica - SEMSA\",\"isPartOf\":{\"@id\":\"https:\/\/www.manaus.am.gov.br\/semsa\/#website\"},\"primaryImageOfPage\":{\"@id\":\"https:\/\/www.manaus.am.gov.br\/semsa\/escola-de-saude-publica\/eventos\/vii-mostra-de-pesquisa-cientifica\/#primaryimage\"},\"image\":{\"@id\":\"https:\/\/www.manaus.am.gov.br\/semsa\/escola-de-saude-publica\/eventos\/vii-mostra-de-pesquisa-cientifica\/#primaryimage\"},\"thumbnailUrl\":\"https:\/\/www.manaus.am.gov.br\/semsa\/wp-content\/uploads\/sites\/8\/2024\/05\/Card-VII-Mostra-de-Pesquisa-Cientifica-1024x1024.jpeg\",\"datePublished\":\"2024-07-12T15:07:46+00:00\",\"dateModified\":\"2024-07-12T15:07:46+00:00\",\"breadcrumb\":{\"@id\":\"https:\/\/www.manaus.am.gov.br\/semsa\/escola-de-saude-publica\/eventos\/vii-mostra-de-pesquisa-cientifica\/#breadcrumb\"},\"inLanguage\":\"pt-BR\",\"potentialAction\":[{\"@type\":\"ReadAction\",\"target\":[\"https:\/\/www.manaus.am.gov.br\/semsa\/escola-de-saude-publica\/eventos\/vii-mostra-de-pesquisa-cientifica\/\"]}]},{\"@type\":\"ImageObject\",\"inLanguage\":\"pt-BR\",\"@id\":\"https:\/\/www.manaus.am.gov.br\/semsa\/escola-de-saude-publica\/eventos\/vii-mostra-de-pesquisa-cientifica\/#primaryimage\",\"url\":\"https:\/\/www.manaus.am.gov.br\/semsa\/wp-content\/uploads\/sites\/8\/2024\/05\/Card-VII-Mostra-de-Pesquisa-Cientifica.jpeg\",\"contentUrl\":\"https:\/\/www.manaus.am.gov.br\/semsa\/wp-content\/uploads\/sites\/8\/2024\/05\/Card-VII-Mostra-de-Pesquisa-Cientifica.jpeg\",\"width\":1080,\"height\":1080},{\"@type\":\"BreadcrumbList\",\"@id\":\"https:\/\/www.manaus.am.gov.br\/semsa\/escola-de-saude-publica\/eventos\/vii-mostra-de-pesquisa-cientifica\/#breadcrumb\",\"itemListElement\":[{\"@type\":\"ListItem\",\"position\":1,\"name\":\"Escola de Sa\u00fade P\u00fablica (Esap)\",\"item\":\"https:\/\/www.manaus.am.gov.br\/semsa\/escola-de-saude-publica\/\"},{\"@type\":\"ListItem\",\"position\":2,\"name\":\"Eventos\",\"item\":\"https:\/\/www.manaus.am.gov.br\/semsa\/escola-de-saude-publica\/eventos\/\"},{\"@type\":\"ListItem\",\"position\":3,\"name\":\"VII Mostra de Pesquisa Cient\u00edfica\"}]},{\"@type\":\"WebSite\",\"@id\":\"https:\/\/www.manaus.am.gov.br\/semsa\/#website\",\"url\":\"https:\/\/www.manaus.am.gov.br\/semsa\/\",\"name\":\"SEMSA\",\"description\":\"Secretaria Municipal de Sa\u00fade\",\"alternateName\":\"Secretaria Municipal de Sa\u00fade\",\"potentialAction\":[{\"@type\":\"SearchAction\",\"target\":{\"@type\":\"EntryPoint\",\"urlTemplate\":\"https:\/\/www.manaus.am.gov.br\/semsa\/?s={search_term_string}\"},\"query-input\":\"required name=search_term_string\"}],\"inLanguage\":\"pt-BR\"}]}<\/script>\n<!-- \/ Yoast SEO plugin. -->","yoast_head_json":{"title":"VII Mostra de Pesquisa Cient\u00edfica - SEMSA","robots":{"index":"index","follow":"follow","max-snippet":"max-snippet:-1","max-image-preview":"max-image-preview:large","max-video-preview":"max-video-preview:-1"},"canonical":"https:\/\/www.manaus.am.gov.br\/semsa\/escola-de-saude-publica\/eventos\/vii-mostra-de-pesquisa-cientifica\/","og_locale":"pt_BR","og_type":"article","og_title":"VII Mostra de Pesquisa Cient\u00edfica - SEMSA","og_url":"https:\/\/www.manaus.am.gov.br\/semsa\/escola-de-saude-publica\/eventos\/vii-mostra-de-pesquisa-cientifica\/","og_site_name":"SEMSA","og_image":[{"url":"https:\/\/www.manaus.am.gov.br\/semsa\/wp-content\/uploads\/sites\/8\/2024\/05\/Card-VII-Mostra-de-Pesquisa-Cientifica-1024x1024.jpeg"}],"twitter_card":"summary_large_image","twitter_misc":{"Est. reading time":"2 minutos"},"schema":{"@context":"https:\/\/schema.org","@graph":[{"@type":"WebPage","@id":"https:\/\/www.manaus.am.gov.br\/semsa\/escola-de-saude-publica\/eventos\/vii-mostra-de-pesquisa-cientifica\/","url":"https:\/\/www.manaus.am.gov.br\/semsa\/escola-de-saude-publica\/eventos\/vii-mostra-de-pesquisa-cientifica\/","name":"VII Mostra de Pesquisa Cient\u00edfica - SEMSA","isPartOf":{"@id":"https:\/\/www.manaus.am.gov.br\/semsa\/#website"},"primaryImageOfPage":{"@id":"https:\/\/www.manaus.am.gov.br\/semsa\/escola-de-saude-publica\/eventos\/vii-mostra-de-pesquisa-cientifica\/#primaryimage"},"image":{"@id":"https:\/\/www.manaus.am.gov.br\/semsa\/escola-de-saude-publica\/eventos\/vii-mostra-de-pesquisa-cientifica\/#primaryimage"},"thumbnailUrl":"https:\/\/www.manaus.am.gov.br\/semsa\/wp-content\/uploads\/sites\/8\/2024\/05\/Card-VII-Mostra-de-Pesquisa-Cientifica-1024x1024.jpeg","datePublished":"2024-07-12T15:07:46+00:00","dateModified":"2024-07-12T15:07:46+00:00","breadcrumb":{"@id":"https:\/\/www.manaus.am.gov.br\/semsa\/escola-de-saude-publica\/eventos\/vii-mostra-de-pesquisa-cientifica\/#breadcrumb"},"inLanguage":"pt-BR","potentialAction":[{"@type":"ReadAction","target":["https:\/\/www.manaus.am.gov.br\/semsa\/escola-de-saude-publica\/eventos\/vii-mostra-de-pesquisa-cientifica\/"]}]},{"@type":"ImageObject","inLanguage":"pt-BR","@id":"https:\/\/www.manaus.am.gov.br\/semsa\/escola-de-saude-publica\/eventos\/vii-mostra-de-pesquisa-cientifica\/#primaryimage","url":"https:\/\/www.manaus.am.gov.br\/semsa\/wp-content\/uploads\/sites\/8\/2024\/05\/Card-VII-Mostra-de-Pesquisa-Cientifica.jpeg","contentUrl":"https:\/\/www.manaus.am.gov.br\/semsa\/wp-content\/uploads\/sites\/8\/2024\/05\/Card-VII-Mostra-de-Pesquisa-Cientifica.jpeg","width":1080,"height":1080},{"@type":"BreadcrumbList","@id":"https:\/\/www.manaus.am.gov.br\/semsa\/escola-de-saude-publica\/eventos\/vii-mostra-de-pesquisa-cientifica\/#breadcrumb","itemListElement":[{"@type":"ListItem","position":1,"name":"Escola de Sa\u00fade P\u00fablica (Esap)","item":"https:\/\/www.manaus.am.gov.br\/semsa\/escola-de-saude-publica\/"},{"@type":"ListItem","position":2,"name":"Eventos","item":"https:\/\/www.manaus.am.gov.br\/semsa\/escola-de-saude-publica\/eventos\/"},{"@type":"ListItem","position":3,"name":"VII Mostra de Pesquisa Cient\u00edfica"}]},{"@type":"WebSite","@id":"https:\/\/www.manaus.am.gov.br\/semsa\/#website","url":"https:\/\/www.manaus.am.gov.br\/semsa\/","name":"SEMSA","description":"Secretaria Municipal de Sa\u00fade","alternateName":"Secretaria Municipal de Sa\u00fade","potentialAction":[{"@type":"SearchAction","target":{"@type":"EntryPoint","urlTemplate":"https:\/\/www.manaus.am.gov.br\/semsa\/?s={search_term_string}"},"query-input":"required name=search_term_string"}],"inLanguage":"pt-BR"}]}},"_links":{"self":[{"href":"https:\/\/www.manaus.am.gov.br\/semsa\/wp-json\/wp\/v2\/pages\/216155"}],"collection":[{"href":"https:\/\/www.manaus.am.gov.br\/semsa\/wp-json\/wp\/v2\/pages"}],"about":[{"href":"https:\/\/www.manaus.am.gov.br\/semsa\/wp-json\/wp\/v2\/types\/page"}],"author":[{"embeddable":true,"href":"https:\/\/www.manaus.am.gov.br\/semsa\/wp-json\/wp\/v2\/users\/65"}],"replies":[{"embeddable":true,"href":"https:\/\/www.manaus.am.gov.br\/semsa\/wp-json\/wp\/v2\/comments?post=216155"}],"version-history":[{"count":10,"href":"https:\/\/www.manaus.am.gov.br\/semsa\/wp-json\/wp\/v2\/pages\/216155\/revisions"}],"predecessor-version":[{"id":216178,"href":"https:\/\/www.manaus.am.gov.br\/semsa\/wp-json\/wp\/v2\/pages\/216155\/revisions\/216178"}],"up":[{"embeddable":true,"href":"https:\/\/www.manaus.am.gov.br\/semsa\/wp-json\/wp\/v2\/pages\/215247"}],"wp:attachment":[{"href":"https:\/\/www.manaus.am.gov.br\/semsa\/wp-json\/wp\/v2\/media?parent=216155"}],"curies":[{"name":"wp","href":"https:\/\/api.w.org\/{rel}","templated":true}]}}