{"id":216093,"date":"2024-05-23T15:58:59","date_gmt":"2024-05-23T19:58:59","guid":{"rendered":"https:\/\/www.manaus.am.gov.br\/semsa\/?page_id=216093"},"modified":"2024-06-03T10:27:32","modified_gmt":"2024-06-03T14:27:32","slug":"edicao-2024-2025-2","status":"publish","type":"page","link":"https:\/\/www.manaus.am.gov.br\/semsa\/escola-de-saude-publica\/pesquisa-e-extensao\/edicao-2024-2025-2\/","title":{"rendered":"Edi\u00e7\u00e3o 2024\/2025"},"content":{"rendered":"\n<p>1. 12.03.24 \u2013&nbsp;<a href=\"https:\/\/www.manaus.am.gov.br\/semsa\/wp-content\/uploads\/sites\/8\/2024\/05\/16-DOM-5782-11.03.2024-CAD-1-Edital-no-001-2024-PAICESAP-SEMSA-Processo-Seletivo.pdf\">Edital<\/a><\/p>\n\n\n\n<p><\/p>\n\n\n\n<p>2. 12.04.24 \u2013<a href=\"https:\/\/www.manaus.am.gov.br\/semsa\/wp-content\/uploads\/sites\/8\/2024\/05\/HOMOLOGACAO-1-1.pdf\">&nbsp;Homologa\u00e7\u00e3o das inscri\u00e7\u00f5es<\/a><\/p>\n\n\n\n<p><\/p>\n\n\n\n<p>3. 30.04.24 \u2013<a href=\"https:\/\/www.manaus.am.gov.br\/semsa\/wp-content\/uploads\/sites\/8\/2024\/05\/RESULTADO-DA-ANALISE-DE-VIABILIDADE.pdf\">&nbsp;Resultado da An\u00e1lise de Viabilidade<\/a><\/p>\n\n\n\n<p><\/p>\n\n\n\n<p>4. 20.05.24 \u2013&nbsp;<a href=\"https:\/\/www.manaus.am.gov.br\/semsa\/wp-content\/uploads\/sites\/8\/2024\/05\/RESULTADO-PRELIMINAR-1.pdf\">Resultado Preliminar<\/a><\/p>\n\n\n\n<p><\/p>\n\n\n\n<p>5. 23.05.24 \u2013&nbsp;<a href=\"https:\/\/www.manaus.am.gov.br\/semsa\/wp-content\/uploads\/sites\/8\/2024\/05\/DOM-5829-20.05.2024-CAD-1-ERRATA-EDITAL-001-2024-PAIC-ESAP-SEMSA-2024-2025.pdf\">Errata<\/a><\/p>\n\n\n\n<p><\/p>\n\n\n\n<p>6. 23.05.24 &#8211; <a href=\"https:\/\/www.manaus.am.gov.br\/semsa\/wp-content\/uploads\/sites\/8\/2024\/06\/6.-Novo-cronograma-Paic-.pdf\">Novo cronograma<\/a><\/p>\n\n\n\n<blockquote class=\"wp-block-quote\">\n<blockquote class=\"wp-block-quote\">\n<p><\/p>\n\n\n\n<p>7. 28.05.24 &#8211; <a href=\"https:\/\/www.manaus.am.gov.br\/semsa\/wp-content\/uploads\/sites\/8\/2024\/05\/7.-Resultado_recurso-PAIC.pdf\">Resultado dos recursos<\/a><\/p>\n\n\n\n<p><\/p>\n<\/blockquote>\n<\/blockquote>\n\n\n\n<blockquote class=\"wp-block-quote\">\n<p>8. 28.05.24 &#8211; <a href=\"https:\/\/www.manaus.am.gov.br\/semsa\/wp-content\/uploads\/sites\/8\/2024\/06\/8.-Resultado-Final-.pdf\">Resultado final<\/a><\/p>\n<\/blockquote>\n\n\n\n<p><\/p>\n\n\n\n<p>9. 03.06.24 \u2013\u00a0<a href=\"https:\/\/www.manaus.am.gov.br\/semsa\/wp-content\/uploads\/sites\/8\/2024\/06\/9.-Convocac\u0327a\u0303o-CR.pdf\">Convoca\u00e7\u00e3o cadastro reserva<\/a><br><\/p>\n","protected":false},"excerpt":{"rendered":"","protected":false},"author":65,"featured_media":0,"parent":215254,"menu_order":0,"comment_status":"closed","ping_status":"closed","template":"templates\/turismo.php","meta":{"footnotes":""},"acf":[],"yoast_head":"<!-- This site is optimized with the Yoast SEO plugin v23.0 - https:\/\/yoast.com\/wordpress\/plugins\/seo\/ -->\n<title>Edi\u00e7\u00e3o 2024\/2025 - SEMSA<\/title>\n<meta name=\"robots\" content=\"index, follow, max-snippet:-1, max-image-preview:large, max-video-preview:-1\" \/>\n<link rel=\"canonical\" href=\"https:\/\/www.manaus.am.gov.br\/semsa\/escola-de-saude-publica\/pesquisa-e-extensao\/edicao-2024-2025-2\/\" \/>\n<meta property=\"og:locale\" content=\"pt_BR\" \/>\n<meta property=\"og:type\" content=\"article\" \/>\n<meta property=\"og:title\" content=\"Edi\u00e7\u00e3o 2024\/2025 - SEMSA\" \/>\n<meta property=\"og:url\" content=\"https:\/\/www.manaus.am.gov.br\/semsa\/escola-de-saude-publica\/pesquisa-e-extensao\/edicao-2024-2025-2\/\" \/>\n<meta property=\"og:site_name\" content=\"SEMSA\" \/>\n<meta property=\"article:modified_time\" content=\"2024-06-03T14:27:32+00:00\" \/>\n<meta property=\"og:image\" content=\"https:\/\/www.manaus.am.gov.br\/semsa\/wp-content\/uploads\/sites\/8\/2024\/07\/thumb-default-2.png\" \/>\n\t<meta property=\"og:image:width\" content=\"966\" \/>\n\t<meta property=\"og:image:height\" content=\"520\" \/>\n\t<meta property=\"og:image:type\" content=\"image\/png\" \/>\n<meta name=\"twitter:card\" content=\"summary_large_image\" \/>\n<meta name=\"twitter:label1\" content=\"Est. reading time\" \/>\n\t<meta name=\"twitter:data1\" content=\"1 minuto\" \/>\n<script type=\"application\/ld+json\" class=\"yoast-schema-graph\">{\"@context\":\"https:\/\/schema.org\",\"@graph\":[{\"@type\":\"WebPage\",\"@id\":\"https:\/\/www.manaus.am.gov.br\/semsa\/escola-de-saude-publica\/pesquisa-e-extensao\/edicao-2024-2025-2\/\",\"url\":\"https:\/\/www.manaus.am.gov.br\/semsa\/escola-de-saude-publica\/pesquisa-e-extensao\/edicao-2024-2025-2\/\",\"name\":\"Edi\u00e7\u00e3o 2024\/2025 - SEMSA\",\"isPartOf\":{\"@id\":\"https:\/\/www.manaus.am.gov.br\/semsa\/#website\"},\"datePublished\":\"2024-05-23T19:58:59+00:00\",\"dateModified\":\"2024-06-03T14:27:32+00:00\",\"breadcrumb\":{\"@id\":\"https:\/\/www.manaus.am.gov.br\/semsa\/escola-de-saude-publica\/pesquisa-e-extensao\/edicao-2024-2025-2\/#breadcrumb\"},\"inLanguage\":\"pt-BR\",\"potentialAction\":[{\"@type\":\"ReadAction\",\"target\":[\"https:\/\/www.manaus.am.gov.br\/semsa\/escola-de-saude-publica\/pesquisa-e-extensao\/edicao-2024-2025-2\/\"]}]},{\"@type\":\"BreadcrumbList\",\"@id\":\"https:\/\/www.manaus.am.gov.br\/semsa\/escola-de-saude-publica\/pesquisa-e-extensao\/edicao-2024-2025-2\/#breadcrumb\",\"itemListElement\":[{\"@type\":\"ListItem\",\"position\":1,\"name\":\"Escola de Sa\u00fade P\u00fablica (Esap)\",\"item\":\"https:\/\/www.manaus.am.gov.br\/semsa\/escola-de-saude-publica\/\"},{\"@type\":\"ListItem\",\"position\":2,\"name\":\"Pesquisa e Extens\u00e3o\",\"item\":\"https:\/\/www.manaus.am.gov.br\/semsa\/escola-de-saude-publica\/pesquisa-e-extensao\/\"},{\"@type\":\"ListItem\",\"position\":3,\"name\":\"Edi\u00e7\u00e3o 2024\/2025\"}]},{\"@type\":\"WebSite\",\"@id\":\"https:\/\/www.manaus.am.gov.br\/semsa\/#website\",\"url\":\"https:\/\/www.manaus.am.gov.br\/semsa\/\",\"name\":\"SEMSA\",\"description\":\"Secretaria Municipal de Sa\u00fade\",\"alternateName\":\"Secretaria Municipal de Sa\u00fade\",\"potentialAction\":[{\"@type\":\"SearchAction\",\"target\":{\"@type\":\"EntryPoint\",\"urlTemplate\":\"https:\/\/www.manaus.am.gov.br\/semsa\/?s={search_term_string}\"},\"query-input\":\"required name=search_term_string\"}],\"inLanguage\":\"pt-BR\"}]}<\/script>\n<!-- \/ Yoast SEO plugin. -->","yoast_head_json":{"title":"Edi\u00e7\u00e3o 2024\/2025 - SEMSA","robots":{"index":"index","follow":"follow","max-snippet":"max-snippet:-1","max-image-preview":"max-image-preview:large","max-video-preview":"max-video-preview:-1"},"canonical":"https:\/\/www.manaus.am.gov.br\/semsa\/escola-de-saude-publica\/pesquisa-e-extensao\/edicao-2024-2025-2\/","og_locale":"pt_BR","og_type":"article","og_title":"Edi\u00e7\u00e3o 2024\/2025 - SEMSA","og_url":"https:\/\/www.manaus.am.gov.br\/semsa\/escola-de-saude-publica\/pesquisa-e-extensao\/edicao-2024-2025-2\/","og_site_name":"SEMSA","article_modified_time":"2024-06-03T14:27:32+00:00","og_image":[{"width":966,"height":520,"url":"https:\/\/www.manaus.am.gov.br\/semsa\/wp-content\/uploads\/sites\/8\/2024\/07\/thumb-default-2.png","type":"image\/png"}],"twitter_card":"summary_large_image","twitter_misc":{"Est. reading time":"1 minuto"},"schema":{"@context":"https:\/\/schema.org","@graph":[{"@type":"WebPage","@id":"https:\/\/www.manaus.am.gov.br\/semsa\/escola-de-saude-publica\/pesquisa-e-extensao\/edicao-2024-2025-2\/","url":"https:\/\/www.manaus.am.gov.br\/semsa\/escola-de-saude-publica\/pesquisa-e-extensao\/edicao-2024-2025-2\/","name":"Edi\u00e7\u00e3o 2024\/2025 - SEMSA","isPartOf":{"@id":"https:\/\/www.manaus.am.gov.br\/semsa\/#website"},"datePublished":"2024-05-23T19:58:59+00:00","dateModified":"2024-06-03T14:27:32+00:00","breadcrumb":{"@id":"https:\/\/www.manaus.am.gov.br\/semsa\/escola-de-saude-publica\/pesquisa-e-extensao\/edicao-2024-2025-2\/#breadcrumb"},"inLanguage":"pt-BR","potentialAction":[{"@type":"ReadAction","target":["https:\/\/www.manaus.am.gov.br\/semsa\/escola-de-saude-publica\/pesquisa-e-extensao\/edicao-2024-2025-2\/"]}]},{"@type":"BreadcrumbList","@id":"https:\/\/www.manaus.am.gov.br\/semsa\/escola-de-saude-publica\/pesquisa-e-extensao\/edicao-2024-2025-2\/#breadcrumb","itemListElement":[{"@type":"ListItem","position":1,"name":"Escola de Sa\u00fade P\u00fablica (Esap)","item":"https:\/\/www.manaus.am.gov.br\/semsa\/escola-de-saude-publica\/"},{"@type":"ListItem","position":2,"name":"Pesquisa e Extens\u00e3o","item":"https:\/\/www.manaus.am.gov.br\/semsa\/escola-de-saude-publica\/pesquisa-e-extensao\/"},{"@type":"ListItem","position":3,"name":"Edi\u00e7\u00e3o 2024\/2025"}]},{"@type":"WebSite","@id":"https:\/\/www.manaus.am.gov.br\/semsa\/#website","url":"https:\/\/www.manaus.am.gov.br\/semsa\/","name":"SEMSA","description":"Secretaria Municipal de Sa\u00fade","alternateName":"Secretaria Municipal de Sa\u00fade","potentialAction":[{"@type":"SearchAction","target":{"@type":"EntryPoint","urlTemplate":"https:\/\/www.manaus.am.gov.br\/semsa\/?s={search_term_string}"},"query-input":"required name=search_term_string"}],"inLanguage":"pt-BR"}]}},"_links":{"self":[{"href":"https:\/\/www.manaus.am.gov.br\/semsa\/wp-json\/wp\/v2\/pages\/216093"}],"collection":[{"href":"https:\/\/www.manaus.am.gov.br\/semsa\/wp-json\/wp\/v2\/pages"}],"about":[{"href":"https:\/\/www.manaus.am.gov.br\/semsa\/wp-json\/wp\/v2\/types\/page"}],"author":[{"embeddable":true,"href":"https:\/\/www.manaus.am.gov.br\/semsa\/wp-json\/wp\/v2\/users\/65"}],"replies":[{"embeddable":true,"href":"https:\/\/www.manaus.am.gov.br\/semsa\/wp-json\/wp\/v2\/comments?post=216093"}],"version-history":[{"count":7,"href":"https:\/\/www.manaus.am.gov.br\/semsa\/wp-json\/wp\/v2\/pages\/216093\/revisions"}],"predecessor-version":[{"id":216269,"href":"https:\/\/www.manaus.am.gov.br\/semsa\/wp-json\/wp\/v2\/pages\/216093\/revisions\/216269"}],"up":[{"embeddable":true,"href":"https:\/\/www.manaus.am.gov.br\/semsa\/wp-json\/wp\/v2\/pages\/215254"}],"wp:attachment":[{"href":"https:\/\/www.manaus.am.gov.br\/semsa\/wp-json\/wp\/v2\/media?parent=216093"}],"curies":[{"name":"wp","href":"https:\/\/api.w.org\/{rel}","templated":true}]}}