{"id":215595,"date":"2024-05-14T14:46:01","date_gmt":"2024-05-14T18:46:01","guid":{"rendered":"https:\/\/www.manaus.am.gov.br\/semsa\/?page_id=215595"},"modified":"2025-01-21T10:36:11","modified_gmt":"2025-01-21T14:36:11","slug":"i-mostra-manaus-aqui-tem-sus","status":"publish","type":"page","link":"https:\/\/www.manaus.am.gov.br\/semsa\/escola-de-saude-publica\/eventos\/i-mostra-manaus-aqui-tem-sus\/","title":{"rendered":"I Mostra &#8220;Manaus, aqui tem SUS&#8221;"},"content":{"rendered":"\n<p>Conforme Regulamento da\u00a0<a href=\"https:\/\/www.manaus.am.gov.br\/semsa\/wp-content\/uploads\/sites\/8\/2024\/05\/Microsoft-Word-DOM-5551-22.03.2023-CAD-2-SEMSA.doc-1.pdf\">I MOSTRA MANAUS, AQUI TEM SUS<\/a>, divulgamos a lista das experi\u00eancias validadas para a pr\u00f3xima etapa de Avalia\u00e7\u00e3o Escrita, que ocorrer\u00e1 de 1\u00ba a 04 de abril de 2023.<\/p>\n\n\n\n<p>Nessa etapa, os trabalhos ser\u00e3o analisados por 03 (tr\u00eas) avaliadores externos, que receber\u00e3o digitalmente as experi\u00eancias, sem especifica\u00e7\u00e3o de autorias e sem as m\u00eddias inclu\u00eddas no processo de inscri\u00e7\u00e3o para garantir a impessoalidade no processo avaliativo.<\/p>\n\n\n\n<p>Informamos que os trabalhos n\u00e3o validados est\u00e3o em desacordo com o caput do Art. 2\u00ba Par\u00e1grafo 2\u00ba do mesmo artigo, ambos do Cap\u00edtulo II, do Regulamento.<\/p>\n\n\n\n<p>Orientamos, conforme Cap\u00edtulo VII, Art. 27 do Regulamento, o envio de todas as experi\u00eancias para a Comunidade de Pr\u00e1ticas da Semsa Manaus (CPS) por meio do link&nbsp;<a href=\"https:\/\/docs.google.com\/forms\/d\/e\/1FAIpQLSfyn935kOPxdxx4LNpDbqJ6FT7anyq1L_K0NBaI6HNo43_4aQ\/viewform\" target=\"_blank\" rel=\"noreferrer noopener\">bit.ly\/comunidadedepraticas_semsamanaus<\/a>.<\/p>\n\n\n\n<p>A divulga\u00e7\u00e3o dos 10 (dez) trabalhos selecionados para a Etapa de Apresenta\u00e7\u00e3o Oral acontecer\u00e1 no dia 5 de abril. Fique atento a divulga\u00e7\u00e3o na intranet.<\/p>\n\n\n\n<p>Comiss\u00e3o Organizadora I Mostra Manaus, Aqui tem SUS.<\/p>\n\n\n\n<p><a href=\"https:\/\/www.manaus.am.gov.br\/semsa\/wp-content\/uploads\/sites\/8\/2024\/05\/Microsoft-Word-DOM-5551-22.03.2023-CAD-2-SEMSA.doc-1-1.pdf\">Regulamento da I Mostra \u201cManaus, aqui tem SUS\u201d<\/a><\/p>\n\n\n\n<p><\/p>\n\n\n\n<p><a href=\"https:\/\/www.manaus.am.gov.br\/semsa\/wp-content\/uploads\/sites\/8\/2024\/05\/PROGRAMACAO-I-MOSTRA-MANAUS-AQUI-TEM-SUS.pdf\">Lista das experi\u00eancias selecionadas para a Etapa de Apresenta\u00e7\u00e3o Oral<\/a><\/p>\n\n\n\n<p><\/p>\n\n\n\n<p><a href=\"https:\/\/www.manaus.am.gov.br\/semsa\/wp-content\/uploads\/sites\/8\/2024\/05\/LISTA-DE-EXPERIENCIAS-VALIDADAS-PARA-ETAPA-DE-AVALIACAO-ESCRITA-1.pdf\">Lista de Experi\u00eancias&nbsp;<\/a><\/p>\n\n\n\n<p><\/p>\n\n\n\n<p><a href=\"https:\/\/www.manaus.am.gov.br\/semsa\/wp-content\/uploads\/sites\/8\/2024\/05\/ANAIS-I-MOSTRA-MANAUS-AQUI-TEM-SUS-EDIC\u0327A\u0303O-2023.pdf\">Anais \u2013 I Mostra Manaus aqui tem SUS \u2013 Edi\u00e7\u00e3o 2023<\/a><\/p>\n","protected":false},"excerpt":{"rendered":"","protected":false},"author":65,"featured_media":0,"parent":215247,"menu_order":0,"comment_status":"closed","ping_status":"closed","template":"templates\/turismo.php","meta":{"footnotes":""},"acf":[],"yoast_head":"<!-- This site is optimized with the Yoast SEO plugin v23.0 - https:\/\/yoast.com\/wordpress\/plugins\/seo\/ -->\n<title>I Mostra &quot;Manaus, aqui tem SUS&quot; - SEMSA<\/title>\n<meta name=\"robots\" content=\"index, follow, max-snippet:-1, max-image-preview:large, max-video-preview:-1\" \/>\n<link rel=\"canonical\" href=\"https:\/\/www.manaus.am.gov.br\/semsa\/escola-de-saude-publica\/eventos\/i-mostra-manaus-aqui-tem-sus\/\" \/>\n<meta property=\"og:locale\" content=\"pt_BR\" \/>\n<meta property=\"og:type\" content=\"article\" \/>\n<meta property=\"og:title\" content=\"I Mostra &quot;Manaus, aqui tem SUS&quot; - SEMSA\" \/>\n<meta property=\"og:url\" content=\"https:\/\/www.manaus.am.gov.br\/semsa\/escola-de-saude-publica\/eventos\/i-mostra-manaus-aqui-tem-sus\/\" \/>\n<meta property=\"og:site_name\" content=\"SEMSA\" \/>\n<meta property=\"article:modified_time\" content=\"2025-01-21T14:36:11+00:00\" \/>\n<meta property=\"og:image\" content=\"https:\/\/www.manaus.am.gov.br\/semsa\/wp-content\/uploads\/sites\/8\/2024\/07\/thumb-default-2.png\" \/>\n\t<meta property=\"og:image:width\" content=\"966\" \/>\n\t<meta property=\"og:image:height\" content=\"520\" \/>\n\t<meta property=\"og:image:type\" content=\"image\/png\" \/>\n<meta name=\"twitter:card\" content=\"summary_large_image\" \/>\n<meta name=\"twitter:label1\" content=\"Est. reading time\" \/>\n\t<meta name=\"twitter:data1\" content=\"2 minutos\" \/>\n<script type=\"application\/ld+json\" class=\"yoast-schema-graph\">{\"@context\":\"https:\/\/schema.org\",\"@graph\":[{\"@type\":\"WebPage\",\"@id\":\"https:\/\/www.manaus.am.gov.br\/semsa\/escola-de-saude-publica\/eventos\/i-mostra-manaus-aqui-tem-sus\/\",\"url\":\"https:\/\/www.manaus.am.gov.br\/semsa\/escola-de-saude-publica\/eventos\/i-mostra-manaus-aqui-tem-sus\/\",\"name\":\"I Mostra \\\"Manaus, aqui tem SUS\\\" - SEMSA\",\"isPartOf\":{\"@id\":\"https:\/\/www.manaus.am.gov.br\/semsa\/#website\"},\"datePublished\":\"2024-05-14T18:46:01+00:00\",\"dateModified\":\"2025-01-21T14:36:11+00:00\",\"breadcrumb\":{\"@id\":\"https:\/\/www.manaus.am.gov.br\/semsa\/escola-de-saude-publica\/eventos\/i-mostra-manaus-aqui-tem-sus\/#breadcrumb\"},\"inLanguage\":\"pt-BR\",\"potentialAction\":[{\"@type\":\"ReadAction\",\"target\":[\"https:\/\/www.manaus.am.gov.br\/semsa\/escola-de-saude-publica\/eventos\/i-mostra-manaus-aqui-tem-sus\/\"]}]},{\"@type\":\"BreadcrumbList\",\"@id\":\"https:\/\/www.manaus.am.gov.br\/semsa\/escola-de-saude-publica\/eventos\/i-mostra-manaus-aqui-tem-sus\/#breadcrumb\",\"itemListElement\":[{\"@type\":\"ListItem\",\"position\":1,\"name\":\"Escola de Sa\u00fade P\u00fablica (Esap)\",\"item\":\"https:\/\/www.manaus.am.gov.br\/semsa\/escola-de-saude-publica\/\"},{\"@type\":\"ListItem\",\"position\":2,\"name\":\"Eventos\",\"item\":\"https:\/\/www.manaus.am.gov.br\/semsa\/escola-de-saude-publica\/eventos\/\"},{\"@type\":\"ListItem\",\"position\":3,\"name\":\"I Mostra &#8220;Manaus, aqui tem SUS&#8221;\"}]},{\"@type\":\"WebSite\",\"@id\":\"https:\/\/www.manaus.am.gov.br\/semsa\/#website\",\"url\":\"https:\/\/www.manaus.am.gov.br\/semsa\/\",\"name\":\"SEMSA\",\"description\":\"Secretaria Municipal de Sa\u00fade\",\"alternateName\":\"Secretaria Municipal de Sa\u00fade\",\"potentialAction\":[{\"@type\":\"SearchAction\",\"target\":{\"@type\":\"EntryPoint\",\"urlTemplate\":\"https:\/\/www.manaus.am.gov.br\/semsa\/?s={search_term_string}\"},\"query-input\":\"required name=search_term_string\"}],\"inLanguage\":\"pt-BR\"}]}<\/script>\n<!-- \/ Yoast SEO plugin. -->","yoast_head_json":{"title":"I Mostra \"Manaus, aqui tem SUS\" - SEMSA","robots":{"index":"index","follow":"follow","max-snippet":"max-snippet:-1","max-image-preview":"max-image-preview:large","max-video-preview":"max-video-preview:-1"},"canonical":"https:\/\/www.manaus.am.gov.br\/semsa\/escola-de-saude-publica\/eventos\/i-mostra-manaus-aqui-tem-sus\/","og_locale":"pt_BR","og_type":"article","og_title":"I Mostra \"Manaus, aqui tem SUS\" - SEMSA","og_url":"https:\/\/www.manaus.am.gov.br\/semsa\/escola-de-saude-publica\/eventos\/i-mostra-manaus-aqui-tem-sus\/","og_site_name":"SEMSA","article_modified_time":"2025-01-21T14:36:11+00:00","og_image":[{"width":966,"height":520,"url":"https:\/\/www.manaus.am.gov.br\/semsa\/wp-content\/uploads\/sites\/8\/2024\/07\/thumb-default-2.png","type":"image\/png"}],"twitter_card":"summary_large_image","twitter_misc":{"Est. reading time":"2 minutos"},"schema":{"@context":"https:\/\/schema.org","@graph":[{"@type":"WebPage","@id":"https:\/\/www.manaus.am.gov.br\/semsa\/escola-de-saude-publica\/eventos\/i-mostra-manaus-aqui-tem-sus\/","url":"https:\/\/www.manaus.am.gov.br\/semsa\/escola-de-saude-publica\/eventos\/i-mostra-manaus-aqui-tem-sus\/","name":"I Mostra \"Manaus, aqui tem SUS\" - SEMSA","isPartOf":{"@id":"https:\/\/www.manaus.am.gov.br\/semsa\/#website"},"datePublished":"2024-05-14T18:46:01+00:00","dateModified":"2025-01-21T14:36:11+00:00","breadcrumb":{"@id":"https:\/\/www.manaus.am.gov.br\/semsa\/escola-de-saude-publica\/eventos\/i-mostra-manaus-aqui-tem-sus\/#breadcrumb"},"inLanguage":"pt-BR","potentialAction":[{"@type":"ReadAction","target":["https:\/\/www.manaus.am.gov.br\/semsa\/escola-de-saude-publica\/eventos\/i-mostra-manaus-aqui-tem-sus\/"]}]},{"@type":"BreadcrumbList","@id":"https:\/\/www.manaus.am.gov.br\/semsa\/escola-de-saude-publica\/eventos\/i-mostra-manaus-aqui-tem-sus\/#breadcrumb","itemListElement":[{"@type":"ListItem","position":1,"name":"Escola de Sa\u00fade P\u00fablica (Esap)","item":"https:\/\/www.manaus.am.gov.br\/semsa\/escola-de-saude-publica\/"},{"@type":"ListItem","position":2,"name":"Eventos","item":"https:\/\/www.manaus.am.gov.br\/semsa\/escola-de-saude-publica\/eventos\/"},{"@type":"ListItem","position":3,"name":"I Mostra &#8220;Manaus, aqui tem SUS&#8221;"}]},{"@type":"WebSite","@id":"https:\/\/www.manaus.am.gov.br\/semsa\/#website","url":"https:\/\/www.manaus.am.gov.br\/semsa\/","name":"SEMSA","description":"Secretaria Municipal de Sa\u00fade","alternateName":"Secretaria Municipal de Sa\u00fade","potentialAction":[{"@type":"SearchAction","target":{"@type":"EntryPoint","urlTemplate":"https:\/\/www.manaus.am.gov.br\/semsa\/?s={search_term_string}"},"query-input":"required name=search_term_string"}],"inLanguage":"pt-BR"}]}},"_links":{"self":[{"href":"https:\/\/www.manaus.am.gov.br\/semsa\/wp-json\/wp\/v2\/pages\/215595"}],"collection":[{"href":"https:\/\/www.manaus.am.gov.br\/semsa\/wp-json\/wp\/v2\/pages"}],"about":[{"href":"https:\/\/www.manaus.am.gov.br\/semsa\/wp-json\/wp\/v2\/types\/page"}],"author":[{"embeddable":true,"href":"https:\/\/www.manaus.am.gov.br\/semsa\/wp-json\/wp\/v2\/users\/65"}],"replies":[{"embeddable":true,"href":"https:\/\/www.manaus.am.gov.br\/semsa\/wp-json\/wp\/v2\/comments?post=215595"}],"version-history":[{"count":15,"href":"https:\/\/www.manaus.am.gov.br\/semsa\/wp-json\/wp\/v2\/pages\/215595\/revisions"}],"predecessor-version":[{"id":220264,"href":"https:\/\/www.manaus.am.gov.br\/semsa\/wp-json\/wp\/v2\/pages\/215595\/revisions\/220264"}],"up":[{"embeddable":true,"href":"https:\/\/www.manaus.am.gov.br\/semsa\/wp-json\/wp\/v2\/pages\/215247"}],"wp:attachment":[{"href":"https:\/\/www.manaus.am.gov.br\/semsa\/wp-json\/wp\/v2\/media?parent=215595"}],"curies":[{"name":"wp","href":"https:\/\/api.w.org\/{rel}","templated":true}]}}