{"id":215261,"date":"2024-04-30T12:06:07","date_gmt":"2024-04-30T16:06:07","guid":{"rendered":"https:\/\/www.manaus.am.gov.br\/semsa\/?page_id=215261"},"modified":"2024-05-15T16:06:32","modified_gmt":"2024-05-15T20:06:32","slug":"acoes-de-extensao","status":"publish","type":"page","link":"https:\/\/www.manaus.am.gov.br\/semsa\/escola-de-saude-publica\/pesquisa-e-extensao\/acoes-de-extensao\/","title":{"rendered":"A\u00e7\u00f5es de Extens\u00e3o"},"content":{"rendered":"\n<p><strong>SOLICITA\u00c7\u00c3O DE CEN\u00c1RIOS DE PR\u00c1TICAS DA SEMSA PARA ATIVIDADES DE EXTENS\u00c3O&nbsp;<\/strong><\/p>\n\n\n\n<p>* Entende-se por cen\u00e1rios de pr\u00e1ticas na SEMSA as Unidades B\u00e1sicas de Sa\u00fade, Maternidade Moura Tapaj\u00f3z, Policl\u00ednicas ou setores\/departamentos que porventura representem espa\u00e7os para execu\u00e7\u00e3o de atividades de extens\u00e3o.<\/p>\n\n\n\n<p>1. Quem pode solicitar cen\u00e1rios de pr\u00e1ticas para realizar atividades de extens\u00e3o?<\/p>\n\n\n\n<p>&nbsp;As institui\u00e7\u00f5es de Ensino e Pesquisa de natureza p\u00fablica ou privada que possuem programas de extens\u00e3o pr\u00f3prios.<\/p>\n\n\n\n<p>2. Quando iniciar as atividades de extens\u00e3o nos cen\u00e1rios de pr\u00e1ticas da SEMSA?<\/p>\n\n\n\n<p>Ap\u00f3s receber do NUPES\/ESAP\/SEMSA, o Termo de Autoriza\u00e7\u00e3o para Atividades de Extens\u00e3o, que ser\u00e1 encaminhado para o e-mail informado pelo solicitante.<\/p>\n\n\n\n<p>3. Qual o prazo para libera\u00e7\u00e3o do Termo de Autoriza\u00e7\u00e3o para Atividades de Extens\u00e3o?<\/p>\n\n\n\n<p>Todas as solicita\u00e7\u00f5es ser\u00e3o submetidas ao Comit\u00ea Cient\u00edfico\/ESAP para an\u00e1lise de viabilidade que ter\u00e1 um prazo de&nbsp;<strong>at\u00e9 20 (vinte) dias \u00fateis<\/strong>&nbsp;para manifesta\u00e7\u00e3o.<\/p>\n\n\n\n<p>Este prazo poder\u00e1 sofrer altera\u00e7\u00e3o por motivo de for\u00e7a maior, no interesse da institui\u00e7\u00e3o.<\/p>\n\n\n\n<p>4. Posso utilizar qualquer provedor de e-mails para comunica\u00e7\u00e3o com a SEMSA\/ESAP?<\/p>\n\n\n\n<p>O provedor de e-mails da SEMSA tem restri\u00e7\u00f5es no recebimento\/envio de mensagens com o provedor de e-mail HOTMAIL. Por isso, sugerimos utilizar quaisquer outros compat\u00edveis como:&nbsp;<strong>&nbsp;g<\/strong><strong>mail,<\/strong>&nbsp;<strong>yahoo, uol, aol ou da institui\u00e7\u00e3o do solicitante.<\/strong><\/p>\n\n\n\n<p>5. O que fazer na hip\u00f3tese de altera\u00e7\u00e3o no cronograma de atividades de extens\u00e3o?<\/p>\n\n\n\n<p>O solicitante deve informar ao NUPES, enviando mensagem para o e-mail:&nbsp;<a href=\"mailto:nupes.semsa@manaus.am.gov.br\">nupes.semsa@manaus.am.gov.br<\/a>.<\/p>\n\n\n\n<p>6. Qual o procedimento para submeter atividades de extens\u00e3o no \u00e2mbito da SEMSA?<\/p>\n\n\n\n<p>Acessar o formul\u00e1rio GOOGLE FORMS no seguinte endere\u00e7o:&nbsp;<a href=\"https:\/\/forms.gle\/uiVhYFQpZHmK3Uyt5\">https:\/\/forms.gle\/uiVhYFQpZHmK3Uyt5<\/a>&nbsp;. Finalizado o preenchimento, clicar em enviar. Seu projeto ser\u00e1 recebido e analisado pelo N\u00facleo de Pesquisa, Extens\u00e3o e Inova\u00e7\u00e3o \u2013 NUPES.<\/p>\n\n\n\n<p>7. Como proceder no t\u00e9rmino do projeto?<\/p>\n\n\n\n<p>O coordenador dever\u00e1 informar ao NUPES que finalizou a atividade, enviando o relat\u00f3rio final.<\/p>\n\n\n\n<p>O coordenador se compromete, ainda, em apresentar os resultados na Mostra de Extens\u00e3o promovida pela ESAP\/SEMSA.<\/p>\n\n\n\n<p>\u00c9 obrigat\u00f3ria, tamb\u00e9m, a refer\u00eancia nos agradecimentos ao apoio prestado pela Secretaria Municipal de Sa\u00fade em todas as formas de divulga\u00e7\u00e3o, como nas publica\u00e7\u00f5es e nos trabalhos apresentados em eventos de qualquer natureza e meio de comunica\u00e7\u00e3o.<\/p>\n\n\n\n<p>Informa\u00e7\u00f5es:&nbsp;<a href=\"mailto:nupes.semsa@manaus.am.gov.br\">nupes.semsa@manaus.am.gov.br<\/a>.<\/p>\n\n\n\n<p>Fone: 98842-8247<\/p>\n","protected":false},"excerpt":{"rendered":"","protected":false},"author":8,"featured_media":0,"parent":215254,"menu_order":0,"comment_status":"closed","ping_status":"closed","template":"templates\/turismo.php","meta":{"footnotes":""},"acf":[],"yoast_head":"<!-- This site is optimized with the Yoast SEO plugin v23.0 - https:\/\/yoast.com\/wordpress\/plugins\/seo\/ -->\n<title>A\u00e7\u00f5es de Extens\u00e3o - SEMSA<\/title>\n<meta name=\"robots\" content=\"index, follow, max-snippet:-1, max-image-preview:large, max-video-preview:-1\" \/>\n<link rel=\"canonical\" href=\"https:\/\/www.manaus.am.gov.br\/semsa\/escola-de-saude-publica\/pesquisa-e-extensao\/acoes-de-extensao\/\" \/>\n<meta property=\"og:locale\" content=\"pt_BR\" \/>\n<meta property=\"og:type\" content=\"article\" \/>\n<meta property=\"og:title\" content=\"A\u00e7\u00f5es de Extens\u00e3o - SEMSA\" \/>\n<meta property=\"og:url\" content=\"https:\/\/www.manaus.am.gov.br\/semsa\/escola-de-saude-publica\/pesquisa-e-extensao\/acoes-de-extensao\/\" \/>\n<meta property=\"og:site_name\" content=\"SEMSA\" \/>\n<meta property=\"article:modified_time\" content=\"2024-05-15T20:06:32+00:00\" \/>\n<meta property=\"og:image\" content=\"https:\/\/www.manaus.am.gov.br\/semsa\/wp-content\/uploads\/sites\/8\/2024\/07\/thumb-default-2.png\" \/>\n\t<meta property=\"og:image:width\" content=\"966\" \/>\n\t<meta property=\"og:image:height\" content=\"520\" \/>\n\t<meta property=\"og:image:type\" content=\"image\/png\" \/>\n<meta name=\"twitter:card\" content=\"summary_large_image\" \/>\n<meta name=\"twitter:label1\" content=\"Est. reading time\" \/>\n\t<meta name=\"twitter:data1\" content=\"2 minutos\" \/>\n<script type=\"application\/ld+json\" class=\"yoast-schema-graph\">{\"@context\":\"https:\/\/schema.org\",\"@graph\":[{\"@type\":\"WebPage\",\"@id\":\"https:\/\/www.manaus.am.gov.br\/semsa\/escola-de-saude-publica\/pesquisa-e-extensao\/acoes-de-extensao\/\",\"url\":\"https:\/\/www.manaus.am.gov.br\/semsa\/escola-de-saude-publica\/pesquisa-e-extensao\/acoes-de-extensao\/\",\"name\":\"A\u00e7\u00f5es de Extens\u00e3o - SEMSA\",\"isPartOf\":{\"@id\":\"https:\/\/www.manaus.am.gov.br\/semsa\/#website\"},\"datePublished\":\"2024-04-30T16:06:07+00:00\",\"dateModified\":\"2024-05-15T20:06:32+00:00\",\"breadcrumb\":{\"@id\":\"https:\/\/www.manaus.am.gov.br\/semsa\/escola-de-saude-publica\/pesquisa-e-extensao\/acoes-de-extensao\/#breadcrumb\"},\"inLanguage\":\"pt-BR\",\"potentialAction\":[{\"@type\":\"ReadAction\",\"target\":[\"https:\/\/www.manaus.am.gov.br\/semsa\/escola-de-saude-publica\/pesquisa-e-extensao\/acoes-de-extensao\/\"]}]},{\"@type\":\"BreadcrumbList\",\"@id\":\"https:\/\/www.manaus.am.gov.br\/semsa\/escola-de-saude-publica\/pesquisa-e-extensao\/acoes-de-extensao\/#breadcrumb\",\"itemListElement\":[{\"@type\":\"ListItem\",\"position\":1,\"name\":\"Escola de Sa\u00fade P\u00fablica (Esap)\",\"item\":\"https:\/\/www.manaus.am.gov.br\/semsa\/escola-de-saude-publica\/\"},{\"@type\":\"ListItem\",\"position\":2,\"name\":\"Pesquisa e Extens\u00e3o\",\"item\":\"https:\/\/www.manaus.am.gov.br\/semsa\/escola-de-saude-publica\/pesquisa-e-extensao\/\"},{\"@type\":\"ListItem\",\"position\":3,\"name\":\"A\u00e7\u00f5es de Extens\u00e3o\"}]},{\"@type\":\"WebSite\",\"@id\":\"https:\/\/www.manaus.am.gov.br\/semsa\/#website\",\"url\":\"https:\/\/www.manaus.am.gov.br\/semsa\/\",\"name\":\"SEMSA\",\"description\":\"Secretaria Municipal de Sa\u00fade\",\"alternateName\":\"Secretaria Municipal de Sa\u00fade\",\"potentialAction\":[{\"@type\":\"SearchAction\",\"target\":{\"@type\":\"EntryPoint\",\"urlTemplate\":\"https:\/\/www.manaus.am.gov.br\/semsa\/?s={search_term_string}\"},\"query-input\":\"required name=search_term_string\"}],\"inLanguage\":\"pt-BR\"}]}<\/script>\n<!-- \/ Yoast SEO plugin. -->","yoast_head_json":{"title":"A\u00e7\u00f5es de Extens\u00e3o - SEMSA","robots":{"index":"index","follow":"follow","max-snippet":"max-snippet:-1","max-image-preview":"max-image-preview:large","max-video-preview":"max-video-preview:-1"},"canonical":"https:\/\/www.manaus.am.gov.br\/semsa\/escola-de-saude-publica\/pesquisa-e-extensao\/acoes-de-extensao\/","og_locale":"pt_BR","og_type":"article","og_title":"A\u00e7\u00f5es de Extens\u00e3o - SEMSA","og_url":"https:\/\/www.manaus.am.gov.br\/semsa\/escola-de-saude-publica\/pesquisa-e-extensao\/acoes-de-extensao\/","og_site_name":"SEMSA","article_modified_time":"2024-05-15T20:06:32+00:00","og_image":[{"width":966,"height":520,"url":"https:\/\/www.manaus.am.gov.br\/semsa\/wp-content\/uploads\/sites\/8\/2024\/07\/thumb-default-2.png","type":"image\/png"}],"twitter_card":"summary_large_image","twitter_misc":{"Est. reading time":"2 minutos"},"schema":{"@context":"https:\/\/schema.org","@graph":[{"@type":"WebPage","@id":"https:\/\/www.manaus.am.gov.br\/semsa\/escola-de-saude-publica\/pesquisa-e-extensao\/acoes-de-extensao\/","url":"https:\/\/www.manaus.am.gov.br\/semsa\/escola-de-saude-publica\/pesquisa-e-extensao\/acoes-de-extensao\/","name":"A\u00e7\u00f5es de Extens\u00e3o - SEMSA","isPartOf":{"@id":"https:\/\/www.manaus.am.gov.br\/semsa\/#website"},"datePublished":"2024-04-30T16:06:07+00:00","dateModified":"2024-05-15T20:06:32+00:00","breadcrumb":{"@id":"https:\/\/www.manaus.am.gov.br\/semsa\/escola-de-saude-publica\/pesquisa-e-extensao\/acoes-de-extensao\/#breadcrumb"},"inLanguage":"pt-BR","potentialAction":[{"@type":"ReadAction","target":["https:\/\/www.manaus.am.gov.br\/semsa\/escola-de-saude-publica\/pesquisa-e-extensao\/acoes-de-extensao\/"]}]},{"@type":"BreadcrumbList","@id":"https:\/\/www.manaus.am.gov.br\/semsa\/escola-de-saude-publica\/pesquisa-e-extensao\/acoes-de-extensao\/#breadcrumb","itemListElement":[{"@type":"ListItem","position":1,"name":"Escola de Sa\u00fade P\u00fablica (Esap)","item":"https:\/\/www.manaus.am.gov.br\/semsa\/escola-de-saude-publica\/"},{"@type":"ListItem","position":2,"name":"Pesquisa e Extens\u00e3o","item":"https:\/\/www.manaus.am.gov.br\/semsa\/escola-de-saude-publica\/pesquisa-e-extensao\/"},{"@type":"ListItem","position":3,"name":"A\u00e7\u00f5es de Extens\u00e3o"}]},{"@type":"WebSite","@id":"https:\/\/www.manaus.am.gov.br\/semsa\/#website","url":"https:\/\/www.manaus.am.gov.br\/semsa\/","name":"SEMSA","description":"Secretaria Municipal de Sa\u00fade","alternateName":"Secretaria Municipal de Sa\u00fade","potentialAction":[{"@type":"SearchAction","target":{"@type":"EntryPoint","urlTemplate":"https:\/\/www.manaus.am.gov.br\/semsa\/?s={search_term_string}"},"query-input":"required name=search_term_string"}],"inLanguage":"pt-BR"}]}},"_links":{"self":[{"href":"https:\/\/www.manaus.am.gov.br\/semsa\/wp-json\/wp\/v2\/pages\/215261"}],"collection":[{"href":"https:\/\/www.manaus.am.gov.br\/semsa\/wp-json\/wp\/v2\/pages"}],"about":[{"href":"https:\/\/www.manaus.am.gov.br\/semsa\/wp-json\/wp\/v2\/types\/page"}],"author":[{"embeddable":true,"href":"https:\/\/www.manaus.am.gov.br\/semsa\/wp-json\/wp\/v2\/users\/8"}],"replies":[{"embeddable":true,"href":"https:\/\/www.manaus.am.gov.br\/semsa\/wp-json\/wp\/v2\/comments?post=215261"}],"version-history":[{"count":4,"href":"https:\/\/www.manaus.am.gov.br\/semsa\/wp-json\/wp\/v2\/pages\/215261\/revisions"}],"predecessor-version":[{"id":215725,"href":"https:\/\/www.manaus.am.gov.br\/semsa\/wp-json\/wp\/v2\/pages\/215261\/revisions\/215725"}],"up":[{"embeddable":true,"href":"https:\/\/www.manaus.am.gov.br\/semsa\/wp-json\/wp\/v2\/pages\/215254"}],"wp:attachment":[{"href":"https:\/\/www.manaus.am.gov.br\/semsa\/wp-json\/wp\/v2\/media?parent=215261"}],"curies":[{"name":"wp","href":"https:\/\/api.w.org\/{rel}","templated":true}]}}