{"id":215258,"date":"2024-07-12T11:07:46","date_gmt":"2024-07-12T15:07:46","guid":{"rendered":"https:\/\/www.manaus.am.gov.br\/semsa\/?page_id=215258"},"modified":"2026-02-20T09:38:44","modified_gmt":"2026-02-20T13:38:44","slug":"paic","status":"publish","type":"page","link":"https:\/\/www.manaus.am.gov.br\/semsa\/escola-de-saude-publica\/paic\/","title":{"rendered":"PAIC"},"content":{"rendered":"\n<h3 class=\"wp-block-heading\"><strong>Programa de Apoio \u00e0 Inicia\u00e7\u00e3o Cient\u00edfica\u2013 PAIC \u2013 ESAP\/Semsa<\/strong><\/h3>\n\n\n\n<p>O PAIC \u2013 ESAP\/SEMSA \u00e9 um programa institucional apoiado com recursos financeiros e bolsas pela&nbsp;Funda\u00e7\u00e3o de Amparo \u00e0 Pesquisa do Estado do Amazonas (FAPEAM)&nbsp;para o desenvolvimento de pesquisas cient\u00edficas em cen\u00e1rios de pr\u00e1ticas da Secretaria Municipal de Sa\u00fade de Manaus.<\/p>\n\n\n\n<p>A FAPEAM repassa a bolsa diretamente ao estudante de gradua\u00e7\u00e3o, que \u00e9 selecionado pela ESAP\/SEMSA em cada edi\u00e7\u00e3o.<\/p>\n\n\n\n<p>A gest\u00e3o do Programa, acompanhamento dos bolsistas e dos projetos \u00e9 de responsabilidade do N\u00facleo de Pesquisa, Extens\u00e3o e Inova\u00e7\u00e3o da ESAP\/SEMSA.<\/p>\n\n\n\n<h3 class=\"wp-block-heading\"><strong>Objetivos<\/strong><\/h3>\n\n\n\n<h3 class=\"wp-block-heading\"><strong>Geral<\/strong><\/h3>\n\n\n\n<p>Fomentar a pesquisa cient\u00edfica, viabilizando a produ\u00e7\u00e3o do conhecimento e o desenvolvimento de habilidades que permitam a inicia\u00e7\u00e3o de discentes de gradua\u00e7\u00e3o no campo da pesquisa e fazendo com que, futuramente, se desperte o interesse destes para a P\u00f3s-Gradua\u00e7\u00e3o stricto sensu.<\/p>\n\n\n\n<h3 class=\"wp-block-heading\"><strong>Espec\u00edficos<\/strong><\/h3>\n\n\n\n<ul>\n<li>Despertar e incentivar a voca\u00e7\u00e3o cient\u00edfica entre estudantes de gradua\u00e7\u00e3o, de institui\u00e7\u00f5es p\u00fablicas e privadas da cidade de Manaus \u2013 AM;<\/li>\n\n\n\n<li>Consolidar o grupo de pesquisa da ESAP\/ SEMSA<\/li>\n\n\n\n<li>Formar novos Grupos de Pesquisa na SEMSA, estimulando a participa\u00e7\u00e3o de profissionais de sa\u00fade e de discentes em pesquisas e eventos cient\u00edficos que envolvam, prioritariamente, temas na linhas de pesquisa de Aten\u00e7\u00e3o Prim\u00e1ria \u00e0 Sa\u00fade;&nbsp;Aten\u00e7\u00e3o Psicossocial;&nbsp;Educa\u00e7\u00e3o, Promo\u00e7\u00e3o e Comunica\u00e7\u00e3o na Sa\u00fade; Pol\u00edticas P\u00fablicas na Amaz\u00f4nia; Sa\u00fade Bucal e Vigil\u00e2ncia em Sa\u00fade;<\/li>\n\n\n\n<li>Propiciar ao bolsista o estudo e o aprendizado de metodologias de pesquisa cient\u00edfica, bem como estimular o pensamento cr\u00edtico dos estudantes de gradua\u00e7\u00e3o;<\/li>\n\n\n\n<li>Colaborar com o aumento da produ\u00e7\u00e3o cient\u00edfica na ESAP\/ SEMSA;<\/li>\n\n\n\n<li>Realizar acordos de coopera\u00e7\u00e3o com universidades, institui\u00e7\u00f5es, organiza\u00e7\u00f5es e redes de pesquisa.<\/li>\n<\/ul>\n\n\n\n<p><\/p>\n\n\n\n<h3 class=\"wp-block-heading\">Grupo de Pesquisa \/ ESAP<\/h3>\n\n\n\n<p><a href=\"https:\/\/www.manaus.am.gov.br\/semsa\/wp-content\/uploads\/sites\/8\/2026\/02\/Nu\u0301cleo-de-Pesquisa-em-Poli\u0301ticas-Pu\u0301blicas-e-Sau\u0301de-na-Amazo\u0302nia.pdf\">N\u00facleo de Pesquisas em Pol\u00edticas P\u00fablicas e Sa\u00fade na Amaz\u00f4nia<\/a><\/p>\n\n\n\n<p><\/p>\n\n\n\n<h3 class=\"wp-block-heading\"><strong>Linhas de Pesquisa<\/strong><\/h3>\n\n\n\n<div class=\"wp-block-group is-vertical is-layout-flex wp-container-core-group-layout-1 wp-block-group-is-layout-flex\">\n<ul>\n<li><a href=\"https:\/\/www.manaus.am.gov.br\/semsa\/wp-content\/uploads\/sites\/8\/2024\/05\/01-Linha_Atenc\u0327a\u0303o-Prima\u0301ria-a\u0300-Sau\u0301de.pdf\">Aten\u00e7\u00e3o Prim\u00e1ria \u00e0 Sa\u00fade<\/a><\/li>\n\n\n\n<li><a href=\"https:\/\/www.manaus.am.gov.br\/semsa\/wp-content\/uploads\/sites\/8\/2024\/05\/02-Linha_-Atenc\u0327a\u0303o-Psicossocial.pdf\">Aten\u00e7\u00e3o Psicossocial<\/a><\/li>\n\n\n\n<li><a href=\"https:\/\/www.manaus.am.gov.br\/semsa\/wp-content\/uploads\/sites\/8\/2024\/05\/03-Linha_-Educac\u0327a\u0303o-Promoc\u0327a\u0303o-e-Comunicac\u0327a\u0303o-na-Sau\u0301de.pdf\">Educa\u00e7\u00e3o, Promo\u00e7\u00e3o e Comunica\u00e7\u00e3o na Sa\u00fade<\/a><\/li>\n\n\n\n<li><a href=\"https:\/\/www.manaus.am.gov.br\/semsa\/wp-content\/uploads\/sites\/8\/2024\/05\/04-Linha_Politicas.pdf\">Pol\u00edticas P\u00fablicas na Amaz\u00f4nia<\/a><\/li>\n\n\n\n<li><a href=\"https:\/\/www.manaus.am.gov.br\/semsa\/wp-content\/uploads\/sites\/8\/2024\/05\/06-Linha_-Vigila\u0302ncia-em-Sau\u0301de.pdf\">Vigil\u00e2ncia em Sa\u00fade<\/a><\/li>\n\n\n\n<li><a href=\"https:\/\/www.manaus.am.gov.br\/semsa\/wp-content\/uploads\/sites\/8\/2024\/05\/05-Linha_-Sau\u0301de-Bucal.pdf\">Sa\u00fade Bucal<\/a><\/li>\n<\/ul>\n\n\n\n<p><\/p>\n<\/div>\n\n\n\n<h3 class=\"wp-block-heading\"><strong>Processo Seletivo<\/strong><\/h3>\n\n\n\n<ul>\n<li><a href=\"https:\/\/www.manaus.am.gov.br\/semsa\/pesquisa-e-extensao\/edicao-2022-2023\/\">Edi\u00e7\u00e3o 2022\/2023<\/a><\/li>\n\n\n\n<li><a href=\"https:\/\/www.manaus.am.gov.br\/semsa\/pesquisa-e-extensao\/edicao-2023-2024\/\">Edi\u00e7\u00e3o 2023\/2024<\/a><\/li>\n\n\n\n<li><a href=\"https:\/\/www.manaus.am.gov.br\/semsa\/pesquisa-e-extensao\/edicao-2024-2025\/\">Edi\u00e7\u00e3o 2024\/2025<\/a><\/li>\n\n\n\n<li><a href=\"https:\/\/www.manaus.am.gov.br\/semsa\/escola-de-saude-publica\/pesquisa-e-extensao\/edicao-2025-2026\/\">Edi\u00e7\u00e3o 2025\/2026<\/a><\/li>\n\n\n\n<li><a href=\"https:\/\/www.manaus.am.gov.br\/semsa\/escola-de-saude-publica\/pesquisa-e-extensao\/edicao-2026-2027\/\">Edi\u00e7\u00e3o 2026\/2027<\/a><\/li>\n<\/ul>\n\n\n\n<p><\/p>\n\n\n\n<h3 class=\"wp-block-heading\"><strong>Publica\u00e7\u00f5es\/Resultados<\/strong><\/h3>\n\n\n\n<ul>\n<li><a href=\"https:\/\/www.manaus.am.gov.br\/semsa\/pesquisa-e-extensao\/edicao-2022-2023-2\/\">Edi\u00e7\u00e3o 2022\/2023<\/a><\/li>\n\n\n\n<li><a href=\"https:\/\/www.manaus.am.gov.br\/semsa\/pesquisa-e-extensao\/edicao-2023-2024-2\/\">Edi\u00e7\u00e3o 2023\/2024<\/a><\/li>\n\n\n\n<li><a href=\"https:\/\/www.manaus.am.gov.br\/semsa\/pesquisa-e-extensao\/edicao-2024-2025-2\/\">Edi\u00e7\u00e3o 2024\/2025<\/a><\/li>\n\n\n\n<li><a href=\"https:\/\/www.manaus.am.gov.br\/semsa\/escola-de-saude-publica\/pesquisa-e-extensao\/edicao-2025-2026-2\/\">Edi\u00e7\u00e3o 2025\/2026<\/a><\/li>\n\n\n\n<li><a href=\"https:\/\/www.manaus.am.gov.br\/semsa\/escola-de-saude-publica\/pesquisa-e-extensao\/edicao-2026-2027-2\/\">Edi\u00e7\u00e3o 2026\/2027<\/a><\/li>\n<\/ul>\n\n\n\n<p><\/p>\n\n\n\n<h3 class=\"wp-block-heading\"><strong>Coordena\u00e7\u00e3o<\/strong><\/h3>\n\n\n\n<p>Priscilla Farias Naiff&nbsp;\u2013 Doutora em Ci\u00eancias da Sa\u00fade<br>E-mail:&nbsp;<a href=\"mailto:nupes.semsa@manaus.am.gov.br\">nupes.semsa@manaus.am.gov.br<\/a>;&nbsp;<a href=\"mailto:paicsemsa.esap@gmail.com\">paicsemsa.esap@gmail.com<\/a><br>Telefone:&nbsp;(92) 98842-8247<\/p>\n\n\n\n<p><\/p>\n\n\n\n<p><a href=\"https:\/\/www.manaus.am.gov.br\/semsa\/escola-de-saude-publica\/paic\/galeria-de-fotos\/\">Galeria de Fotos<\/a><\/p>\n","protected":false},"excerpt":{"rendered":"","protected":false},"author":8,"featured_media":0,"parent":208859,"menu_order":0,"comment_status":"closed","ping_status":"closed","template":"templates\/turismo.php","meta":{"footnotes":""},"acf":[],"yoast_head":"<!-- This site is optimized with the Yoast SEO plugin v23.0 - https:\/\/yoast.com\/wordpress\/plugins\/seo\/ -->\n<title>PAIC - SEMSA<\/title>\n<meta name=\"robots\" content=\"index, follow, max-snippet:-1, max-image-preview:large, max-video-preview:-1\" \/>\n<link rel=\"canonical\" href=\"https:\/\/www.manaus.am.gov.br\/semsa\/escola-de-saude-publica\/paic\/\" \/>\n<meta property=\"og:locale\" content=\"pt_BR\" \/>\n<meta property=\"og:type\" content=\"article\" \/>\n<meta property=\"og:title\" content=\"PAIC - SEMSA\" \/>\n<meta property=\"og:url\" content=\"https:\/\/www.manaus.am.gov.br\/semsa\/escola-de-saude-publica\/paic\/\" \/>\n<meta property=\"og:site_name\" content=\"SEMSA\" \/>\n<meta property=\"article:modified_time\" content=\"2026-02-20T13:38:44+00:00\" \/>\n<meta property=\"og:image\" content=\"https:\/\/www.manaus.am.gov.br\/semsa\/wp-content\/uploads\/sites\/8\/2024\/07\/thumb-default-2.png\" \/>\n\t<meta property=\"og:image:width\" content=\"966\" \/>\n\t<meta property=\"og:image:height\" content=\"520\" \/>\n\t<meta property=\"og:image:type\" content=\"image\/png\" \/>\n<meta name=\"twitter:card\" content=\"summary_large_image\" \/>\n<meta name=\"twitter:label1\" content=\"Est. reading time\" \/>\n\t<meta name=\"twitter:data1\" content=\"2 minutos\" \/>\n<script type=\"application\/ld+json\" class=\"yoast-schema-graph\">{\"@context\":\"https:\/\/schema.org\",\"@graph\":[{\"@type\":\"WebPage\",\"@id\":\"https:\/\/www.manaus.am.gov.br\/semsa\/escola-de-saude-publica\/paic\/\",\"url\":\"https:\/\/www.manaus.am.gov.br\/semsa\/escola-de-saude-publica\/paic\/\",\"name\":\"PAIC - SEMSA\",\"isPartOf\":{\"@id\":\"https:\/\/www.manaus.am.gov.br\/semsa\/#website\"},\"datePublished\":\"2024-07-12T15:07:46+00:00\",\"dateModified\":\"2026-02-20T13:38:44+00:00\",\"breadcrumb\":{\"@id\":\"https:\/\/www.manaus.am.gov.br\/semsa\/escola-de-saude-publica\/paic\/#breadcrumb\"},\"inLanguage\":\"pt-BR\",\"potentialAction\":[{\"@type\":\"ReadAction\",\"target\":[\"https:\/\/www.manaus.am.gov.br\/semsa\/escola-de-saude-publica\/paic\/\"]}]},{\"@type\":\"BreadcrumbList\",\"@id\":\"https:\/\/www.manaus.am.gov.br\/semsa\/escola-de-saude-publica\/paic\/#breadcrumb\",\"itemListElement\":[{\"@type\":\"ListItem\",\"position\":1,\"name\":\"Escola de Sa\u00fade P\u00fablica (Esap)\",\"item\":\"https:\/\/www.manaus.am.gov.br\/semsa\/escola-de-saude-publica\/\"},{\"@type\":\"ListItem\",\"position\":2,\"name\":\"PAIC\"}]},{\"@type\":\"WebSite\",\"@id\":\"https:\/\/www.manaus.am.gov.br\/semsa\/#website\",\"url\":\"https:\/\/www.manaus.am.gov.br\/semsa\/\",\"name\":\"SEMSA\",\"description\":\"Secretaria Municipal de Sa\u00fade\",\"alternateName\":\"Secretaria Municipal de Sa\u00fade\",\"potentialAction\":[{\"@type\":\"SearchAction\",\"target\":{\"@type\":\"EntryPoint\",\"urlTemplate\":\"https:\/\/www.manaus.am.gov.br\/semsa\/?s={search_term_string}\"},\"query-input\":\"required name=search_term_string\"}],\"inLanguage\":\"pt-BR\"}]}<\/script>\n<!-- \/ Yoast SEO plugin. -->","yoast_head_json":{"title":"PAIC - SEMSA","robots":{"index":"index","follow":"follow","max-snippet":"max-snippet:-1","max-image-preview":"max-image-preview:large","max-video-preview":"max-video-preview:-1"},"canonical":"https:\/\/www.manaus.am.gov.br\/semsa\/escola-de-saude-publica\/paic\/","og_locale":"pt_BR","og_type":"article","og_title":"PAIC - SEMSA","og_url":"https:\/\/www.manaus.am.gov.br\/semsa\/escola-de-saude-publica\/paic\/","og_site_name":"SEMSA","article_modified_time":"2026-02-20T13:38:44+00:00","og_image":[{"width":966,"height":520,"url":"https:\/\/www.manaus.am.gov.br\/semsa\/wp-content\/uploads\/sites\/8\/2024\/07\/thumb-default-2.png","type":"image\/png"}],"twitter_card":"summary_large_image","twitter_misc":{"Est. reading time":"2 minutos"},"schema":{"@context":"https:\/\/schema.org","@graph":[{"@type":"WebPage","@id":"https:\/\/www.manaus.am.gov.br\/semsa\/escola-de-saude-publica\/paic\/","url":"https:\/\/www.manaus.am.gov.br\/semsa\/escola-de-saude-publica\/paic\/","name":"PAIC - SEMSA","isPartOf":{"@id":"https:\/\/www.manaus.am.gov.br\/semsa\/#website"},"datePublished":"2024-07-12T15:07:46+00:00","dateModified":"2026-02-20T13:38:44+00:00","breadcrumb":{"@id":"https:\/\/www.manaus.am.gov.br\/semsa\/escola-de-saude-publica\/paic\/#breadcrumb"},"inLanguage":"pt-BR","potentialAction":[{"@type":"ReadAction","target":["https:\/\/www.manaus.am.gov.br\/semsa\/escola-de-saude-publica\/paic\/"]}]},{"@type":"BreadcrumbList","@id":"https:\/\/www.manaus.am.gov.br\/semsa\/escola-de-saude-publica\/paic\/#breadcrumb","itemListElement":[{"@type":"ListItem","position":1,"name":"Escola de Sa\u00fade P\u00fablica (Esap)","item":"https:\/\/www.manaus.am.gov.br\/semsa\/escola-de-saude-publica\/"},{"@type":"ListItem","position":2,"name":"PAIC"}]},{"@type":"WebSite","@id":"https:\/\/www.manaus.am.gov.br\/semsa\/#website","url":"https:\/\/www.manaus.am.gov.br\/semsa\/","name":"SEMSA","description":"Secretaria Municipal de Sa\u00fade","alternateName":"Secretaria Municipal de Sa\u00fade","potentialAction":[{"@type":"SearchAction","target":{"@type":"EntryPoint","urlTemplate":"https:\/\/www.manaus.am.gov.br\/semsa\/?s={search_term_string}"},"query-input":"required name=search_term_string"}],"inLanguage":"pt-BR"}]}},"_links":{"self":[{"href":"https:\/\/www.manaus.am.gov.br\/semsa\/wp-json\/wp\/v2\/pages\/215258"}],"collection":[{"href":"https:\/\/www.manaus.am.gov.br\/semsa\/wp-json\/wp\/v2\/pages"}],"about":[{"href":"https:\/\/www.manaus.am.gov.br\/semsa\/wp-json\/wp\/v2\/types\/page"}],"author":[{"embeddable":true,"href":"https:\/\/www.manaus.am.gov.br\/semsa\/wp-json\/wp\/v2\/users\/8"}],"replies":[{"embeddable":true,"href":"https:\/\/www.manaus.am.gov.br\/semsa\/wp-json\/wp\/v2\/comments?post=215258"}],"version-history":[{"count":46,"href":"https:\/\/www.manaus.am.gov.br\/semsa\/wp-json\/wp\/v2\/pages\/215258\/revisions"}],"predecessor-version":[{"id":227641,"href":"https:\/\/www.manaus.am.gov.br\/semsa\/wp-json\/wp\/v2\/pages\/215258\/revisions\/227641"}],"up":[{"embeddable":true,"href":"https:\/\/www.manaus.am.gov.br\/semsa\/wp-json\/wp\/v2\/pages\/208859"}],"wp:attachment":[{"href":"https:\/\/www.manaus.am.gov.br\/semsa\/wp-json\/wp\/v2\/media?parent=215258"}],"curies":[{"name":"wp","href":"https:\/\/api.w.org\/{rel}","templated":true}]}}