{"id":215256,"date":"2024-04-30T12:04:55","date_gmt":"2024-04-30T16:04:55","guid":{"rendered":"https:\/\/www.manaus.am.gov.br\/semsa\/?page_id=215256"},"modified":"2024-05-15T16:30:11","modified_gmt":"2024-05-15T20:30:11","slug":"pesquisa-cientifica","status":"publish","type":"page","link":"https:\/\/www.manaus.am.gov.br\/semsa\/escola-de-saude-publica\/pesquisa-e-extensao\/pesquisa-cientifica\/","title":{"rendered":"Pesquisa Cient\u00edfica"},"content":{"rendered":"\n<p><strong>Leia todas as instru\u00e7\u00f5es dispon\u00edveis nesta p\u00e1gina, pois servir\u00e3o de orienta\u00e7\u00e3o para o processo de submiss\u00e3o de sua pesquisa no \u00e2mbito da SEMSA.<\/strong><\/p>\n\n\n\n<p>1. Quando solicitar Anu\u00eancia para SEMSA?<\/p>\n\n\n\n<p>Quando o pesquisador desejar utilizar dados de pesquisa oriundos dos cen\u00e1rios de pr\u00e1ticas* da SEMSA. De posse da Carta de Anu\u00eancia o pesquisador dever\u00e1 submeter o seu projeto a um Comit\u00ea de \u00c9tica em Pesquisa (CEP)\/ Comiss\u00e3o Nacional de \u00c9tica em Pesquisa (CONEP), integrado ao Sistema Nacional de \u00c9tica em Pesquisa com Seres Humanos.<\/p>\n\n\n\n<p><strong>* Entende-se por cen\u00e1rios de pr\u00e1ticas na SEMSA as Unidades B\u00e1sicas de Sa\u00fade, Maternidade Moura Tapajoz, Policl\u00ednicas ou setores\/departamentos que porventura representem espa\u00e7os para investiga\u00e7\u00e3o cient\u00edfica.<\/strong><\/p>\n\n\n\n<p>2. Quando iniciar a coleta de dados nos cen\u00e1rios de pr\u00e1ticas da SEMSA?<\/p>\n\n\n\n<p>O Comit\u00ea de \u00c9tica em Pesquisa (CEP) ir\u00e1 emitir para o pesquisador o parecer consubstanciado. De posse desse documento, o pesquisador dever\u00e1 envi\u00e1-lo para o e-mail:&nbsp;<a href=\"mailto:nupes.semsa@manaus.am.gov.br\">nupes.semsa@manaus.am.gov.br<\/a>. O NUPES ir\u00e1 providenciar o&nbsp;<strong>\u201cTermo de Autoriza\u00e7\u00e3o para realiza\u00e7\u00e3o da Pesquisa\u201d<\/strong>, ocasi\u00e3o em que o pesquisador, efetivamente, poder\u00e1 coletar dados para sua investiga\u00e7\u00e3o cient\u00edfica.<\/p>\n\n\n\n<p>3. \u00c9 preciso protocolar algum documento na SEMSA\/ESAP\/NUPES?<\/p>\n\n\n\n<p>N\u00e3o. Todo o processo ocorre de modo online por meio do GOOGLE FORMS:&nbsp;&nbsp;&nbsp;<a href=\"https:\/\/forms.gle\/ewbcjJPqNiks8vmP9\">https:\/\/forms.gle\/ewbcjJPqNiks8vmP9<\/a>&nbsp;As d\u00favidas poder\u00e3o ser sanadas pelo e-mail:&nbsp;<a href=\"mailto:nupes.semsa@manaus.am.gov.br\">nupes.semsa@manaus.am.gov.br<\/a>&nbsp; e\/ou telefone: (92) 98842.8247.<\/p>\n\n\n\n<p>4. Qual formato dos documentos devem ser anexados (upload) no&nbsp;<strong>GOOGLE FORMS<\/strong>?<\/p>\n\n\n\n<p>Os anexos devem ser em formato Portable Document Format \u2013 PDF.<\/p>\n\n\n\n<p>5. Posso utilizar qualquer provedor de e-mails para comunica\u00e7\u00e3o com a SEMSA\/ESAP?<\/p>\n\n\n\n<p>O provedor de e-mails da SEMSA tem restri\u00e7\u00f5es no recebimento\/envio de mensagens com o provedor de e-mail HOTMAIL. Por isso, sugerimos utilizar quaisquer outros compat\u00edveis como:<strong>&nbsp;g<\/strong><strong>mail,<\/strong>&nbsp;<strong>yahoo, uol, aol ou da institui\u00e7\u00e3o do pesquisador.<\/strong><\/p>\n\n\n\n<p>6. Qual o prazo para libera\u00e7\u00e3o da Carta de Anu\u00eancia ou Termo de Autoriza\u00e7\u00e3o para realiza\u00e7\u00e3o da pesquisa?<\/p>\n\n\n\n<p>Todas as solicita\u00e7\u00f5es ser\u00e3o submetidas ao Comit\u00ea Cient\u00edfico\/ESAP para an\u00e1lise de viabilidade que ter\u00e1 um prazo de&nbsp;<strong>at\u00e9 20 (vinte) dias \u00fateis<\/strong>&nbsp;para manifesta\u00e7\u00e3o.<\/p>\n\n\n\n<p>Este prazo poder\u00e1 sofrer altera\u00e7\u00e3o por motivo de for\u00e7a maior, no interesse da institui\u00e7\u00e3o.<\/p>\n\n\n\n<p>7. \u00c9 poss\u00edvel contactar o Comit\u00ea Cient\u00edfico para esclarecer itens do projeto de pesquisa?<\/p>\n\n\n\n<p>N\u00e3o. Na hip\u00f3tese do Comit\u00ea Cient\u00edfico necessitar de esclarecimentos e\/ou altera\u00e7\u00e3o de informa\u00e7\u00f5es, o pesquisador ser\u00e1 notificado pelo e-mail informado para manifesta\u00e7\u00e3o, tendo um prazo m\u00e1ximo de&nbsp;<strong>at\u00e9 30 (trinta) dias&nbsp;<\/strong>para realizar, por escrito, as altera\u00e7\u00f5es solicitadas, sob pena de arquivamento da solicita\u00e7\u00e3o.<\/p>\n\n\n\n<p>8. O que fazer na hip\u00f3tese de altera\u00e7\u00e3o no cronograma de atividades da pesquisa?<\/p>\n\n\n\n<p>O pesquisador deve informar ao NUPES, enviando mensagem para o e-mail:&nbsp;<a href=\"mailto:nupes.semsa@manaus.am.gov.br\">nupes.semsa@manaus.am.gov.br<\/a>.<\/p>\n\n\n\n<p>9. Como proceder no t\u00e9rmino da pesquisa?<\/p>\n\n\n\n<p>O pesquisador dever\u00e1 informar ao NUPES que finalizou sua pesquisa, solicitar o formul\u00e1rio de \u201cRelat\u00f3rio de resultados da pesquisa\u201d, preench\u00ea-lo e devolver para o NUPES:&nbsp;<a href=\"mailto:nupes.semsa@manaus.am.gov.br\">nupes.semsa@manaus.am.gov.br<\/a>.<\/p>\n\n\n\n<p>O pesquisador ainda se compromete em apresentar os resultados da sua pesquisa na Mostra Cient\u00edfica promovida, anualmente, pela ESAP\/SEMSA e em submeter o resumo de seu trabalho de pesquisa para os anais do referido evento.<\/p>\n\n\n\n<p>\u00c9 obrigat\u00f3ria, tamb\u00e9m, a refer\u00eancia nos agradecimentos ao apoio prestado pela Secretaria Municipal de Sa\u00fade em todas as formas de divulga\u00e7\u00e3o, como nas publica\u00e7\u00f5es cient\u00edficas e nos trabalhos apresentados em eventos de qualquer natureza e meio de comunica\u00e7\u00e3o.<\/p>\n\n\n\n<p><strong>Agora que voc\u00ea j\u00e1 sabe como funciona a submiss\u00e3o de pesquisa na SEMSA\/ESAP, clique no link<\/strong>:&nbsp;<a href=\"https:\/\/forms.gle\/ewbcjJPqNiks8vmP9\">https:\/\/forms.gle\/ewbcjJPqNiks8vmP9<\/a>.<\/p>\n\n\n\n<p><strong>ATEN\u00c7\u00c3O!!!!<\/strong><\/p>\n\n\n\n<p>1.&nbsp;Para pesquisas cient\u00edficas em Unidade B\u00e1sica de Sa\u00fade Fluvial (UBSFluvial), o pesquisador dever\u00e1 observar todas as normas de submiss\u00e3o de pesquisa, e ainda, providenciar: C\u00f3pia de Seguro Individual contra acidentes pessoais, crach\u00e1 com foto (nome do pesquisador, nome da Institui\u00e7\u00e3o de Ensino), c\u00f3pia da carteira de vacina atualizada (febre amarela, hepatite B,dupla e tr\u00edplice viral) e&nbsp;<a href=\"https:\/\/www.manaus.am.gov.br\/semsa\/wp-content\/uploads\/sites\/8\/2024\/05\/Termo-de-Compromisso-de-Pesquisa-Cientifica-em-Unidade-Fluvial.pdf\">Termo de Compromisso de Pesquisa Cient\u00edfica em Unidade Fluvial<\/a>, que dever\u00e3o ser encaminhados para o email:<br><a href=\"mailto:nupes.semsa@manaus.am.gov.br\">nupes.semsa@manaus.am.gov.br<\/a><\/p>\n\n\n\n<p><\/p>\n\n\n\n<p><strong>Para esclarecimentos ou mais informa\u00e7\u00f5es:<\/strong><\/p>\n\n\n\n<p><a href=\"mailto:nupes.semsa@manaus.am.gov.br\">nupes.semsa@manaus.am.gov.br<\/a><\/p>\n\n\n\n<p>Fone: (92) 98842-8247<\/p>\n","protected":false},"excerpt":{"rendered":"","protected":false},"author":8,"featured_media":0,"parent":215254,"menu_order":0,"comment_status":"closed","ping_status":"closed","template":"templates\/turismo.php","meta":{"footnotes":""},"acf":[],"yoast_head":"<!-- This site is optimized with the Yoast SEO plugin v23.0 - https:\/\/yoast.com\/wordpress\/plugins\/seo\/ -->\n<title>Pesquisa Cient\u00edfica - SEMSA<\/title>\n<meta name=\"robots\" content=\"index, follow, max-snippet:-1, max-image-preview:large, max-video-preview:-1\" \/>\n<link rel=\"canonical\" href=\"https:\/\/www.manaus.am.gov.br\/semsa\/escola-de-saude-publica\/pesquisa-e-extensao\/pesquisa-cientifica\/\" \/>\n<meta property=\"og:locale\" content=\"pt_BR\" \/>\n<meta property=\"og:type\" content=\"article\" \/>\n<meta property=\"og:title\" content=\"Pesquisa Cient\u00edfica - SEMSA\" \/>\n<meta property=\"og:url\" content=\"https:\/\/www.manaus.am.gov.br\/semsa\/escola-de-saude-publica\/pesquisa-e-extensao\/pesquisa-cientifica\/\" \/>\n<meta property=\"og:site_name\" content=\"SEMSA\" \/>\n<meta property=\"article:modified_time\" content=\"2024-05-15T20:30:11+00:00\" \/>\n<meta property=\"og:image\" content=\"https:\/\/www.manaus.am.gov.br\/semsa\/wp-content\/uploads\/sites\/8\/2024\/07\/thumb-default-2.png\" \/>\n\t<meta property=\"og:image:width\" content=\"966\" \/>\n\t<meta property=\"og:image:height\" content=\"520\" \/>\n\t<meta property=\"og:image:type\" content=\"image\/png\" \/>\n<meta name=\"twitter:card\" content=\"summary_large_image\" \/>\n<meta name=\"twitter:label1\" content=\"Est. reading time\" \/>\n\t<meta name=\"twitter:data1\" content=\"4 minutos\" \/>\n<script type=\"application\/ld+json\" class=\"yoast-schema-graph\">{\"@context\":\"https:\/\/schema.org\",\"@graph\":[{\"@type\":\"WebPage\",\"@id\":\"https:\/\/www.manaus.am.gov.br\/semsa\/escola-de-saude-publica\/pesquisa-e-extensao\/pesquisa-cientifica\/\",\"url\":\"https:\/\/www.manaus.am.gov.br\/semsa\/escola-de-saude-publica\/pesquisa-e-extensao\/pesquisa-cientifica\/\",\"name\":\"Pesquisa Cient\u00edfica - SEMSA\",\"isPartOf\":{\"@id\":\"https:\/\/www.manaus.am.gov.br\/semsa\/#website\"},\"datePublished\":\"2024-04-30T16:04:55+00:00\",\"dateModified\":\"2024-05-15T20:30:11+00:00\",\"breadcrumb\":{\"@id\":\"https:\/\/www.manaus.am.gov.br\/semsa\/escola-de-saude-publica\/pesquisa-e-extensao\/pesquisa-cientifica\/#breadcrumb\"},\"inLanguage\":\"pt-BR\",\"potentialAction\":[{\"@type\":\"ReadAction\",\"target\":[\"https:\/\/www.manaus.am.gov.br\/semsa\/escola-de-saude-publica\/pesquisa-e-extensao\/pesquisa-cientifica\/\"]}]},{\"@type\":\"BreadcrumbList\",\"@id\":\"https:\/\/www.manaus.am.gov.br\/semsa\/escola-de-saude-publica\/pesquisa-e-extensao\/pesquisa-cientifica\/#breadcrumb\",\"itemListElement\":[{\"@type\":\"ListItem\",\"position\":1,\"name\":\"Escola de Sa\u00fade P\u00fablica (Esap)\",\"item\":\"https:\/\/www.manaus.am.gov.br\/semsa\/escola-de-saude-publica\/\"},{\"@type\":\"ListItem\",\"position\":2,\"name\":\"Pesquisa e Extens\u00e3o\",\"item\":\"https:\/\/www.manaus.am.gov.br\/semsa\/escola-de-saude-publica\/pesquisa-e-extensao\/\"},{\"@type\":\"ListItem\",\"position\":3,\"name\":\"Pesquisa Cient\u00edfica\"}]},{\"@type\":\"WebSite\",\"@id\":\"https:\/\/www.manaus.am.gov.br\/semsa\/#website\",\"url\":\"https:\/\/www.manaus.am.gov.br\/semsa\/\",\"name\":\"SEMSA\",\"description\":\"Secretaria Municipal de Sa\u00fade\",\"alternateName\":\"Secretaria Municipal de Sa\u00fade\",\"potentialAction\":[{\"@type\":\"SearchAction\",\"target\":{\"@type\":\"EntryPoint\",\"urlTemplate\":\"https:\/\/www.manaus.am.gov.br\/semsa\/?s={search_term_string}\"},\"query-input\":\"required name=search_term_string\"}],\"inLanguage\":\"pt-BR\"}]}<\/script>\n<!-- \/ Yoast SEO plugin. -->","yoast_head_json":{"title":"Pesquisa Cient\u00edfica - SEMSA","robots":{"index":"index","follow":"follow","max-snippet":"max-snippet:-1","max-image-preview":"max-image-preview:large","max-video-preview":"max-video-preview:-1"},"canonical":"https:\/\/www.manaus.am.gov.br\/semsa\/escola-de-saude-publica\/pesquisa-e-extensao\/pesquisa-cientifica\/","og_locale":"pt_BR","og_type":"article","og_title":"Pesquisa Cient\u00edfica - SEMSA","og_url":"https:\/\/www.manaus.am.gov.br\/semsa\/escola-de-saude-publica\/pesquisa-e-extensao\/pesquisa-cientifica\/","og_site_name":"SEMSA","article_modified_time":"2024-05-15T20:30:11+00:00","og_image":[{"width":966,"height":520,"url":"https:\/\/www.manaus.am.gov.br\/semsa\/wp-content\/uploads\/sites\/8\/2024\/07\/thumb-default-2.png","type":"image\/png"}],"twitter_card":"summary_large_image","twitter_misc":{"Est. reading time":"4 minutos"},"schema":{"@context":"https:\/\/schema.org","@graph":[{"@type":"WebPage","@id":"https:\/\/www.manaus.am.gov.br\/semsa\/escola-de-saude-publica\/pesquisa-e-extensao\/pesquisa-cientifica\/","url":"https:\/\/www.manaus.am.gov.br\/semsa\/escola-de-saude-publica\/pesquisa-e-extensao\/pesquisa-cientifica\/","name":"Pesquisa Cient\u00edfica - SEMSA","isPartOf":{"@id":"https:\/\/www.manaus.am.gov.br\/semsa\/#website"},"datePublished":"2024-04-30T16:04:55+00:00","dateModified":"2024-05-15T20:30:11+00:00","breadcrumb":{"@id":"https:\/\/www.manaus.am.gov.br\/semsa\/escola-de-saude-publica\/pesquisa-e-extensao\/pesquisa-cientifica\/#breadcrumb"},"inLanguage":"pt-BR","potentialAction":[{"@type":"ReadAction","target":["https:\/\/www.manaus.am.gov.br\/semsa\/escola-de-saude-publica\/pesquisa-e-extensao\/pesquisa-cientifica\/"]}]},{"@type":"BreadcrumbList","@id":"https:\/\/www.manaus.am.gov.br\/semsa\/escola-de-saude-publica\/pesquisa-e-extensao\/pesquisa-cientifica\/#breadcrumb","itemListElement":[{"@type":"ListItem","position":1,"name":"Escola de Sa\u00fade P\u00fablica (Esap)","item":"https:\/\/www.manaus.am.gov.br\/semsa\/escola-de-saude-publica\/"},{"@type":"ListItem","position":2,"name":"Pesquisa e Extens\u00e3o","item":"https:\/\/www.manaus.am.gov.br\/semsa\/escola-de-saude-publica\/pesquisa-e-extensao\/"},{"@type":"ListItem","position":3,"name":"Pesquisa Cient\u00edfica"}]},{"@type":"WebSite","@id":"https:\/\/www.manaus.am.gov.br\/semsa\/#website","url":"https:\/\/www.manaus.am.gov.br\/semsa\/","name":"SEMSA","description":"Secretaria Municipal de Sa\u00fade","alternateName":"Secretaria Municipal de Sa\u00fade","potentialAction":[{"@type":"SearchAction","target":{"@type":"EntryPoint","urlTemplate":"https:\/\/www.manaus.am.gov.br\/semsa\/?s={search_term_string}"},"query-input":"required name=search_term_string"}],"inLanguage":"pt-BR"}]}},"_links":{"self":[{"href":"https:\/\/www.manaus.am.gov.br\/semsa\/wp-json\/wp\/v2\/pages\/215256"}],"collection":[{"href":"https:\/\/www.manaus.am.gov.br\/semsa\/wp-json\/wp\/v2\/pages"}],"about":[{"href":"https:\/\/www.manaus.am.gov.br\/semsa\/wp-json\/wp\/v2\/types\/page"}],"author":[{"embeddable":true,"href":"https:\/\/www.manaus.am.gov.br\/semsa\/wp-json\/wp\/v2\/users\/8"}],"replies":[{"embeddable":true,"href":"https:\/\/www.manaus.am.gov.br\/semsa\/wp-json\/wp\/v2\/comments?post=215256"}],"version-history":[{"count":5,"href":"https:\/\/www.manaus.am.gov.br\/semsa\/wp-json\/wp\/v2\/pages\/215256\/revisions"}],"predecessor-version":[{"id":215739,"href":"https:\/\/www.manaus.am.gov.br\/semsa\/wp-json\/wp\/v2\/pages\/215256\/revisions\/215739"}],"up":[{"embeddable":true,"href":"https:\/\/www.manaus.am.gov.br\/semsa\/wp-json\/wp\/v2\/pages\/215254"}],"wp:attachment":[{"href":"https:\/\/www.manaus.am.gov.br\/semsa\/wp-json\/wp\/v2\/media?parent=215256"}],"curies":[{"name":"wp","href":"https:\/\/api.w.org\/{rel}","templated":true}]}}