{"id":215231,"date":"2024-04-30T11:58:55","date_gmt":"2024-04-30T15:58:55","guid":{"rendered":"https:\/\/www.manaus.am.gov.br\/semsa\/?page_id=215231"},"modified":"2025-06-25T15:28:38","modified_gmt":"2025-06-25T19:28:38","slug":"legislacoes","status":"publish","type":"page","link":"https:\/\/www.manaus.am.gov.br\/semsa\/escola-de-saude-publica\/legislacoes\/","title":{"rendered":"Legisla\u00e7\u00f5es"},"content":{"rendered":"\n<p><a href=\"https:\/\/www.manaus.am.gov.br\/semsa\/wp-content\/uploads\/sites\/8\/2024\/04\/1.-Lei-2.320-cria-a-ESAP.pdf\" target=\"_blank\" rel=\"noreferrer noopener\">Lei 2.320\/18 \u2013 Cria\u00e7\u00e3o da Escola de Sa\u00fade P\u00fablica de Manaus<\/a><\/p>\n\n\n\n<p><\/p>\n\n\n\n<p><a href=\"https:\/\/www.manaus.am.gov.br\/semsa\/wp-content\/uploads\/sites\/8\/2024\/04\/2.-Portaria-no-591-18-Regimento-Interno-ESAP.pdf\" target=\"_blank\" rel=\"noreferrer noopener\">Portaria n\u00ba 591\/2018-ESAP\/SEMSA \u2013 Aprova Regimento Interno da ESAP<\/a><\/p>\n\n\n\n<p><\/p>\n\n\n\n<p><a href=\"https:\/\/www.manaus.am.gov.br\/semsa\/wp-content\/uploads\/sites\/8\/2024\/04\/3.-Portaria-394-20-Regimento-PLANEC.pdf\" target=\"_blank\" rel=\"noreferrer noopener\">Portaria n\u00ba 394\/2020-ESAP\/SEMSA \u2013 Regulamenta o Plano de Est\u00e1gio Curricular do Curso de Medicina-PLANEC-Medicina<\/a><\/p>\n\n\n\n<p><\/p>\n\n\n\n<p><a href=\"https:\/\/www.manaus.am.gov.br\/semsa\/wp-content\/uploads\/sites\/8\/2024\/04\/4.-Portaria-036-21-Bolsistas-devem-cumprir-a-legislacao-vigente.pdf\" target=\"_blank\" rel=\"noreferrer noopener\">Portaria n\u00ba 036\/2021-ESAP\/SEMSA \u2013 Bolsistas submetidos a legisla\u00e7\u00e3o vigente<\/a><\/p>\n\n\n\n<p><\/p>\n\n\n\n<p><a href=\"https:\/\/www.manaus.am.gov.br\/semsa\/wp-content\/uploads\/sites\/8\/2024\/04\/5.-Portaria-042-2022-Atualiza-o-PROEXT.pdf\" target=\"_blank\" rel=\"noreferrer noopener\">Portaria n\u00ba 042\/2022-ESAP\/SEMSA \u2013 Atualiza o PROEXT SA\u00daDE<\/a><\/p>\n\n\n\n<p><\/p>\n\n\n\n<p><a href=\"https:\/\/www.manaus.am.gov.br\/semsa\/wp-content\/uploads\/sites\/8\/2024\/04\/6.-INSTRUCAO-NORMATIVA-001_2022-SUBMISSAO-DE-PROPOSTAS-EDUCACAO-PERMANENTE-1.pdf\" target=\"_blank\" rel=\"noreferrer noopener\">Instru\u00e7\u00e3o Normativa n\u00ba 001\/2022-ESAP\/SEMSA \u2013 Disp\u00f5e sobre os procedimentos para submiss\u00e3o de propostas e projetos relacionados \u00e0 Educa\u00e7\u00e3o Permanente<\/a><\/p>\n\n\n\n<p><\/p>\n\n\n\n<p><a href=\"https:\/\/www.manaus.am.gov.br\/semsa\/wp-content\/uploads\/sites\/8\/2024\/04\/7.-Portaria-253_2022-PAIC-Comissao.pdf\" target=\"_blank\" rel=\"noreferrer noopener\">Portaria n\u00ba 253\/2022-ESAP\/SEMSA \u2013 Institui o Comit\u00ea Institucional de Inicia\u00e7\u00e3o Cient\u00edfica da SEMSA-PAIC<\/a><\/p>\n\n\n\n<p><\/p>\n\n\n\n<p><a href=\"https:\/\/www.manaus.am.gov.br\/semsa\/wp-content\/uploads\/sites\/8\/2024\/04\/8.-PORTARIA-709-2022-ESAP_ALTERA-COMPOSICAO-DA-COM-PROC-SELECAO-PUBLICA-DOM-5489.pdf\" target=\"_blank\" rel=\"noreferrer noopener\">Portaria n\u00ba 709\/2022-ESAP\/SEMSA \u2013 Atualiza Comiss\u00e3o Processo Seletivo<\/a><\/p>\n\n\n\n<p><\/p>\n\n\n\n<p><a href=\"https:\/\/www.manaus.am.gov.br\/semsa\/wp-content\/uploads\/sites\/8\/2024\/04\/9.-PORTARIA-No-175_2023-ESAP_SEMSA-ATUALIZA-O-PROMAIS.pdf\" target=\"_blank\" rel=\"noreferrer noopener\">Portaria n\u00ba 175\/2023-ESAP\/SEMSA \u2013 Atualiza o PROMAIS<\/a><\/p>\n\n\n\n<p><\/p>\n\n\n\n<p><a href=\"https:\/\/www.manaus.am.gov.br\/semsa\/wp-content\/uploads\/sites\/8\/2024\/04\/10.-PORTARIA-268-2023_Atualizacao-COLEGIADO-ESAP.pdf\" target=\"_blank\" rel=\"noreferrer noopener\">Portaria n\u00ba 268\/2023-ESAP\/SEMSA \u2013 Altera o Colegiado da ESAP<\/a><\/p>\n\n\n\n<p><\/p>\n\n\n\n<p><a href=\"https:\/\/www.manaus.am.gov.br\/semsa\/wp-content\/uploads\/sites\/8\/2024\/04\/11.-PORTARIA-No-320-2023-ESAP-SEMSA-ALTERA-COMPOSICAO-DO-CONSELHO-CONSULTIVO-ESAP.pdf\" target=\"_blank\" rel=\"noreferrer noopener\">Portaria n\u00ba 320\/2023-ESAP\/SEMSA \u2013 Altera a composi\u00e7\u00e3o do Conselho Consultivo<\/a><\/p>\n\n\n\n<p><\/p>\n\n\n\n<p><a href=\"https:\/\/www.manaus.am.gov.br\/semsa\/wp-content\/uploads\/sites\/8\/2024\/04\/12.-PORTARIA-No-390_2023-ESAP_SEMSA-COMPOSICAO-COMITE-CIENTIFICO-DOM-5612-23.06.2023.pdf\" target=\"_blank\" rel=\"noreferrer noopener\">Portaria n\u00ba 390\/2023-ESAP\/SEMSA \u2013 Composi\u00e7\u00e3o do Comit\u00ea Cient\u00edfico da ESAP<\/a><\/p>\n\n\n\n<p><\/p>\n\n\n\n<p><a href=\"https:\/\/www.manaus.am.gov.br\/semsa\/wp-content\/uploads\/sites\/8\/2024\/04\/13.-PORTARIA-No-392_2023-ESAP_SEMSA-REGIMENTO-INTERNO-DO-COLEGIADO-ESAP.pdf\" target=\"_blank\" rel=\"noreferrer noopener\">Portaria n\u00ba 392\/2023-ESAP\/SEMSA \u2013 Aprova Regimento Interno do Colegiado da ESAP<\/a><\/p>\n\n\n\n<p><\/p>\n\n\n\n<p><a href=\"https:\/\/www.manaus.am.gov.br\/semsa\/wp-content\/uploads\/sites\/8\/2025\/02\/Portaria-0110_2025-Regulamentacao-Estagio-Curricular-Obrigatorio.pdf\">Portaria 0110\/2025 \u2013 Regulamenta\u00e7\u00e3o Est\u00e1gio Curricular Obrigat\u00f3rio<\/a><\/p>\n\n\n\n<p><\/p>\n\n\n\n<p><a href=\"https:\/\/www.manaus.am.gov.br\/semsa\/wp-content\/uploads\/sites\/8\/2025\/02\/Instrucao-Normativa-001_2025-Procedimentos-para-Formalizacao.pdf\">Instru\u00e7\u00e3o Normativa 001\/2025 \u2013 Procedimentos para Formaliza\u00e7\u00e3o<\/a><\/p>\n","protected":false},"excerpt":{"rendered":"","protected":false},"author":8,"featured_media":0,"parent":208859,"menu_order":0,"comment_status":"closed","ping_status":"closed","template":"templates\/turismo.php","meta":{"footnotes":""},"acf":[],"yoast_head":"<!-- This site is optimized with the Yoast SEO plugin v23.0 - https:\/\/yoast.com\/wordpress\/plugins\/seo\/ -->\n<title>Legisla\u00e7\u00f5es - SEMSA<\/title>\n<meta name=\"robots\" content=\"index, follow, max-snippet:-1, max-image-preview:large, max-video-preview:-1\" \/>\n<link rel=\"canonical\" href=\"https:\/\/www.manaus.am.gov.br\/semsa\/escola-de-saude-publica\/legislacoes\/\" \/>\n<meta property=\"og:locale\" content=\"pt_BR\" \/>\n<meta property=\"og:type\" content=\"article\" \/>\n<meta property=\"og:title\" content=\"Legisla\u00e7\u00f5es - SEMSA\" \/>\n<meta property=\"og:url\" content=\"https:\/\/www.manaus.am.gov.br\/semsa\/escola-de-saude-publica\/legislacoes\/\" \/>\n<meta property=\"og:site_name\" content=\"SEMSA\" \/>\n<meta property=\"article:modified_time\" content=\"2025-06-25T19:28:38+00:00\" \/>\n<meta property=\"og:image\" content=\"https:\/\/www.manaus.am.gov.br\/semsa\/wp-content\/uploads\/sites\/8\/2024\/07\/thumb-default-2.png\" \/>\n\t<meta property=\"og:image:width\" content=\"966\" \/>\n\t<meta property=\"og:image:height\" content=\"520\" \/>\n\t<meta property=\"og:image:type\" content=\"image\/png\" \/>\n<meta name=\"twitter:card\" content=\"summary_large_image\" \/>\n<meta name=\"twitter:label1\" content=\"Est. reading time\" \/>\n\t<meta name=\"twitter:data1\" content=\"1 minuto\" \/>\n<script type=\"application\/ld+json\" class=\"yoast-schema-graph\">{\"@context\":\"https:\/\/schema.org\",\"@graph\":[{\"@type\":\"WebPage\",\"@id\":\"https:\/\/www.manaus.am.gov.br\/semsa\/escola-de-saude-publica\/legislacoes\/\",\"url\":\"https:\/\/www.manaus.am.gov.br\/semsa\/escola-de-saude-publica\/legislacoes\/\",\"name\":\"Legisla\u00e7\u00f5es - SEMSA\",\"isPartOf\":{\"@id\":\"https:\/\/www.manaus.am.gov.br\/semsa\/#website\"},\"datePublished\":\"2024-04-30T15:58:55+00:00\",\"dateModified\":\"2025-06-25T19:28:38+00:00\",\"breadcrumb\":{\"@id\":\"https:\/\/www.manaus.am.gov.br\/semsa\/escola-de-saude-publica\/legislacoes\/#breadcrumb\"},\"inLanguage\":\"pt-BR\",\"potentialAction\":[{\"@type\":\"ReadAction\",\"target\":[\"https:\/\/www.manaus.am.gov.br\/semsa\/escola-de-saude-publica\/legislacoes\/\"]}]},{\"@type\":\"BreadcrumbList\",\"@id\":\"https:\/\/www.manaus.am.gov.br\/semsa\/escola-de-saude-publica\/legislacoes\/#breadcrumb\",\"itemListElement\":[{\"@type\":\"ListItem\",\"position\":1,\"name\":\"Escola de Sa\u00fade P\u00fablica (Esap)\",\"item\":\"https:\/\/www.manaus.am.gov.br\/semsa\/escola-de-saude-publica\/\"},{\"@type\":\"ListItem\",\"position\":2,\"name\":\"Legisla\u00e7\u00f5es\"}]},{\"@type\":\"WebSite\",\"@id\":\"https:\/\/www.manaus.am.gov.br\/semsa\/#website\",\"url\":\"https:\/\/www.manaus.am.gov.br\/semsa\/\",\"name\":\"SEMSA\",\"description\":\"Secretaria Municipal de Sa\u00fade\",\"alternateName\":\"Secretaria Municipal de Sa\u00fade\",\"potentialAction\":[{\"@type\":\"SearchAction\",\"target\":{\"@type\":\"EntryPoint\",\"urlTemplate\":\"https:\/\/www.manaus.am.gov.br\/semsa\/?s={search_term_string}\"},\"query-input\":\"required name=search_term_string\"}],\"inLanguage\":\"pt-BR\"}]}<\/script>\n<!-- \/ Yoast SEO plugin. -->","yoast_head_json":{"title":"Legisla\u00e7\u00f5es - SEMSA","robots":{"index":"index","follow":"follow","max-snippet":"max-snippet:-1","max-image-preview":"max-image-preview:large","max-video-preview":"max-video-preview:-1"},"canonical":"https:\/\/www.manaus.am.gov.br\/semsa\/escola-de-saude-publica\/legislacoes\/","og_locale":"pt_BR","og_type":"article","og_title":"Legisla\u00e7\u00f5es - SEMSA","og_url":"https:\/\/www.manaus.am.gov.br\/semsa\/escola-de-saude-publica\/legislacoes\/","og_site_name":"SEMSA","article_modified_time":"2025-06-25T19:28:38+00:00","og_image":[{"width":966,"height":520,"url":"https:\/\/www.manaus.am.gov.br\/semsa\/wp-content\/uploads\/sites\/8\/2024\/07\/thumb-default-2.png","type":"image\/png"}],"twitter_card":"summary_large_image","twitter_misc":{"Est. reading time":"1 minuto"},"schema":{"@context":"https:\/\/schema.org","@graph":[{"@type":"WebPage","@id":"https:\/\/www.manaus.am.gov.br\/semsa\/escola-de-saude-publica\/legislacoes\/","url":"https:\/\/www.manaus.am.gov.br\/semsa\/escola-de-saude-publica\/legislacoes\/","name":"Legisla\u00e7\u00f5es - SEMSA","isPartOf":{"@id":"https:\/\/www.manaus.am.gov.br\/semsa\/#website"},"datePublished":"2024-04-30T15:58:55+00:00","dateModified":"2025-06-25T19:28:38+00:00","breadcrumb":{"@id":"https:\/\/www.manaus.am.gov.br\/semsa\/escola-de-saude-publica\/legislacoes\/#breadcrumb"},"inLanguage":"pt-BR","potentialAction":[{"@type":"ReadAction","target":["https:\/\/www.manaus.am.gov.br\/semsa\/escola-de-saude-publica\/legislacoes\/"]}]},{"@type":"BreadcrumbList","@id":"https:\/\/www.manaus.am.gov.br\/semsa\/escola-de-saude-publica\/legislacoes\/#breadcrumb","itemListElement":[{"@type":"ListItem","position":1,"name":"Escola de Sa\u00fade P\u00fablica (Esap)","item":"https:\/\/www.manaus.am.gov.br\/semsa\/escola-de-saude-publica\/"},{"@type":"ListItem","position":2,"name":"Legisla\u00e7\u00f5es"}]},{"@type":"WebSite","@id":"https:\/\/www.manaus.am.gov.br\/semsa\/#website","url":"https:\/\/www.manaus.am.gov.br\/semsa\/","name":"SEMSA","description":"Secretaria Municipal de Sa\u00fade","alternateName":"Secretaria Municipal de Sa\u00fade","potentialAction":[{"@type":"SearchAction","target":{"@type":"EntryPoint","urlTemplate":"https:\/\/www.manaus.am.gov.br\/semsa\/?s={search_term_string}"},"query-input":"required name=search_term_string"}],"inLanguage":"pt-BR"}]}},"_links":{"self":[{"href":"https:\/\/www.manaus.am.gov.br\/semsa\/wp-json\/wp\/v2\/pages\/215231"}],"collection":[{"href":"https:\/\/www.manaus.am.gov.br\/semsa\/wp-json\/wp\/v2\/pages"}],"about":[{"href":"https:\/\/www.manaus.am.gov.br\/semsa\/wp-json\/wp\/v2\/types\/page"}],"author":[{"embeddable":true,"href":"https:\/\/www.manaus.am.gov.br\/semsa\/wp-json\/wp\/v2\/users\/8"}],"replies":[{"embeddable":true,"href":"https:\/\/www.manaus.am.gov.br\/semsa\/wp-json\/wp\/v2\/comments?post=215231"}],"version-history":[{"count":5,"href":"https:\/\/www.manaus.am.gov.br\/semsa\/wp-json\/wp\/v2\/pages\/215231\/revisions"}],"predecessor-version":[{"id":224001,"href":"https:\/\/www.manaus.am.gov.br\/semsa\/wp-json\/wp\/v2\/pages\/215231\/revisions\/224001"}],"up":[{"embeddable":true,"href":"https:\/\/www.manaus.am.gov.br\/semsa\/wp-json\/wp\/v2\/pages\/208859"}],"wp:attachment":[{"href":"https:\/\/www.manaus.am.gov.br\/semsa\/wp-json\/wp\/v2\/media?parent=215231"}],"curies":[{"name":"wp","href":"https:\/\/api.w.org\/{rel}","templated":true}]}}