{"id":215194,"date":"2024-07-12T11:07:46","date_gmt":"2024-07-12T15:07:46","guid":{"rendered":"https:\/\/www.manaus.am.gov.br\/semsa\/?page_id=215194"},"modified":"2025-09-09T09:32:32","modified_gmt":"2025-09-09T13:32:32","slug":"pos-graduacao","status":"publish","type":"page","link":"https:\/\/www.manaus.am.gov.br\/semsa\/escola-de-saude-publica\/pos-graduacao\/","title":{"rendered":"P\u00f3s-gradua\u00e7\u00e3o"},"content":{"rendered":"\n<h2 class=\"wp-block-heading\"><strong>1 \u2013 LATO SENSU<\/strong><\/h2>\n\n\n\n<h3 class=\"wp-block-heading\"><strong>RESID\u00caNCIAS<\/strong><strong><\/strong><\/h3>\n\n\n\n<h3 class=\"wp-block-heading\"><strong>Resid\u00eancia de Medicina de Fam\u00edlia e Comunidade<\/strong><\/h3>\n\n\n\n<p>O Projeto da Resid\u00eancia de Medicina de Fam\u00edlia e Comunidade Semsa (PRMMFC\/Semsa) foi iniciado em 2010, com o matriciamento feito pela Pontif\u00edcia Universidade Cat\u00f3lica do Paran\u00e1 \u2013 PUCPR, e apoio da Universidade do Estado do Amazonas \u2013 UEA. Em 2012, ap\u00f3s aprova\u00e7\u00e3o pela Comiss\u00e3o Nacional de Resid\u00eancia M\u00e9dica, iniciou suas atividades com 08 vagas credenciadas, sendo a bolsa do residente subsidiada pelo Minist\u00e9rio da Sa\u00fade, atrav\u00e9s do Pr\u00f3\u2013Resid\u00eancia.<\/p>\n\n\n\n<p>Em 2015 houve um aumento de 08 para 12 vagas credenciadas e a partir de 2019 o Programa come\u00e7a a expandir seu n\u00famero de vagas, oferecendo atualmente 30 vagas para residentes do primeiro ano. As vagas s\u00e3o ofertadas por meio de edital p\u00fablico.<\/p>\n\n\n\n<p>O PRMMFC\/Semsa completou, em 2022, sua primeira d\u00e9cada de atividades, formando neste per\u00edodo um total de 51 m\u00e9dicos de fam\u00edlia e comunidade. Os residentes s\u00e3o inseridos em equipes da Estrat\u00e9gia Sa\u00fade da Fam\u00edlia e em unidades qualificadas para o desenvolvimento de atividades de integra\u00e7\u00e3o ensino\u2013servi\u00e7o\u2013 comunidade durante 02 anos. Dentre os campos de pr\u00e1tica destaca\u2013se a Cl\u00ednica da Fam\u00edlia Desembargador F\u00e1bio do Couto Valle, situada no bairro Jorge Teixeira, que \u00e9 projeto\u2013piloto de unidade formadora para a Aten\u00e7\u00e3o Prim\u00e1ria \u00e0 Sa\u00fade e cuja equipe m\u00e9dica \u00e9 composta exclusivamente de m\u00e9dicos de fam\u00edlia e comunidade e residentes do PRMMFC\/Semsa.<\/p>\n\n\n\n<p><strong>Supervisor:<\/strong>&nbsp;Frederico Germano Lopes Cavalcante.<\/p>\n\n\n\n<h3 class=\"wp-block-heading\"><strong>Resid\u00eancia em Enfermagem de Fam\u00edlia e Comunidade<\/strong><\/h3>\n\n\n\n<p>O Programa de Resid\u00eancia em Enfermagem de Fam\u00edlia e Comunidade da Escola de Sa\u00fade P\u00fablica de Manaus (ESAP) foi institu\u00eddo em 2025, com o objetivo de formar especialistas em enfermagem a partir da integra\u00e7\u00e3o ensino\u2013servi\u00e7o\u2013comunidade, voltados para as demandas da Aten\u00e7\u00e3o Prim\u00e1ria \u00e0 Sa\u00fade (APS).<\/p>\n\n\n\n<p>O programa \u00e9 regulamentado pela Comiss\u00e3o Nacional de Resid\u00eancia Multiprofissional em Sa\u00fade (CNRMS), tem dura\u00e7\u00e3o de dois anos, em regime de dedica\u00e7\u00e3o exclusiva e oferta 08 vagas anuais, com bolsa subsidiada pelo Minist\u00e9rio da Sa\u00fade, por meio do Pr\u00f3\u2013Resid\u00eancia.<\/p>\n\n\n\n<p>Conta com parcerias como a Associa\u00e7\u00e3o Brasileira de Enfermagem de Fam\u00edlia e Comunidade (ABEFACO) e Programa de Resid\u00eancia e Programa de Resid\u00eancia em Enfermagem de Fam\u00edlia e Comunidade (PREFC), da Secretaria Municipal de Sa\u00fade do Rio de Janeiro (SMS-Rio).<\/p>\n\n\n\n<p>Os residentes desenvolvem suas atividades prioritariamente em unidades de sa\u00fade da Aten\u00e7\u00e3o Prim\u00e1ria, participando de a\u00e7\u00f5es assistenciais, de gest\u00e3o, de educa\u00e7\u00e3o em sa\u00fade e de pesquisa, sob supervis\u00e3o de preceptores e tutores qualificados.<\/p>\n\n\n\n<p>As atividades te\u00f3ricas e pr\u00e1ticas s\u00e3o desenvolvidas de forma integrada com a <strong>Resid\u00eancia de Medicina de Fam\u00edlia e Comunidade<\/strong><strong>,<\/strong> favorecendo o trabalho interprofissional, a constru\u00e7\u00e3o de saberes compartilhados e a atua\u00e7\u00e3o em equipe voltada para a resolutividade no cuidado \u00e0 sa\u00fade.<\/p>\n\n\n\n<p><strong>Supervisora: <\/strong>Tsiiary Duarte Pereira<\/p>\n\n\n\n<h3 class=\"wp-block-heading\"><strong>Comiss\u00e3o de Resid\u00eancia M\u00e9dica \u2013 COREME<\/strong><\/h3>\n\n\n\n<p>A Comiss\u00e3o de Resid\u00eancia M\u00e9dica foi institu\u00edda por meio da Portaria n\u00ba235\/2018 GABIN\/SEMSA em 24 de abril de 2018. A Comiss\u00e3o de Resid\u00eancia M\u00e9dica da Semsa Manaus \u00e9 uma inst\u00e2ncia de car\u00e1ter consultivo e deliberativo com representa\u00e7\u00e3o dos segmentos envolvidos em Programas de Resid\u00eancia M\u00e9dica, sendo subordinada \u00e0 Escola de Sa\u00fade P\u00fablica de Manaus\/ESAP no \u00e2mbito da Semsa.<\/p>\n\n\n\n<p>Outra de suas compet\u00eancias \u00e9 a atua\u00e7\u00e3o na interface com a Comiss\u00e3o Estadual de Resid\u00eancia M\u00e9dica do Amazonas\/CERMAM e a Comiss\u00e3o Nacional de Resid\u00eancia M\u00e9dica\/CNRM.<\/p>\n\n\n\n<p><strong>Coordenador:<\/strong> Mauro Magaldi Lins<\/p>\n\n\n\n<h3 class=\"wp-block-heading\"><strong>Comiss\u00e3o de Resid\u00eancia Multiprofissional \u2013 COREMU<\/strong><\/h3>\n\n\n\n<p>A Comiss\u00e3o de Resid\u00eancia Multiprofissional da Secretaria Municipal de Manaus \u2013 Semsa foi institu\u00edda em 16 de julho de 2018 pela Portaria n\u00ba 408\/2018\u2013ESAP\/SEMSA.<\/p>\n\n\n\n<p>A Comiss\u00e3o de Resid\u00eancia Multiprofissional \u2013 COREMU \u00e9 um colegiado competente para atuar na interface com a Comiss\u00e3o Nacional de Resid\u00eancia Multiprofissional em Sa\u00fade \u2013 CNRMS, sendo condicionante \u00e0 propositura de Programas de Resid\u00eancia Multiprofissional em Sa\u00fade (PRMS) e em \u00c1rea Profissional da Sa\u00fade (PRAPS). \u00c9 uma inst\u00e2ncia de car\u00e1ter deliberativo e consultivo com representa\u00e7\u00e3o dos segmentos envolvidos no planejamento, execu\u00e7\u00e3o e avalia\u00e7\u00e3o de PRMS e PRAPS, subordinada \u00e0 Escola de Sa\u00fade P\u00fablica de Manaus, no \u00e2mbito da Semsa, denominando\u2013se COREMU\/ESAP\/SEMSA.<\/p>\n\n\n\n<p><strong>Coordenadora:<\/strong> Paula Tatiana Costa<\/p>\n\n\n\n<h3 class=\"wp-block-heading\"><strong>ESPECIALIZA\u00c7\u00c3O<\/strong><\/h3>\n\n\n\n<h3 class=\"wp-block-heading\"><strong>Especializa\u00e7\u00e3o em Sa\u00fade da Fam\u00edlia e Comunidade \u2013<\/strong> <strong>Encerrado<\/strong><\/h3>\n\n\n\n<p>Realizado em parceria com a Universidade do Estado do Amazonas (UEA), destinado a profissionais m\u00e9dicos sem v\u00ednculo com a Secretaria Municipal de Sa\u00fade de Manaus (Semsa), com objetivo de fortalecer o Sistema \u00danico de Sa\u00fade (SUS) e contribuir para o aprimoramento desses profissionais que atuam diretamente no campo da aten\u00e7\u00e3o prim\u00e1ria \u00e0 sa\u00fade.<\/p>\n\n\n\n<p>O curso na modalidade tem carga hor\u00e1ria de 460h e dura\u00e7\u00e3o de 2 (dois) anos.<\/p>\n\n\n\n<p><strong>Coordenador Administrativo:<\/strong> Amanda Cardelis Lins<br><strong>Coordenador Pedag\u00f3gico:<\/strong> Jacqueline de Almeida Gon\u00e7alves Sachett.<\/p>\n\n\n\n<h3 class=\"wp-block-heading\"><strong>Especializa\u00e7\u00e3o em Sa\u00fade P\u00fablica com \u00eanfase em Estrat\u00e9gia Sa\u00fade da Fam\u00edlia \u2013 Em andamento<\/strong><\/h3>\n\n\n\n<p>Realizado em parceria com a Universidade do Estado do Amazonas (UEA), destinado aos trabalhadores da Sa\u00fade com ou sem v\u00ednculo com a Secretaria Municipal de Sa\u00fade de Manaus. O curso ter\u00e1 como foco a aplica\u00e7\u00e3o dos conhecimentos na sa\u00fade p\u00fablica nas pr\u00e1ticas do servi\u00e7o no \u00e2mbito do SUS, mais precisamente nos servi\u00e7os ofertados pela Secretaria Municipal de Sa\u00fade, considerando os determinantes da sa\u00fade, com \u00eanfase na aten\u00e7\u00e3o familiar e ser\u00e1 direcionado a profissionais de sa\u00fade graduados. O curso ter\u00e1 carga hor\u00e1ria de 3.744 horas, distribu\u00eddas em at\u00e9 24 meses.<\/p>\n\n\n\n<p><strong>Coordenador Administrativo:<\/strong> N\u00e1dia Cardoso Martins<br><strong>Coordenador Pedag\u00f3gico:<\/strong> Darlisom Sousa Ferreira<\/p>\n\n\n\n<h3 class=\"wp-block-heading\"><strong>Especializa\u00e7\u00e3o em Sa\u00fade P\u00fablica, com \u00eanfase na Interprofissionalidade \u2013 Encerrado<\/strong><\/h3>\n\n\n\n<p>Realizada em parceria com o Instituto Le\u00f4nidas e Maria Deane (ILMD\/Fiocruz Amaz\u00f4nia) e a Rede Brasileira de Escolas de Sa\u00fade P\u00fablica (RedEscola), destinado a profissionais da Secretaria Municipal de Sa\u00fade de Manaus. O curso apresenta como objetivo a forma\u00e7\u00e3o de sanitaristas qualificados na perspectiva interprofissional para gerar novos conhecimentos e atuar no territ\u00f3rio privilegiado da sa\u00fade, principalmente no \u00e2mbito da aten\u00e7\u00e3o prim\u00e1ria \u00e0 sa\u00fade.<\/p>\n\n\n\n<p>O curso ter\u00e1 carga hor\u00e1ria de 360 horas, distribu\u00eddas em 13 meses.<\/p>\n\n\n\n<p><strong>Coordenador Administrativo: <\/strong>Mateus Silva de Souza<br><strong>Coordenador Pedag\u00f3gico:<\/strong>&nbsp;J\u00falio Cesar Schweickardt<\/p>\n\n\n\n<h3 class=\"wp-block-heading\"><strong>2 \u2013 STRICTO SENSU<\/strong><\/h3>\n\n\n\n<h3 class=\"wp-block-heading\"><strong>MESTRADO<\/strong><strong><\/strong><\/h3>\n\n\n\n<p>Mestrado Profissional em Enfermagem em Sa\u00fade P\u00fablica Curso de Mestrado Profissional em Enfermagem em Sa\u00fade P\u00fablica da Universidade do Estado do Amazonas (UEA). Resultado da parceria entre a UEA e a Semsa Manaus, o Edital 091\/2021\u2013GR\/UEA ofereceu duas vagas para os candidatos interessados, como forma de valorizar e qualificar em n\u00edvel stricto sensu servidores enfermeiros da sa\u00fade municipal. A turma Profen 2022\u20132023 \u00e9 resultado do acordo CAPES\u2013COFEN e o Programa de Apoio \u00e0 P\u00f3s\u2013Gradua\u00e7\u00e3o da \u00e1rea de Enfermagem que objetiva capacitar profissionais para uma pr\u00e1tica transformadora, inovadora, t\u00e9cnica, social e politicamente competente, por meio do desenvolvimento de tecnologias de cuidado, sociais e educativas no Sistema \u00danico de Sa\u00fade (SUS).<\/p>\n","protected":false},"excerpt":{"rendered":"","protected":false},"author":8,"featured_media":0,"parent":208859,"menu_order":0,"comment_status":"closed","ping_status":"closed","template":"templates\/turismo.php","meta":{"footnotes":""},"acf":[],"yoast_head":"<!-- This site is optimized with the Yoast SEO plugin v23.0 - https:\/\/yoast.com\/wordpress\/plugins\/seo\/ -->\n<title>P\u00f3s-gradua\u00e7\u00e3o - SEMSA<\/title>\n<meta name=\"robots\" content=\"index, follow, max-snippet:-1, max-image-preview:large, max-video-preview:-1\" \/>\n<link rel=\"canonical\" href=\"https:\/\/www.manaus.am.gov.br\/semsa\/escola-de-saude-publica\/pos-graduacao\/\" \/>\n<meta property=\"og:locale\" content=\"pt_BR\" \/>\n<meta property=\"og:type\" content=\"article\" \/>\n<meta property=\"og:title\" content=\"P\u00f3s-gradua\u00e7\u00e3o - SEMSA\" \/>\n<meta property=\"og:url\" content=\"https:\/\/www.manaus.am.gov.br\/semsa\/escola-de-saude-publica\/pos-graduacao\/\" \/>\n<meta property=\"og:site_name\" content=\"SEMSA\" \/>\n<meta property=\"article:modified_time\" content=\"2025-09-09T13:32:32+00:00\" \/>\n<meta property=\"og:image\" content=\"https:\/\/www.manaus.am.gov.br\/semsa\/wp-content\/uploads\/sites\/8\/2024\/07\/thumb-default-2.png\" \/>\n\t<meta property=\"og:image:width\" content=\"966\" \/>\n\t<meta property=\"og:image:height\" content=\"520\" \/>\n\t<meta property=\"og:image:type\" content=\"image\/png\" \/>\n<meta name=\"twitter:card\" content=\"summary_large_image\" \/>\n<meta name=\"twitter:label1\" content=\"Est. reading time\" \/>\n\t<meta name=\"twitter:data1\" content=\"6 minutos\" \/>\n<script type=\"application\/ld+json\" class=\"yoast-schema-graph\">{\"@context\":\"https:\/\/schema.org\",\"@graph\":[{\"@type\":\"WebPage\",\"@id\":\"https:\/\/www.manaus.am.gov.br\/semsa\/escola-de-saude-publica\/pos-graduacao\/\",\"url\":\"https:\/\/www.manaus.am.gov.br\/semsa\/escola-de-saude-publica\/pos-graduacao\/\",\"name\":\"P\u00f3s-gradua\u00e7\u00e3o - SEMSA\",\"isPartOf\":{\"@id\":\"https:\/\/www.manaus.am.gov.br\/semsa\/#website\"},\"datePublished\":\"2024-07-12T15:07:46+00:00\",\"dateModified\":\"2025-09-09T13:32:32+00:00\",\"breadcrumb\":{\"@id\":\"https:\/\/www.manaus.am.gov.br\/semsa\/escola-de-saude-publica\/pos-graduacao\/#breadcrumb\"},\"inLanguage\":\"pt-BR\",\"potentialAction\":[{\"@type\":\"ReadAction\",\"target\":[\"https:\/\/www.manaus.am.gov.br\/semsa\/escola-de-saude-publica\/pos-graduacao\/\"]}]},{\"@type\":\"BreadcrumbList\",\"@id\":\"https:\/\/www.manaus.am.gov.br\/semsa\/escola-de-saude-publica\/pos-graduacao\/#breadcrumb\",\"itemListElement\":[{\"@type\":\"ListItem\",\"position\":1,\"name\":\"Escola de Sa\u00fade P\u00fablica (Esap)\",\"item\":\"https:\/\/www.manaus.am.gov.br\/semsa\/escola-de-saude-publica\/\"},{\"@type\":\"ListItem\",\"position\":2,\"name\":\"P\u00f3s-gradua\u00e7\u00e3o\"}]},{\"@type\":\"WebSite\",\"@id\":\"https:\/\/www.manaus.am.gov.br\/semsa\/#website\",\"url\":\"https:\/\/www.manaus.am.gov.br\/semsa\/\",\"name\":\"SEMSA\",\"description\":\"Secretaria Municipal de Sa\u00fade\",\"alternateName\":\"Secretaria Municipal de Sa\u00fade\",\"potentialAction\":[{\"@type\":\"SearchAction\",\"target\":{\"@type\":\"EntryPoint\",\"urlTemplate\":\"https:\/\/www.manaus.am.gov.br\/semsa\/?s={search_term_string}\"},\"query-input\":\"required name=search_term_string\"}],\"inLanguage\":\"pt-BR\"}]}<\/script>\n<!-- \/ Yoast SEO plugin. -->","yoast_head_json":{"title":"P\u00f3s-gradua\u00e7\u00e3o - SEMSA","robots":{"index":"index","follow":"follow","max-snippet":"max-snippet:-1","max-image-preview":"max-image-preview:large","max-video-preview":"max-video-preview:-1"},"canonical":"https:\/\/www.manaus.am.gov.br\/semsa\/escola-de-saude-publica\/pos-graduacao\/","og_locale":"pt_BR","og_type":"article","og_title":"P\u00f3s-gradua\u00e7\u00e3o - SEMSA","og_url":"https:\/\/www.manaus.am.gov.br\/semsa\/escola-de-saude-publica\/pos-graduacao\/","og_site_name":"SEMSA","article_modified_time":"2025-09-09T13:32:32+00:00","og_image":[{"width":966,"height":520,"url":"https:\/\/www.manaus.am.gov.br\/semsa\/wp-content\/uploads\/sites\/8\/2024\/07\/thumb-default-2.png","type":"image\/png"}],"twitter_card":"summary_large_image","twitter_misc":{"Est. reading time":"6 minutos"},"schema":{"@context":"https:\/\/schema.org","@graph":[{"@type":"WebPage","@id":"https:\/\/www.manaus.am.gov.br\/semsa\/escola-de-saude-publica\/pos-graduacao\/","url":"https:\/\/www.manaus.am.gov.br\/semsa\/escola-de-saude-publica\/pos-graduacao\/","name":"P\u00f3s-gradua\u00e7\u00e3o - SEMSA","isPartOf":{"@id":"https:\/\/www.manaus.am.gov.br\/semsa\/#website"},"datePublished":"2024-07-12T15:07:46+00:00","dateModified":"2025-09-09T13:32:32+00:00","breadcrumb":{"@id":"https:\/\/www.manaus.am.gov.br\/semsa\/escola-de-saude-publica\/pos-graduacao\/#breadcrumb"},"inLanguage":"pt-BR","potentialAction":[{"@type":"ReadAction","target":["https:\/\/www.manaus.am.gov.br\/semsa\/escola-de-saude-publica\/pos-graduacao\/"]}]},{"@type":"BreadcrumbList","@id":"https:\/\/www.manaus.am.gov.br\/semsa\/escola-de-saude-publica\/pos-graduacao\/#breadcrumb","itemListElement":[{"@type":"ListItem","position":1,"name":"Escola de Sa\u00fade P\u00fablica (Esap)","item":"https:\/\/www.manaus.am.gov.br\/semsa\/escola-de-saude-publica\/"},{"@type":"ListItem","position":2,"name":"P\u00f3s-gradua\u00e7\u00e3o"}]},{"@type":"WebSite","@id":"https:\/\/www.manaus.am.gov.br\/semsa\/#website","url":"https:\/\/www.manaus.am.gov.br\/semsa\/","name":"SEMSA","description":"Secretaria Municipal de Sa\u00fade","alternateName":"Secretaria Municipal de Sa\u00fade","potentialAction":[{"@type":"SearchAction","target":{"@type":"EntryPoint","urlTemplate":"https:\/\/www.manaus.am.gov.br\/semsa\/?s={search_term_string}"},"query-input":"required name=search_term_string"}],"inLanguage":"pt-BR"}]}},"_links":{"self":[{"href":"https:\/\/www.manaus.am.gov.br\/semsa\/wp-json\/wp\/v2\/pages\/215194"}],"collection":[{"href":"https:\/\/www.manaus.am.gov.br\/semsa\/wp-json\/wp\/v2\/pages"}],"about":[{"href":"https:\/\/www.manaus.am.gov.br\/semsa\/wp-json\/wp\/v2\/types\/page"}],"author":[{"embeddable":true,"href":"https:\/\/www.manaus.am.gov.br\/semsa\/wp-json\/wp\/v2\/users\/8"}],"replies":[{"embeddable":true,"href":"https:\/\/www.manaus.am.gov.br\/semsa\/wp-json\/wp\/v2\/comments?post=215194"}],"version-history":[{"count":14,"href":"https:\/\/www.manaus.am.gov.br\/semsa\/wp-json\/wp\/v2\/pages\/215194\/revisions"}],"predecessor-version":[{"id":225329,"href":"https:\/\/www.manaus.am.gov.br\/semsa\/wp-json\/wp\/v2\/pages\/215194\/revisions\/225329"}],"up":[{"embeddable":true,"href":"https:\/\/www.manaus.am.gov.br\/semsa\/wp-json\/wp\/v2\/pages\/208859"}],"wp:attachment":[{"href":"https:\/\/www.manaus.am.gov.br\/semsa\/wp-json\/wp\/v2\/media?parent=215194"}],"curies":[{"name":"wp","href":"https:\/\/api.w.org\/{rel}","templated":true}]}}