{"id":215163,"date":"2024-07-12T11:07:45","date_gmt":"2024-07-12T15:07:45","guid":{"rendered":"https:\/\/www.manaus.am.gov.br\/semsa\/?page_id=215163"},"modified":"2024-07-12T11:07:45","modified_gmt":"2024-07-12T15:07:45","slug":"editais-ufrgs","status":"publish","type":"page","link":"https:\/\/www.manaus.am.gov.br\/semsa\/editais-ufrgs\/","title":{"rendered":"Editais UFRGS"},"content":{"rendered":"\n<p><a href=\"https:\/\/www.manaus.am.gov.br\/semsa\/wp-content\/uploads\/sites\/8\/2024\/04\/20220118131403_Edital01-controladoria-convertido.pdf\" target=\"_blank\" rel=\"noreferrer noopener\">Edital 01<\/a><\/p>\n\n\n\n<p><a href=\"https:\/\/www.manaus.am.gov.br\/semsa\/wp-content\/uploads\/sites\/8\/2024\/04\/EDITAL-No-1-DE-4-DE-MARCO-DE-2022-EDITAL-No-1-DE-4-DE-MARCO-DE-2022-DOU-Imprensa-Nacional.pdf\">Edital 01 DOM<\/a><\/p>\n\n\n\n<p><a href=\"https:\/\/www.manaus.am.gov.br\/semsa\/wp-content\/uploads\/sites\/8\/2024\/04\/20220207120813_SELECIONADOS_EDITAL01.pdf\" target=\"_blank\" rel=\"noreferrer noopener\">Selecionados Edital 01<\/a><\/p>\n\n\n\n<p><a href=\"https:\/\/www.manaus.am.gov.br\/semsa\/wp-content\/uploads\/sites\/8\/2024\/04\/20220118131827_Edital02.pdf\" target=\"_blank\" rel=\"noreferrer noopener\">Edital 02<\/a><\/p>\n\n\n\n<p><a href=\"https:\/\/www.manaus.am.gov.br\/semsa\/wp-content\/uploads\/sites\/8\/2024\/04\/Nota-Informativa-002-Saude-com-Agente.pdf\" target=\"_blank\" rel=\"noreferrer noopener\">Nota Informativa 02<\/a><\/p>\n\n\n\n<p><a href=\"https:\/\/www.manaus.am.gov.br\/semsa\/wp-content\/uploads\/sites\/8\/2024\/04\/20220128194637_Edital_02_B.pdf\" target=\"_blank\" rel=\"noreferrer noopener\">Edital 02 B<\/a><\/p>\n\n\n\n<p><a href=\"https:\/\/www.manaus.am.gov.br\/semsa\/wp-content\/uploads\/sites\/8\/2024\/04\/20220217205904_Divulgacao-RESULTADOS-FINAIS-DA-CLASSIFICACAO.pdf\" target=\"_blank\" rel=\"noreferrer noopener\">Edital 02 B \u2013 Divulga\u00e7\u00e3o dos resultados finais<\/a><\/p>\n\n\n\n<p><a href=\"https:\/\/www.manaus.am.gov.br\/semsa\/wp-content\/uploads\/sites\/8\/2024\/04\/20220126204615_Edital-03_Conteudista_final_modulo1.pdf\" target=\"_blank\" rel=\"noreferrer noopener\">Edital 03<\/a><\/p>\n\n\n\n<p><a href=\"https:\/\/www.manaus.am.gov.br\/semsa\/wp-content\/uploads\/sites\/8\/2024\/04\/20220218220424_Edital-03_.pdf\" target=\"_blank\" rel=\"noreferrer noopener\">Homologa\u00e7\u00e3o do Resultado<\/a><\/p>\n\n\n\n<p><a href=\"https:\/\/www.manaus.am.gov.br\/semsa\/wp-content\/uploads\/sites\/8\/2024\/04\/20220126204637_Edital-04_Externo_Pesquisa_2.pdf\" target=\"_blank\" rel=\"noreferrer noopener\">Edital 04<\/a><\/p>\n\n\n\n<p><a href=\"https:\/\/www.manaus.am.gov.br\/semsa\/wp-content\/uploads\/sites\/8\/2024\/04\/20220222132533_Edital-04_.pdf\" target=\"_blank\" rel=\"noreferrer noopener\">Divulga\u00e7\u00e3o do Resultado da 1\u00ba etapa<\/a><\/p>\n\n\n\n<p><a href=\"https:\/\/www.manaus.am.gov.br\/semsa\/wp-content\/uploads\/sites\/8\/2024\/04\/20220126204650_Edital_05_Vice_coordenadores_de_extensao_2.pdf\" target=\"_blank\" rel=\"noreferrer noopener\">Edital 05<\/a><\/p>\n\n\n\n<p><a href=\"https:\/\/www.manaus.am.gov.br\/semsa\/wp-content\/uploads\/sites\/8\/2024\/04\/20220216212125_Edital-05_-DIVULGACAO-DOS-RESULTADOS-FINAIS-DA-CLASSIFICACAO.pdf\" target=\"_blank\" rel=\"noreferrer noopener\">Edital 05 \u2013 Divulga\u00e7\u00e3o dos resultados finais<\/a><\/p>\n\n\n\n<p><a href=\"https:\/\/www.manaus.am.gov.br\/semsa\/wp-content\/uploads\/sites\/8\/2024\/04\/20220209221730_Divulgacao-dos-resultados-finais-da-classificacao_2.pdf\" target=\"_blank\" rel=\"noreferrer noopener\">Divulga\u00e7\u00e3o dos resultados finais da divulga\u00e7\u00e3o<\/a><\/p>\n\n\n\n<p>Edital 06<\/p>\n\n\n\n<p><a href=\"https:\/\/www.manaus.am.gov.br\/semsa\/wp-content\/uploads\/sites\/8\/2024\/04\/20220207175822_Edital_07_assistentestutoria.pdf\" target=\"_blank\" rel=\"noreferrer noopener\">Edital 07<\/a><\/p>\n\n\n\n<p><a href=\"https:\/\/www.manaus.am.gov.br\/semsa\/wp-content\/uploads\/sites\/8\/2024\/04\/20220208111613_Edital_08_Secretarias.pdf\" target=\"_blank\" rel=\"noreferrer noopener\">Edital 08<\/a><\/p>\n\n\n\n<p><a href=\"https:\/\/www.manaus.am.gov.br\/semsa\/wp-content\/uploads\/sites\/8\/2024\/04\/20220218215424_Edital_09_tutores_3.pdf\" target=\"_blank\" rel=\"noreferrer noopener\">Edital 09<\/a><\/p>\n\n\n\n<p><a href=\"https:\/\/www.manaus.am.gov.br\/semsa\/wp-content\/uploads\/sites\/8\/2024\/04\/20220218215949_Edital_10_supervisor_tutoria_2.pdf\" target=\"_blank\" rel=\"noreferrer noopener\">Edital 10<\/a><\/p>\n\n\n\n<p><a href=\"https:\/\/www.manaus.am.gov.br\/semsa\/wp-content\/uploads\/sites\/8\/2024\/04\/20220225212010_Edital_11_Interno_Computacao.pdf\" target=\"_blank\" rel=\"noreferrer noopener\">Edital 11<\/a><\/p>\n\n\n\n<p><a href=\"https:\/\/www.manaus.am.gov.br\/semsa\/wp-content\/uploads\/sites\/8\/2024\/04\/20220302203150_EDITAL12.pdf\" target=\"_blank\" rel=\"noreferrer noopener\">Edital 12<\/a><\/p>\n\n\n\n<p><a href=\"https:\/\/www.manaus.am.gov.br\/semsa\/wp-content\/uploads\/sites\/8\/2024\/04\/20220216215717_HOMOLOGADOS07.pdf\" target=\"_blank\" rel=\"noreferrer noopener\">Homo<\/a><a href=\"https:\/\/semsa.manaus.am.gov.br\/wp-content\/uploads\/2022\/08\/20220216215717_HOMOLOGADOS07.pdf\">logados<\/a><\/p>\n\n\n\n<p><a href=\"https:\/\/www.manaus.am.gov.br\/semsa\/wp-content\/uploads\/sites\/8\/2024\/04\/20220610165052_Edital-19-preceptores-1.pdf\" target=\"_blank\" rel=\"noreferrer noopener\">Edital 19 \u2013 Preceptores<\/a><\/p>\n\n\n\n<p><a href=\"https:\/\/www.manaus.am.gov.br\/semsa\/wp-content\/uploads\/sites\/8\/2024\/04\/20220823184356_Edital_25_tutores.pdf\" target=\"_blank\" rel=\"noreferrer noopener\">Edital 25 \u2013 Tutores<\/a><\/p>\n\n\n\n<p><a href=\"https:\/\/www.manaus.am.gov.br\/semsa\/wp-content\/uploads\/sites\/8\/2024\/04\/20220221120110_ListaInscricao08.pdf\" target=\"_blank\" rel=\"noreferrer noopener\">Lista de Inscri\u00e7\u00e3o 08<\/a><\/p>\n","protected":false},"excerpt":{"rendered":"","protected":false},"author":8,"featured_media":0,"parent":0,"menu_order":0,"comment_status":"closed","ping_status":"closed","template":"","meta":{"footnotes":""},"acf":[],"yoast_head":"<!-- This site is optimized with the Yoast SEO plugin v23.0 - https:\/\/yoast.com\/wordpress\/plugins\/seo\/ -->\n<title>Editais UFRGS - SEMSA<\/title>\n<meta name=\"robots\" content=\"index, follow, max-snippet:-1, max-image-preview:large, max-video-preview:-1\" \/>\n<link rel=\"canonical\" href=\"https:\/\/www.manaus.am.gov.br\/semsa\/editais-ufrgs\/\" \/>\n<meta property=\"og:locale\" content=\"pt_BR\" \/>\n<meta property=\"og:type\" content=\"article\" \/>\n<meta property=\"og:title\" content=\"Editais UFRGS - SEMSA\" \/>\n<meta property=\"og:url\" content=\"https:\/\/www.manaus.am.gov.br\/semsa\/editais-ufrgs\/\" \/>\n<meta property=\"og:site_name\" content=\"SEMSA\" \/>\n<meta property=\"og:image\" content=\"https:\/\/www.manaus.am.gov.br\/semsa\/wp-content\/uploads\/sites\/8\/2024\/07\/thumb-default-2.png\" \/>\n\t<meta property=\"og:image:width\" content=\"966\" \/>\n\t<meta property=\"og:image:height\" content=\"520\" \/>\n\t<meta property=\"og:image:type\" content=\"image\/png\" \/>\n<meta name=\"twitter:card\" content=\"summary_large_image\" \/>\n<meta name=\"twitter:label1\" content=\"Est. reading time\" \/>\n\t<meta name=\"twitter:data1\" content=\"1 minuto\" \/>\n<script type=\"application\/ld+json\" class=\"yoast-schema-graph\">{\"@context\":\"https:\/\/schema.org\",\"@graph\":[{\"@type\":\"WebPage\",\"@id\":\"https:\/\/www.manaus.am.gov.br\/semsa\/editais-ufrgs\/\",\"url\":\"https:\/\/www.manaus.am.gov.br\/semsa\/editais-ufrgs\/\",\"name\":\"Editais UFRGS - SEMSA\",\"isPartOf\":{\"@id\":\"https:\/\/www.manaus.am.gov.br\/semsa\/#website\"},\"datePublished\":\"2024-07-12T15:07:45+00:00\",\"dateModified\":\"2024-07-12T15:07:45+00:00\",\"inLanguage\":\"pt-BR\",\"potentialAction\":[{\"@type\":\"ReadAction\",\"target\":[\"https:\/\/www.manaus.am.gov.br\/semsa\/editais-ufrgs\/\"]}]},{\"@type\":\"WebSite\",\"@id\":\"https:\/\/www.manaus.am.gov.br\/semsa\/#website\",\"url\":\"https:\/\/www.manaus.am.gov.br\/semsa\/\",\"name\":\"SEMSA\",\"description\":\"Secretaria Municipal de Sa\u00fade\",\"alternateName\":\"Secretaria Municipal de Sa\u00fade\",\"potentialAction\":[{\"@type\":\"SearchAction\",\"target\":{\"@type\":\"EntryPoint\",\"urlTemplate\":\"https:\/\/www.manaus.am.gov.br\/semsa\/?s={search_term_string}\"},\"query-input\":\"required name=search_term_string\"}],\"inLanguage\":\"pt-BR\"}]}<\/script>\n<!-- \/ Yoast SEO plugin. -->","yoast_head_json":{"title":"Editais UFRGS - SEMSA","robots":{"index":"index","follow":"follow","max-snippet":"max-snippet:-1","max-image-preview":"max-image-preview:large","max-video-preview":"max-video-preview:-1"},"canonical":"https:\/\/www.manaus.am.gov.br\/semsa\/editais-ufrgs\/","og_locale":"pt_BR","og_type":"article","og_title":"Editais UFRGS - SEMSA","og_url":"https:\/\/www.manaus.am.gov.br\/semsa\/editais-ufrgs\/","og_site_name":"SEMSA","og_image":[{"width":966,"height":520,"url":"https:\/\/www.manaus.am.gov.br\/semsa\/wp-content\/uploads\/sites\/8\/2024\/07\/thumb-default-2.png","type":"image\/png"}],"twitter_card":"summary_large_image","twitter_misc":{"Est. reading time":"1 minuto"},"schema":{"@context":"https:\/\/schema.org","@graph":[{"@type":"WebPage","@id":"https:\/\/www.manaus.am.gov.br\/semsa\/editais-ufrgs\/","url":"https:\/\/www.manaus.am.gov.br\/semsa\/editais-ufrgs\/","name":"Editais UFRGS - SEMSA","isPartOf":{"@id":"https:\/\/www.manaus.am.gov.br\/semsa\/#website"},"datePublished":"2024-07-12T15:07:45+00:00","dateModified":"2024-07-12T15:07:45+00:00","inLanguage":"pt-BR","potentialAction":[{"@type":"ReadAction","target":["https:\/\/www.manaus.am.gov.br\/semsa\/editais-ufrgs\/"]}]},{"@type":"WebSite","@id":"https:\/\/www.manaus.am.gov.br\/semsa\/#website","url":"https:\/\/www.manaus.am.gov.br\/semsa\/","name":"SEMSA","description":"Secretaria Municipal de Sa\u00fade","alternateName":"Secretaria Municipal de Sa\u00fade","potentialAction":[{"@type":"SearchAction","target":{"@type":"EntryPoint","urlTemplate":"https:\/\/www.manaus.am.gov.br\/semsa\/?s={search_term_string}"},"query-input":"required name=search_term_string"}],"inLanguage":"pt-BR"}]}},"_links":{"self":[{"href":"https:\/\/www.manaus.am.gov.br\/semsa\/wp-json\/wp\/v2\/pages\/215163"}],"collection":[{"href":"https:\/\/www.manaus.am.gov.br\/semsa\/wp-json\/wp\/v2\/pages"}],"about":[{"href":"https:\/\/www.manaus.am.gov.br\/semsa\/wp-json\/wp\/v2\/types\/page"}],"author":[{"embeddable":true,"href":"https:\/\/www.manaus.am.gov.br\/semsa\/wp-json\/wp\/v2\/users\/8"}],"replies":[{"embeddable":true,"href":"https:\/\/www.manaus.am.gov.br\/semsa\/wp-json\/wp\/v2\/comments?post=215163"}],"version-history":[{"count":1,"href":"https:\/\/www.manaus.am.gov.br\/semsa\/wp-json\/wp\/v2\/pages\/215163\/revisions"}],"predecessor-version":[{"id":215188,"href":"https:\/\/www.manaus.am.gov.br\/semsa\/wp-json\/wp\/v2\/pages\/215163\/revisions\/215188"}],"wp:attachment":[{"href":"https:\/\/www.manaus.am.gov.br\/semsa\/wp-json\/wp\/v2\/media?parent=215163"}],"curies":[{"name":"wp","href":"https:\/\/api.w.org\/{rel}","templated":true}]}}