{"id":215159,"date":"2024-07-12T11:07:46","date_gmt":"2024-07-12T15:07:46","guid":{"rendered":"https:\/\/www.manaus.am.gov.br\/semsa\/?page_id=215159"},"modified":"2025-01-23T14:04:51","modified_gmt":"2025-01-23T18:04:51","slug":"saude-com-agente","status":"publish","type":"page","link":"https:\/\/www.manaus.am.gov.br\/semsa\/escola-de-saude-publica\/saude-com-agente\/","title":{"rendered":"Sa\u00fade com Agente"},"content":{"rendered":"\n<p><a href=\"https:\/\/www.manaus.am.gov.br\/semsa\/wp-content\/uploads\/sites\/8\/2024\/04\/APRESENTACAO-ABERTURA-SAUDE-COM-AGENT.pdf\" target=\"_blank\" rel=\"noreferrer noopener\">Apresenta\u00e7\u00e3o<\/a><\/p>\n\n\n\n<p><a href=\"https:\/\/www.manaus.am.gov.br\/semsa\/wp-content\/uploads\/sites\/8\/2024\/04\/PLANILHA-NOMINAL-OFICIAL-ACS-E-ACS-MS-ESAP.pdf\" target=\"_blank\" rel=\"noreferrer noopener\">Planilha Nominal Oficial ACS e ACS MS ESAP<\/a><\/p>\n\n\n\n<p><a href=\"https:\/\/www.manaus.am.gov.br\/semsa\/editais-ufrgs\/\" target=\"_blank\" rel=\"noreferrer noopener\">Editais UFRGS<\/a><\/p>\n\n\n\n<p>Projeto Pedag\u00f3gico<\/p>\n\n\n\n<ul>\n<li><a href=\"https:\/\/www.manaus.am.gov.br\/semsa\/wp-content\/uploads\/sites\/8\/2024\/04\/Projeto-Pedagogico-Curso-Tecnico-Vigilancia-Saude-Enfase-Combate-Endemias.pdf\" target=\"_blank\" rel=\"noreferrer noopener\">Curso T\u00e9cnico Vigil\u00e2ncia Sa\u00fade \u00canfase Combate Endemias<\/a><\/li>\n\n\n\n<li><a href=\"https:\/\/www.manaus.am.gov.br\/semsa\/wp-content\/uploads\/sites\/8\/2024\/04\/Projeto-Pedagogico-Curso-Tecnico-Agente-Comunitario-Saude.pdf\" target=\"_blank\" rel=\"noreferrer noopener\">Curso T\u00e9cnico Agente Comunit\u00e1rio Sa\u00fade<\/a><\/li>\n<\/ul>\n\n\n\n<p><a href=\"https:\/\/semsa.manaus.am.gov.br\/educacao-permanente-em-saude-escola-de-saude-publica\/saude-com-agente\/informes-tecnicos\/\" target=\"_blank\" rel=\"noreferrer noopener\">Informes T\u00e9cnicos<\/a><\/p>\n\n\n\n<ul>\n<li>Conasems<br><a href=\"https:\/\/ava.conasems.org.br\/users\/sign_in\">https:\/\/ava.conasems.org.br\/users\/sign_in<\/a><\/li>\n<\/ul>\n\n\n\n<p><\/p>\n\n\n\n<ul>\n<li>Jornal dos Agentes do Brasil<br><a href=\"https:\/\/www.jasb.com.br\/\">https:\/\/www.jasb.com.br\/<\/a><\/li>\n<\/ul>\n\n\n\n<p><\/p>\n\n\n\n<ul>\n<li>FAURGS<br><a href=\"https:\/\/www.portalfaurgs.com.br\/\">https:\/\/www.portalfaurgs.com.br\/<\/a><\/li>\n<\/ul>\n\n\n\n<p><\/p>\n\n\n\n<ul>\n<li>UFRGS<br><a href=\"http:\/\/www.ufrgs.br\/ufrgs\/inicial\">http:\/\/www.ufrgs.br\/ufrgs\/inicial<\/a><\/li>\n<\/ul>\n\n\n\n<p><\/p>\n\n\n\n<ul>\n<li>ESAP Manaus<br><a href=\"https:\/\/psesap.manaus.am.gov.br\/\">https:\/\/psesap.manaus.am.gov.br\/<\/a><\/li>\n<\/ul>\n\n\n\n<p><\/p>\n\n\n\n<ul>\n<li>Whatsapp da Escola de Sa\u00fade P\u00fablica: <a href=\"https:\/\/chat.whatsapp.com\/ICgqFhLOAMZ3qPRxvAj8GZ\">https:\/\/chat.whatsapp.com\/ICgqFhLOAMZ3qPRxvAj8GZ<\/a><\/li>\n<\/ul>\n\n\n\n<p><\/p>\n\n\n\n<p><a href=\"https:\/\/www.manaus.am.gov.br\/semsa\/wp-content\/uploads\/sites\/8\/2024\/04\/FAQ-SAUDE-COM-AGENTE-ESAP-MANAUS.pdf\" target=\"_blank\" rel=\"noreferrer noopener\">Perguntas frequentes<\/a><\/p>\n","protected":false},"excerpt":{"rendered":"","protected":false},"author":8,"featured_media":0,"parent":208859,"menu_order":0,"comment_status":"closed","ping_status":"closed","template":"templates\/turismo.php","meta":{"footnotes":""},"acf":[],"yoast_head":"<!-- This site is optimized with the Yoast SEO plugin v23.0 - https:\/\/yoast.com\/wordpress\/plugins\/seo\/ -->\n<title>Sa\u00fade com Agente - SEMSA<\/title>\n<meta name=\"robots\" content=\"index, follow, max-snippet:-1, max-image-preview:large, max-video-preview:-1\" \/>\n<link rel=\"canonical\" href=\"https:\/\/www.manaus.am.gov.br\/semsa\/escola-de-saude-publica\/saude-com-agente\/\" \/>\n<meta property=\"og:locale\" content=\"pt_BR\" \/>\n<meta property=\"og:type\" content=\"article\" \/>\n<meta property=\"og:title\" content=\"Sa\u00fade com Agente - SEMSA\" \/>\n<meta property=\"og:url\" content=\"https:\/\/www.manaus.am.gov.br\/semsa\/escola-de-saude-publica\/saude-com-agente\/\" \/>\n<meta property=\"og:site_name\" content=\"SEMSA\" \/>\n<meta property=\"article:modified_time\" content=\"2025-01-23T18:04:51+00:00\" \/>\n<meta property=\"og:image\" content=\"https:\/\/www.manaus.am.gov.br\/semsa\/wp-content\/uploads\/sites\/8\/2024\/07\/thumb-default-2.png\" \/>\n\t<meta property=\"og:image:width\" content=\"966\" \/>\n\t<meta property=\"og:image:height\" content=\"520\" \/>\n\t<meta property=\"og:image:type\" content=\"image\/png\" \/>\n<meta name=\"twitter:card\" content=\"summary_large_image\" \/>\n<meta name=\"twitter:label1\" content=\"Est. reading time\" \/>\n\t<meta name=\"twitter:data1\" content=\"1 minuto\" \/>\n<script type=\"application\/ld+json\" class=\"yoast-schema-graph\">{\"@context\":\"https:\/\/schema.org\",\"@graph\":[{\"@type\":\"WebPage\",\"@id\":\"https:\/\/www.manaus.am.gov.br\/semsa\/escola-de-saude-publica\/saude-com-agente\/\",\"url\":\"https:\/\/www.manaus.am.gov.br\/semsa\/escola-de-saude-publica\/saude-com-agente\/\",\"name\":\"Sa\u00fade com Agente - SEMSA\",\"isPartOf\":{\"@id\":\"https:\/\/www.manaus.am.gov.br\/semsa\/#website\"},\"datePublished\":\"2024-07-12T15:07:46+00:00\",\"dateModified\":\"2025-01-23T18:04:51+00:00\",\"breadcrumb\":{\"@id\":\"https:\/\/www.manaus.am.gov.br\/semsa\/escola-de-saude-publica\/saude-com-agente\/#breadcrumb\"},\"inLanguage\":\"pt-BR\",\"potentialAction\":[{\"@type\":\"ReadAction\",\"target\":[\"https:\/\/www.manaus.am.gov.br\/semsa\/escola-de-saude-publica\/saude-com-agente\/\"]}]},{\"@type\":\"BreadcrumbList\",\"@id\":\"https:\/\/www.manaus.am.gov.br\/semsa\/escola-de-saude-publica\/saude-com-agente\/#breadcrumb\",\"itemListElement\":[{\"@type\":\"ListItem\",\"position\":1,\"name\":\"Escola de Sa\u00fade P\u00fablica (Esap)\",\"item\":\"https:\/\/www.manaus.am.gov.br\/semsa\/escola-de-saude-publica\/\"},{\"@type\":\"ListItem\",\"position\":2,\"name\":\"Sa\u00fade com Agente\"}]},{\"@type\":\"WebSite\",\"@id\":\"https:\/\/www.manaus.am.gov.br\/semsa\/#website\",\"url\":\"https:\/\/www.manaus.am.gov.br\/semsa\/\",\"name\":\"SEMSA\",\"description\":\"Secretaria Municipal de Sa\u00fade\",\"alternateName\":\"Secretaria Municipal de Sa\u00fade\",\"potentialAction\":[{\"@type\":\"SearchAction\",\"target\":{\"@type\":\"EntryPoint\",\"urlTemplate\":\"https:\/\/www.manaus.am.gov.br\/semsa\/?s={search_term_string}\"},\"query-input\":\"required name=search_term_string\"}],\"inLanguage\":\"pt-BR\"}]}<\/script>\n<!-- \/ Yoast SEO plugin. -->","yoast_head_json":{"title":"Sa\u00fade com Agente - SEMSA","robots":{"index":"index","follow":"follow","max-snippet":"max-snippet:-1","max-image-preview":"max-image-preview:large","max-video-preview":"max-video-preview:-1"},"canonical":"https:\/\/www.manaus.am.gov.br\/semsa\/escola-de-saude-publica\/saude-com-agente\/","og_locale":"pt_BR","og_type":"article","og_title":"Sa\u00fade com Agente - SEMSA","og_url":"https:\/\/www.manaus.am.gov.br\/semsa\/escola-de-saude-publica\/saude-com-agente\/","og_site_name":"SEMSA","article_modified_time":"2025-01-23T18:04:51+00:00","og_image":[{"width":966,"height":520,"url":"https:\/\/www.manaus.am.gov.br\/semsa\/wp-content\/uploads\/sites\/8\/2024\/07\/thumb-default-2.png","type":"image\/png"}],"twitter_card":"summary_large_image","twitter_misc":{"Est. reading time":"1 minuto"},"schema":{"@context":"https:\/\/schema.org","@graph":[{"@type":"WebPage","@id":"https:\/\/www.manaus.am.gov.br\/semsa\/escola-de-saude-publica\/saude-com-agente\/","url":"https:\/\/www.manaus.am.gov.br\/semsa\/escola-de-saude-publica\/saude-com-agente\/","name":"Sa\u00fade com Agente - SEMSA","isPartOf":{"@id":"https:\/\/www.manaus.am.gov.br\/semsa\/#website"},"datePublished":"2024-07-12T15:07:46+00:00","dateModified":"2025-01-23T18:04:51+00:00","breadcrumb":{"@id":"https:\/\/www.manaus.am.gov.br\/semsa\/escola-de-saude-publica\/saude-com-agente\/#breadcrumb"},"inLanguage":"pt-BR","potentialAction":[{"@type":"ReadAction","target":["https:\/\/www.manaus.am.gov.br\/semsa\/escola-de-saude-publica\/saude-com-agente\/"]}]},{"@type":"BreadcrumbList","@id":"https:\/\/www.manaus.am.gov.br\/semsa\/escola-de-saude-publica\/saude-com-agente\/#breadcrumb","itemListElement":[{"@type":"ListItem","position":1,"name":"Escola de Sa\u00fade P\u00fablica (Esap)","item":"https:\/\/www.manaus.am.gov.br\/semsa\/escola-de-saude-publica\/"},{"@type":"ListItem","position":2,"name":"Sa\u00fade com Agente"}]},{"@type":"WebSite","@id":"https:\/\/www.manaus.am.gov.br\/semsa\/#website","url":"https:\/\/www.manaus.am.gov.br\/semsa\/","name":"SEMSA","description":"Secretaria Municipal de Sa\u00fade","alternateName":"Secretaria Municipal de Sa\u00fade","potentialAction":[{"@type":"SearchAction","target":{"@type":"EntryPoint","urlTemplate":"https:\/\/www.manaus.am.gov.br\/semsa\/?s={search_term_string}"},"query-input":"required name=search_term_string"}],"inLanguage":"pt-BR"}]}},"_links":{"self":[{"href":"https:\/\/www.manaus.am.gov.br\/semsa\/wp-json\/wp\/v2\/pages\/215159"}],"collection":[{"href":"https:\/\/www.manaus.am.gov.br\/semsa\/wp-json\/wp\/v2\/pages"}],"about":[{"href":"https:\/\/www.manaus.am.gov.br\/semsa\/wp-json\/wp\/v2\/types\/page"}],"author":[{"embeddable":true,"href":"https:\/\/www.manaus.am.gov.br\/semsa\/wp-json\/wp\/v2\/users\/8"}],"replies":[{"embeddable":true,"href":"https:\/\/www.manaus.am.gov.br\/semsa\/wp-json\/wp\/v2\/comments?post=215159"}],"version-history":[{"count":6,"href":"https:\/\/www.manaus.am.gov.br\/semsa\/wp-json\/wp\/v2\/pages\/215159\/revisions"}],"predecessor-version":[{"id":220500,"href":"https:\/\/www.manaus.am.gov.br\/semsa\/wp-json\/wp\/v2\/pages\/215159\/revisions\/220500"}],"up":[{"embeddable":true,"href":"https:\/\/www.manaus.am.gov.br\/semsa\/wp-json\/wp\/v2\/pages\/208859"}],"wp:attachment":[{"href":"https:\/\/www.manaus.am.gov.br\/semsa\/wp-json\/wp\/v2\/media?parent=215159"}],"curies":[{"name":"wp","href":"https:\/\/api.w.org\/{rel}","templated":true}]}}