{"id":213987,"date":"2023-12-28T09:28:45","date_gmt":"2023-12-28T13:28:45","guid":{"rendered":"https:\/\/www.manaus.am.gov.br\/semsa\/?page_id=213987"},"modified":"2026-03-24T11:21:02","modified_gmt":"2026-03-24T15:21:02","slug":"unidades-basicas-de-saude-de-horario-ampliado","status":"publish","type":"page","link":"https:\/\/www.manaus.am.gov.br\/semsa\/unidades-basicas-de-saude-ubs\/unidades-basicas-de-saude-de-horario-ampliado\/","title":{"rendered":"USF de hor\u00e1rio ampliado"},"content":{"rendered":"\n<h2 class=\"wp-block-heading\">LESTE<\/h2>\n\n\n\n<p><strong>USF Alfredo Campos<\/strong><br><strong>Endere\u00e7o:<\/strong> Alameda Cosme Ferreira, s\/n, Zumbi dos Palmares<br><strong>Hor\u00e1rio de atendimento:<\/strong> Segunda a sexta-feira &#8211; 7h \u00e0s 21h \/ s\u00e1bado &#8211; 7h \u00e0s 12h<\/p>\n\n\n\n<p><strong>USF DR. Jos\u00e9 Amazonas Palhano<\/strong><br><strong>Endere\u00e7o:<\/strong> Rua Ant\u00f4nio Matias, s\/n, S\u00e3o Jos\u00e9 I<br><strong>Hor\u00e1rio de atendimento:<\/strong> Segunda a sexta-feira &#8211;  7h \u00e0s 21h \/ s\u00e1bado &#8211; 7h \u00e0s 12h <\/p>\n\n\n\n<p><strong>USF Maria Leonor Brilhante<\/strong><br><strong>Endere\u00e7o:<\/strong> Av. Autaz Mirim, s\/n, Tancredo Neves<br><strong>Hor\u00e1rio de atendimento:<\/strong> Segunda a sexta-feira &#8211;  8h \u00e0s 20h \/ s\u00e1bado &#8211; 7h \u00e0s 12h<\/p>\n\n\n\n<p><strong>USF<\/strong> <strong>Desembargador F\u00e1bio Couto Valle<\/strong><br><strong>Endere\u00e7o:<\/strong> Av. Brigadeiro Hil\u00e1rio Gurj\u00e3o, s\/n \u2013 Jorge Teixeira<br><strong>Hor\u00e1rio de atendimento:<\/strong> Segunda a sexta-feira &#8211; 6h \u00e0s 18h<\/p>\n\n\n\n<p><strong>USF<\/strong> <strong>Enf.\u00aa Ivone Lima dos Santos<\/strong><br><strong>Endere\u00e7o:<\/strong> Endere\u00e7o: Rua Lu\u00eds Corrente, s\/n \u2013 Coroado<br><strong>Hor\u00e1rio de atendimento:<\/strong> Segunda a sexta-feira &#8211; 6h \u00e0s 18h<\/p>\n\n\n\n<p><strong>USF<\/strong> <strong>Dr. Silas de Oliveira Santos<\/strong><br><strong>Endere\u00e7o:<\/strong> Rua Guapor\u00e9, s\/n \u2013 Conjunto Castanheiras, Gilberto Mestrinho<br><strong>Hor\u00e1rio de atendimento:<\/strong> Segunda a sexta-feira &#8211; 6h \u00e0s 18h<\/p>\n\n\n\n<p><strong>USF<\/strong> <strong>Jo\u00e3o Nogueira da Matta<\/strong><br><strong>Endere\u00e7o:<\/strong> Endere\u00e7o: Rua Dr. Daniel, s\/n \u2013 Zumbi<br><strong>Hor\u00e1rio de atendimento:<\/strong> Segunda a sexta-feira &#8211; 6h \u00e0s 18h<\/p>\n\n\n\n<p><strong>USF<\/strong> <strong>Guilherme Alexandre<\/strong><br><strong>Endere\u00e7o:<\/strong> Rua Nova Rep\u00fablica, 575 \u2013 Col\u00f4nia Ant\u00f4nio Aleixo<br><strong>Hor\u00e1rio de atendimento:<\/strong> Segunda a sexta-feira &#8211; 6h \u00e0s 18h<\/p>\n\n\n\n<p><strong>USF<\/strong> <strong>Agnaldo Gomes da Costa<\/strong><br><strong>Endere\u00e7o:<\/strong> Rua Rio Pirarucu, 56 \u2013 S\u00e3o Jos\u00e9<br><strong>Hor\u00e1rio de atendimento:<\/strong> Segunda a sexta-feira &#8211; 6h \u00e0s 18h<\/p>\n\n\n\n<p><strong>USF<\/strong> <strong>Dr. Gilson Moreira<\/strong><br><strong>Endere\u00e7o:<\/strong> Rua Dr. Pegoraro, s\/n \u2013 Zumbi<br><strong>Hor\u00e1rio de atendimento:<\/strong> Segunda a sexta-feira &#8211; 6h \u00e0s 18h<\/p>\n\n\n\n<p><strong>USF<\/strong> <strong>Geraldo Magela<\/strong><br><strong>Endere\u00e7o:<\/strong> Rua Rio Envira, 442 \u2013 Armando Mendes<br><strong>Hor\u00e1rio de atendimento:<\/strong> Segunda a sexta-feira &#8211; 6h \u00e0s 18h<\/p>\n\n\n\n<p><strong>USF<\/strong> <strong>Dr. Jos\u00e9 Avelino Pereira<\/strong><br><strong>Endere\u00e7o:<\/strong> Rua Cravinho, s\/n \u2013 Jorge Teixeira<br><strong>Hor\u00e1rio de atendimento:<\/strong> Segunda a sexta-feira &#8211; 6h \u00e0s 18h<\/p>\n\n\n\n<p><strong>USF<\/strong> <strong>Dr. Waldir Bugalho de Medeiros<\/strong><br><strong>Endere\u00e7o:<\/strong> Rua 7 de Setembro, 871 \u2013 Jorge Teixeira<br><strong>Hor\u00e1rio de atendimento:<\/strong> Segunda a sexta-feira &#8211; 6h \u00e0s 18h<\/p>\n\n\n\n<p><strong>USF<\/strong> <strong>Dra. Lu\u00edza do Carmo Ribeiro Fernandes<\/strong><br><strong>Endere\u00e7o:<\/strong> Av. Min. Mario Andreazza, 5585, Mauazinho<br><strong>Hor\u00e1rio de atendimento:<\/strong> Segunda a sexta-feira &#8211; 6h \u00e0s 18h<\/p>\n\n\n\n<p><strong>USF<\/strong> <strong>Enf. Josephina de Mello<\/strong><br><strong>Endere\u00e7o:<\/strong> Rua Cupiuba, 232 \u2013 Jorge Teixeira<br><strong>Hor\u00e1rio de atendimento:<\/strong> Segunda a sexta-feira &#8211; 6h \u00e0s 18h<\/p>\n\n\n\n<p><strong>USF<\/strong> <strong>Gebes de Melo Medeiros Filho<\/strong><br><strong>Endere\u00e7o:<\/strong> Av. Pirarucu, 100 \u2013 Jorge Teixeira<br><strong>Hor\u00e1rio de atendimento:<\/strong> Segunda a sexta-feira &#8211; 6h \u00e0s 18h<\/p>\n\n\n\n<div style=\"height:30px\" aria-hidden=\"true\" class=\"wp-block-spacer\"><\/div>\n\n\n\n<h2 class=\"wp-block-heading\">NORTE<\/h2>\n\n\n\n<p><strong>USF Carmem Nicolau<\/strong><br><strong>Endere\u00e7o: <\/strong>Rua Santa Tereza D&#8217;\u00e1vila, s\/n, Lago Azul<br><strong>Hor\u00e1rio de atendimento:<\/strong> Segunda a sexta-feira &#8211; 7h \u00e0s 19h \/ s\u00e1bado, domingo e feriado &#8211; 8h \u00e0s 18h<\/p>\n\n\n\n<p><strong>USF Major PM S\u00e1lvio Belota<\/strong><br><strong>Endere\u00e7o: <\/strong>Rua Jo\u00e3o de Montefusco (antiga Rua das Samambaias), 786, Santa Etelvina<br><strong>Hor\u00e1rio de atendimento:<\/strong> Segunda a sexta-feira &#8211; 7h \u00e0s 21h \/ s\u00e1bado &#8211; 7h \u00e0s 12h<\/p>\n\n\n\n<p><strong>USF Balbina Mestrinho<\/strong><br><strong>Endere\u00e7o: <\/strong>Rua Major Silv\u00e9rio J. Nery (Antiga Rua 17), 17, N\u00facleo 3 Cidade Nova II<br><strong>Hor\u00e1rio de atendimento:<\/strong> Segunda a sexta-feira &#8211; 7h \u00e0s 21h \/ s\u00e1bado &#8211; 7h \u00e0s 12h<\/p>\n\n\n\n<p><strong>USF \u00c1ugias Gadelha<\/strong> (em reforma)<br><strong>Endere\u00e7o:<\/strong> Rua A, s\/n \u2013 Conj. Ribeiro Junior, Cidade Nova<br><strong>Hor\u00e1rio de atendimento:<\/strong> Segunda a sexta-feira &#8211; 7h \u00e0s 21h \/ s\u00e1bado &#8211; 7h \u00e0s 12h<\/p>\n\n\n\n<p><strong>USF Arthur Virg\u00edlio Filho<\/strong><br><strong>Endere\u00e7o:<\/strong> Travessa 1, 3015, Amazonino Mendes<br><strong>Hor\u00e1rio de atendimento:<\/strong> Segunda a sexta-feira &#8211; 7h \u00e0s 19h<\/p>\n\n\n\n<p><strong>USF F\u00e1tima Andrade<\/strong><br><strong>Endere\u00e7o:<\/strong> Rua 52, Qd. 65, s\/n, Mutir\u00e3o Amazonino Mendes, Novo Aleixo<br><strong>Hor\u00e1rio de atendimento:<\/strong> Segunda a sexta-feira &#8211; 7h \u00e0s 19h<\/p>\n\n\n\n<p><strong>USF Dr. Jos\u00e9 Figlioulo<\/strong><br><strong>Endere\u00e7o:<\/strong> Rua Rio Maicuru, s\/n, Conj. Residencial Viver Melhor, Lago Azul<br><strong>Hor\u00e1rio de atendimento:<\/strong> Segunda a sexta-feira &#8211; 7h \u00e0s 19h<\/p>\n\n\n\n<p><strong>USF Carlson Gracie<\/strong><br><strong>Endere\u00e7o:<\/strong> Av. Cura\u00e7ao, s\/n, Conj. Cidad\u00e3o V, Nova Cidade<br><strong>Hor\u00e1rio de atendimento:<\/strong> Segunda a sexta-feira &#8211; 7h \u00e0s 19h<\/p>\n\n\n\n<p><strong>USF Frei Val\u00e9rio<\/strong><br><strong>Endere\u00e7o:<\/strong> Rua Bom Jesus, s\/n, Novo Israel<br><strong>Hor\u00e1rio de atendimento:<\/strong> Segunda a sexta-feira &#8211; 7h \u00e0s 19h<\/p>\n\n\n\n<p><strong>USF Armando Mendes<\/strong><br><strong>Endere\u00e7o:<\/strong> Rua Aragar\u00e7as, 786 \u2013 Conjunto Manoa, Cidade Nova<br><strong>Hor\u00e1rio de atendimento:<\/strong> Segunda a sexta-feira &#8211; 7h \u00e0s 19h<\/p>\n\n\n\n<div style=\"height:30px\" aria-hidden=\"true\" class=\"wp-block-spacer\"><\/div>\n\n\n\n<h2 class=\"wp-block-heading\">SUL<\/h2>\n\n\n\n<p><strong>USF Dr. Jos\u00e9 Rayol dos Santos<\/strong><br><strong>Endere\u00e7o: <\/strong>Av. Constantino Nery, s\/n, Conj. Chapada, Flores<br><strong>Hor\u00e1rio de atendimento:<\/strong> Segunda a sexta-feira &#8211; 7h \u00e0s 21h \/ s\u00e1bado &#8211; 7h \u00e0s 12h<\/p>\n\n\n\n<p><strong>USF Rosa Pereira de Almeida<\/strong><br><strong>Endere\u00e7o:<\/strong> Rua Benedito, s\/n, Morro da Liberdade<br><strong>Hor\u00e1rio de atendimento:<\/strong> Segunda a sexta-feira &#8211; 7h \u00e0s 21h \/ s\u00e1bado &#8211; 7h \u00e0s 12h<\/p>\n\n\n\n<p><strong>USF Dr. Luiz Montenegro<\/strong><br><strong>Endere\u00e7o:<\/strong> Rua Pico das \u00c1guas, 527, Nossa Senhora das Gra\u00e7as<br><strong>Hor\u00e1rio de atendimento:<\/strong> Segunda a sexta-feira &#8211; 7h \u00e0s 19h<\/p>\n\n\n\n<p><strong>USF Theom\u00e1rio Pinto<\/strong> <strong>da Costa<\/strong><br><strong>Endere\u00e7o:<\/strong> Rua Nazareth Mesquita, s\/n, Parque Dez de Novembro<br><strong>Hor\u00e1rio de atendimento:<\/strong> Segunda a sexta-feira &#8211; 7h \u00e0s 19h<\/p>\n\n\n\n<p><strong>USF Megumo Kado<\/strong><br><strong>Endere\u00e7o: <\/strong>Rua Inoc\u00eancio de Ara\u00fajo, 51, Educandos<br><strong>Hor\u00e1rio de atendimento:<\/strong> Segunda a sexta-feira &#8211; 7h \u00e0s 19h<\/p>\n\n\n\n<p><strong>USF Santa Luzia<\/strong><br><strong>Endere\u00e7o: <\/strong>Rua Leopoldo Neves, s\/n, Santa Luzia<br><strong>Hor\u00e1rio de atendimento:<\/strong> Segunda a sexta-feira &#8211; 7h \u00e0s 19h<\/p>\n\n\n\n<p><strong>USF S\u00e3o Francisco<\/strong><br><strong>Endere\u00e7o:<\/strong> Rua Rodolfo Valle, s\/n, S\u00e3o Francisco<br><strong>Hor\u00e1rio de atendimento:<\/strong> Segunda a sexta-feira &#8211; 7h \u00e0s 19h<\/p>\n\n\n\n<p><strong>USF Nilton Lins<\/strong><br><strong>Endere\u00e7o:<\/strong> Av. Professor Nilton Lins, 3259, Flores<br><strong>Hor\u00e1rio de atendimento:<\/strong> Segunda a sexta-feira de 6h \u00e0s 18h<\/p>\n\n\n\n<p><strong>USF Dr. Ant\u00f4nio Reis<\/strong><br><strong>Endere\u00e7o:<\/strong> Rua Escandin\u00e1via, s\/n, S\u00e3o L\u00e1zaro<br><strong>Hor\u00e1rio de atendimento:<\/strong> Segunda a sexta-feira &#8211; 6h \u00e0s 18h<\/p>\n\n\n\n<p><strong>USF Japiim<\/strong><br><strong>Endere\u00e7o:<\/strong> Travessa Sauim, 70, Conj. 31 de mar\u00e7o Japiim I<br><strong>Hor\u00e1rio de atendimento:<\/strong> Segunda a sexta-feira &#8211; 6h \u00e0s 18h<\/p>\n\n\n\n<p><strong>USF Petr\u00f3polis<\/strong><br><strong>Endere\u00e7o: <\/strong>Rua Delfim de Souza, s\/n, Petr\u00f3polis<br><strong>Hor\u00e1rio de atendimento:<\/strong> Segunda a sexta-feira &#8211; 6h \u00e0s 18h<\/p>\n\n\n\n<p><strong>USF Frank Rosemberg Calderon<\/strong><br><strong>Endere\u00e7o: <\/strong>Rua Nova Esperan\u00e7a, 91 \u2013 Crespo<br><strong>Hor\u00e1rio de atendimento:<\/strong> Segunda a sexta-feira &#8211; 6h \u00e0s 18h<\/p>\n\n\n\n<p><strong>USF Vicente de Palotti<\/strong><br><strong>Endere\u00e7o: <\/strong>Rua Apurin\u00e3, 279 \u2013 Pra\u00e7a 14 de Janeiro<br><strong>Hor\u00e1rio de atendimento:<\/strong> Segunda a sexta-feira &#8211; 6h \u00e0s 18h<\/p>\n\n\n\n<p><\/p>\n\n\n\n<h2 class=\"wp-block-heading\">OESTE<\/h2>\n\n\n\n<p><strong>USF Deodato de Miranda Le\u00e3o<\/strong><br><strong>Endere\u00e7o:<\/strong> Av. Presidente Dutra, s\/n, Gl\u00f3ria<br><strong>Hor\u00e1rio de atendimento:<\/strong> Segunda a sexta-feira &#8211; 7h \u00e0s 21h \/ s\u00e1bado &#8211; 8h \u00e0s 12h<\/p>\n\n\n\n<p><strong>USF Leonor de Freitas<\/strong><br><strong>Endere\u00e7o<\/strong>: Av. Brasil, s\/n, Compensa II<br><strong>Hor\u00e1rio de atendimento:<\/strong>  Segunda a sexta-feira &#8211; 7h \u00e0s 19h \/ s\u00e1bado, domingo e feriado &#8211; 8h \u00e0s 18h<\/p>\n\n\n\n<p><strong>USF Adalgiza Barbosa de Lima<\/strong><br><strong>Endere\u00e7o: <\/strong>Av. Laguna, s\/n, L\u00edrio do Vale<br><strong>Hor\u00e1rio de atendimento:<\/strong> Segunda a sexta-feira &#8211; 7h \u00e0s 19h<\/p>\n\n\n\n<p><strong>USF Mansour Bulbol<\/strong><br><strong>Endere\u00e7o:<\/strong> Av. Desembargador Jo\u00e3o Machado, s\/n, Alvorada I<br><strong>Hor\u00e1rio de atendimento:<\/strong> Segunda a sexta-feira &#8211; 7h \u00e0s 19h<\/p>\n\n\n\n<p><strong>USF Dom Milton Correa<\/strong><br><strong>Endere\u00e7o:<\/strong> Rua Tiradentes, s\/n, Santo Agostinho<br><strong>Hor\u00e1rio de atendimento:<\/strong> Segunda a sexta-feira &#8211; 7h \u00e0s 19h<\/p>\n\n\n\n<p><strong>USF S\u00e3o Vicente de Paulo<\/strong><br><strong>Endere\u00e7o: <\/strong>Rua Jer\u00f4nimo Ribeiro, 49, S\u00e3o Raimundo<br><strong>Hor\u00e1rio de atendimento:<\/strong> Segunda a sexta-feira &#8211; 7h \u00e0s 19h<\/p>\n\n\n\n<p><strong>USF Dr. Jos\u00e9 Raimundo Franco de S\u00e1<\/strong><br><strong>Endere\u00e7o: <\/strong>Rua Virg\u00edlio Ferreira, 112-120, Alvorada<br><strong>Hor\u00e1rio de atendimento:<\/strong> Segunda a sexta-feira &#8211; 7h \u00e0s 19h<\/p>\n\n\n\n<p><strong>USF Reden\u00e7\u00e3o<\/strong><br><strong>Endere\u00e7o: <\/strong>Rua Olinda, 22, Reden\u00e7\u00e3o<br><strong>Hor\u00e1rio de atendimento:<\/strong> Segunda a sexta-feira &#8211; 7h \u00e0s 19h<\/p>\n\n\n\n<p><strong>USF Bairro da Paz<\/strong><br><strong>Endere\u00e7o: <\/strong>Rua Esperan\u00e7a, 51, Bairro da Paz<br><strong>Hor\u00e1rio de atendimento:<\/strong> Segunda a sexta-feira &#8211; 7h \u00e0s 19h<\/p>\n\n\n\n<p><strong>USF Ajuricaba<\/strong><br><strong>Endere\u00e7o: <\/strong>Av. Leste, s\/n, Alvorada<br><strong>Hor\u00e1rio de atendimento:<\/strong> Segunda a sexta-feira &#8211; 6h \u00e0s 18h<\/p>\n\n\n\n<p><strong>USF Dr. Rayol dos Santos<\/strong><br><strong>Endere\u00e7o: <\/strong>Rua Manoel Batista, s\/n, S\u00e3o Jorge<br><strong>Hor\u00e1rio de atendimento:<\/strong> Segunda a sexta-feira &#8211; 6h \u00e0s 18h<\/p>\n\n\n\n<p><strong>USF Santo Ant\u00f4nio<\/strong><br><strong>Endere\u00e7o:<\/strong> Rua Lauro Bittencourt, s\/n, Santo Ant\u00f4nio<br><strong>Hor\u00e1rio de atendimento:<\/strong> Segunda a sexta-feira &#8211; 7h \u00e0s 19h<\/p>\n\n\n\n<p><strong>USF Vila da Prata<\/strong><br><strong>Endere\u00e7o:<\/strong> Rua Ademar de Barros, s\/n, Vila da Prata<br><strong>Hor\u00e1rio de atendimento:<\/strong> Segunda a sexta-feira &#8211; 7h \u00e0s 19h<\/p>\n\n\n\n<p><strong>USF Maria Ida Mentoni<\/strong><br><strong>Endere\u00e7o:<\/strong> Rua Ajuricaba, s\/n, S\u00e3o Jorge<br><strong>Hor\u00e1rio de atendimento:<\/strong> Segunda a sexta-feira &#8211; 6h \u00e0s 18h<\/p>\n\n\n\n<p><\/p>\n","protected":false},"excerpt":{"rendered":"","protected":false},"author":27,"featured_media":0,"parent":213920,"menu_order":5,"comment_status":"closed","ping_status":"closed","template":"templates\/prefeitura.php","meta":{"footnotes":""},"acf":[],"yoast_head":"<!-- This site is optimized with the Yoast SEO plugin v23.0 - https:\/\/yoast.com\/wordpress\/plugins\/seo\/ -->\n<title>USF de hor\u00e1rio ampliado - SEMSA<\/title>\n<meta name=\"robots\" content=\"index, follow, max-snippet:-1, max-image-preview:large, max-video-preview:-1\" \/>\n<link rel=\"canonical\" href=\"https:\/\/www.manaus.am.gov.br\/semsa\/unidades-basicas-de-saude-ubs\/unidades-basicas-de-saude-de-horario-ampliado\/\" \/>\n<meta property=\"og:locale\" content=\"pt_BR\" \/>\n<meta property=\"og:type\" content=\"article\" \/>\n<meta property=\"og:title\" content=\"USF de hor\u00e1rio ampliado - SEMSA\" \/>\n<meta property=\"og:url\" content=\"https:\/\/www.manaus.am.gov.br\/semsa\/unidades-basicas-de-saude-ubs\/unidades-basicas-de-saude-de-horario-ampliado\/\" \/>\n<meta property=\"og:site_name\" content=\"SEMSA\" \/>\n<meta property=\"article:modified_time\" content=\"2026-03-24T15:21:02+00:00\" \/>\n<meta property=\"og:image\" content=\"https:\/\/www.manaus.am.gov.br\/semsa\/wp-content\/uploads\/sites\/8\/2024\/07\/thumb-default-2.png\" \/>\n\t<meta property=\"og:image:width\" content=\"966\" \/>\n\t<meta property=\"og:image:height\" content=\"520\" \/>\n\t<meta property=\"og:image:type\" content=\"image\/png\" \/>\n<meta name=\"twitter:card\" content=\"summary_large_image\" \/>\n<meta name=\"twitter:label1\" content=\"Est. reading time\" \/>\n\t<meta name=\"twitter:data1\" content=\"7 minutos\" \/>\n<script type=\"application\/ld+json\" class=\"yoast-schema-graph\">{\"@context\":\"https:\/\/schema.org\",\"@graph\":[{\"@type\":\"WebPage\",\"@id\":\"https:\/\/www.manaus.am.gov.br\/semsa\/unidades-basicas-de-saude-ubs\/unidades-basicas-de-saude-de-horario-ampliado\/\",\"url\":\"https:\/\/www.manaus.am.gov.br\/semsa\/unidades-basicas-de-saude-ubs\/unidades-basicas-de-saude-de-horario-ampliado\/\",\"name\":\"USF de hor\u00e1rio ampliado - SEMSA\",\"isPartOf\":{\"@id\":\"https:\/\/www.manaus.am.gov.br\/semsa\/#website\"},\"datePublished\":\"2023-12-28T13:28:45+00:00\",\"dateModified\":\"2026-03-24T15:21:02+00:00\",\"breadcrumb\":{\"@id\":\"https:\/\/www.manaus.am.gov.br\/semsa\/unidades-basicas-de-saude-ubs\/unidades-basicas-de-saude-de-horario-ampliado\/#breadcrumb\"},\"inLanguage\":\"pt-BR\",\"potentialAction\":[{\"@type\":\"ReadAction\",\"target\":[\"https:\/\/www.manaus.am.gov.br\/semsa\/unidades-basicas-de-saude-ubs\/unidades-basicas-de-saude-de-horario-ampliado\/\"]}]},{\"@type\":\"BreadcrumbList\",\"@id\":\"https:\/\/www.manaus.am.gov.br\/semsa\/unidades-basicas-de-saude-ubs\/unidades-basicas-de-saude-de-horario-ampliado\/#breadcrumb\",\"itemListElement\":[{\"@type\":\"ListItem\",\"position\":1,\"name\":\"Unidades B\u00e1sicas de Sa\u00fade &#8211; UBS\",\"item\":\"https:\/\/www.manaus.am.gov.br\/semsa\/unidades-basicas-de-saude-ubs\/\"},{\"@type\":\"ListItem\",\"position\":2,\"name\":\"USF de hor\u00e1rio ampliado\"}]},{\"@type\":\"WebSite\",\"@id\":\"https:\/\/www.manaus.am.gov.br\/semsa\/#website\",\"url\":\"https:\/\/www.manaus.am.gov.br\/semsa\/\",\"name\":\"SEMSA\",\"description\":\"Secretaria Municipal de Sa\u00fade\",\"alternateName\":\"Secretaria Municipal de Sa\u00fade\",\"potentialAction\":[{\"@type\":\"SearchAction\",\"target\":{\"@type\":\"EntryPoint\",\"urlTemplate\":\"https:\/\/www.manaus.am.gov.br\/semsa\/?s={search_term_string}\"},\"query-input\":\"required name=search_term_string\"}],\"inLanguage\":\"pt-BR\"}]}<\/script>\n<!-- \/ Yoast SEO plugin. -->","yoast_head_json":{"title":"USF de hor\u00e1rio ampliado - SEMSA","robots":{"index":"index","follow":"follow","max-snippet":"max-snippet:-1","max-image-preview":"max-image-preview:large","max-video-preview":"max-video-preview:-1"},"canonical":"https:\/\/www.manaus.am.gov.br\/semsa\/unidades-basicas-de-saude-ubs\/unidades-basicas-de-saude-de-horario-ampliado\/","og_locale":"pt_BR","og_type":"article","og_title":"USF de hor\u00e1rio ampliado - SEMSA","og_url":"https:\/\/www.manaus.am.gov.br\/semsa\/unidades-basicas-de-saude-ubs\/unidades-basicas-de-saude-de-horario-ampliado\/","og_site_name":"SEMSA","article_modified_time":"2026-03-24T15:21:02+00:00","og_image":[{"width":966,"height":520,"url":"https:\/\/www.manaus.am.gov.br\/semsa\/wp-content\/uploads\/sites\/8\/2024\/07\/thumb-default-2.png","type":"image\/png"}],"twitter_card":"summary_large_image","twitter_misc":{"Est. reading time":"7 minutos"},"schema":{"@context":"https:\/\/schema.org","@graph":[{"@type":"WebPage","@id":"https:\/\/www.manaus.am.gov.br\/semsa\/unidades-basicas-de-saude-ubs\/unidades-basicas-de-saude-de-horario-ampliado\/","url":"https:\/\/www.manaus.am.gov.br\/semsa\/unidades-basicas-de-saude-ubs\/unidades-basicas-de-saude-de-horario-ampliado\/","name":"USF de hor\u00e1rio ampliado - SEMSA","isPartOf":{"@id":"https:\/\/www.manaus.am.gov.br\/semsa\/#website"},"datePublished":"2023-12-28T13:28:45+00:00","dateModified":"2026-03-24T15:21:02+00:00","breadcrumb":{"@id":"https:\/\/www.manaus.am.gov.br\/semsa\/unidades-basicas-de-saude-ubs\/unidades-basicas-de-saude-de-horario-ampliado\/#breadcrumb"},"inLanguage":"pt-BR","potentialAction":[{"@type":"ReadAction","target":["https:\/\/www.manaus.am.gov.br\/semsa\/unidades-basicas-de-saude-ubs\/unidades-basicas-de-saude-de-horario-ampliado\/"]}]},{"@type":"BreadcrumbList","@id":"https:\/\/www.manaus.am.gov.br\/semsa\/unidades-basicas-de-saude-ubs\/unidades-basicas-de-saude-de-horario-ampliado\/#breadcrumb","itemListElement":[{"@type":"ListItem","position":1,"name":"Unidades B\u00e1sicas de Sa\u00fade &#8211; UBS","item":"https:\/\/www.manaus.am.gov.br\/semsa\/unidades-basicas-de-saude-ubs\/"},{"@type":"ListItem","position":2,"name":"USF de hor\u00e1rio ampliado"}]},{"@type":"WebSite","@id":"https:\/\/www.manaus.am.gov.br\/semsa\/#website","url":"https:\/\/www.manaus.am.gov.br\/semsa\/","name":"SEMSA","description":"Secretaria Municipal de Sa\u00fade","alternateName":"Secretaria Municipal de Sa\u00fade","potentialAction":[{"@type":"SearchAction","target":{"@type":"EntryPoint","urlTemplate":"https:\/\/www.manaus.am.gov.br\/semsa\/?s={search_term_string}"},"query-input":"required name=search_term_string"}],"inLanguage":"pt-BR"}]}},"_links":{"self":[{"href":"https:\/\/www.manaus.am.gov.br\/semsa\/wp-json\/wp\/v2\/pages\/213987"}],"collection":[{"href":"https:\/\/www.manaus.am.gov.br\/semsa\/wp-json\/wp\/v2\/pages"}],"about":[{"href":"https:\/\/www.manaus.am.gov.br\/semsa\/wp-json\/wp\/v2\/types\/page"}],"author":[{"embeddable":true,"href":"https:\/\/www.manaus.am.gov.br\/semsa\/wp-json\/wp\/v2\/users\/27"}],"replies":[{"embeddable":true,"href":"https:\/\/www.manaus.am.gov.br\/semsa\/wp-json\/wp\/v2\/comments?post=213987"}],"version-history":[{"count":67,"href":"https:\/\/www.manaus.am.gov.br\/semsa\/wp-json\/wp\/v2\/pages\/213987\/revisions"}],"predecessor-version":[{"id":228215,"href":"https:\/\/www.manaus.am.gov.br\/semsa\/wp-json\/wp\/v2\/pages\/213987\/revisions\/228215"}],"up":[{"embeddable":true,"href":"https:\/\/www.manaus.am.gov.br\/semsa\/wp-json\/wp\/v2\/pages\/213920"}],"wp:attachment":[{"href":"https:\/\/www.manaus.am.gov.br\/semsa\/wp-json\/wp\/v2\/media?parent=213987"}],"curies":[{"name":"wp","href":"https:\/\/api.w.org\/{rel}","templated":true}]}}