{"id":213967,"date":"2023-12-27T15:28:32","date_gmt":"2023-12-27T19:28:32","guid":{"rendered":"https:\/\/www.manaus.am.gov.br\/semsa\/?page_id=213967"},"modified":"2025-07-25T15:32:23","modified_gmt":"2025-07-25T19:32:23","slug":"zona-leste","status":"publish","type":"page","link":"https:\/\/www.manaus.am.gov.br\/semsa\/unidades-basicas-de-saude-ubs\/zona-leste\/","title":{"rendered":"Zona Leste"},"content":{"rendered":"\n<p><a href=\"https:\/\/www.manaus.am.gov.br\/semsa\/unidades-basicas-de-saude-ubs\/unidade-de-saude-da-familia-gebes-de-melo-medeiros-filho\/\">Unidade de Sa\u00fade da Fam\u00edlia Gebes de Melo Medeiros Filho<\/a><\/p>\n\n\n\n<p><\/p>\n\n\n\n<p><a href=\"https:\/\/www.manaus.am.gov.br\/semsa\/unidades-basicas-de-saude-ubs\/unidade-de-saude-da-familia-desembargador-fabio-do-couto-valle\/\">Unidade de Sa\u00fade da Fam\u00edlia Desembargador F\u00e1bio do Couto Valle<\/a><\/p>\n\n\n\n<p><\/p>\n\n\n\n<p><a href=\"https:\/\/www.manaus.am.gov.br\/semsa\/unidades-basicas-de-saude-ubs\/unidade-de-saude-da-familia-senador-severiano-nunes\/\">Unidade de Sa\u00fade da Fam\u00edlia Senador Severiano Nunes<\/a><\/p>\n\n\n\n<p><\/p>\n\n\n\n<p><a href=\"https:\/\/www.manaus.am.gov.br\/semsa\/unidades-basicas-de-saude-ubs\/unidade-de-saude-da-familia-agnaldo-gomes-da-costa\/\">Unidade de Sa\u00fade da Fam\u00edlia Agnaldo Gomes da Costa<\/a><\/p>\n\n\n\n<p><\/p>\n\n\n\n<p><a href=\"https:\/\/www.manaus.am.gov.br\/semsa\/unidades-basicas-de-saude-ubs\/unidade-de-saude-da-familia-luiza-do-carmo-ribeiro-fernandes\/\">Unidade de Sa\u00fade da Fam\u00edlia Luiza do Carmo Ribeiro Fernandes<\/a><\/p>\n\n\n\n<p><\/p>\n\n\n\n<p><a href=\"https:\/\/www.manaus.am.gov.br\/semsa\/unidades-basicas-de-saude-ubs\/unidade-de-saude-da-familia-alfredo-campos\/\">Unidade de Sa\u00fade da Fam\u00edlia Alfredo Campos<\/a><\/p>\n\n\n\n<p><\/p>\n\n\n\n<p><a href=\"https:\/\/www.manaus.am.gov.br\/semsa\/unidades-basicas-de-saude-ubs\/unidade-de-saude-da-familia-dr-jose-amazonas-palhano\/\">Unidade de Sa\u00fade da Fam\u00edlia Dr. Jos\u00e9 Amazonas Palhano<\/a><\/p>\n\n\n\n<p><\/p>\n\n\n\n<p><a href=\"https:\/\/www.manaus.am.gov.br\/semsa\/unidades-basicas-de-saude-ubs\/unidade-basica-de-saude-da-familia-geraldo-magela\/\">Unidade B\u00e1sica de Sa\u00fade da Fam\u00edlia Geraldo Magela<\/a><\/p>\n\n\n\n<p><\/p>\n\n\n\n<p><a href=\"https:\/\/www.manaus.am.gov.br\/semsa\/unidades-basicas-de-saude-ubs\/unidade-basica-de-saude-da-familia-maria-leonor-brilhante\/\">Unidade B\u00e1sica de Sa\u00fade da Fam\u00edlia Maria Leonor Brilhante<\/a><\/p>\n\n\n\n<p><\/p>\n\n\n\n<p><a href=\"https:\/\/www.manaus.am.gov.br\/semsa\/unidades-basicas-de-saude-ubs\/unidade-de-saude-da-familia-gilson-moreira\/\">Unidade de Sa\u00fade da Fam\u00edlia Gilson Moreira<\/a><\/p>\n\n\n\n<p><\/p>\n\n\n\n<p><a href=\"https:\/\/www.manaus.am.gov.br\/semsa\/unidades-basicas-de-saude-ubs\/unidade-de-saude-da-familia-guilherme-alexandre\/\">Unidade de Sa\u00fade da Fam\u00edlia Guilherme Alexandre<\/a><\/p>\n\n\n\n<p><\/p>\n\n\n\n<p><a href=\"https:\/\/www.manaus.am.gov.br\/semsa\/unidades-basicas-de-saude-ubs\/unidade-de-saude-da-familia-enf-ivone-lima-dos-santos\/\">Unidade de Sa\u00fade da Fam\u00edlia Enf. Ivone Lima dos Santos<\/a><\/p>\n\n\n\n<p><\/p>\n\n\n\n<p><a href=\"https:\/\/www.manaus.am.gov.br\/semsa\/unidades-basicas-de-saude-ubs\/unidade-de-saude-da-familia-joao-nogueira-da-matta\/\">Unidade de Sa\u00fade da Fam\u00edlia Jo\u00e3o Nogueira da Matta<\/a><\/p>\n\n\n\n<p><\/p>\n\n\n\n<p><a href=\"https:\/\/www.manaus.am.gov.br\/semsa\/unidades-basicas-de-saude-ubs\/unidade-de-saude-da-familia-jose-avelino-pereira\/\">Unidade de Sa\u00fade da Fam\u00edlia Jos\u00e9 Avelino Pereira<\/a><\/p>\n\n\n\n<p><\/p>\n\n\n\n<p><a href=\"https:\/\/www.manaus.am.gov.br\/semsa\/unidades-basicas-de-saude-ubs\/unidade-de-saude-da-familia-josephina-de-mello\/\">Unidade de Sa\u00fade da Fam\u00edlia Josephina de Mello<\/a><\/p>\n\n\n\n<p><\/p>\n\n\n\n<p><a href=\"https:\/\/www.manaus.am.gov.br\/semsa\/unidades-basicas-de-saude-ubs\/unidade-de-saude-da-familia-l-01\/\">Unidade de Sa\u00fade da Fam\u00edlia L 01<\/a><\/p>\n\n\n\n<p><\/p>\n\n\n\n<p><a href=\"https:\/\/www.manaus.am.gov.br\/semsa\/unidades-basicas-de-saude-ubs\/unidade-de-saude-da-familia-l-03\/\">Unidade de Sa\u00fade da Fam\u00edlia L 03<\/a><\/p>\n\n\n\n<p><\/p>\n\n\n\n<p><a href=\"https:\/\/www.manaus.am.gov.br\/semsa\/unidades-basicas-de-saude-ubs\/unidade-de-saude-da-familia-l-04\/\">Unidade de Sa\u00fade da Fam\u00edlia L 04<\/a><\/p>\n\n\n\n<p><\/p>\n\n\n\n<p><a href=\"https:\/\/www.manaus.am.gov.br\/semsa\/unidades-basicas-de-saude-ubs\/unidade-de-saude-da-familia-l-05\/\">Unidade de Sa\u00fade da Fam\u00edlia L 05<\/a><\/p>\n\n\n\n<p><\/p>\n\n\n\n<p><a href=\"https:\/\/www.manaus.am.gov.br\/semsa\/unidades-basicas-de-saude-ubs\/unidade-de-saude-da-familia-l-06\/\">Unidade de Sa\u00fade da Fam\u00edlia L 06<\/a><\/p>\n\n\n\n<p><\/p>\n\n\n\n<p><a href=\"https:\/\/www.manaus.am.gov.br\/semsa\/unidades-basicas-de-saude-ubs\/unidade-de-saude-da-familia-l-08\/\">Unidade de Sa\u00fade da Fam\u00edlia L 08<\/a><\/p>\n\n\n\n<p><\/p>\n\n\n\n<p><a href=\"https:\/\/www.manaus.am.gov.br\/semsa\/unidades-basicas-de-saude-ubs\/unidade-de-saude-da-familia-l-13\/\">Unidade de Sa\u00fade da Fam\u00edlia L 13<\/a><\/p>\n\n\n\n<p><\/p>\n\n\n\n<p><a href=\"https:\/\/www.manaus.am.gov.br\/semsa\/unidades-basicas-de-saude-ubs\/unidade-de-saude-da-familia-l-14\/\">Unidade de Sa\u00fade da Fam\u00edlia L 14<\/a><\/p>\n\n\n\n<p><\/p>\n\n\n\n<p><a href=\"https:\/\/www.manaus.am.gov.br\/semsa\/unidades-basicas-de-saude-ubs\/unidade-de-saude-da-familia-l-15\/\">Unidade de Sa\u00fade da Fam\u00edlia L 15<\/a><\/p>\n\n\n\n<p><\/p>\n\n\n\n<p><a href=\"https:\/\/www.manaus.am.gov.br\/semsa\/unidades-basicas-de-saude-ubs\/unidade-de-saude-da-familia-l-16\/\">Unidade de Sa\u00fade da Fam\u00edlia L 16<\/a><\/p>\n\n\n\n<p><\/p>\n\n\n\n<p><a href=\"https:\/\/www.manaus.am.gov.br\/semsa\/unidades-basicas-de-saude-ubs\/unidade-de-saude-da-familia-l-18\/\">Unidade de Sa\u00fade da Fam\u00edlia L 18<\/a><\/p>\n\n\n\n<p><\/p>\n\n\n\n<p><a href=\"https:\/\/www.manaus.am.gov.br\/semsa\/unidades-basicas-de-saude-ubs\/unidade-de-saude-da-familia-l-19\/\">Unidade de Sa\u00fade da Fam\u00edlia L 19<\/a><\/p>\n\n\n\n<p><\/p>\n\n\n\n<p><a href=\"https:\/\/www.manaus.am.gov.br\/semsa\/unidades-basicas-de-saude-ubs\/unidade-de-saude-da-familia-l-24\/\">Unidade de Sa\u00fade da Fam\u00edlia L 24<\/a><\/p>\n\n\n\n<p><\/p>\n\n\n\n<p><a href=\"https:\/\/www.manaus.am.gov.br\/semsa\/unidades-basicas-de-saude-ubs\/unidade-de-saude-da-familia-l-29\/\">Unidade de Sa\u00fade da Fam\u00edlia L 29<\/a><\/p>\n\n\n\n<p><\/p>\n\n\n\n<p><a href=\"https:\/\/www.manaus.am.gov.br\/semsa\/unidades-basicas-de-saude-ubs\/unidade-de-saude-da-familia-l-30\/\">Unidade de Sa\u00fade da Fam\u00edlia L 30<\/a><\/p>\n\n\n\n<p><\/p>\n\n\n\n<p><a href=\"https:\/\/www.manaus.am.gov.br\/semsa\/unidades-basicas-de-saude-ubs\/unidade-de-saude-da-familia-l-31\/\">Unidade de Sa\u00fade da Fam\u00edlia L 31<\/a><\/p>\n\n\n\n<p><\/p>\n\n\n\n<p><a href=\"https:\/\/www.manaus.am.gov.br\/semsa\/unidades-basicas-de-saude-ubs\/unidade-de-saude-da-familia-l-32\/\">Unidade de Sa\u00fade da Fam\u00edlia L 32<\/a><\/p>\n\n\n\n<p><\/p>\n\n\n\n<p><a href=\"https:\/\/www.manaus.am.gov.br\/semsa\/unidades-basicas-de-saude-ubs\/unidade-de-saude-da-familia-l-34\/\">Unidade de Sa\u00fade da Fam\u00edlia L 34<\/a><\/p>\n\n\n\n<p><\/p>\n\n\n\n<p><a href=\"https:\/\/www.manaus.am.gov.br\/semsa\/unidades-basicas-de-saude-ubs\/unidade-de-saude-da-familia-l-36\/\">Unidade de Sa\u00fade da Fam\u00edlia L 36<\/a><\/p>\n\n\n\n<p><\/p>\n\n\n\n<p><a href=\"https:\/\/www.manaus.am.gov.br\/semsa\/unidades-basicas-de-saude-ubs\/unidade-de-saude-da-familia-l-37\/\">Unidade de Sa\u00fade da Fam\u00edlia L 37<\/a><\/p>\n\n\n\n<p><\/p>\n\n\n\n<p><a href=\"https:\/\/www.manaus.am.gov.br\/semsa\/unidades-basicas-de-saude-ubs\/unidade-de-saude-da-familia-l-42\/\">Unidade de Sa\u00fade da Fam\u00edlia L 42<\/a><\/p>\n\n\n\n<p><\/p>\n\n\n\n<p><a href=\"https:\/\/www.manaus.am.gov.br\/semsa\/unidades-basicas-de-saude-ubs\/unidade-de-saude-da-familia-l-44\/\">Unidade de Sa\u00fade da Fam\u00edlia L 44<\/a><\/p>\n\n\n\n<p><\/p>\n\n\n\n<p><a href=\"https:\/\/www.manaus.am.gov.br\/semsa\/unidades-basicas-de-saude-ubs\/unidade-de-saude-da-familia-l-45\/\">Unidade de Sa\u00fade da Fam\u00edlia L 45<\/a><\/p>\n\n\n\n<p><\/p>\n\n\n\n<p><a href=\"https:\/\/www.manaus.am.gov.br\/semsa\/unidades-basicas-de-saude-ubs\/unidade-de-saude-da-familia-l-46\/\">Unidade de Sa\u00fade da Fam\u00edlia L 46<\/a><\/p>\n\n\n\n<p><\/p>\n\n\n\n<p><a href=\"https:\/\/www.manaus.am.gov.br\/semsa\/unidades-basicas-de-saude-ubs\/unidade-de-saude-da-familia-l-47\/\">Unidade de Sa\u00fade da Fam\u00edlia L 47<\/a><\/p>\n\n\n\n<p><\/p>\n\n\n\n<p><a href=\"https:\/\/www.manaus.am.gov.br\/semsa\/unidades-basicas-de-saude-ubs\/unidade-de-saude-lago-do-aleixo\/\">Unidade de Sa\u00fade da Fam\u00edlia Lago do Aleixo<\/a><\/p>\n\n\n\n<p><\/p>\n\n\n\n<p><a href=\"https:\/\/www.manaus.am.gov.br\/semsa\/unidades-basicas-de-saude-ubs\/unidade-de-saude-da-familia-mauazinho\/\">Unidade de Sa\u00fade da Fam\u00edlia Mauazinho<\/a><\/p>\n\n\n\n<p><\/p>\n\n\n\n<p><a href=\"https:\/\/www.manaus.am.gov.br\/semsa\/unidades-basicas-de-saude-ubs\/unidade-de-saude-da-familia-nova-esperanca\/\">Unidade de Sa\u00fade da Fam\u00edlia Nova Esperan\u00e7a<\/a><\/p>\n\n\n\n<p><\/p>\n\n\n\n<p><a href=\"https:\/\/www.manaus.am.gov.br\/semsa\/unidades-basicas-de-saude-ubs\/unidade-de-saude-da-familia-platao-araujo\/\">Unidade de Sa\u00fade da Fam\u00edlia Plat\u00e3o Ara\u00fajo<\/a><\/p>\n\n\n\n<p><\/p>\n\n\n\n<p><a href=\"https:\/\/www.manaus.am.gov.br\/semsa\/unidade-de-saude-da-familia-dr-silas-de-oliveira-santos\/\">Unidade de Sa\u00fade da Fam\u00edlia Dr. Silas de Oliveira Santos<\/a><\/p>\n\n\n\n<p><\/p>\n\n\n\n<p><a href=\"https:\/\/www.manaus.am.gov.br\/semsa\/unidade-de-saude-da-familia-dr-waldir-bugalho-de-medeiros\/\">Unidade de Sa\u00fade da Fam\u00edlia Dr. Waldir Bugalho de Medeiros<\/a><\/p>\n\n\n\n<p><\/p>\n","protected":false},"excerpt":{"rendered":"","protected":false},"author":27,"featured_media":0,"parent":213920,"menu_order":3,"comment_status":"closed","ping_status":"closed","template":"templates\/prefeitura.php","meta":{"footnotes":""},"acf":[],"yoast_head":"<!-- This site is optimized with the Yoast SEO plugin v23.0 - https:\/\/yoast.com\/wordpress\/plugins\/seo\/ -->\n<title>Zona Leste - SEMSA<\/title>\n<meta name=\"robots\" content=\"index, follow, max-snippet:-1, max-image-preview:large, max-video-preview:-1\" \/>\n<link rel=\"canonical\" href=\"https:\/\/www.manaus.am.gov.br\/semsa\/unidades-basicas-de-saude-ubs\/zona-leste\/\" \/>\n<meta property=\"og:locale\" content=\"pt_BR\" \/>\n<meta property=\"og:type\" content=\"article\" \/>\n<meta property=\"og:title\" content=\"Zona Leste - SEMSA\" \/>\n<meta property=\"og:url\" content=\"https:\/\/www.manaus.am.gov.br\/semsa\/unidades-basicas-de-saude-ubs\/zona-leste\/\" \/>\n<meta property=\"og:site_name\" content=\"SEMSA\" \/>\n<meta property=\"article:modified_time\" content=\"2025-07-25T19:32:23+00:00\" \/>\n<meta property=\"og:image\" content=\"https:\/\/www.manaus.am.gov.br\/semsa\/wp-content\/uploads\/sites\/8\/2024\/07\/thumb-default-2.png\" \/>\n\t<meta property=\"og:image:width\" content=\"966\" \/>\n\t<meta property=\"og:image:height\" content=\"520\" \/>\n\t<meta property=\"og:image:type\" content=\"image\/png\" \/>\n<meta name=\"twitter:card\" content=\"summary_large_image\" \/>\n<meta name=\"twitter:label1\" content=\"Est. reading time\" \/>\n\t<meta name=\"twitter:data1\" content=\"2 minutos\" \/>\n<script type=\"application\/ld+json\" class=\"yoast-schema-graph\">{\"@context\":\"https:\/\/schema.org\",\"@graph\":[{\"@type\":\"WebPage\",\"@id\":\"https:\/\/www.manaus.am.gov.br\/semsa\/unidades-basicas-de-saude-ubs\/zona-leste\/\",\"url\":\"https:\/\/www.manaus.am.gov.br\/semsa\/unidades-basicas-de-saude-ubs\/zona-leste\/\",\"name\":\"Zona Leste - SEMSA\",\"isPartOf\":{\"@id\":\"https:\/\/www.manaus.am.gov.br\/semsa\/#website\"},\"datePublished\":\"2023-12-27T19:28:32+00:00\",\"dateModified\":\"2025-07-25T19:32:23+00:00\",\"breadcrumb\":{\"@id\":\"https:\/\/www.manaus.am.gov.br\/semsa\/unidades-basicas-de-saude-ubs\/zona-leste\/#breadcrumb\"},\"inLanguage\":\"pt-BR\",\"potentialAction\":[{\"@type\":\"ReadAction\",\"target\":[\"https:\/\/www.manaus.am.gov.br\/semsa\/unidades-basicas-de-saude-ubs\/zona-leste\/\"]}]},{\"@type\":\"BreadcrumbList\",\"@id\":\"https:\/\/www.manaus.am.gov.br\/semsa\/unidades-basicas-de-saude-ubs\/zona-leste\/#breadcrumb\",\"itemListElement\":[{\"@type\":\"ListItem\",\"position\":1,\"name\":\"Unidades B\u00e1sicas de Sa\u00fade &#8211; UBS\",\"item\":\"https:\/\/www.manaus.am.gov.br\/semsa\/unidades-basicas-de-saude-ubs\/\"},{\"@type\":\"ListItem\",\"position\":2,\"name\":\"Zona Leste\"}]},{\"@type\":\"WebSite\",\"@id\":\"https:\/\/www.manaus.am.gov.br\/semsa\/#website\",\"url\":\"https:\/\/www.manaus.am.gov.br\/semsa\/\",\"name\":\"SEMSA\",\"description\":\"Secretaria Municipal de Sa\u00fade\",\"alternateName\":\"Secretaria Municipal de Sa\u00fade\",\"potentialAction\":[{\"@type\":\"SearchAction\",\"target\":{\"@type\":\"EntryPoint\",\"urlTemplate\":\"https:\/\/www.manaus.am.gov.br\/semsa\/?s={search_term_string}\"},\"query-input\":\"required name=search_term_string\"}],\"inLanguage\":\"pt-BR\"}]}<\/script>\n<!-- \/ Yoast SEO plugin. -->","yoast_head_json":{"title":"Zona Leste - SEMSA","robots":{"index":"index","follow":"follow","max-snippet":"max-snippet:-1","max-image-preview":"max-image-preview:large","max-video-preview":"max-video-preview:-1"},"canonical":"https:\/\/www.manaus.am.gov.br\/semsa\/unidades-basicas-de-saude-ubs\/zona-leste\/","og_locale":"pt_BR","og_type":"article","og_title":"Zona Leste - SEMSA","og_url":"https:\/\/www.manaus.am.gov.br\/semsa\/unidades-basicas-de-saude-ubs\/zona-leste\/","og_site_name":"SEMSA","article_modified_time":"2025-07-25T19:32:23+00:00","og_image":[{"width":966,"height":520,"url":"https:\/\/www.manaus.am.gov.br\/semsa\/wp-content\/uploads\/sites\/8\/2024\/07\/thumb-default-2.png","type":"image\/png"}],"twitter_card":"summary_large_image","twitter_misc":{"Est. reading time":"2 minutos"},"schema":{"@context":"https:\/\/schema.org","@graph":[{"@type":"WebPage","@id":"https:\/\/www.manaus.am.gov.br\/semsa\/unidades-basicas-de-saude-ubs\/zona-leste\/","url":"https:\/\/www.manaus.am.gov.br\/semsa\/unidades-basicas-de-saude-ubs\/zona-leste\/","name":"Zona Leste - SEMSA","isPartOf":{"@id":"https:\/\/www.manaus.am.gov.br\/semsa\/#website"},"datePublished":"2023-12-27T19:28:32+00:00","dateModified":"2025-07-25T19:32:23+00:00","breadcrumb":{"@id":"https:\/\/www.manaus.am.gov.br\/semsa\/unidades-basicas-de-saude-ubs\/zona-leste\/#breadcrumb"},"inLanguage":"pt-BR","potentialAction":[{"@type":"ReadAction","target":["https:\/\/www.manaus.am.gov.br\/semsa\/unidades-basicas-de-saude-ubs\/zona-leste\/"]}]},{"@type":"BreadcrumbList","@id":"https:\/\/www.manaus.am.gov.br\/semsa\/unidades-basicas-de-saude-ubs\/zona-leste\/#breadcrumb","itemListElement":[{"@type":"ListItem","position":1,"name":"Unidades B\u00e1sicas de Sa\u00fade &#8211; UBS","item":"https:\/\/www.manaus.am.gov.br\/semsa\/unidades-basicas-de-saude-ubs\/"},{"@type":"ListItem","position":2,"name":"Zona Leste"}]},{"@type":"WebSite","@id":"https:\/\/www.manaus.am.gov.br\/semsa\/#website","url":"https:\/\/www.manaus.am.gov.br\/semsa\/","name":"SEMSA","description":"Secretaria Municipal de Sa\u00fade","alternateName":"Secretaria Municipal de Sa\u00fade","potentialAction":[{"@type":"SearchAction","target":{"@type":"EntryPoint","urlTemplate":"https:\/\/www.manaus.am.gov.br\/semsa\/?s={search_term_string}"},"query-input":"required name=search_term_string"}],"inLanguage":"pt-BR"}]}},"_links":{"self":[{"href":"https:\/\/www.manaus.am.gov.br\/semsa\/wp-json\/wp\/v2\/pages\/213967"}],"collection":[{"href":"https:\/\/www.manaus.am.gov.br\/semsa\/wp-json\/wp\/v2\/pages"}],"about":[{"href":"https:\/\/www.manaus.am.gov.br\/semsa\/wp-json\/wp\/v2\/types\/page"}],"author":[{"embeddable":true,"href":"https:\/\/www.manaus.am.gov.br\/semsa\/wp-json\/wp\/v2\/users\/27"}],"replies":[{"embeddable":true,"href":"https:\/\/www.manaus.am.gov.br\/semsa\/wp-json\/wp\/v2\/comments?post=213967"}],"version-history":[{"count":45,"href":"https:\/\/www.manaus.am.gov.br\/semsa\/wp-json\/wp\/v2\/pages\/213967\/revisions"}],"predecessor-version":[{"id":224505,"href":"https:\/\/www.manaus.am.gov.br\/semsa\/wp-json\/wp\/v2\/pages\/213967\/revisions\/224505"}],"up":[{"embeddable":true,"href":"https:\/\/www.manaus.am.gov.br\/semsa\/wp-json\/wp\/v2\/pages\/213920"}],"wp:attachment":[{"href":"https:\/\/www.manaus.am.gov.br\/semsa\/wp-json\/wp\/v2\/media?parent=213967"}],"curies":[{"name":"wp","href":"https:\/\/api.w.org\/{rel}","templated":true}]}}