{"id":213956,"date":"2023-12-27T14:23:55","date_gmt":"2023-12-27T18:23:55","guid":{"rendered":"https:\/\/www.manaus.am.gov.br\/semsa\/?page_id=213956"},"modified":"2026-03-31T15:11:14","modified_gmt":"2026-03-31T19:11:14","slug":"zona-sul","status":"publish","type":"page","link":"https:\/\/www.manaus.am.gov.br\/semsa\/unidades-basicas-de-saude-ubs\/zona-sul\/","title":{"rendered":"Zona Sul"},"content":{"rendered":"\n<p><a href=\"https:\/\/www.manaus.am.gov.br\/semsa\/unidades-basicas-de-saude-ubs\/unidade-de-saude-ilidio-de-almeida-lima\/\">Unidade de Sa\u00fade da Fam\u00edlia Il\u00eddio de Almeida Lima<\/a><\/p>\n\n\n\n<p><\/p>\n\n\n\n<p><a href=\"https:\/\/www.manaus.am.gov.br\/semsa\/unidades-basicas-de-saude-ubs\/unidade-de-saude-da-familia-rosa-pereira-de-almeida\/\">Unidade de Sa\u00fade da Fam\u00edlia Rosa Pereira de Almeida<\/a><\/p>\n\n\n\n<p><\/p>\n\n\n\n<p><a href=\"https:\/\/www.manaus.am.gov.br\/semsa\/unidades-basicas-de-saude-ubs\/unidade-de-saude-da-familia-benedito-batista-de-almeida\/\">Unidade de Sa\u00fade da Fam\u00edlia Benedito Batista de Almeida<\/a><\/p>\n\n\n\n<p><\/p>\n\n\n\n<p><a href=\"https:\/\/www.manaus.am.gov.br\/semsa\/?page_id=218231\">Unidade de Sa\u00fade da Fam\u00edlia Megumo Kado<\/a><\/p>\n\n\n\n<p><\/p>\n\n\n\n<p><a href=\"https:\/\/www.manaus.am.gov.br\/semsa\/unidades-basicas-de-saude-ubs\/unidade-de-saude-da-familia-dr-antonio-reis\/\">Unidade de Sa\u00fade da Fam\u00edlia Dr. Ant\u00f4nio Reis<\/a><\/p>\n\n\n\n<p><\/p>\n\n\n\n<p><a href=\"https:\/\/www.manaus.am.gov.br\/semsa\/unidades-basicas-de-saude-ubs\/unidade-de-saude-da-familia-almir-pedreira\/\">Unidade de Sa\u00fade da Fam\u00edlia Almir Pedreira<\/a><\/p>\n\n\n\n<p><\/p>\n\n\n\n<p><a href=\"https:\/\/www.manaus.am.gov.br\/semsa\/unidades-basicas-de-saude-ubs\/unidade-de-saude-da-familia-jose-rayol-dos-santos\/\">Unidade de Sa\u00fade da Fam\u00edlia Jos\u00e9 Rayol dos Santos<\/a><\/p>\n\n\n\n<p><\/p>\n\n\n\n<p><a href=\"https:\/\/www.manaus.am.gov.br\/semsa\/?page_id=218125\">Unidade de Sa\u00fade da Fam\u00edlia Petr\u00f3polis<\/a><\/p>\n\n\n\n<p><\/p>\n\n\n\n<p><a href=\"https:\/\/www.manaus.am.gov.br\/semsa\/unidades-basicas-de-saude-ubs\/unidade-basica-de-saude-lucio-flavio-de-vasconcelos-dias\/\">Unidade B\u00e1sica de Sa\u00fade L\u00facio Fl\u00e1vio de Vasconcelos Dias<\/a><\/p>\n\n\n\n<p><\/p>\n\n\n\n<p><a href=\"https:\/\/www.manaus.am.gov.br\/semsa\/unidades-basicas-de-saude-ubs\/unidade-de-saude-da-familia-frank-rosemberg-calderon\/\">Unidade de Sa\u00fade da Fam\u00edlia Frank Rosemberg Calderon<\/a> <\/p>\n\n\n\n<p><\/p>\n\n\n\n<p><a href=\"https:\/\/www.manaus.am.gov.br\/semsa\/unidades-basicas-de-saude-ubs\/unidade-de-saude-da-familia-japiim\/\">Unidade de Sa\u00fade da Fam\u00edlia Japiim<\/a><\/p>\n\n\n\n<p><\/p>\n\n\n\n<p><a href=\"https:\/\/www.manaus.am.gov.br\/semsa\/unidades-basicas-de-saude-ubs\/unidade-de-saude-da-familia-lourenco-borghi\/\">Unidade de Sa\u00fade da Fam\u00edlia Louren\u00e7o Borghi<\/a><\/p>\n\n\n\n<p><\/p>\n\n\n\n<p><a href=\"https:\/\/www.manaus.am.gov.br\/semsa\/unidades-basicas-de-saude-ubs\/unidade-de-saude-da-familia-dr-luiz-montenegro\/\">Unidade de Sa\u00fade da Fam\u00edlia Dr. Luiz Montenegro<\/a><\/p>\n\n\n\n<p><\/p>\n\n\n\n<p><a href=\"https:\/\/www.manaus.am.gov.br\/semsa\/unidades-basicas-de-saude-ubs\/unidade-de-saude-da-familia-nilton-lins\/\">Unidade de Sa\u00fade da Fam\u00edlia Nilton Lins<\/a><\/p>\n\n\n\n<p><\/p>\n\n\n\n<p><a href=\"https:\/\/www.manaus.am.gov.br\/semsa\/unidades-basicas-de-saude-ubs\/unidade-de-saude-da-familia-s-01\/\">Unidade de Sa\u00fade da Fam\u00edlia S 01<\/a><\/p>\n\n\n\n<p><\/p>\n\n\n\n<p><a href=\"https:\/\/www.manaus.am.gov.br\/semsa\/unidade-de-saude-da-familia-s-02\/\">Unidade de Sa\u00fade da Fam\u00edlia S 02<\/a><\/p>\n\n\n\n<p><\/p>\n\n\n\n<p><a href=\"https:\/\/www.manaus.am.gov.br\/semsa\/unidades-basicas-de-saude-ubs\/unidade-de-saude-da-familia-s-04\/\">Unidade de Sa\u00fade da Fam\u00edlia S 04<\/a><\/p>\n\n\n\n<p><\/p>\n\n\n\n<p><a href=\"https:\/\/www.manaus.am.gov.br\/semsa\/unidades-basicas-de-saude-ubs\/unidade-de-saude-da-familia-s-05\/\">Unidade de Sa\u00fade da Fam\u00edlia S 05<\/a><\/p>\n\n\n\n<p><\/p>\n\n\n\n<p><a href=\"https:\/\/www.manaus.am.gov.br\/semsa\/unidades-basicas-de-saude-ubs\/unidade-de-saude-da-familia-s-06\/\">Unidade de Sa\u00fade da Fam\u00edlia S 06<\/a><\/p>\n\n\n\n<p><\/p>\n\n\n\n<p><a href=\"https:\/\/www.manaus.am.gov.br\/semsa\/unidades-basicas-de-saude-ubs\/unidade-de-saude-da-familia-s-08\/\">Unidade de Sa\u00fade da Fam\u00edlia S 08<\/a><\/p>\n\n\n\n<p><\/p>\n\n\n\n<p><a href=\"https:\/\/www.manaus.am.gov.br\/semsa\/unidades-basicas-de-saude-ubs\/unidade-de-saude-da-familia-s-07\/\">Unidade de Sa\u00fade da Fam\u00edlia S 07<\/a><\/p>\n\n\n\n<p><\/p>\n\n\n\n<p><a href=\"https:\/\/www.manaus.am.gov.br\/semsa\/unidades-basicas-de-saude-ubs\/unidade-de-saude-da-familia-s-11\/\">Unidade de Sa\u00fade da Fam\u00edlia S 11<\/a><\/p>\n\n\n\n<p><\/p>\n\n\n\n<p><a href=\"https:\/\/www.manaus.am.gov.br\/semsa\/unidades-basicas-de-saude-ubs\/unidade-de-saude-da-familia-s-12\/\">Unidade de Sa\u00fade da Fam\u00edlia S 12<\/a><\/p>\n\n\n\n<p><\/p>\n\n\n\n<p><a href=\"https:\/\/www.manaus.am.gov.br\/semsa\/unidades-basicas-de-saude-ubs\/unidade-de-saude-da-familia-s-13\/\">Unidade de Sa\u00fade da Fam\u00edlia S 13<\/a><\/p>\n\n\n\n<p><\/p>\n\n\n\n<p><a href=\"https:\/\/www.manaus.am.gov.br\/semsa\/unidades-basicas-de-saude-ubs\/unidade-de-saude-da-familia-s-14\/\">Unidade de Sa\u00fade da Fam\u00edlia S 14<\/a><\/p>\n\n\n\n<p><\/p>\n\n\n\n<p><a href=\"https:\/\/www.manaus.am.gov.br\/semsa\/unidades-basicas-de-saude-ubs\/unidade-de-saude-da-familia-s-21\/\">Unidade de Sa\u00fade da Fam\u00edlia S 21<\/a><\/p>\n\n\n\n<p><\/p>\n\n\n\n<p><a href=\"https:\/\/www.manaus.am.gov.br\/semsa\/unidades-basicas-de-saude-ubs\/unidade-de-saude-da-familia-s-27\/\">Unidade de Sa\u00fade da Fam\u00edlia S 27<\/a><\/p>\n\n\n\n<p><\/p>\n\n\n\n<p><a href=\"https:\/\/www.manaus.am.gov.br\/semsa\/unidades-basicas-de-saude-ubs\/unidade-de-saude-da-familia-s-29\/\">Unidade de Sa\u00fade da Fam\u00edlia S 29<\/a><\/p>\n\n\n\n<p><\/p>\n\n\n\n<p><a href=\"https:\/\/www.manaus.am.gov.br\/semsa\/unidades-basicas-de-saude-ubs\/unidade-de-saude-da-familia-s-32\/\">Unidade de Sa\u00fade da Fam\u00edlia S 32<\/a><\/p>\n\n\n\n<p><\/p>\n\n\n\n<p><a href=\"https:\/\/www.manaus.am.gov.br\/semsa\/unidades-basicas-de-saude-ubs\/unidade-de-saude-da-familia-s-33\/\">Unidade de Sa\u00fade da Fam\u00edlia S 33<\/a><\/p>\n\n\n\n<p><\/p>\n\n\n\n<p><a href=\"https:\/\/www.manaus.am.gov.br\/semsa\/unidades-basicas-de-saude-ubs\/unidade-de-saude-da-familia-s-35\/\">Unidade de Sa\u00fade da Fam\u00edlia S 35<\/a><\/p>\n\n\n\n<p><\/p>\n\n\n\n<p><a href=\"https:\/\/www.manaus.am.gov.br\/semsa\/unidades-basicas-de-saude-ubs\/unidade-de-saude-da-familia-s-37\/\">Unidade de Sa\u00fade da Fam\u00edlia S 37<\/a><\/p>\n\n\n\n<p><\/p>\n\n\n\n<p><a href=\"https:\/\/www.manaus.am.gov.br\/semsa\/unidades-basicas-de-saude-ubs\/unidade-de-saude-da-familia-s-40\/\">Unidade de Sa\u00fade da Fam\u00edlia S 40<\/a><\/p>\n\n\n\n<p><\/p>\n\n\n\n<p><a href=\"https:\/\/www.manaus.am.gov.br\/semsa\/unidades-basicas-de-saude-ubs\/unidade-de-saude-da-familia-s-42\/\">Unidade de Sa\u00fade da Fam\u00edlia S 42<\/a><\/p>\n\n\n\n<p><\/p>\n\n\n\n<p><a href=\"https:\/\/www.manaus.am.gov.br\/semsa\/unidades-basicas-de-saude-ubs\/unidade-de-saude-da-familia-s-43\/\">Unidade de Sa\u00fade da Fam\u00edlia S 43<\/a><\/p>\n\n\n\n<p><\/p>\n\n\n\n<p><a href=\"https:\/\/www.manaus.am.gov.br\/semsa\/unidades-basicas-de-saude-ubs\/unidade-de-saude-da-familia-s-44\/\">Unidade de Sa\u00fade da Fam\u00edlia S 44<\/a><\/p>\n\n\n\n<p><\/p>\n\n\n\n<p><a href=\"https:\/\/www.manaus.am.gov.br\/semsa\/unidades-basicas-de-saude-ubs\/unidade-de-saude-da-familia-s-46\/\">Unidade de Sa\u00fade da Fam\u00edlia S 46<\/a><\/p>\n\n\n\n<p><\/p>\n\n\n\n<p><a href=\"https:\/\/www.manaus.am.gov.br\/semsa\/unidades-basicas-de-saude-ubs\/unidade-de-saude-da-familia-s-49\/\">Unidade de Sa\u00fade da Fam\u00edlia S 49<\/a><\/p>\n\n\n\n<p><\/p>\n\n\n\n<p><a href=\"https:\/\/www.manaus.am.gov.br\/semsa\/unidades-basicas-de-saude-ubs\/unidade-de-saude-da-familia-s-50\/\">Unidade de Sa\u00fade da Fam\u00edlia S 50<\/a><\/p>\n\n\n\n<p><\/p>\n\n\n\n<p><a href=\"https:\/\/www.manaus.am.gov.br\/semsa\/unidades-basicas-de-saude-ubs\/unidade-de-saude-da-familia-s-51\/\">Unidade de Sa\u00fade da Fam\u00edlia S 51<\/a><\/p>\n\n\n\n<p><\/p>\n\n\n\n<p><a href=\"https:\/\/www.manaus.am.gov.br\/semsa\/unidades-basicas-de-saude-ubs\/unidade-de-saude-da-familia-s-53\/\">Unidade de Sa\u00fade da Fam\u00edlia S 53<\/a><\/p>\n\n\n\n<p><\/p>\n\n\n\n<p><a href=\"https:\/\/www.manaus.am.gov.br\/semsa\/unidades-basicas-de-saude-ubs\/unidade-de-saude-da-familia-santa-luzia\/\">Unidade de Sa\u00fade da Fam\u00edlia Santa Luzia<\/a><\/p>\n\n\n\n<p><\/p>\n\n\n\n<p><a href=\"https:\/\/www.manaus.am.gov.br\/semsa\/unidades-basicas-de-saude-ubs\/unidade-de-saude-da-familia-sao-francisco\/\">Unidade de Sa\u00fade da Fam\u00edlia S\u00e3o Francisco<\/a><\/p>\n\n\n\n<p><\/p>\n\n\n\n<p><a href=\"https:\/\/www.manaus.am.gov.br\/semsa\/unidades-basicas-de-saude-ubs\/unidade-de-saude-da-familia-theomario-pinto-da-costa\/\">Unidade de Sa\u00fade da Fam\u00edlia Theomario Pinto da Costa<\/a><\/p>\n\n\n\n<p><\/p>\n\n\n\n<p><a href=\"https:\/\/www.manaus.am.gov.br\/semsa\/unidades-basicas-de-saude-ubs\/unidade-de-saude-da-familia-vicente-palloti\/\">Unidade de Sa\u00fade da Fam\u00edlia Vicente Palloti<\/a><\/p>\n\n\n\n<p><\/p>\n","protected":false},"excerpt":{"rendered":"","protected":false},"author":27,"featured_media":0,"parent":213920,"menu_order":2,"comment_status":"closed","ping_status":"closed","template":"templates\/prefeitura.php","meta":{"footnotes":""},"acf":[],"yoast_head":"<!-- This site is optimized with the Yoast SEO plugin v23.0 - https:\/\/yoast.com\/wordpress\/plugins\/seo\/ -->\n<title>Zona Sul - SEMSA<\/title>\n<meta name=\"robots\" content=\"index, follow, max-snippet:-1, max-image-preview:large, max-video-preview:-1\" \/>\n<link rel=\"canonical\" href=\"https:\/\/www.manaus.am.gov.br\/semsa\/unidades-basicas-de-saude-ubs\/zona-sul\/\" \/>\n<meta property=\"og:locale\" content=\"pt_BR\" \/>\n<meta property=\"og:type\" content=\"article\" \/>\n<meta property=\"og:title\" content=\"Zona Sul - SEMSA\" \/>\n<meta property=\"og:url\" content=\"https:\/\/www.manaus.am.gov.br\/semsa\/unidades-basicas-de-saude-ubs\/zona-sul\/\" \/>\n<meta property=\"og:site_name\" content=\"SEMSA\" \/>\n<meta property=\"article:modified_time\" content=\"2026-03-31T19:11:14+00:00\" \/>\n<meta property=\"og:image\" content=\"https:\/\/www.manaus.am.gov.br\/semsa\/wp-content\/uploads\/sites\/8\/2024\/07\/thumb-default-2.png\" \/>\n\t<meta property=\"og:image:width\" content=\"966\" \/>\n\t<meta property=\"og:image:height\" content=\"520\" \/>\n\t<meta property=\"og:image:type\" content=\"image\/png\" \/>\n<meta name=\"twitter:card\" content=\"summary_large_image\" \/>\n<meta name=\"twitter:label1\" content=\"Est. reading time\" \/>\n\t<meta name=\"twitter:data1\" content=\"2 minutos\" \/>\n<script type=\"application\/ld+json\" class=\"yoast-schema-graph\">{\"@context\":\"https:\/\/schema.org\",\"@graph\":[{\"@type\":\"WebPage\",\"@id\":\"https:\/\/www.manaus.am.gov.br\/semsa\/unidades-basicas-de-saude-ubs\/zona-sul\/\",\"url\":\"https:\/\/www.manaus.am.gov.br\/semsa\/unidades-basicas-de-saude-ubs\/zona-sul\/\",\"name\":\"Zona Sul - SEMSA\",\"isPartOf\":{\"@id\":\"https:\/\/www.manaus.am.gov.br\/semsa\/#website\"},\"datePublished\":\"2023-12-27T18:23:55+00:00\",\"dateModified\":\"2026-03-31T19:11:14+00:00\",\"breadcrumb\":{\"@id\":\"https:\/\/www.manaus.am.gov.br\/semsa\/unidades-basicas-de-saude-ubs\/zona-sul\/#breadcrumb\"},\"inLanguage\":\"pt-BR\",\"potentialAction\":[{\"@type\":\"ReadAction\",\"target\":[\"https:\/\/www.manaus.am.gov.br\/semsa\/unidades-basicas-de-saude-ubs\/zona-sul\/\"]}]},{\"@type\":\"BreadcrumbList\",\"@id\":\"https:\/\/www.manaus.am.gov.br\/semsa\/unidades-basicas-de-saude-ubs\/zona-sul\/#breadcrumb\",\"itemListElement\":[{\"@type\":\"ListItem\",\"position\":1,\"name\":\"Unidades B\u00e1sicas de Sa\u00fade &#8211; UBS\",\"item\":\"https:\/\/www.manaus.am.gov.br\/semsa\/unidades-basicas-de-saude-ubs\/\"},{\"@type\":\"ListItem\",\"position\":2,\"name\":\"Zona Sul\"}]},{\"@type\":\"WebSite\",\"@id\":\"https:\/\/www.manaus.am.gov.br\/semsa\/#website\",\"url\":\"https:\/\/www.manaus.am.gov.br\/semsa\/\",\"name\":\"SEMSA\",\"description\":\"Secretaria Municipal de Sa\u00fade\",\"alternateName\":\"Secretaria Municipal de Sa\u00fade\",\"potentialAction\":[{\"@type\":\"SearchAction\",\"target\":{\"@type\":\"EntryPoint\",\"urlTemplate\":\"https:\/\/www.manaus.am.gov.br\/semsa\/?s={search_term_string}\"},\"query-input\":\"required name=search_term_string\"}],\"inLanguage\":\"pt-BR\"}]}<\/script>\n<!-- \/ Yoast SEO plugin. -->","yoast_head_json":{"title":"Zona Sul - SEMSA","robots":{"index":"index","follow":"follow","max-snippet":"max-snippet:-1","max-image-preview":"max-image-preview:large","max-video-preview":"max-video-preview:-1"},"canonical":"https:\/\/www.manaus.am.gov.br\/semsa\/unidades-basicas-de-saude-ubs\/zona-sul\/","og_locale":"pt_BR","og_type":"article","og_title":"Zona Sul - SEMSA","og_url":"https:\/\/www.manaus.am.gov.br\/semsa\/unidades-basicas-de-saude-ubs\/zona-sul\/","og_site_name":"SEMSA","article_modified_time":"2026-03-31T19:11:14+00:00","og_image":[{"width":966,"height":520,"url":"https:\/\/www.manaus.am.gov.br\/semsa\/wp-content\/uploads\/sites\/8\/2024\/07\/thumb-default-2.png","type":"image\/png"}],"twitter_card":"summary_large_image","twitter_misc":{"Est. reading time":"2 minutos"},"schema":{"@context":"https:\/\/schema.org","@graph":[{"@type":"WebPage","@id":"https:\/\/www.manaus.am.gov.br\/semsa\/unidades-basicas-de-saude-ubs\/zona-sul\/","url":"https:\/\/www.manaus.am.gov.br\/semsa\/unidades-basicas-de-saude-ubs\/zona-sul\/","name":"Zona Sul - SEMSA","isPartOf":{"@id":"https:\/\/www.manaus.am.gov.br\/semsa\/#website"},"datePublished":"2023-12-27T18:23:55+00:00","dateModified":"2026-03-31T19:11:14+00:00","breadcrumb":{"@id":"https:\/\/www.manaus.am.gov.br\/semsa\/unidades-basicas-de-saude-ubs\/zona-sul\/#breadcrumb"},"inLanguage":"pt-BR","potentialAction":[{"@type":"ReadAction","target":["https:\/\/www.manaus.am.gov.br\/semsa\/unidades-basicas-de-saude-ubs\/zona-sul\/"]}]},{"@type":"BreadcrumbList","@id":"https:\/\/www.manaus.am.gov.br\/semsa\/unidades-basicas-de-saude-ubs\/zona-sul\/#breadcrumb","itemListElement":[{"@type":"ListItem","position":1,"name":"Unidades B\u00e1sicas de Sa\u00fade &#8211; UBS","item":"https:\/\/www.manaus.am.gov.br\/semsa\/unidades-basicas-de-saude-ubs\/"},{"@type":"ListItem","position":2,"name":"Zona Sul"}]},{"@type":"WebSite","@id":"https:\/\/www.manaus.am.gov.br\/semsa\/#website","url":"https:\/\/www.manaus.am.gov.br\/semsa\/","name":"SEMSA","description":"Secretaria Municipal de Sa\u00fade","alternateName":"Secretaria Municipal de Sa\u00fade","potentialAction":[{"@type":"SearchAction","target":{"@type":"EntryPoint","urlTemplate":"https:\/\/www.manaus.am.gov.br\/semsa\/?s={search_term_string}"},"query-input":"required name=search_term_string"}],"inLanguage":"pt-BR"}]}},"_links":{"self":[{"href":"https:\/\/www.manaus.am.gov.br\/semsa\/wp-json\/wp\/v2\/pages\/213956"}],"collection":[{"href":"https:\/\/www.manaus.am.gov.br\/semsa\/wp-json\/wp\/v2\/pages"}],"about":[{"href":"https:\/\/www.manaus.am.gov.br\/semsa\/wp-json\/wp\/v2\/types\/page"}],"author":[{"embeddable":true,"href":"https:\/\/www.manaus.am.gov.br\/semsa\/wp-json\/wp\/v2\/users\/27"}],"replies":[{"embeddable":true,"href":"https:\/\/www.manaus.am.gov.br\/semsa\/wp-json\/wp\/v2\/comments?post=213956"}],"version-history":[{"count":91,"href":"https:\/\/www.manaus.am.gov.br\/semsa\/wp-json\/wp\/v2\/pages\/213956\/revisions"}],"predecessor-version":[{"id":228333,"href":"https:\/\/www.manaus.am.gov.br\/semsa\/wp-json\/wp\/v2\/pages\/213956\/revisions\/228333"}],"up":[{"embeddable":true,"href":"https:\/\/www.manaus.am.gov.br\/semsa\/wp-json\/wp\/v2\/pages\/213920"}],"wp:attachment":[{"href":"https:\/\/www.manaus.am.gov.br\/semsa\/wp-json\/wp\/v2\/media?parent=213956"}],"curies":[{"name":"wp","href":"https:\/\/api.w.org\/{rel}","templated":true}]}}