{"id":210624,"date":"2023-02-13T09:44:46","date_gmt":"2023-02-13T13:44:46","guid":{"rendered":"https:\/\/www.manaus.am.gov.br\/semsa\/?page_id=210624"},"modified":"2025-05-19T18:08:20","modified_gmt":"2025-05-19T22:08:20","slug":"agendas","status":"publish","type":"page","link":"https:\/\/www.manaus.am.gov.br\/semsa\/agendas\/","title":{"rendered":"Agendas"},"content":{"rendered":"\n<p><a class=\"custom-link\" href=\"https:\/\/calendar.google.com\/calendar\/u\/0\/embed?src=89fce6971d43fe3b462d502e9febb91ee6b95af6051352677b0e83b707146676@group.calendar.google.com&amp;ctz=America\/Manaus\" target=\"_blank\" rel=\"noreferrer noopener\">Agenda da Secret\u00e1ria Municipal de Sa\u00fade<\/a><\/p>\n\n\n\n<p><\/p>\n\n\n\n<p><a href=\"https:\/\/calendar.google.com\/calendar\/u\/0\/embed?src=1ef2835fdd0f6ceefb79e049c5b8990e73aa2be82aeea59a4baddb9b92d30d1b@group.calendar.google.com&amp;ctz=America\/Manaus&amp;pli=1\" target=\"_blank\" rel=\"noreferrer noopener\">Agenda do Subsecret\u00e1rio Municipal de Gest\u00e3o da Sa\u00fade<\/a> &#8211; <a href=\"https:\/\/calendar.google.com\/calendar\/u\/0\/embed?src=1ef2835fdd0f6ceefb79e049c5b8990e73aa2be82aeea59a4baddb9b92d30d1b@group.calendar.google.com&amp;ctz=America\/Manaus&amp;pli=1\">SUBGS<\/a><\/p>\n\n\n\n<p><\/p>\n\n\n\n<p><a href=\"https:\/\/calendar.google.com\/calendar\/u\/0\/embed?src=agendagestorsubgap@gmail.com&amp;ctz=America\/Boa_Vista\" target=\"_blank\" rel=\"noreferrer noopener\">Agenda do Subsecret\u00e1rio Municipal de Gest\u00e3o Administrativa e Planejamento<\/a> &#8211; <a href=\"https:\/\/calendar.google.com\/calendar\/u\/0\/embed?src=agendagestorsubgap@gmail.com&amp;ctz=America\/Boa_Vista\">SUBGAP<\/a><\/p>\n\n\n\n<div style=\"height:100px\" aria-hidden=\"true\" class=\"wp-block-spacer\"><\/div>\n","protected":false},"excerpt":{"rendered":"","protected":false},"author":27,"featured_media":0,"parent":0,"menu_order":0,"comment_status":"closed","ping_status":"closed","template":"templates\/turismo.php","meta":{"footnotes":""},"acf":[],"yoast_head":"<!-- This site is optimized with the Yoast SEO plugin v23.0 - https:\/\/yoast.com\/wordpress\/plugins\/seo\/ -->\n<title>Agendas - SEMSA<\/title>\n<meta name=\"robots\" content=\"index, follow, max-snippet:-1, max-image-preview:large, max-video-preview:-1\" \/>\n<link rel=\"canonical\" href=\"https:\/\/www.manaus.am.gov.br\/semsa\/agendas\/\" \/>\n<meta property=\"og:locale\" content=\"pt_BR\" \/>\n<meta property=\"og:type\" content=\"article\" \/>\n<meta property=\"og:title\" content=\"Agendas - SEMSA\" \/>\n<meta property=\"og:url\" content=\"https:\/\/www.manaus.am.gov.br\/semsa\/agendas\/\" \/>\n<meta property=\"og:site_name\" content=\"SEMSA\" \/>\n<meta property=\"article:modified_time\" content=\"2025-05-19T22:08:20+00:00\" \/>\n<meta property=\"og:image\" content=\"https:\/\/www.manaus.am.gov.br\/semsa\/wp-content\/uploads\/sites\/8\/2024\/07\/thumb-default-2.png\" \/>\n\t<meta property=\"og:image:width\" content=\"966\" \/>\n\t<meta property=\"og:image:height\" content=\"520\" \/>\n\t<meta property=\"og:image:type\" content=\"image\/png\" \/>\n<meta name=\"twitter:card\" content=\"summary_large_image\" \/>\n<meta name=\"twitter:label1\" content=\"Est. reading time\" \/>\n\t<meta name=\"twitter:data1\" content=\"1 minuto\" \/>\n<script type=\"application\/ld+json\" class=\"yoast-schema-graph\">{\"@context\":\"https:\/\/schema.org\",\"@graph\":[{\"@type\":\"WebPage\",\"@id\":\"https:\/\/www.manaus.am.gov.br\/semsa\/agendas\/\",\"url\":\"https:\/\/www.manaus.am.gov.br\/semsa\/agendas\/\",\"name\":\"Agendas - SEMSA\",\"isPartOf\":{\"@id\":\"https:\/\/www.manaus.am.gov.br\/semsa\/#website\"},\"datePublished\":\"2023-02-13T13:44:46+00:00\",\"dateModified\":\"2025-05-19T22:08:20+00:00\",\"inLanguage\":\"pt-BR\",\"potentialAction\":[{\"@type\":\"ReadAction\",\"target\":[\"https:\/\/www.manaus.am.gov.br\/semsa\/agendas\/\"]}]},{\"@type\":\"WebSite\",\"@id\":\"https:\/\/www.manaus.am.gov.br\/semsa\/#website\",\"url\":\"https:\/\/www.manaus.am.gov.br\/semsa\/\",\"name\":\"SEMSA\",\"description\":\"Secretaria Municipal de Sa\u00fade\",\"alternateName\":\"Secretaria Municipal de Sa\u00fade\",\"potentialAction\":[{\"@type\":\"SearchAction\",\"target\":{\"@type\":\"EntryPoint\",\"urlTemplate\":\"https:\/\/www.manaus.am.gov.br\/semsa\/?s={search_term_string}\"},\"query-input\":\"required name=search_term_string\"}],\"inLanguage\":\"pt-BR\"}]}<\/script>\n<!-- \/ Yoast SEO plugin. -->","yoast_head_json":{"title":"Agendas - SEMSA","robots":{"index":"index","follow":"follow","max-snippet":"max-snippet:-1","max-image-preview":"max-image-preview:large","max-video-preview":"max-video-preview:-1"},"canonical":"https:\/\/www.manaus.am.gov.br\/semsa\/agendas\/","og_locale":"pt_BR","og_type":"article","og_title":"Agendas - SEMSA","og_url":"https:\/\/www.manaus.am.gov.br\/semsa\/agendas\/","og_site_name":"SEMSA","article_modified_time":"2025-05-19T22:08:20+00:00","og_image":[{"width":966,"height":520,"url":"https:\/\/www.manaus.am.gov.br\/semsa\/wp-content\/uploads\/sites\/8\/2024\/07\/thumb-default-2.png","type":"image\/png"}],"twitter_card":"summary_large_image","twitter_misc":{"Est. reading time":"1 minuto"},"schema":{"@context":"https:\/\/schema.org","@graph":[{"@type":"WebPage","@id":"https:\/\/www.manaus.am.gov.br\/semsa\/agendas\/","url":"https:\/\/www.manaus.am.gov.br\/semsa\/agendas\/","name":"Agendas - SEMSA","isPartOf":{"@id":"https:\/\/www.manaus.am.gov.br\/semsa\/#website"},"datePublished":"2023-02-13T13:44:46+00:00","dateModified":"2025-05-19T22:08:20+00:00","inLanguage":"pt-BR","potentialAction":[{"@type":"ReadAction","target":["https:\/\/www.manaus.am.gov.br\/semsa\/agendas\/"]}]},{"@type":"WebSite","@id":"https:\/\/www.manaus.am.gov.br\/semsa\/#website","url":"https:\/\/www.manaus.am.gov.br\/semsa\/","name":"SEMSA","description":"Secretaria Municipal de Sa\u00fade","alternateName":"Secretaria Municipal de Sa\u00fade","potentialAction":[{"@type":"SearchAction","target":{"@type":"EntryPoint","urlTemplate":"https:\/\/www.manaus.am.gov.br\/semsa\/?s={search_term_string}"},"query-input":"required name=search_term_string"}],"inLanguage":"pt-BR"}]}},"_links":{"self":[{"href":"https:\/\/www.manaus.am.gov.br\/semsa\/wp-json\/wp\/v2\/pages\/210624"}],"collection":[{"href":"https:\/\/www.manaus.am.gov.br\/semsa\/wp-json\/wp\/v2\/pages"}],"about":[{"href":"https:\/\/www.manaus.am.gov.br\/semsa\/wp-json\/wp\/v2\/types\/page"}],"author":[{"embeddable":true,"href":"https:\/\/www.manaus.am.gov.br\/semsa\/wp-json\/wp\/v2\/users\/27"}],"replies":[{"embeddable":true,"href":"https:\/\/www.manaus.am.gov.br\/semsa\/wp-json\/wp\/v2\/comments?post=210624"}],"version-history":[{"count":10,"href":"https:\/\/www.manaus.am.gov.br\/semsa\/wp-json\/wp\/v2\/pages\/210624\/revisions"}],"predecessor-version":[{"id":223468,"href":"https:\/\/www.manaus.am.gov.br\/semsa\/wp-json\/wp\/v2\/pages\/210624\/revisions\/223468"}],"wp:attachment":[{"href":"https:\/\/www.manaus.am.gov.br\/semsa\/wp-json\/wp\/v2\/media?parent=210624"}],"curies":[{"name":"wp","href":"https:\/\/api.w.org\/{rel}","templated":true}]}}