{"id":210396,"date":"2023-01-31T14:57:51","date_gmt":"2023-01-31T18:57:51","guid":{"rendered":"https:\/\/www.manaus.am.gov.br\/semsa\/?page_id=210396"},"modified":"2024-07-04T17:04:27","modified_gmt":"2024-07-04T21:04:27","slug":"formularios","status":"publish","type":"page","link":"https:\/\/www.manaus.am.gov.br\/semsa\/formularios\/","title":{"rendered":"Formul\u00e1rios"},"content":{"rendered":"\n<p><a href=\"https:\/\/docs.google.com\/forms\/d\/1nQOhqCJt0DtJQd0fKP9iICPWXA1z9EIgVfOme2mkynA\/viewform?edit_requested=true\">Formul\u00e1rio de Indicadores de Riscos Potenciais Centro Cir\u00fargico \u2013 CC<\/a><\/p>\n\n\n\n<p><\/p>\n\n\n\n<p><a href=\"https:\/\/docs.google.com\/forms\/d\/e\/1FAIpQLSfEwOsWnsuFeyFShI7GiZyrlNllRJpaGbWVryGY1yW8rcQyXQ\/viewform\">Formul\u00e1rio de auto avalia\u00e7\u00e3o dos Indicadores de Riscos Potenciais das Unidades de Terapia Intensiva- UTI<\/a><\/p>\n\n\n\n<p><\/p>\n\n\n\n<p><a href=\"https:\/\/docs.google.com\/forms\/d\/1X-TKtCf6ZxWGjToqpSPtFR4I5roN_EMAvW6K-b9ai6c\/viewform?edit_requested=true\">Formul\u00e1rio de auto avalia\u00e7\u00e3o dos Indicadores de Riscos Potenciais da Central de Material Esterilizado- CME Classe 2<\/a><\/p>\n\n\n\n<p><\/p>\n\n\n\n<p><a href=\"https:\/\/docs.google.com\/forms\/d\/1CrJYVhxIYI3JT2M2hafPV5ImV0NGEQQP75nPyme50YM\/viewform?edit_requested=true\">Cadastro dos Servi\u00e7os de Alimenta\u00e7\u00e3o e Nutri\u00e7\u00e3o e Nutri\u00e7\u00e3o Hospitalar<\/a><\/p>\n\n\n\n<p><\/p>\n\n\n\n<p><a href=\"https:\/\/docs.google.com\/forms\/d\/1guoOEVZ8o0yH7Qs0JMhSrJVCxhN1OL8IFerTd_zixRM\/viewform?edit_requested=true\">Autoinspe\u00e7\u00e3o do PGRSS da Rede Hospitalar de Manaus<\/a><\/p>\n","protected":false},"excerpt":{"rendered":"","protected":false},"author":27,"featured_media":0,"parent":0,"menu_order":0,"comment_status":"closed","ping_status":"closed","template":"templates\/prefeitura.php","meta":{"footnotes":""},"acf":[],"yoast_head":"<!-- This site is optimized with the Yoast SEO plugin v23.0 - https:\/\/yoast.com\/wordpress\/plugins\/seo\/ -->\n<title>Formul\u00e1rios - SEMSA<\/title>\n<meta name=\"robots\" content=\"index, follow, max-snippet:-1, max-image-preview:large, max-video-preview:-1\" \/>\n<link rel=\"canonical\" href=\"https:\/\/www.manaus.am.gov.br\/semsa\/formularios\/\" \/>\n<meta property=\"og:locale\" content=\"pt_BR\" \/>\n<meta property=\"og:type\" content=\"article\" \/>\n<meta property=\"og:title\" content=\"Formul\u00e1rios - SEMSA\" \/>\n<meta property=\"og:url\" content=\"https:\/\/www.manaus.am.gov.br\/semsa\/formularios\/\" \/>\n<meta property=\"og:site_name\" content=\"SEMSA\" \/>\n<meta property=\"article:modified_time\" content=\"2024-07-04T21:04:27+00:00\" \/>\n<meta property=\"og:image\" content=\"https:\/\/www.manaus.am.gov.br\/semsa\/wp-content\/uploads\/sites\/8\/2024\/07\/thumb-default-2.png\" \/>\n\t<meta property=\"og:image:width\" content=\"966\" \/>\n\t<meta property=\"og:image:height\" content=\"520\" \/>\n\t<meta property=\"og:image:type\" content=\"image\/png\" \/>\n<meta name=\"twitter:card\" content=\"summary_large_image\" \/>\n<meta name=\"twitter:label1\" content=\"Est. reading time\" \/>\n\t<meta name=\"twitter:data1\" content=\"1 minuto\" \/>\n<script type=\"application\/ld+json\" class=\"yoast-schema-graph\">{\"@context\":\"https:\/\/schema.org\",\"@graph\":[{\"@type\":\"WebPage\",\"@id\":\"https:\/\/www.manaus.am.gov.br\/semsa\/formularios\/\",\"url\":\"https:\/\/www.manaus.am.gov.br\/semsa\/formularios\/\",\"name\":\"Formul\u00e1rios - SEMSA\",\"isPartOf\":{\"@id\":\"https:\/\/www.manaus.am.gov.br\/semsa\/#website\"},\"datePublished\":\"2023-01-31T18:57:51+00:00\",\"dateModified\":\"2024-07-04T21:04:27+00:00\",\"inLanguage\":\"pt-BR\",\"potentialAction\":[{\"@type\":\"ReadAction\",\"target\":[\"https:\/\/www.manaus.am.gov.br\/semsa\/formularios\/\"]}]},{\"@type\":\"WebSite\",\"@id\":\"https:\/\/www.manaus.am.gov.br\/semsa\/#website\",\"url\":\"https:\/\/www.manaus.am.gov.br\/semsa\/\",\"name\":\"SEMSA\",\"description\":\"Secretaria Municipal de Sa\u00fade\",\"alternateName\":\"Secretaria Municipal de Sa\u00fade\",\"potentialAction\":[{\"@type\":\"SearchAction\",\"target\":{\"@type\":\"EntryPoint\",\"urlTemplate\":\"https:\/\/www.manaus.am.gov.br\/semsa\/?s={search_term_string}\"},\"query-input\":\"required name=search_term_string\"}],\"inLanguage\":\"pt-BR\"}]}<\/script>\n<!-- \/ Yoast SEO plugin. -->","yoast_head_json":{"title":"Formul\u00e1rios - SEMSA","robots":{"index":"index","follow":"follow","max-snippet":"max-snippet:-1","max-image-preview":"max-image-preview:large","max-video-preview":"max-video-preview:-1"},"canonical":"https:\/\/www.manaus.am.gov.br\/semsa\/formularios\/","og_locale":"pt_BR","og_type":"article","og_title":"Formul\u00e1rios - SEMSA","og_url":"https:\/\/www.manaus.am.gov.br\/semsa\/formularios\/","og_site_name":"SEMSA","article_modified_time":"2024-07-04T21:04:27+00:00","og_image":[{"width":966,"height":520,"url":"https:\/\/www.manaus.am.gov.br\/semsa\/wp-content\/uploads\/sites\/8\/2024\/07\/thumb-default-2.png","type":"image\/png"}],"twitter_card":"summary_large_image","twitter_misc":{"Est. reading time":"1 minuto"},"schema":{"@context":"https:\/\/schema.org","@graph":[{"@type":"WebPage","@id":"https:\/\/www.manaus.am.gov.br\/semsa\/formularios\/","url":"https:\/\/www.manaus.am.gov.br\/semsa\/formularios\/","name":"Formul\u00e1rios - SEMSA","isPartOf":{"@id":"https:\/\/www.manaus.am.gov.br\/semsa\/#website"},"datePublished":"2023-01-31T18:57:51+00:00","dateModified":"2024-07-04T21:04:27+00:00","inLanguage":"pt-BR","potentialAction":[{"@type":"ReadAction","target":["https:\/\/www.manaus.am.gov.br\/semsa\/formularios\/"]}]},{"@type":"WebSite","@id":"https:\/\/www.manaus.am.gov.br\/semsa\/#website","url":"https:\/\/www.manaus.am.gov.br\/semsa\/","name":"SEMSA","description":"Secretaria Municipal de Sa\u00fade","alternateName":"Secretaria Municipal de Sa\u00fade","potentialAction":[{"@type":"SearchAction","target":{"@type":"EntryPoint","urlTemplate":"https:\/\/www.manaus.am.gov.br\/semsa\/?s={search_term_string}"},"query-input":"required name=search_term_string"}],"inLanguage":"pt-BR"}]}},"_links":{"self":[{"href":"https:\/\/www.manaus.am.gov.br\/semsa\/wp-json\/wp\/v2\/pages\/210396"}],"collection":[{"href":"https:\/\/www.manaus.am.gov.br\/semsa\/wp-json\/wp\/v2\/pages"}],"about":[{"href":"https:\/\/www.manaus.am.gov.br\/semsa\/wp-json\/wp\/v2\/types\/page"}],"author":[{"embeddable":true,"href":"https:\/\/www.manaus.am.gov.br\/semsa\/wp-json\/wp\/v2\/users\/27"}],"replies":[{"embeddable":true,"href":"https:\/\/www.manaus.am.gov.br\/semsa\/wp-json\/wp\/v2\/comments?post=210396"}],"version-history":[{"count":5,"href":"https:\/\/www.manaus.am.gov.br\/semsa\/wp-json\/wp\/v2\/pages\/210396\/revisions"}],"predecessor-version":[{"id":217251,"href":"https:\/\/www.manaus.am.gov.br\/semsa\/wp-json\/wp\/v2\/pages\/210396\/revisions\/217251"}],"wp:attachment":[{"href":"https:\/\/www.manaus.am.gov.br\/semsa\/wp-json\/wp\/v2\/media?parent=210396"}],"curies":[{"name":"wp","href":"https:\/\/api.w.org\/{rel}","templated":true}]}}