{"id":210254,"date":"2023-01-27T14:40:35","date_gmt":"2023-01-27T18:40:35","guid":{"rendered":"https:\/\/www.manaus.am.gov.br\/semsa\/?page_id=210254"},"modified":"2023-01-27T14:40:35","modified_gmt":"2023-01-27T18:40:35","slug":"solicitacao-de-notificacao-de-receita-nr-de-medicamentos-controlados","status":"publish","type":"page","link":"https:\/\/www.manaus.am.gov.br\/semsa\/solicitacao-de-notificacao-de-receita-nr-de-medicamentos-controlados\/","title":{"rendered":"Solicita\u00e7\u00e3o de Notifica\u00e7\u00e3o de Receita (NR) de Medicamentos Controlados"},"content":{"rendered":"\n<p><a href=\"https:\/\/www.manaus.am.gov.br\/semsa\/wp-content\/uploads\/sites\/8\/2023\/01\/Informacoes-ao-Cidadao-Solicitacao-de-Notificacao-de-Receita-NR-de-Medicamentos-Controlados-1.pdf\">Informa\u00e7\u00f5es ao Cidad\u00e3o \u2013 Solicita\u00e7\u00e3o de Notifica\u00e7\u00e3o de Receita (NR) de Medicamentos Controlados<\/a><\/p>\n\n\n\n<p><a href=\"https:\/\/www.manaus.am.gov.br\/semsa\/wp-content\/uploads\/sites\/8\/2023\/01\/01.-Formulario-para-Cadastramento-de-Prescritores-da-Talidomida.docx\">Formul\u00e1rio para Cadastramento de Prescritores da Talidomida<\/a><\/p>\n\n\n\n<p><a href=\"https:\/\/www.manaus.am.gov.br\/semsa\/wp-content\/uploads\/sites\/8\/2023\/01\/02.-Formulario-\u2013-Anexo-No-I-Talidomida.docx\">Formul\u00e1rio \u2013 Anexo N\u00ba I \u2013 Talidomida<\/a><\/p>\n\n\n\n<p><a href=\"https:\/\/www.manaus.am.gov.br\/semsa\/wp-content\/uploads\/sites\/8\/2023\/01\/03.-Formulario-para-Cadastramento-de-Prescritores-Portaria-344.98.docx\">Formul\u00e1rio para Cadastramento de Prescritores \u2013 Portaria 344.98<\/a><\/p>\n\n\n\n<p><a href=\"https:\/\/www.manaus.am.gov.br\/semsa\/wp-content\/uploads\/sites\/8\/2023\/01\/04.-Formulario-\u2013-Anexo-No-II-Portaria-344.98.docx\">Formul\u00e1rio \u2013 Anexo N\u00ba II \u2013 Portaria 344.98<\/a><\/p>\n","protected":false},"excerpt":{"rendered":"","protected":false},"author":27,"featured_media":0,"parent":0,"menu_order":0,"comment_status":"closed","ping_status":"closed","template":"","meta":{"footnotes":""},"acf":[],"yoast_head":"<!-- This site is optimized with the Yoast SEO plugin v23.0 - https:\/\/yoast.com\/wordpress\/plugins\/seo\/ -->\n<title>Solicita\u00e7\u00e3o de Notifica\u00e7\u00e3o de Receita (NR) de Medicamentos Controlados - SEMSA<\/title>\n<meta name=\"robots\" content=\"index, follow, max-snippet:-1, max-image-preview:large, max-video-preview:-1\" \/>\n<link rel=\"canonical\" href=\"https:\/\/www.manaus.am.gov.br\/semsa\/solicitacao-de-notificacao-de-receita-nr-de-medicamentos-controlados\/\" \/>\n<meta property=\"og:locale\" content=\"pt_BR\" \/>\n<meta property=\"og:type\" content=\"article\" \/>\n<meta property=\"og:title\" content=\"Solicita\u00e7\u00e3o de Notifica\u00e7\u00e3o de Receita (NR) de Medicamentos Controlados - SEMSA\" \/>\n<meta property=\"og:url\" content=\"https:\/\/www.manaus.am.gov.br\/semsa\/solicitacao-de-notificacao-de-receita-nr-de-medicamentos-controlados\/\" \/>\n<meta property=\"og:site_name\" content=\"SEMSA\" \/>\n<meta property=\"og:image\" content=\"https:\/\/www.manaus.am.gov.br\/semsa\/wp-content\/uploads\/sites\/8\/2024\/07\/thumb-default-2.png\" \/>\n\t<meta property=\"og:image:width\" content=\"966\" \/>\n\t<meta property=\"og:image:height\" content=\"520\" \/>\n\t<meta property=\"og:image:type\" content=\"image\/png\" \/>\n<meta name=\"twitter:card\" content=\"summary_large_image\" \/>\n<meta name=\"twitter:label1\" content=\"Est. reading time\" \/>\n\t<meta name=\"twitter:data1\" content=\"1 minuto\" \/>\n<script type=\"application\/ld+json\" class=\"yoast-schema-graph\">{\"@context\":\"https:\/\/schema.org\",\"@graph\":[{\"@type\":\"WebPage\",\"@id\":\"https:\/\/www.manaus.am.gov.br\/semsa\/solicitacao-de-notificacao-de-receita-nr-de-medicamentos-controlados\/\",\"url\":\"https:\/\/www.manaus.am.gov.br\/semsa\/solicitacao-de-notificacao-de-receita-nr-de-medicamentos-controlados\/\",\"name\":\"Solicita\u00e7\u00e3o de Notifica\u00e7\u00e3o de Receita (NR) de Medicamentos Controlados - SEMSA\",\"isPartOf\":{\"@id\":\"https:\/\/www.manaus.am.gov.br\/semsa\/#website\"},\"datePublished\":\"2023-01-27T18:40:35+00:00\",\"dateModified\":\"2023-01-27T18:40:35+00:00\",\"inLanguage\":\"pt-BR\",\"potentialAction\":[{\"@type\":\"ReadAction\",\"target\":[\"https:\/\/www.manaus.am.gov.br\/semsa\/solicitacao-de-notificacao-de-receita-nr-de-medicamentos-controlados\/\"]}]},{\"@type\":\"WebSite\",\"@id\":\"https:\/\/www.manaus.am.gov.br\/semsa\/#website\",\"url\":\"https:\/\/www.manaus.am.gov.br\/semsa\/\",\"name\":\"SEMSA\",\"description\":\"Secretaria Municipal de Sa\u00fade\",\"alternateName\":\"Secretaria Municipal de Sa\u00fade\",\"potentialAction\":[{\"@type\":\"SearchAction\",\"target\":{\"@type\":\"EntryPoint\",\"urlTemplate\":\"https:\/\/www.manaus.am.gov.br\/semsa\/?s={search_term_string}\"},\"query-input\":\"required name=search_term_string\"}],\"inLanguage\":\"pt-BR\"}]}<\/script>\n<!-- \/ Yoast SEO plugin. -->","yoast_head_json":{"title":"Solicita\u00e7\u00e3o de Notifica\u00e7\u00e3o de Receita (NR) de Medicamentos Controlados - SEMSA","robots":{"index":"index","follow":"follow","max-snippet":"max-snippet:-1","max-image-preview":"max-image-preview:large","max-video-preview":"max-video-preview:-1"},"canonical":"https:\/\/www.manaus.am.gov.br\/semsa\/solicitacao-de-notificacao-de-receita-nr-de-medicamentos-controlados\/","og_locale":"pt_BR","og_type":"article","og_title":"Solicita\u00e7\u00e3o de Notifica\u00e7\u00e3o de Receita (NR) de Medicamentos Controlados - SEMSA","og_url":"https:\/\/www.manaus.am.gov.br\/semsa\/solicitacao-de-notificacao-de-receita-nr-de-medicamentos-controlados\/","og_site_name":"SEMSA","og_image":[{"width":966,"height":520,"url":"https:\/\/www.manaus.am.gov.br\/semsa\/wp-content\/uploads\/sites\/8\/2024\/07\/thumb-default-2.png","type":"image\/png"}],"twitter_card":"summary_large_image","twitter_misc":{"Est. reading time":"1 minuto"},"schema":{"@context":"https:\/\/schema.org","@graph":[{"@type":"WebPage","@id":"https:\/\/www.manaus.am.gov.br\/semsa\/solicitacao-de-notificacao-de-receita-nr-de-medicamentos-controlados\/","url":"https:\/\/www.manaus.am.gov.br\/semsa\/solicitacao-de-notificacao-de-receita-nr-de-medicamentos-controlados\/","name":"Solicita\u00e7\u00e3o de Notifica\u00e7\u00e3o de Receita (NR) de Medicamentos Controlados - SEMSA","isPartOf":{"@id":"https:\/\/www.manaus.am.gov.br\/semsa\/#website"},"datePublished":"2023-01-27T18:40:35+00:00","dateModified":"2023-01-27T18:40:35+00:00","inLanguage":"pt-BR","potentialAction":[{"@type":"ReadAction","target":["https:\/\/www.manaus.am.gov.br\/semsa\/solicitacao-de-notificacao-de-receita-nr-de-medicamentos-controlados\/"]}]},{"@type":"WebSite","@id":"https:\/\/www.manaus.am.gov.br\/semsa\/#website","url":"https:\/\/www.manaus.am.gov.br\/semsa\/","name":"SEMSA","description":"Secretaria Municipal de Sa\u00fade","alternateName":"Secretaria Municipal de Sa\u00fade","potentialAction":[{"@type":"SearchAction","target":{"@type":"EntryPoint","urlTemplate":"https:\/\/www.manaus.am.gov.br\/semsa\/?s={search_term_string}"},"query-input":"required name=search_term_string"}],"inLanguage":"pt-BR"}]}},"_links":{"self":[{"href":"https:\/\/www.manaus.am.gov.br\/semsa\/wp-json\/wp\/v2\/pages\/210254"}],"collection":[{"href":"https:\/\/www.manaus.am.gov.br\/semsa\/wp-json\/wp\/v2\/pages"}],"about":[{"href":"https:\/\/www.manaus.am.gov.br\/semsa\/wp-json\/wp\/v2\/types\/page"}],"author":[{"embeddable":true,"href":"https:\/\/www.manaus.am.gov.br\/semsa\/wp-json\/wp\/v2\/users\/27"}],"replies":[{"embeddable":true,"href":"https:\/\/www.manaus.am.gov.br\/semsa\/wp-json\/wp\/v2\/comments?post=210254"}],"version-history":[{"count":1,"href":"https:\/\/www.manaus.am.gov.br\/semsa\/wp-json\/wp\/v2\/pages\/210254\/revisions"}],"predecessor-version":[{"id":210260,"href":"https:\/\/www.manaus.am.gov.br\/semsa\/wp-json\/wp\/v2\/pages\/210254\/revisions\/210260"}],"wp:attachment":[{"href":"https:\/\/www.manaus.am.gov.br\/semsa\/wp-json\/wp\/v2\/media?parent=210254"}],"curies":[{"name":"wp","href":"https:\/\/api.w.org\/{rel}","templated":true}]}}