{"id":210240,"date":"2023-01-27T14:21:27","date_gmt":"2023-01-27T18:21:27","guid":{"rendered":"https:\/\/www.manaus.am.gov.br\/semsa\/?page_id=210240"},"modified":"2023-01-27T14:21:27","modified_gmt":"2023-01-27T18:21:27","slug":"solicitacao-de-abertura-ou-encerramento-de-livro-manual","status":"publish","type":"page","link":"https:\/\/www.manaus.am.gov.br\/semsa\/solicitacao-de-abertura-ou-encerramento-de-livro-manual\/","title":{"rendered":"Solicita\u00e7\u00e3o de Abertura ou Encerramento de Livro Manual"},"content":{"rendered":"\n<p><a href=\"https:\/\/www.manaus.am.gov.br\/semsa\/wp-content\/uploads\/sites\/8\/2023\/01\/Informacoes-ao-Cidadao-Solicitacao-para-Abertura-e-Encerramento-de-Livro-de-Escrituracao-Nao-Informatizado.pdf\">Informa\u00e7\u00f5es ao Cidad\u00e3o \u2013 Solicita\u00e7\u00e3o para Abertura e Encerramento de Livro de Escritura\u00e7\u00e3o N\u00e3o-Informatizado<\/a><\/p>\n\n\n\n<p><a href=\"https:\/\/www.manaus.am.gov.br\/semsa\/wp-content\/uploads\/sites\/8\/2023\/01\/Requerimento-Solicitacao-para-Abertura-e-Encerramento-de-Livro-de-Escrituracao-Nao-Informatizado.doc\">Requerimento \u2013 Solicita\u00e7\u00e3o para Abertura e Encerramento de Livro de Escritura\u00e7\u00e3o N\u00e3o-Informatizado<\/a><\/p>\n","protected":false},"excerpt":{"rendered":"","protected":false},"author":27,"featured_media":0,"parent":0,"menu_order":0,"comment_status":"closed","ping_status":"closed","template":"","meta":{"footnotes":""},"acf":[],"yoast_head":"<!-- This site is optimized with the Yoast SEO plugin v23.0 - https:\/\/yoast.com\/wordpress\/plugins\/seo\/ -->\n<title>Solicita\u00e7\u00e3o de Abertura ou Encerramento de Livro Manual - SEMSA<\/title>\n<meta name=\"robots\" content=\"index, follow, max-snippet:-1, max-image-preview:large, max-video-preview:-1\" \/>\n<link rel=\"canonical\" href=\"https:\/\/www.manaus.am.gov.br\/semsa\/solicitacao-de-abertura-ou-encerramento-de-livro-manual\/\" \/>\n<meta property=\"og:locale\" content=\"pt_BR\" \/>\n<meta property=\"og:type\" content=\"article\" \/>\n<meta property=\"og:title\" content=\"Solicita\u00e7\u00e3o de Abertura ou Encerramento de Livro Manual - SEMSA\" \/>\n<meta property=\"og:url\" content=\"https:\/\/www.manaus.am.gov.br\/semsa\/solicitacao-de-abertura-ou-encerramento-de-livro-manual\/\" \/>\n<meta property=\"og:site_name\" content=\"SEMSA\" \/>\n<meta property=\"og:image\" content=\"https:\/\/www.manaus.am.gov.br\/semsa\/wp-content\/uploads\/sites\/8\/2024\/07\/thumb-default-2.png\" \/>\n\t<meta property=\"og:image:width\" content=\"966\" \/>\n\t<meta property=\"og:image:height\" content=\"520\" \/>\n\t<meta property=\"og:image:type\" content=\"image\/png\" \/>\n<meta name=\"twitter:card\" content=\"summary_large_image\" \/>\n<meta name=\"twitter:label1\" content=\"Est. reading time\" \/>\n\t<meta name=\"twitter:data1\" content=\"1 minuto\" \/>\n<script type=\"application\/ld+json\" class=\"yoast-schema-graph\">{\"@context\":\"https:\/\/schema.org\",\"@graph\":[{\"@type\":\"WebPage\",\"@id\":\"https:\/\/www.manaus.am.gov.br\/semsa\/solicitacao-de-abertura-ou-encerramento-de-livro-manual\/\",\"url\":\"https:\/\/www.manaus.am.gov.br\/semsa\/solicitacao-de-abertura-ou-encerramento-de-livro-manual\/\",\"name\":\"Solicita\u00e7\u00e3o de Abertura ou Encerramento de Livro Manual - SEMSA\",\"isPartOf\":{\"@id\":\"https:\/\/www.manaus.am.gov.br\/semsa\/#website\"},\"datePublished\":\"2023-01-27T18:21:27+00:00\",\"dateModified\":\"2023-01-27T18:21:27+00:00\",\"inLanguage\":\"pt-BR\",\"potentialAction\":[{\"@type\":\"ReadAction\",\"target\":[\"https:\/\/www.manaus.am.gov.br\/semsa\/solicitacao-de-abertura-ou-encerramento-de-livro-manual\/\"]}]},{\"@type\":\"WebSite\",\"@id\":\"https:\/\/www.manaus.am.gov.br\/semsa\/#website\",\"url\":\"https:\/\/www.manaus.am.gov.br\/semsa\/\",\"name\":\"SEMSA\",\"description\":\"Secretaria Municipal de Sa\u00fade\",\"alternateName\":\"Secretaria Municipal de Sa\u00fade\",\"potentialAction\":[{\"@type\":\"SearchAction\",\"target\":{\"@type\":\"EntryPoint\",\"urlTemplate\":\"https:\/\/www.manaus.am.gov.br\/semsa\/?s={search_term_string}\"},\"query-input\":\"required name=search_term_string\"}],\"inLanguage\":\"pt-BR\"}]}<\/script>\n<!-- \/ Yoast SEO plugin. -->","yoast_head_json":{"title":"Solicita\u00e7\u00e3o de Abertura ou Encerramento de Livro Manual - SEMSA","robots":{"index":"index","follow":"follow","max-snippet":"max-snippet:-1","max-image-preview":"max-image-preview:large","max-video-preview":"max-video-preview:-1"},"canonical":"https:\/\/www.manaus.am.gov.br\/semsa\/solicitacao-de-abertura-ou-encerramento-de-livro-manual\/","og_locale":"pt_BR","og_type":"article","og_title":"Solicita\u00e7\u00e3o de Abertura ou Encerramento de Livro Manual - SEMSA","og_url":"https:\/\/www.manaus.am.gov.br\/semsa\/solicitacao-de-abertura-ou-encerramento-de-livro-manual\/","og_site_name":"SEMSA","og_image":[{"width":966,"height":520,"url":"https:\/\/www.manaus.am.gov.br\/semsa\/wp-content\/uploads\/sites\/8\/2024\/07\/thumb-default-2.png","type":"image\/png"}],"twitter_card":"summary_large_image","twitter_misc":{"Est. reading time":"1 minuto"},"schema":{"@context":"https:\/\/schema.org","@graph":[{"@type":"WebPage","@id":"https:\/\/www.manaus.am.gov.br\/semsa\/solicitacao-de-abertura-ou-encerramento-de-livro-manual\/","url":"https:\/\/www.manaus.am.gov.br\/semsa\/solicitacao-de-abertura-ou-encerramento-de-livro-manual\/","name":"Solicita\u00e7\u00e3o de Abertura ou Encerramento de Livro Manual - SEMSA","isPartOf":{"@id":"https:\/\/www.manaus.am.gov.br\/semsa\/#website"},"datePublished":"2023-01-27T18:21:27+00:00","dateModified":"2023-01-27T18:21:27+00:00","inLanguage":"pt-BR","potentialAction":[{"@type":"ReadAction","target":["https:\/\/www.manaus.am.gov.br\/semsa\/solicitacao-de-abertura-ou-encerramento-de-livro-manual\/"]}]},{"@type":"WebSite","@id":"https:\/\/www.manaus.am.gov.br\/semsa\/#website","url":"https:\/\/www.manaus.am.gov.br\/semsa\/","name":"SEMSA","description":"Secretaria Municipal de Sa\u00fade","alternateName":"Secretaria Municipal de Sa\u00fade","potentialAction":[{"@type":"SearchAction","target":{"@type":"EntryPoint","urlTemplate":"https:\/\/www.manaus.am.gov.br\/semsa\/?s={search_term_string}"},"query-input":"required name=search_term_string"}],"inLanguage":"pt-BR"}]}},"_links":{"self":[{"href":"https:\/\/www.manaus.am.gov.br\/semsa\/wp-json\/wp\/v2\/pages\/210240"}],"collection":[{"href":"https:\/\/www.manaus.am.gov.br\/semsa\/wp-json\/wp\/v2\/pages"}],"about":[{"href":"https:\/\/www.manaus.am.gov.br\/semsa\/wp-json\/wp\/v2\/types\/page"}],"author":[{"embeddable":true,"href":"https:\/\/www.manaus.am.gov.br\/semsa\/wp-json\/wp\/v2\/users\/27"}],"replies":[{"embeddable":true,"href":"https:\/\/www.manaus.am.gov.br\/semsa\/wp-json\/wp\/v2\/comments?post=210240"}],"version-history":[{"count":1,"href":"https:\/\/www.manaus.am.gov.br\/semsa\/wp-json\/wp\/v2\/pages\/210240\/revisions"}],"predecessor-version":[{"id":210243,"href":"https:\/\/www.manaus.am.gov.br\/semsa\/wp-json\/wp\/v2\/pages\/210240\/revisions\/210243"}],"wp:attachment":[{"href":"https:\/\/www.manaus.am.gov.br\/semsa\/wp-json\/wp\/v2\/media?parent=210240"}],"curies":[{"name":"wp","href":"https:\/\/api.w.org\/{rel}","templated":true}]}}