{"id":210186,"date":"2023-01-26T10:42:43","date_gmt":"2023-01-26T14:42:43","guid":{"rendered":"https:\/\/www.manaus.am.gov.br\/semsa\/?page_id=210186"},"modified":"2023-01-26T10:43:14","modified_gmt":"2023-01-26T14:43:14","slug":"saude-e-meio-ambiente","status":"publish","type":"page","link":"https:\/\/www.manaus.am.gov.br\/semsa\/promocao-da-saude\/saude-e-meio-ambiente\/","title":{"rendered":"Sa\u00fade e meio ambiente"},"content":{"rendered":"\n<h2 class=\"wp-block-heading\">Conceito e interrela\u00e7\u00f5es<\/h2>\n\n\n\n<p>\u201c<strong>Sa\u00fade ambiental<\/strong>&nbsp;s\u00e3o todos aqueles aspectos da sa\u00fade humana, incluindo a qualidade de vida, que est\u00e3o determinados por fatores f\u00edsicos, qu\u00edmicos, biol\u00f3gicos, sociais e psicol\u00f3gicos no meio ambiente. Tamb\u00e9m se refere \u00e0 teoria e pr\u00e1tica de valorar, corrigir, controlar e evitar aqueles fatores do meio ambiente que, potencialmente, possam prejudicar a sa\u00fade de gera\u00e7\u00f5es atuais e futuras\u201d (OMS, 1993).<\/p>\n\n\n\n<p>Podemos dizer que a rela\u00e7\u00e3o sa\u00fade e meio ambiente \u00e9 indissoci\u00e1vel, ou seja, as quest\u00f5es ambientais s\u00e3o parte integrante da sa\u00fade. Para compreendermos esta rela\u00e7\u00e3o homem-meio \u00e9 importante dizer que eles est\u00e3o em constante intera\u00e7\u00e3o.<\/p>\n\n\n\n<h2 class=\"wp-block-heading\">Impactos ambientais e prejuizos para a sa\u00fade<\/h2>\n\n\n\n<p><strong>Polui\u00e7\u00e3o do ar: queimadas<\/strong><br>A pr\u00e1tica de queimadas vem de longa data, pois o homem sempre a usou como forma de \u201climpeza do meio ambiente\u201d sem se preocupar, ou at\u00e9 mesmo, por desconhecimento sobre as consequ\u00eancias desta pr\u00e1tica para o meio e para o homem.<\/p>\n\n\n\n<p>Preju\u00edzos para sa\u00fade:<\/p>\n\n\n\n<ul>\n<li>Problemas respirat\u00f3rios;<\/li>\n\n\n\n<li>Irrita\u00e7\u00e3o nos olhos e garganta.<\/li>\n<\/ul>\n\n\n\n<p><strong>Descarte irregular de res\u00edduos:alagamentos e inunda\u00e7\u00f5es<\/strong><br>O descarte inadequado do lixo \u00e9 uma das principais causas de\u00a0<a href=\"https:\/\/pensamentoverde.com.br\/atitude\/inundacoes-nao-jogue-o-lixo-na-rua\/\">alagamentos e inunda\u00e7\u00f5es<\/a>\u00a0nas grandes cidades. Isso porque res\u00edduos s\u00f3lidos jogados em vias p\u00fablicas e em cursos d\u2019\u00e1gua (canais, c\u00f3rregos, rios) impedem o escoamento r\u00e1pido das \u00e1guas.<\/p>\n\n\n\n<p>Preju\u00edzos para sa\u00fade:<\/p>\n\n\n\n<ul>\n<li>Leptospirose;<\/li>\n\n\n\n<li>Diarreia.<\/li>\n<\/ul>\n\n\n\n<p><strong>Descarte irregular de res\u00edduos: prolifera\u00e7\u00e3o de doen\u00e7as endemias<\/strong><br>O ac\u00famulo de res\u00edduo em terrenos ou descarte de modo inadequado podem gerar a prolifera\u00e7\u00e3o de pragas e mosquitos colocando em risco a sa\u00fade das pessoas. Podemos citar como exemplo, as lixeiras viciadas, onde o lixo \u00e9 descartado em local impr\u00f3prio.<\/p>\n\n\n\n<p>Preju\u00edzos a sa\u00fade:<\/p>\n\n\n\n<ul>\n<li>Dengue;<\/li>\n\n\n\n<li>Chikungunya;<\/li>\n\n\n\n<li>Zika.<\/li>\n<\/ul>\n","protected":false},"excerpt":{"rendered":"","protected":false},"author":27,"featured_media":0,"parent":207621,"menu_order":0,"comment_status":"closed","ping_status":"closed","template":"","meta":{"footnotes":""},"acf":[],"yoast_head":"<!-- This site is optimized with the Yoast SEO plugin v23.0 - https:\/\/yoast.com\/wordpress\/plugins\/seo\/ -->\n<title>Sa\u00fade e meio ambiente - SEMSA<\/title>\n<meta name=\"robots\" content=\"index, follow, max-snippet:-1, max-image-preview:large, max-video-preview:-1\" \/>\n<link rel=\"canonical\" href=\"https:\/\/www.manaus.am.gov.br\/semsa\/promocao-da-saude\/saude-e-meio-ambiente\/\" \/>\n<meta property=\"og:locale\" content=\"pt_BR\" \/>\n<meta property=\"og:type\" content=\"article\" \/>\n<meta property=\"og:title\" content=\"Sa\u00fade e meio ambiente - SEMSA\" \/>\n<meta property=\"og:url\" content=\"https:\/\/www.manaus.am.gov.br\/semsa\/promocao-da-saude\/saude-e-meio-ambiente\/\" \/>\n<meta property=\"og:site_name\" content=\"SEMSA\" \/>\n<meta property=\"article:modified_time\" content=\"2023-01-26T14:43:14+00:00\" \/>\n<meta property=\"og:image\" content=\"https:\/\/www.manaus.am.gov.br\/semsa\/wp-content\/uploads\/sites\/8\/2024\/07\/thumb-default-2.png\" \/>\n\t<meta property=\"og:image:width\" content=\"966\" \/>\n\t<meta property=\"og:image:height\" content=\"520\" \/>\n\t<meta property=\"og:image:type\" content=\"image\/png\" \/>\n<meta name=\"twitter:card\" content=\"summary_large_image\" \/>\n<meta name=\"twitter:label1\" content=\"Est. reading time\" \/>\n\t<meta name=\"twitter:data1\" content=\"2 minutos\" \/>\n<script type=\"application\/ld+json\" class=\"yoast-schema-graph\">{\"@context\":\"https:\/\/schema.org\",\"@graph\":[{\"@type\":\"WebPage\",\"@id\":\"https:\/\/www.manaus.am.gov.br\/semsa\/promocao-da-saude\/saude-e-meio-ambiente\/\",\"url\":\"https:\/\/www.manaus.am.gov.br\/semsa\/promocao-da-saude\/saude-e-meio-ambiente\/\",\"name\":\"Sa\u00fade e meio ambiente - SEMSA\",\"isPartOf\":{\"@id\":\"https:\/\/www.manaus.am.gov.br\/semsa\/#website\"},\"datePublished\":\"2023-01-26T14:42:43+00:00\",\"dateModified\":\"2023-01-26T14:43:14+00:00\",\"breadcrumb\":{\"@id\":\"https:\/\/www.manaus.am.gov.br\/semsa\/promocao-da-saude\/saude-e-meio-ambiente\/#breadcrumb\"},\"inLanguage\":\"pt-BR\",\"potentialAction\":[{\"@type\":\"ReadAction\",\"target\":[\"https:\/\/www.manaus.am.gov.br\/semsa\/promocao-da-saude\/saude-e-meio-ambiente\/\"]}]},{\"@type\":\"BreadcrumbList\",\"@id\":\"https:\/\/www.manaus.am.gov.br\/semsa\/promocao-da-saude\/saude-e-meio-ambiente\/#breadcrumb\",\"itemListElement\":[{\"@type\":\"ListItem\",\"position\":1,\"name\":\"Promo\u00e7\u00e3o da Sa\u00fade\",\"item\":\"https:\/\/www.manaus.am.gov.br\/semsa\/promocao-da-saude\/\"},{\"@type\":\"ListItem\",\"position\":2,\"name\":\"Sa\u00fade e meio ambiente\"}]},{\"@type\":\"WebSite\",\"@id\":\"https:\/\/www.manaus.am.gov.br\/semsa\/#website\",\"url\":\"https:\/\/www.manaus.am.gov.br\/semsa\/\",\"name\":\"SEMSA\",\"description\":\"Secretaria Municipal de Sa\u00fade\",\"alternateName\":\"Secretaria Municipal de Sa\u00fade\",\"potentialAction\":[{\"@type\":\"SearchAction\",\"target\":{\"@type\":\"EntryPoint\",\"urlTemplate\":\"https:\/\/www.manaus.am.gov.br\/semsa\/?s={search_term_string}\"},\"query-input\":\"required name=search_term_string\"}],\"inLanguage\":\"pt-BR\"}]}<\/script>\n<!-- \/ Yoast SEO plugin. -->","yoast_head_json":{"title":"Sa\u00fade e meio ambiente - SEMSA","robots":{"index":"index","follow":"follow","max-snippet":"max-snippet:-1","max-image-preview":"max-image-preview:large","max-video-preview":"max-video-preview:-1"},"canonical":"https:\/\/www.manaus.am.gov.br\/semsa\/promocao-da-saude\/saude-e-meio-ambiente\/","og_locale":"pt_BR","og_type":"article","og_title":"Sa\u00fade e meio ambiente - SEMSA","og_url":"https:\/\/www.manaus.am.gov.br\/semsa\/promocao-da-saude\/saude-e-meio-ambiente\/","og_site_name":"SEMSA","article_modified_time":"2023-01-26T14:43:14+00:00","og_image":[{"width":966,"height":520,"url":"https:\/\/www.manaus.am.gov.br\/semsa\/wp-content\/uploads\/sites\/8\/2024\/07\/thumb-default-2.png","type":"image\/png"}],"twitter_card":"summary_large_image","twitter_misc":{"Est. reading time":"2 minutos"},"schema":{"@context":"https:\/\/schema.org","@graph":[{"@type":"WebPage","@id":"https:\/\/www.manaus.am.gov.br\/semsa\/promocao-da-saude\/saude-e-meio-ambiente\/","url":"https:\/\/www.manaus.am.gov.br\/semsa\/promocao-da-saude\/saude-e-meio-ambiente\/","name":"Sa\u00fade e meio ambiente - SEMSA","isPartOf":{"@id":"https:\/\/www.manaus.am.gov.br\/semsa\/#website"},"datePublished":"2023-01-26T14:42:43+00:00","dateModified":"2023-01-26T14:43:14+00:00","breadcrumb":{"@id":"https:\/\/www.manaus.am.gov.br\/semsa\/promocao-da-saude\/saude-e-meio-ambiente\/#breadcrumb"},"inLanguage":"pt-BR","potentialAction":[{"@type":"ReadAction","target":["https:\/\/www.manaus.am.gov.br\/semsa\/promocao-da-saude\/saude-e-meio-ambiente\/"]}]},{"@type":"BreadcrumbList","@id":"https:\/\/www.manaus.am.gov.br\/semsa\/promocao-da-saude\/saude-e-meio-ambiente\/#breadcrumb","itemListElement":[{"@type":"ListItem","position":1,"name":"Promo\u00e7\u00e3o da Sa\u00fade","item":"https:\/\/www.manaus.am.gov.br\/semsa\/promocao-da-saude\/"},{"@type":"ListItem","position":2,"name":"Sa\u00fade e meio ambiente"}]},{"@type":"WebSite","@id":"https:\/\/www.manaus.am.gov.br\/semsa\/#website","url":"https:\/\/www.manaus.am.gov.br\/semsa\/","name":"SEMSA","description":"Secretaria Municipal de Sa\u00fade","alternateName":"Secretaria Municipal de Sa\u00fade","potentialAction":[{"@type":"SearchAction","target":{"@type":"EntryPoint","urlTemplate":"https:\/\/www.manaus.am.gov.br\/semsa\/?s={search_term_string}"},"query-input":"required name=search_term_string"}],"inLanguage":"pt-BR"}]}},"_links":{"self":[{"href":"https:\/\/www.manaus.am.gov.br\/semsa\/wp-json\/wp\/v2\/pages\/210186"}],"collection":[{"href":"https:\/\/www.manaus.am.gov.br\/semsa\/wp-json\/wp\/v2\/pages"}],"about":[{"href":"https:\/\/www.manaus.am.gov.br\/semsa\/wp-json\/wp\/v2\/types\/page"}],"author":[{"embeddable":true,"href":"https:\/\/www.manaus.am.gov.br\/semsa\/wp-json\/wp\/v2\/users\/27"}],"replies":[{"embeddable":true,"href":"https:\/\/www.manaus.am.gov.br\/semsa\/wp-json\/wp\/v2\/comments?post=210186"}],"version-history":[{"count":1,"href":"https:\/\/www.manaus.am.gov.br\/semsa\/wp-json\/wp\/v2\/pages\/210186\/revisions"}],"predecessor-version":[{"id":210187,"href":"https:\/\/www.manaus.am.gov.br\/semsa\/wp-json\/wp\/v2\/pages\/210186\/revisions\/210187"}],"up":[{"embeddable":true,"href":"https:\/\/www.manaus.am.gov.br\/semsa\/wp-json\/wp\/v2\/pages\/207621"}],"wp:attachment":[{"href":"https:\/\/www.manaus.am.gov.br\/semsa\/wp-json\/wp\/v2\/media?parent=210186"}],"curies":[{"name":"wp","href":"https:\/\/api.w.org\/{rel}","templated":true}]}}